{"id":5386,"date":"2025-02-05T12:46:37","date_gmt":"2025-02-05T11:46:37","guid":{"rendered":"https:\/\/lechappeeclose.it\/produit\/le-foie-gras-dix-facons-de-le-preparer\/"},"modified":"2026-02-04T17:12:00","modified_gmt":"2026-02-04T16:12:00","slug":"le-foie-gras-dix-facons-de-le-preparer","status":"publish","type":"product","link":"http:\/\/lechappeeclose.it\/it\/boutique\/livres\/arts\/art-culinaire\/le-foie-gras-dix-facons-de-le-preparer\/","title":{"rendered":"Le Foie Gras &#8211; dix fa\u00e7ons de le pr\u00e9parer"},"content":{"rendered":"<p>C\u2019est en 1780, en Alsace, que le p\u00e2tissier Jean-Pierre Clause, charg\u00e9 de la bouche du marquis de Contades, inventa un p\u00e2t\u00e9 en cro\u00fbte de chair et de foie gras qui provoqua l\u2019enthousiasme de Louis XVI. Les P\u00e9rigourdins, en une sympathique guerre de fourchettes, r\u00e9pliqu\u00e8rent par une version propre qui contenait des truffes en abondance et fut vite divulgu\u00e9e par les p\u00e2tissiers de la r\u00e9gion.Si les premiers pas de l\u2019histoire du foie gras sont domin\u00e9s par l\u2019oie, il faudra attendre le d\u00e9but du XX e si\u00e8cle pour voir timidement appara\u00eetre un volatile qui va bouleverser le destin du foie gras : le canard. Pour des raisons \u00e9conomiques et pratiques, il s\u2019av\u00e9ra \u00eatre l\u2019instigateur de sa grande entr\u00e9e en soci\u00e9t\u00e9 : le luxe de plus en plus accessible au grand public\u2026Les dix recettes-\tTerrine mi-cuite simplissime-\tLobe de foie gras mi-cuit aux orties-\tEscalopes de foie gras saut\u00e9es au confit d\u2019oignons-\tRisotto de foie gras-\tFlans de foie gras-\tCroustades de foie gras aux morilles-\tCr\u00e8me de foie gras aux hu\u00eetres-\tCappuccino de foie gras et de truffe-\tEscalopes de foie gras en feuilles de figuier-\tBiscuit glac\u00e9 de foie gras et de pain d\u2019\u00e9pices<\/p>","protected":false},"excerpt":{"rendered":"<p>C\u2019est en 1780, en Alsace, que le p\u00e2tissier Jean-Pierre Clause, charg\u00e9 de la bouche du marquis de Contades, inventa un p\u00e2t\u00e9 en cro\u00fbte de chair et de foie gras qui provoqua l\u2019enthousiasme de Louis XVI. Les P\u00e9rigourdins, en une sympathique guerre de fourchettes, r\u00e9pliqu\u00e8rent par une version propre qui contenait des truffes en abondance et [&hellip;]<\/p>","protected":false},"featured_media":5385,"comment_status":"open","ping_status":"closed","template":"","meta":[],"product_brand":[],"product_cat":[44],"product_tag":[],"class_list":{"0":"post-5386","1":"product","2":"type-product","3":"status-publish","4":"has-post-thumbnail","6":"product_cat-art-culinaire","8":"first","9":"instock","10":"taxable","11":"shipping-taxable","12":"purchasable","13":"product-type-simple"},"yoast_head":"<!-- This site is optimized with the Yoast SEO plugin v27.4 - https:\/\/yoast.com\/product\/yoast-seo-wordpress\/ -->\n<title>Le Foie Gras - dix fa\u00e7ons de le pr\u00e9parer - l&#039;\u00e9chapp\u00e9e close<\/title>\n<meta name=\"robots\" content=\"index, follow, max-snippet:-1, max-image-preview:large, max-video-preview:-1\" \/>\n<link rel=\"canonical\" href=\"http:\/\/lechappeeclose.it\/it\/boutique\/livres\/arts\/art-culinaire\/le-foie-gras-dix-facons-de-le-preparer\/\" \/>\n<meta property=\"og:locale\" content=\"it_IT\" \/>\n<meta property=\"og:type\" content=\"article\" \/>\n<meta property=\"og:title\" content=\"Le Foie Gras - dix fa\u00e7ons de le pr\u00e9parer - l&#039;\u00e9chapp\u00e9e close\" \/>\n<meta property=\"og:description\" content=\"C\u2019est en 1780, en Alsace, que le p\u00e2tissier Jean-Pierre Clause, charg\u00e9 de la bouche du marquis de Contades, inventa un p\u00e2t\u00e9 en cro\u00fbte de chair et de foie gras qui provoqua l\u2019enthousiasme de Louis XVI. Les P\u00e9rigourdins, en une sympathique guerre de fourchettes, r\u00e9pliqu\u00e8rent par une version propre qui contenait des truffes en abondance et [&hellip;]\" \/>\n<meta property=\"og:url\" content=\"http:\/\/lechappeeclose.it\/it\/boutique\/livres\/arts\/art-culinaire\/le-foie-gras-dix-facons-de-le-preparer\/\" \/>\n<meta property=\"og:site_name\" content=\"l&#039;\u00e9chapp\u00e9e close\" \/>\n<meta property=\"article:modified_time\" content=\"2026-02-04T16:12:00+00:00\" \/>\n<meta property=\"og:image\" content=\"http:\/\/lechappeeclose.it\/wp-content\/uploads\/2025\/02\/Le-Foie-Gras-dix-facons-de-le-preparer.jpg\" \/>\n\t<meta property=\"og:image:width\" content=\"250\" \/>\n\t<meta property=\"og:image:height\" content=\"445\" \/>\n\t<meta property=\"og:image:type\" content=\"image\/jpeg\" \/>\n<meta name=\"twitter:card\" content=\"summary_large_image\" \/>\n<meta name=\"twitter:label1\" content=\"Tempo di lettura stimato\" \/>\n\t<meta name=\"twitter:data1\" content=\"1 minuto\" \/>\n<script type=\"application\/ld+json\" class=\"yoast-schema-graph\">{\"@context\":\"https:\\\/\\\/schema.org\",\"@graph\":[{\"@type\":\"WebPage\",\"@id\":\"http:\\\/\\\/lechappeeclose.it\\\/boutique\\\/livres\\\/arts\\\/art-culinaire\\\/le-foie-gras-dix-facons-de-le-preparer\\\/\",\"url\":\"http:\\\/\\\/lechappeeclose.it\\\/boutique\\\/livres\\\/arts\\\/art-culinaire\\\/le-foie-gras-dix-facons-de-le-preparer\\\/\",\"name\":\"Le Foie Gras - dix fa\u00e7ons de le pr\u00e9parer - l&#039;\u00e9chapp\u00e9e close\",\"isPartOf\":{\"@id\":\"http:\\\/\\\/lechappeeclose.it\\\/#website\"},\"primaryImageOfPage\":{\"@id\":\"http:\\\/\\\/lechappeeclose.it\\\/boutique\\\/livres\\\/arts\\\/art-culinaire\\\/le-foie-gras-dix-facons-de-le-preparer\\\/#primaryimage\"},\"image\":{\"@id\":\"http:\\\/\\\/lechappeeclose.it\\\/boutique\\\/livres\\\/arts\\\/art-culinaire\\\/le-foie-gras-dix-facons-de-le-preparer\\\/#primaryimage\"},\"thumbnailUrl\":\"http:\\\/\\\/lechappeeclose.it\\\/wp-content\\\/uploads\\\/2025\\\/02\\\/Le-Foie-Gras-dix-facons-de-le-preparer.jpg\",\"datePublished\":\"2025-02-05T11:46:37+00:00\",\"dateModified\":\"2026-02-04T16:12:00+00:00\",\"breadcrumb\":{\"@id\":\"http:\\\/\\\/lechappeeclose.it\\\/boutique\\\/livres\\\/arts\\\/art-culinaire\\\/le-foie-gras-dix-facons-de-le-preparer\\\/#breadcrumb\"},\"inLanguage\":\"it-IT\",\"potentialAction\":[{\"@type\":\"ReadAction\",\"target\":[\"http:\\\/\\\/lechappeeclose.it\\\/boutique\\\/livres\\\/arts\\\/art-culinaire\\\/le-foie-gras-dix-facons-de-le-preparer\\\/\"]}]},{\"@type\":\"ImageObject\",\"inLanguage\":\"it-IT\",\"@id\":\"http:\\\/\\\/lechappeeclose.it\\\/boutique\\\/livres\\\/arts\\\/art-culinaire\\\/le-foie-gras-dix-facons-de-le-preparer\\\/#primaryimage\",\"url\":\"http:\\\/\\\/lechappeeclose.it\\\/wp-content\\\/uploads\\\/2025\\\/02\\\/Le-Foie-Gras-dix-facons-de-le-preparer.jpg\",\"contentUrl\":\"http:\\\/\\\/lechappeeclose.it\\\/wp-content\\\/uploads\\\/2025\\\/02\\\/Le-Foie-Gras-dix-facons-de-le-preparer.jpg\",\"width\":250,\"height\":445},{\"@type\":\"BreadcrumbList\",\"@id\":\"http:\\\/\\\/lechappeeclose.it\\\/boutique\\\/livres\\\/arts\\\/art-culinaire\\\/le-foie-gras-dix-facons-de-le-preparer\\\/#breadcrumb\",\"itemListElement\":[{\"@type\":\"ListItem\",\"position\":1,\"name\":\"Accueil\",\"item\":\"http:\\\/\\\/lechappeeclose.it\\\/\"},{\"@type\":\"ListItem\",\"position\":2,\"name\":\"Boutique\",\"item\":\"http:\\\/\\\/lechappeeclose.it\\\/it\\\/boutique\\\/\"},{\"@type\":\"ListItem\",\"position\":3,\"name\":\"Le Foie Gras &#8211; dix fa\u00e7ons de le pr\u00e9parer\"}]},{\"@type\":\"WebSite\",\"@id\":\"http:\\\/\\\/lechappeeclose.it\\\/#website\",\"url\":\"http:\\\/\\\/lechappeeclose.it\\\/\",\"name\":\"l&#039;\u00e9chapp\u00e9e close\",\"description\":\"la librairie fran\u00e7aise de Milan\",\"publisher\":{\"@id\":\"http:\\\/\\\/lechappeeclose.it\\\/#organization\"},\"alternateName\":\"La librairie fran\u00e7aise de Milan\",\"potentialAction\":[{\"@type\":\"SearchAction\",\"target\":{\"@type\":\"EntryPoint\",\"urlTemplate\":\"http:\\\/\\\/lechappeeclose.it\\\/?s={search_term_string}\"},\"query-input\":{\"@type\":\"PropertyValueSpecification\",\"valueRequired\":true,\"valueName\":\"search_term_string\"}}],\"inLanguage\":\"it-IT\"},{\"@type\":\"Organization\",\"@id\":\"http:\\\/\\\/lechappeeclose.it\\\/#organization\",\"name\":\"l&#039;\u00e9chapp\u00e9e close\",\"url\":\"http:\\\/\\\/lechappeeclose.it\\\/\",\"logo\":{\"@type\":\"ImageObject\",\"inLanguage\":\"it-IT\",\"@id\":\"http:\\\/\\\/lechappeeclose.it\\\/#\\\/schema\\\/logo\\\/image\\\/\",\"url\":\"http:\\\/\\\/lechappeeclose.it\\\/wp-content\\\/uploads\\\/2025\\\/02\\\/cropped-logo-rond.png\",\"contentUrl\":\"http:\\\/\\\/lechappeeclose.it\\\/wp-content\\\/uploads\\\/2025\\\/02\\\/cropped-logo-rond.png\",\"width\":1080,\"height\":1080,\"caption\":\"l&#039;\u00e9chapp\u00e9e close\"},\"image\":{\"@id\":\"http:\\\/\\\/lechappeeclose.it\\\/#\\\/schema\\\/logo\\\/image\\\/\"},\"sameAs\":[\"https:\\\/\\\/www.instagram.com\\\/lechappeeclose\\\/\"]}]}<\/script>\n<!-- \/ Yoast SEO plugin. -->","yoast_head_json":{"title":"Le Foie Gras - dix fa\u00e7ons de le pr\u00e9parer - l&#039;\u00e9chapp\u00e9e close","robots":{"index":"index","follow":"follow","max-snippet":"max-snippet:-1","max-image-preview":"max-image-preview:large","max-video-preview":"max-video-preview:-1"},"canonical":"http:\/\/lechappeeclose.it\/it\/boutique\/livres\/arts\/art-culinaire\/le-foie-gras-dix-facons-de-le-preparer\/","og_locale":"it_IT","og_type":"article","og_title":"Le Foie Gras - dix fa\u00e7ons de le pr\u00e9parer - l&#039;\u00e9chapp\u00e9e close","og_description":"C\u2019est en 1780, en Alsace, que le p\u00e2tissier Jean-Pierre Clause, charg\u00e9 de la bouche du marquis de Contades, inventa un p\u00e2t\u00e9 en cro\u00fbte de chair et de foie gras qui provoqua l\u2019enthousiasme de Louis XVI. Les P\u00e9rigourdins, en une sympathique guerre de fourchettes, r\u00e9pliqu\u00e8rent par une version propre qui contenait des truffes en abondance et [&hellip;]","og_url":"http:\/\/lechappeeclose.it\/it\/boutique\/livres\/arts\/art-culinaire\/le-foie-gras-dix-facons-de-le-preparer\/","og_site_name":"l&#039;\u00e9chapp\u00e9e close","article_modified_time":"2026-02-04T16:12:00+00:00","og_image":[{"width":250,"height":445,"url":"http:\/\/lechappeeclose.it\/wp-content\/uploads\/2025\/02\/Le-Foie-Gras-dix-facons-de-le-preparer.jpg","type":"image\/jpeg"}],"twitter_card":"summary_large_image","twitter_misc":{"Tempo di lettura stimato":"1 minuto"},"schema":{"@context":"https:\/\/schema.org","@graph":[{"@type":"WebPage","@id":"http:\/\/lechappeeclose.it\/boutique\/livres\/arts\/art-culinaire\/le-foie-gras-dix-facons-de-le-preparer\/","url":"http:\/\/lechappeeclose.it\/boutique\/livres\/arts\/art-culinaire\/le-foie-gras-dix-facons-de-le-preparer\/","name":"Le Foie Gras - dix fa\u00e7ons de le pr\u00e9parer - l&#039;\u00e9chapp\u00e9e close","isPartOf":{"@id":"http:\/\/lechappeeclose.it\/#website"},"primaryImageOfPage":{"@id":"http:\/\/lechappeeclose.it\/boutique\/livres\/arts\/art-culinaire\/le-foie-gras-dix-facons-de-le-preparer\/#primaryimage"},"image":{"@id":"http:\/\/lechappeeclose.it\/boutique\/livres\/arts\/art-culinaire\/le-foie-gras-dix-facons-de-le-preparer\/#primaryimage"},"thumbnailUrl":"http:\/\/lechappeeclose.it\/wp-content\/uploads\/2025\/02\/Le-Foie-Gras-dix-facons-de-le-preparer.jpg","datePublished":"2025-02-05T11:46:37+00:00","dateModified":"2026-02-04T16:12:00+00:00","breadcrumb":{"@id":"http:\/\/lechappeeclose.it\/boutique\/livres\/arts\/art-culinaire\/le-foie-gras-dix-facons-de-le-preparer\/#breadcrumb"},"inLanguage":"it-IT","potentialAction":[{"@type":"ReadAction","target":["http:\/\/lechappeeclose.it\/boutique\/livres\/arts\/art-culinaire\/le-foie-gras-dix-facons-de-le-preparer\/"]}]},{"@type":"ImageObject","inLanguage":"it-IT","@id":"http:\/\/lechappeeclose.it\/boutique\/livres\/arts\/art-culinaire\/le-foie-gras-dix-facons-de-le-preparer\/#primaryimage","url":"http:\/\/lechappeeclose.it\/wp-content\/uploads\/2025\/02\/Le-Foie-Gras-dix-facons-de-le-preparer.jpg","contentUrl":"http:\/\/lechappeeclose.it\/wp-content\/uploads\/2025\/02\/Le-Foie-Gras-dix-facons-de-le-preparer.jpg","width":250,"height":445},{"@type":"BreadcrumbList","@id":"http:\/\/lechappeeclose.it\/boutique\/livres\/arts\/art-culinaire\/le-foie-gras-dix-facons-de-le-preparer\/#breadcrumb","itemListElement":[{"@type":"ListItem","position":1,"name":"Accueil","item":"http:\/\/lechappeeclose.it\/"},{"@type":"ListItem","position":2,"name":"Boutique","item":"http:\/\/lechappeeclose.it\/it\/boutique\/"},{"@type":"ListItem","position":3,"name":"Le Foie Gras &#8211; dix fa\u00e7ons de le pr\u00e9parer"}]},{"@type":"WebSite","@id":"http:\/\/lechappeeclose.it\/#website","url":"http:\/\/lechappeeclose.it\/","name":"l&#039;\u00e9chapp\u00e9e close","description":"La libreria francese di Milano","publisher":{"@id":"http:\/\/lechappeeclose.it\/#organization"},"alternateName":"La librairie fran\u00e7aise de Milan","potentialAction":[{"@type":"SearchAction","target":{"@type":"EntryPoint","urlTemplate":"http:\/\/lechappeeclose.it\/?s={search_term_string}"},"query-input":{"@type":"PropertyValueSpecification","valueRequired":true,"valueName":"search_term_string"}}],"inLanguage":"it-IT"},{"@type":"Organization","@id":"http:\/\/lechappeeclose.it\/#organization","name":"l&#039;\u00e9chapp\u00e9e close","url":"http:\/\/lechappeeclose.it\/","logo":{"@type":"ImageObject","inLanguage":"it-IT","@id":"http:\/\/lechappeeclose.it\/#\/schema\/logo\/image\/","url":"http:\/\/lechappeeclose.it\/wp-content\/uploads\/2025\/02\/cropped-logo-rond.png","contentUrl":"http:\/\/lechappeeclose.it\/wp-content\/uploads\/2025\/02\/cropped-logo-rond.png","width":1080,"height":1080,"caption":"l&#039;\u00e9chapp\u00e9e close"},"image":{"@id":"http:\/\/lechappeeclose.it\/#\/schema\/logo\/image\/"},"sameAs":["https:\/\/www.instagram.com\/lechappeeclose\/"]}]}},"_links":{"self":[{"href":"http:\/\/lechappeeclose.it\/it\/wp-json\/wp\/v2\/product\/5386","targetHints":{"allow":["GET"]}}],"collection":[{"href":"http:\/\/lechappeeclose.it\/it\/wp-json\/wp\/v2\/product"}],"about":[{"href":"http:\/\/lechappeeclose.it\/it\/wp-json\/wp\/v2\/types\/product"}],"replies":[{"embeddable":true,"href":"http:\/\/lechappeeclose.it\/it\/wp-json\/wp\/v2\/comments?post=5386"}],"wp:featuredmedia":[{"embeddable":true,"href":"http:\/\/lechappeeclose.it\/it\/wp-json\/wp\/v2\/media\/5385"}],"wp:attachment":[{"href":"http:\/\/lechappeeclose.it\/it\/wp-json\/wp\/v2\/media?parent=5386"}],"wp:term":[{"taxonomy":"product_brand","embeddable":true,"href":"http:\/\/lechappeeclose.it\/it\/wp-json\/wp\/v2\/product_brand?post=5386"},{"taxonomy":"product_cat","embeddable":true,"href":"http:\/\/lechappeeclose.it\/it\/wp-json\/wp\/v2\/product_cat?post=5386"},{"taxonomy":"product_tag","embeddable":true,"href":"http:\/\/lechappeeclose.it\/it\/wp-json\/wp\/v2\/product_tag?post=5386"}],"curies":[{"name":"wp","href":"https:\/\/api.w.org\/{rel}","templated":true}]}}