{"id":5372,"date":"2025-02-05T12:42:16","date_gmt":"2025-02-05T11:42:16","guid":{"rendered":"https:\/\/lechappeeclose.it\/produit\/le-vin-en-cent-poemes\/"},"modified":"2026-01-30T14:04:59","modified_gmt":"2026-01-30T13:04:59","slug":"le-vin-en-cent-poemes","status":"publish","type":"product","link":"http:\/\/lechappeeclose.it\/it\/boutique\/livres\/arts\/art-culinaire\/le-vin-en-cent-poemes\/","title":{"rendered":"Le Vin en cent po\u00e8mes"},"content":{"rendered":"<p>Donn\u00e9 par les dieux aux hommes, le vin a inspir\u00e9 des chefs-d&#8217;oeuvre partout \u00e0 travers le monde, de la Rome antique \u00e0 la Perse, de l&#8217;Angleterre au Chili, sans oublier la France \u00e9ternelle&#8230; Depuis la haute antiquit\u00e9, toutes les civilisations ont chant\u00e9 ses louanges, lui qui, par excellence, est le breuvage que les dieux ont r\u00e9serv\u00e9 aux hommes&#8230;&#8221; C&#8217;est un corps vivant o\u00f9 se tiennent en \u00e9quilibre les &#8220;esprits&#8217; les plus divers, les esprits volants et les esprits pond\u00e9r\u00e9s, conjonction d&#8217;un ciel et d&#8217;un terroir &#8220;, nous dit Gaston Bachelard. Et s&#8217;il se conjugue \u00e0 merveille avec l&#8217;amour et la po\u00e9sie, s&#8217;il est synonyme de gaiet\u00e9 et de convivialit\u00e9, c&#8217;est un ami qui peut se r\u00e9v\u00e9ler tra\u00eetre. &#8221; Le vin est semblable \u00e0 l&#8217;homme : on ne saura jamais jusqu&#8217;\u00e0 quel point on peut l&#8217;estimer et le m\u00e9priser, l&#8217;aimer et le ha\u00efr, ni de com bien d&#8217;actions sublimes ou de forfaits monstrueux il est capable &#8221; (Charles Baudelaire)&#8230;Les po\u00e8tes comme Colette, Lamartine, Alphonse Daudet, Anacr\u00e9on, Du Bellay, Jean Richepin, Gaston Cout\u00e9 ont chant\u00e9 le r\u00f4le de la terre et le travail de l&#8217;homme dans l&#8217;\u00e9laboration du vin. Desnos, Rabelais, Shakespeare, Ronsard, Neruda, Moli\u00e8re, Apollinaire en ont c\u00e9l\u00e9br\u00e9 les bienfaits. Mais tous, avec Verlaine, Tchang Kien, Aristide Bruant, Omar Khayy\u00e2m, La Fontaine, Li Po, Ab\u00fb Nuw\u00e2s, Victor Hugo, Yeats, Pr\u00e9vert et quelques autres, ont lou\u00e9 l&#8217;ivresse lib\u00e9ratrice qu&#8217;il apporte \u00e0 celui qui s&#8217;abandonne aux sortil\u00e8ges du nectar.Julia Hung<\/p>","protected":false},"excerpt":{"rendered":"<p>Donn\u00e9 par les dieux aux hommes, le vin a inspir\u00e9 des chefs-d&#8217;oeuvre partout \u00e0 travers le monde, de la Rome antique \u00e0 la Perse, de l&#8217;Angleterre au Chili, sans oublier la France \u00e9ternelle&#8230; Depuis la haute antiquit\u00e9, toutes les civilisations ont chant\u00e9 ses louanges, lui qui, par excellence, est le breuvage que les dieux ont [&hellip;]<\/p>","protected":false},"featured_media":5371,"comment_status":"open","ping_status":"closed","template":"","meta":[],"product_brand":[],"product_cat":[44],"product_tag":[],"class_list":{"0":"post-5372","1":"product","2":"type-product","3":"status-publish","4":"has-post-thumbnail","6":"product_cat-art-culinaire","8":"first","9":"onbackorder","10":"taxable","11":"shipping-taxable","12":"purchasable","13":"product-type-simple"},"yoast_head":"<!-- This site is optimized with the Yoast SEO plugin v27.4 - https:\/\/yoast.com\/product\/yoast-seo-wordpress\/ -->\n<title>Le Vin en cent po\u00e8mes - l&#039;\u00e9chapp\u00e9e close<\/title>\n<meta name=\"robots\" content=\"index, follow, max-snippet:-1, max-image-preview:large, max-video-preview:-1\" \/>\n<link rel=\"canonical\" href=\"http:\/\/lechappeeclose.it\/it\/boutique\/livres\/arts\/art-culinaire\/le-vin-en-cent-poemes\/\" \/>\n<meta property=\"og:locale\" content=\"it_IT\" \/>\n<meta property=\"og:type\" content=\"article\" \/>\n<meta property=\"og:title\" content=\"Le Vin en cent po\u00e8mes - l&#039;\u00e9chapp\u00e9e close\" \/>\n<meta property=\"og:description\" content=\"Donn\u00e9 par les dieux aux hommes, le vin a inspir\u00e9 des chefs-d&#8217;oeuvre partout \u00e0 travers le monde, de la Rome antique \u00e0 la Perse, de l&#8217;Angleterre au Chili, sans oublier la France \u00e9ternelle&#8230; Depuis la haute antiquit\u00e9, toutes les civilisations ont chant\u00e9 ses louanges, lui qui, par excellence, est le breuvage que les dieux ont [&hellip;]\" \/>\n<meta property=\"og:url\" content=\"http:\/\/lechappeeclose.it\/it\/boutique\/livres\/arts\/art-culinaire\/le-vin-en-cent-poemes\/\" \/>\n<meta property=\"og:site_name\" content=\"l&#039;\u00e9chapp\u00e9e close\" \/>\n<meta property=\"article:modified_time\" content=\"2026-01-30T13:04:59+00:00\" \/>\n<meta property=\"og:image\" content=\"http:\/\/lechappeeclose.it\/wp-content\/uploads\/2025\/02\/Le-Vin-en-cent-poemes.jpg\" \/>\n\t<meta property=\"og:image:width\" content=\"375\" \/>\n\t<meta property=\"og:image:height\" content=\"500\" \/>\n\t<meta property=\"og:image:type\" content=\"image\/jpeg\" \/>\n<meta name=\"twitter:card\" content=\"summary_large_image\" \/>\n<meta name=\"twitter:label1\" content=\"Tempo di lettura stimato\" \/>\n\t<meta name=\"twitter:data1\" content=\"1 minuto\" \/>\n<script type=\"application\/ld+json\" class=\"yoast-schema-graph\">{\"@context\":\"https:\\\/\\\/schema.org\",\"@graph\":[{\"@type\":\"WebPage\",\"@id\":\"http:\\\/\\\/lechappeeclose.it\\\/it\\\/boutique\\\/livres\\\/arts\\\/art-culinaire\\\/le-vin-en-cent-poemes\\\/\",\"url\":\"http:\\\/\\\/lechappeeclose.it\\\/it\\\/boutique\\\/livres\\\/arts\\\/art-culinaire\\\/le-vin-en-cent-poemes\\\/\",\"name\":\"Le Vin en cent po\u00e8mes - l&#039;\u00e9chapp\u00e9e close\",\"isPartOf\":{\"@id\":\"http:\\\/\\\/lechappeeclose.it\\\/#website\"},\"primaryImageOfPage\":{\"@id\":\"http:\\\/\\\/lechappeeclose.it\\\/it\\\/boutique\\\/livres\\\/arts\\\/art-culinaire\\\/le-vin-en-cent-poemes\\\/#primaryimage\"},\"image\":{\"@id\":\"http:\\\/\\\/lechappeeclose.it\\\/it\\\/boutique\\\/livres\\\/arts\\\/art-culinaire\\\/le-vin-en-cent-poemes\\\/#primaryimage\"},\"thumbnailUrl\":\"http:\\\/\\\/lechappeeclose.it\\\/wp-content\\\/uploads\\\/2025\\\/02\\\/Le-Vin-en-cent-poemes.jpg\",\"datePublished\":\"2025-02-05T11:42:16+00:00\",\"dateModified\":\"2026-01-30T13:04:59+00:00\",\"breadcrumb\":{\"@id\":\"http:\\\/\\\/lechappeeclose.it\\\/it\\\/boutique\\\/livres\\\/arts\\\/art-culinaire\\\/le-vin-en-cent-poemes\\\/#breadcrumb\"},\"inLanguage\":\"it-IT\",\"potentialAction\":[{\"@type\":\"ReadAction\",\"target\":[\"http:\\\/\\\/lechappeeclose.it\\\/it\\\/boutique\\\/livres\\\/arts\\\/art-culinaire\\\/le-vin-en-cent-poemes\\\/\"]}]},{\"@type\":\"ImageObject\",\"inLanguage\":\"it-IT\",\"@id\":\"http:\\\/\\\/lechappeeclose.it\\\/it\\\/boutique\\\/livres\\\/arts\\\/art-culinaire\\\/le-vin-en-cent-poemes\\\/#primaryimage\",\"url\":\"http:\\\/\\\/lechappeeclose.it\\\/wp-content\\\/uploads\\\/2025\\\/02\\\/Le-Vin-en-cent-poemes.jpg\",\"contentUrl\":\"http:\\\/\\\/lechappeeclose.it\\\/wp-content\\\/uploads\\\/2025\\\/02\\\/Le-Vin-en-cent-poemes.jpg\",\"width\":375,\"height\":500},{\"@type\":\"BreadcrumbList\",\"@id\":\"http:\\\/\\\/lechappeeclose.it\\\/it\\\/boutique\\\/livres\\\/arts\\\/art-culinaire\\\/le-vin-en-cent-poemes\\\/#breadcrumb\",\"itemListElement\":[{\"@type\":\"ListItem\",\"position\":1,\"name\":\"Accueil\",\"item\":\"http:\\\/\\\/lechappeeclose.it\\\/\"},{\"@type\":\"ListItem\",\"position\":2,\"name\":\"Boutique\",\"item\":\"http:\\\/\\\/lechappeeclose.it\\\/it\\\/boutique\\\/\"},{\"@type\":\"ListItem\",\"position\":3,\"name\":\"Le Vin en cent po\u00e8mes\"}]},{\"@type\":\"WebSite\",\"@id\":\"http:\\\/\\\/lechappeeclose.it\\\/#website\",\"url\":\"http:\\\/\\\/lechappeeclose.it\\\/\",\"name\":\"l&#039;\u00e9chapp\u00e9e close\",\"description\":\"la librairie fran\u00e7aise de Milan\",\"publisher\":{\"@id\":\"http:\\\/\\\/lechappeeclose.it\\\/#organization\"},\"alternateName\":\"La librairie fran\u00e7aise de Milan\",\"potentialAction\":[{\"@type\":\"SearchAction\",\"target\":{\"@type\":\"EntryPoint\",\"urlTemplate\":\"http:\\\/\\\/lechappeeclose.it\\\/?s={search_term_string}\"},\"query-input\":{\"@type\":\"PropertyValueSpecification\",\"valueRequired\":true,\"valueName\":\"search_term_string\"}}],\"inLanguage\":\"it-IT\"},{\"@type\":\"Organization\",\"@id\":\"http:\\\/\\\/lechappeeclose.it\\\/#organization\",\"name\":\"l&#039;\u00e9chapp\u00e9e close\",\"url\":\"http:\\\/\\\/lechappeeclose.it\\\/\",\"logo\":{\"@type\":\"ImageObject\",\"inLanguage\":\"it-IT\",\"@id\":\"http:\\\/\\\/lechappeeclose.it\\\/#\\\/schema\\\/logo\\\/image\\\/\",\"url\":\"http:\\\/\\\/lechappeeclose.it\\\/wp-content\\\/uploads\\\/2025\\\/02\\\/cropped-logo-rond.png\",\"contentUrl\":\"http:\\\/\\\/lechappeeclose.it\\\/wp-content\\\/uploads\\\/2025\\\/02\\\/cropped-logo-rond.png\",\"width\":1080,\"height\":1080,\"caption\":\"l&#039;\u00e9chapp\u00e9e close\"},\"image\":{\"@id\":\"http:\\\/\\\/lechappeeclose.it\\\/#\\\/schema\\\/logo\\\/image\\\/\"},\"sameAs\":[\"https:\\\/\\\/www.instagram.com\\\/lechappeeclose\\\/\"]}]}<\/script>\n<!-- \/ Yoast SEO plugin. -->","yoast_head_json":{"title":"Le Vin en cent po\u00e8mes - l&#039;\u00e9chapp\u00e9e close","robots":{"index":"index","follow":"follow","max-snippet":"max-snippet:-1","max-image-preview":"max-image-preview:large","max-video-preview":"max-video-preview:-1"},"canonical":"http:\/\/lechappeeclose.it\/it\/boutique\/livres\/arts\/art-culinaire\/le-vin-en-cent-poemes\/","og_locale":"it_IT","og_type":"article","og_title":"Le Vin en cent po\u00e8mes - l&#039;\u00e9chapp\u00e9e close","og_description":"Donn\u00e9 par les dieux aux hommes, le vin a inspir\u00e9 des chefs-d&#8217;oeuvre partout \u00e0 travers le monde, de la Rome antique \u00e0 la Perse, de l&#8217;Angleterre au Chili, sans oublier la France \u00e9ternelle&#8230; Depuis la haute antiquit\u00e9, toutes les civilisations ont chant\u00e9 ses louanges, lui qui, par excellence, est le breuvage que les dieux ont [&hellip;]","og_url":"http:\/\/lechappeeclose.it\/it\/boutique\/livres\/arts\/art-culinaire\/le-vin-en-cent-poemes\/","og_site_name":"l&#039;\u00e9chapp\u00e9e close","article_modified_time":"2026-01-30T13:04:59+00:00","og_image":[{"width":375,"height":500,"url":"http:\/\/lechappeeclose.it\/wp-content\/uploads\/2025\/02\/Le-Vin-en-cent-poemes.jpg","type":"image\/jpeg"}],"twitter_card":"summary_large_image","twitter_misc":{"Tempo di lettura stimato":"1 minuto"},"schema":{"@context":"https:\/\/schema.org","@graph":[{"@type":"WebPage","@id":"http:\/\/lechappeeclose.it\/it\/boutique\/livres\/arts\/art-culinaire\/le-vin-en-cent-poemes\/","url":"http:\/\/lechappeeclose.it\/it\/boutique\/livres\/arts\/art-culinaire\/le-vin-en-cent-poemes\/","name":"Le Vin en cent po\u00e8mes - l&#039;\u00e9chapp\u00e9e close","isPartOf":{"@id":"http:\/\/lechappeeclose.it\/#website"},"primaryImageOfPage":{"@id":"http:\/\/lechappeeclose.it\/it\/boutique\/livres\/arts\/art-culinaire\/le-vin-en-cent-poemes\/#primaryimage"},"image":{"@id":"http:\/\/lechappeeclose.it\/it\/boutique\/livres\/arts\/art-culinaire\/le-vin-en-cent-poemes\/#primaryimage"},"thumbnailUrl":"http:\/\/lechappeeclose.it\/wp-content\/uploads\/2025\/02\/Le-Vin-en-cent-poemes.jpg","datePublished":"2025-02-05T11:42:16+00:00","dateModified":"2026-01-30T13:04:59+00:00","breadcrumb":{"@id":"http:\/\/lechappeeclose.it\/it\/boutique\/livres\/arts\/art-culinaire\/le-vin-en-cent-poemes\/#breadcrumb"},"inLanguage":"it-IT","potentialAction":[{"@type":"ReadAction","target":["http:\/\/lechappeeclose.it\/it\/boutique\/livres\/arts\/art-culinaire\/le-vin-en-cent-poemes\/"]}]},{"@type":"ImageObject","inLanguage":"it-IT","@id":"http:\/\/lechappeeclose.it\/it\/boutique\/livres\/arts\/art-culinaire\/le-vin-en-cent-poemes\/#primaryimage","url":"http:\/\/lechappeeclose.it\/wp-content\/uploads\/2025\/02\/Le-Vin-en-cent-poemes.jpg","contentUrl":"http:\/\/lechappeeclose.it\/wp-content\/uploads\/2025\/02\/Le-Vin-en-cent-poemes.jpg","width":375,"height":500},{"@type":"BreadcrumbList","@id":"http:\/\/lechappeeclose.it\/it\/boutique\/livres\/arts\/art-culinaire\/le-vin-en-cent-poemes\/#breadcrumb","itemListElement":[{"@type":"ListItem","position":1,"name":"Accueil","item":"http:\/\/lechappeeclose.it\/"},{"@type":"ListItem","position":2,"name":"Boutique","item":"http:\/\/lechappeeclose.it\/it\/boutique\/"},{"@type":"ListItem","position":3,"name":"Le Vin en cent po\u00e8mes"}]},{"@type":"WebSite","@id":"http:\/\/lechappeeclose.it\/#website","url":"http:\/\/lechappeeclose.it\/","name":"l&#039;\u00e9chapp\u00e9e close","description":"La libreria francese di Milano","publisher":{"@id":"http:\/\/lechappeeclose.it\/#organization"},"alternateName":"La librairie fran\u00e7aise de Milan","potentialAction":[{"@type":"SearchAction","target":{"@type":"EntryPoint","urlTemplate":"http:\/\/lechappeeclose.it\/?s={search_term_string}"},"query-input":{"@type":"PropertyValueSpecification","valueRequired":true,"valueName":"search_term_string"}}],"inLanguage":"it-IT"},{"@type":"Organization","@id":"http:\/\/lechappeeclose.it\/#organization","name":"l&#039;\u00e9chapp\u00e9e close","url":"http:\/\/lechappeeclose.it\/","logo":{"@type":"ImageObject","inLanguage":"it-IT","@id":"http:\/\/lechappeeclose.it\/#\/schema\/logo\/image\/","url":"http:\/\/lechappeeclose.it\/wp-content\/uploads\/2025\/02\/cropped-logo-rond.png","contentUrl":"http:\/\/lechappeeclose.it\/wp-content\/uploads\/2025\/02\/cropped-logo-rond.png","width":1080,"height":1080,"caption":"l&#039;\u00e9chapp\u00e9e close"},"image":{"@id":"http:\/\/lechappeeclose.it\/#\/schema\/logo\/image\/"},"sameAs":["https:\/\/www.instagram.com\/lechappeeclose\/"]}]}},"_links":{"self":[{"href":"http:\/\/lechappeeclose.it\/it\/wp-json\/wp\/v2\/product\/5372","targetHints":{"allow":["GET"]}}],"collection":[{"href":"http:\/\/lechappeeclose.it\/it\/wp-json\/wp\/v2\/product"}],"about":[{"href":"http:\/\/lechappeeclose.it\/it\/wp-json\/wp\/v2\/types\/product"}],"replies":[{"embeddable":true,"href":"http:\/\/lechappeeclose.it\/it\/wp-json\/wp\/v2\/comments?post=5372"}],"wp:featuredmedia":[{"embeddable":true,"href":"http:\/\/lechappeeclose.it\/it\/wp-json\/wp\/v2\/media\/5371"}],"wp:attachment":[{"href":"http:\/\/lechappeeclose.it\/it\/wp-json\/wp\/v2\/media?parent=5372"}],"wp:term":[{"taxonomy":"product_brand","embeddable":true,"href":"http:\/\/lechappeeclose.it\/it\/wp-json\/wp\/v2\/product_brand?post=5372"},{"taxonomy":"product_cat","embeddable":true,"href":"http:\/\/lechappeeclose.it\/it\/wp-json\/wp\/v2\/product_cat?post=5372"},{"taxonomy":"product_tag","embeddable":true,"href":"http:\/\/lechappeeclose.it\/it\/wp-json\/wp\/v2\/product_tag?post=5372"}],"curies":[{"name":"wp","href":"https:\/\/api.w.org\/{rel}","templated":true}]}}