{"id":5364,"date":"2025-02-05T12:40:00","date_gmt":"2025-02-05T11:40:00","guid":{"rendered":"https:\/\/lechappeeclose.it\/produit\/vous-allez-enfin-vous-y-connaitre-en-vin\/"},"modified":"2025-02-05T12:40:00","modified_gmt":"2025-02-05T11:40:00","slug":"vous-allez-enfin-vous-y-connaitre-en-vin","status":"publish","type":"product","link":"http:\/\/lechappeeclose.it\/it\/boutique\/livres\/arts\/art-culinaire\/vous-allez-enfin-vous-y-connaitre-en-vin\/","title":{"rendered":"Vous allez enfin vous y conna\u00eetre en Vin"},"content":{"rendered":"<p>Est-ce que \u00e7a existe un vin correct en cubi ?\u00c0 quoi sert une carafe ?Est-ce qu\u2019un bouchon synth\u00e9tique c\u2019est bien ?Combien de grappes de raisin dans un verre ?Comment conserver mes bouteilles ?Si vous vous posez ces questions et tant d\u2019autres et que vous cherchez des r\u00e9ponses simples, vous \u00eates au bon endroit !D\u00e9couvrez plus de 60 interrogations viticoles et vinicoles abord\u00e9es sous la forme d\u2019infographies ludiques, expliqu\u00e9es en quelques mots.Maintenant c\u2019est s\u00fbr, vous allez comprendre le pourquoi du comment !<\/p>","protected":false},"excerpt":{"rendered":"<p>Est-ce que \u00e7a existe un vin correct en cubi ?\u00c0 quoi sert une carafe ?Est-ce qu\u2019un bouchon synth\u00e9tique c\u2019est bien ?Combien de grappes de raisin dans un verre ?Comment conserver mes bouteilles ?Si vous vous posez ces questions et tant d\u2019autres et que vous cherchez des r\u00e9ponses simples, vous \u00eates au bon endroit !D\u00e9couvrez plus [&hellip;]<\/p>","protected":false},"featured_media":5363,"comment_status":"open","ping_status":"closed","template":"","meta":[],"product_brand":[],"product_cat":[44],"product_tag":[],"class_list":{"0":"post-5364","1":"product","2":"type-product","3":"status-publish","4":"has-post-thumbnail","6":"product_cat-art-culinaire","8":"first","9":"instock","10":"taxable","11":"shipping-taxable","12":"purchasable","13":"product-type-simple"},"yoast_head":"<!-- This site is optimized with the Yoast SEO plugin v27.4 - https:\/\/yoast.com\/product\/yoast-seo-wordpress\/ -->\n<title>Vous allez enfin vous y conna\u00eetre en Vin - l&#039;\u00e9chapp\u00e9e close<\/title>\n<meta name=\"robots\" content=\"index, follow, max-snippet:-1, max-image-preview:large, max-video-preview:-1\" \/>\n<link rel=\"canonical\" href=\"http:\/\/lechappeeclose.it\/it\/boutique\/livres\/arts\/art-culinaire\/vous-allez-enfin-vous-y-connaitre-en-vin\/\" \/>\n<meta property=\"og:locale\" content=\"it_IT\" \/>\n<meta property=\"og:type\" content=\"article\" \/>\n<meta property=\"og:title\" content=\"Vous allez enfin vous y conna\u00eetre en Vin - l&#039;\u00e9chapp\u00e9e close\" \/>\n<meta property=\"og:description\" content=\"Est-ce que \u00e7a existe un vin correct en cubi ?\u00c0 quoi sert une carafe ?Est-ce qu\u2019un bouchon synth\u00e9tique c\u2019est bien ?Combien de grappes de raisin dans un verre ?Comment conserver mes bouteilles ?Si vous vous posez ces questions et tant d\u2019autres et que vous cherchez des r\u00e9ponses simples, vous \u00eates au bon endroit !D\u00e9couvrez plus [&hellip;]\" \/>\n<meta property=\"og:url\" content=\"http:\/\/lechappeeclose.it\/it\/boutique\/livres\/arts\/art-culinaire\/vous-allez-enfin-vous-y-connaitre-en-vin\/\" \/>\n<meta property=\"og:site_name\" content=\"l&#039;\u00e9chapp\u00e9e close\" \/>\n<meta property=\"og:image\" content=\"http:\/\/lechappeeclose.it\/wp-content\/uploads\/2025\/02\/Vous-allez-enfin-vous-y-connaitre-en-Vin.jpg\" \/>\n\t<meta property=\"og:image:width\" content=\"362\" \/>\n\t<meta property=\"og:image:height\" content=\"500\" \/>\n\t<meta property=\"og:image:type\" content=\"image\/jpeg\" \/>\n<meta name=\"twitter:card\" content=\"summary_large_image\" \/>\n<script type=\"application\/ld+json\" class=\"yoast-schema-graph\">{\"@context\":\"https:\\\/\\\/schema.org\",\"@graph\":[{\"@type\":\"WebPage\",\"@id\":\"http:\\\/\\\/lechappeeclose.it\\\/boutique\\\/livres\\\/arts\\\/art-culinaire\\\/vous-allez-enfin-vous-y-connaitre-en-vin\\\/\",\"url\":\"http:\\\/\\\/lechappeeclose.it\\\/boutique\\\/livres\\\/arts\\\/art-culinaire\\\/vous-allez-enfin-vous-y-connaitre-en-vin\\\/\",\"name\":\"Vous allez enfin vous y conna\u00eetre en Vin - l&#039;\u00e9chapp\u00e9e close\",\"isPartOf\":{\"@id\":\"http:\\\/\\\/lechappeeclose.it\\\/#website\"},\"primaryImageOfPage\":{\"@id\":\"http:\\\/\\\/lechappeeclose.it\\\/boutique\\\/livres\\\/arts\\\/art-culinaire\\\/vous-allez-enfin-vous-y-connaitre-en-vin\\\/#primaryimage\"},\"image\":{\"@id\":\"http:\\\/\\\/lechappeeclose.it\\\/boutique\\\/livres\\\/arts\\\/art-culinaire\\\/vous-allez-enfin-vous-y-connaitre-en-vin\\\/#primaryimage\"},\"thumbnailUrl\":\"http:\\\/\\\/lechappeeclose.it\\\/wp-content\\\/uploads\\\/2025\\\/02\\\/Vous-allez-enfin-vous-y-connaitre-en-Vin.jpg\",\"datePublished\":\"2025-02-05T11:40:00+00:00\",\"breadcrumb\":{\"@id\":\"http:\\\/\\\/lechappeeclose.it\\\/boutique\\\/livres\\\/arts\\\/art-culinaire\\\/vous-allez-enfin-vous-y-connaitre-en-vin\\\/#breadcrumb\"},\"inLanguage\":\"it-IT\",\"potentialAction\":[{\"@type\":\"ReadAction\",\"target\":[\"http:\\\/\\\/lechappeeclose.it\\\/boutique\\\/livres\\\/arts\\\/art-culinaire\\\/vous-allez-enfin-vous-y-connaitre-en-vin\\\/\"]}]},{\"@type\":\"ImageObject\",\"inLanguage\":\"it-IT\",\"@id\":\"http:\\\/\\\/lechappeeclose.it\\\/boutique\\\/livres\\\/arts\\\/art-culinaire\\\/vous-allez-enfin-vous-y-connaitre-en-vin\\\/#primaryimage\",\"url\":\"http:\\\/\\\/lechappeeclose.it\\\/wp-content\\\/uploads\\\/2025\\\/02\\\/Vous-allez-enfin-vous-y-connaitre-en-Vin.jpg\",\"contentUrl\":\"http:\\\/\\\/lechappeeclose.it\\\/wp-content\\\/uploads\\\/2025\\\/02\\\/Vous-allez-enfin-vous-y-connaitre-en-Vin.jpg\",\"width\":362,\"height\":500},{\"@type\":\"BreadcrumbList\",\"@id\":\"http:\\\/\\\/lechappeeclose.it\\\/boutique\\\/livres\\\/arts\\\/art-culinaire\\\/vous-allez-enfin-vous-y-connaitre-en-vin\\\/#breadcrumb\",\"itemListElement\":[{\"@type\":\"ListItem\",\"position\":1,\"name\":\"Accueil\",\"item\":\"http:\\\/\\\/lechappeeclose.it\\\/\"},{\"@type\":\"ListItem\",\"position\":2,\"name\":\"Boutique\",\"item\":\"http:\\\/\\\/lechappeeclose.it\\\/it\\\/boutique\\\/\"},{\"@type\":\"ListItem\",\"position\":3,\"name\":\"Vous allez enfin vous y conna\u00eetre en Vin\"}]},{\"@type\":\"WebSite\",\"@id\":\"http:\\\/\\\/lechappeeclose.it\\\/#website\",\"url\":\"http:\\\/\\\/lechappeeclose.it\\\/\",\"name\":\"l&#039;\u00e9chapp\u00e9e close\",\"description\":\"la librairie fran\u00e7aise de Milan\",\"publisher\":{\"@id\":\"http:\\\/\\\/lechappeeclose.it\\\/#organization\"},\"alternateName\":\"La librairie fran\u00e7aise de Milan\",\"potentialAction\":[{\"@type\":\"SearchAction\",\"target\":{\"@type\":\"EntryPoint\",\"urlTemplate\":\"http:\\\/\\\/lechappeeclose.it\\\/?s={search_term_string}\"},\"query-input\":{\"@type\":\"PropertyValueSpecification\",\"valueRequired\":true,\"valueName\":\"search_term_string\"}}],\"inLanguage\":\"it-IT\"},{\"@type\":\"Organization\",\"@id\":\"http:\\\/\\\/lechappeeclose.it\\\/#organization\",\"name\":\"l&#039;\u00e9chapp\u00e9e close\",\"url\":\"http:\\\/\\\/lechappeeclose.it\\\/\",\"logo\":{\"@type\":\"ImageObject\",\"inLanguage\":\"it-IT\",\"@id\":\"http:\\\/\\\/lechappeeclose.it\\\/#\\\/schema\\\/logo\\\/image\\\/\",\"url\":\"http:\\\/\\\/lechappeeclose.it\\\/wp-content\\\/uploads\\\/2025\\\/02\\\/cropped-logo-rond.png\",\"contentUrl\":\"http:\\\/\\\/lechappeeclose.it\\\/wp-content\\\/uploads\\\/2025\\\/02\\\/cropped-logo-rond.png\",\"width\":1080,\"height\":1080,\"caption\":\"l&#039;\u00e9chapp\u00e9e close\"},\"image\":{\"@id\":\"http:\\\/\\\/lechappeeclose.it\\\/#\\\/schema\\\/logo\\\/image\\\/\"},\"sameAs\":[\"https:\\\/\\\/www.instagram.com\\\/lechappeeclose\\\/\"]}]}<\/script>\n<!-- \/ Yoast SEO plugin. -->","yoast_head_json":{"title":"Vous allez enfin vous y conna\u00eetre en Vin - l&#039;\u00e9chapp\u00e9e close","robots":{"index":"index","follow":"follow","max-snippet":"max-snippet:-1","max-image-preview":"max-image-preview:large","max-video-preview":"max-video-preview:-1"},"canonical":"http:\/\/lechappeeclose.it\/it\/boutique\/livres\/arts\/art-culinaire\/vous-allez-enfin-vous-y-connaitre-en-vin\/","og_locale":"it_IT","og_type":"article","og_title":"Vous allez enfin vous y conna\u00eetre en Vin - l&#039;\u00e9chapp\u00e9e close","og_description":"Est-ce que \u00e7a existe un vin correct en cubi ?\u00c0 quoi sert une carafe ?Est-ce qu\u2019un bouchon synth\u00e9tique c\u2019est bien ?Combien de grappes de raisin dans un verre ?Comment conserver mes bouteilles ?Si vous vous posez ces questions et tant d\u2019autres et que vous cherchez des r\u00e9ponses simples, vous \u00eates au bon endroit !D\u00e9couvrez plus [&hellip;]","og_url":"http:\/\/lechappeeclose.it\/it\/boutique\/livres\/arts\/art-culinaire\/vous-allez-enfin-vous-y-connaitre-en-vin\/","og_site_name":"l&#039;\u00e9chapp\u00e9e close","og_image":[{"width":362,"height":500,"url":"http:\/\/lechappeeclose.it\/wp-content\/uploads\/2025\/02\/Vous-allez-enfin-vous-y-connaitre-en-Vin.jpg","type":"image\/jpeg"}],"twitter_card":"summary_large_image","schema":{"@context":"https:\/\/schema.org","@graph":[{"@type":"WebPage","@id":"http:\/\/lechappeeclose.it\/boutique\/livres\/arts\/art-culinaire\/vous-allez-enfin-vous-y-connaitre-en-vin\/","url":"http:\/\/lechappeeclose.it\/boutique\/livres\/arts\/art-culinaire\/vous-allez-enfin-vous-y-connaitre-en-vin\/","name":"Vous allez enfin vous y conna\u00eetre en Vin - l&#039;\u00e9chapp\u00e9e close","isPartOf":{"@id":"http:\/\/lechappeeclose.it\/#website"},"primaryImageOfPage":{"@id":"http:\/\/lechappeeclose.it\/boutique\/livres\/arts\/art-culinaire\/vous-allez-enfin-vous-y-connaitre-en-vin\/#primaryimage"},"image":{"@id":"http:\/\/lechappeeclose.it\/boutique\/livres\/arts\/art-culinaire\/vous-allez-enfin-vous-y-connaitre-en-vin\/#primaryimage"},"thumbnailUrl":"http:\/\/lechappeeclose.it\/wp-content\/uploads\/2025\/02\/Vous-allez-enfin-vous-y-connaitre-en-Vin.jpg","datePublished":"2025-02-05T11:40:00+00:00","breadcrumb":{"@id":"http:\/\/lechappeeclose.it\/boutique\/livres\/arts\/art-culinaire\/vous-allez-enfin-vous-y-connaitre-en-vin\/#breadcrumb"},"inLanguage":"it-IT","potentialAction":[{"@type":"ReadAction","target":["http:\/\/lechappeeclose.it\/boutique\/livres\/arts\/art-culinaire\/vous-allez-enfin-vous-y-connaitre-en-vin\/"]}]},{"@type":"ImageObject","inLanguage":"it-IT","@id":"http:\/\/lechappeeclose.it\/boutique\/livres\/arts\/art-culinaire\/vous-allez-enfin-vous-y-connaitre-en-vin\/#primaryimage","url":"http:\/\/lechappeeclose.it\/wp-content\/uploads\/2025\/02\/Vous-allez-enfin-vous-y-connaitre-en-Vin.jpg","contentUrl":"http:\/\/lechappeeclose.it\/wp-content\/uploads\/2025\/02\/Vous-allez-enfin-vous-y-connaitre-en-Vin.jpg","width":362,"height":500},{"@type":"BreadcrumbList","@id":"http:\/\/lechappeeclose.it\/boutique\/livres\/arts\/art-culinaire\/vous-allez-enfin-vous-y-connaitre-en-vin\/#breadcrumb","itemListElement":[{"@type":"ListItem","position":1,"name":"Accueil","item":"http:\/\/lechappeeclose.it\/"},{"@type":"ListItem","position":2,"name":"Boutique","item":"http:\/\/lechappeeclose.it\/it\/boutique\/"},{"@type":"ListItem","position":3,"name":"Vous allez enfin vous y conna\u00eetre en Vin"}]},{"@type":"WebSite","@id":"http:\/\/lechappeeclose.it\/#website","url":"http:\/\/lechappeeclose.it\/","name":"l&#039;\u00e9chapp\u00e9e close","description":"La libreria francese di Milano","publisher":{"@id":"http:\/\/lechappeeclose.it\/#organization"},"alternateName":"La librairie fran\u00e7aise de Milan","potentialAction":[{"@type":"SearchAction","target":{"@type":"EntryPoint","urlTemplate":"http:\/\/lechappeeclose.it\/?s={search_term_string}"},"query-input":{"@type":"PropertyValueSpecification","valueRequired":true,"valueName":"search_term_string"}}],"inLanguage":"it-IT"},{"@type":"Organization","@id":"http:\/\/lechappeeclose.it\/#organization","name":"l&#039;\u00e9chapp\u00e9e close","url":"http:\/\/lechappeeclose.it\/","logo":{"@type":"ImageObject","inLanguage":"it-IT","@id":"http:\/\/lechappeeclose.it\/#\/schema\/logo\/image\/","url":"http:\/\/lechappeeclose.it\/wp-content\/uploads\/2025\/02\/cropped-logo-rond.png","contentUrl":"http:\/\/lechappeeclose.it\/wp-content\/uploads\/2025\/02\/cropped-logo-rond.png","width":1080,"height":1080,"caption":"l&#039;\u00e9chapp\u00e9e close"},"image":{"@id":"http:\/\/lechappeeclose.it\/#\/schema\/logo\/image\/"},"sameAs":["https:\/\/www.instagram.com\/lechappeeclose\/"]}]}},"_links":{"self":[{"href":"http:\/\/lechappeeclose.it\/it\/wp-json\/wp\/v2\/product\/5364","targetHints":{"allow":["GET"]}}],"collection":[{"href":"http:\/\/lechappeeclose.it\/it\/wp-json\/wp\/v2\/product"}],"about":[{"href":"http:\/\/lechappeeclose.it\/it\/wp-json\/wp\/v2\/types\/product"}],"replies":[{"embeddable":true,"href":"http:\/\/lechappeeclose.it\/it\/wp-json\/wp\/v2\/comments?post=5364"}],"wp:featuredmedia":[{"embeddable":true,"href":"http:\/\/lechappeeclose.it\/it\/wp-json\/wp\/v2\/media\/5363"}],"wp:attachment":[{"href":"http:\/\/lechappeeclose.it\/it\/wp-json\/wp\/v2\/media?parent=5364"}],"wp:term":[{"taxonomy":"product_brand","embeddable":true,"href":"http:\/\/lechappeeclose.it\/it\/wp-json\/wp\/v2\/product_brand?post=5364"},{"taxonomy":"product_cat","embeddable":true,"href":"http:\/\/lechappeeclose.it\/it\/wp-json\/wp\/v2\/product_cat?post=5364"},{"taxonomy":"product_tag","embeddable":true,"href":"http:\/\/lechappeeclose.it\/it\/wp-json\/wp\/v2\/product_tag?post=5364"}],"curies":[{"name":"wp","href":"https:\/\/api.w.org\/{rel}","templated":true}]}}