{"id":5360,"date":"2025-02-05T12:38:54","date_gmt":"2025-02-05T11:38:54","guid":{"rendered":"https:\/\/lechappeeclose.it\/produit\/lincroyable-histoire-du-vin-de-la-prehistoire-a-nos-jours-10-000-ans-daventure\/"},"modified":"2026-01-30T14:09:48","modified_gmt":"2026-01-30T13:09:48","slug":"lincroyable-histoire-du-vin-de-la-prehistoire-a-nos-jours-10-000-ans-daventure","status":"publish","type":"product","link":"http:\/\/lechappeeclose.it\/it\/boutique\/livres\/arts\/art-culinaire\/lincroyable-histoire-du-vin-de-la-prehistoire-a-nos-jours-10-000-ans-daventure\/","title":{"rendered":"L&#8217;incroyable Histoire du vin. De la pr\u00e9histoire \u00e0 nos jours, 10 000 ans d&#8217;aventure"},"content":{"rendered":"<p>L\u2019histoire du vin, c\u2019est l\u2019histoire de la civilisation. Tout part de la M\u00e9diterran\u00e9e. Dans l\u2019Antiquit\u00e9, le vin est sirupeux, aromatis\u00e9 \u00e0 la m\u00fbre ou au myrte, additionn\u00e9 de miel ou d\u2019huile, et coup\u00e9 d\u2019eau avant d\u2019\u00eatre bu. C\u2019est aussi la boisson religieuse par excellence. La mythologie grecque regorge d\u2019allusions au vin et dans la Bible, \u00e0 la fin du D\u00e9luge, No\u00e9 plante une vigne. Le vin civilise les hommes et humanise les dieux. \u00c0 la fin de l\u2019Antiquit\u00e9, le vin gaulois s\u2019exporte d\u00e9j\u00e0 abondamment, gr\u00e2ce \u00e0 la technique de l\u2019\u00e9levage en f\u00fbt de ch\u00eane. \u00c0 la chute de l\u2019Empire romain, l\u2019\u00c9glise et les monast\u00e8res maintiennent le savoir-faire, et au Moyen \u00c2ge le vin s\u2019approche de celui que nous connaissons. Le premier classement des vins remonte au Ier si\u00e8cle de notre \u00e8re ! L\u2019invention de la bouteille, au xviie si\u00e8cle, r\u00e9volutionne la garde, et l\u2019oenologie devient un art de vivre. Avec la colonisation, le vin conquiert le monde. Aujourd\u2019hui, la moiti\u00e9 des pays du globe en produisent. Importance des terroirs, bras de fer commerciaux, go\u00fbt de la sp\u00e9culation, magie des grands crus\u2026 l\u2019histoire du vin est une histoire de nos passions.<\/p>","protected":false},"excerpt":{"rendered":"<p>L\u2019histoire du vin, c\u2019est l\u2019histoire de la civilisation. Tout part de la M\u00e9diterran\u00e9e. Dans l\u2019Antiquit\u00e9, le vin est sirupeux, aromatis\u00e9 \u00e0 la m\u00fbre ou au myrte, additionn\u00e9 de miel ou d\u2019huile, et coup\u00e9 d\u2019eau avant d\u2019\u00eatre bu. C\u2019est aussi la boisson religieuse par excellence. La mythologie grecque regorge d\u2019allusions au vin et dans la Bible, [&hellip;]<\/p>","protected":false},"featured_media":5359,"comment_status":"open","ping_status":"closed","template":"","meta":[],"product_brand":[],"product_cat":[44],"product_tag":[],"class_list":{"0":"post-5360","1":"product","2":"type-product","3":"status-publish","4":"has-post-thumbnail","6":"product_cat-art-culinaire","8":"first","9":"onbackorder","10":"taxable","11":"shipping-taxable","12":"purchasable","13":"product-type-simple"},"yoast_head":"<!-- This site is optimized with the Yoast SEO plugin v27.3 - https:\/\/yoast.com\/product\/yoast-seo-wordpress\/ -->\n<title>L&#039;incroyable Histoire du vin. De la pr\u00e9histoire \u00e0 nos jours, 10 000 ans d&#039;aventure - l&#039;\u00e9chapp\u00e9e close<\/title>\n<meta name=\"robots\" content=\"index, follow, max-snippet:-1, max-image-preview:large, max-video-preview:-1\" \/>\n<link rel=\"canonical\" href=\"http:\/\/lechappeeclose.it\/it\/boutique\/livres\/arts\/art-culinaire\/lincroyable-histoire-du-vin-de-la-prehistoire-a-nos-jours-10-000-ans-daventure\/\" \/>\n<meta property=\"og:locale\" content=\"it_IT\" \/>\n<meta property=\"og:type\" content=\"article\" \/>\n<meta property=\"og:title\" content=\"L&#039;incroyable Histoire du vin. De la pr\u00e9histoire \u00e0 nos jours, 10 000 ans d&#039;aventure - l&#039;\u00e9chapp\u00e9e close\" \/>\n<meta property=\"og:description\" content=\"L\u2019histoire du vin, c\u2019est l\u2019histoire de la civilisation. Tout part de la M\u00e9diterran\u00e9e. Dans l\u2019Antiquit\u00e9, le vin est sirupeux, aromatis\u00e9 \u00e0 la m\u00fbre ou au myrte, additionn\u00e9 de miel ou d\u2019huile, et coup\u00e9 d\u2019eau avant d\u2019\u00eatre bu. C\u2019est aussi la boisson religieuse par excellence. La mythologie grecque regorge d\u2019allusions au vin et dans la Bible, [&hellip;]\" \/>\n<meta property=\"og:url\" content=\"http:\/\/lechappeeclose.it\/it\/boutique\/livres\/arts\/art-culinaire\/lincroyable-histoire-du-vin-de-la-prehistoire-a-nos-jours-10-000-ans-daventure\/\" \/>\n<meta property=\"og:site_name\" content=\"l&#039;\u00e9chapp\u00e9e close\" \/>\n<meta property=\"article:modified_time\" content=\"2026-01-30T13:09:48+00:00\" \/>\n<meta property=\"og:image\" content=\"http:\/\/lechappeeclose.it\/wp-content\/uploads\/2025\/02\/Lincroyable-Histoire-du-vin.-De-la-prehistoire-a-nos-jours-10-000-ans-daventure.jpg\" \/>\n\t<meta property=\"og:image:width\" content=\"800\" \/>\n\t<meta property=\"og:image:height\" content=\"1129\" \/>\n\t<meta property=\"og:image:type\" content=\"image\/jpeg\" \/>\n<meta name=\"twitter:card\" content=\"summary_large_image\" \/>\n<meta name=\"twitter:label1\" content=\"Tempo di lettura stimato\" \/>\n\t<meta name=\"twitter:data1\" content=\"1 minuto\" \/>\n<script type=\"application\/ld+json\" class=\"yoast-schema-graph\">{\"@context\":\"https:\\\/\\\/schema.org\",\"@graph\":[{\"@type\":\"WebPage\",\"@id\":\"http:\\\/\\\/lechappeeclose.it\\\/boutique\\\/livres\\\/arts\\\/art-culinaire\\\/lincroyable-histoire-du-vin-de-la-prehistoire-a-nos-jours-10-000-ans-daventure\\\/\",\"url\":\"http:\\\/\\\/lechappeeclose.it\\\/boutique\\\/livres\\\/arts\\\/art-culinaire\\\/lincroyable-histoire-du-vin-de-la-prehistoire-a-nos-jours-10-000-ans-daventure\\\/\",\"name\":\"L'incroyable Histoire du vin. De la pr\u00e9histoire \u00e0 nos jours, 10 000 ans d'aventure - l&#039;\u00e9chapp\u00e9e close\",\"isPartOf\":{\"@id\":\"https:\\\/\\\/lechappeeclose.it\\\/it\\\/#website\"},\"primaryImageOfPage\":{\"@id\":\"http:\\\/\\\/lechappeeclose.it\\\/boutique\\\/livres\\\/arts\\\/art-culinaire\\\/lincroyable-histoire-du-vin-de-la-prehistoire-a-nos-jours-10-000-ans-daventure\\\/#primaryimage\"},\"image\":{\"@id\":\"http:\\\/\\\/lechappeeclose.it\\\/boutique\\\/livres\\\/arts\\\/art-culinaire\\\/lincroyable-histoire-du-vin-de-la-prehistoire-a-nos-jours-10-000-ans-daventure\\\/#primaryimage\"},\"thumbnailUrl\":\"http:\\\/\\\/lechappeeclose.it\\\/wp-content\\\/uploads\\\/2025\\\/02\\\/Lincroyable-Histoire-du-vin.-De-la-prehistoire-a-nos-jours-10-000-ans-daventure.jpg\",\"datePublished\":\"2025-02-05T11:38:54+00:00\",\"dateModified\":\"2026-01-30T13:09:48+00:00\",\"breadcrumb\":{\"@id\":\"http:\\\/\\\/lechappeeclose.it\\\/boutique\\\/livres\\\/arts\\\/art-culinaire\\\/lincroyable-histoire-du-vin-de-la-prehistoire-a-nos-jours-10-000-ans-daventure\\\/#breadcrumb\"},\"inLanguage\":\"it-IT\",\"potentialAction\":[{\"@type\":\"ReadAction\",\"target\":[\"http:\\\/\\\/lechappeeclose.it\\\/boutique\\\/livres\\\/arts\\\/art-culinaire\\\/lincroyable-histoire-du-vin-de-la-prehistoire-a-nos-jours-10-000-ans-daventure\\\/\"]}]},{\"@type\":\"ImageObject\",\"inLanguage\":\"it-IT\",\"@id\":\"http:\\\/\\\/lechappeeclose.it\\\/boutique\\\/livres\\\/arts\\\/art-culinaire\\\/lincroyable-histoire-du-vin-de-la-prehistoire-a-nos-jours-10-000-ans-daventure\\\/#primaryimage\",\"url\":\"http:\\\/\\\/lechappeeclose.it\\\/wp-content\\\/uploads\\\/2025\\\/02\\\/Lincroyable-Histoire-du-vin.-De-la-prehistoire-a-nos-jours-10-000-ans-daventure.jpg\",\"contentUrl\":\"http:\\\/\\\/lechappeeclose.it\\\/wp-content\\\/uploads\\\/2025\\\/02\\\/Lincroyable-Histoire-du-vin.-De-la-prehistoire-a-nos-jours-10-000-ans-daventure.jpg\",\"width\":800,\"height\":1129},{\"@type\":\"BreadcrumbList\",\"@id\":\"http:\\\/\\\/lechappeeclose.it\\\/boutique\\\/livres\\\/arts\\\/art-culinaire\\\/lincroyable-histoire-du-vin-de-la-prehistoire-a-nos-jours-10-000-ans-daventure\\\/#breadcrumb\",\"itemListElement\":[{\"@type\":\"ListItem\",\"position\":1,\"name\":\"Accueil\",\"item\":\"https:\\\/\\\/lechappeeclose.it\\\/it\\\/\"},{\"@type\":\"ListItem\",\"position\":2,\"name\":\"Boutique\",\"item\":\"https:\\\/\\\/lechappeeclose.it\\\/it\\\/boutique\\\/\"},{\"@type\":\"ListItem\",\"position\":3,\"name\":\"L&#8217;incroyable Histoire du vin. De la pr\u00e9histoire \u00e0 nos jours, 10 000 ans d&#8217;aventure\"}]},{\"@type\":\"WebSite\",\"@id\":\"https:\\\/\\\/lechappeeclose.it\\\/it\\\/#website\",\"url\":\"https:\\\/\\\/lechappeeclose.it\\\/it\\\/\",\"name\":\"l&#039;\u00e9chapp\u00e9e close\",\"description\":\"la librairie fran\u00e7aise de Milan\",\"publisher\":{\"@id\":\"https:\\\/\\\/lechappeeclose.it\\\/it\\\/#organization\"},\"alternateName\":\"La librairie fran\u00e7aise de Milan\",\"potentialAction\":[{\"@type\":\"SearchAction\",\"target\":{\"@type\":\"EntryPoint\",\"urlTemplate\":\"https:\\\/\\\/lechappeeclose.it\\\/it\\\/?s={search_term_string}\"},\"query-input\":{\"@type\":\"PropertyValueSpecification\",\"valueRequired\":true,\"valueName\":\"search_term_string\"}}],\"inLanguage\":\"it-IT\"},{\"@type\":\"Organization\",\"@id\":\"https:\\\/\\\/lechappeeclose.it\\\/it\\\/#organization\",\"name\":\"l&#039;\u00e9chapp\u00e9e close\",\"url\":\"https:\\\/\\\/lechappeeclose.it\\\/it\\\/\",\"logo\":{\"@type\":\"ImageObject\",\"inLanguage\":\"it-IT\",\"@id\":\"https:\\\/\\\/lechappeeclose.it\\\/it\\\/#\\\/schema\\\/logo\\\/image\\\/\",\"url\":\"http:\\\/\\\/lechappeeclose.it\\\/wp-content\\\/uploads\\\/2025\\\/02\\\/cropped-logo-rond.png\",\"contentUrl\":\"http:\\\/\\\/lechappeeclose.it\\\/wp-content\\\/uploads\\\/2025\\\/02\\\/cropped-logo-rond.png\",\"width\":1080,\"height\":1080,\"caption\":\"l&#039;\u00e9chapp\u00e9e close\"},\"image\":{\"@id\":\"https:\\\/\\\/lechappeeclose.it\\\/it\\\/#\\\/schema\\\/logo\\\/image\\\/\"},\"sameAs\":[\"https:\\\/\\\/www.instagram.com\\\/lechappeeclose\\\/\"]}]}<\/script>\n<!-- \/ Yoast SEO plugin. -->","yoast_head_json":{"title":"L'incroyable Histoire du vin. De la pr\u00e9histoire \u00e0 nos jours, 10 000 ans d'aventure - l&#039;\u00e9chapp\u00e9e close","robots":{"index":"index","follow":"follow","max-snippet":"max-snippet:-1","max-image-preview":"max-image-preview:large","max-video-preview":"max-video-preview:-1"},"canonical":"http:\/\/lechappeeclose.it\/it\/boutique\/livres\/arts\/art-culinaire\/lincroyable-histoire-du-vin-de-la-prehistoire-a-nos-jours-10-000-ans-daventure\/","og_locale":"it_IT","og_type":"article","og_title":"L'incroyable Histoire du vin. De la pr\u00e9histoire \u00e0 nos jours, 10 000 ans d'aventure - l&#039;\u00e9chapp\u00e9e close","og_description":"L\u2019histoire du vin, c\u2019est l\u2019histoire de la civilisation. Tout part de la M\u00e9diterran\u00e9e. Dans l\u2019Antiquit\u00e9, le vin est sirupeux, aromatis\u00e9 \u00e0 la m\u00fbre ou au myrte, additionn\u00e9 de miel ou d\u2019huile, et coup\u00e9 d\u2019eau avant d\u2019\u00eatre bu. C\u2019est aussi la boisson religieuse par excellence. La mythologie grecque regorge d\u2019allusions au vin et dans la Bible, [&hellip;]","og_url":"http:\/\/lechappeeclose.it\/it\/boutique\/livres\/arts\/art-culinaire\/lincroyable-histoire-du-vin-de-la-prehistoire-a-nos-jours-10-000-ans-daventure\/","og_site_name":"l&#039;\u00e9chapp\u00e9e close","article_modified_time":"2026-01-30T13:09:48+00:00","og_image":[{"width":800,"height":1129,"url":"http:\/\/lechappeeclose.it\/wp-content\/uploads\/2025\/02\/Lincroyable-Histoire-du-vin.-De-la-prehistoire-a-nos-jours-10-000-ans-daventure.jpg","type":"image\/jpeg"}],"twitter_card":"summary_large_image","twitter_misc":{"Tempo di lettura stimato":"1 minuto"},"schema":{"@context":"https:\/\/schema.org","@graph":[{"@type":"WebPage","@id":"http:\/\/lechappeeclose.it\/boutique\/livres\/arts\/art-culinaire\/lincroyable-histoire-du-vin-de-la-prehistoire-a-nos-jours-10-000-ans-daventure\/","url":"http:\/\/lechappeeclose.it\/boutique\/livres\/arts\/art-culinaire\/lincroyable-histoire-du-vin-de-la-prehistoire-a-nos-jours-10-000-ans-daventure\/","name":"L'incroyable Histoire du vin. De la pr\u00e9histoire \u00e0 nos jours, 10 000 ans d'aventure - l&#039;\u00e9chapp\u00e9e close","isPartOf":{"@id":"https:\/\/lechappeeclose.it\/it\/#website"},"primaryImageOfPage":{"@id":"http:\/\/lechappeeclose.it\/boutique\/livres\/arts\/art-culinaire\/lincroyable-histoire-du-vin-de-la-prehistoire-a-nos-jours-10-000-ans-daventure\/#primaryimage"},"image":{"@id":"http:\/\/lechappeeclose.it\/boutique\/livres\/arts\/art-culinaire\/lincroyable-histoire-du-vin-de-la-prehistoire-a-nos-jours-10-000-ans-daventure\/#primaryimage"},"thumbnailUrl":"http:\/\/lechappeeclose.it\/wp-content\/uploads\/2025\/02\/Lincroyable-Histoire-du-vin.-De-la-prehistoire-a-nos-jours-10-000-ans-daventure.jpg","datePublished":"2025-02-05T11:38:54+00:00","dateModified":"2026-01-30T13:09:48+00:00","breadcrumb":{"@id":"http:\/\/lechappeeclose.it\/boutique\/livres\/arts\/art-culinaire\/lincroyable-histoire-du-vin-de-la-prehistoire-a-nos-jours-10-000-ans-daventure\/#breadcrumb"},"inLanguage":"it-IT","potentialAction":[{"@type":"ReadAction","target":["http:\/\/lechappeeclose.it\/boutique\/livres\/arts\/art-culinaire\/lincroyable-histoire-du-vin-de-la-prehistoire-a-nos-jours-10-000-ans-daventure\/"]}]},{"@type":"ImageObject","inLanguage":"it-IT","@id":"http:\/\/lechappeeclose.it\/boutique\/livres\/arts\/art-culinaire\/lincroyable-histoire-du-vin-de-la-prehistoire-a-nos-jours-10-000-ans-daventure\/#primaryimage","url":"http:\/\/lechappeeclose.it\/wp-content\/uploads\/2025\/02\/Lincroyable-Histoire-du-vin.-De-la-prehistoire-a-nos-jours-10-000-ans-daventure.jpg","contentUrl":"http:\/\/lechappeeclose.it\/wp-content\/uploads\/2025\/02\/Lincroyable-Histoire-du-vin.-De-la-prehistoire-a-nos-jours-10-000-ans-daventure.jpg","width":800,"height":1129},{"@type":"BreadcrumbList","@id":"http:\/\/lechappeeclose.it\/boutique\/livres\/arts\/art-culinaire\/lincroyable-histoire-du-vin-de-la-prehistoire-a-nos-jours-10-000-ans-daventure\/#breadcrumb","itemListElement":[{"@type":"ListItem","position":1,"name":"Accueil","item":"https:\/\/lechappeeclose.it\/it\/"},{"@type":"ListItem","position":2,"name":"Boutique","item":"https:\/\/lechappeeclose.it\/it\/boutique\/"},{"@type":"ListItem","position":3,"name":"L&#8217;incroyable Histoire du vin. De la pr\u00e9histoire \u00e0 nos jours, 10 000 ans d&#8217;aventure"}]},{"@type":"WebSite","@id":"https:\/\/lechappeeclose.it\/it\/#website","url":"https:\/\/lechappeeclose.it\/it\/","name":"l&#039;\u00e9chapp\u00e9e close","description":"La libreria francese di Milano","publisher":{"@id":"https:\/\/lechappeeclose.it\/it\/#organization"},"alternateName":"La librairie fran\u00e7aise de Milan","potentialAction":[{"@type":"SearchAction","target":{"@type":"EntryPoint","urlTemplate":"https:\/\/lechappeeclose.it\/it\/?s={search_term_string}"},"query-input":{"@type":"PropertyValueSpecification","valueRequired":true,"valueName":"search_term_string"}}],"inLanguage":"it-IT"},{"@type":"Organization","@id":"https:\/\/lechappeeclose.it\/it\/#organization","name":"l&#039;\u00e9chapp\u00e9e close","url":"https:\/\/lechappeeclose.it\/it\/","logo":{"@type":"ImageObject","inLanguage":"it-IT","@id":"https:\/\/lechappeeclose.it\/it\/#\/schema\/logo\/image\/","url":"http:\/\/lechappeeclose.it\/wp-content\/uploads\/2025\/02\/cropped-logo-rond.png","contentUrl":"http:\/\/lechappeeclose.it\/wp-content\/uploads\/2025\/02\/cropped-logo-rond.png","width":1080,"height":1080,"caption":"l&#039;\u00e9chapp\u00e9e close"},"image":{"@id":"https:\/\/lechappeeclose.it\/it\/#\/schema\/logo\/image\/"},"sameAs":["https:\/\/www.instagram.com\/lechappeeclose\/"]}]}},"_links":{"self":[{"href":"http:\/\/lechappeeclose.it\/it\/wp-json\/wp\/v2\/product\/5360","targetHints":{"allow":["GET"]}}],"collection":[{"href":"http:\/\/lechappeeclose.it\/it\/wp-json\/wp\/v2\/product"}],"about":[{"href":"http:\/\/lechappeeclose.it\/it\/wp-json\/wp\/v2\/types\/product"}],"replies":[{"embeddable":true,"href":"http:\/\/lechappeeclose.it\/it\/wp-json\/wp\/v2\/comments?post=5360"}],"wp:featuredmedia":[{"embeddable":true,"href":"http:\/\/lechappeeclose.it\/it\/wp-json\/wp\/v2\/media\/5359"}],"wp:attachment":[{"href":"http:\/\/lechappeeclose.it\/it\/wp-json\/wp\/v2\/media?parent=5360"}],"wp:term":[{"taxonomy":"product_brand","embeddable":true,"href":"http:\/\/lechappeeclose.it\/it\/wp-json\/wp\/v2\/product_brand?post=5360"},{"taxonomy":"product_cat","embeddable":true,"href":"http:\/\/lechappeeclose.it\/it\/wp-json\/wp\/v2\/product_cat?post=5360"},{"taxonomy":"product_tag","embeddable":true,"href":"http:\/\/lechappeeclose.it\/it\/wp-json\/wp\/v2\/product_tag?post=5360"}],"curies":[{"name":"wp","href":"https:\/\/api.w.org\/{rel}","templated":true}]}}