{"id":5318,"date":"2025-02-05T12:28:50","date_gmt":"2025-02-05T11:28:50","guid":{"rendered":"https:\/\/lechappeeclose.it\/produit\/scenes-de-ma-vie-privee\/"},"modified":"2025-02-05T12:28:50","modified_gmt":"2025-02-05T11:28:50","slug":"scenes-de-ma-vie-privee","status":"publish","type":"product","link":"http:\/\/lechappeeclose.it\/it\/boutique\/livres\/litterature\/romans\/scenes-de-ma-vie-privee\/","title":{"rendered":"Sc\u00e8nes de ma vie priv\u00e9e"},"content":{"rendered":"<p>Le roman de la femme quitt\u00e9e est un topos de la litt\u00e9rature fran\u00e7aise, plus rares sont les romans de l\u2019homme quitt\u00e9 dans sa vieillesse par une femme jeune.\u00ab Le bonheur ancien m\u2019\u00e9touffe. Il me chasse du pr\u00e9sent, m\u2019interdit l\u2019avenir \u00bb : Lucien, un romancier fran\u00e7ais de m\u00e8re turque, \u00e2g\u00e9 de 68 ans, est dans un \u00e9tat de douleur h\u00e9b\u00e9t\u00e9e depuis qu\u2019il a \u00e9t\u00e9 abandonn\u00e9 par sa femme Zo\u00e9, \u00e9ditrice romanci\u00e8re d\u2019origine italienne de 33 ans.La tristesse brouille la chronologie du pass\u00e9. En chapitres brefs, Lucien reconstitue la ronde de sa petite \u00ab bande de Saint-Germain des Pr\u00e9s \u00bb, compos\u00e9e de trois amis sexag\u00e9naires en couple avec de jeunes trentenaires qui se trouvent \u00eatre toutes \u00e9crivaines : l\u2019ami de jeunesse Bob, chanteur c\u00e9l\u00e8bre, partage la vie de la jeune russe Natacha ; les deux \u00e9diteurs de Lucien, Eric et Guillaume, vivent respectivement avec Gwendoline, slovaque d\u2019origine congolaise et Maria, grecque.La solitude, l\u2019abandon, la mort qui r\u00f4de, l\u2019\u00e9criture pour survivre, les jeux de l\u2019amour et du hasard, les combinaisons et combinatoires possibles entre \u00e9crivain(e)s et \u00e9diteurs\/trices, la folie des prix litt\u00e9raires, le caract\u00e8re incestueux du petit monde des lettres parisien : autant de th\u00e8mes abord\u00e9s ici sur un registre tour \u00e0 tour d\u00e9sesp\u00e9r\u00e9 et comique par un Besson \u00e0 la d\u00e9vastation tonique, particuli\u00e8rement en verve dans l\u2019autod\u00e9rision et le l\u00e2cher-prise, et qui garde intact son sens de la formule (\u00ab l\u2019italienne a \u00e9t\u00e9 mon ambulance avant d\u2019\u00eatre mon corbillard \u00bb\u2026 \u00ab la vieillesse est une adolescence sans avenir \u00bb\u2026 \u00ab la passion : com\u00e9die pas intelligente qui tourne mal \u00bb\u2026)<\/p>","protected":false},"excerpt":{"rendered":"<p>Le roman de la femme quitt\u00e9e est un topos de la litt\u00e9rature fran\u00e7aise, plus rares sont les romans de l\u2019homme quitt\u00e9 dans sa vieillesse par une femme jeune.\u00ab Le bonheur ancien m\u2019\u00e9touffe. Il me chasse du pr\u00e9sent, m\u2019interdit l\u2019avenir \u00bb : Lucien, un romancier fran\u00e7ais de m\u00e8re turque, \u00e2g\u00e9 de 68 ans, est dans un [&hellip;]<\/p>","protected":false},"featured_media":5317,"comment_status":"open","ping_status":"closed","template":"","meta":[],"product_brand":[],"product_cat":[46],"product_tag":[],"class_list":{"0":"post-5318","1":"product","2":"type-product","3":"status-publish","4":"has-post-thumbnail","6":"product_cat-romans","8":"first","9":"instock","10":"taxable","11":"shipping-taxable","12":"purchasable","13":"product-type-simple"},"yoast_head":"<!-- This site is optimized with the Yoast SEO plugin v27.4 - https:\/\/yoast.com\/product\/yoast-seo-wordpress\/ -->\n<title>Sc\u00e8nes de ma vie priv\u00e9e - l&#039;\u00e9chapp\u00e9e close<\/title>\n<meta name=\"robots\" content=\"index, follow, max-snippet:-1, max-image-preview:large, max-video-preview:-1\" \/>\n<link rel=\"canonical\" href=\"https:\/\/lechappeeclose.it\/it\/boutique\/livres\/litterature\/romans\/scenes-de-ma-vie-privee\/\" \/>\n<meta property=\"og:locale\" content=\"it_IT\" \/>\n<meta property=\"og:type\" content=\"article\" \/>\n<meta property=\"og:title\" content=\"Sc\u00e8nes de ma vie priv\u00e9e - l&#039;\u00e9chapp\u00e9e close\" \/>\n<meta property=\"og:description\" content=\"Le roman de la femme quitt\u00e9e est un topos de la litt\u00e9rature fran\u00e7aise, plus rares sont les romans de l\u2019homme quitt\u00e9 dans sa vieillesse par une femme jeune.\u00ab Le bonheur ancien m\u2019\u00e9touffe. Il me chasse du pr\u00e9sent, m\u2019interdit l\u2019avenir \u00bb : Lucien, un romancier fran\u00e7ais de m\u00e8re turque, \u00e2g\u00e9 de 68 ans, est dans un [&hellip;]\" \/>\n<meta property=\"og:url\" content=\"https:\/\/lechappeeclose.it\/it\/boutique\/livres\/litterature\/romans\/scenes-de-ma-vie-privee\/\" \/>\n<meta property=\"og:site_name\" content=\"l&#039;\u00e9chapp\u00e9e close\" \/>\n<meta property=\"og:image\" content=\"https:\/\/lechappeeclose.it\/wp-content\/uploads\/2025\/02\/Scenes-de-ma-vie-privee.jpg\" \/>\n\t<meta property=\"og:image:width\" content=\"319\" \/>\n\t<meta property=\"og:image:height\" content=\"500\" \/>\n\t<meta property=\"og:image:type\" content=\"image\/jpeg\" \/>\n<meta name=\"twitter:card\" content=\"summary_large_image\" \/>\n<meta name=\"twitter:label1\" content=\"Tempo di lettura stimato\" \/>\n\t<meta name=\"twitter:data1\" content=\"1 minuto\" \/>\n<script type=\"application\/ld+json\" class=\"yoast-schema-graph\">{\"@context\":\"https:\\\/\\\/schema.org\",\"@graph\":[{\"@type\":\"WebPage\",\"@id\":\"https:\\\/\\\/lechappeeclose.it\\\/boutique\\\/livres\\\/litterature\\\/romans\\\/scenes-de-ma-vie-privee\\\/\",\"url\":\"https:\\\/\\\/lechappeeclose.it\\\/boutique\\\/livres\\\/litterature\\\/romans\\\/scenes-de-ma-vie-privee\\\/\",\"name\":\"Sc\u00e8nes de ma vie priv\u00e9e - l&#039;\u00e9chapp\u00e9e close\",\"isPartOf\":{\"@id\":\"http:\\\/\\\/lechappeeclose.it\\\/#website\"},\"primaryImageOfPage\":{\"@id\":\"https:\\\/\\\/lechappeeclose.it\\\/boutique\\\/livres\\\/litterature\\\/romans\\\/scenes-de-ma-vie-privee\\\/#primaryimage\"},\"image\":{\"@id\":\"https:\\\/\\\/lechappeeclose.it\\\/boutique\\\/livres\\\/litterature\\\/romans\\\/scenes-de-ma-vie-privee\\\/#primaryimage\"},\"thumbnailUrl\":\"http:\\\/\\\/lechappeeclose.it\\\/wp-content\\\/uploads\\\/2025\\\/02\\\/Scenes-de-ma-vie-privee.jpg\",\"datePublished\":\"2025-02-05T11:28:50+00:00\",\"breadcrumb\":{\"@id\":\"https:\\\/\\\/lechappeeclose.it\\\/boutique\\\/livres\\\/litterature\\\/romans\\\/scenes-de-ma-vie-privee\\\/#breadcrumb\"},\"inLanguage\":\"it-IT\",\"potentialAction\":[{\"@type\":\"ReadAction\",\"target\":[\"https:\\\/\\\/lechappeeclose.it\\\/boutique\\\/livres\\\/litterature\\\/romans\\\/scenes-de-ma-vie-privee\\\/\"]}]},{\"@type\":\"ImageObject\",\"inLanguage\":\"it-IT\",\"@id\":\"https:\\\/\\\/lechappeeclose.it\\\/boutique\\\/livres\\\/litterature\\\/romans\\\/scenes-de-ma-vie-privee\\\/#primaryimage\",\"url\":\"http:\\\/\\\/lechappeeclose.it\\\/wp-content\\\/uploads\\\/2025\\\/02\\\/Scenes-de-ma-vie-privee.jpg\",\"contentUrl\":\"http:\\\/\\\/lechappeeclose.it\\\/wp-content\\\/uploads\\\/2025\\\/02\\\/Scenes-de-ma-vie-privee.jpg\",\"width\":319,\"height\":500},{\"@type\":\"BreadcrumbList\",\"@id\":\"https:\\\/\\\/lechappeeclose.it\\\/boutique\\\/livres\\\/litterature\\\/romans\\\/scenes-de-ma-vie-privee\\\/#breadcrumb\",\"itemListElement\":[{\"@type\":\"ListItem\",\"position\":1,\"name\":\"Accueil\",\"item\":\"http:\\\/\\\/lechappeeclose.it\\\/\"},{\"@type\":\"ListItem\",\"position\":2,\"name\":\"Boutique\",\"item\":\"http:\\\/\\\/lechappeeclose.it\\\/boutique\\\/\"},{\"@type\":\"ListItem\",\"position\":3,\"name\":\"Sc\u00e8nes de ma vie priv\u00e9e\"}]},{\"@type\":\"WebSite\",\"@id\":\"http:\\\/\\\/lechappeeclose.it\\\/#website\",\"url\":\"http:\\\/\\\/lechappeeclose.it\\\/\",\"name\":\"l&#039;\u00e9chapp\u00e9e close\",\"description\":\"la librairie fran\u00e7aise de Milan\",\"publisher\":{\"@id\":\"http:\\\/\\\/lechappeeclose.it\\\/#organization\"},\"alternateName\":\"La librairie fran\u00e7aise de Milan\",\"potentialAction\":[{\"@type\":\"SearchAction\",\"target\":{\"@type\":\"EntryPoint\",\"urlTemplate\":\"http:\\\/\\\/lechappeeclose.it\\\/?s={search_term_string}\"},\"query-input\":{\"@type\":\"PropertyValueSpecification\",\"valueRequired\":true,\"valueName\":\"search_term_string\"}}],\"inLanguage\":\"it-IT\"},{\"@type\":\"Organization\",\"@id\":\"http:\\\/\\\/lechappeeclose.it\\\/#organization\",\"name\":\"l&#039;\u00e9chapp\u00e9e close\",\"url\":\"http:\\\/\\\/lechappeeclose.it\\\/\",\"logo\":{\"@type\":\"ImageObject\",\"inLanguage\":\"it-IT\",\"@id\":\"http:\\\/\\\/lechappeeclose.it\\\/#\\\/schema\\\/logo\\\/image\\\/\",\"url\":\"http:\\\/\\\/lechappeeclose.it\\\/wp-content\\\/uploads\\\/2025\\\/02\\\/cropped-logo-rond.png\",\"contentUrl\":\"http:\\\/\\\/lechappeeclose.it\\\/wp-content\\\/uploads\\\/2025\\\/02\\\/cropped-logo-rond.png\",\"width\":1080,\"height\":1080,\"caption\":\"l&#039;\u00e9chapp\u00e9e close\"},\"image\":{\"@id\":\"http:\\\/\\\/lechappeeclose.it\\\/#\\\/schema\\\/logo\\\/image\\\/\"},\"sameAs\":[\"https:\\\/\\\/www.instagram.com\\\/lechappeeclose\\\/\"]}]}<\/script>\n<!-- \/ Yoast SEO plugin. -->","yoast_head_json":{"title":"Sc\u00e8nes de ma vie priv\u00e9e - l&#039;\u00e9chapp\u00e9e close","robots":{"index":"index","follow":"follow","max-snippet":"max-snippet:-1","max-image-preview":"max-image-preview:large","max-video-preview":"max-video-preview:-1"},"canonical":"https:\/\/lechappeeclose.it\/it\/boutique\/livres\/litterature\/romans\/scenes-de-ma-vie-privee\/","og_locale":"it_IT","og_type":"article","og_title":"Sc\u00e8nes de ma vie priv\u00e9e - l&#039;\u00e9chapp\u00e9e close","og_description":"Le roman de la femme quitt\u00e9e est un topos de la litt\u00e9rature fran\u00e7aise, plus rares sont les romans de l\u2019homme quitt\u00e9 dans sa vieillesse par une femme jeune.\u00ab Le bonheur ancien m\u2019\u00e9touffe. Il me chasse du pr\u00e9sent, m\u2019interdit l\u2019avenir \u00bb : Lucien, un romancier fran\u00e7ais de m\u00e8re turque, \u00e2g\u00e9 de 68 ans, est dans un [&hellip;]","og_url":"https:\/\/lechappeeclose.it\/it\/boutique\/livres\/litterature\/romans\/scenes-de-ma-vie-privee\/","og_site_name":"l&#039;\u00e9chapp\u00e9e close","og_image":[{"width":319,"height":500,"url":"https:\/\/lechappeeclose.it\/wp-content\/uploads\/2025\/02\/Scenes-de-ma-vie-privee.jpg","type":"image\/jpeg"}],"twitter_card":"summary_large_image","twitter_misc":{"Tempo di lettura stimato":"1 minuto"},"schema":{"@context":"https:\/\/schema.org","@graph":[{"@type":"WebPage","@id":"https:\/\/lechappeeclose.it\/boutique\/livres\/litterature\/romans\/scenes-de-ma-vie-privee\/","url":"https:\/\/lechappeeclose.it\/boutique\/livres\/litterature\/romans\/scenes-de-ma-vie-privee\/","name":"Sc\u00e8nes de ma vie priv\u00e9e - l&#039;\u00e9chapp\u00e9e close","isPartOf":{"@id":"http:\/\/lechappeeclose.it\/#website"},"primaryImageOfPage":{"@id":"https:\/\/lechappeeclose.it\/boutique\/livres\/litterature\/romans\/scenes-de-ma-vie-privee\/#primaryimage"},"image":{"@id":"https:\/\/lechappeeclose.it\/boutique\/livres\/litterature\/romans\/scenes-de-ma-vie-privee\/#primaryimage"},"thumbnailUrl":"http:\/\/lechappeeclose.it\/wp-content\/uploads\/2025\/02\/Scenes-de-ma-vie-privee.jpg","datePublished":"2025-02-05T11:28:50+00:00","breadcrumb":{"@id":"https:\/\/lechappeeclose.it\/boutique\/livres\/litterature\/romans\/scenes-de-ma-vie-privee\/#breadcrumb"},"inLanguage":"it-IT","potentialAction":[{"@type":"ReadAction","target":["https:\/\/lechappeeclose.it\/boutique\/livres\/litterature\/romans\/scenes-de-ma-vie-privee\/"]}]},{"@type":"ImageObject","inLanguage":"it-IT","@id":"https:\/\/lechappeeclose.it\/boutique\/livres\/litterature\/romans\/scenes-de-ma-vie-privee\/#primaryimage","url":"http:\/\/lechappeeclose.it\/wp-content\/uploads\/2025\/02\/Scenes-de-ma-vie-privee.jpg","contentUrl":"http:\/\/lechappeeclose.it\/wp-content\/uploads\/2025\/02\/Scenes-de-ma-vie-privee.jpg","width":319,"height":500},{"@type":"BreadcrumbList","@id":"https:\/\/lechappeeclose.it\/boutique\/livres\/litterature\/romans\/scenes-de-ma-vie-privee\/#breadcrumb","itemListElement":[{"@type":"ListItem","position":1,"name":"Accueil","item":"http:\/\/lechappeeclose.it\/"},{"@type":"ListItem","position":2,"name":"Boutique","item":"http:\/\/lechappeeclose.it\/boutique\/"},{"@type":"ListItem","position":3,"name":"Sc\u00e8nes de ma vie priv\u00e9e"}]},{"@type":"WebSite","@id":"http:\/\/lechappeeclose.it\/#website","url":"http:\/\/lechappeeclose.it\/","name":"l&#039;\u00e9chapp\u00e9e close","description":"La libreria francese di Milano","publisher":{"@id":"http:\/\/lechappeeclose.it\/#organization"},"alternateName":"La librairie fran\u00e7aise de Milan","potentialAction":[{"@type":"SearchAction","target":{"@type":"EntryPoint","urlTemplate":"http:\/\/lechappeeclose.it\/?s={search_term_string}"},"query-input":{"@type":"PropertyValueSpecification","valueRequired":true,"valueName":"search_term_string"}}],"inLanguage":"it-IT"},{"@type":"Organization","@id":"http:\/\/lechappeeclose.it\/#organization","name":"l&#039;\u00e9chapp\u00e9e close","url":"http:\/\/lechappeeclose.it\/","logo":{"@type":"ImageObject","inLanguage":"it-IT","@id":"http:\/\/lechappeeclose.it\/#\/schema\/logo\/image\/","url":"http:\/\/lechappeeclose.it\/wp-content\/uploads\/2025\/02\/cropped-logo-rond.png","contentUrl":"http:\/\/lechappeeclose.it\/wp-content\/uploads\/2025\/02\/cropped-logo-rond.png","width":1080,"height":1080,"caption":"l&#039;\u00e9chapp\u00e9e close"},"image":{"@id":"http:\/\/lechappeeclose.it\/#\/schema\/logo\/image\/"},"sameAs":["https:\/\/www.instagram.com\/lechappeeclose\/"]}]}},"_links":{"self":[{"href":"http:\/\/lechappeeclose.it\/it\/wp-json\/wp\/v2\/product\/5318","targetHints":{"allow":["GET"]}}],"collection":[{"href":"http:\/\/lechappeeclose.it\/it\/wp-json\/wp\/v2\/product"}],"about":[{"href":"http:\/\/lechappeeclose.it\/it\/wp-json\/wp\/v2\/types\/product"}],"replies":[{"embeddable":true,"href":"http:\/\/lechappeeclose.it\/it\/wp-json\/wp\/v2\/comments?post=5318"}],"wp:featuredmedia":[{"embeddable":true,"href":"http:\/\/lechappeeclose.it\/it\/wp-json\/wp\/v2\/media\/5317"}],"wp:attachment":[{"href":"http:\/\/lechappeeclose.it\/it\/wp-json\/wp\/v2\/media?parent=5318"}],"wp:term":[{"taxonomy":"product_brand","embeddable":true,"href":"http:\/\/lechappeeclose.it\/it\/wp-json\/wp\/v2\/product_brand?post=5318"},{"taxonomy":"product_cat","embeddable":true,"href":"http:\/\/lechappeeclose.it\/it\/wp-json\/wp\/v2\/product_cat?post=5318"},{"taxonomy":"product_tag","embeddable":true,"href":"http:\/\/lechappeeclose.it\/it\/wp-json\/wp\/v2\/product_tag?post=5318"}],"curies":[{"name":"wp","href":"https:\/\/api.w.org\/{rel}","templated":true}]}}