{"id":5312,"date":"2025-02-05T12:26:49","date_gmt":"2025-02-05T11:26:49","guid":{"rendered":"https:\/\/lechappeeclose.it\/produit\/un-autre-mattend-ailleurs\/"},"modified":"2025-02-05T12:26:49","modified_gmt":"2025-02-05T11:26:49","slug":"un-autre-mattend-ailleurs","status":"publish","type":"product","link":"http:\/\/lechappeeclose.it\/it\/boutique\/livres\/litterature\/romans\/un-autre-mattend-ailleurs\/","title":{"rendered":"Un autre m&#8217;attend ailleurs"},"content":{"rendered":"<p>\u00ab Le roman de Christophe Bigot, croyez-moi, va \u00eatre l\u2019un des \u00e9v\u00e9nements de cette rentr\u00e9e litt\u00e9raire. \u00bb J\u00e9r\u00f4me Garcin \u2013 Le Nouvel Obs\u00ab Christophe Bigot s\u2019est empar\u00e9 de cette histoire avec une d\u00e9licatesse et une fougue qui font de son livre un bijou. \u00bb Claude Arnaud \u2013 Le Point\u00ab La &#8220;romance&#8221; se referme, on n&#8217;a qu&#8217;une h\u00e2te, la relire. \u00bb L\u2019Express \u2013 Marianne Payot\u00ab Christophe Bigot d\u00e9crit avec gr\u00e2ce et loin de tout clich\u00e9 [&#8230;] les \u00e9mois d&#8217;une \u00e9crivaine qu&#8217;il connait \u00e0 merveille. \u00bb Fabienne Pascaud \u2013 T\u00e9l\u00e9rama\u00ab Un r\u00e9cit passionnant et terrible \u00bb Jean-Claude Perrier \u2013 Livres HebdoLe roman-vrai de la passion entre Marguerite Yourcenar, premi\u00e8re femme \u00e0 entrer \u00e0 l\u2019Acad\u00e9mie fran\u00e7aise, et Jerry Wilson, jeune photographe de quarante-six ans son cadet. Captivant, subversif et follement romanesque.Au tournant des ann\u00e9es 1980, tous les yeux sont riv\u00e9s sur Marguerite Yourcenar, l\u2019autrice des M\u00e9moires d\u2019Hadrien. Pourtant, que sait-on d\u2019elle ? Qu\u2019elle vit aux \u00c9tats-Unis, qu\u2019elle vient de perdre sa compagne, l\u2019Am\u00e9ricaine Grace Frick\u2026 \u00c0 pr\u00e8s de soixante-seize ans, Yourcenar semble ne plus rien avoir \u00e0 attendre de la vie. La rencontre de Jerry Wilson va tout changer. Avec ce photographe am\u00e9ricain homosexuel \u00e2g\u00e9 de trente ans commence alors un roman d\u2019amour aussi inattendu que destructeur \u2013 la derni\u00e8re passion d\u2019une grande dame des lettres et d\u2019une grande amoureuse.N\u00e9 en 1976, Christophe Bigot enseigne la litt\u00e9rature en classes pr\u00e9paratoires. Son premier roman L&#8217;Archange et le procureur, paru chez Gallimard, a re\u00e7u cinq r\u00e9compenses dont le Prix Mottart de l&#8217;Acad\u00e9mie fran\u00e7aise. Son dernier roman, Le Ch\u00e2teau des trompe-l\u2019\u0153il, prim\u00e9 \u00e0 La Nuit du Livre, est paru aux \u00c9ditions de La Martini\u00e8re, et en poche chez Folio. L\u2019\u0153uvre de Marguerite Yourcenar a accompagn\u00e9 sa vie d\u2019homme, d\u2019\u00e9crivain et de professeur de Lettres depuis les tout premiers moments.<\/p>","protected":false},"excerpt":{"rendered":"<p>\u00ab Le roman de Christophe Bigot, croyez-moi, va \u00eatre l\u2019un des \u00e9v\u00e9nements de cette rentr\u00e9e litt\u00e9raire. \u00bb J\u00e9r\u00f4me Garcin \u2013 Le Nouvel Obs\u00ab Christophe Bigot s\u2019est empar\u00e9 de cette histoire avec une d\u00e9licatesse et une fougue qui font de son livre un bijou. \u00bb Claude Arnaud \u2013 Le Point\u00ab La &#8220;romance&#8221; se referme, on n&#8217;a [&hellip;]<\/p>","protected":false},"featured_media":5311,"comment_status":"open","ping_status":"closed","template":"","meta":[],"product_brand":[],"product_cat":[46],"product_tag":[],"class_list":{"0":"post-5312","1":"product","2":"type-product","3":"status-publish","4":"has-post-thumbnail","6":"product_cat-romans","8":"first","9":"instock","10":"taxable","11":"shipping-taxable","12":"purchasable","13":"product-type-simple"},"yoast_head":"<!-- This site is optimized with the Yoast SEO plugin v27.4 - https:\/\/yoast.com\/product\/yoast-seo-wordpress\/ -->\n<title>Un autre m&#039;attend ailleurs - l&#039;\u00e9chapp\u00e9e close<\/title>\n<meta name=\"robots\" content=\"index, follow, max-snippet:-1, max-image-preview:large, max-video-preview:-1\" \/>\n<link rel=\"canonical\" href=\"https:\/\/lechappeeclose.it\/it\/boutique\/livres\/litterature\/romans\/un-autre-mattend-ailleurs\/\" \/>\n<meta property=\"og:locale\" content=\"it_IT\" \/>\n<meta property=\"og:type\" content=\"article\" \/>\n<meta property=\"og:title\" content=\"Un autre m&#039;attend ailleurs - l&#039;\u00e9chapp\u00e9e close\" \/>\n<meta property=\"og:description\" content=\"\u00ab Le roman de Christophe Bigot, croyez-moi, va \u00eatre l\u2019un des \u00e9v\u00e9nements de cette rentr\u00e9e litt\u00e9raire. \u00bb J\u00e9r\u00f4me Garcin \u2013 Le Nouvel Obs\u00ab Christophe Bigot s\u2019est empar\u00e9 de cette histoire avec une d\u00e9licatesse et une fougue qui font de son livre un bijou. \u00bb Claude Arnaud \u2013 Le Point\u00ab La &#8220;romance&#8221; se referme, on n&#8217;a [&hellip;]\" \/>\n<meta property=\"og:url\" content=\"https:\/\/lechappeeclose.it\/it\/boutique\/livres\/litterature\/romans\/un-autre-mattend-ailleurs\/\" \/>\n<meta property=\"og:site_name\" content=\"l&#039;\u00e9chapp\u00e9e close\" \/>\n<meta property=\"og:image\" content=\"https:\/\/lechappeeclose.it\/wp-content\/uploads\/2025\/02\/Un-autre-mattend-ailleurs.jpg\" \/>\n\t<meta property=\"og:image:width\" content=\"317\" \/>\n\t<meta property=\"og:image:height\" content=\"500\" \/>\n\t<meta property=\"og:image:type\" content=\"image\/jpeg\" \/>\n<meta name=\"twitter:card\" content=\"summary_large_image\" \/>\n<meta name=\"twitter:label1\" content=\"Tempo di lettura stimato\" \/>\n\t<meta name=\"twitter:data1\" content=\"2 minuti\" \/>\n<script type=\"application\/ld+json\" class=\"yoast-schema-graph\">{\"@context\":\"https:\\\/\\\/schema.org\",\"@graph\":[{\"@type\":\"WebPage\",\"@id\":\"https:\\\/\\\/lechappeeclose.it\\\/it\\\/boutique\\\/livres\\\/litterature\\\/romans\\\/un-autre-mattend-ailleurs\\\/\",\"url\":\"https:\\\/\\\/lechappeeclose.it\\\/it\\\/boutique\\\/livres\\\/litterature\\\/romans\\\/un-autre-mattend-ailleurs\\\/\",\"name\":\"Un autre m'attend ailleurs - l&#039;\u00e9chapp\u00e9e close\",\"isPartOf\":{\"@id\":\"http:\\\/\\\/lechappeeclose.it\\\/#website\"},\"primaryImageOfPage\":{\"@id\":\"https:\\\/\\\/lechappeeclose.it\\\/it\\\/boutique\\\/livres\\\/litterature\\\/romans\\\/un-autre-mattend-ailleurs\\\/#primaryimage\"},\"image\":{\"@id\":\"https:\\\/\\\/lechappeeclose.it\\\/it\\\/boutique\\\/livres\\\/litterature\\\/romans\\\/un-autre-mattend-ailleurs\\\/#primaryimage\"},\"thumbnailUrl\":\"http:\\\/\\\/lechappeeclose.it\\\/wp-content\\\/uploads\\\/2025\\\/02\\\/Un-autre-mattend-ailleurs.jpg\",\"datePublished\":\"2025-02-05T11:26:49+00:00\",\"breadcrumb\":{\"@id\":\"https:\\\/\\\/lechappeeclose.it\\\/it\\\/boutique\\\/livres\\\/litterature\\\/romans\\\/un-autre-mattend-ailleurs\\\/#breadcrumb\"},\"inLanguage\":\"it-IT\",\"potentialAction\":[{\"@type\":\"ReadAction\",\"target\":[\"https:\\\/\\\/lechappeeclose.it\\\/it\\\/boutique\\\/livres\\\/litterature\\\/romans\\\/un-autre-mattend-ailleurs\\\/\"]}]},{\"@type\":\"ImageObject\",\"inLanguage\":\"it-IT\",\"@id\":\"https:\\\/\\\/lechappeeclose.it\\\/it\\\/boutique\\\/livres\\\/litterature\\\/romans\\\/un-autre-mattend-ailleurs\\\/#primaryimage\",\"url\":\"http:\\\/\\\/lechappeeclose.it\\\/wp-content\\\/uploads\\\/2025\\\/02\\\/Un-autre-mattend-ailleurs.jpg\",\"contentUrl\":\"http:\\\/\\\/lechappeeclose.it\\\/wp-content\\\/uploads\\\/2025\\\/02\\\/Un-autre-mattend-ailleurs.jpg\",\"width\":317,\"height\":500},{\"@type\":\"BreadcrumbList\",\"@id\":\"https:\\\/\\\/lechappeeclose.it\\\/it\\\/boutique\\\/livres\\\/litterature\\\/romans\\\/un-autre-mattend-ailleurs\\\/#breadcrumb\",\"itemListElement\":[{\"@type\":\"ListItem\",\"position\":1,\"name\":\"Accueil\",\"item\":\"http:\\\/\\\/lechappeeclose.it\\\/\"},{\"@type\":\"ListItem\",\"position\":2,\"name\":\"Boutique\",\"item\":\"http:\\\/\\\/lechappeeclose.it\\\/boutique\\\/\"},{\"@type\":\"ListItem\",\"position\":3,\"name\":\"Un autre m&#8217;attend ailleurs\"}]},{\"@type\":\"WebSite\",\"@id\":\"http:\\\/\\\/lechappeeclose.it\\\/#website\",\"url\":\"http:\\\/\\\/lechappeeclose.it\\\/\",\"name\":\"l&#039;\u00e9chapp\u00e9e close\",\"description\":\"la librairie fran\u00e7aise de Milan\",\"publisher\":{\"@id\":\"http:\\\/\\\/lechappeeclose.it\\\/#organization\"},\"alternateName\":\"La librairie fran\u00e7aise de Milan\",\"potentialAction\":[{\"@type\":\"SearchAction\",\"target\":{\"@type\":\"EntryPoint\",\"urlTemplate\":\"http:\\\/\\\/lechappeeclose.it\\\/?s={search_term_string}\"},\"query-input\":{\"@type\":\"PropertyValueSpecification\",\"valueRequired\":true,\"valueName\":\"search_term_string\"}}],\"inLanguage\":\"it-IT\"},{\"@type\":\"Organization\",\"@id\":\"http:\\\/\\\/lechappeeclose.it\\\/#organization\",\"name\":\"l&#039;\u00e9chapp\u00e9e close\",\"url\":\"http:\\\/\\\/lechappeeclose.it\\\/\",\"logo\":{\"@type\":\"ImageObject\",\"inLanguage\":\"it-IT\",\"@id\":\"http:\\\/\\\/lechappeeclose.it\\\/#\\\/schema\\\/logo\\\/image\\\/\",\"url\":\"http:\\\/\\\/lechappeeclose.it\\\/wp-content\\\/uploads\\\/2025\\\/02\\\/cropped-logo-rond.png\",\"contentUrl\":\"http:\\\/\\\/lechappeeclose.it\\\/wp-content\\\/uploads\\\/2025\\\/02\\\/cropped-logo-rond.png\",\"width\":1080,\"height\":1080,\"caption\":\"l&#039;\u00e9chapp\u00e9e close\"},\"image\":{\"@id\":\"http:\\\/\\\/lechappeeclose.it\\\/#\\\/schema\\\/logo\\\/image\\\/\"},\"sameAs\":[\"https:\\\/\\\/www.instagram.com\\\/lechappeeclose\\\/\"]}]}<\/script>\n<!-- \/ Yoast SEO plugin. -->","yoast_head_json":{"title":"Un autre m'attend ailleurs - l&#039;\u00e9chapp\u00e9e close","robots":{"index":"index","follow":"follow","max-snippet":"max-snippet:-1","max-image-preview":"max-image-preview:large","max-video-preview":"max-video-preview:-1"},"canonical":"https:\/\/lechappeeclose.it\/it\/boutique\/livres\/litterature\/romans\/un-autre-mattend-ailleurs\/","og_locale":"it_IT","og_type":"article","og_title":"Un autre m'attend ailleurs - l&#039;\u00e9chapp\u00e9e close","og_description":"\u00ab Le roman de Christophe Bigot, croyez-moi, va \u00eatre l\u2019un des \u00e9v\u00e9nements de cette rentr\u00e9e litt\u00e9raire. \u00bb J\u00e9r\u00f4me Garcin \u2013 Le Nouvel Obs\u00ab Christophe Bigot s\u2019est empar\u00e9 de cette histoire avec une d\u00e9licatesse et une fougue qui font de son livre un bijou. \u00bb Claude Arnaud \u2013 Le Point\u00ab La &#8220;romance&#8221; se referme, on n&#8217;a [&hellip;]","og_url":"https:\/\/lechappeeclose.it\/it\/boutique\/livres\/litterature\/romans\/un-autre-mattend-ailleurs\/","og_site_name":"l&#039;\u00e9chapp\u00e9e close","og_image":[{"width":317,"height":500,"url":"https:\/\/lechappeeclose.it\/wp-content\/uploads\/2025\/02\/Un-autre-mattend-ailleurs.jpg","type":"image\/jpeg"}],"twitter_card":"summary_large_image","twitter_misc":{"Tempo di lettura stimato":"2 minuti"},"schema":{"@context":"https:\/\/schema.org","@graph":[{"@type":"WebPage","@id":"https:\/\/lechappeeclose.it\/it\/boutique\/livres\/litterature\/romans\/un-autre-mattend-ailleurs\/","url":"https:\/\/lechappeeclose.it\/it\/boutique\/livres\/litterature\/romans\/un-autre-mattend-ailleurs\/","name":"Un autre m'attend ailleurs - l&#039;\u00e9chapp\u00e9e close","isPartOf":{"@id":"http:\/\/lechappeeclose.it\/#website"},"primaryImageOfPage":{"@id":"https:\/\/lechappeeclose.it\/it\/boutique\/livres\/litterature\/romans\/un-autre-mattend-ailleurs\/#primaryimage"},"image":{"@id":"https:\/\/lechappeeclose.it\/it\/boutique\/livres\/litterature\/romans\/un-autre-mattend-ailleurs\/#primaryimage"},"thumbnailUrl":"http:\/\/lechappeeclose.it\/wp-content\/uploads\/2025\/02\/Un-autre-mattend-ailleurs.jpg","datePublished":"2025-02-05T11:26:49+00:00","breadcrumb":{"@id":"https:\/\/lechappeeclose.it\/it\/boutique\/livres\/litterature\/romans\/un-autre-mattend-ailleurs\/#breadcrumb"},"inLanguage":"it-IT","potentialAction":[{"@type":"ReadAction","target":["https:\/\/lechappeeclose.it\/it\/boutique\/livres\/litterature\/romans\/un-autre-mattend-ailleurs\/"]}]},{"@type":"ImageObject","inLanguage":"it-IT","@id":"https:\/\/lechappeeclose.it\/it\/boutique\/livres\/litterature\/romans\/un-autre-mattend-ailleurs\/#primaryimage","url":"http:\/\/lechappeeclose.it\/wp-content\/uploads\/2025\/02\/Un-autre-mattend-ailleurs.jpg","contentUrl":"http:\/\/lechappeeclose.it\/wp-content\/uploads\/2025\/02\/Un-autre-mattend-ailleurs.jpg","width":317,"height":500},{"@type":"BreadcrumbList","@id":"https:\/\/lechappeeclose.it\/it\/boutique\/livres\/litterature\/romans\/un-autre-mattend-ailleurs\/#breadcrumb","itemListElement":[{"@type":"ListItem","position":1,"name":"Accueil","item":"http:\/\/lechappeeclose.it\/"},{"@type":"ListItem","position":2,"name":"Boutique","item":"http:\/\/lechappeeclose.it\/boutique\/"},{"@type":"ListItem","position":3,"name":"Un autre m&#8217;attend ailleurs"}]},{"@type":"WebSite","@id":"http:\/\/lechappeeclose.it\/#website","url":"http:\/\/lechappeeclose.it\/","name":"l&#039;\u00e9chapp\u00e9e close","description":"La libreria francese di Milano","publisher":{"@id":"http:\/\/lechappeeclose.it\/#organization"},"alternateName":"La librairie fran\u00e7aise de Milan","potentialAction":[{"@type":"SearchAction","target":{"@type":"EntryPoint","urlTemplate":"http:\/\/lechappeeclose.it\/?s={search_term_string}"},"query-input":{"@type":"PropertyValueSpecification","valueRequired":true,"valueName":"search_term_string"}}],"inLanguage":"it-IT"},{"@type":"Organization","@id":"http:\/\/lechappeeclose.it\/#organization","name":"l&#039;\u00e9chapp\u00e9e close","url":"http:\/\/lechappeeclose.it\/","logo":{"@type":"ImageObject","inLanguage":"it-IT","@id":"http:\/\/lechappeeclose.it\/#\/schema\/logo\/image\/","url":"http:\/\/lechappeeclose.it\/wp-content\/uploads\/2025\/02\/cropped-logo-rond.png","contentUrl":"http:\/\/lechappeeclose.it\/wp-content\/uploads\/2025\/02\/cropped-logo-rond.png","width":1080,"height":1080,"caption":"l&#039;\u00e9chapp\u00e9e close"},"image":{"@id":"http:\/\/lechappeeclose.it\/#\/schema\/logo\/image\/"},"sameAs":["https:\/\/www.instagram.com\/lechappeeclose\/"]}]}},"_links":{"self":[{"href":"http:\/\/lechappeeclose.it\/it\/wp-json\/wp\/v2\/product\/5312","targetHints":{"allow":["GET"]}}],"collection":[{"href":"http:\/\/lechappeeclose.it\/it\/wp-json\/wp\/v2\/product"}],"about":[{"href":"http:\/\/lechappeeclose.it\/it\/wp-json\/wp\/v2\/types\/product"}],"replies":[{"embeddable":true,"href":"http:\/\/lechappeeclose.it\/it\/wp-json\/wp\/v2\/comments?post=5312"}],"wp:featuredmedia":[{"embeddable":true,"href":"http:\/\/lechappeeclose.it\/it\/wp-json\/wp\/v2\/media\/5311"}],"wp:attachment":[{"href":"http:\/\/lechappeeclose.it\/it\/wp-json\/wp\/v2\/media?parent=5312"}],"wp:term":[{"taxonomy":"product_brand","embeddable":true,"href":"http:\/\/lechappeeclose.it\/it\/wp-json\/wp\/v2\/product_brand?post=5312"},{"taxonomy":"product_cat","embeddable":true,"href":"http:\/\/lechappeeclose.it\/it\/wp-json\/wp\/v2\/product_cat?post=5312"},{"taxonomy":"product_tag","embeddable":true,"href":"http:\/\/lechappeeclose.it\/it\/wp-json\/wp\/v2\/product_tag?post=5312"}],"curies":[{"name":"wp","href":"https:\/\/api.w.org\/{rel}","templated":true}]}}