{"id":5225,"date":"2025-02-05T12:01:02","date_gmt":"2025-02-05T11:01:02","guid":{"rendered":"https:\/\/lechappeeclose.it\/produit\/le-fruit-le-plus-rare-ou-la-vie-dedmond-albius\/"},"modified":"2025-02-05T12:01:02","modified_gmt":"2025-02-05T11:01:02","slug":"le-fruit-le-plus-rare-ou-la-vie-dedmond-albius","status":"publish","type":"product","link":"http:\/\/lechappeeclose.it\/it\/boutique\/livres\/litterature\/romans\/le-fruit-le-plus-rare-ou-la-vie-dedmond-albius\/","title":{"rendered":"Le fruit le plus rare ou la vie d&#8217;Edmond Albius"},"content":{"rendered":"<p>&#8220;Au XIXe si\u00e8cle na\u00eet \u00e0 l&#8217;\u00eele de La R\u00e9union un gar\u00e7on cr\u00e9ole : Edmond. Ses parents aimeraient que leur fils grandisse aux abords des champs de canne \u00e0 sucre, des rires plein le c\u0153ur, l&#8217;esprit enti\u00e8rement libre. Le malheur en d\u00e9cide autrement. D&#8217;abord, il fait d&#8217;Edmond un esclave. Dans la foul\u00e9e, un orphelin. Apr\u00e8s, un gar\u00e7onnet analphab\u00e8te. La vie s&#8217;annonce infernale, mais l&#8217;enfant a un talent sans pareil : celui de d\u00e9jouer les pronostics. Recueilli et \u00e9lev\u00e9 par un botaniste amoureux d&#8217;orchid\u00e9es, Edmond est un prodige d\u00e8s qu&#8217;il met les pieds dans un jardin. 1841. \u00c2g\u00e9 de douze ans, vif et rus\u00e9 comme quatre, Edmond fait l&#8217;une des plus extraordinaires d\u00e9couvertes du monde : un nouveau fruit, un nouvel ar\u00f4me, le plus savoureux, le plus connu, le plus aim\u00e9 qui soit au XXIe si\u00e8cle encore ! Le fruit le plus rare raconte les aventures rocambolesques d&#8217;Edmond, maillon d&#8217;une cha\u00eene qui unit le Mexique, l&#8217;Espagne, la France et La R\u00e9union, autour d&#8217;un petit fruit pas comme les autres. Et voici donc une histoire vraie, am\u00e8re, d\u00e9licieuse et envo\u00fbtante.&#8221;&#8211;Page 4 of cover.<\/p>","protected":false},"excerpt":{"rendered":"<p>&#8220;Au XIXe si\u00e8cle na\u00eet \u00e0 l&#8217;\u00eele de La R\u00e9union un gar\u00e7on cr\u00e9ole : Edmond. Ses parents aimeraient que leur fils grandisse aux abords des champs de canne \u00e0 sucre, des rires plein le c\u0153ur, l&#8217;esprit enti\u00e8rement libre. Le malheur en d\u00e9cide autrement. D&#8217;abord, il fait d&#8217;Edmond un esclave. Dans la foul\u00e9e, un orphelin. Apr\u00e8s, un [&hellip;]<\/p>","protected":false},"featured_media":5224,"comment_status":"open","ping_status":"closed","template":"","meta":[],"product_brand":[],"product_cat":[46],"product_tag":[],"class_list":{"0":"post-5225","1":"product","2":"type-product","3":"status-publish","4":"has-post-thumbnail","6":"product_cat-romans","8":"first","9":"instock","10":"taxable","11":"shipping-taxable","12":"purchasable","13":"product-type-simple"},"yoast_head":"<!-- This site is optimized with the Yoast SEO plugin v27.4 - https:\/\/yoast.com\/product\/yoast-seo-wordpress\/ -->\n<title>Le fruit le plus rare ou la vie d&#039;Edmond Albius - l&#039;\u00e9chapp\u00e9e close<\/title>\n<meta name=\"robots\" content=\"index, follow, max-snippet:-1, max-image-preview:large, max-video-preview:-1\" \/>\n<link rel=\"canonical\" href=\"https:\/\/lechappeeclose.it\/it\/boutique\/livres\/litterature\/romans\/le-fruit-le-plus-rare-ou-la-vie-dedmond-albius\/\" \/>\n<meta property=\"og:locale\" content=\"it_IT\" \/>\n<meta property=\"og:type\" content=\"article\" \/>\n<meta property=\"og:title\" content=\"Le fruit le plus rare ou la vie d&#039;Edmond Albius - l&#039;\u00e9chapp\u00e9e close\" \/>\n<meta property=\"og:description\" content=\"&#8220;Au XIXe si\u00e8cle na\u00eet \u00e0 l&#8217;\u00eele de La R\u00e9union un gar\u00e7on cr\u00e9ole : Edmond. Ses parents aimeraient que leur fils grandisse aux abords des champs de canne \u00e0 sucre, des rires plein le c\u0153ur, l&#8217;esprit enti\u00e8rement libre. Le malheur en d\u00e9cide autrement. D&#8217;abord, il fait d&#8217;Edmond un esclave. Dans la foul\u00e9e, un orphelin. Apr\u00e8s, un [&hellip;]\" \/>\n<meta property=\"og:url\" content=\"https:\/\/lechappeeclose.it\/it\/boutique\/livres\/litterature\/romans\/le-fruit-le-plus-rare-ou-la-vie-dedmond-albius\/\" \/>\n<meta property=\"og:site_name\" content=\"l&#039;\u00e9chapp\u00e9e close\" \/>\n<meta property=\"og:image\" content=\"https:\/\/lechappeeclose.it\/wp-content\/uploads\/2025\/02\/Le-fruit-le-plus-rare-ou-la-vie-dEdmond-Albius.jpg\" \/>\n\t<meta property=\"og:image:width\" content=\"335\" \/>\n\t<meta property=\"og:image:height\" content=\"500\" \/>\n\t<meta property=\"og:image:type\" content=\"image\/jpeg\" \/>\n<meta name=\"twitter:card\" content=\"summary_large_image\" \/>\n<meta name=\"twitter:label1\" content=\"Tempo di lettura stimato\" \/>\n\t<meta name=\"twitter:data1\" content=\"1 minuto\" \/>\n<script type=\"application\/ld+json\" class=\"yoast-schema-graph\">{\"@context\":\"https:\\\/\\\/schema.org\",\"@graph\":[{\"@type\":\"WebPage\",\"@id\":\"https:\\\/\\\/lechappeeclose.it\\\/boutique\\\/livres\\\/litterature\\\/romans\\\/le-fruit-le-plus-rare-ou-la-vie-dedmond-albius\\\/\",\"url\":\"https:\\\/\\\/lechappeeclose.it\\\/boutique\\\/livres\\\/litterature\\\/romans\\\/le-fruit-le-plus-rare-ou-la-vie-dedmond-albius\\\/\",\"name\":\"Le fruit le plus rare ou la vie d'Edmond Albius - l&#039;\u00e9chapp\u00e9e close\",\"isPartOf\":{\"@id\":\"http:\\\/\\\/lechappeeclose.it\\\/#website\"},\"primaryImageOfPage\":{\"@id\":\"https:\\\/\\\/lechappeeclose.it\\\/boutique\\\/livres\\\/litterature\\\/romans\\\/le-fruit-le-plus-rare-ou-la-vie-dedmond-albius\\\/#primaryimage\"},\"image\":{\"@id\":\"https:\\\/\\\/lechappeeclose.it\\\/boutique\\\/livres\\\/litterature\\\/romans\\\/le-fruit-le-plus-rare-ou-la-vie-dedmond-albius\\\/#primaryimage\"},\"thumbnailUrl\":\"http:\\\/\\\/lechappeeclose.it\\\/wp-content\\\/uploads\\\/2025\\\/02\\\/Le-fruit-le-plus-rare-ou-la-vie-dEdmond-Albius.jpg\",\"datePublished\":\"2025-02-05T11:01:02+00:00\",\"breadcrumb\":{\"@id\":\"https:\\\/\\\/lechappeeclose.it\\\/boutique\\\/livres\\\/litterature\\\/romans\\\/le-fruit-le-plus-rare-ou-la-vie-dedmond-albius\\\/#breadcrumb\"},\"inLanguage\":\"it-IT\",\"potentialAction\":[{\"@type\":\"ReadAction\",\"target\":[\"https:\\\/\\\/lechappeeclose.it\\\/boutique\\\/livres\\\/litterature\\\/romans\\\/le-fruit-le-plus-rare-ou-la-vie-dedmond-albius\\\/\"]}]},{\"@type\":\"ImageObject\",\"inLanguage\":\"it-IT\",\"@id\":\"https:\\\/\\\/lechappeeclose.it\\\/boutique\\\/livres\\\/litterature\\\/romans\\\/le-fruit-le-plus-rare-ou-la-vie-dedmond-albius\\\/#primaryimage\",\"url\":\"http:\\\/\\\/lechappeeclose.it\\\/wp-content\\\/uploads\\\/2025\\\/02\\\/Le-fruit-le-plus-rare-ou-la-vie-dEdmond-Albius.jpg\",\"contentUrl\":\"http:\\\/\\\/lechappeeclose.it\\\/wp-content\\\/uploads\\\/2025\\\/02\\\/Le-fruit-le-plus-rare-ou-la-vie-dEdmond-Albius.jpg\",\"width\":335,\"height\":500},{\"@type\":\"BreadcrumbList\",\"@id\":\"https:\\\/\\\/lechappeeclose.it\\\/boutique\\\/livres\\\/litterature\\\/romans\\\/le-fruit-le-plus-rare-ou-la-vie-dedmond-albius\\\/#breadcrumb\",\"itemListElement\":[{\"@type\":\"ListItem\",\"position\":1,\"name\":\"Accueil\",\"item\":\"http:\\\/\\\/lechappeeclose.it\\\/\"},{\"@type\":\"ListItem\",\"position\":2,\"name\":\"Boutique\",\"item\":\"http:\\\/\\\/lechappeeclose.it\\\/boutique\\\/\"},{\"@type\":\"ListItem\",\"position\":3,\"name\":\"Le fruit le plus rare ou la vie d&#8217;Edmond Albius\"}]},{\"@type\":\"WebSite\",\"@id\":\"http:\\\/\\\/lechappeeclose.it\\\/#website\",\"url\":\"http:\\\/\\\/lechappeeclose.it\\\/\",\"name\":\"l&#039;\u00e9chapp\u00e9e close\",\"description\":\"la librairie fran\u00e7aise de Milan\",\"publisher\":{\"@id\":\"http:\\\/\\\/lechappeeclose.it\\\/#organization\"},\"alternateName\":\"La librairie fran\u00e7aise de Milan\",\"potentialAction\":[{\"@type\":\"SearchAction\",\"target\":{\"@type\":\"EntryPoint\",\"urlTemplate\":\"http:\\\/\\\/lechappeeclose.it\\\/?s={search_term_string}\"},\"query-input\":{\"@type\":\"PropertyValueSpecification\",\"valueRequired\":true,\"valueName\":\"search_term_string\"}}],\"inLanguage\":\"it-IT\"},{\"@type\":\"Organization\",\"@id\":\"http:\\\/\\\/lechappeeclose.it\\\/#organization\",\"name\":\"l&#039;\u00e9chapp\u00e9e close\",\"url\":\"http:\\\/\\\/lechappeeclose.it\\\/\",\"logo\":{\"@type\":\"ImageObject\",\"inLanguage\":\"it-IT\",\"@id\":\"http:\\\/\\\/lechappeeclose.it\\\/#\\\/schema\\\/logo\\\/image\\\/\",\"url\":\"http:\\\/\\\/lechappeeclose.it\\\/wp-content\\\/uploads\\\/2025\\\/02\\\/cropped-logo-rond.png\",\"contentUrl\":\"http:\\\/\\\/lechappeeclose.it\\\/wp-content\\\/uploads\\\/2025\\\/02\\\/cropped-logo-rond.png\",\"width\":1080,\"height\":1080,\"caption\":\"l&#039;\u00e9chapp\u00e9e close\"},\"image\":{\"@id\":\"http:\\\/\\\/lechappeeclose.it\\\/#\\\/schema\\\/logo\\\/image\\\/\"},\"sameAs\":[\"https:\\\/\\\/www.instagram.com\\\/lechappeeclose\\\/\"]}]}<\/script>\n<!-- \/ Yoast SEO plugin. -->","yoast_head_json":{"title":"Le fruit le plus rare ou la vie d'Edmond Albius - l&#039;\u00e9chapp\u00e9e close","robots":{"index":"index","follow":"follow","max-snippet":"max-snippet:-1","max-image-preview":"max-image-preview:large","max-video-preview":"max-video-preview:-1"},"canonical":"https:\/\/lechappeeclose.it\/it\/boutique\/livres\/litterature\/romans\/le-fruit-le-plus-rare-ou-la-vie-dedmond-albius\/","og_locale":"it_IT","og_type":"article","og_title":"Le fruit le plus rare ou la vie d'Edmond Albius - l&#039;\u00e9chapp\u00e9e close","og_description":"&#8220;Au XIXe si\u00e8cle na\u00eet \u00e0 l&#8217;\u00eele de La R\u00e9union un gar\u00e7on cr\u00e9ole : Edmond. Ses parents aimeraient que leur fils grandisse aux abords des champs de canne \u00e0 sucre, des rires plein le c\u0153ur, l&#8217;esprit enti\u00e8rement libre. Le malheur en d\u00e9cide autrement. D&#8217;abord, il fait d&#8217;Edmond un esclave. Dans la foul\u00e9e, un orphelin. Apr\u00e8s, un [&hellip;]","og_url":"https:\/\/lechappeeclose.it\/it\/boutique\/livres\/litterature\/romans\/le-fruit-le-plus-rare-ou-la-vie-dedmond-albius\/","og_site_name":"l&#039;\u00e9chapp\u00e9e close","og_image":[{"width":335,"height":500,"url":"https:\/\/lechappeeclose.it\/wp-content\/uploads\/2025\/02\/Le-fruit-le-plus-rare-ou-la-vie-dEdmond-Albius.jpg","type":"image\/jpeg"}],"twitter_card":"summary_large_image","twitter_misc":{"Tempo di lettura stimato":"1 minuto"},"schema":{"@context":"https:\/\/schema.org","@graph":[{"@type":"WebPage","@id":"https:\/\/lechappeeclose.it\/boutique\/livres\/litterature\/romans\/le-fruit-le-plus-rare-ou-la-vie-dedmond-albius\/","url":"https:\/\/lechappeeclose.it\/boutique\/livres\/litterature\/romans\/le-fruit-le-plus-rare-ou-la-vie-dedmond-albius\/","name":"Le fruit le plus rare ou la vie d'Edmond Albius - l&#039;\u00e9chapp\u00e9e close","isPartOf":{"@id":"http:\/\/lechappeeclose.it\/#website"},"primaryImageOfPage":{"@id":"https:\/\/lechappeeclose.it\/boutique\/livres\/litterature\/romans\/le-fruit-le-plus-rare-ou-la-vie-dedmond-albius\/#primaryimage"},"image":{"@id":"https:\/\/lechappeeclose.it\/boutique\/livres\/litterature\/romans\/le-fruit-le-plus-rare-ou-la-vie-dedmond-albius\/#primaryimage"},"thumbnailUrl":"http:\/\/lechappeeclose.it\/wp-content\/uploads\/2025\/02\/Le-fruit-le-plus-rare-ou-la-vie-dEdmond-Albius.jpg","datePublished":"2025-02-05T11:01:02+00:00","breadcrumb":{"@id":"https:\/\/lechappeeclose.it\/boutique\/livres\/litterature\/romans\/le-fruit-le-plus-rare-ou-la-vie-dedmond-albius\/#breadcrumb"},"inLanguage":"it-IT","potentialAction":[{"@type":"ReadAction","target":["https:\/\/lechappeeclose.it\/boutique\/livres\/litterature\/romans\/le-fruit-le-plus-rare-ou-la-vie-dedmond-albius\/"]}]},{"@type":"ImageObject","inLanguage":"it-IT","@id":"https:\/\/lechappeeclose.it\/boutique\/livres\/litterature\/romans\/le-fruit-le-plus-rare-ou-la-vie-dedmond-albius\/#primaryimage","url":"http:\/\/lechappeeclose.it\/wp-content\/uploads\/2025\/02\/Le-fruit-le-plus-rare-ou-la-vie-dEdmond-Albius.jpg","contentUrl":"http:\/\/lechappeeclose.it\/wp-content\/uploads\/2025\/02\/Le-fruit-le-plus-rare-ou-la-vie-dEdmond-Albius.jpg","width":335,"height":500},{"@type":"BreadcrumbList","@id":"https:\/\/lechappeeclose.it\/boutique\/livres\/litterature\/romans\/le-fruit-le-plus-rare-ou-la-vie-dedmond-albius\/#breadcrumb","itemListElement":[{"@type":"ListItem","position":1,"name":"Accueil","item":"http:\/\/lechappeeclose.it\/"},{"@type":"ListItem","position":2,"name":"Boutique","item":"http:\/\/lechappeeclose.it\/boutique\/"},{"@type":"ListItem","position":3,"name":"Le fruit le plus rare ou la vie d&#8217;Edmond Albius"}]},{"@type":"WebSite","@id":"http:\/\/lechappeeclose.it\/#website","url":"http:\/\/lechappeeclose.it\/","name":"l&#039;\u00e9chapp\u00e9e close","description":"La libreria francese di Milano","publisher":{"@id":"http:\/\/lechappeeclose.it\/#organization"},"alternateName":"La librairie fran\u00e7aise de Milan","potentialAction":[{"@type":"SearchAction","target":{"@type":"EntryPoint","urlTemplate":"http:\/\/lechappeeclose.it\/?s={search_term_string}"},"query-input":{"@type":"PropertyValueSpecification","valueRequired":true,"valueName":"search_term_string"}}],"inLanguage":"it-IT"},{"@type":"Organization","@id":"http:\/\/lechappeeclose.it\/#organization","name":"l&#039;\u00e9chapp\u00e9e close","url":"http:\/\/lechappeeclose.it\/","logo":{"@type":"ImageObject","inLanguage":"it-IT","@id":"http:\/\/lechappeeclose.it\/#\/schema\/logo\/image\/","url":"http:\/\/lechappeeclose.it\/wp-content\/uploads\/2025\/02\/cropped-logo-rond.png","contentUrl":"http:\/\/lechappeeclose.it\/wp-content\/uploads\/2025\/02\/cropped-logo-rond.png","width":1080,"height":1080,"caption":"l&#039;\u00e9chapp\u00e9e close"},"image":{"@id":"http:\/\/lechappeeclose.it\/#\/schema\/logo\/image\/"},"sameAs":["https:\/\/www.instagram.com\/lechappeeclose\/"]}]}},"_links":{"self":[{"href":"http:\/\/lechappeeclose.it\/it\/wp-json\/wp\/v2\/product\/5225","targetHints":{"allow":["GET"]}}],"collection":[{"href":"http:\/\/lechappeeclose.it\/it\/wp-json\/wp\/v2\/product"}],"about":[{"href":"http:\/\/lechappeeclose.it\/it\/wp-json\/wp\/v2\/types\/product"}],"replies":[{"embeddable":true,"href":"http:\/\/lechappeeclose.it\/it\/wp-json\/wp\/v2\/comments?post=5225"}],"wp:featuredmedia":[{"embeddable":true,"href":"http:\/\/lechappeeclose.it\/it\/wp-json\/wp\/v2\/media\/5224"}],"wp:attachment":[{"href":"http:\/\/lechappeeclose.it\/it\/wp-json\/wp\/v2\/media?parent=5225"}],"wp:term":[{"taxonomy":"product_brand","embeddable":true,"href":"http:\/\/lechappeeclose.it\/it\/wp-json\/wp\/v2\/product_brand?post=5225"},{"taxonomy":"product_cat","embeddable":true,"href":"http:\/\/lechappeeclose.it\/it\/wp-json\/wp\/v2\/product_cat?post=5225"},{"taxonomy":"product_tag","embeddable":true,"href":"http:\/\/lechappeeclose.it\/it\/wp-json\/wp\/v2\/product_tag?post=5225"}],"curies":[{"name":"wp","href":"https:\/\/api.w.org\/{rel}","templated":true}]}}