{"id":5215,"date":"2025-02-05T11:53:51","date_gmt":"2025-02-05T10:53:51","guid":{"rendered":"https:\/\/lechappeeclose.it\/produit\/mon-pere-ma-donne-un-mari\/"},"modified":"2025-02-05T11:53:51","modified_gmt":"2025-02-05T10:53:51","slug":"mon-pere-ma-donne-un-mari","status":"publish","type":"product","link":"http:\/\/lechappeeclose.it\/it\/boutique\/livres\/litterature\/romans\/mon-pere-ma-donne-un-mari\/","title":{"rendered":"Mon p\u00e8re m&#8217;a donn\u00e9 un mari"},"content":{"rendered":"<p>Un p\u00e8re et une m\u00e8re parlent de leur fille : Alexandrine, seize ans. Ce pourrait \u00eatre une conversation normale, mais Alexandrine ne l\u2019est pas et il se peut que le couple parental ne l\u2019ait jamais \u00e9t\u00e9 non plus. Leurs inqui\u00e9tudes portent essentiellement sur la vie sexuelle future d\u2019Alexandrine&#8230; Le d\u00e9nouement, comme toujours, est un escamotage qui d\u00e9robe heureusement \u00e0 nos yeux les protagonistes de la farce.Mon P\u00e8re m\u2019a donn\u00e9 un mari reprend, en le caricaturant, l\u2019argument des com\u00e9dies classiques : des parents prennent en main la vie amoureuse de leur fille. Sauf qu\u2019il ne s\u2019agit plus d\u2019arranger un mariage mais d\u2019organiser un d\u00e9pucelage. Comme la fille est autiste, elle consent \u00e0 cette prise en main. Elle autorise m\u00eame ses parents \u00e0 assister \u00e0 sa d\u00e9floration, con\u00e7ue comme l\u2019aboutissement spectaculaire de cette pi\u00e8ce.LA M\u00c8REJe n&#8217;ai peut-\u00eatre pas bien suivi, mais je ne vois pas de quelles d\u00e9cisions tu veux parler.LE P\u00c8RETu ne vois rien parce que tu n&#8217;aimes pas ta fille. Si tu l&#8217;aimais comme je l&#8217;aime, tu aurais compris qu&#8217;il s&#8217;agit de planifier et d&#8217;orchestrer son premier rapport sexuel.LA M\u00c8RETu veux dire comme les autres parents organisent une Quincea\u00f1era ou une Bat Mitzvah ?LE P\u00c8REExactement : le d\u00e9pucelage est un rite de passage tout aussi important et je ne vois pas pourquoi les parents n&#8217;en seraient pas partie prenante.<\/p>","protected":false},"excerpt":{"rendered":"<p>Un p\u00e8re et une m\u00e8re parlent de leur fille : Alexandrine, seize ans. Ce pourrait \u00eatre une conversation normale, mais Alexandrine ne l\u2019est pas et il se peut que le couple parental ne l\u2019ait jamais \u00e9t\u00e9 non plus. Leurs inqui\u00e9tudes portent essentiellement sur la vie sexuelle future d\u2019Alexandrine&#8230; Le d\u00e9nouement, comme toujours, est un escamotage [&hellip;]<\/p>","protected":false},"featured_media":5214,"comment_status":"open","ping_status":"closed","template":"","meta":[],"product_brand":[],"product_cat":[46],"product_tag":[],"class_list":{"0":"post-5215","1":"product","2":"type-product","3":"status-publish","4":"has-post-thumbnail","6":"product_cat-romans","8":"first","9":"instock","10":"taxable","11":"shipping-taxable","12":"purchasable","13":"product-type-simple"},"yoast_head":"<!-- This site is optimized with the Yoast SEO plugin v27.4 - https:\/\/yoast.com\/product\/yoast-seo-wordpress\/ -->\n<title>Mon p\u00e8re m&#039;a donn\u00e9 un mari - l&#039;\u00e9chapp\u00e9e close<\/title>\n<meta name=\"robots\" content=\"index, follow, max-snippet:-1, max-image-preview:large, max-video-preview:-1\" \/>\n<link rel=\"canonical\" href=\"http:\/\/lechappeeclose.it\/it\/boutique\/livres\/litterature\/romans\/mon-pere-ma-donne-un-mari\/\" \/>\n<meta property=\"og:locale\" content=\"it_IT\" \/>\n<meta property=\"og:type\" content=\"article\" \/>\n<meta property=\"og:title\" content=\"Mon p\u00e8re m&#039;a donn\u00e9 un mari - l&#039;\u00e9chapp\u00e9e close\" \/>\n<meta property=\"og:description\" content=\"Un p\u00e8re et une m\u00e8re parlent de leur fille : Alexandrine, seize ans. Ce pourrait \u00eatre une conversation normale, mais Alexandrine ne l\u2019est pas et il se peut que le couple parental ne l\u2019ait jamais \u00e9t\u00e9 non plus. Leurs inqui\u00e9tudes portent essentiellement sur la vie sexuelle future d\u2019Alexandrine&#8230; Le d\u00e9nouement, comme toujours, est un escamotage [&hellip;]\" \/>\n<meta property=\"og:url\" content=\"http:\/\/lechappeeclose.it\/it\/boutique\/livres\/litterature\/romans\/mon-pere-ma-donne-un-mari\/\" \/>\n<meta property=\"og:site_name\" content=\"l&#039;\u00e9chapp\u00e9e close\" \/>\n<meta property=\"og:image\" content=\"http:\/\/lechappeeclose.it\/wp-content\/uploads\/2025\/02\/Mon-pere-ma-donne-un-mari.jpg\" \/>\n\t<meta property=\"og:image:width\" content=\"1417\" \/>\n\t<meta property=\"og:image:height\" content=\"2185\" \/>\n\t<meta property=\"og:image:type\" content=\"image\/jpeg\" \/>\n<meta name=\"twitter:card\" content=\"summary_large_image\" \/>\n<meta name=\"twitter:label1\" content=\"Tempo di lettura stimato\" \/>\n\t<meta name=\"twitter:data1\" content=\"1 minuto\" \/>\n<script type=\"application\/ld+json\" class=\"yoast-schema-graph\">{\"@context\":\"https:\\\/\\\/schema.org\",\"@graph\":[{\"@type\":\"WebPage\",\"@id\":\"http:\\\/\\\/lechappeeclose.it\\\/boutique\\\/livres\\\/litterature\\\/romans\\\/mon-pere-ma-donne-un-mari\\\/\",\"url\":\"http:\\\/\\\/lechappeeclose.it\\\/boutique\\\/livres\\\/litterature\\\/romans\\\/mon-pere-ma-donne-un-mari\\\/\",\"name\":\"Mon p\u00e8re m'a donn\u00e9 un mari - l&#039;\u00e9chapp\u00e9e close\",\"isPartOf\":{\"@id\":\"http:\\\/\\\/lechappeeclose.it\\\/#website\"},\"primaryImageOfPage\":{\"@id\":\"http:\\\/\\\/lechappeeclose.it\\\/boutique\\\/livres\\\/litterature\\\/romans\\\/mon-pere-ma-donne-un-mari\\\/#primaryimage\"},\"image\":{\"@id\":\"http:\\\/\\\/lechappeeclose.it\\\/boutique\\\/livres\\\/litterature\\\/romans\\\/mon-pere-ma-donne-un-mari\\\/#primaryimage\"},\"thumbnailUrl\":\"http:\\\/\\\/lechappeeclose.it\\\/wp-content\\\/uploads\\\/2025\\\/02\\\/Mon-pere-ma-donne-un-mari.jpg\",\"datePublished\":\"2025-02-05T10:53:51+00:00\",\"breadcrumb\":{\"@id\":\"http:\\\/\\\/lechappeeclose.it\\\/boutique\\\/livres\\\/litterature\\\/romans\\\/mon-pere-ma-donne-un-mari\\\/#breadcrumb\"},\"inLanguage\":\"it-IT\",\"potentialAction\":[{\"@type\":\"ReadAction\",\"target\":[\"http:\\\/\\\/lechappeeclose.it\\\/boutique\\\/livres\\\/litterature\\\/romans\\\/mon-pere-ma-donne-un-mari\\\/\"]}]},{\"@type\":\"ImageObject\",\"inLanguage\":\"it-IT\",\"@id\":\"http:\\\/\\\/lechappeeclose.it\\\/boutique\\\/livres\\\/litterature\\\/romans\\\/mon-pere-ma-donne-un-mari\\\/#primaryimage\",\"url\":\"http:\\\/\\\/lechappeeclose.it\\\/wp-content\\\/uploads\\\/2025\\\/02\\\/Mon-pere-ma-donne-un-mari.jpg\",\"contentUrl\":\"http:\\\/\\\/lechappeeclose.it\\\/wp-content\\\/uploads\\\/2025\\\/02\\\/Mon-pere-ma-donne-un-mari.jpg\",\"width\":1417,\"height\":2185},{\"@type\":\"BreadcrumbList\",\"@id\":\"http:\\\/\\\/lechappeeclose.it\\\/boutique\\\/livres\\\/litterature\\\/romans\\\/mon-pere-ma-donne-un-mari\\\/#breadcrumb\",\"itemListElement\":[{\"@type\":\"ListItem\",\"position\":1,\"name\":\"Accueil\",\"item\":\"http:\\\/\\\/lechappeeclose.it\\\/\"},{\"@type\":\"ListItem\",\"position\":2,\"name\":\"Boutique\",\"item\":\"http:\\\/\\\/lechappeeclose.it\\\/it\\\/boutique\\\/\"},{\"@type\":\"ListItem\",\"position\":3,\"name\":\"Mon p\u00e8re m&#8217;a donn\u00e9 un mari\"}]},{\"@type\":\"WebSite\",\"@id\":\"http:\\\/\\\/lechappeeclose.it\\\/#website\",\"url\":\"http:\\\/\\\/lechappeeclose.it\\\/\",\"name\":\"l&#039;\u00e9chapp\u00e9e close\",\"description\":\"la librairie fran\u00e7aise de Milan\",\"publisher\":{\"@id\":\"http:\\\/\\\/lechappeeclose.it\\\/#organization\"},\"alternateName\":\"La librairie fran\u00e7aise de Milan\",\"potentialAction\":[{\"@type\":\"SearchAction\",\"target\":{\"@type\":\"EntryPoint\",\"urlTemplate\":\"http:\\\/\\\/lechappeeclose.it\\\/?s={search_term_string}\"},\"query-input\":{\"@type\":\"PropertyValueSpecification\",\"valueRequired\":true,\"valueName\":\"search_term_string\"}}],\"inLanguage\":\"it-IT\"},{\"@type\":\"Organization\",\"@id\":\"http:\\\/\\\/lechappeeclose.it\\\/#organization\",\"name\":\"l&#039;\u00e9chapp\u00e9e close\",\"url\":\"http:\\\/\\\/lechappeeclose.it\\\/\",\"logo\":{\"@type\":\"ImageObject\",\"inLanguage\":\"it-IT\",\"@id\":\"http:\\\/\\\/lechappeeclose.it\\\/#\\\/schema\\\/logo\\\/image\\\/\",\"url\":\"http:\\\/\\\/lechappeeclose.it\\\/wp-content\\\/uploads\\\/2025\\\/02\\\/cropped-logo-rond.png\",\"contentUrl\":\"http:\\\/\\\/lechappeeclose.it\\\/wp-content\\\/uploads\\\/2025\\\/02\\\/cropped-logo-rond.png\",\"width\":1080,\"height\":1080,\"caption\":\"l&#039;\u00e9chapp\u00e9e close\"},\"image\":{\"@id\":\"http:\\\/\\\/lechappeeclose.it\\\/#\\\/schema\\\/logo\\\/image\\\/\"},\"sameAs\":[\"https:\\\/\\\/www.instagram.com\\\/lechappeeclose\\\/\"]}]}<\/script>\n<!-- \/ Yoast SEO plugin. -->","yoast_head_json":{"title":"Mon p\u00e8re m'a donn\u00e9 un mari - l&#039;\u00e9chapp\u00e9e close","robots":{"index":"index","follow":"follow","max-snippet":"max-snippet:-1","max-image-preview":"max-image-preview:large","max-video-preview":"max-video-preview:-1"},"canonical":"http:\/\/lechappeeclose.it\/it\/boutique\/livres\/litterature\/romans\/mon-pere-ma-donne-un-mari\/","og_locale":"it_IT","og_type":"article","og_title":"Mon p\u00e8re m'a donn\u00e9 un mari - l&#039;\u00e9chapp\u00e9e close","og_description":"Un p\u00e8re et une m\u00e8re parlent de leur fille : Alexandrine, seize ans. Ce pourrait \u00eatre une conversation normale, mais Alexandrine ne l\u2019est pas et il se peut que le couple parental ne l\u2019ait jamais \u00e9t\u00e9 non plus. Leurs inqui\u00e9tudes portent essentiellement sur la vie sexuelle future d\u2019Alexandrine&#8230; Le d\u00e9nouement, comme toujours, est un escamotage [&hellip;]","og_url":"http:\/\/lechappeeclose.it\/it\/boutique\/livres\/litterature\/romans\/mon-pere-ma-donne-un-mari\/","og_site_name":"l&#039;\u00e9chapp\u00e9e close","og_image":[{"width":1417,"height":2185,"url":"http:\/\/lechappeeclose.it\/wp-content\/uploads\/2025\/02\/Mon-pere-ma-donne-un-mari.jpg","type":"image\/jpeg"}],"twitter_card":"summary_large_image","twitter_misc":{"Tempo di lettura stimato":"1 minuto"},"schema":{"@context":"https:\/\/schema.org","@graph":[{"@type":"WebPage","@id":"http:\/\/lechappeeclose.it\/boutique\/livres\/litterature\/romans\/mon-pere-ma-donne-un-mari\/","url":"http:\/\/lechappeeclose.it\/boutique\/livres\/litterature\/romans\/mon-pere-ma-donne-un-mari\/","name":"Mon p\u00e8re m'a donn\u00e9 un mari - l&#039;\u00e9chapp\u00e9e close","isPartOf":{"@id":"http:\/\/lechappeeclose.it\/#website"},"primaryImageOfPage":{"@id":"http:\/\/lechappeeclose.it\/boutique\/livres\/litterature\/romans\/mon-pere-ma-donne-un-mari\/#primaryimage"},"image":{"@id":"http:\/\/lechappeeclose.it\/boutique\/livres\/litterature\/romans\/mon-pere-ma-donne-un-mari\/#primaryimage"},"thumbnailUrl":"http:\/\/lechappeeclose.it\/wp-content\/uploads\/2025\/02\/Mon-pere-ma-donne-un-mari.jpg","datePublished":"2025-02-05T10:53:51+00:00","breadcrumb":{"@id":"http:\/\/lechappeeclose.it\/boutique\/livres\/litterature\/romans\/mon-pere-ma-donne-un-mari\/#breadcrumb"},"inLanguage":"it-IT","potentialAction":[{"@type":"ReadAction","target":["http:\/\/lechappeeclose.it\/boutique\/livres\/litterature\/romans\/mon-pere-ma-donne-un-mari\/"]}]},{"@type":"ImageObject","inLanguage":"it-IT","@id":"http:\/\/lechappeeclose.it\/boutique\/livres\/litterature\/romans\/mon-pere-ma-donne-un-mari\/#primaryimage","url":"http:\/\/lechappeeclose.it\/wp-content\/uploads\/2025\/02\/Mon-pere-ma-donne-un-mari.jpg","contentUrl":"http:\/\/lechappeeclose.it\/wp-content\/uploads\/2025\/02\/Mon-pere-ma-donne-un-mari.jpg","width":1417,"height":2185},{"@type":"BreadcrumbList","@id":"http:\/\/lechappeeclose.it\/boutique\/livres\/litterature\/romans\/mon-pere-ma-donne-un-mari\/#breadcrumb","itemListElement":[{"@type":"ListItem","position":1,"name":"Accueil","item":"http:\/\/lechappeeclose.it\/"},{"@type":"ListItem","position":2,"name":"Boutique","item":"http:\/\/lechappeeclose.it\/it\/boutique\/"},{"@type":"ListItem","position":3,"name":"Mon p\u00e8re m&#8217;a donn\u00e9 un mari"}]},{"@type":"WebSite","@id":"http:\/\/lechappeeclose.it\/#website","url":"http:\/\/lechappeeclose.it\/","name":"l&#039;\u00e9chapp\u00e9e close","description":"La libreria francese di Milano","publisher":{"@id":"http:\/\/lechappeeclose.it\/#organization"},"alternateName":"La librairie fran\u00e7aise de Milan","potentialAction":[{"@type":"SearchAction","target":{"@type":"EntryPoint","urlTemplate":"http:\/\/lechappeeclose.it\/?s={search_term_string}"},"query-input":{"@type":"PropertyValueSpecification","valueRequired":true,"valueName":"search_term_string"}}],"inLanguage":"it-IT"},{"@type":"Organization","@id":"http:\/\/lechappeeclose.it\/#organization","name":"l&#039;\u00e9chapp\u00e9e close","url":"http:\/\/lechappeeclose.it\/","logo":{"@type":"ImageObject","inLanguage":"it-IT","@id":"http:\/\/lechappeeclose.it\/#\/schema\/logo\/image\/","url":"http:\/\/lechappeeclose.it\/wp-content\/uploads\/2025\/02\/cropped-logo-rond.png","contentUrl":"http:\/\/lechappeeclose.it\/wp-content\/uploads\/2025\/02\/cropped-logo-rond.png","width":1080,"height":1080,"caption":"l&#039;\u00e9chapp\u00e9e close"},"image":{"@id":"http:\/\/lechappeeclose.it\/#\/schema\/logo\/image\/"},"sameAs":["https:\/\/www.instagram.com\/lechappeeclose\/"]}]}},"_links":{"self":[{"href":"http:\/\/lechappeeclose.it\/it\/wp-json\/wp\/v2\/product\/5215","targetHints":{"allow":["GET"]}}],"collection":[{"href":"http:\/\/lechappeeclose.it\/it\/wp-json\/wp\/v2\/product"}],"about":[{"href":"http:\/\/lechappeeclose.it\/it\/wp-json\/wp\/v2\/types\/product"}],"replies":[{"embeddable":true,"href":"http:\/\/lechappeeclose.it\/it\/wp-json\/wp\/v2\/comments?post=5215"}],"wp:featuredmedia":[{"embeddable":true,"href":"http:\/\/lechappeeclose.it\/it\/wp-json\/wp\/v2\/media\/5214"}],"wp:attachment":[{"href":"http:\/\/lechappeeclose.it\/it\/wp-json\/wp\/v2\/media?parent=5215"}],"wp:term":[{"taxonomy":"product_brand","embeddable":true,"href":"http:\/\/lechappeeclose.it\/it\/wp-json\/wp\/v2\/product_brand?post=5215"},{"taxonomy":"product_cat","embeddable":true,"href":"http:\/\/lechappeeclose.it\/it\/wp-json\/wp\/v2\/product_cat?post=5215"},{"taxonomy":"product_tag","embeddable":true,"href":"http:\/\/lechappeeclose.it\/it\/wp-json\/wp\/v2\/product_tag?post=5215"}],"curies":[{"name":"wp","href":"https:\/\/api.w.org\/{rel}","templated":true}]}}