{"id":5146,"date":"2025-02-04T17:35:09","date_gmt":"2025-02-04T16:35:09","guid":{"rendered":"https:\/\/lechappeeclose.it\/?post_type=product&#038;p=5146"},"modified":"2025-08-26T18:33:58","modified_gmt":"2025-08-26T16:33:58","slug":"laudacieuse","status":"publish","type":"product","link":"http:\/\/lechappeeclose.it\/it\/boutique\/vins\/cotes-du-rhone\/laudacieuse\/","title":{"rendered":"L&#8217;audacieuse"},"content":{"rendered":"<p>Domaine de l&#8217;Odyl\u00e9e<\/p>","protected":false},"excerpt":{"rendered":"<p>Domaine de l&#8217;Odyl\u00e9e<\/p>","protected":false},"featured_media":5135,"comment_status":"closed","ping_status":"closed","template":"","meta":[],"product_brand":[],"product_cat":[763],"product_tag":[768],"class_list":{"0":"post-5146","1":"product","2":"type-product","3":"status-publish","4":"has-post-thumbnail","6":"product_cat-cotes-du-rhone","7":"product_tag-v_rouge","9":"first","10":"instock","11":"taxable","12":"shipping-taxable","13":"purchasable","14":"product-type-simple"},"yoast_head":"<!-- This site is optimized with the Yoast SEO plugin v27.3 - https:\/\/yoast.com\/product\/yoast-seo-wordpress\/ -->\n<title>L&#039;audacieuse - l&#039;\u00e9chapp\u00e9e close<\/title>\n<meta name=\"robots\" content=\"index, follow, max-snippet:-1, max-image-preview:large, max-video-preview:-1\" \/>\n<link rel=\"canonical\" href=\"http:\/\/lechappeeclose.it\/it\/boutique\/vins\/cotes-du-rhone\/laudacieuse\/\" \/>\n<meta property=\"og:locale\" content=\"it_IT\" \/>\n<meta property=\"og:type\" content=\"article\" \/>\n<meta property=\"og:title\" content=\"L&#039;audacieuse - l&#039;\u00e9chapp\u00e9e close\" \/>\n<meta property=\"og:description\" content=\"Domaine de l&#8217;Odyl\u00e9e\" \/>\n<meta property=\"og:url\" content=\"http:\/\/lechappeeclose.it\/it\/boutique\/vins\/cotes-du-rhone\/laudacieuse\/\" \/>\n<meta property=\"og:site_name\" content=\"l&#039;\u00e9chapp\u00e9e close\" \/>\n<meta property=\"article:modified_time\" content=\"2025-08-26T16:33:58+00:00\" \/>\n<meta property=\"og:image\" content=\"http:\/\/lechappeeclose.it\/wp-content\/uploads\/2025\/02\/4.png\" \/>\n\t<meta property=\"og:image:width\" content=\"683\" \/>\n\t<meta property=\"og:image:height\" content=\"1024\" \/>\n\t<meta property=\"og:image:type\" content=\"image\/png\" \/>\n<meta name=\"twitter:card\" content=\"summary_large_image\" \/>\n<meta name=\"twitter:label1\" content=\"Tempo di lettura stimato\" \/>\n\t<meta name=\"twitter:data1\" content=\"1 minuto\" \/>\n<script type=\"application\/ld+json\" class=\"yoast-schema-graph\">{\"@context\":\"https:\\\/\\\/schema.org\",\"@graph\":[{\"@type\":\"WebPage\",\"@id\":\"http:\\\/\\\/lechappeeclose.it\\\/boutique\\\/vins\\\/cotes-du-rhone\\\/laudacieuse\\\/\",\"url\":\"http:\\\/\\\/lechappeeclose.it\\\/boutique\\\/vins\\\/cotes-du-rhone\\\/laudacieuse\\\/\",\"name\":\"L'audacieuse - l&#039;\u00e9chapp\u00e9e close\",\"isPartOf\":{\"@id\":\"https:\\\/\\\/lechappeeclose.it\\\/#website\"},\"primaryImageOfPage\":{\"@id\":\"http:\\\/\\\/lechappeeclose.it\\\/boutique\\\/vins\\\/cotes-du-rhone\\\/laudacieuse\\\/#primaryimage\"},\"image\":{\"@id\":\"http:\\\/\\\/lechappeeclose.it\\\/boutique\\\/vins\\\/cotes-du-rhone\\\/laudacieuse\\\/#primaryimage\"},\"thumbnailUrl\":\"http:\\\/\\\/lechappeeclose.it\\\/wp-content\\\/uploads\\\/2025\\\/02\\\/4.png\",\"datePublished\":\"2025-02-04T16:35:09+00:00\",\"dateModified\":\"2025-08-26T16:33:58+00:00\",\"breadcrumb\":{\"@id\":\"http:\\\/\\\/lechappeeclose.it\\\/boutique\\\/vins\\\/cotes-du-rhone\\\/laudacieuse\\\/#breadcrumb\"},\"inLanguage\":\"it-IT\",\"potentialAction\":[{\"@type\":\"ReadAction\",\"target\":[\"http:\\\/\\\/lechappeeclose.it\\\/boutique\\\/vins\\\/cotes-du-rhone\\\/laudacieuse\\\/\"]}]},{\"@type\":\"ImageObject\",\"inLanguage\":\"it-IT\",\"@id\":\"http:\\\/\\\/lechappeeclose.it\\\/boutique\\\/vins\\\/cotes-du-rhone\\\/laudacieuse\\\/#primaryimage\",\"url\":\"http:\\\/\\\/lechappeeclose.it\\\/wp-content\\\/uploads\\\/2025\\\/02\\\/4.png\",\"contentUrl\":\"http:\\\/\\\/lechappeeclose.it\\\/wp-content\\\/uploads\\\/2025\\\/02\\\/4.png\",\"width\":4266,\"height\":6400},{\"@type\":\"BreadcrumbList\",\"@id\":\"http:\\\/\\\/lechappeeclose.it\\\/boutique\\\/vins\\\/cotes-du-rhone\\\/laudacieuse\\\/#breadcrumb\",\"itemListElement\":[{\"@type\":\"ListItem\",\"position\":1,\"name\":\"Accueil\",\"item\":\"https:\\\/\\\/lechappeeclose.it\\\/\"},{\"@type\":\"ListItem\",\"position\":2,\"name\":\"Boutique\",\"item\":\"https:\\\/\\\/lechappeeclose.it\\\/boutique\\\/\"},{\"@type\":\"ListItem\",\"position\":3,\"name\":\"L&#8217;audacieuse\"}]},{\"@type\":\"WebSite\",\"@id\":\"https:\\\/\\\/lechappeeclose.it\\\/#website\",\"url\":\"https:\\\/\\\/lechappeeclose.it\\\/\",\"name\":\"l&#039;\u00e9chapp\u00e9e close\",\"description\":\"la librairie fran\u00e7aise de Milan\",\"publisher\":{\"@id\":\"https:\\\/\\\/lechappeeclose.it\\\/#organization\"},\"alternateName\":\"La librairie fran\u00e7aise de Milan\",\"potentialAction\":[{\"@type\":\"SearchAction\",\"target\":{\"@type\":\"EntryPoint\",\"urlTemplate\":\"https:\\\/\\\/lechappeeclose.it\\\/?s={search_term_string}\"},\"query-input\":{\"@type\":\"PropertyValueSpecification\",\"valueRequired\":true,\"valueName\":\"search_term_string\"}}],\"inLanguage\":\"it-IT\"},{\"@type\":\"Organization\",\"@id\":\"https:\\\/\\\/lechappeeclose.it\\\/#organization\",\"name\":\"l&#039;\u00e9chapp\u00e9e close\",\"url\":\"https:\\\/\\\/lechappeeclose.it\\\/\",\"logo\":{\"@type\":\"ImageObject\",\"inLanguage\":\"it-IT\",\"@id\":\"https:\\\/\\\/lechappeeclose.it\\\/#\\\/schema\\\/logo\\\/image\\\/\",\"url\":\"http:\\\/\\\/lechappeeclose.it\\\/wp-content\\\/uploads\\\/2025\\\/02\\\/cropped-logo-rond.png\",\"contentUrl\":\"http:\\\/\\\/lechappeeclose.it\\\/wp-content\\\/uploads\\\/2025\\\/02\\\/cropped-logo-rond.png\",\"width\":1080,\"height\":1080,\"caption\":\"l&#039;\u00e9chapp\u00e9e close\"},\"image\":{\"@id\":\"https:\\\/\\\/lechappeeclose.it\\\/#\\\/schema\\\/logo\\\/image\\\/\"},\"sameAs\":[\"https:\\\/\\\/www.instagram.com\\\/lechappeeclose\\\/\"]}]}<\/script>\n<!-- \/ Yoast SEO plugin. -->","yoast_head_json":{"title":"L'audacieuse - l&#039;\u00e9chapp\u00e9e close","robots":{"index":"index","follow":"follow","max-snippet":"max-snippet:-1","max-image-preview":"max-image-preview:large","max-video-preview":"max-video-preview:-1"},"canonical":"http:\/\/lechappeeclose.it\/it\/boutique\/vins\/cotes-du-rhone\/laudacieuse\/","og_locale":"it_IT","og_type":"article","og_title":"L'audacieuse - l&#039;\u00e9chapp\u00e9e close","og_description":"Domaine de l&#8217;Odyl\u00e9e","og_url":"http:\/\/lechappeeclose.it\/it\/boutique\/vins\/cotes-du-rhone\/laudacieuse\/","og_site_name":"l&#039;\u00e9chapp\u00e9e close","article_modified_time":"2025-08-26T16:33:58+00:00","og_image":[{"url":"http:\/\/lechappeeclose.it\/wp-content\/uploads\/2025\/02\/4.png","width":683,"height":1024,"type":"image\/png"}],"twitter_card":"summary_large_image","twitter_misc":{"Tempo di lettura stimato":"1 minuto"},"schema":{"@context":"https:\/\/schema.org","@graph":[{"@type":"WebPage","@id":"http:\/\/lechappeeclose.it\/boutique\/vins\/cotes-du-rhone\/laudacieuse\/","url":"http:\/\/lechappeeclose.it\/boutique\/vins\/cotes-du-rhone\/laudacieuse\/","name":"L'audacieuse - l&#039;\u00e9chapp\u00e9e close","isPartOf":{"@id":"https:\/\/lechappeeclose.it\/#website"},"primaryImageOfPage":{"@id":"http:\/\/lechappeeclose.it\/boutique\/vins\/cotes-du-rhone\/laudacieuse\/#primaryimage"},"image":{"@id":"http:\/\/lechappeeclose.it\/boutique\/vins\/cotes-du-rhone\/laudacieuse\/#primaryimage"},"thumbnailUrl":"http:\/\/lechappeeclose.it\/wp-content\/uploads\/2025\/02\/4.png","datePublished":"2025-02-04T16:35:09+00:00","dateModified":"2025-08-26T16:33:58+00:00","breadcrumb":{"@id":"http:\/\/lechappeeclose.it\/boutique\/vins\/cotes-du-rhone\/laudacieuse\/#breadcrumb"},"inLanguage":"it-IT","potentialAction":[{"@type":"ReadAction","target":["http:\/\/lechappeeclose.it\/boutique\/vins\/cotes-du-rhone\/laudacieuse\/"]}]},{"@type":"ImageObject","inLanguage":"it-IT","@id":"http:\/\/lechappeeclose.it\/boutique\/vins\/cotes-du-rhone\/laudacieuse\/#primaryimage","url":"http:\/\/lechappeeclose.it\/wp-content\/uploads\/2025\/02\/4.png","contentUrl":"http:\/\/lechappeeclose.it\/wp-content\/uploads\/2025\/02\/4.png","width":4266,"height":6400},{"@type":"BreadcrumbList","@id":"http:\/\/lechappeeclose.it\/boutique\/vins\/cotes-du-rhone\/laudacieuse\/#breadcrumb","itemListElement":[{"@type":"ListItem","position":1,"name":"Accueil","item":"https:\/\/lechappeeclose.it\/"},{"@type":"ListItem","position":2,"name":"Boutique","item":"https:\/\/lechappeeclose.it\/boutique\/"},{"@type":"ListItem","position":3,"name":"L&#8217;audacieuse"}]},{"@type":"WebSite","@id":"https:\/\/lechappeeclose.it\/#website","url":"https:\/\/lechappeeclose.it\/","name":"l&#039;\u00e9chapp\u00e9e close","description":"La libreria francese di Milano","publisher":{"@id":"https:\/\/lechappeeclose.it\/#organization"},"alternateName":"La librairie fran\u00e7aise de Milan","potentialAction":[{"@type":"SearchAction","target":{"@type":"EntryPoint","urlTemplate":"https:\/\/lechappeeclose.it\/?s={search_term_string}"},"query-input":{"@type":"PropertyValueSpecification","valueRequired":true,"valueName":"search_term_string"}}],"inLanguage":"it-IT"},{"@type":"Organization","@id":"https:\/\/lechappeeclose.it\/#organization","name":"l&#039;\u00e9chapp\u00e9e close","url":"https:\/\/lechappeeclose.it\/","logo":{"@type":"ImageObject","inLanguage":"it-IT","@id":"https:\/\/lechappeeclose.it\/#\/schema\/logo\/image\/","url":"http:\/\/lechappeeclose.it\/wp-content\/uploads\/2025\/02\/cropped-logo-rond.png","contentUrl":"http:\/\/lechappeeclose.it\/wp-content\/uploads\/2025\/02\/cropped-logo-rond.png","width":1080,"height":1080,"caption":"l&#039;\u00e9chapp\u00e9e close"},"image":{"@id":"https:\/\/lechappeeclose.it\/#\/schema\/logo\/image\/"},"sameAs":["https:\/\/www.instagram.com\/lechappeeclose\/"]}]}},"_links":{"self":[{"href":"http:\/\/lechappeeclose.it\/it\/wp-json\/wp\/v2\/product\/5146","targetHints":{"allow":["GET"]}}],"collection":[{"href":"http:\/\/lechappeeclose.it\/it\/wp-json\/wp\/v2\/product"}],"about":[{"href":"http:\/\/lechappeeclose.it\/it\/wp-json\/wp\/v2\/types\/product"}],"replies":[{"embeddable":true,"href":"http:\/\/lechappeeclose.it\/it\/wp-json\/wp\/v2\/comments?post=5146"}],"wp:featuredmedia":[{"embeddable":true,"href":"http:\/\/lechappeeclose.it\/it\/wp-json\/wp\/v2\/media\/5135"}],"wp:attachment":[{"href":"http:\/\/lechappeeclose.it\/it\/wp-json\/wp\/v2\/media?parent=5146"}],"wp:term":[{"taxonomy":"product_brand","embeddable":true,"href":"http:\/\/lechappeeclose.it\/it\/wp-json\/wp\/v2\/product_brand?post=5146"},{"taxonomy":"product_cat","embeddable":true,"href":"http:\/\/lechappeeclose.it\/it\/wp-json\/wp\/v2\/product_cat?post=5146"},{"taxonomy":"product_tag","embeddable":true,"href":"http:\/\/lechappeeclose.it\/it\/wp-json\/wp\/v2\/product_tag?post=5146"}],"curies":[{"name":"wp","href":"https:\/\/api.w.org\/{rel}","templated":true}]}}