{"id":5119,"date":"2025-02-04T16:19:16","date_gmt":"2025-02-04T15:19:16","guid":{"rendered":"https:\/\/lechappeeclose.it\/produit\/zoran-music\/"},"modified":"2025-02-04T16:19:16","modified_gmt":"2025-02-04T15:19:16","slug":"zoran-music","status":"publish","type":"product","link":"http:\/\/lechappeeclose.it\/it\/boutique\/livres\/arts\/essais\/zoran-music\/","title":{"rendered":"Zoran Music"},"content":{"rendered":"<p>Dans ces entretiens le peintre raconte ses origines, sa famille, ses voyages, et aborde la question de sa d\u00e9portation \u00e0 Dachau qui engendrera de longues ann\u00e9es plus tard sa terrible s\u00e9rie d&#8217;oeuvres : Nous ne sommes pas les derniers.<\/p>","protected":false},"excerpt":{"rendered":"<p>Dans ces entretiens le peintre raconte ses origines, sa famille, ses voyages, et aborde la question de sa d\u00e9portation \u00e0 Dachau qui engendrera de longues ann\u00e9es plus tard sa terrible s\u00e9rie d&#8217;oeuvres : Nous ne sommes pas les derniers.<\/p>","protected":false},"featured_media":5118,"comment_status":"open","ping_status":"closed","template":"","meta":[],"product_brand":[],"product_cat":[208],"product_tag":[],"class_list":{"0":"post-5119","1":"product","2":"type-product","3":"status-publish","4":"has-post-thumbnail","6":"product_cat-essais","8":"first","9":"instock","10":"taxable","11":"shipping-taxable","12":"purchasable","13":"product-type-simple"},"yoast_head":"<!-- This site is optimized with the Yoast SEO plugin v27.4 - https:\/\/yoast.com\/product\/yoast-seo-wordpress\/ -->\n<title>Zoran Music - l&#039;\u00e9chapp\u00e9e close<\/title>\n<meta name=\"robots\" content=\"index, follow, max-snippet:-1, max-image-preview:large, max-video-preview:-1\" \/>\n<link rel=\"canonical\" href=\"https:\/\/lechappeeclose.it\/it\/boutique\/livres\/arts\/essais\/zoran-music\/\" \/>\n<meta property=\"og:locale\" content=\"it_IT\" \/>\n<meta property=\"og:type\" content=\"article\" \/>\n<meta property=\"og:title\" content=\"Zoran Music - l&#039;\u00e9chapp\u00e9e close\" \/>\n<meta property=\"og:description\" content=\"Dans ces entretiens le peintre raconte ses origines, sa famille, ses voyages, et aborde la question de sa d\u00e9portation \u00e0 Dachau qui engendrera de longues ann\u00e9es plus tard sa terrible s\u00e9rie d&#8217;oeuvres : Nous ne sommes pas les derniers.\" \/>\n<meta property=\"og:url\" content=\"https:\/\/lechappeeclose.it\/it\/boutique\/livres\/arts\/essais\/zoran-music\/\" \/>\n<meta property=\"og:site_name\" content=\"l&#039;\u00e9chapp\u00e9e close\" \/>\n<meta property=\"og:image\" content=\"https:\/\/lechappeeclose.it\/wp-content\/uploads\/2025\/02\/Zoran-Music.jpg\" \/>\n\t<meta property=\"og:image:width\" content=\"328\" \/>\n\t<meta property=\"og:image:height\" content=\"500\" \/>\n\t<meta property=\"og:image:type\" content=\"image\/jpeg\" \/>\n<meta name=\"twitter:card\" content=\"summary_large_image\" \/>\n<script type=\"application\/ld+json\" class=\"yoast-schema-graph\">{\"@context\":\"https:\\\/\\\/schema.org\",\"@graph\":[{\"@type\":\"WebPage\",\"@id\":\"https:\\\/\\\/lechappeeclose.it\\\/it\\\/boutique\\\/livres\\\/arts\\\/essais\\\/zoran-music\\\/\",\"url\":\"https:\\\/\\\/lechappeeclose.it\\\/it\\\/boutique\\\/livres\\\/arts\\\/essais\\\/zoran-music\\\/\",\"name\":\"Zoran Music - l&#039;\u00e9chapp\u00e9e close\",\"isPartOf\":{\"@id\":\"http:\\\/\\\/lechappeeclose.it\\\/#website\"},\"primaryImageOfPage\":{\"@id\":\"https:\\\/\\\/lechappeeclose.it\\\/it\\\/boutique\\\/livres\\\/arts\\\/essais\\\/zoran-music\\\/#primaryimage\"},\"image\":{\"@id\":\"https:\\\/\\\/lechappeeclose.it\\\/it\\\/boutique\\\/livres\\\/arts\\\/essais\\\/zoran-music\\\/#primaryimage\"},\"thumbnailUrl\":\"http:\\\/\\\/lechappeeclose.it\\\/wp-content\\\/uploads\\\/2025\\\/02\\\/Zoran-Music.jpg\",\"datePublished\":\"2025-02-04T15:19:16+00:00\",\"breadcrumb\":{\"@id\":\"https:\\\/\\\/lechappeeclose.it\\\/it\\\/boutique\\\/livres\\\/arts\\\/essais\\\/zoran-music\\\/#breadcrumb\"},\"inLanguage\":\"it-IT\",\"potentialAction\":[{\"@type\":\"ReadAction\",\"target\":[\"https:\\\/\\\/lechappeeclose.it\\\/it\\\/boutique\\\/livres\\\/arts\\\/essais\\\/zoran-music\\\/\"]}]},{\"@type\":\"ImageObject\",\"inLanguage\":\"it-IT\",\"@id\":\"https:\\\/\\\/lechappeeclose.it\\\/it\\\/boutique\\\/livres\\\/arts\\\/essais\\\/zoran-music\\\/#primaryimage\",\"url\":\"http:\\\/\\\/lechappeeclose.it\\\/wp-content\\\/uploads\\\/2025\\\/02\\\/Zoran-Music.jpg\",\"contentUrl\":\"http:\\\/\\\/lechappeeclose.it\\\/wp-content\\\/uploads\\\/2025\\\/02\\\/Zoran-Music.jpg\",\"width\":328,\"height\":500},{\"@type\":\"BreadcrumbList\",\"@id\":\"https:\\\/\\\/lechappeeclose.it\\\/it\\\/boutique\\\/livres\\\/arts\\\/essais\\\/zoran-music\\\/#breadcrumb\",\"itemListElement\":[{\"@type\":\"ListItem\",\"position\":1,\"name\":\"Accueil\",\"item\":\"http:\\\/\\\/lechappeeclose.it\\\/\"},{\"@type\":\"ListItem\",\"position\":2,\"name\":\"Boutique\",\"item\":\"http:\\\/\\\/lechappeeclose.it\\\/boutique\\\/\"},{\"@type\":\"ListItem\",\"position\":3,\"name\":\"Zoran Music\"}]},{\"@type\":\"WebSite\",\"@id\":\"http:\\\/\\\/lechappeeclose.it\\\/#website\",\"url\":\"http:\\\/\\\/lechappeeclose.it\\\/\",\"name\":\"l&#039;\u00e9chapp\u00e9e close\",\"description\":\"la librairie fran\u00e7aise de Milan\",\"publisher\":{\"@id\":\"http:\\\/\\\/lechappeeclose.it\\\/#organization\"},\"alternateName\":\"La librairie fran\u00e7aise de Milan\",\"potentialAction\":[{\"@type\":\"SearchAction\",\"target\":{\"@type\":\"EntryPoint\",\"urlTemplate\":\"http:\\\/\\\/lechappeeclose.it\\\/?s={search_term_string}\"},\"query-input\":{\"@type\":\"PropertyValueSpecification\",\"valueRequired\":true,\"valueName\":\"search_term_string\"}}],\"inLanguage\":\"it-IT\"},{\"@type\":\"Organization\",\"@id\":\"http:\\\/\\\/lechappeeclose.it\\\/#organization\",\"name\":\"l&#039;\u00e9chapp\u00e9e close\",\"url\":\"http:\\\/\\\/lechappeeclose.it\\\/\",\"logo\":{\"@type\":\"ImageObject\",\"inLanguage\":\"it-IT\",\"@id\":\"http:\\\/\\\/lechappeeclose.it\\\/#\\\/schema\\\/logo\\\/image\\\/\",\"url\":\"http:\\\/\\\/lechappeeclose.it\\\/wp-content\\\/uploads\\\/2025\\\/02\\\/cropped-logo-rond.png\",\"contentUrl\":\"http:\\\/\\\/lechappeeclose.it\\\/wp-content\\\/uploads\\\/2025\\\/02\\\/cropped-logo-rond.png\",\"width\":1080,\"height\":1080,\"caption\":\"l&#039;\u00e9chapp\u00e9e close\"},\"image\":{\"@id\":\"http:\\\/\\\/lechappeeclose.it\\\/#\\\/schema\\\/logo\\\/image\\\/\"},\"sameAs\":[\"https:\\\/\\\/www.instagram.com\\\/lechappeeclose\\\/\"]}]}<\/script>\n<!-- \/ Yoast SEO plugin. -->","yoast_head_json":{"title":"Zoran Music - l&#039;\u00e9chapp\u00e9e close","robots":{"index":"index","follow":"follow","max-snippet":"max-snippet:-1","max-image-preview":"max-image-preview:large","max-video-preview":"max-video-preview:-1"},"canonical":"https:\/\/lechappeeclose.it\/it\/boutique\/livres\/arts\/essais\/zoran-music\/","og_locale":"it_IT","og_type":"article","og_title":"Zoran Music - l&#039;\u00e9chapp\u00e9e close","og_description":"Dans ces entretiens le peintre raconte ses origines, sa famille, ses voyages, et aborde la question de sa d\u00e9portation \u00e0 Dachau qui engendrera de longues ann\u00e9es plus tard sa terrible s\u00e9rie d&#8217;oeuvres : Nous ne sommes pas les derniers.","og_url":"https:\/\/lechappeeclose.it\/it\/boutique\/livres\/arts\/essais\/zoran-music\/","og_site_name":"l&#039;\u00e9chapp\u00e9e close","og_image":[{"width":328,"height":500,"url":"https:\/\/lechappeeclose.it\/wp-content\/uploads\/2025\/02\/Zoran-Music.jpg","type":"image\/jpeg"}],"twitter_card":"summary_large_image","schema":{"@context":"https:\/\/schema.org","@graph":[{"@type":"WebPage","@id":"https:\/\/lechappeeclose.it\/it\/boutique\/livres\/arts\/essais\/zoran-music\/","url":"https:\/\/lechappeeclose.it\/it\/boutique\/livres\/arts\/essais\/zoran-music\/","name":"Zoran Music - l&#039;\u00e9chapp\u00e9e close","isPartOf":{"@id":"http:\/\/lechappeeclose.it\/#website"},"primaryImageOfPage":{"@id":"https:\/\/lechappeeclose.it\/it\/boutique\/livres\/arts\/essais\/zoran-music\/#primaryimage"},"image":{"@id":"https:\/\/lechappeeclose.it\/it\/boutique\/livres\/arts\/essais\/zoran-music\/#primaryimage"},"thumbnailUrl":"http:\/\/lechappeeclose.it\/wp-content\/uploads\/2025\/02\/Zoran-Music.jpg","datePublished":"2025-02-04T15:19:16+00:00","breadcrumb":{"@id":"https:\/\/lechappeeclose.it\/it\/boutique\/livres\/arts\/essais\/zoran-music\/#breadcrumb"},"inLanguage":"it-IT","potentialAction":[{"@type":"ReadAction","target":["https:\/\/lechappeeclose.it\/it\/boutique\/livres\/arts\/essais\/zoran-music\/"]}]},{"@type":"ImageObject","inLanguage":"it-IT","@id":"https:\/\/lechappeeclose.it\/it\/boutique\/livres\/arts\/essais\/zoran-music\/#primaryimage","url":"http:\/\/lechappeeclose.it\/wp-content\/uploads\/2025\/02\/Zoran-Music.jpg","contentUrl":"http:\/\/lechappeeclose.it\/wp-content\/uploads\/2025\/02\/Zoran-Music.jpg","width":328,"height":500},{"@type":"BreadcrumbList","@id":"https:\/\/lechappeeclose.it\/it\/boutique\/livres\/arts\/essais\/zoran-music\/#breadcrumb","itemListElement":[{"@type":"ListItem","position":1,"name":"Accueil","item":"http:\/\/lechappeeclose.it\/"},{"@type":"ListItem","position":2,"name":"Boutique","item":"http:\/\/lechappeeclose.it\/boutique\/"},{"@type":"ListItem","position":3,"name":"Zoran Music"}]},{"@type":"WebSite","@id":"http:\/\/lechappeeclose.it\/#website","url":"http:\/\/lechappeeclose.it\/","name":"l&#039;\u00e9chapp\u00e9e close","description":"La libreria francese di Milano","publisher":{"@id":"http:\/\/lechappeeclose.it\/#organization"},"alternateName":"La librairie fran\u00e7aise de Milan","potentialAction":[{"@type":"SearchAction","target":{"@type":"EntryPoint","urlTemplate":"http:\/\/lechappeeclose.it\/?s={search_term_string}"},"query-input":{"@type":"PropertyValueSpecification","valueRequired":true,"valueName":"search_term_string"}}],"inLanguage":"it-IT"},{"@type":"Organization","@id":"http:\/\/lechappeeclose.it\/#organization","name":"l&#039;\u00e9chapp\u00e9e close","url":"http:\/\/lechappeeclose.it\/","logo":{"@type":"ImageObject","inLanguage":"it-IT","@id":"http:\/\/lechappeeclose.it\/#\/schema\/logo\/image\/","url":"http:\/\/lechappeeclose.it\/wp-content\/uploads\/2025\/02\/cropped-logo-rond.png","contentUrl":"http:\/\/lechappeeclose.it\/wp-content\/uploads\/2025\/02\/cropped-logo-rond.png","width":1080,"height":1080,"caption":"l&#039;\u00e9chapp\u00e9e close"},"image":{"@id":"http:\/\/lechappeeclose.it\/#\/schema\/logo\/image\/"},"sameAs":["https:\/\/www.instagram.com\/lechappeeclose\/"]}]}},"_links":{"self":[{"href":"http:\/\/lechappeeclose.it\/it\/wp-json\/wp\/v2\/product\/5119","targetHints":{"allow":["GET"]}}],"collection":[{"href":"http:\/\/lechappeeclose.it\/it\/wp-json\/wp\/v2\/product"}],"about":[{"href":"http:\/\/lechappeeclose.it\/it\/wp-json\/wp\/v2\/types\/product"}],"replies":[{"embeddable":true,"href":"http:\/\/lechappeeclose.it\/it\/wp-json\/wp\/v2\/comments?post=5119"}],"wp:featuredmedia":[{"embeddable":true,"href":"http:\/\/lechappeeclose.it\/it\/wp-json\/wp\/v2\/media\/5118"}],"wp:attachment":[{"href":"http:\/\/lechappeeclose.it\/it\/wp-json\/wp\/v2\/media?parent=5119"}],"wp:term":[{"taxonomy":"product_brand","embeddable":true,"href":"http:\/\/lechappeeclose.it\/it\/wp-json\/wp\/v2\/product_brand?post=5119"},{"taxonomy":"product_cat","embeddable":true,"href":"http:\/\/lechappeeclose.it\/it\/wp-json\/wp\/v2\/product_cat?post=5119"},{"taxonomy":"product_tag","embeddable":true,"href":"http:\/\/lechappeeclose.it\/it\/wp-json\/wp\/v2\/product_tag?post=5119"}],"curies":[{"name":"wp","href":"https:\/\/api.w.org\/{rel}","templated":true}]}}