{"id":4986,"date":"2025-02-04T15:40:58","date_gmt":"2025-02-04T14:40:58","guid":{"rendered":"https:\/\/lechappeeclose.it\/produit\/dizionario-dei-luoghi-comuni-album-della-marchesa-catalogo-delle-idee-chic\/"},"modified":"2025-02-04T15:40:58","modified_gmt":"2025-02-04T14:40:58","slug":"dizionario-dei-luoghi-comuni-album-della-marchesa-catalogo-delle-idee-chic","status":"publish","type":"product","link":"http:\/\/lechappeeclose.it\/it\/boutique\/livres\/litterature\/libri-italiani\/dizionario-dei-luoghi-comuni-album-della-marchesa-catalogo-delle-idee-chic\/","title":{"rendered":"Dizionario dei luoghi comuni: Album della Marchesa &#8211; Catalogo delle idee chic"},"content":{"rendered":"<p>A nove anni, Flaubert scriveva in una lettera dall\u2019ortografia incerta: \u00absiccome c\u2019\u00e8 una signora che viene da pap\u00e0 e ci racconta sempre delle sciocchezze le scriver\u00f2\u00bb. La morte lo avrebbe colto mentre continuava ancora a trascrivere le gesta della Stupidit\u00e0 nell\u2019incompiuto Bouvard e P\u00e9cuchet. E durante tutta la vita di Flaubert l\u2019immagine della Stupidit\u00e0, sotto la possente spinta dei tempi, si era continuamente dilatata dinanzi ai suoi occhi: non pi\u00f9 soltanto attributo inestirpabile della specie umana ma Potenza Cosmica, l\u2019etere che ormai avvolgeva qualsiasi parola fosse pronunciata: le chiacchiere della comare e le relazioni dell\u2019accademico, gli appelli del politico e le sentenze del farmacista, le similitudini dei lirici e i protocolli degli scienziati. Si trattava ormai di una nuova Lingua Universale, tutta composta di Frasi Fatte, cui mancava per\u00f2 ancora un dizionario. Flaubert per decenni sogn\u00f2 di scriverlo egli stesso. Cos\u00ec descriveva il progetto, in una lettera del 1852 a Louise Colet: \u00abCredo che l\u2019insieme sarebbe formidabile come il piombo. Bisognerebbe che in tutto il libro non ci fosse una parola mia, e che, una volta letto il dizionario, non si osasse pi\u00f9 parlare, per paura di dire spontaneamente una delle frasi che vi si trovano\u00bb. Di quell\u2019immenso progetto, che doveva confluire nella seconda parte del Bouvard e P\u00e9cuchet, rimane il prezioso frammento che qui pubblichiamo, insieme con altri due ad esso affini: l\u2019Album della Marchesa e il Catalogo delle idee chic. La traduzione e l\u2019introduzione sono di uno scrittore singolarmente congeniale a Flaubert: J. Rodolfo Wilcock.<\/p>","protected":false},"excerpt":{"rendered":"<p>A nove anni, Flaubert scriveva in una lettera dall\u2019ortografia incerta: \u00absiccome c\u2019\u00e8 una signora che viene da pap\u00e0 e ci racconta sempre delle sciocchezze le scriver\u00f2\u00bb. La morte lo avrebbe colto mentre continuava ancora a trascrivere le gesta della Stupidit\u00e0 nell\u2019incompiuto Bouvard e P\u00e9cuchet. E durante tutta la vita di Flaubert l\u2019immagine della Stupidit\u00e0, sotto [&hellip;]<\/p>","protected":false},"featured_media":4985,"comment_status":"open","ping_status":"closed","template":"","meta":[],"product_brand":[],"product_cat":[50],"product_tag":[],"class_list":{"0":"post-4986","1":"product","2":"type-product","3":"status-publish","4":"has-post-thumbnail","6":"product_cat-libri-italiani","8":"first","9":"instock","10":"taxable","11":"shipping-taxable","12":"purchasable","13":"product-type-simple"},"yoast_head":"<!-- This site is optimized with the Yoast SEO plugin v27.4 - https:\/\/yoast.com\/product\/yoast-seo-wordpress\/ -->\n<title>Dizionario dei luoghi comuni: Album della Marchesa - Catalogo delle idee chic - l&#039;\u00e9chapp\u00e9e close<\/title>\n<meta name=\"robots\" content=\"index, follow, max-snippet:-1, max-image-preview:large, max-video-preview:-1\" \/>\n<link rel=\"canonical\" href=\"http:\/\/lechappeeclose.it\/it\/boutique\/livres\/litterature\/libri-italiani\/dizionario-dei-luoghi-comuni-album-della-marchesa-catalogo-delle-idee-chic\/\" \/>\n<meta property=\"og:locale\" content=\"it_IT\" \/>\n<meta property=\"og:type\" content=\"article\" \/>\n<meta property=\"og:title\" content=\"Dizionario dei luoghi comuni: Album della Marchesa - Catalogo delle idee chic - l&#039;\u00e9chapp\u00e9e close\" \/>\n<meta property=\"og:description\" content=\"A nove anni, Flaubert scriveva in una lettera dall\u2019ortografia incerta: \u00absiccome c\u2019\u00e8 una signora che viene da pap\u00e0 e ci racconta sempre delle sciocchezze le scriver\u00f2\u00bb. La morte lo avrebbe colto mentre continuava ancora a trascrivere le gesta della Stupidit\u00e0 nell\u2019incompiuto Bouvard e P\u00e9cuchet. E durante tutta la vita di Flaubert l\u2019immagine della Stupidit\u00e0, sotto [&hellip;]\" \/>\n<meta property=\"og:url\" content=\"http:\/\/lechappeeclose.it\/it\/boutique\/livres\/litterature\/libri-italiani\/dizionario-dei-luoghi-comuni-album-della-marchesa-catalogo-delle-idee-chic\/\" \/>\n<meta property=\"og:site_name\" content=\"l&#039;\u00e9chapp\u00e9e close\" \/>\n<meta property=\"og:image\" content=\"http:\/\/lechappeeclose.it\/wp-content\/uploads\/2025\/02\/Dizionario-dei-luoghi-comuni-Album-della-Marchesa-Catalogo-delle-idee-chic.jpg\" \/>\n\t<meta property=\"og:image:width\" content=\"286\" \/>\n\t<meta property=\"og:image:height\" content=\"475\" \/>\n\t<meta property=\"og:image:type\" content=\"image\/jpeg\" \/>\n<meta name=\"twitter:card\" content=\"summary_large_image\" \/>\n<meta name=\"twitter:label1\" content=\"Tempo di lettura stimato\" \/>\n\t<meta name=\"twitter:data1\" content=\"1 minuto\" \/>\n<script type=\"application\/ld+json\" class=\"yoast-schema-graph\">{\"@context\":\"https:\\\/\\\/schema.org\",\"@graph\":[{\"@type\":\"WebPage\",\"@id\":\"http:\\\/\\\/lechappeeclose.it\\\/boutique\\\/livres\\\/litterature\\\/libri-italiani\\\/dizionario-dei-luoghi-comuni-album-della-marchesa-catalogo-delle-idee-chic\\\/\",\"url\":\"http:\\\/\\\/lechappeeclose.it\\\/boutique\\\/livres\\\/litterature\\\/libri-italiani\\\/dizionario-dei-luoghi-comuni-album-della-marchesa-catalogo-delle-idee-chic\\\/\",\"name\":\"Dizionario dei luoghi comuni: Album della Marchesa - Catalogo delle idee chic - l&#039;\u00e9chapp\u00e9e close\",\"isPartOf\":{\"@id\":\"http:\\\/\\\/lechappeeclose.it\\\/#website\"},\"primaryImageOfPage\":{\"@id\":\"http:\\\/\\\/lechappeeclose.it\\\/boutique\\\/livres\\\/litterature\\\/libri-italiani\\\/dizionario-dei-luoghi-comuni-album-della-marchesa-catalogo-delle-idee-chic\\\/#primaryimage\"},\"image\":{\"@id\":\"http:\\\/\\\/lechappeeclose.it\\\/boutique\\\/livres\\\/litterature\\\/libri-italiani\\\/dizionario-dei-luoghi-comuni-album-della-marchesa-catalogo-delle-idee-chic\\\/#primaryimage\"},\"thumbnailUrl\":\"http:\\\/\\\/lechappeeclose.it\\\/wp-content\\\/uploads\\\/2025\\\/02\\\/Dizionario-dei-luoghi-comuni-Album-della-Marchesa-Catalogo-delle-idee-chic.jpg\",\"datePublished\":\"2025-02-04T14:40:58+00:00\",\"breadcrumb\":{\"@id\":\"http:\\\/\\\/lechappeeclose.it\\\/boutique\\\/livres\\\/litterature\\\/libri-italiani\\\/dizionario-dei-luoghi-comuni-album-della-marchesa-catalogo-delle-idee-chic\\\/#breadcrumb\"},\"inLanguage\":\"it-IT\",\"potentialAction\":[{\"@type\":\"ReadAction\",\"target\":[\"http:\\\/\\\/lechappeeclose.it\\\/boutique\\\/livres\\\/litterature\\\/libri-italiani\\\/dizionario-dei-luoghi-comuni-album-della-marchesa-catalogo-delle-idee-chic\\\/\"]}]},{\"@type\":\"ImageObject\",\"inLanguage\":\"it-IT\",\"@id\":\"http:\\\/\\\/lechappeeclose.it\\\/boutique\\\/livres\\\/litterature\\\/libri-italiani\\\/dizionario-dei-luoghi-comuni-album-della-marchesa-catalogo-delle-idee-chic\\\/#primaryimage\",\"url\":\"http:\\\/\\\/lechappeeclose.it\\\/wp-content\\\/uploads\\\/2025\\\/02\\\/Dizionario-dei-luoghi-comuni-Album-della-Marchesa-Catalogo-delle-idee-chic.jpg\",\"contentUrl\":\"http:\\\/\\\/lechappeeclose.it\\\/wp-content\\\/uploads\\\/2025\\\/02\\\/Dizionario-dei-luoghi-comuni-Album-della-Marchesa-Catalogo-delle-idee-chic.jpg\",\"width\":286,\"height\":475},{\"@type\":\"BreadcrumbList\",\"@id\":\"http:\\\/\\\/lechappeeclose.it\\\/boutique\\\/livres\\\/litterature\\\/libri-italiani\\\/dizionario-dei-luoghi-comuni-album-della-marchesa-catalogo-delle-idee-chic\\\/#breadcrumb\",\"itemListElement\":[{\"@type\":\"ListItem\",\"position\":1,\"name\":\"Accueil\",\"item\":\"http:\\\/\\\/lechappeeclose.it\\\/\"},{\"@type\":\"ListItem\",\"position\":2,\"name\":\"Boutique\",\"item\":\"http:\\\/\\\/lechappeeclose.it\\\/it\\\/boutique\\\/\"},{\"@type\":\"ListItem\",\"position\":3,\"name\":\"Dizionario dei luoghi comuni: Album della Marchesa &#8211; Catalogo delle idee chic\"}]},{\"@type\":\"WebSite\",\"@id\":\"http:\\\/\\\/lechappeeclose.it\\\/#website\",\"url\":\"http:\\\/\\\/lechappeeclose.it\\\/\",\"name\":\"l&#039;\u00e9chapp\u00e9e close\",\"description\":\"la librairie fran\u00e7aise de Milan\",\"publisher\":{\"@id\":\"http:\\\/\\\/lechappeeclose.it\\\/#organization\"},\"alternateName\":\"La librairie fran\u00e7aise de Milan\",\"potentialAction\":[{\"@type\":\"SearchAction\",\"target\":{\"@type\":\"EntryPoint\",\"urlTemplate\":\"http:\\\/\\\/lechappeeclose.it\\\/?s={search_term_string}\"},\"query-input\":{\"@type\":\"PropertyValueSpecification\",\"valueRequired\":true,\"valueName\":\"search_term_string\"}}],\"inLanguage\":\"it-IT\"},{\"@type\":\"Organization\",\"@id\":\"http:\\\/\\\/lechappeeclose.it\\\/#organization\",\"name\":\"l&#039;\u00e9chapp\u00e9e close\",\"url\":\"http:\\\/\\\/lechappeeclose.it\\\/\",\"logo\":{\"@type\":\"ImageObject\",\"inLanguage\":\"it-IT\",\"@id\":\"http:\\\/\\\/lechappeeclose.it\\\/#\\\/schema\\\/logo\\\/image\\\/\",\"url\":\"http:\\\/\\\/lechappeeclose.it\\\/wp-content\\\/uploads\\\/2025\\\/02\\\/cropped-logo-rond.png\",\"contentUrl\":\"http:\\\/\\\/lechappeeclose.it\\\/wp-content\\\/uploads\\\/2025\\\/02\\\/cropped-logo-rond.png\",\"width\":1080,\"height\":1080,\"caption\":\"l&#039;\u00e9chapp\u00e9e close\"},\"image\":{\"@id\":\"http:\\\/\\\/lechappeeclose.it\\\/#\\\/schema\\\/logo\\\/image\\\/\"},\"sameAs\":[\"https:\\\/\\\/www.instagram.com\\\/lechappeeclose\\\/\"]}]}<\/script>\n<!-- \/ Yoast SEO plugin. -->","yoast_head_json":{"title":"Dizionario dei luoghi comuni: Album della Marchesa - Catalogo delle idee chic - l&#039;\u00e9chapp\u00e9e close","robots":{"index":"index","follow":"follow","max-snippet":"max-snippet:-1","max-image-preview":"max-image-preview:large","max-video-preview":"max-video-preview:-1"},"canonical":"http:\/\/lechappeeclose.it\/it\/boutique\/livres\/litterature\/libri-italiani\/dizionario-dei-luoghi-comuni-album-della-marchesa-catalogo-delle-idee-chic\/","og_locale":"it_IT","og_type":"article","og_title":"Dizionario dei luoghi comuni: Album della Marchesa - Catalogo delle idee chic - l&#039;\u00e9chapp\u00e9e close","og_description":"A nove anni, Flaubert scriveva in una lettera dall\u2019ortografia incerta: \u00absiccome c\u2019\u00e8 una signora che viene da pap\u00e0 e ci racconta sempre delle sciocchezze le scriver\u00f2\u00bb. La morte lo avrebbe colto mentre continuava ancora a trascrivere le gesta della Stupidit\u00e0 nell\u2019incompiuto Bouvard e P\u00e9cuchet. E durante tutta la vita di Flaubert l\u2019immagine della Stupidit\u00e0, sotto [&hellip;]","og_url":"http:\/\/lechappeeclose.it\/it\/boutique\/livres\/litterature\/libri-italiani\/dizionario-dei-luoghi-comuni-album-della-marchesa-catalogo-delle-idee-chic\/","og_site_name":"l&#039;\u00e9chapp\u00e9e close","og_image":[{"width":286,"height":475,"url":"http:\/\/lechappeeclose.it\/wp-content\/uploads\/2025\/02\/Dizionario-dei-luoghi-comuni-Album-della-Marchesa-Catalogo-delle-idee-chic.jpg","type":"image\/jpeg"}],"twitter_card":"summary_large_image","twitter_misc":{"Tempo di lettura stimato":"1 minuto"},"schema":{"@context":"https:\/\/schema.org","@graph":[{"@type":"WebPage","@id":"http:\/\/lechappeeclose.it\/boutique\/livres\/litterature\/libri-italiani\/dizionario-dei-luoghi-comuni-album-della-marchesa-catalogo-delle-idee-chic\/","url":"http:\/\/lechappeeclose.it\/boutique\/livres\/litterature\/libri-italiani\/dizionario-dei-luoghi-comuni-album-della-marchesa-catalogo-delle-idee-chic\/","name":"Dizionario dei luoghi comuni: Album della Marchesa - Catalogo delle idee chic - l&#039;\u00e9chapp\u00e9e close","isPartOf":{"@id":"http:\/\/lechappeeclose.it\/#website"},"primaryImageOfPage":{"@id":"http:\/\/lechappeeclose.it\/boutique\/livres\/litterature\/libri-italiani\/dizionario-dei-luoghi-comuni-album-della-marchesa-catalogo-delle-idee-chic\/#primaryimage"},"image":{"@id":"http:\/\/lechappeeclose.it\/boutique\/livres\/litterature\/libri-italiani\/dizionario-dei-luoghi-comuni-album-della-marchesa-catalogo-delle-idee-chic\/#primaryimage"},"thumbnailUrl":"http:\/\/lechappeeclose.it\/wp-content\/uploads\/2025\/02\/Dizionario-dei-luoghi-comuni-Album-della-Marchesa-Catalogo-delle-idee-chic.jpg","datePublished":"2025-02-04T14:40:58+00:00","breadcrumb":{"@id":"http:\/\/lechappeeclose.it\/boutique\/livres\/litterature\/libri-italiani\/dizionario-dei-luoghi-comuni-album-della-marchesa-catalogo-delle-idee-chic\/#breadcrumb"},"inLanguage":"it-IT","potentialAction":[{"@type":"ReadAction","target":["http:\/\/lechappeeclose.it\/boutique\/livres\/litterature\/libri-italiani\/dizionario-dei-luoghi-comuni-album-della-marchesa-catalogo-delle-idee-chic\/"]}]},{"@type":"ImageObject","inLanguage":"it-IT","@id":"http:\/\/lechappeeclose.it\/boutique\/livres\/litterature\/libri-italiani\/dizionario-dei-luoghi-comuni-album-della-marchesa-catalogo-delle-idee-chic\/#primaryimage","url":"http:\/\/lechappeeclose.it\/wp-content\/uploads\/2025\/02\/Dizionario-dei-luoghi-comuni-Album-della-Marchesa-Catalogo-delle-idee-chic.jpg","contentUrl":"http:\/\/lechappeeclose.it\/wp-content\/uploads\/2025\/02\/Dizionario-dei-luoghi-comuni-Album-della-Marchesa-Catalogo-delle-idee-chic.jpg","width":286,"height":475},{"@type":"BreadcrumbList","@id":"http:\/\/lechappeeclose.it\/boutique\/livres\/litterature\/libri-italiani\/dizionario-dei-luoghi-comuni-album-della-marchesa-catalogo-delle-idee-chic\/#breadcrumb","itemListElement":[{"@type":"ListItem","position":1,"name":"Accueil","item":"http:\/\/lechappeeclose.it\/"},{"@type":"ListItem","position":2,"name":"Boutique","item":"http:\/\/lechappeeclose.it\/it\/boutique\/"},{"@type":"ListItem","position":3,"name":"Dizionario dei luoghi comuni: Album della Marchesa &#8211; Catalogo delle idee chic"}]},{"@type":"WebSite","@id":"http:\/\/lechappeeclose.it\/#website","url":"http:\/\/lechappeeclose.it\/","name":"l&#039;\u00e9chapp\u00e9e close","description":"La libreria francese di Milano","publisher":{"@id":"http:\/\/lechappeeclose.it\/#organization"},"alternateName":"La librairie fran\u00e7aise de Milan","potentialAction":[{"@type":"SearchAction","target":{"@type":"EntryPoint","urlTemplate":"http:\/\/lechappeeclose.it\/?s={search_term_string}"},"query-input":{"@type":"PropertyValueSpecification","valueRequired":true,"valueName":"search_term_string"}}],"inLanguage":"it-IT"},{"@type":"Organization","@id":"http:\/\/lechappeeclose.it\/#organization","name":"l&#039;\u00e9chapp\u00e9e close","url":"http:\/\/lechappeeclose.it\/","logo":{"@type":"ImageObject","inLanguage":"it-IT","@id":"http:\/\/lechappeeclose.it\/#\/schema\/logo\/image\/","url":"http:\/\/lechappeeclose.it\/wp-content\/uploads\/2025\/02\/cropped-logo-rond.png","contentUrl":"http:\/\/lechappeeclose.it\/wp-content\/uploads\/2025\/02\/cropped-logo-rond.png","width":1080,"height":1080,"caption":"l&#039;\u00e9chapp\u00e9e close"},"image":{"@id":"http:\/\/lechappeeclose.it\/#\/schema\/logo\/image\/"},"sameAs":["https:\/\/www.instagram.com\/lechappeeclose\/"]}]}},"_links":{"self":[{"href":"http:\/\/lechappeeclose.it\/it\/wp-json\/wp\/v2\/product\/4986","targetHints":{"allow":["GET"]}}],"collection":[{"href":"http:\/\/lechappeeclose.it\/it\/wp-json\/wp\/v2\/product"}],"about":[{"href":"http:\/\/lechappeeclose.it\/it\/wp-json\/wp\/v2\/types\/product"}],"replies":[{"embeddable":true,"href":"http:\/\/lechappeeclose.it\/it\/wp-json\/wp\/v2\/comments?post=4986"}],"wp:featuredmedia":[{"embeddable":true,"href":"http:\/\/lechappeeclose.it\/it\/wp-json\/wp\/v2\/media\/4985"}],"wp:attachment":[{"href":"http:\/\/lechappeeclose.it\/it\/wp-json\/wp\/v2\/media?parent=4986"}],"wp:term":[{"taxonomy":"product_brand","embeddable":true,"href":"http:\/\/lechappeeclose.it\/it\/wp-json\/wp\/v2\/product_brand?post=4986"},{"taxonomy":"product_cat","embeddable":true,"href":"http:\/\/lechappeeclose.it\/it\/wp-json\/wp\/v2\/product_cat?post=4986"},{"taxonomy":"product_tag","embeddable":true,"href":"http:\/\/lechappeeclose.it\/it\/wp-json\/wp\/v2\/product_tag?post=4986"}],"curies":[{"name":"wp","href":"https:\/\/api.w.org\/{rel}","templated":true}]}}