{"id":4982,"date":"2025-02-04T15:40:13","date_gmt":"2025-02-04T14:40:13","guid":{"rendered":"https:\/\/lechappeeclose.it\/produit\/la-via-dei-re\/"},"modified":"2025-02-04T16:02:23","modified_gmt":"2025-02-04T15:02:23","slug":"la-via-dei-re","status":"publish","type":"product","link":"http:\/\/lechappeeclose.it\/it\/boutique\/livres\/litterature\/libri-italiani\/la-via-dei-re\/","title":{"rendered":"La via dei re"},"content":{"rendered":"<p>Indocina francese, verso la met\u00e0 degli anni Venti. Due uomini, un giovane francese appassionato di archeologia e un avventuriero danese dall\u2019oscuro passato, si incontrano sul piroscafo che fa rotta da Marsiglia all\u2019Estremo Oriente, e stringono fra loro una sorta di patto. Claude Vannec \u2013 questo il nome del francese \u2013 spera di trovare, lungo il tracciato dell\u2019antica Via dei Re, le rovine di templi non ancora scoperti dagli occidentali e di poterne asportare dei bassorilievi da vendere poi a collezionisti europei. Anche l\u2019altro, Perken, spera di trarre un profitto dalla vendita del materiale archeologico: vorrebbe comprare armi e fomentare una guerriglia locale. Nella giungla i due uomini ne incontreranno un terzo, scomparso tempo prima in una missione segreta. Come si vede, ci sono qui tutti gli elementi della grande avventura, immersi in un\u2019atmosfera di erotismo invischiante e subdolo. Basato su elementi autobiografici (Malraux era stato accusato, nel 1924, di aver rubato a scopo di lucro alcuni bassorilievi dal tempio di Banteai-Srey, e ne era seguito un processo clamoroso), La Via dei Re \u00e8 forse l\u2019unico romanzo di Malraux dalla forma impeccabile. Qui l\u2019avventura, come ebbe a dire lo stesso autore, \u00absono formiche schiacciate sotto il palmo delle mani, insetti, rettili, insidie ripugnanti a ogni passo che si fa nella giungla\u00bb, ma \u00e8 anche l\u2019estremo confronto dell\u2019individuo con la sua ossessione e al tempo stesso con la sua paura della morte: e dietro questa mescolanza narcotica di sensualit\u00e0 e sauvagerie traspare il disegno di una \u00abiniziazione tragica\u00bb dell\u2019uomo al proprio destino. La Via dei Re \u00e8 stato pubblicato per la prima volta nel 1930.<\/p>","protected":false},"excerpt":{"rendered":"<p>Indocina francese, verso la met\u00e0 degli anni Venti. Due uomini, un giovane francese appassionato di archeologia e un avventuriero danese dall\u2019oscuro passato, si incontrano sul piroscafo che fa rotta da Marsiglia all\u2019Estremo Oriente, e stringono fra loro una sorta di patto. Claude Vannec \u2013 questo il nome del francese \u2013 spera di trovare, lungo il [&hellip;]<\/p>","protected":false},"featured_media":4981,"comment_status":"open","ping_status":"closed","template":"","meta":[],"product_brand":[],"product_cat":[50],"product_tag":[],"class_list":{"0":"post-4982","1":"product","2":"type-product","3":"status-publish","4":"has-post-thumbnail","6":"product_cat-libri-italiani","8":"first","9":"instock","10":"taxable","11":"shipping-taxable","12":"purchasable","13":"product-type-simple"},"yoast_head":"<!-- This site is optimized with the Yoast SEO plugin v27.4 - https:\/\/yoast.com\/product\/yoast-seo-wordpress\/ -->\n<title>La via dei re - l&#039;\u00e9chapp\u00e9e close<\/title>\n<meta name=\"robots\" content=\"index, follow, max-snippet:-1, max-image-preview:large, max-video-preview:-1\" \/>\n<link rel=\"canonical\" href=\"http:\/\/lechappeeclose.it\/it\/boutique\/livres\/litterature\/libri-italiani\/la-via-dei-re\/\" \/>\n<meta property=\"og:locale\" content=\"it_IT\" \/>\n<meta property=\"og:type\" content=\"article\" \/>\n<meta property=\"og:title\" content=\"La via dei re - l&#039;\u00e9chapp\u00e9e close\" \/>\n<meta property=\"og:description\" content=\"Indocina francese, verso la met\u00e0 degli anni Venti. Due uomini, un giovane francese appassionato di archeologia e un avventuriero danese dall\u2019oscuro passato, si incontrano sul piroscafo che fa rotta da Marsiglia all\u2019Estremo Oriente, e stringono fra loro una sorta di patto. Claude Vannec \u2013 questo il nome del francese \u2013 spera di trovare, lungo il [&hellip;]\" \/>\n<meta property=\"og:url\" content=\"http:\/\/lechappeeclose.it\/it\/boutique\/livres\/litterature\/libri-italiani\/la-via-dei-re\/\" \/>\n<meta property=\"og:site_name\" content=\"l&#039;\u00e9chapp\u00e9e close\" \/>\n<meta property=\"article:modified_time\" content=\"2025-02-04T15:02:23+00:00\" \/>\n<meta property=\"og:image\" content=\"http:\/\/lechappeeclose.it\/wp-content\/uploads\/2025\/02\/La-via-dei-re.jpg\" \/>\n\t<meta property=\"og:image:width\" content=\"190\" \/>\n\t<meta property=\"og:image:height\" content=\"296\" \/>\n\t<meta property=\"og:image:type\" content=\"image\/jpeg\" \/>\n<meta name=\"twitter:card\" content=\"summary_large_image\" \/>\n<meta name=\"twitter:label1\" content=\"Tempo di lettura stimato\" \/>\n\t<meta name=\"twitter:data1\" content=\"1 minuto\" \/>\n<script type=\"application\/ld+json\" class=\"yoast-schema-graph\">{\"@context\":\"https:\\\/\\\/schema.org\",\"@graph\":[{\"@type\":\"WebPage\",\"@id\":\"http:\\\/\\\/lechappeeclose.it\\\/boutique\\\/livres\\\/litterature\\\/libri-italiani\\\/la-via-dei-re\\\/\",\"url\":\"http:\\\/\\\/lechappeeclose.it\\\/boutique\\\/livres\\\/litterature\\\/libri-italiani\\\/la-via-dei-re\\\/\",\"name\":\"La via dei re - l&#039;\u00e9chapp\u00e9e close\",\"isPartOf\":{\"@id\":\"http:\\\/\\\/lechappeeclose.it\\\/#website\"},\"primaryImageOfPage\":{\"@id\":\"http:\\\/\\\/lechappeeclose.it\\\/boutique\\\/livres\\\/litterature\\\/libri-italiani\\\/la-via-dei-re\\\/#primaryimage\"},\"image\":{\"@id\":\"http:\\\/\\\/lechappeeclose.it\\\/boutique\\\/livres\\\/litterature\\\/libri-italiani\\\/la-via-dei-re\\\/#primaryimage\"},\"thumbnailUrl\":\"http:\\\/\\\/lechappeeclose.it\\\/wp-content\\\/uploads\\\/2025\\\/02\\\/La-via-dei-re.jpg\",\"datePublished\":\"2025-02-04T14:40:13+00:00\",\"dateModified\":\"2025-02-04T15:02:23+00:00\",\"breadcrumb\":{\"@id\":\"http:\\\/\\\/lechappeeclose.it\\\/boutique\\\/livres\\\/litterature\\\/libri-italiani\\\/la-via-dei-re\\\/#breadcrumb\"},\"inLanguage\":\"it-IT\",\"potentialAction\":[{\"@type\":\"ReadAction\",\"target\":[\"http:\\\/\\\/lechappeeclose.it\\\/boutique\\\/livres\\\/litterature\\\/libri-italiani\\\/la-via-dei-re\\\/\"]}]},{\"@type\":\"ImageObject\",\"inLanguage\":\"it-IT\",\"@id\":\"http:\\\/\\\/lechappeeclose.it\\\/boutique\\\/livres\\\/litterature\\\/libri-italiani\\\/la-via-dei-re\\\/#primaryimage\",\"url\":\"http:\\\/\\\/lechappeeclose.it\\\/wp-content\\\/uploads\\\/2025\\\/02\\\/La-via-dei-re.jpg\",\"contentUrl\":\"http:\\\/\\\/lechappeeclose.it\\\/wp-content\\\/uploads\\\/2025\\\/02\\\/La-via-dei-re.jpg\",\"width\":190,\"height\":296},{\"@type\":\"BreadcrumbList\",\"@id\":\"http:\\\/\\\/lechappeeclose.it\\\/boutique\\\/livres\\\/litterature\\\/libri-italiani\\\/la-via-dei-re\\\/#breadcrumb\",\"itemListElement\":[{\"@type\":\"ListItem\",\"position\":1,\"name\":\"Accueil\",\"item\":\"http:\\\/\\\/lechappeeclose.it\\\/\"},{\"@type\":\"ListItem\",\"position\":2,\"name\":\"Boutique\",\"item\":\"http:\\\/\\\/lechappeeclose.it\\\/it\\\/boutique\\\/\"},{\"@type\":\"ListItem\",\"position\":3,\"name\":\"La via dei re\"}]},{\"@type\":\"WebSite\",\"@id\":\"http:\\\/\\\/lechappeeclose.it\\\/#website\",\"url\":\"http:\\\/\\\/lechappeeclose.it\\\/\",\"name\":\"l&#039;\u00e9chapp\u00e9e close\",\"description\":\"la librairie fran\u00e7aise de Milan\",\"publisher\":{\"@id\":\"http:\\\/\\\/lechappeeclose.it\\\/#organization\"},\"alternateName\":\"La librairie fran\u00e7aise de Milan\",\"potentialAction\":[{\"@type\":\"SearchAction\",\"target\":{\"@type\":\"EntryPoint\",\"urlTemplate\":\"http:\\\/\\\/lechappeeclose.it\\\/?s={search_term_string}\"},\"query-input\":{\"@type\":\"PropertyValueSpecification\",\"valueRequired\":true,\"valueName\":\"search_term_string\"}}],\"inLanguage\":\"it-IT\"},{\"@type\":\"Organization\",\"@id\":\"http:\\\/\\\/lechappeeclose.it\\\/#organization\",\"name\":\"l&#039;\u00e9chapp\u00e9e close\",\"url\":\"http:\\\/\\\/lechappeeclose.it\\\/\",\"logo\":{\"@type\":\"ImageObject\",\"inLanguage\":\"it-IT\",\"@id\":\"http:\\\/\\\/lechappeeclose.it\\\/#\\\/schema\\\/logo\\\/image\\\/\",\"url\":\"http:\\\/\\\/lechappeeclose.it\\\/wp-content\\\/uploads\\\/2025\\\/02\\\/cropped-logo-rond.png\",\"contentUrl\":\"http:\\\/\\\/lechappeeclose.it\\\/wp-content\\\/uploads\\\/2025\\\/02\\\/cropped-logo-rond.png\",\"width\":1080,\"height\":1080,\"caption\":\"l&#039;\u00e9chapp\u00e9e close\"},\"image\":{\"@id\":\"http:\\\/\\\/lechappeeclose.it\\\/#\\\/schema\\\/logo\\\/image\\\/\"},\"sameAs\":[\"https:\\\/\\\/www.instagram.com\\\/lechappeeclose\\\/\"]}]}<\/script>\n<!-- \/ Yoast SEO plugin. -->","yoast_head_json":{"title":"La via dei re - l&#039;\u00e9chapp\u00e9e close","robots":{"index":"index","follow":"follow","max-snippet":"max-snippet:-1","max-image-preview":"max-image-preview:large","max-video-preview":"max-video-preview:-1"},"canonical":"http:\/\/lechappeeclose.it\/it\/boutique\/livres\/litterature\/libri-italiani\/la-via-dei-re\/","og_locale":"it_IT","og_type":"article","og_title":"La via dei re - l&#039;\u00e9chapp\u00e9e close","og_description":"Indocina francese, verso la met\u00e0 degli anni Venti. Due uomini, un giovane francese appassionato di archeologia e un avventuriero danese dall\u2019oscuro passato, si incontrano sul piroscafo che fa rotta da Marsiglia all\u2019Estremo Oriente, e stringono fra loro una sorta di patto. Claude Vannec \u2013 questo il nome del francese \u2013 spera di trovare, lungo il [&hellip;]","og_url":"http:\/\/lechappeeclose.it\/it\/boutique\/livres\/litterature\/libri-italiani\/la-via-dei-re\/","og_site_name":"l&#039;\u00e9chapp\u00e9e close","article_modified_time":"2025-02-04T15:02:23+00:00","og_image":[{"width":190,"height":296,"url":"http:\/\/lechappeeclose.it\/wp-content\/uploads\/2025\/02\/La-via-dei-re.jpg","type":"image\/jpeg"}],"twitter_card":"summary_large_image","twitter_misc":{"Tempo di lettura stimato":"1 minuto"},"schema":{"@context":"https:\/\/schema.org","@graph":[{"@type":"WebPage","@id":"http:\/\/lechappeeclose.it\/boutique\/livres\/litterature\/libri-italiani\/la-via-dei-re\/","url":"http:\/\/lechappeeclose.it\/boutique\/livres\/litterature\/libri-italiani\/la-via-dei-re\/","name":"La via dei re - l&#039;\u00e9chapp\u00e9e close","isPartOf":{"@id":"http:\/\/lechappeeclose.it\/#website"},"primaryImageOfPage":{"@id":"http:\/\/lechappeeclose.it\/boutique\/livres\/litterature\/libri-italiani\/la-via-dei-re\/#primaryimage"},"image":{"@id":"http:\/\/lechappeeclose.it\/boutique\/livres\/litterature\/libri-italiani\/la-via-dei-re\/#primaryimage"},"thumbnailUrl":"http:\/\/lechappeeclose.it\/wp-content\/uploads\/2025\/02\/La-via-dei-re.jpg","datePublished":"2025-02-04T14:40:13+00:00","dateModified":"2025-02-04T15:02:23+00:00","breadcrumb":{"@id":"http:\/\/lechappeeclose.it\/boutique\/livres\/litterature\/libri-italiani\/la-via-dei-re\/#breadcrumb"},"inLanguage":"it-IT","potentialAction":[{"@type":"ReadAction","target":["http:\/\/lechappeeclose.it\/boutique\/livres\/litterature\/libri-italiani\/la-via-dei-re\/"]}]},{"@type":"ImageObject","inLanguage":"it-IT","@id":"http:\/\/lechappeeclose.it\/boutique\/livres\/litterature\/libri-italiani\/la-via-dei-re\/#primaryimage","url":"http:\/\/lechappeeclose.it\/wp-content\/uploads\/2025\/02\/La-via-dei-re.jpg","contentUrl":"http:\/\/lechappeeclose.it\/wp-content\/uploads\/2025\/02\/La-via-dei-re.jpg","width":190,"height":296},{"@type":"BreadcrumbList","@id":"http:\/\/lechappeeclose.it\/boutique\/livres\/litterature\/libri-italiani\/la-via-dei-re\/#breadcrumb","itemListElement":[{"@type":"ListItem","position":1,"name":"Accueil","item":"http:\/\/lechappeeclose.it\/"},{"@type":"ListItem","position":2,"name":"Boutique","item":"http:\/\/lechappeeclose.it\/it\/boutique\/"},{"@type":"ListItem","position":3,"name":"La via dei re"}]},{"@type":"WebSite","@id":"http:\/\/lechappeeclose.it\/#website","url":"http:\/\/lechappeeclose.it\/","name":"l&#039;\u00e9chapp\u00e9e close","description":"La libreria francese di Milano","publisher":{"@id":"http:\/\/lechappeeclose.it\/#organization"},"alternateName":"La librairie fran\u00e7aise de Milan","potentialAction":[{"@type":"SearchAction","target":{"@type":"EntryPoint","urlTemplate":"http:\/\/lechappeeclose.it\/?s={search_term_string}"},"query-input":{"@type":"PropertyValueSpecification","valueRequired":true,"valueName":"search_term_string"}}],"inLanguage":"it-IT"},{"@type":"Organization","@id":"http:\/\/lechappeeclose.it\/#organization","name":"l&#039;\u00e9chapp\u00e9e close","url":"http:\/\/lechappeeclose.it\/","logo":{"@type":"ImageObject","inLanguage":"it-IT","@id":"http:\/\/lechappeeclose.it\/#\/schema\/logo\/image\/","url":"http:\/\/lechappeeclose.it\/wp-content\/uploads\/2025\/02\/cropped-logo-rond.png","contentUrl":"http:\/\/lechappeeclose.it\/wp-content\/uploads\/2025\/02\/cropped-logo-rond.png","width":1080,"height":1080,"caption":"l&#039;\u00e9chapp\u00e9e close"},"image":{"@id":"http:\/\/lechappeeclose.it\/#\/schema\/logo\/image\/"},"sameAs":["https:\/\/www.instagram.com\/lechappeeclose\/"]}]}},"_links":{"self":[{"href":"http:\/\/lechappeeclose.it\/it\/wp-json\/wp\/v2\/product\/4982","targetHints":{"allow":["GET"]}}],"collection":[{"href":"http:\/\/lechappeeclose.it\/it\/wp-json\/wp\/v2\/product"}],"about":[{"href":"http:\/\/lechappeeclose.it\/it\/wp-json\/wp\/v2\/types\/product"}],"replies":[{"embeddable":true,"href":"http:\/\/lechappeeclose.it\/it\/wp-json\/wp\/v2\/comments?post=4982"}],"wp:featuredmedia":[{"embeddable":true,"href":"http:\/\/lechappeeclose.it\/it\/wp-json\/wp\/v2\/media\/4981"}],"wp:attachment":[{"href":"http:\/\/lechappeeclose.it\/it\/wp-json\/wp\/v2\/media?parent=4982"}],"wp:term":[{"taxonomy":"product_brand","embeddable":true,"href":"http:\/\/lechappeeclose.it\/it\/wp-json\/wp\/v2\/product_brand?post=4982"},{"taxonomy":"product_cat","embeddable":true,"href":"http:\/\/lechappeeclose.it\/it\/wp-json\/wp\/v2\/product_cat?post=4982"},{"taxonomy":"product_tag","embeddable":true,"href":"http:\/\/lechappeeclose.it\/it\/wp-json\/wp\/v2\/product_tag?post=4982"}],"curies":[{"name":"wp","href":"https:\/\/api.w.org\/{rel}","templated":true}]}}