{"id":4980,"date":"2025-02-04T15:39:42","date_gmt":"2025-02-04T14:39:42","guid":{"rendered":"https:\/\/lechappeeclose.it\/produit\/un-incontro\/"},"modified":"2025-02-04T15:39:42","modified_gmt":"2025-02-04T14:39:42","slug":"un-incontro","status":"publish","type":"product","link":"http:\/\/lechappeeclose.it\/it\/boutique\/livres\/litterature\/libri-italiani\/un-incontro\/","title":{"rendered":"Un incontro"},"content":{"rendered":"<p>Quando Paul Val\u00e9ry fu accolto, nel 1925, fra gli \u00abimmortali\u00bb dell\u2019Acad\u00e9mie fran\u00e7aise, si vide costretto \u2013 lui che non aveva grande stima per l\u2019arte del romanzo \u2013 a pronunciare l\u2019elogio di Anatole France, suo predecessore. In un \u2018panegirico\u2019 divenuto leggendario, non solo riusc\u00ec a parlare di France senza mai menzionarne il nome, ma con squisita perfidia contrappose le sue opere a quelle di Tolstoj, Ibsen, Zola, tacciandole di leggerezza. Non c\u2019\u00e8 da stupirsi, ci avverte Kundera: difficilmente il romanziere rientra nella schiera di coloro che incarnano lo spirito di una nazione. Proprio in virt\u00f9 della sua arte, il romanziere \u00e8 per lo pi\u00f9 \u00absegreto, ambiguo, ironico\u00bb, e \u2013 celato com\u2019\u00e8 dietro ai suoi personaggi \u2013 difficilmente si lascia ridurre a una convinzione, a un atteggiamento: quel che gli preme non \u00e8 la Storia (e tanto meno la politica), bens\u00ec il \u00abmistero dei suoi attori\u00bb. Come Beckett, \u00e8 libero, persino dal virtuoso senso del dovere che lo vorrebbe prigioniero di un Paese o di una lingua; come Danilo Ki\u0161, respinge ogni etichetta, anche quella, proba e accattivante, di emigrato o dissidente; come \u0160kvoreck\u00fd, \u00e8 pronto a rivolgere il suo \u00abinopportuno humour\u00bb contro il potere e insieme contro il \u00abvanitoso gesticolare\u00bb di chi protesta (ad esempio sulla scena della Primavera di Praga). E spesso finisce sulle liste di proscrizione che governano i gusti letterari: soprattutto quando, come Malaparte (cui Kundera dedica qui un folgorante saggio), ci rivela la cupa bellezza di una realt\u00e0 diventata folle, la nuova Europa nata da un\u2019immensa disfatta, e un nuovo modo, vinto e colpevole, di essere europei. Nel corso degli anni Kundera ci ha insegnato a guardare al romanzo come a una creatura fragile e preziosa, che vive di un\u2019unica storia: ma mai ci aveva rivelato in maniera tanto nitida e affascinante la fisionomia del romanziere, e la sua occulta, vitale, dolorosa fisiologia.<\/p>","protected":false},"excerpt":{"rendered":"<p>Quando Paul Val\u00e9ry fu accolto, nel 1925, fra gli \u00abimmortali\u00bb dell\u2019Acad\u00e9mie fran\u00e7aise, si vide costretto \u2013 lui che non aveva grande stima per l\u2019arte del romanzo \u2013 a pronunciare l\u2019elogio di Anatole France, suo predecessore. In un \u2018panegirico\u2019 divenuto leggendario, non solo riusc\u00ec a parlare di France senza mai menzionarne il nome, ma con squisita [&hellip;]<\/p>","protected":false},"featured_media":4979,"comment_status":"open","ping_status":"closed","template":"","meta":[],"product_brand":[],"product_cat":[50],"product_tag":[],"class_list":{"0":"post-4980","1":"product","2":"type-product","3":"status-publish","4":"has-post-thumbnail","6":"product_cat-libri-italiani","8":"first","9":"instock","10":"taxable","11":"shipping-taxable","12":"purchasable","13":"product-type-simple"},"yoast_head":"<!-- This site is optimized with the Yoast SEO plugin v27.4 - https:\/\/yoast.com\/product\/yoast-seo-wordpress\/ -->\n<title>Un incontro - l&#039;\u00e9chapp\u00e9e close<\/title>\n<meta name=\"robots\" content=\"index, follow, max-snippet:-1, max-image-preview:large, max-video-preview:-1\" \/>\n<link rel=\"canonical\" href=\"http:\/\/lechappeeclose.it\/it\/boutique\/livres\/litterature\/libri-italiani\/un-incontro\/\" \/>\n<meta property=\"og:locale\" content=\"it_IT\" \/>\n<meta property=\"og:type\" content=\"article\" \/>\n<meta property=\"og:title\" content=\"Un incontro - l&#039;\u00e9chapp\u00e9e close\" \/>\n<meta property=\"og:description\" content=\"Quando Paul Val\u00e9ry fu accolto, nel 1925, fra gli \u00abimmortali\u00bb dell\u2019Acad\u00e9mie fran\u00e7aise, si vide costretto \u2013 lui che non aveva grande stima per l\u2019arte del romanzo \u2013 a pronunciare l\u2019elogio di Anatole France, suo predecessore. In un \u2018panegirico\u2019 divenuto leggendario, non solo riusc\u00ec a parlare di France senza mai menzionarne il nome, ma con squisita [&hellip;]\" \/>\n<meta property=\"og:url\" content=\"http:\/\/lechappeeclose.it\/it\/boutique\/livres\/litterature\/libri-italiani\/un-incontro\/\" \/>\n<meta property=\"og:site_name\" content=\"l&#039;\u00e9chapp\u00e9e close\" \/>\n<meta property=\"og:image\" content=\"http:\/\/lechappeeclose.it\/wp-content\/uploads\/2025\/02\/Un-incontro.jpg\" \/>\n\t<meta property=\"og:image:width\" content=\"190\" \/>\n\t<meta property=\"og:image:height\" content=\"298\" \/>\n\t<meta property=\"og:image:type\" content=\"image\/jpeg\" \/>\n<meta name=\"twitter:card\" content=\"summary_large_image\" \/>\n<meta name=\"twitter:label1\" content=\"Tempo di lettura stimato\" \/>\n\t<meta name=\"twitter:data1\" content=\"2 minuti\" \/>\n<script type=\"application\/ld+json\" class=\"yoast-schema-graph\">{\"@context\":\"https:\\\/\\\/schema.org\",\"@graph\":[{\"@type\":\"WebPage\",\"@id\":\"http:\\\/\\\/lechappeeclose.it\\\/boutique\\\/livres\\\/litterature\\\/libri-italiani\\\/un-incontro\\\/\",\"url\":\"http:\\\/\\\/lechappeeclose.it\\\/boutique\\\/livres\\\/litterature\\\/libri-italiani\\\/un-incontro\\\/\",\"name\":\"Un incontro - l&#039;\u00e9chapp\u00e9e close\",\"isPartOf\":{\"@id\":\"http:\\\/\\\/lechappeeclose.it\\\/#website\"},\"primaryImageOfPage\":{\"@id\":\"http:\\\/\\\/lechappeeclose.it\\\/boutique\\\/livres\\\/litterature\\\/libri-italiani\\\/un-incontro\\\/#primaryimage\"},\"image\":{\"@id\":\"http:\\\/\\\/lechappeeclose.it\\\/boutique\\\/livres\\\/litterature\\\/libri-italiani\\\/un-incontro\\\/#primaryimage\"},\"thumbnailUrl\":\"http:\\\/\\\/lechappeeclose.it\\\/wp-content\\\/uploads\\\/2025\\\/02\\\/Un-incontro.jpg\",\"datePublished\":\"2025-02-04T14:39:42+00:00\",\"breadcrumb\":{\"@id\":\"http:\\\/\\\/lechappeeclose.it\\\/boutique\\\/livres\\\/litterature\\\/libri-italiani\\\/un-incontro\\\/#breadcrumb\"},\"inLanguage\":\"it-IT\",\"potentialAction\":[{\"@type\":\"ReadAction\",\"target\":[\"http:\\\/\\\/lechappeeclose.it\\\/boutique\\\/livres\\\/litterature\\\/libri-italiani\\\/un-incontro\\\/\"]}]},{\"@type\":\"ImageObject\",\"inLanguage\":\"it-IT\",\"@id\":\"http:\\\/\\\/lechappeeclose.it\\\/boutique\\\/livres\\\/litterature\\\/libri-italiani\\\/un-incontro\\\/#primaryimage\",\"url\":\"http:\\\/\\\/lechappeeclose.it\\\/wp-content\\\/uploads\\\/2025\\\/02\\\/Un-incontro.jpg\",\"contentUrl\":\"http:\\\/\\\/lechappeeclose.it\\\/wp-content\\\/uploads\\\/2025\\\/02\\\/Un-incontro.jpg\",\"width\":190,\"height\":298},{\"@type\":\"BreadcrumbList\",\"@id\":\"http:\\\/\\\/lechappeeclose.it\\\/boutique\\\/livres\\\/litterature\\\/libri-italiani\\\/un-incontro\\\/#breadcrumb\",\"itemListElement\":[{\"@type\":\"ListItem\",\"position\":1,\"name\":\"Accueil\",\"item\":\"http:\\\/\\\/lechappeeclose.it\\\/\"},{\"@type\":\"ListItem\",\"position\":2,\"name\":\"Boutique\",\"item\":\"http:\\\/\\\/lechappeeclose.it\\\/it\\\/boutique\\\/\"},{\"@type\":\"ListItem\",\"position\":3,\"name\":\"Un incontro\"}]},{\"@type\":\"WebSite\",\"@id\":\"http:\\\/\\\/lechappeeclose.it\\\/#website\",\"url\":\"http:\\\/\\\/lechappeeclose.it\\\/\",\"name\":\"l&#039;\u00e9chapp\u00e9e close\",\"description\":\"la librairie fran\u00e7aise de Milan\",\"publisher\":{\"@id\":\"http:\\\/\\\/lechappeeclose.it\\\/#organization\"},\"alternateName\":\"La librairie fran\u00e7aise de Milan\",\"potentialAction\":[{\"@type\":\"SearchAction\",\"target\":{\"@type\":\"EntryPoint\",\"urlTemplate\":\"http:\\\/\\\/lechappeeclose.it\\\/?s={search_term_string}\"},\"query-input\":{\"@type\":\"PropertyValueSpecification\",\"valueRequired\":true,\"valueName\":\"search_term_string\"}}],\"inLanguage\":\"it-IT\"},{\"@type\":\"Organization\",\"@id\":\"http:\\\/\\\/lechappeeclose.it\\\/#organization\",\"name\":\"l&#039;\u00e9chapp\u00e9e close\",\"url\":\"http:\\\/\\\/lechappeeclose.it\\\/\",\"logo\":{\"@type\":\"ImageObject\",\"inLanguage\":\"it-IT\",\"@id\":\"http:\\\/\\\/lechappeeclose.it\\\/#\\\/schema\\\/logo\\\/image\\\/\",\"url\":\"http:\\\/\\\/lechappeeclose.it\\\/wp-content\\\/uploads\\\/2025\\\/02\\\/cropped-logo-rond.png\",\"contentUrl\":\"http:\\\/\\\/lechappeeclose.it\\\/wp-content\\\/uploads\\\/2025\\\/02\\\/cropped-logo-rond.png\",\"width\":1080,\"height\":1080,\"caption\":\"l&#039;\u00e9chapp\u00e9e close\"},\"image\":{\"@id\":\"http:\\\/\\\/lechappeeclose.it\\\/#\\\/schema\\\/logo\\\/image\\\/\"},\"sameAs\":[\"https:\\\/\\\/www.instagram.com\\\/lechappeeclose\\\/\"]}]}<\/script>\n<!-- \/ Yoast SEO plugin. -->","yoast_head_json":{"title":"Un incontro - l&#039;\u00e9chapp\u00e9e close","robots":{"index":"index","follow":"follow","max-snippet":"max-snippet:-1","max-image-preview":"max-image-preview:large","max-video-preview":"max-video-preview:-1"},"canonical":"http:\/\/lechappeeclose.it\/it\/boutique\/livres\/litterature\/libri-italiani\/un-incontro\/","og_locale":"it_IT","og_type":"article","og_title":"Un incontro - l&#039;\u00e9chapp\u00e9e close","og_description":"Quando Paul Val\u00e9ry fu accolto, nel 1925, fra gli \u00abimmortali\u00bb dell\u2019Acad\u00e9mie fran\u00e7aise, si vide costretto \u2013 lui che non aveva grande stima per l\u2019arte del romanzo \u2013 a pronunciare l\u2019elogio di Anatole France, suo predecessore. In un \u2018panegirico\u2019 divenuto leggendario, non solo riusc\u00ec a parlare di France senza mai menzionarne il nome, ma con squisita [&hellip;]","og_url":"http:\/\/lechappeeclose.it\/it\/boutique\/livres\/litterature\/libri-italiani\/un-incontro\/","og_site_name":"l&#039;\u00e9chapp\u00e9e close","og_image":[{"width":190,"height":298,"url":"http:\/\/lechappeeclose.it\/wp-content\/uploads\/2025\/02\/Un-incontro.jpg","type":"image\/jpeg"}],"twitter_card":"summary_large_image","twitter_misc":{"Tempo di lettura stimato":"2 minuti"},"schema":{"@context":"https:\/\/schema.org","@graph":[{"@type":"WebPage","@id":"http:\/\/lechappeeclose.it\/boutique\/livres\/litterature\/libri-italiani\/un-incontro\/","url":"http:\/\/lechappeeclose.it\/boutique\/livres\/litterature\/libri-italiani\/un-incontro\/","name":"Un incontro - l&#039;\u00e9chapp\u00e9e close","isPartOf":{"@id":"http:\/\/lechappeeclose.it\/#website"},"primaryImageOfPage":{"@id":"http:\/\/lechappeeclose.it\/boutique\/livres\/litterature\/libri-italiani\/un-incontro\/#primaryimage"},"image":{"@id":"http:\/\/lechappeeclose.it\/boutique\/livres\/litterature\/libri-italiani\/un-incontro\/#primaryimage"},"thumbnailUrl":"http:\/\/lechappeeclose.it\/wp-content\/uploads\/2025\/02\/Un-incontro.jpg","datePublished":"2025-02-04T14:39:42+00:00","breadcrumb":{"@id":"http:\/\/lechappeeclose.it\/boutique\/livres\/litterature\/libri-italiani\/un-incontro\/#breadcrumb"},"inLanguage":"it-IT","potentialAction":[{"@type":"ReadAction","target":["http:\/\/lechappeeclose.it\/boutique\/livres\/litterature\/libri-italiani\/un-incontro\/"]}]},{"@type":"ImageObject","inLanguage":"it-IT","@id":"http:\/\/lechappeeclose.it\/boutique\/livres\/litterature\/libri-italiani\/un-incontro\/#primaryimage","url":"http:\/\/lechappeeclose.it\/wp-content\/uploads\/2025\/02\/Un-incontro.jpg","contentUrl":"http:\/\/lechappeeclose.it\/wp-content\/uploads\/2025\/02\/Un-incontro.jpg","width":190,"height":298},{"@type":"BreadcrumbList","@id":"http:\/\/lechappeeclose.it\/boutique\/livres\/litterature\/libri-italiani\/un-incontro\/#breadcrumb","itemListElement":[{"@type":"ListItem","position":1,"name":"Accueil","item":"http:\/\/lechappeeclose.it\/"},{"@type":"ListItem","position":2,"name":"Boutique","item":"http:\/\/lechappeeclose.it\/it\/boutique\/"},{"@type":"ListItem","position":3,"name":"Un incontro"}]},{"@type":"WebSite","@id":"http:\/\/lechappeeclose.it\/#website","url":"http:\/\/lechappeeclose.it\/","name":"l&#039;\u00e9chapp\u00e9e close","description":"La libreria francese di Milano","publisher":{"@id":"http:\/\/lechappeeclose.it\/#organization"},"alternateName":"La librairie fran\u00e7aise de Milan","potentialAction":[{"@type":"SearchAction","target":{"@type":"EntryPoint","urlTemplate":"http:\/\/lechappeeclose.it\/?s={search_term_string}"},"query-input":{"@type":"PropertyValueSpecification","valueRequired":true,"valueName":"search_term_string"}}],"inLanguage":"it-IT"},{"@type":"Organization","@id":"http:\/\/lechappeeclose.it\/#organization","name":"l&#039;\u00e9chapp\u00e9e close","url":"http:\/\/lechappeeclose.it\/","logo":{"@type":"ImageObject","inLanguage":"it-IT","@id":"http:\/\/lechappeeclose.it\/#\/schema\/logo\/image\/","url":"http:\/\/lechappeeclose.it\/wp-content\/uploads\/2025\/02\/cropped-logo-rond.png","contentUrl":"http:\/\/lechappeeclose.it\/wp-content\/uploads\/2025\/02\/cropped-logo-rond.png","width":1080,"height":1080,"caption":"l&#039;\u00e9chapp\u00e9e close"},"image":{"@id":"http:\/\/lechappeeclose.it\/#\/schema\/logo\/image\/"},"sameAs":["https:\/\/www.instagram.com\/lechappeeclose\/"]}]}},"_links":{"self":[{"href":"http:\/\/lechappeeclose.it\/it\/wp-json\/wp\/v2\/product\/4980","targetHints":{"allow":["GET"]}}],"collection":[{"href":"http:\/\/lechappeeclose.it\/it\/wp-json\/wp\/v2\/product"}],"about":[{"href":"http:\/\/lechappeeclose.it\/it\/wp-json\/wp\/v2\/types\/product"}],"replies":[{"embeddable":true,"href":"http:\/\/lechappeeclose.it\/it\/wp-json\/wp\/v2\/comments?post=4980"}],"wp:featuredmedia":[{"embeddable":true,"href":"http:\/\/lechappeeclose.it\/it\/wp-json\/wp\/v2\/media\/4979"}],"wp:attachment":[{"href":"http:\/\/lechappeeclose.it\/it\/wp-json\/wp\/v2\/media?parent=4980"}],"wp:term":[{"taxonomy":"product_brand","embeddable":true,"href":"http:\/\/lechappeeclose.it\/it\/wp-json\/wp\/v2\/product_brand?post=4980"},{"taxonomy":"product_cat","embeddable":true,"href":"http:\/\/lechappeeclose.it\/it\/wp-json\/wp\/v2\/product_cat?post=4980"},{"taxonomy":"product_tag","embeddable":true,"href":"http:\/\/lechappeeclose.it\/it\/wp-json\/wp\/v2\/product_tag?post=4980"}],"curies":[{"name":"wp","href":"https:\/\/api.w.org\/{rel}","templated":true}]}}