{"id":4956,"date":"2025-02-04T15:07:31","date_gmt":"2025-02-04T14:07:31","guid":{"rendered":"https:\/\/lechappeeclose.it\/produit\/la-sequestrata-di-poitiers\/"},"modified":"2025-02-04T15:07:31","modified_gmt":"2025-02-04T14:07:31","slug":"la-sequestrata-di-poitiers","status":"publish","type":"product","link":"http:\/\/lechappeeclose.it\/it\/boutique\/livres\/litterature\/libri-italiani\/la-sequestrata-di-poitiers\/","title":{"rendered":"La sequestrata di Poitiers"},"content":{"rendered":"<p>Rinchiusa per venticinque anni in una camera buia, su un letto incrostato di escrementi e residui di cibo, ridotta a un fragile mucchio di ossa, circondata da insetti e da scritte deliranti incise sul muro, M\u00e9lanie Bastian fu liberata dalla polizia il 22 maggio del 1901 in conseguenza di una denuncia anonima. Il caso giudiziario che ne nacque, le accuse che furono mosse alla madre e al fratello, rispettabili borghesi di provincia, ebbero echi clamorosi per lungo tempo. Andr\u00e9 Gide, che era sempre stato attratto dalle vicende giudiziarie, e gi\u00e0 nel 1912 aveva voluto fare il giurato alla Corte d&#8217;Assise, riapr\u00ec nel 1930 il caso della sequestrata di Poitiers con questo libretto, insieme lucida cronaca dei fatti e tentativo di interpretazione di un mistero che, come sempre accade, il tribunale era riuscito appena a sfiorare. Il primo problema che il caso pone \u00e8, di fatto, questo: fino a che punto si pu\u00f2 dire che M\u00e9lanie fu sequestrata, per sordide ragioni, da sua madre e da suo fratello? Fino a che punto si pu\u00f2 affermare che fra questi tre personaggi esisteva una sorta di inaudita complicit\u00e0? Con magistrale penetrazione psicologica, Gide ci guida sul bordo di questi abissi e ci fa intendere come in un tale quadro di \u2018orrori borghesi&#8217; potessero convivere la smisurata crudelt\u00e0 persecutoria e una segreta connivenza. Ci\u00f2 aiuterebbe a capire, fra l&#8217;altro, le sorprendenti parole dette dalla \u00absequestrata\u00bb quando vennero per condurla all&#8217;ospedale: \u00abTutto quello che vorrete, ma non portatemi via dalla mia cara piccola grotta\u00bb.<\/p>","protected":false},"excerpt":{"rendered":"<p>Rinchiusa per venticinque anni in una camera buia, su un letto incrostato di escrementi e residui di cibo, ridotta a un fragile mucchio di ossa, circondata da insetti e da scritte deliranti incise sul muro, M\u00e9lanie Bastian fu liberata dalla polizia il 22 maggio del 1901 in conseguenza di una denuncia anonima. Il caso giudiziario [&hellip;]<\/p>","protected":false},"featured_media":4955,"comment_status":"open","ping_status":"closed","template":"","meta":[],"product_brand":[],"product_cat":[50],"product_tag":[],"class_list":{"0":"post-4956","1":"product","2":"type-product","3":"status-publish","4":"has-post-thumbnail","6":"product_cat-libri-italiani","8":"first","9":"instock","10":"taxable","11":"shipping-taxable","12":"purchasable","13":"product-type-simple"},"yoast_head":"<!-- This site is optimized with the Yoast SEO plugin v27.4 - https:\/\/yoast.com\/product\/yoast-seo-wordpress\/ -->\n<title>La sequestrata di Poitiers - l&#039;\u00e9chapp\u00e9e close<\/title>\n<meta name=\"robots\" content=\"index, follow, max-snippet:-1, max-image-preview:large, max-video-preview:-1\" \/>\n<link rel=\"canonical\" href=\"https:\/\/lechappeeclose.it\/it\/boutique\/livres\/litterature\/libri-italiani\/la-sequestrata-di-poitiers\/\" \/>\n<meta property=\"og:locale\" content=\"it_IT\" \/>\n<meta property=\"og:type\" content=\"article\" \/>\n<meta property=\"og:title\" content=\"La sequestrata di Poitiers - l&#039;\u00e9chapp\u00e9e close\" \/>\n<meta property=\"og:description\" content=\"Rinchiusa per venticinque anni in una camera buia, su un letto incrostato di escrementi e residui di cibo, ridotta a un fragile mucchio di ossa, circondata da insetti e da scritte deliranti incise sul muro, M\u00e9lanie Bastian fu liberata dalla polizia il 22 maggio del 1901 in conseguenza di una denuncia anonima. Il caso giudiziario [&hellip;]\" \/>\n<meta property=\"og:url\" content=\"https:\/\/lechappeeclose.it\/it\/boutique\/livres\/litterature\/libri-italiani\/la-sequestrata-di-poitiers\/\" \/>\n<meta property=\"og:site_name\" content=\"l&#039;\u00e9chapp\u00e9e close\" \/>\n<meta property=\"og:image\" content=\"https:\/\/lechappeeclose.it\/wp-content\/uploads\/2025\/02\/La-sequestrata-di-Poitiers.jpg\" \/>\n\t<meta property=\"og:image:width\" content=\"200\" \/>\n\t<meta property=\"og:image:height\" content=\"337\" \/>\n\t<meta property=\"og:image:type\" content=\"image\/jpeg\" \/>\n<meta name=\"twitter:card\" content=\"summary_large_image\" \/>\n<meta name=\"twitter:label1\" content=\"Tempo di lettura stimato\" \/>\n\t<meta name=\"twitter:data1\" content=\"1 minuto\" \/>\n<script type=\"application\/ld+json\" class=\"yoast-schema-graph\">{\"@context\":\"https:\\\/\\\/schema.org\",\"@graph\":[{\"@type\":\"WebPage\",\"@id\":\"https:\\\/\\\/lechappeeclose.it\\\/it\\\/boutique\\\/livres\\\/litterature\\\/libri-italiani\\\/la-sequestrata-di-poitiers\\\/\",\"url\":\"https:\\\/\\\/lechappeeclose.it\\\/it\\\/boutique\\\/livres\\\/litterature\\\/libri-italiani\\\/la-sequestrata-di-poitiers\\\/\",\"name\":\"La sequestrata di Poitiers - l&#039;\u00e9chapp\u00e9e close\",\"isPartOf\":{\"@id\":\"http:\\\/\\\/lechappeeclose.it\\\/#website\"},\"primaryImageOfPage\":{\"@id\":\"https:\\\/\\\/lechappeeclose.it\\\/it\\\/boutique\\\/livres\\\/litterature\\\/libri-italiani\\\/la-sequestrata-di-poitiers\\\/#primaryimage\"},\"image\":{\"@id\":\"https:\\\/\\\/lechappeeclose.it\\\/it\\\/boutique\\\/livres\\\/litterature\\\/libri-italiani\\\/la-sequestrata-di-poitiers\\\/#primaryimage\"},\"thumbnailUrl\":\"http:\\\/\\\/lechappeeclose.it\\\/wp-content\\\/uploads\\\/2025\\\/02\\\/La-sequestrata-di-Poitiers.jpg\",\"datePublished\":\"2025-02-04T14:07:31+00:00\",\"breadcrumb\":{\"@id\":\"https:\\\/\\\/lechappeeclose.it\\\/it\\\/boutique\\\/livres\\\/litterature\\\/libri-italiani\\\/la-sequestrata-di-poitiers\\\/#breadcrumb\"},\"inLanguage\":\"it-IT\",\"potentialAction\":[{\"@type\":\"ReadAction\",\"target\":[\"https:\\\/\\\/lechappeeclose.it\\\/it\\\/boutique\\\/livres\\\/litterature\\\/libri-italiani\\\/la-sequestrata-di-poitiers\\\/\"]}]},{\"@type\":\"ImageObject\",\"inLanguage\":\"it-IT\",\"@id\":\"https:\\\/\\\/lechappeeclose.it\\\/it\\\/boutique\\\/livres\\\/litterature\\\/libri-italiani\\\/la-sequestrata-di-poitiers\\\/#primaryimage\",\"url\":\"http:\\\/\\\/lechappeeclose.it\\\/wp-content\\\/uploads\\\/2025\\\/02\\\/La-sequestrata-di-Poitiers.jpg\",\"contentUrl\":\"http:\\\/\\\/lechappeeclose.it\\\/wp-content\\\/uploads\\\/2025\\\/02\\\/La-sequestrata-di-Poitiers.jpg\",\"width\":200,\"height\":337},{\"@type\":\"BreadcrumbList\",\"@id\":\"https:\\\/\\\/lechappeeclose.it\\\/it\\\/boutique\\\/livres\\\/litterature\\\/libri-italiani\\\/la-sequestrata-di-poitiers\\\/#breadcrumb\",\"itemListElement\":[{\"@type\":\"ListItem\",\"position\":1,\"name\":\"Accueil\",\"item\":\"http:\\\/\\\/lechappeeclose.it\\\/\"},{\"@type\":\"ListItem\",\"position\":2,\"name\":\"Boutique\",\"item\":\"http:\\\/\\\/lechappeeclose.it\\\/it\\\/boutique\\\/\"},{\"@type\":\"ListItem\",\"position\":3,\"name\":\"La sequestrata di Poitiers\"}]},{\"@type\":\"WebSite\",\"@id\":\"http:\\\/\\\/lechappeeclose.it\\\/#website\",\"url\":\"http:\\\/\\\/lechappeeclose.it\\\/\",\"name\":\"l&#039;\u00e9chapp\u00e9e close\",\"description\":\"la librairie fran\u00e7aise de Milan\",\"publisher\":{\"@id\":\"http:\\\/\\\/lechappeeclose.it\\\/#organization\"},\"alternateName\":\"La librairie fran\u00e7aise de Milan\",\"potentialAction\":[{\"@type\":\"SearchAction\",\"target\":{\"@type\":\"EntryPoint\",\"urlTemplate\":\"http:\\\/\\\/lechappeeclose.it\\\/?s={search_term_string}\"},\"query-input\":{\"@type\":\"PropertyValueSpecification\",\"valueRequired\":true,\"valueName\":\"search_term_string\"}}],\"inLanguage\":\"it-IT\"},{\"@type\":\"Organization\",\"@id\":\"http:\\\/\\\/lechappeeclose.it\\\/#organization\",\"name\":\"l&#039;\u00e9chapp\u00e9e close\",\"url\":\"http:\\\/\\\/lechappeeclose.it\\\/\",\"logo\":{\"@type\":\"ImageObject\",\"inLanguage\":\"it-IT\",\"@id\":\"http:\\\/\\\/lechappeeclose.it\\\/#\\\/schema\\\/logo\\\/image\\\/\",\"url\":\"http:\\\/\\\/lechappeeclose.it\\\/wp-content\\\/uploads\\\/2025\\\/02\\\/cropped-logo-rond.png\",\"contentUrl\":\"http:\\\/\\\/lechappeeclose.it\\\/wp-content\\\/uploads\\\/2025\\\/02\\\/cropped-logo-rond.png\",\"width\":1080,\"height\":1080,\"caption\":\"l&#039;\u00e9chapp\u00e9e close\"},\"image\":{\"@id\":\"http:\\\/\\\/lechappeeclose.it\\\/#\\\/schema\\\/logo\\\/image\\\/\"},\"sameAs\":[\"https:\\\/\\\/www.instagram.com\\\/lechappeeclose\\\/\"]}]}<\/script>\n<!-- \/ Yoast SEO plugin. -->","yoast_head_json":{"title":"La sequestrata di Poitiers - l&#039;\u00e9chapp\u00e9e close","robots":{"index":"index","follow":"follow","max-snippet":"max-snippet:-1","max-image-preview":"max-image-preview:large","max-video-preview":"max-video-preview:-1"},"canonical":"https:\/\/lechappeeclose.it\/it\/boutique\/livres\/litterature\/libri-italiani\/la-sequestrata-di-poitiers\/","og_locale":"it_IT","og_type":"article","og_title":"La sequestrata di Poitiers - l&#039;\u00e9chapp\u00e9e close","og_description":"Rinchiusa per venticinque anni in una camera buia, su un letto incrostato di escrementi e residui di cibo, ridotta a un fragile mucchio di ossa, circondata da insetti e da scritte deliranti incise sul muro, M\u00e9lanie Bastian fu liberata dalla polizia il 22 maggio del 1901 in conseguenza di una denuncia anonima. Il caso giudiziario [&hellip;]","og_url":"https:\/\/lechappeeclose.it\/it\/boutique\/livres\/litterature\/libri-italiani\/la-sequestrata-di-poitiers\/","og_site_name":"l&#039;\u00e9chapp\u00e9e close","og_image":[{"width":200,"height":337,"url":"https:\/\/lechappeeclose.it\/wp-content\/uploads\/2025\/02\/La-sequestrata-di-Poitiers.jpg","type":"image\/jpeg"}],"twitter_card":"summary_large_image","twitter_misc":{"Tempo di lettura stimato":"1 minuto"},"schema":{"@context":"https:\/\/schema.org","@graph":[{"@type":"WebPage","@id":"https:\/\/lechappeeclose.it\/it\/boutique\/livres\/litterature\/libri-italiani\/la-sequestrata-di-poitiers\/","url":"https:\/\/lechappeeclose.it\/it\/boutique\/livres\/litterature\/libri-italiani\/la-sequestrata-di-poitiers\/","name":"La sequestrata di Poitiers - l&#039;\u00e9chapp\u00e9e close","isPartOf":{"@id":"http:\/\/lechappeeclose.it\/#website"},"primaryImageOfPage":{"@id":"https:\/\/lechappeeclose.it\/it\/boutique\/livres\/litterature\/libri-italiani\/la-sequestrata-di-poitiers\/#primaryimage"},"image":{"@id":"https:\/\/lechappeeclose.it\/it\/boutique\/livres\/litterature\/libri-italiani\/la-sequestrata-di-poitiers\/#primaryimage"},"thumbnailUrl":"http:\/\/lechappeeclose.it\/wp-content\/uploads\/2025\/02\/La-sequestrata-di-Poitiers.jpg","datePublished":"2025-02-04T14:07:31+00:00","breadcrumb":{"@id":"https:\/\/lechappeeclose.it\/it\/boutique\/livres\/litterature\/libri-italiani\/la-sequestrata-di-poitiers\/#breadcrumb"},"inLanguage":"it-IT","potentialAction":[{"@type":"ReadAction","target":["https:\/\/lechappeeclose.it\/it\/boutique\/livres\/litterature\/libri-italiani\/la-sequestrata-di-poitiers\/"]}]},{"@type":"ImageObject","inLanguage":"it-IT","@id":"https:\/\/lechappeeclose.it\/it\/boutique\/livres\/litterature\/libri-italiani\/la-sequestrata-di-poitiers\/#primaryimage","url":"http:\/\/lechappeeclose.it\/wp-content\/uploads\/2025\/02\/La-sequestrata-di-Poitiers.jpg","contentUrl":"http:\/\/lechappeeclose.it\/wp-content\/uploads\/2025\/02\/La-sequestrata-di-Poitiers.jpg","width":200,"height":337},{"@type":"BreadcrumbList","@id":"https:\/\/lechappeeclose.it\/it\/boutique\/livres\/litterature\/libri-italiani\/la-sequestrata-di-poitiers\/#breadcrumb","itemListElement":[{"@type":"ListItem","position":1,"name":"Accueil","item":"http:\/\/lechappeeclose.it\/"},{"@type":"ListItem","position":2,"name":"Boutique","item":"http:\/\/lechappeeclose.it\/it\/boutique\/"},{"@type":"ListItem","position":3,"name":"La sequestrata di Poitiers"}]},{"@type":"WebSite","@id":"http:\/\/lechappeeclose.it\/#website","url":"http:\/\/lechappeeclose.it\/","name":"l&#039;\u00e9chapp\u00e9e close","description":"La libreria francese di Milano","publisher":{"@id":"http:\/\/lechappeeclose.it\/#organization"},"alternateName":"La librairie fran\u00e7aise de Milan","potentialAction":[{"@type":"SearchAction","target":{"@type":"EntryPoint","urlTemplate":"http:\/\/lechappeeclose.it\/?s={search_term_string}"},"query-input":{"@type":"PropertyValueSpecification","valueRequired":true,"valueName":"search_term_string"}}],"inLanguage":"it-IT"},{"@type":"Organization","@id":"http:\/\/lechappeeclose.it\/#organization","name":"l&#039;\u00e9chapp\u00e9e close","url":"http:\/\/lechappeeclose.it\/","logo":{"@type":"ImageObject","inLanguage":"it-IT","@id":"http:\/\/lechappeeclose.it\/#\/schema\/logo\/image\/","url":"http:\/\/lechappeeclose.it\/wp-content\/uploads\/2025\/02\/cropped-logo-rond.png","contentUrl":"http:\/\/lechappeeclose.it\/wp-content\/uploads\/2025\/02\/cropped-logo-rond.png","width":1080,"height":1080,"caption":"l&#039;\u00e9chapp\u00e9e close"},"image":{"@id":"http:\/\/lechappeeclose.it\/#\/schema\/logo\/image\/"},"sameAs":["https:\/\/www.instagram.com\/lechappeeclose\/"]}]}},"_links":{"self":[{"href":"http:\/\/lechappeeclose.it\/it\/wp-json\/wp\/v2\/product\/4956","targetHints":{"allow":["GET"]}}],"collection":[{"href":"http:\/\/lechappeeclose.it\/it\/wp-json\/wp\/v2\/product"}],"about":[{"href":"http:\/\/lechappeeclose.it\/it\/wp-json\/wp\/v2\/types\/product"}],"replies":[{"embeddable":true,"href":"http:\/\/lechappeeclose.it\/it\/wp-json\/wp\/v2\/comments?post=4956"}],"wp:featuredmedia":[{"embeddable":true,"href":"http:\/\/lechappeeclose.it\/it\/wp-json\/wp\/v2\/media\/4955"}],"wp:attachment":[{"href":"http:\/\/lechappeeclose.it\/it\/wp-json\/wp\/v2\/media?parent=4956"}],"wp:term":[{"taxonomy":"product_brand","embeddable":true,"href":"http:\/\/lechappeeclose.it\/it\/wp-json\/wp\/v2\/product_brand?post=4956"},{"taxonomy":"product_cat","embeddable":true,"href":"http:\/\/lechappeeclose.it\/it\/wp-json\/wp\/v2\/product_cat?post=4956"},{"taxonomy":"product_tag","embeddable":true,"href":"http:\/\/lechappeeclose.it\/it\/wp-json\/wp\/v2\/product_tag?post=4956"}],"curies":[{"name":"wp","href":"https:\/\/api.w.org\/{rel}","templated":true}]}}