{"id":4923,"date":"2025-02-04T13:20:59","date_gmt":"2025-02-04T12:20:59","guid":{"rendered":"https:\/\/lechappeeclose.it\/produit\/cheri-la-fine-di-cheri\/"},"modified":"2025-02-04T13:20:59","modified_gmt":"2025-02-04T12:20:59","slug":"cheri-la-fine-di-cheri","status":"publish","type":"product","link":"http:\/\/lechappeeclose.it\/it\/boutique\/livres\/litterature\/libri-italiani\/cheri-la-fine-di-cheri\/","title":{"rendered":"Ch\u00e9ri-La fine di Ch\u00e9ri"},"content":{"rendered":"<p>Con la protervia della bellezza giovane, Ch\u00e9ri, ragazzo \u00abcoi capelli dai riflessi blu come le penne dei merli\u00bb, irrompe nella vita di L\u00e9a, donna leggera e sapiente \u2013 ma nel triangolo amoroso apparir\u00e0 il rivale pi\u00f9 temibile: il Tempo, corruttore di corpi. L\u2019autunnale opulenza di lei e l\u2019acerbo smalto di lui vengono spiati, attimo dopo attimo, da un occhio a cui nulla sfugge, talch\u00e9 la vicenda, scandita dalle scene di una magistrale commedia demi-mondaine, diventa la cronaca della catastrofe di L\u00e9a, dove il sentimento \u00e8 delicatamente avvolto nella fisiologia e brama di sprofondare \u00abin quell\u2019abisso da cui l\u2019amore risale pallido, taciturno e pieno del rimpianto della morte\u00bb. Quanto a Ch\u00e9ri, giunto all\u2019acme della sua esistenza di \u2018bello\u2019 dinanzi a cui le donne si inchinano, percepisce una vaga inquietudine: \u00abNon distingueva i punti precisi in cui il tempo, con tocchi impercettibili, segna su un bel viso l\u2019ora della perfezione e poi quella di una bellezza pi\u00f9 evidente, che annuncia gi\u00e0 la maest\u00e0 di un declino\u00bb. E quel declino maestoso vivremo nella Fine di Ch\u00e9ri, dove la punta avvelenata della storia del giovane emerge con fredda chiarezza dalla prosa avvolgente, atmosferica, precisa di Colette.Previously-published edition with same ISBN here:https:\/\/www.goodreads.com\/book\/show\/9&#8230;<\/p>","protected":false},"excerpt":{"rendered":"<p>Con la protervia della bellezza giovane, Ch\u00e9ri, ragazzo \u00abcoi capelli dai riflessi blu come le penne dei merli\u00bb, irrompe nella vita di L\u00e9a, donna leggera e sapiente \u2013 ma nel triangolo amoroso apparir\u00e0 il rivale pi\u00f9 temibile: il Tempo, corruttore di corpi. L\u2019autunnale opulenza di lei e l\u2019acerbo smalto di lui vengono spiati, attimo dopo [&hellip;]<\/p>","protected":false},"featured_media":4922,"comment_status":"open","ping_status":"closed","template":"","meta":[],"product_brand":[],"product_cat":[50],"product_tag":[],"class_list":{"0":"post-4923","1":"product","2":"type-product","3":"status-publish","4":"has-post-thumbnail","6":"product_cat-libri-italiani","8":"first","9":"instock","10":"taxable","11":"shipping-taxable","12":"purchasable","13":"product-type-simple"},"yoast_head":"<!-- This site is optimized with the Yoast SEO plugin v27.4 - https:\/\/yoast.com\/product\/yoast-seo-wordpress\/ -->\n<title>Ch\u00e9ri-La fine di Ch\u00e9ri - l&#039;\u00e9chapp\u00e9e close<\/title>\n<meta name=\"robots\" content=\"index, follow, max-snippet:-1, max-image-preview:large, max-video-preview:-1\" \/>\n<link rel=\"canonical\" href=\"http:\/\/lechappeeclose.it\/it\/boutique\/livres\/litterature\/libri-italiani\/cheri-la-fine-di-cheri\/\" \/>\n<meta property=\"og:locale\" content=\"it_IT\" \/>\n<meta property=\"og:type\" content=\"article\" \/>\n<meta property=\"og:title\" content=\"Ch\u00e9ri-La fine di Ch\u00e9ri - l&#039;\u00e9chapp\u00e9e close\" \/>\n<meta property=\"og:description\" content=\"Con la protervia della bellezza giovane, Ch\u00e9ri, ragazzo \u00abcoi capelli dai riflessi blu come le penne dei merli\u00bb, irrompe nella vita di L\u00e9a, donna leggera e sapiente \u2013 ma nel triangolo amoroso apparir\u00e0 il rivale pi\u00f9 temibile: il Tempo, corruttore di corpi. L\u2019autunnale opulenza di lei e l\u2019acerbo smalto di lui vengono spiati, attimo dopo [&hellip;]\" \/>\n<meta property=\"og:url\" content=\"http:\/\/lechappeeclose.it\/it\/boutique\/livres\/litterature\/libri-italiani\/cheri-la-fine-di-cheri\/\" \/>\n<meta property=\"og:site_name\" content=\"l&#039;\u00e9chapp\u00e9e close\" \/>\n<meta property=\"og:image\" content=\"http:\/\/lechappeeclose.it\/wp-content\/uploads\/2025\/02\/Cheri-La-fine-di-Cheri.jpg\" \/>\n\t<meta property=\"og:image:width\" content=\"240\" \/>\n\t<meta property=\"og:image:height\" content=\"374\" \/>\n\t<meta property=\"og:image:type\" content=\"image\/jpeg\" \/>\n<meta name=\"twitter:card\" content=\"summary_large_image\" \/>\n<meta name=\"twitter:label1\" content=\"Tempo di lettura stimato\" \/>\n\t<meta name=\"twitter:data1\" content=\"1 minuto\" \/>\n<script type=\"application\/ld+json\" class=\"yoast-schema-graph\">{\"@context\":\"https:\\\/\\\/schema.org\",\"@graph\":[{\"@type\":\"WebPage\",\"@id\":\"http:\\\/\\\/lechappeeclose.it\\\/boutique\\\/livres\\\/litterature\\\/libri-italiani\\\/cheri-la-fine-di-cheri\\\/\",\"url\":\"http:\\\/\\\/lechappeeclose.it\\\/boutique\\\/livres\\\/litterature\\\/libri-italiani\\\/cheri-la-fine-di-cheri\\\/\",\"name\":\"Ch\u00e9ri-La fine di Ch\u00e9ri - l&#039;\u00e9chapp\u00e9e close\",\"isPartOf\":{\"@id\":\"http:\\\/\\\/lechappeeclose.it\\\/#website\"},\"primaryImageOfPage\":{\"@id\":\"http:\\\/\\\/lechappeeclose.it\\\/boutique\\\/livres\\\/litterature\\\/libri-italiani\\\/cheri-la-fine-di-cheri\\\/#primaryimage\"},\"image\":{\"@id\":\"http:\\\/\\\/lechappeeclose.it\\\/boutique\\\/livres\\\/litterature\\\/libri-italiani\\\/cheri-la-fine-di-cheri\\\/#primaryimage\"},\"thumbnailUrl\":\"http:\\\/\\\/lechappeeclose.it\\\/wp-content\\\/uploads\\\/2025\\\/02\\\/Cheri-La-fine-di-Cheri.jpg\",\"datePublished\":\"2025-02-04T12:20:59+00:00\",\"breadcrumb\":{\"@id\":\"http:\\\/\\\/lechappeeclose.it\\\/boutique\\\/livres\\\/litterature\\\/libri-italiani\\\/cheri-la-fine-di-cheri\\\/#breadcrumb\"},\"inLanguage\":\"it-IT\",\"potentialAction\":[{\"@type\":\"ReadAction\",\"target\":[\"http:\\\/\\\/lechappeeclose.it\\\/boutique\\\/livres\\\/litterature\\\/libri-italiani\\\/cheri-la-fine-di-cheri\\\/\"]}]},{\"@type\":\"ImageObject\",\"inLanguage\":\"it-IT\",\"@id\":\"http:\\\/\\\/lechappeeclose.it\\\/boutique\\\/livres\\\/litterature\\\/libri-italiani\\\/cheri-la-fine-di-cheri\\\/#primaryimage\",\"url\":\"http:\\\/\\\/lechappeeclose.it\\\/wp-content\\\/uploads\\\/2025\\\/02\\\/Cheri-La-fine-di-Cheri.jpg\",\"contentUrl\":\"http:\\\/\\\/lechappeeclose.it\\\/wp-content\\\/uploads\\\/2025\\\/02\\\/Cheri-La-fine-di-Cheri.jpg\",\"width\":240,\"height\":374},{\"@type\":\"BreadcrumbList\",\"@id\":\"http:\\\/\\\/lechappeeclose.it\\\/boutique\\\/livres\\\/litterature\\\/libri-italiani\\\/cheri-la-fine-di-cheri\\\/#breadcrumb\",\"itemListElement\":[{\"@type\":\"ListItem\",\"position\":1,\"name\":\"Accueil\",\"item\":\"http:\\\/\\\/lechappeeclose.it\\\/\"},{\"@type\":\"ListItem\",\"position\":2,\"name\":\"Boutique\",\"item\":\"http:\\\/\\\/lechappeeclose.it\\\/it\\\/boutique\\\/\"},{\"@type\":\"ListItem\",\"position\":3,\"name\":\"Ch\u00e9ri-La fine di Ch\u00e9ri\"}]},{\"@type\":\"WebSite\",\"@id\":\"http:\\\/\\\/lechappeeclose.it\\\/#website\",\"url\":\"http:\\\/\\\/lechappeeclose.it\\\/\",\"name\":\"l&#039;\u00e9chapp\u00e9e close\",\"description\":\"la librairie fran\u00e7aise de Milan\",\"publisher\":{\"@id\":\"http:\\\/\\\/lechappeeclose.it\\\/#organization\"},\"alternateName\":\"La librairie fran\u00e7aise de Milan\",\"potentialAction\":[{\"@type\":\"SearchAction\",\"target\":{\"@type\":\"EntryPoint\",\"urlTemplate\":\"http:\\\/\\\/lechappeeclose.it\\\/?s={search_term_string}\"},\"query-input\":{\"@type\":\"PropertyValueSpecification\",\"valueRequired\":true,\"valueName\":\"search_term_string\"}}],\"inLanguage\":\"it-IT\"},{\"@type\":\"Organization\",\"@id\":\"http:\\\/\\\/lechappeeclose.it\\\/#organization\",\"name\":\"l&#039;\u00e9chapp\u00e9e close\",\"url\":\"http:\\\/\\\/lechappeeclose.it\\\/\",\"logo\":{\"@type\":\"ImageObject\",\"inLanguage\":\"it-IT\",\"@id\":\"http:\\\/\\\/lechappeeclose.it\\\/#\\\/schema\\\/logo\\\/image\\\/\",\"url\":\"http:\\\/\\\/lechappeeclose.it\\\/wp-content\\\/uploads\\\/2025\\\/02\\\/cropped-logo-rond.png\",\"contentUrl\":\"http:\\\/\\\/lechappeeclose.it\\\/wp-content\\\/uploads\\\/2025\\\/02\\\/cropped-logo-rond.png\",\"width\":1080,\"height\":1080,\"caption\":\"l&#039;\u00e9chapp\u00e9e close\"},\"image\":{\"@id\":\"http:\\\/\\\/lechappeeclose.it\\\/#\\\/schema\\\/logo\\\/image\\\/\"},\"sameAs\":[\"https:\\\/\\\/www.instagram.com\\\/lechappeeclose\\\/\"]}]}<\/script>\n<!-- \/ Yoast SEO plugin. -->","yoast_head_json":{"title":"Ch\u00e9ri-La fine di Ch\u00e9ri - l&#039;\u00e9chapp\u00e9e close","robots":{"index":"index","follow":"follow","max-snippet":"max-snippet:-1","max-image-preview":"max-image-preview:large","max-video-preview":"max-video-preview:-1"},"canonical":"http:\/\/lechappeeclose.it\/it\/boutique\/livres\/litterature\/libri-italiani\/cheri-la-fine-di-cheri\/","og_locale":"it_IT","og_type":"article","og_title":"Ch\u00e9ri-La fine di Ch\u00e9ri - l&#039;\u00e9chapp\u00e9e close","og_description":"Con la protervia della bellezza giovane, Ch\u00e9ri, ragazzo \u00abcoi capelli dai riflessi blu come le penne dei merli\u00bb, irrompe nella vita di L\u00e9a, donna leggera e sapiente \u2013 ma nel triangolo amoroso apparir\u00e0 il rivale pi\u00f9 temibile: il Tempo, corruttore di corpi. L\u2019autunnale opulenza di lei e l\u2019acerbo smalto di lui vengono spiati, attimo dopo [&hellip;]","og_url":"http:\/\/lechappeeclose.it\/it\/boutique\/livres\/litterature\/libri-italiani\/cheri-la-fine-di-cheri\/","og_site_name":"l&#039;\u00e9chapp\u00e9e close","og_image":[{"width":240,"height":374,"url":"http:\/\/lechappeeclose.it\/wp-content\/uploads\/2025\/02\/Cheri-La-fine-di-Cheri.jpg","type":"image\/jpeg"}],"twitter_card":"summary_large_image","twitter_misc":{"Tempo di lettura stimato":"1 minuto"},"schema":{"@context":"https:\/\/schema.org","@graph":[{"@type":"WebPage","@id":"http:\/\/lechappeeclose.it\/boutique\/livres\/litterature\/libri-italiani\/cheri-la-fine-di-cheri\/","url":"http:\/\/lechappeeclose.it\/boutique\/livres\/litterature\/libri-italiani\/cheri-la-fine-di-cheri\/","name":"Ch\u00e9ri-La fine di Ch\u00e9ri - l&#039;\u00e9chapp\u00e9e close","isPartOf":{"@id":"http:\/\/lechappeeclose.it\/#website"},"primaryImageOfPage":{"@id":"http:\/\/lechappeeclose.it\/boutique\/livres\/litterature\/libri-italiani\/cheri-la-fine-di-cheri\/#primaryimage"},"image":{"@id":"http:\/\/lechappeeclose.it\/boutique\/livres\/litterature\/libri-italiani\/cheri-la-fine-di-cheri\/#primaryimage"},"thumbnailUrl":"http:\/\/lechappeeclose.it\/wp-content\/uploads\/2025\/02\/Cheri-La-fine-di-Cheri.jpg","datePublished":"2025-02-04T12:20:59+00:00","breadcrumb":{"@id":"http:\/\/lechappeeclose.it\/boutique\/livres\/litterature\/libri-italiani\/cheri-la-fine-di-cheri\/#breadcrumb"},"inLanguage":"it-IT","potentialAction":[{"@type":"ReadAction","target":["http:\/\/lechappeeclose.it\/boutique\/livres\/litterature\/libri-italiani\/cheri-la-fine-di-cheri\/"]}]},{"@type":"ImageObject","inLanguage":"it-IT","@id":"http:\/\/lechappeeclose.it\/boutique\/livres\/litterature\/libri-italiani\/cheri-la-fine-di-cheri\/#primaryimage","url":"http:\/\/lechappeeclose.it\/wp-content\/uploads\/2025\/02\/Cheri-La-fine-di-Cheri.jpg","contentUrl":"http:\/\/lechappeeclose.it\/wp-content\/uploads\/2025\/02\/Cheri-La-fine-di-Cheri.jpg","width":240,"height":374},{"@type":"BreadcrumbList","@id":"http:\/\/lechappeeclose.it\/boutique\/livres\/litterature\/libri-italiani\/cheri-la-fine-di-cheri\/#breadcrumb","itemListElement":[{"@type":"ListItem","position":1,"name":"Accueil","item":"http:\/\/lechappeeclose.it\/"},{"@type":"ListItem","position":2,"name":"Boutique","item":"http:\/\/lechappeeclose.it\/it\/boutique\/"},{"@type":"ListItem","position":3,"name":"Ch\u00e9ri-La fine di Ch\u00e9ri"}]},{"@type":"WebSite","@id":"http:\/\/lechappeeclose.it\/#website","url":"http:\/\/lechappeeclose.it\/","name":"l&#039;\u00e9chapp\u00e9e close","description":"La libreria francese di Milano","publisher":{"@id":"http:\/\/lechappeeclose.it\/#organization"},"alternateName":"La librairie fran\u00e7aise de Milan","potentialAction":[{"@type":"SearchAction","target":{"@type":"EntryPoint","urlTemplate":"http:\/\/lechappeeclose.it\/?s={search_term_string}"},"query-input":{"@type":"PropertyValueSpecification","valueRequired":true,"valueName":"search_term_string"}}],"inLanguage":"it-IT"},{"@type":"Organization","@id":"http:\/\/lechappeeclose.it\/#organization","name":"l&#039;\u00e9chapp\u00e9e close","url":"http:\/\/lechappeeclose.it\/","logo":{"@type":"ImageObject","inLanguage":"it-IT","@id":"http:\/\/lechappeeclose.it\/#\/schema\/logo\/image\/","url":"http:\/\/lechappeeclose.it\/wp-content\/uploads\/2025\/02\/cropped-logo-rond.png","contentUrl":"http:\/\/lechappeeclose.it\/wp-content\/uploads\/2025\/02\/cropped-logo-rond.png","width":1080,"height":1080,"caption":"l&#039;\u00e9chapp\u00e9e close"},"image":{"@id":"http:\/\/lechappeeclose.it\/#\/schema\/logo\/image\/"},"sameAs":["https:\/\/www.instagram.com\/lechappeeclose\/"]}]}},"_links":{"self":[{"href":"http:\/\/lechappeeclose.it\/it\/wp-json\/wp\/v2\/product\/4923","targetHints":{"allow":["GET"]}}],"collection":[{"href":"http:\/\/lechappeeclose.it\/it\/wp-json\/wp\/v2\/product"}],"about":[{"href":"http:\/\/lechappeeclose.it\/it\/wp-json\/wp\/v2\/types\/product"}],"replies":[{"embeddable":true,"href":"http:\/\/lechappeeclose.it\/it\/wp-json\/wp\/v2\/comments?post=4923"}],"wp:featuredmedia":[{"embeddable":true,"href":"http:\/\/lechappeeclose.it\/it\/wp-json\/wp\/v2\/media\/4922"}],"wp:attachment":[{"href":"http:\/\/lechappeeclose.it\/it\/wp-json\/wp\/v2\/media?parent=4923"}],"wp:term":[{"taxonomy":"product_brand","embeddable":true,"href":"http:\/\/lechappeeclose.it\/it\/wp-json\/wp\/v2\/product_brand?post=4923"},{"taxonomy":"product_cat","embeddable":true,"href":"http:\/\/lechappeeclose.it\/it\/wp-json\/wp\/v2\/product_cat?post=4923"},{"taxonomy":"product_tag","embeddable":true,"href":"http:\/\/lechappeeclose.it\/it\/wp-json\/wp\/v2\/product_tag?post=4923"}],"curies":[{"name":"wp","href":"https:\/\/api.w.org\/{rel}","templated":true}]}}