{"id":4905,"date":"2025-02-04T13:17:22","date_gmt":"2025-02-04T12:17:22","guid":{"rendered":"https:\/\/lechappeeclose.it\/produit\/la-fossa-dei-peccati\/"},"modified":"2025-02-04T13:17:22","modified_gmt":"2025-02-04T12:17:22","slug":"la-fossa-dei-peccati","status":"publish","type":"product","link":"http:\/\/lechappeeclose.it\/it\/boutique\/livres\/litterature\/libri-italiani\/la-fossa-dei-peccati\/","title":{"rendered":"La fossa dei peccati"},"content":{"rendered":"<p>\u00abA Montmartre, al terzo piano del 75bis di rue d&#8217;Orchampt, c&#8217;era un uomo eccellente chiamato Dutilleul che possedeva il dono singolare di passare attraverso i muri senza grattacapi.\u00bbNel mondo di Marcel Aym\u00e9 le cose non vanno mai come ci si aspetta. Del tempo, per esempio, c\u2019\u00e8 poco da fidarsi: pu\u00f2 capitare di ritrovarsi invecchiati di diciassette anni in virt\u00f9 di un decreto sconsiderato, oppure fare la fine di quell\u2019innamorato che viveva solo un giorno su due, peraltro struggendosi al pensiero delle volutt\u00e0 perdute nelle ore in cui non esisteva. E mentre a Montmartre salta fuori che esistono quadri in grado di parlare letteralmente alla pancia delle masse, la polizia di Parigi \u00e8 messa in scacco da un fantomatico ladro che passa attraverso i muri senza battere ciglio. Muovendosi da consumato improvvisatore sullo spartito del fantastico, Marcel Aym\u00e9 imbastisce una realt\u00e0 indisciplinata, sempre sulla soglia dell\u2019impossibile, descrivendo con bonaria e divertita partecipazione le bislacche traversie di uomini d\u2019improbabile eccezionalit\u00e0.Dai racconti de La fossa dei peccati \u2013 scritti anche per \u00abdimenticare i giorni amari del mercato nero, dell\u2019anarchia, della corruzione, delle tessere per qualunque cosa, della fatica e dello scoramento\u00bb \u2013 emerge in tutta la sua incontenibile leggiadria il talento mordace e spiazzante di un maestro d\u2019invenzioni e fumisterie.<\/p>","protected":false},"excerpt":{"rendered":"<p>\u00abA Montmartre, al terzo piano del 75bis di rue d&#8217;Orchampt, c&#8217;era un uomo eccellente chiamato Dutilleul che possedeva il dono singolare di passare attraverso i muri senza grattacapi.\u00bbNel mondo di Marcel Aym\u00e9 le cose non vanno mai come ci si aspetta. Del tempo, per esempio, c\u2019\u00e8 poco da fidarsi: pu\u00f2 capitare di ritrovarsi invecchiati di [&hellip;]<\/p>","protected":false},"featured_media":4904,"comment_status":"open","ping_status":"closed","template":"","meta":[],"product_brand":[],"product_cat":[50],"product_tag":[],"class_list":{"0":"post-4905","1":"product","2":"type-product","3":"status-publish","4":"has-post-thumbnail","6":"product_cat-libri-italiani","8":"first","9":"instock","10":"taxable","11":"shipping-taxable","12":"purchasable","13":"product-type-simple"},"yoast_head":"<!-- This site is optimized with the Yoast SEO plugin v27.4 - https:\/\/yoast.com\/product\/yoast-seo-wordpress\/ -->\n<title>La fossa dei peccati - l&#039;\u00e9chapp\u00e9e close<\/title>\n<meta name=\"robots\" content=\"index, follow, max-snippet:-1, max-image-preview:large, max-video-preview:-1\" \/>\n<link rel=\"canonical\" href=\"https:\/\/lechappeeclose.it\/it\/boutique\/livres\/litterature\/libri-italiani\/la-fossa-dei-peccati\/\" \/>\n<meta property=\"og:locale\" content=\"it_IT\" \/>\n<meta property=\"og:type\" content=\"article\" \/>\n<meta property=\"og:title\" content=\"La fossa dei peccati - l&#039;\u00e9chapp\u00e9e close\" \/>\n<meta property=\"og:description\" content=\"\u00abA Montmartre, al terzo piano del 75bis di rue d&#8217;Orchampt, c&#8217;era un uomo eccellente chiamato Dutilleul che possedeva il dono singolare di passare attraverso i muri senza grattacapi.\u00bbNel mondo di Marcel Aym\u00e9 le cose non vanno mai come ci si aspetta. Del tempo, per esempio, c\u2019\u00e8 poco da fidarsi: pu\u00f2 capitare di ritrovarsi invecchiati di [&hellip;]\" \/>\n<meta property=\"og:url\" content=\"https:\/\/lechappeeclose.it\/it\/boutique\/livres\/litterature\/libri-italiani\/la-fossa-dei-peccati\/\" \/>\n<meta property=\"og:site_name\" content=\"l&#039;\u00e9chapp\u00e9e close\" \/>\n<meta property=\"og:image\" content=\"https:\/\/lechappeeclose.it\/wp-content\/uploads\/2025\/02\/La-fossa-dei-peccati.jpg\" \/>\n\t<meta property=\"og:image:width\" content=\"796\" \/>\n\t<meta property=\"og:image:height\" content=\"1204\" \/>\n\t<meta property=\"og:image:type\" content=\"image\/jpeg\" \/>\n<meta name=\"twitter:card\" content=\"summary_large_image\" \/>\n<meta name=\"twitter:label1\" content=\"Tempo di lettura stimato\" \/>\n\t<meta name=\"twitter:data1\" content=\"1 minuto\" \/>\n<script type=\"application\/ld+json\" class=\"yoast-schema-graph\">{\"@context\":\"https:\\\/\\\/schema.org\",\"@graph\":[{\"@type\":\"WebPage\",\"@id\":\"https:\\\/\\\/lechappeeclose.it\\\/boutique\\\/livres\\\/litterature\\\/libri-italiani\\\/la-fossa-dei-peccati\\\/\",\"url\":\"https:\\\/\\\/lechappeeclose.it\\\/boutique\\\/livres\\\/litterature\\\/libri-italiani\\\/la-fossa-dei-peccati\\\/\",\"name\":\"La fossa dei peccati - l&#039;\u00e9chapp\u00e9e close\",\"isPartOf\":{\"@id\":\"http:\\\/\\\/lechappeeclose.it\\\/#website\"},\"primaryImageOfPage\":{\"@id\":\"https:\\\/\\\/lechappeeclose.it\\\/boutique\\\/livres\\\/litterature\\\/libri-italiani\\\/la-fossa-dei-peccati\\\/#primaryimage\"},\"image\":{\"@id\":\"https:\\\/\\\/lechappeeclose.it\\\/boutique\\\/livres\\\/litterature\\\/libri-italiani\\\/la-fossa-dei-peccati\\\/#primaryimage\"},\"thumbnailUrl\":\"http:\\\/\\\/lechappeeclose.it\\\/wp-content\\\/uploads\\\/2025\\\/02\\\/La-fossa-dei-peccati.jpg\",\"datePublished\":\"2025-02-04T12:17:22+00:00\",\"breadcrumb\":{\"@id\":\"https:\\\/\\\/lechappeeclose.it\\\/boutique\\\/livres\\\/litterature\\\/libri-italiani\\\/la-fossa-dei-peccati\\\/#breadcrumb\"},\"inLanguage\":\"it-IT\",\"potentialAction\":[{\"@type\":\"ReadAction\",\"target\":[\"https:\\\/\\\/lechappeeclose.it\\\/boutique\\\/livres\\\/litterature\\\/libri-italiani\\\/la-fossa-dei-peccati\\\/\"]}]},{\"@type\":\"ImageObject\",\"inLanguage\":\"it-IT\",\"@id\":\"https:\\\/\\\/lechappeeclose.it\\\/boutique\\\/livres\\\/litterature\\\/libri-italiani\\\/la-fossa-dei-peccati\\\/#primaryimage\",\"url\":\"http:\\\/\\\/lechappeeclose.it\\\/wp-content\\\/uploads\\\/2025\\\/02\\\/La-fossa-dei-peccati.jpg\",\"contentUrl\":\"http:\\\/\\\/lechappeeclose.it\\\/wp-content\\\/uploads\\\/2025\\\/02\\\/La-fossa-dei-peccati.jpg\",\"width\":796,\"height\":1204},{\"@type\":\"BreadcrumbList\",\"@id\":\"https:\\\/\\\/lechappeeclose.it\\\/boutique\\\/livres\\\/litterature\\\/libri-italiani\\\/la-fossa-dei-peccati\\\/#breadcrumb\",\"itemListElement\":[{\"@type\":\"ListItem\",\"position\":1,\"name\":\"Accueil\",\"item\":\"http:\\\/\\\/lechappeeclose.it\\\/\"},{\"@type\":\"ListItem\",\"position\":2,\"name\":\"Boutique\",\"item\":\"http:\\\/\\\/lechappeeclose.it\\\/it\\\/boutique\\\/\"},{\"@type\":\"ListItem\",\"position\":3,\"name\":\"La fossa dei peccati\"}]},{\"@type\":\"WebSite\",\"@id\":\"http:\\\/\\\/lechappeeclose.it\\\/#website\",\"url\":\"http:\\\/\\\/lechappeeclose.it\\\/\",\"name\":\"l&#039;\u00e9chapp\u00e9e close\",\"description\":\"la librairie fran\u00e7aise de Milan\",\"publisher\":{\"@id\":\"http:\\\/\\\/lechappeeclose.it\\\/#organization\"},\"alternateName\":\"La librairie fran\u00e7aise de Milan\",\"potentialAction\":[{\"@type\":\"SearchAction\",\"target\":{\"@type\":\"EntryPoint\",\"urlTemplate\":\"http:\\\/\\\/lechappeeclose.it\\\/?s={search_term_string}\"},\"query-input\":{\"@type\":\"PropertyValueSpecification\",\"valueRequired\":true,\"valueName\":\"search_term_string\"}}],\"inLanguage\":\"it-IT\"},{\"@type\":\"Organization\",\"@id\":\"http:\\\/\\\/lechappeeclose.it\\\/#organization\",\"name\":\"l&#039;\u00e9chapp\u00e9e close\",\"url\":\"http:\\\/\\\/lechappeeclose.it\\\/\",\"logo\":{\"@type\":\"ImageObject\",\"inLanguage\":\"it-IT\",\"@id\":\"http:\\\/\\\/lechappeeclose.it\\\/#\\\/schema\\\/logo\\\/image\\\/\",\"url\":\"http:\\\/\\\/lechappeeclose.it\\\/wp-content\\\/uploads\\\/2025\\\/02\\\/cropped-logo-rond.png\",\"contentUrl\":\"http:\\\/\\\/lechappeeclose.it\\\/wp-content\\\/uploads\\\/2025\\\/02\\\/cropped-logo-rond.png\",\"width\":1080,\"height\":1080,\"caption\":\"l&#039;\u00e9chapp\u00e9e close\"},\"image\":{\"@id\":\"http:\\\/\\\/lechappeeclose.it\\\/#\\\/schema\\\/logo\\\/image\\\/\"},\"sameAs\":[\"https:\\\/\\\/www.instagram.com\\\/lechappeeclose\\\/\"]}]}<\/script>\n<!-- \/ Yoast SEO plugin. -->","yoast_head_json":{"title":"La fossa dei peccati - l&#039;\u00e9chapp\u00e9e close","robots":{"index":"index","follow":"follow","max-snippet":"max-snippet:-1","max-image-preview":"max-image-preview:large","max-video-preview":"max-video-preview:-1"},"canonical":"https:\/\/lechappeeclose.it\/it\/boutique\/livres\/litterature\/libri-italiani\/la-fossa-dei-peccati\/","og_locale":"it_IT","og_type":"article","og_title":"La fossa dei peccati - l&#039;\u00e9chapp\u00e9e close","og_description":"\u00abA Montmartre, al terzo piano del 75bis di rue d&#8217;Orchampt, c&#8217;era un uomo eccellente chiamato Dutilleul che possedeva il dono singolare di passare attraverso i muri senza grattacapi.\u00bbNel mondo di Marcel Aym\u00e9 le cose non vanno mai come ci si aspetta. Del tempo, per esempio, c\u2019\u00e8 poco da fidarsi: pu\u00f2 capitare di ritrovarsi invecchiati di [&hellip;]","og_url":"https:\/\/lechappeeclose.it\/it\/boutique\/livres\/litterature\/libri-italiani\/la-fossa-dei-peccati\/","og_site_name":"l&#039;\u00e9chapp\u00e9e close","og_image":[{"width":796,"height":1204,"url":"https:\/\/lechappeeclose.it\/wp-content\/uploads\/2025\/02\/La-fossa-dei-peccati.jpg","type":"image\/jpeg"}],"twitter_card":"summary_large_image","twitter_misc":{"Tempo di lettura stimato":"1 minuto"},"schema":{"@context":"https:\/\/schema.org","@graph":[{"@type":"WebPage","@id":"https:\/\/lechappeeclose.it\/boutique\/livres\/litterature\/libri-italiani\/la-fossa-dei-peccati\/","url":"https:\/\/lechappeeclose.it\/boutique\/livres\/litterature\/libri-italiani\/la-fossa-dei-peccati\/","name":"La fossa dei peccati - l&#039;\u00e9chapp\u00e9e close","isPartOf":{"@id":"http:\/\/lechappeeclose.it\/#website"},"primaryImageOfPage":{"@id":"https:\/\/lechappeeclose.it\/boutique\/livres\/litterature\/libri-italiani\/la-fossa-dei-peccati\/#primaryimage"},"image":{"@id":"https:\/\/lechappeeclose.it\/boutique\/livres\/litterature\/libri-italiani\/la-fossa-dei-peccati\/#primaryimage"},"thumbnailUrl":"http:\/\/lechappeeclose.it\/wp-content\/uploads\/2025\/02\/La-fossa-dei-peccati.jpg","datePublished":"2025-02-04T12:17:22+00:00","breadcrumb":{"@id":"https:\/\/lechappeeclose.it\/boutique\/livres\/litterature\/libri-italiani\/la-fossa-dei-peccati\/#breadcrumb"},"inLanguage":"it-IT","potentialAction":[{"@type":"ReadAction","target":["https:\/\/lechappeeclose.it\/boutique\/livres\/litterature\/libri-italiani\/la-fossa-dei-peccati\/"]}]},{"@type":"ImageObject","inLanguage":"it-IT","@id":"https:\/\/lechappeeclose.it\/boutique\/livres\/litterature\/libri-italiani\/la-fossa-dei-peccati\/#primaryimage","url":"http:\/\/lechappeeclose.it\/wp-content\/uploads\/2025\/02\/La-fossa-dei-peccati.jpg","contentUrl":"http:\/\/lechappeeclose.it\/wp-content\/uploads\/2025\/02\/La-fossa-dei-peccati.jpg","width":796,"height":1204},{"@type":"BreadcrumbList","@id":"https:\/\/lechappeeclose.it\/boutique\/livres\/litterature\/libri-italiani\/la-fossa-dei-peccati\/#breadcrumb","itemListElement":[{"@type":"ListItem","position":1,"name":"Accueil","item":"http:\/\/lechappeeclose.it\/"},{"@type":"ListItem","position":2,"name":"Boutique","item":"http:\/\/lechappeeclose.it\/it\/boutique\/"},{"@type":"ListItem","position":3,"name":"La fossa dei peccati"}]},{"@type":"WebSite","@id":"http:\/\/lechappeeclose.it\/#website","url":"http:\/\/lechappeeclose.it\/","name":"l&#039;\u00e9chapp\u00e9e close","description":"La libreria francese di Milano","publisher":{"@id":"http:\/\/lechappeeclose.it\/#organization"},"alternateName":"La librairie fran\u00e7aise de Milan","potentialAction":[{"@type":"SearchAction","target":{"@type":"EntryPoint","urlTemplate":"http:\/\/lechappeeclose.it\/?s={search_term_string}"},"query-input":{"@type":"PropertyValueSpecification","valueRequired":true,"valueName":"search_term_string"}}],"inLanguage":"it-IT"},{"@type":"Organization","@id":"http:\/\/lechappeeclose.it\/#organization","name":"l&#039;\u00e9chapp\u00e9e close","url":"http:\/\/lechappeeclose.it\/","logo":{"@type":"ImageObject","inLanguage":"it-IT","@id":"http:\/\/lechappeeclose.it\/#\/schema\/logo\/image\/","url":"http:\/\/lechappeeclose.it\/wp-content\/uploads\/2025\/02\/cropped-logo-rond.png","contentUrl":"http:\/\/lechappeeclose.it\/wp-content\/uploads\/2025\/02\/cropped-logo-rond.png","width":1080,"height":1080,"caption":"l&#039;\u00e9chapp\u00e9e close"},"image":{"@id":"http:\/\/lechappeeclose.it\/#\/schema\/logo\/image\/"},"sameAs":["https:\/\/www.instagram.com\/lechappeeclose\/"]}]}},"_links":{"self":[{"href":"http:\/\/lechappeeclose.it\/it\/wp-json\/wp\/v2\/product\/4905","targetHints":{"allow":["GET"]}}],"collection":[{"href":"http:\/\/lechappeeclose.it\/it\/wp-json\/wp\/v2\/product"}],"about":[{"href":"http:\/\/lechappeeclose.it\/it\/wp-json\/wp\/v2\/types\/product"}],"replies":[{"embeddable":true,"href":"http:\/\/lechappeeclose.it\/it\/wp-json\/wp\/v2\/comments?post=4905"}],"wp:featuredmedia":[{"embeddable":true,"href":"http:\/\/lechappeeclose.it\/it\/wp-json\/wp\/v2\/media\/4904"}],"wp:attachment":[{"href":"http:\/\/lechappeeclose.it\/it\/wp-json\/wp\/v2\/media?parent=4905"}],"wp:term":[{"taxonomy":"product_brand","embeddable":true,"href":"http:\/\/lechappeeclose.it\/it\/wp-json\/wp\/v2\/product_brand?post=4905"},{"taxonomy":"product_cat","embeddable":true,"href":"http:\/\/lechappeeclose.it\/it\/wp-json\/wp\/v2\/product_cat?post=4905"},{"taxonomy":"product_tag","embeddable":true,"href":"http:\/\/lechappeeclose.it\/it\/wp-json\/wp\/v2\/product_tag?post=4905"}],"curies":[{"name":"wp","href":"https:\/\/api.w.org\/{rel}","templated":true}]}}