{"id":4880,"date":"2025-02-04T13:12:09","date_gmt":"2025-02-04T12:12:09","guid":{"rendered":"https:\/\/lechappeeclose.it\/produit\/il-mio-cuore-messo-a-nudo\/"},"modified":"2025-02-04T13:12:09","modified_gmt":"2025-02-04T12:12:09","slug":"il-mio-cuore-messo-a-nudo","status":"publish","type":"product","link":"http:\/\/lechappeeclose.it\/it\/boutique\/livres\/litterature\/libri-italiani\/il-mio-cuore-messo-a-nudo\/","title":{"rendered":"Il mio cuore messo a nudo"},"content":{"rendered":"<p>Non si pu\u00f2 dire che il moderno sia veramente nato finch\u00e9 Baudelaire non comincia ad annotare le stenografie del suo \u00abcuore messo a nudo\u00bb. Qui, perduta l\u2019antica cornice del verso, parla solo una lingua dei nervi, ogni riga \u00e8 un sussulto, un tremore della sensibilit\u00e0 e dell\u2019intelligenza, mescolate senza rimedio. Poe e Joseph de Maistre furono i padrini metafisici di quella lingua, in una accorta commistione di satanico e di celeste. Ogni tasto che Baudelaire sfiora, e fosse anche per produrre il suono pi\u00f9 stridente, \u00e8 qualcosa che continua a toccare noi tutti, \u00abipocriti lettori\u00bb, che abbiamo imparato a riconoscere in lui un \u00abfratello\u00bb. Queste pagine non sono un \u00abdiario intimo\u00bb, che poggi sulla tranquilla convenzione di un Io. Il dandy e il teologo, il poeta assillato dai debiti, il cronista della b\u00eatise, l\u2019allegorista: sono questi i personaggi, tutti interni a Baudelaire, che qui, volta a volta, lanciano i loro \u00abrazzi\u00bb, folgorazioni intermittenti che traversano il cielo fosco della grande citt\u00e0. Sono segnali rapidissimi, ma non si cancellano dalla memoria. Questo \u00e8 il libro che, oggi come ieri, ogni sedicenne dovrebbe portare in tasca. Aprendolo, vi leggerebbe, per esempio: \u00abDiffidiamo del popolo, del buonsenso, del cuore, dell\u2019ispirazione, e dell\u2019evidenza\u00bb. Il presente volume contiene i seguenti testi: Razzi; Igiene; Il mio cuore messo a nudo; Elenco di titoli e spunti per romanzi e racconti; Idee ed elenchi di commedie in progetto. Questi testi, fra i quali Razzi \u00e8 attribuito al periodo 1855-1862 e Il mio cuore messo a nudo al periodo 1859-1866, furono pubblicati postumi, in un\u2019edizione incompleta, da Eug\u00e8ne Cr\u00e9pet, sotto il titolo Journaux intimes, nel 1887. La nostra versione \u00e8 basata sull\u2019edizione pi\u00f9 rigorosa e pi\u00f9 recente, curata da Claude Pichois per le \u0152uvres compl\u00e8tes di Baudelaire nella Biblioth\u00e8que de la Pl\u00e9iade.<\/p>","protected":false},"excerpt":{"rendered":"<p>Non si pu\u00f2 dire che il moderno sia veramente nato finch\u00e9 Baudelaire non comincia ad annotare le stenografie del suo \u00abcuore messo a nudo\u00bb. Qui, perduta l\u2019antica cornice del verso, parla solo una lingua dei nervi, ogni riga \u00e8 un sussulto, un tremore della sensibilit\u00e0 e dell\u2019intelligenza, mescolate senza rimedio. Poe e Joseph de Maistre [&hellip;]<\/p>","protected":false},"featured_media":4879,"comment_status":"open","ping_status":"closed","template":"","meta":[],"product_brand":[],"product_cat":[50],"product_tag":[],"class_list":{"0":"post-4880","1":"product","2":"type-product","3":"status-publish","4":"has-post-thumbnail","6":"product_cat-libri-italiani","8":"first","9":"instock","10":"taxable","11":"shipping-taxable","12":"purchasable","13":"product-type-simple"},"yoast_head":"<!-- This site is optimized with the Yoast SEO plugin v27.4 - https:\/\/yoast.com\/product\/yoast-seo-wordpress\/ -->\n<title>Il mio cuore messo a nudo - l&#039;\u00e9chapp\u00e9e close<\/title>\n<meta name=\"robots\" content=\"index, follow, max-snippet:-1, max-image-preview:large, max-video-preview:-1\" \/>\n<link rel=\"canonical\" href=\"http:\/\/lechappeeclose.it\/it\/boutique\/livres\/litterature\/libri-italiani\/il-mio-cuore-messo-a-nudo\/\" \/>\n<meta property=\"og:locale\" content=\"it_IT\" \/>\n<meta property=\"og:type\" content=\"article\" \/>\n<meta property=\"og:title\" content=\"Il mio cuore messo a nudo - l&#039;\u00e9chapp\u00e9e close\" \/>\n<meta property=\"og:description\" content=\"Non si pu\u00f2 dire che il moderno sia veramente nato finch\u00e9 Baudelaire non comincia ad annotare le stenografie del suo \u00abcuore messo a nudo\u00bb. Qui, perduta l\u2019antica cornice del verso, parla solo una lingua dei nervi, ogni riga \u00e8 un sussulto, un tremore della sensibilit\u00e0 e dell\u2019intelligenza, mescolate senza rimedio. Poe e Joseph de Maistre [&hellip;]\" \/>\n<meta property=\"og:url\" content=\"http:\/\/lechappeeclose.it\/it\/boutique\/livres\/litterature\/libri-italiani\/il-mio-cuore-messo-a-nudo\/\" \/>\n<meta property=\"og:site_name\" content=\"l&#039;\u00e9chapp\u00e9e close\" \/>\n<meta property=\"og:image\" content=\"http:\/\/lechappeeclose.it\/wp-content\/uploads\/2025\/02\/Il-mio-cuore-messo-a-nudo.jpg\" \/>\n\t<meta property=\"og:image:width\" content=\"288\" \/>\n\t<meta property=\"og:image:height\" content=\"475\" \/>\n\t<meta property=\"og:image:type\" content=\"image\/jpeg\" \/>\n<meta name=\"twitter:card\" content=\"summary_large_image\" \/>\n<meta name=\"twitter:label1\" content=\"Tempo di lettura stimato\" \/>\n\t<meta name=\"twitter:data1\" content=\"2 minuti\" \/>\n<script type=\"application\/ld+json\" class=\"yoast-schema-graph\">{\"@context\":\"https:\\\/\\\/schema.org\",\"@graph\":[{\"@type\":\"WebPage\",\"@id\":\"http:\\\/\\\/lechappeeclose.it\\\/it\\\/boutique\\\/livres\\\/litterature\\\/libri-italiani\\\/il-mio-cuore-messo-a-nudo\\\/\",\"url\":\"http:\\\/\\\/lechappeeclose.it\\\/it\\\/boutique\\\/livres\\\/litterature\\\/libri-italiani\\\/il-mio-cuore-messo-a-nudo\\\/\",\"name\":\"Il mio cuore messo a nudo - l&#039;\u00e9chapp\u00e9e close\",\"isPartOf\":{\"@id\":\"http:\\\/\\\/lechappeeclose.it\\\/#website\"},\"primaryImageOfPage\":{\"@id\":\"http:\\\/\\\/lechappeeclose.it\\\/it\\\/boutique\\\/livres\\\/litterature\\\/libri-italiani\\\/il-mio-cuore-messo-a-nudo\\\/#primaryimage\"},\"image\":{\"@id\":\"http:\\\/\\\/lechappeeclose.it\\\/it\\\/boutique\\\/livres\\\/litterature\\\/libri-italiani\\\/il-mio-cuore-messo-a-nudo\\\/#primaryimage\"},\"thumbnailUrl\":\"http:\\\/\\\/lechappeeclose.it\\\/wp-content\\\/uploads\\\/2025\\\/02\\\/Il-mio-cuore-messo-a-nudo.jpg\",\"datePublished\":\"2025-02-04T12:12:09+00:00\",\"breadcrumb\":{\"@id\":\"http:\\\/\\\/lechappeeclose.it\\\/it\\\/boutique\\\/livres\\\/litterature\\\/libri-italiani\\\/il-mio-cuore-messo-a-nudo\\\/#breadcrumb\"},\"inLanguage\":\"it-IT\",\"potentialAction\":[{\"@type\":\"ReadAction\",\"target\":[\"http:\\\/\\\/lechappeeclose.it\\\/it\\\/boutique\\\/livres\\\/litterature\\\/libri-italiani\\\/il-mio-cuore-messo-a-nudo\\\/\"]}]},{\"@type\":\"ImageObject\",\"inLanguage\":\"it-IT\",\"@id\":\"http:\\\/\\\/lechappeeclose.it\\\/it\\\/boutique\\\/livres\\\/litterature\\\/libri-italiani\\\/il-mio-cuore-messo-a-nudo\\\/#primaryimage\",\"url\":\"http:\\\/\\\/lechappeeclose.it\\\/wp-content\\\/uploads\\\/2025\\\/02\\\/Il-mio-cuore-messo-a-nudo.jpg\",\"contentUrl\":\"http:\\\/\\\/lechappeeclose.it\\\/wp-content\\\/uploads\\\/2025\\\/02\\\/Il-mio-cuore-messo-a-nudo.jpg\",\"width\":288,\"height\":475},{\"@type\":\"BreadcrumbList\",\"@id\":\"http:\\\/\\\/lechappeeclose.it\\\/it\\\/boutique\\\/livres\\\/litterature\\\/libri-italiani\\\/il-mio-cuore-messo-a-nudo\\\/#breadcrumb\",\"itemListElement\":[{\"@type\":\"ListItem\",\"position\":1,\"name\":\"Accueil\",\"item\":\"http:\\\/\\\/lechappeeclose.it\\\/\"},{\"@type\":\"ListItem\",\"position\":2,\"name\":\"Boutique\",\"item\":\"http:\\\/\\\/lechappeeclose.it\\\/it\\\/boutique\\\/\"},{\"@type\":\"ListItem\",\"position\":3,\"name\":\"Il mio cuore messo a nudo\"}]},{\"@type\":\"WebSite\",\"@id\":\"http:\\\/\\\/lechappeeclose.it\\\/#website\",\"url\":\"http:\\\/\\\/lechappeeclose.it\\\/\",\"name\":\"l&#039;\u00e9chapp\u00e9e close\",\"description\":\"la librairie fran\u00e7aise de Milan\",\"publisher\":{\"@id\":\"http:\\\/\\\/lechappeeclose.it\\\/#organization\"},\"alternateName\":\"La librairie fran\u00e7aise de Milan\",\"potentialAction\":[{\"@type\":\"SearchAction\",\"target\":{\"@type\":\"EntryPoint\",\"urlTemplate\":\"http:\\\/\\\/lechappeeclose.it\\\/?s={search_term_string}\"},\"query-input\":{\"@type\":\"PropertyValueSpecification\",\"valueRequired\":true,\"valueName\":\"search_term_string\"}}],\"inLanguage\":\"it-IT\"},{\"@type\":\"Organization\",\"@id\":\"http:\\\/\\\/lechappeeclose.it\\\/#organization\",\"name\":\"l&#039;\u00e9chapp\u00e9e close\",\"url\":\"http:\\\/\\\/lechappeeclose.it\\\/\",\"logo\":{\"@type\":\"ImageObject\",\"inLanguage\":\"it-IT\",\"@id\":\"http:\\\/\\\/lechappeeclose.it\\\/#\\\/schema\\\/logo\\\/image\\\/\",\"url\":\"http:\\\/\\\/lechappeeclose.it\\\/wp-content\\\/uploads\\\/2025\\\/02\\\/cropped-logo-rond.png\",\"contentUrl\":\"http:\\\/\\\/lechappeeclose.it\\\/wp-content\\\/uploads\\\/2025\\\/02\\\/cropped-logo-rond.png\",\"width\":1080,\"height\":1080,\"caption\":\"l&#039;\u00e9chapp\u00e9e close\"},\"image\":{\"@id\":\"http:\\\/\\\/lechappeeclose.it\\\/#\\\/schema\\\/logo\\\/image\\\/\"},\"sameAs\":[\"https:\\\/\\\/www.instagram.com\\\/lechappeeclose\\\/\"]}]}<\/script>\n<!-- \/ Yoast SEO plugin. -->","yoast_head_json":{"title":"Il mio cuore messo a nudo - l&#039;\u00e9chapp\u00e9e close","robots":{"index":"index","follow":"follow","max-snippet":"max-snippet:-1","max-image-preview":"max-image-preview:large","max-video-preview":"max-video-preview:-1"},"canonical":"http:\/\/lechappeeclose.it\/it\/boutique\/livres\/litterature\/libri-italiani\/il-mio-cuore-messo-a-nudo\/","og_locale":"it_IT","og_type":"article","og_title":"Il mio cuore messo a nudo - l&#039;\u00e9chapp\u00e9e close","og_description":"Non si pu\u00f2 dire che il moderno sia veramente nato finch\u00e9 Baudelaire non comincia ad annotare le stenografie del suo \u00abcuore messo a nudo\u00bb. Qui, perduta l\u2019antica cornice del verso, parla solo una lingua dei nervi, ogni riga \u00e8 un sussulto, un tremore della sensibilit\u00e0 e dell\u2019intelligenza, mescolate senza rimedio. Poe e Joseph de Maistre [&hellip;]","og_url":"http:\/\/lechappeeclose.it\/it\/boutique\/livres\/litterature\/libri-italiani\/il-mio-cuore-messo-a-nudo\/","og_site_name":"l&#039;\u00e9chapp\u00e9e close","og_image":[{"width":288,"height":475,"url":"http:\/\/lechappeeclose.it\/wp-content\/uploads\/2025\/02\/Il-mio-cuore-messo-a-nudo.jpg","type":"image\/jpeg"}],"twitter_card":"summary_large_image","twitter_misc":{"Tempo di lettura stimato":"2 minuti"},"schema":{"@context":"https:\/\/schema.org","@graph":[{"@type":"WebPage","@id":"http:\/\/lechappeeclose.it\/it\/boutique\/livres\/litterature\/libri-italiani\/il-mio-cuore-messo-a-nudo\/","url":"http:\/\/lechappeeclose.it\/it\/boutique\/livres\/litterature\/libri-italiani\/il-mio-cuore-messo-a-nudo\/","name":"Il mio cuore messo a nudo - l&#039;\u00e9chapp\u00e9e close","isPartOf":{"@id":"http:\/\/lechappeeclose.it\/#website"},"primaryImageOfPage":{"@id":"http:\/\/lechappeeclose.it\/it\/boutique\/livres\/litterature\/libri-italiani\/il-mio-cuore-messo-a-nudo\/#primaryimage"},"image":{"@id":"http:\/\/lechappeeclose.it\/it\/boutique\/livres\/litterature\/libri-italiani\/il-mio-cuore-messo-a-nudo\/#primaryimage"},"thumbnailUrl":"http:\/\/lechappeeclose.it\/wp-content\/uploads\/2025\/02\/Il-mio-cuore-messo-a-nudo.jpg","datePublished":"2025-02-04T12:12:09+00:00","breadcrumb":{"@id":"http:\/\/lechappeeclose.it\/it\/boutique\/livres\/litterature\/libri-italiani\/il-mio-cuore-messo-a-nudo\/#breadcrumb"},"inLanguage":"it-IT","potentialAction":[{"@type":"ReadAction","target":["http:\/\/lechappeeclose.it\/it\/boutique\/livres\/litterature\/libri-italiani\/il-mio-cuore-messo-a-nudo\/"]}]},{"@type":"ImageObject","inLanguage":"it-IT","@id":"http:\/\/lechappeeclose.it\/it\/boutique\/livres\/litterature\/libri-italiani\/il-mio-cuore-messo-a-nudo\/#primaryimage","url":"http:\/\/lechappeeclose.it\/wp-content\/uploads\/2025\/02\/Il-mio-cuore-messo-a-nudo.jpg","contentUrl":"http:\/\/lechappeeclose.it\/wp-content\/uploads\/2025\/02\/Il-mio-cuore-messo-a-nudo.jpg","width":288,"height":475},{"@type":"BreadcrumbList","@id":"http:\/\/lechappeeclose.it\/it\/boutique\/livres\/litterature\/libri-italiani\/il-mio-cuore-messo-a-nudo\/#breadcrumb","itemListElement":[{"@type":"ListItem","position":1,"name":"Accueil","item":"http:\/\/lechappeeclose.it\/"},{"@type":"ListItem","position":2,"name":"Boutique","item":"http:\/\/lechappeeclose.it\/it\/boutique\/"},{"@type":"ListItem","position":3,"name":"Il mio cuore messo a nudo"}]},{"@type":"WebSite","@id":"http:\/\/lechappeeclose.it\/#website","url":"http:\/\/lechappeeclose.it\/","name":"l&#039;\u00e9chapp\u00e9e close","description":"La libreria francese di Milano","publisher":{"@id":"http:\/\/lechappeeclose.it\/#organization"},"alternateName":"La librairie fran\u00e7aise de Milan","potentialAction":[{"@type":"SearchAction","target":{"@type":"EntryPoint","urlTemplate":"http:\/\/lechappeeclose.it\/?s={search_term_string}"},"query-input":{"@type":"PropertyValueSpecification","valueRequired":true,"valueName":"search_term_string"}}],"inLanguage":"it-IT"},{"@type":"Organization","@id":"http:\/\/lechappeeclose.it\/#organization","name":"l&#039;\u00e9chapp\u00e9e close","url":"http:\/\/lechappeeclose.it\/","logo":{"@type":"ImageObject","inLanguage":"it-IT","@id":"http:\/\/lechappeeclose.it\/#\/schema\/logo\/image\/","url":"http:\/\/lechappeeclose.it\/wp-content\/uploads\/2025\/02\/cropped-logo-rond.png","contentUrl":"http:\/\/lechappeeclose.it\/wp-content\/uploads\/2025\/02\/cropped-logo-rond.png","width":1080,"height":1080,"caption":"l&#039;\u00e9chapp\u00e9e close"},"image":{"@id":"http:\/\/lechappeeclose.it\/#\/schema\/logo\/image\/"},"sameAs":["https:\/\/www.instagram.com\/lechappeeclose\/"]}]}},"_links":{"self":[{"href":"http:\/\/lechappeeclose.it\/it\/wp-json\/wp\/v2\/product\/4880","targetHints":{"allow":["GET"]}}],"collection":[{"href":"http:\/\/lechappeeclose.it\/it\/wp-json\/wp\/v2\/product"}],"about":[{"href":"http:\/\/lechappeeclose.it\/it\/wp-json\/wp\/v2\/types\/product"}],"replies":[{"embeddable":true,"href":"http:\/\/lechappeeclose.it\/it\/wp-json\/wp\/v2\/comments?post=4880"}],"wp:featuredmedia":[{"embeddable":true,"href":"http:\/\/lechappeeclose.it\/it\/wp-json\/wp\/v2\/media\/4879"}],"wp:attachment":[{"href":"http:\/\/lechappeeclose.it\/it\/wp-json\/wp\/v2\/media?parent=4880"}],"wp:term":[{"taxonomy":"product_brand","embeddable":true,"href":"http:\/\/lechappeeclose.it\/it\/wp-json\/wp\/v2\/product_brand?post=4880"},{"taxonomy":"product_cat","embeddable":true,"href":"http:\/\/lechappeeclose.it\/it\/wp-json\/wp\/v2\/product_cat?post=4880"},{"taxonomy":"product_tag","embeddable":true,"href":"http:\/\/lechappeeclose.it\/it\/wp-json\/wp\/v2\/product_tag?post=4880"}],"curies":[{"name":"wp","href":"https:\/\/api.w.org\/{rel}","templated":true}]}}