{"id":4866,"date":"2025-02-04T13:07:33","date_gmt":"2025-02-04T12:07:33","guid":{"rendered":"https:\/\/lechappeeclose.it\/produit\/ici-et-ailleurs\/"},"modified":"2025-02-04T13:07:33","modified_gmt":"2025-02-04T12:07:33","slug":"ici-et-ailleurs","status":"publish","type":"product","link":"http:\/\/lechappeeclose.it\/it\/boutique\/livres\/litterature\/romans\/ici-et-ailleurs\/","title":{"rendered":"Ici et ailleurs"},"content":{"rendered":"<p>&#8220;On est le 6 d\u00e9cembre 2018, il est midi. Trois semaines que le mouvement a d\u00e9marr\u00e9, avec l&#8217;impression, ici, que tout ne fait que commencer&#8221;. Qu&#8217;avons-nous travers\u00e9 ces huit derni\u00e8res ann\u00e9es ? De la r\u00e9volte des Gilets jaunes \u00e0 la vie quotidienne en Ukraine sous les bombes, en passant par le grand confinement, la vir\u00e9e en Tha\u00eflande de deux cousins de r\u00e9gion parisienne ou la fin tragique d&#8217;un \u00e9leveur tu\u00e9 par des gendarmes, Florence Aubenas raconte notre \u00e9poque, au plus pr\u00e8s du r\u00e9el. Florence Aubenas est grand reporter au journal Le Monde. Elle a notamment publi\u00e9 Le Quai de Ouistreham et L&#8217;Inconnu de la poste, qui ont connu un immense succ\u00e8s critique et public.<\/p>","protected":false},"excerpt":{"rendered":"<p>&#8220;On est le 6 d\u00e9cembre 2018, il est midi. Trois semaines que le mouvement a d\u00e9marr\u00e9, avec l&#8217;impression, ici, que tout ne fait que commencer&#8221;. Qu&#8217;avons-nous travers\u00e9 ces huit derni\u00e8res ann\u00e9es ? De la r\u00e9volte des Gilets jaunes \u00e0 la vie quotidienne en Ukraine sous les bombes, en passant par le grand confinement, la vir\u00e9e [&hellip;]<\/p>","protected":false},"featured_media":4864,"comment_status":"open","ping_status":"closed","template":"","meta":[],"product_brand":[],"product_cat":[46],"product_tag":[],"class_list":{"0":"post-4866","1":"product","2":"type-product","3":"status-publish","4":"has-post-thumbnail","6":"product_cat-romans","8":"first","9":"instock","10":"taxable","11":"shipping-taxable","12":"purchasable","13":"product-type-simple"},"yoast_head":"<!-- This site is optimized with the Yoast SEO plugin v27.4 - https:\/\/yoast.com\/product\/yoast-seo-wordpress\/ -->\n<title>Ici et ailleurs - l&#039;\u00e9chapp\u00e9e close<\/title>\n<meta name=\"robots\" content=\"index, follow, max-snippet:-1, max-image-preview:large, max-video-preview:-1\" \/>\n<link rel=\"canonical\" href=\"http:\/\/lechappeeclose.it\/it\/boutique\/livres\/litterature\/romans\/ici-et-ailleurs\/\" \/>\n<meta property=\"og:locale\" content=\"it_IT\" \/>\n<meta property=\"og:type\" content=\"article\" \/>\n<meta property=\"og:title\" content=\"Ici et ailleurs - l&#039;\u00e9chapp\u00e9e close\" \/>\n<meta property=\"og:description\" content=\"&#8220;On est le 6 d\u00e9cembre 2018, il est midi. Trois semaines que le mouvement a d\u00e9marr\u00e9, avec l&#8217;impression, ici, que tout ne fait que commencer&#8221;. Qu&#8217;avons-nous travers\u00e9 ces huit derni\u00e8res ann\u00e9es ? De la r\u00e9volte des Gilets jaunes \u00e0 la vie quotidienne en Ukraine sous les bombes, en passant par le grand confinement, la vir\u00e9e [&hellip;]\" \/>\n<meta property=\"og:url\" content=\"http:\/\/lechappeeclose.it\/it\/boutique\/livres\/litterature\/romans\/ici-et-ailleurs\/\" \/>\n<meta property=\"og:site_name\" content=\"l&#039;\u00e9chapp\u00e9e close\" \/>\n<meta property=\"og:image\" content=\"http:\/\/lechappeeclose.it\/wp-content\/uploads\/2025\/02\/Ici-et-ailleurs.jpg\" \/>\n\t<meta property=\"og:image:width\" content=\"128\" \/>\n\t<meta property=\"og:image:height\" content=\"188\" \/>\n\t<meta property=\"og:image:type\" content=\"image\/jpeg\" \/>\n<meta name=\"twitter:card\" content=\"summary_large_image\" \/>\n<meta name=\"twitter:label1\" content=\"Tempo di lettura stimato\" \/>\n\t<meta name=\"twitter:data1\" content=\"1 minuto\" \/>\n<script type=\"application\/ld+json\" class=\"yoast-schema-graph\">{\"@context\":\"https:\\\/\\\/schema.org\",\"@graph\":[{\"@type\":\"WebPage\",\"@id\":\"http:\\\/\\\/lechappeeclose.it\\\/it\\\/boutique\\\/livres\\\/litterature\\\/romans\\\/ici-et-ailleurs\\\/\",\"url\":\"http:\\\/\\\/lechappeeclose.it\\\/it\\\/boutique\\\/livres\\\/litterature\\\/romans\\\/ici-et-ailleurs\\\/\",\"name\":\"Ici et ailleurs - l&#039;\u00e9chapp\u00e9e close\",\"isPartOf\":{\"@id\":\"http:\\\/\\\/lechappeeclose.it\\\/#website\"},\"primaryImageOfPage\":{\"@id\":\"http:\\\/\\\/lechappeeclose.it\\\/it\\\/boutique\\\/livres\\\/litterature\\\/romans\\\/ici-et-ailleurs\\\/#primaryimage\"},\"image\":{\"@id\":\"http:\\\/\\\/lechappeeclose.it\\\/it\\\/boutique\\\/livres\\\/litterature\\\/romans\\\/ici-et-ailleurs\\\/#primaryimage\"},\"thumbnailUrl\":\"http:\\\/\\\/lechappeeclose.it\\\/wp-content\\\/uploads\\\/2025\\\/02\\\/Ici-et-ailleurs.jpg\",\"datePublished\":\"2025-02-04T12:07:33+00:00\",\"breadcrumb\":{\"@id\":\"http:\\\/\\\/lechappeeclose.it\\\/it\\\/boutique\\\/livres\\\/litterature\\\/romans\\\/ici-et-ailleurs\\\/#breadcrumb\"},\"inLanguage\":\"it-IT\",\"potentialAction\":[{\"@type\":\"ReadAction\",\"target\":[\"http:\\\/\\\/lechappeeclose.it\\\/it\\\/boutique\\\/livres\\\/litterature\\\/romans\\\/ici-et-ailleurs\\\/\"]}]},{\"@type\":\"ImageObject\",\"inLanguage\":\"it-IT\",\"@id\":\"http:\\\/\\\/lechappeeclose.it\\\/it\\\/boutique\\\/livres\\\/litterature\\\/romans\\\/ici-et-ailleurs\\\/#primaryimage\",\"url\":\"http:\\\/\\\/lechappeeclose.it\\\/wp-content\\\/uploads\\\/2025\\\/02\\\/Ici-et-ailleurs.jpg\",\"contentUrl\":\"http:\\\/\\\/lechappeeclose.it\\\/wp-content\\\/uploads\\\/2025\\\/02\\\/Ici-et-ailleurs.jpg\",\"width\":128,\"height\":188},{\"@type\":\"BreadcrumbList\",\"@id\":\"http:\\\/\\\/lechappeeclose.it\\\/it\\\/boutique\\\/livres\\\/litterature\\\/romans\\\/ici-et-ailleurs\\\/#breadcrumb\",\"itemListElement\":[{\"@type\":\"ListItem\",\"position\":1,\"name\":\"Accueil\",\"item\":\"http:\\\/\\\/lechappeeclose.it\\\/\"},{\"@type\":\"ListItem\",\"position\":2,\"name\":\"Boutique\",\"item\":\"http:\\\/\\\/lechappeeclose.it\\\/boutique\\\/\"},{\"@type\":\"ListItem\",\"position\":3,\"name\":\"Ici et ailleurs\"}]},{\"@type\":\"WebSite\",\"@id\":\"http:\\\/\\\/lechappeeclose.it\\\/#website\",\"url\":\"http:\\\/\\\/lechappeeclose.it\\\/\",\"name\":\"l&#039;\u00e9chapp\u00e9e close\",\"description\":\"la librairie fran\u00e7aise de Milan\",\"publisher\":{\"@id\":\"http:\\\/\\\/lechappeeclose.it\\\/#organization\"},\"alternateName\":\"La librairie fran\u00e7aise de Milan\",\"potentialAction\":[{\"@type\":\"SearchAction\",\"target\":{\"@type\":\"EntryPoint\",\"urlTemplate\":\"http:\\\/\\\/lechappeeclose.it\\\/?s={search_term_string}\"},\"query-input\":{\"@type\":\"PropertyValueSpecification\",\"valueRequired\":true,\"valueName\":\"search_term_string\"}}],\"inLanguage\":\"it-IT\"},{\"@type\":\"Organization\",\"@id\":\"http:\\\/\\\/lechappeeclose.it\\\/#organization\",\"name\":\"l&#039;\u00e9chapp\u00e9e close\",\"url\":\"http:\\\/\\\/lechappeeclose.it\\\/\",\"logo\":{\"@type\":\"ImageObject\",\"inLanguage\":\"it-IT\",\"@id\":\"http:\\\/\\\/lechappeeclose.it\\\/#\\\/schema\\\/logo\\\/image\\\/\",\"url\":\"http:\\\/\\\/lechappeeclose.it\\\/wp-content\\\/uploads\\\/2025\\\/02\\\/cropped-logo-rond.png\",\"contentUrl\":\"http:\\\/\\\/lechappeeclose.it\\\/wp-content\\\/uploads\\\/2025\\\/02\\\/cropped-logo-rond.png\",\"width\":1080,\"height\":1080,\"caption\":\"l&#039;\u00e9chapp\u00e9e close\"},\"image\":{\"@id\":\"http:\\\/\\\/lechappeeclose.it\\\/#\\\/schema\\\/logo\\\/image\\\/\"},\"sameAs\":[\"https:\\\/\\\/www.instagram.com\\\/lechappeeclose\\\/\"]}]}<\/script>\n<!-- \/ Yoast SEO plugin. -->","yoast_head_json":{"title":"Ici et ailleurs - l&#039;\u00e9chapp\u00e9e close","robots":{"index":"index","follow":"follow","max-snippet":"max-snippet:-1","max-image-preview":"max-image-preview:large","max-video-preview":"max-video-preview:-1"},"canonical":"http:\/\/lechappeeclose.it\/it\/boutique\/livres\/litterature\/romans\/ici-et-ailleurs\/","og_locale":"it_IT","og_type":"article","og_title":"Ici et ailleurs - l&#039;\u00e9chapp\u00e9e close","og_description":"&#8220;On est le 6 d\u00e9cembre 2018, il est midi. Trois semaines que le mouvement a d\u00e9marr\u00e9, avec l&#8217;impression, ici, que tout ne fait que commencer&#8221;. Qu&#8217;avons-nous travers\u00e9 ces huit derni\u00e8res ann\u00e9es ? De la r\u00e9volte des Gilets jaunes \u00e0 la vie quotidienne en Ukraine sous les bombes, en passant par le grand confinement, la vir\u00e9e [&hellip;]","og_url":"http:\/\/lechappeeclose.it\/it\/boutique\/livres\/litterature\/romans\/ici-et-ailleurs\/","og_site_name":"l&#039;\u00e9chapp\u00e9e close","og_image":[{"width":128,"height":188,"url":"http:\/\/lechappeeclose.it\/wp-content\/uploads\/2025\/02\/Ici-et-ailleurs.jpg","type":"image\/jpeg"}],"twitter_card":"summary_large_image","twitter_misc":{"Tempo di lettura stimato":"1 minuto"},"schema":{"@context":"https:\/\/schema.org","@graph":[{"@type":"WebPage","@id":"http:\/\/lechappeeclose.it\/it\/boutique\/livres\/litterature\/romans\/ici-et-ailleurs\/","url":"http:\/\/lechappeeclose.it\/it\/boutique\/livres\/litterature\/romans\/ici-et-ailleurs\/","name":"Ici et ailleurs - l&#039;\u00e9chapp\u00e9e close","isPartOf":{"@id":"http:\/\/lechappeeclose.it\/#website"},"primaryImageOfPage":{"@id":"http:\/\/lechappeeclose.it\/it\/boutique\/livres\/litterature\/romans\/ici-et-ailleurs\/#primaryimage"},"image":{"@id":"http:\/\/lechappeeclose.it\/it\/boutique\/livres\/litterature\/romans\/ici-et-ailleurs\/#primaryimage"},"thumbnailUrl":"http:\/\/lechappeeclose.it\/wp-content\/uploads\/2025\/02\/Ici-et-ailleurs.jpg","datePublished":"2025-02-04T12:07:33+00:00","breadcrumb":{"@id":"http:\/\/lechappeeclose.it\/it\/boutique\/livres\/litterature\/romans\/ici-et-ailleurs\/#breadcrumb"},"inLanguage":"it-IT","potentialAction":[{"@type":"ReadAction","target":["http:\/\/lechappeeclose.it\/it\/boutique\/livres\/litterature\/romans\/ici-et-ailleurs\/"]}]},{"@type":"ImageObject","inLanguage":"it-IT","@id":"http:\/\/lechappeeclose.it\/it\/boutique\/livres\/litterature\/romans\/ici-et-ailleurs\/#primaryimage","url":"http:\/\/lechappeeclose.it\/wp-content\/uploads\/2025\/02\/Ici-et-ailleurs.jpg","contentUrl":"http:\/\/lechappeeclose.it\/wp-content\/uploads\/2025\/02\/Ici-et-ailleurs.jpg","width":128,"height":188},{"@type":"BreadcrumbList","@id":"http:\/\/lechappeeclose.it\/it\/boutique\/livres\/litterature\/romans\/ici-et-ailleurs\/#breadcrumb","itemListElement":[{"@type":"ListItem","position":1,"name":"Accueil","item":"http:\/\/lechappeeclose.it\/"},{"@type":"ListItem","position":2,"name":"Boutique","item":"http:\/\/lechappeeclose.it\/boutique\/"},{"@type":"ListItem","position":3,"name":"Ici et ailleurs"}]},{"@type":"WebSite","@id":"http:\/\/lechappeeclose.it\/#website","url":"http:\/\/lechappeeclose.it\/","name":"l&#039;\u00e9chapp\u00e9e close","description":"La libreria francese di Milano","publisher":{"@id":"http:\/\/lechappeeclose.it\/#organization"},"alternateName":"La librairie fran\u00e7aise de Milan","potentialAction":[{"@type":"SearchAction","target":{"@type":"EntryPoint","urlTemplate":"http:\/\/lechappeeclose.it\/?s={search_term_string}"},"query-input":{"@type":"PropertyValueSpecification","valueRequired":true,"valueName":"search_term_string"}}],"inLanguage":"it-IT"},{"@type":"Organization","@id":"http:\/\/lechappeeclose.it\/#organization","name":"l&#039;\u00e9chapp\u00e9e close","url":"http:\/\/lechappeeclose.it\/","logo":{"@type":"ImageObject","inLanguage":"it-IT","@id":"http:\/\/lechappeeclose.it\/#\/schema\/logo\/image\/","url":"http:\/\/lechappeeclose.it\/wp-content\/uploads\/2025\/02\/cropped-logo-rond.png","contentUrl":"http:\/\/lechappeeclose.it\/wp-content\/uploads\/2025\/02\/cropped-logo-rond.png","width":1080,"height":1080,"caption":"l&#039;\u00e9chapp\u00e9e close"},"image":{"@id":"http:\/\/lechappeeclose.it\/#\/schema\/logo\/image\/"},"sameAs":["https:\/\/www.instagram.com\/lechappeeclose\/"]}]}},"_links":{"self":[{"href":"http:\/\/lechappeeclose.it\/it\/wp-json\/wp\/v2\/product\/4866","targetHints":{"allow":["GET"]}}],"collection":[{"href":"http:\/\/lechappeeclose.it\/it\/wp-json\/wp\/v2\/product"}],"about":[{"href":"http:\/\/lechappeeclose.it\/it\/wp-json\/wp\/v2\/types\/product"}],"replies":[{"embeddable":true,"href":"http:\/\/lechappeeclose.it\/it\/wp-json\/wp\/v2\/comments?post=4866"}],"wp:featuredmedia":[{"embeddable":true,"href":"http:\/\/lechappeeclose.it\/it\/wp-json\/wp\/v2\/media\/4864"}],"wp:attachment":[{"href":"http:\/\/lechappeeclose.it\/it\/wp-json\/wp\/v2\/media?parent=4866"}],"wp:term":[{"taxonomy":"product_brand","embeddable":true,"href":"http:\/\/lechappeeclose.it\/it\/wp-json\/wp\/v2\/product_brand?post=4866"},{"taxonomy":"product_cat","embeddable":true,"href":"http:\/\/lechappeeclose.it\/it\/wp-json\/wp\/v2\/product_cat?post=4866"},{"taxonomy":"product_tag","embeddable":true,"href":"http:\/\/lechappeeclose.it\/it\/wp-json\/wp\/v2\/product_tag?post=4866"}],"curies":[{"name":"wp","href":"https:\/\/api.w.org\/{rel}","templated":true}]}}