{"id":4831,"date":"2025-02-04T12:43:47","date_gmt":"2025-02-04T11:43:47","guid":{"rendered":"https:\/\/lechappeeclose.it\/produit\/folle\/"},"modified":"2025-02-04T12:43:47","modified_gmt":"2025-02-04T11:43:47","slug":"folle","status":"publish","type":"product","link":"http:\/\/lechappeeclose.it\/it\/boutique\/livres\/litterature\/romans\/folle\/","title":{"rendered":"Folle"},"content":{"rendered":"<p>PUTAIN avait travers\u00e9 le ciel de la rentr\u00e9e de 2001 comme un m\u00e9t\u00e9ore aussi \u00e9blouissant qu&#8221;\u00e9nigmatique. Il n&#8221;y avait pas que la physique de blonde hitchcockienne de sa (tr\u00e8s) jeune auteur. Une forme litt\u00e9raire remarquable d\u00e9routait et en m\u00eame temps suscitait les questions sur la v\u00e9rit\u00e9 autobiographique de ce texte absolument hors du commun. Nous nous sommes bien s\u00fbr demand\u00e9 si PUTAIN n&#8221;\u00e9tait pas le genre de performance impossible \u00e0 r\u00e9p\u00e9ter, ou m\u00eame une sorte de suicide. La bonne nouvelle qu&#8221;on peut annoncer aujourd&#8221;hui, c&#8221;est que Nelly Arcan revient (de loin).Elle a m\u00fbri, son style est un peu moins incantatoire, moins redondant, la narration sans \u00eatre absolument lin\u00e9aire peut se rapporter \u00e0 une chronologie assez pr\u00e9cise. Il s&#8221;agit de raconter en d\u00e9tails les derniers temps d&#8221;une liaison amoureuse particuli\u00e8rement catastrophique (et authentique, cela ne fait gu\u00e8re de doute). On est \u00e0 Montr\u00e9al, dans le quartier du Plateau Mont-Royal, celui des bars de nuit : Nelly, qui se pr\u00e9sente comme telle, avec son jeune pass\u00e9 de romanci\u00e8re sulfureuse dont elle est assez na\u00efvement fi\u00e8re, disons-le, s&#8221;\u00e9prend du gar\u00e7on qu&#8221;elle ne devait pas rencontrer, un Fran\u00e7ais, un malade du cybersexe, de la souris et des sites pornos, \u00e9crivain rat\u00e9, consommateur de coke, pauvre type jaloux, d&#8221;une m\u00e9chancet\u00e9 fun\u00e8bre&#8230; que bien entendu, elle idol\u00e2tre.Le r\u00e9cit, v\u00e9h\u00e9ment et lyrique, multiplie les variations rageuses sur le th\u00e8me du : pourquoi ai-je fait cela ? C&#8221;\u00e9tait d\u00e9j\u00e0 l&#8221;interrogation essentielle de PUTAIN, et dans la trag\u00e9die de cet amour r\u00e9ciproquement destructeur, Nelly Arcan retrouve au passage les figures traumatisantes de son p\u00e8re et de sa m\u00e8re, en m\u00eame temps qu&#8221;elle fait jeu \u00e9gal avec son premier livre, avec son caract\u00e8re absolu, la beaut\u00e9 d&#8221;un d\u00e9sespoir intransigeant.Le r\u00e9sum\u00e9 classique peut difficilement donner une id\u00e9e d&#8221;un tel livre. Pourtant, l&#8221;histoire est simple (mais les deux protagonistes ne le sont pas&#8230;) : comment une \u00e9crivaine qu\u00e9b\u00e9coise de vingt-neuf ans, encore \u00e9tudiante, devient follement attach\u00e9e \u00e0 un Fran\u00e7ais tout aussi \u00ab nocturne \u00bb qu&#8221;elle, qui joue de ses faiblesses, puis l&#8221;abandonne apr\u00e8s l&#8221;avoir mise enceinte. Surtout, il y a cette langue imm\u00e9diatement reconnaissable : juv\u00e9nile, tragique, radicale.<\/p>","protected":false},"excerpt":{"rendered":"<p>PUTAIN avait travers\u00e9 le ciel de la rentr\u00e9e de 2001 comme un m\u00e9t\u00e9ore aussi \u00e9blouissant qu&#8221;\u00e9nigmatique. Il n&#8221;y avait pas que la physique de blonde hitchcockienne de sa (tr\u00e8s) jeune auteur. Une forme litt\u00e9raire remarquable d\u00e9routait et en m\u00eame temps suscitait les questions sur la v\u00e9rit\u00e9 autobiographique de ce texte absolument hors du commun. Nous [&hellip;]<\/p>","protected":false},"featured_media":4830,"comment_status":"open","ping_status":"closed","template":"","meta":[],"product_brand":[],"product_cat":[46],"product_tag":[],"class_list":{"0":"post-4831","1":"product","2":"type-product","3":"status-publish","4":"has-post-thumbnail","6":"product_cat-romans","8":"first","9":"instock","10":"taxable","11":"shipping-taxable","12":"purchasable","13":"product-type-simple"},"yoast_head":"<!-- This site is optimized with the Yoast SEO plugin v27.4 - https:\/\/yoast.com\/product\/yoast-seo-wordpress\/ -->\n<title>Folle - l&#039;\u00e9chapp\u00e9e close<\/title>\n<meta name=\"robots\" content=\"index, follow, max-snippet:-1, max-image-preview:large, max-video-preview:-1\" \/>\n<link rel=\"canonical\" href=\"https:\/\/lechappeeclose.it\/it\/boutique\/livres\/litterature\/romans\/folle\/\" \/>\n<meta property=\"og:locale\" content=\"it_IT\" \/>\n<meta property=\"og:type\" content=\"article\" \/>\n<meta property=\"og:title\" content=\"Folle - l&#039;\u00e9chapp\u00e9e close\" \/>\n<meta property=\"og:description\" content=\"PUTAIN avait travers\u00e9 le ciel de la rentr\u00e9e de 2001 comme un m\u00e9t\u00e9ore aussi \u00e9blouissant qu&#8221;\u00e9nigmatique. Il n&#8221;y avait pas que la physique de blonde hitchcockienne de sa (tr\u00e8s) jeune auteur. Une forme litt\u00e9raire remarquable d\u00e9routait et en m\u00eame temps suscitait les questions sur la v\u00e9rit\u00e9 autobiographique de ce texte absolument hors du commun. Nous [&hellip;]\" \/>\n<meta property=\"og:url\" content=\"https:\/\/lechappeeclose.it\/it\/boutique\/livres\/litterature\/romans\/folle\/\" \/>\n<meta property=\"og:site_name\" content=\"l&#039;\u00e9chapp\u00e9e close\" \/>\n<meta property=\"og:image\" content=\"https:\/\/lechappeeclose.it\/wp-content\/uploads\/2025\/02\/Folle.jpg\" \/>\n\t<meta property=\"og:image:width\" content=\"279\" \/>\n\t<meta property=\"og:image:height\" content=\"475\" \/>\n\t<meta property=\"og:image:type\" content=\"image\/jpeg\" \/>\n<meta name=\"twitter:card\" content=\"summary_large_image\" \/>\n<meta name=\"twitter:label1\" content=\"Tempo di lettura stimato\" \/>\n\t<meta name=\"twitter:data1\" content=\"2 minuti\" \/>\n<script type=\"application\/ld+json\" class=\"yoast-schema-graph\">{\"@context\":\"https:\\\/\\\/schema.org\",\"@graph\":[{\"@type\":\"WebPage\",\"@id\":\"https:\\\/\\\/lechappeeclose.it\\\/boutique\\\/livres\\\/litterature\\\/romans\\\/folle\\\/\",\"url\":\"https:\\\/\\\/lechappeeclose.it\\\/boutique\\\/livres\\\/litterature\\\/romans\\\/folle\\\/\",\"name\":\"Folle - l&#039;\u00e9chapp\u00e9e close\",\"isPartOf\":{\"@id\":\"http:\\\/\\\/lechappeeclose.it\\\/#website\"},\"primaryImageOfPage\":{\"@id\":\"https:\\\/\\\/lechappeeclose.it\\\/boutique\\\/livres\\\/litterature\\\/romans\\\/folle\\\/#primaryimage\"},\"image\":{\"@id\":\"https:\\\/\\\/lechappeeclose.it\\\/boutique\\\/livres\\\/litterature\\\/romans\\\/folle\\\/#primaryimage\"},\"thumbnailUrl\":\"http:\\\/\\\/lechappeeclose.it\\\/wp-content\\\/uploads\\\/2025\\\/02\\\/Folle.jpg\",\"datePublished\":\"2025-02-04T11:43:47+00:00\",\"breadcrumb\":{\"@id\":\"https:\\\/\\\/lechappeeclose.it\\\/boutique\\\/livres\\\/litterature\\\/romans\\\/folle\\\/#breadcrumb\"},\"inLanguage\":\"it-IT\",\"potentialAction\":[{\"@type\":\"ReadAction\",\"target\":[\"https:\\\/\\\/lechappeeclose.it\\\/boutique\\\/livres\\\/litterature\\\/romans\\\/folle\\\/\"]}]},{\"@type\":\"ImageObject\",\"inLanguage\":\"it-IT\",\"@id\":\"https:\\\/\\\/lechappeeclose.it\\\/boutique\\\/livres\\\/litterature\\\/romans\\\/folle\\\/#primaryimage\",\"url\":\"http:\\\/\\\/lechappeeclose.it\\\/wp-content\\\/uploads\\\/2025\\\/02\\\/Folle.jpg\",\"contentUrl\":\"http:\\\/\\\/lechappeeclose.it\\\/wp-content\\\/uploads\\\/2025\\\/02\\\/Folle.jpg\",\"width\":279,\"height\":475},{\"@type\":\"BreadcrumbList\",\"@id\":\"https:\\\/\\\/lechappeeclose.it\\\/boutique\\\/livres\\\/litterature\\\/romans\\\/folle\\\/#breadcrumb\",\"itemListElement\":[{\"@type\":\"ListItem\",\"position\":1,\"name\":\"Accueil\",\"item\":\"http:\\\/\\\/lechappeeclose.it\\\/\"},{\"@type\":\"ListItem\",\"position\":2,\"name\":\"Boutique\",\"item\":\"http:\\\/\\\/lechappeeclose.it\\\/it\\\/boutique\\\/\"},{\"@type\":\"ListItem\",\"position\":3,\"name\":\"Folle\"}]},{\"@type\":\"WebSite\",\"@id\":\"http:\\\/\\\/lechappeeclose.it\\\/#website\",\"url\":\"http:\\\/\\\/lechappeeclose.it\\\/\",\"name\":\"l&#039;\u00e9chapp\u00e9e close\",\"description\":\"la librairie fran\u00e7aise de Milan\",\"publisher\":{\"@id\":\"http:\\\/\\\/lechappeeclose.it\\\/#organization\"},\"alternateName\":\"La librairie fran\u00e7aise de Milan\",\"potentialAction\":[{\"@type\":\"SearchAction\",\"target\":{\"@type\":\"EntryPoint\",\"urlTemplate\":\"http:\\\/\\\/lechappeeclose.it\\\/?s={search_term_string}\"},\"query-input\":{\"@type\":\"PropertyValueSpecification\",\"valueRequired\":true,\"valueName\":\"search_term_string\"}}],\"inLanguage\":\"it-IT\"},{\"@type\":\"Organization\",\"@id\":\"http:\\\/\\\/lechappeeclose.it\\\/#organization\",\"name\":\"l&#039;\u00e9chapp\u00e9e close\",\"url\":\"http:\\\/\\\/lechappeeclose.it\\\/\",\"logo\":{\"@type\":\"ImageObject\",\"inLanguage\":\"it-IT\",\"@id\":\"http:\\\/\\\/lechappeeclose.it\\\/#\\\/schema\\\/logo\\\/image\\\/\",\"url\":\"http:\\\/\\\/lechappeeclose.it\\\/wp-content\\\/uploads\\\/2025\\\/02\\\/cropped-logo-rond.png\",\"contentUrl\":\"http:\\\/\\\/lechappeeclose.it\\\/wp-content\\\/uploads\\\/2025\\\/02\\\/cropped-logo-rond.png\",\"width\":1080,\"height\":1080,\"caption\":\"l&#039;\u00e9chapp\u00e9e close\"},\"image\":{\"@id\":\"http:\\\/\\\/lechappeeclose.it\\\/#\\\/schema\\\/logo\\\/image\\\/\"},\"sameAs\":[\"https:\\\/\\\/www.instagram.com\\\/lechappeeclose\\\/\"]}]}<\/script>\n<!-- \/ Yoast SEO plugin. -->","yoast_head_json":{"title":"Folle - l&#039;\u00e9chapp\u00e9e close","robots":{"index":"index","follow":"follow","max-snippet":"max-snippet:-1","max-image-preview":"max-image-preview:large","max-video-preview":"max-video-preview:-1"},"canonical":"https:\/\/lechappeeclose.it\/it\/boutique\/livres\/litterature\/romans\/folle\/","og_locale":"it_IT","og_type":"article","og_title":"Folle - l&#039;\u00e9chapp\u00e9e close","og_description":"PUTAIN avait travers\u00e9 le ciel de la rentr\u00e9e de 2001 comme un m\u00e9t\u00e9ore aussi \u00e9blouissant qu&#8221;\u00e9nigmatique. Il n&#8221;y avait pas que la physique de blonde hitchcockienne de sa (tr\u00e8s) jeune auteur. Une forme litt\u00e9raire remarquable d\u00e9routait et en m\u00eame temps suscitait les questions sur la v\u00e9rit\u00e9 autobiographique de ce texte absolument hors du commun. Nous [&hellip;]","og_url":"https:\/\/lechappeeclose.it\/it\/boutique\/livres\/litterature\/romans\/folle\/","og_site_name":"l&#039;\u00e9chapp\u00e9e close","og_image":[{"width":279,"height":475,"url":"https:\/\/lechappeeclose.it\/wp-content\/uploads\/2025\/02\/Folle.jpg","type":"image\/jpeg"}],"twitter_card":"summary_large_image","twitter_misc":{"Tempo di lettura stimato":"2 minuti"},"schema":{"@context":"https:\/\/schema.org","@graph":[{"@type":"WebPage","@id":"https:\/\/lechappeeclose.it\/boutique\/livres\/litterature\/romans\/folle\/","url":"https:\/\/lechappeeclose.it\/boutique\/livres\/litterature\/romans\/folle\/","name":"Folle - l&#039;\u00e9chapp\u00e9e close","isPartOf":{"@id":"http:\/\/lechappeeclose.it\/#website"},"primaryImageOfPage":{"@id":"https:\/\/lechappeeclose.it\/boutique\/livres\/litterature\/romans\/folle\/#primaryimage"},"image":{"@id":"https:\/\/lechappeeclose.it\/boutique\/livres\/litterature\/romans\/folle\/#primaryimage"},"thumbnailUrl":"http:\/\/lechappeeclose.it\/wp-content\/uploads\/2025\/02\/Folle.jpg","datePublished":"2025-02-04T11:43:47+00:00","breadcrumb":{"@id":"https:\/\/lechappeeclose.it\/boutique\/livres\/litterature\/romans\/folle\/#breadcrumb"},"inLanguage":"it-IT","potentialAction":[{"@type":"ReadAction","target":["https:\/\/lechappeeclose.it\/boutique\/livres\/litterature\/romans\/folle\/"]}]},{"@type":"ImageObject","inLanguage":"it-IT","@id":"https:\/\/lechappeeclose.it\/boutique\/livres\/litterature\/romans\/folle\/#primaryimage","url":"http:\/\/lechappeeclose.it\/wp-content\/uploads\/2025\/02\/Folle.jpg","contentUrl":"http:\/\/lechappeeclose.it\/wp-content\/uploads\/2025\/02\/Folle.jpg","width":279,"height":475},{"@type":"BreadcrumbList","@id":"https:\/\/lechappeeclose.it\/boutique\/livres\/litterature\/romans\/folle\/#breadcrumb","itemListElement":[{"@type":"ListItem","position":1,"name":"Accueil","item":"http:\/\/lechappeeclose.it\/"},{"@type":"ListItem","position":2,"name":"Boutique","item":"http:\/\/lechappeeclose.it\/it\/boutique\/"},{"@type":"ListItem","position":3,"name":"Folle"}]},{"@type":"WebSite","@id":"http:\/\/lechappeeclose.it\/#website","url":"http:\/\/lechappeeclose.it\/","name":"l&#039;\u00e9chapp\u00e9e close","description":"La libreria francese di Milano","publisher":{"@id":"http:\/\/lechappeeclose.it\/#organization"},"alternateName":"La librairie fran\u00e7aise de Milan","potentialAction":[{"@type":"SearchAction","target":{"@type":"EntryPoint","urlTemplate":"http:\/\/lechappeeclose.it\/?s={search_term_string}"},"query-input":{"@type":"PropertyValueSpecification","valueRequired":true,"valueName":"search_term_string"}}],"inLanguage":"it-IT"},{"@type":"Organization","@id":"http:\/\/lechappeeclose.it\/#organization","name":"l&#039;\u00e9chapp\u00e9e close","url":"http:\/\/lechappeeclose.it\/","logo":{"@type":"ImageObject","inLanguage":"it-IT","@id":"http:\/\/lechappeeclose.it\/#\/schema\/logo\/image\/","url":"http:\/\/lechappeeclose.it\/wp-content\/uploads\/2025\/02\/cropped-logo-rond.png","contentUrl":"http:\/\/lechappeeclose.it\/wp-content\/uploads\/2025\/02\/cropped-logo-rond.png","width":1080,"height":1080,"caption":"l&#039;\u00e9chapp\u00e9e close"},"image":{"@id":"http:\/\/lechappeeclose.it\/#\/schema\/logo\/image\/"},"sameAs":["https:\/\/www.instagram.com\/lechappeeclose\/"]}]}},"_links":{"self":[{"href":"http:\/\/lechappeeclose.it\/it\/wp-json\/wp\/v2\/product\/4831","targetHints":{"allow":["GET"]}}],"collection":[{"href":"http:\/\/lechappeeclose.it\/it\/wp-json\/wp\/v2\/product"}],"about":[{"href":"http:\/\/lechappeeclose.it\/it\/wp-json\/wp\/v2\/types\/product"}],"replies":[{"embeddable":true,"href":"http:\/\/lechappeeclose.it\/it\/wp-json\/wp\/v2\/comments?post=4831"}],"wp:featuredmedia":[{"embeddable":true,"href":"http:\/\/lechappeeclose.it\/it\/wp-json\/wp\/v2\/media\/4830"}],"wp:attachment":[{"href":"http:\/\/lechappeeclose.it\/it\/wp-json\/wp\/v2\/media?parent=4831"}],"wp:term":[{"taxonomy":"product_brand","embeddable":true,"href":"http:\/\/lechappeeclose.it\/it\/wp-json\/wp\/v2\/product_brand?post=4831"},{"taxonomy":"product_cat","embeddable":true,"href":"http:\/\/lechappeeclose.it\/it\/wp-json\/wp\/v2\/product_cat?post=4831"},{"taxonomy":"product_tag","embeddable":true,"href":"http:\/\/lechappeeclose.it\/it\/wp-json\/wp\/v2\/product_tag?post=4831"}],"curies":[{"name":"wp","href":"https:\/\/api.w.org\/{rel}","templated":true}]}}