{"id":4827,"date":"2025-02-04T12:42:58","date_gmt":"2025-02-04T11:42:58","guid":{"rendered":"https:\/\/lechappeeclose.it\/produit\/en-silence\/"},"modified":"2025-02-04T12:42:58","modified_gmt":"2025-02-04T11:42:58","slug":"en-silence","status":"publish","type":"product","link":"http:\/\/lechappeeclose.it\/it\/boutique\/livres\/litterature\/romans\/en-silence\/","title":{"rendered":"En silence"},"content":{"rendered":"<p>Chronique d\u2019une famille dans la province du d\u00e9but de ce si\u00e8cle, En silence \u00e9voque une \u00e9poque qui pour des millions de gens fut d\u2019abord celle d\u2019un exil : des paysans croient trouver un avenir meilleur \u00e0 la ville, et se voient d\u00e8s lors contraints \u00e0 l\u2019errance des \u00e2mes en peine. Edgar a vendu la pauvre ferme que les siens tenaient au hameau des Doisnons, dans les monts de la Madeleine, et part s\u2019installer \u00e0 Roanne en compagnie de sa femme Ad\u00e9la\u00efde et de ses deux filles, Marie et Anne. Mais la ville est un lieu \u00e9trange, o\u00f9 le plaisir s\u2019ach\u00e8te \u2013 et s\u2019\u00e9chappe \u2013, o\u00f9 la terre n\u2019est plus l\u00e0 pour vous prot\u00e9ger de son autorit\u00e9. Edgar n\u2019y r\u00e9sistera pas longtemps. Il laisse apr\u00e8s lui trois femmes qui tenteront, avec des fortunes diverses, de s\u2019inventer chacune un nouveau monde o\u00f9 vivre&#8230; Toutes les trois demeurent hant\u00e9es par le sentiment d\u2019une perte \u00e0 combler : Ad\u00e9la\u00efde, impuissante \u00e0 saisir la vie, se mure dans la r\u00e9clusion ; Marie, qui incarne la norme (\u00e9go\u00efsme et ambition m\u00eal\u00e9s), offrira bient\u00f4t l\u2019image de ce qu\u2019on appelle un peu vite une r\u00e9ussite ; Anne, quant \u00e0 elle, gardienne des anciennes sauvageries, refusera d\u2019abandonner les libres chemins dussent-ils conduire au pire. Trois personnages condamn\u00e9s \u00e0 vivre hors de soi \u00e0 qui ne restent plus que le d\u00e9sir \u00e9perdu de se trouver \u2013 ou la ferveur de se perdre. Tout en eux est sans retour. Port\u00e9s par le souvenir d\u2019un pass\u00e9 dont ils se savent exclus, ils sont \u00e0 la merci des caprices et des renoncements de leur propre m\u00e9moire. Vou\u00e9s par elle \u00e0 n\u2019\u00eatre plus, bien avant l\u2019heure de la fin, que vide et silence. Un silence assourdissant, r\u00e9sonnant des mille questions que nous ne parvenons pas \u00e0 formuler.\u00c9diteur du domaine \u00e9tranger chez Ph\u00e9bus depuis 2000, Daniel Arsand a notamment \u00e9t\u00e9 le \u00ab passeur \u00bb d\u2019auteurs aujourd\u2019hui consid\u00e9r\u00e9s comme incontournables : William Trevor, Keith Ridgway, Joseph O\u2019Connor, Edward Carey et bien-s\u00fbr d\u2019Elif Shafak et de Julie Otsuka. Son premier roman, La Province des T\u00e9n\u00e8bres, obtient en 1998 le prix Femina du premier roman, en 2000 il re\u00e7oit le Grand Prix Jean Giono du deuxi\u00e8me roman pour En Silence (Ph\u00e9bus) et le Prix Chapitre du roman europ\u00e9en 2011 pour Un certain mois d&#8217;avril \u00e0 Adana (Flammarion). Ses livres sont traduits dans une dizaine de pays dont les \u00c9tats-Unis.<\/p>","protected":false},"excerpt":{"rendered":"<p>Chronique d\u2019une famille dans la province du d\u00e9but de ce si\u00e8cle, En silence \u00e9voque une \u00e9poque qui pour des millions de gens fut d\u2019abord celle d\u2019un exil : des paysans croient trouver un avenir meilleur \u00e0 la ville, et se voient d\u00e8s lors contraints \u00e0 l\u2019errance des \u00e2mes en peine. Edgar a vendu la pauvre [&hellip;]<\/p>","protected":false},"featured_media":4826,"comment_status":"open","ping_status":"closed","template":"","meta":[],"product_brand":[],"product_cat":[46],"product_tag":[],"class_list":{"0":"post-4827","1":"product","2":"type-product","3":"status-publish","4":"has-post-thumbnail","6":"product_cat-romans","8":"first","9":"instock","10":"taxable","11":"shipping-taxable","12":"purchasable","13":"product-type-simple"},"yoast_head":"<!-- This site is optimized with the Yoast SEO plugin v27.4 - https:\/\/yoast.com\/product\/yoast-seo-wordpress\/ -->\n<title>En silence - l&#039;\u00e9chapp\u00e9e close<\/title>\n<meta name=\"robots\" content=\"index, follow, max-snippet:-1, max-image-preview:large, max-video-preview:-1\" \/>\n<link rel=\"canonical\" href=\"https:\/\/lechappeeclose.it\/it\/boutique\/livres\/litterature\/romans\/en-silence\/\" \/>\n<meta property=\"og:locale\" content=\"it_IT\" \/>\n<meta property=\"og:type\" content=\"article\" \/>\n<meta property=\"og:title\" content=\"En silence - l&#039;\u00e9chapp\u00e9e close\" \/>\n<meta property=\"og:description\" content=\"Chronique d\u2019une famille dans la province du d\u00e9but de ce si\u00e8cle, En silence \u00e9voque une \u00e9poque qui pour des millions de gens fut d\u2019abord celle d\u2019un exil : des paysans croient trouver un avenir meilleur \u00e0 la ville, et se voient d\u00e8s lors contraints \u00e0 l\u2019errance des \u00e2mes en peine. Edgar a vendu la pauvre [&hellip;]\" \/>\n<meta property=\"og:url\" content=\"https:\/\/lechappeeclose.it\/it\/boutique\/livres\/litterature\/romans\/en-silence\/\" \/>\n<meta property=\"og:site_name\" content=\"l&#039;\u00e9chapp\u00e9e close\" \/>\n<meta property=\"og:image\" content=\"https:\/\/lechappeeclose.it\/wp-content\/uploads\/2025\/02\/En-silence.jpg\" \/>\n\t<meta property=\"og:image:width\" content=\"305\" \/>\n\t<meta property=\"og:image:height\" content=\"475\" \/>\n\t<meta property=\"og:image:type\" content=\"image\/jpeg\" \/>\n<meta name=\"twitter:card\" content=\"summary_large_image\" \/>\n<meta name=\"twitter:label1\" content=\"Tempo di lettura stimato\" \/>\n\t<meta name=\"twitter:data1\" content=\"2 minuti\" \/>\n<script type=\"application\/ld+json\" class=\"yoast-schema-graph\">{\"@context\":\"https:\\\/\\\/schema.org\",\"@graph\":[{\"@type\":\"WebPage\",\"@id\":\"https:\\\/\\\/lechappeeclose.it\\\/boutique\\\/livres\\\/litterature\\\/romans\\\/en-silence\\\/\",\"url\":\"https:\\\/\\\/lechappeeclose.it\\\/boutique\\\/livres\\\/litterature\\\/romans\\\/en-silence\\\/\",\"name\":\"En silence - l&#039;\u00e9chapp\u00e9e close\",\"isPartOf\":{\"@id\":\"http:\\\/\\\/lechappeeclose.it\\\/#website\"},\"primaryImageOfPage\":{\"@id\":\"https:\\\/\\\/lechappeeclose.it\\\/boutique\\\/livres\\\/litterature\\\/romans\\\/en-silence\\\/#primaryimage\"},\"image\":{\"@id\":\"https:\\\/\\\/lechappeeclose.it\\\/boutique\\\/livres\\\/litterature\\\/romans\\\/en-silence\\\/#primaryimage\"},\"thumbnailUrl\":\"http:\\\/\\\/lechappeeclose.it\\\/wp-content\\\/uploads\\\/2025\\\/02\\\/En-silence.jpg\",\"datePublished\":\"2025-02-04T11:42:58+00:00\",\"breadcrumb\":{\"@id\":\"https:\\\/\\\/lechappeeclose.it\\\/boutique\\\/livres\\\/litterature\\\/romans\\\/en-silence\\\/#breadcrumb\"},\"inLanguage\":\"it-IT\",\"potentialAction\":[{\"@type\":\"ReadAction\",\"target\":[\"https:\\\/\\\/lechappeeclose.it\\\/boutique\\\/livres\\\/litterature\\\/romans\\\/en-silence\\\/\"]}]},{\"@type\":\"ImageObject\",\"inLanguage\":\"it-IT\",\"@id\":\"https:\\\/\\\/lechappeeclose.it\\\/boutique\\\/livres\\\/litterature\\\/romans\\\/en-silence\\\/#primaryimage\",\"url\":\"http:\\\/\\\/lechappeeclose.it\\\/wp-content\\\/uploads\\\/2025\\\/02\\\/En-silence.jpg\",\"contentUrl\":\"http:\\\/\\\/lechappeeclose.it\\\/wp-content\\\/uploads\\\/2025\\\/02\\\/En-silence.jpg\",\"width\":305,\"height\":475},{\"@type\":\"BreadcrumbList\",\"@id\":\"https:\\\/\\\/lechappeeclose.it\\\/boutique\\\/livres\\\/litterature\\\/romans\\\/en-silence\\\/#breadcrumb\",\"itemListElement\":[{\"@type\":\"ListItem\",\"position\":1,\"name\":\"Accueil\",\"item\":\"http:\\\/\\\/lechappeeclose.it\\\/\"},{\"@type\":\"ListItem\",\"position\":2,\"name\":\"Boutique\",\"item\":\"http:\\\/\\\/lechappeeclose.it\\\/boutique\\\/\"},{\"@type\":\"ListItem\",\"position\":3,\"name\":\"En silence\"}]},{\"@type\":\"WebSite\",\"@id\":\"http:\\\/\\\/lechappeeclose.it\\\/#website\",\"url\":\"http:\\\/\\\/lechappeeclose.it\\\/\",\"name\":\"l&#039;\u00e9chapp\u00e9e close\",\"description\":\"la librairie fran\u00e7aise de Milan\",\"publisher\":{\"@id\":\"http:\\\/\\\/lechappeeclose.it\\\/#organization\"},\"alternateName\":\"La librairie fran\u00e7aise de Milan\",\"potentialAction\":[{\"@type\":\"SearchAction\",\"target\":{\"@type\":\"EntryPoint\",\"urlTemplate\":\"http:\\\/\\\/lechappeeclose.it\\\/?s={search_term_string}\"},\"query-input\":{\"@type\":\"PropertyValueSpecification\",\"valueRequired\":true,\"valueName\":\"search_term_string\"}}],\"inLanguage\":\"it-IT\"},{\"@type\":\"Organization\",\"@id\":\"http:\\\/\\\/lechappeeclose.it\\\/#organization\",\"name\":\"l&#039;\u00e9chapp\u00e9e close\",\"url\":\"http:\\\/\\\/lechappeeclose.it\\\/\",\"logo\":{\"@type\":\"ImageObject\",\"inLanguage\":\"it-IT\",\"@id\":\"http:\\\/\\\/lechappeeclose.it\\\/#\\\/schema\\\/logo\\\/image\\\/\",\"url\":\"http:\\\/\\\/lechappeeclose.it\\\/wp-content\\\/uploads\\\/2025\\\/02\\\/cropped-logo-rond.png\",\"contentUrl\":\"http:\\\/\\\/lechappeeclose.it\\\/wp-content\\\/uploads\\\/2025\\\/02\\\/cropped-logo-rond.png\",\"width\":1080,\"height\":1080,\"caption\":\"l&#039;\u00e9chapp\u00e9e close\"},\"image\":{\"@id\":\"http:\\\/\\\/lechappeeclose.it\\\/#\\\/schema\\\/logo\\\/image\\\/\"},\"sameAs\":[\"https:\\\/\\\/www.instagram.com\\\/lechappeeclose\\\/\"]}]}<\/script>\n<!-- \/ Yoast SEO plugin. -->","yoast_head_json":{"title":"En silence - l&#039;\u00e9chapp\u00e9e close","robots":{"index":"index","follow":"follow","max-snippet":"max-snippet:-1","max-image-preview":"max-image-preview:large","max-video-preview":"max-video-preview:-1"},"canonical":"https:\/\/lechappeeclose.it\/it\/boutique\/livres\/litterature\/romans\/en-silence\/","og_locale":"it_IT","og_type":"article","og_title":"En silence - l&#039;\u00e9chapp\u00e9e close","og_description":"Chronique d\u2019une famille dans la province du d\u00e9but de ce si\u00e8cle, En silence \u00e9voque une \u00e9poque qui pour des millions de gens fut d\u2019abord celle d\u2019un exil : des paysans croient trouver un avenir meilleur \u00e0 la ville, et se voient d\u00e8s lors contraints \u00e0 l\u2019errance des \u00e2mes en peine. Edgar a vendu la pauvre [&hellip;]","og_url":"https:\/\/lechappeeclose.it\/it\/boutique\/livres\/litterature\/romans\/en-silence\/","og_site_name":"l&#039;\u00e9chapp\u00e9e close","og_image":[{"width":305,"height":475,"url":"https:\/\/lechappeeclose.it\/wp-content\/uploads\/2025\/02\/En-silence.jpg","type":"image\/jpeg"}],"twitter_card":"summary_large_image","twitter_misc":{"Tempo di lettura stimato":"2 minuti"},"schema":{"@context":"https:\/\/schema.org","@graph":[{"@type":"WebPage","@id":"https:\/\/lechappeeclose.it\/boutique\/livres\/litterature\/romans\/en-silence\/","url":"https:\/\/lechappeeclose.it\/boutique\/livres\/litterature\/romans\/en-silence\/","name":"En silence - l&#039;\u00e9chapp\u00e9e close","isPartOf":{"@id":"http:\/\/lechappeeclose.it\/#website"},"primaryImageOfPage":{"@id":"https:\/\/lechappeeclose.it\/boutique\/livres\/litterature\/romans\/en-silence\/#primaryimage"},"image":{"@id":"https:\/\/lechappeeclose.it\/boutique\/livres\/litterature\/romans\/en-silence\/#primaryimage"},"thumbnailUrl":"http:\/\/lechappeeclose.it\/wp-content\/uploads\/2025\/02\/En-silence.jpg","datePublished":"2025-02-04T11:42:58+00:00","breadcrumb":{"@id":"https:\/\/lechappeeclose.it\/boutique\/livres\/litterature\/romans\/en-silence\/#breadcrumb"},"inLanguage":"it-IT","potentialAction":[{"@type":"ReadAction","target":["https:\/\/lechappeeclose.it\/boutique\/livres\/litterature\/romans\/en-silence\/"]}]},{"@type":"ImageObject","inLanguage":"it-IT","@id":"https:\/\/lechappeeclose.it\/boutique\/livres\/litterature\/romans\/en-silence\/#primaryimage","url":"http:\/\/lechappeeclose.it\/wp-content\/uploads\/2025\/02\/En-silence.jpg","contentUrl":"http:\/\/lechappeeclose.it\/wp-content\/uploads\/2025\/02\/En-silence.jpg","width":305,"height":475},{"@type":"BreadcrumbList","@id":"https:\/\/lechappeeclose.it\/boutique\/livres\/litterature\/romans\/en-silence\/#breadcrumb","itemListElement":[{"@type":"ListItem","position":1,"name":"Accueil","item":"http:\/\/lechappeeclose.it\/"},{"@type":"ListItem","position":2,"name":"Boutique","item":"http:\/\/lechappeeclose.it\/boutique\/"},{"@type":"ListItem","position":3,"name":"En silence"}]},{"@type":"WebSite","@id":"http:\/\/lechappeeclose.it\/#website","url":"http:\/\/lechappeeclose.it\/","name":"l&#039;\u00e9chapp\u00e9e close","description":"La libreria francese di Milano","publisher":{"@id":"http:\/\/lechappeeclose.it\/#organization"},"alternateName":"La librairie fran\u00e7aise de Milan","potentialAction":[{"@type":"SearchAction","target":{"@type":"EntryPoint","urlTemplate":"http:\/\/lechappeeclose.it\/?s={search_term_string}"},"query-input":{"@type":"PropertyValueSpecification","valueRequired":true,"valueName":"search_term_string"}}],"inLanguage":"it-IT"},{"@type":"Organization","@id":"http:\/\/lechappeeclose.it\/#organization","name":"l&#039;\u00e9chapp\u00e9e close","url":"http:\/\/lechappeeclose.it\/","logo":{"@type":"ImageObject","inLanguage":"it-IT","@id":"http:\/\/lechappeeclose.it\/#\/schema\/logo\/image\/","url":"http:\/\/lechappeeclose.it\/wp-content\/uploads\/2025\/02\/cropped-logo-rond.png","contentUrl":"http:\/\/lechappeeclose.it\/wp-content\/uploads\/2025\/02\/cropped-logo-rond.png","width":1080,"height":1080,"caption":"l&#039;\u00e9chapp\u00e9e close"},"image":{"@id":"http:\/\/lechappeeclose.it\/#\/schema\/logo\/image\/"},"sameAs":["https:\/\/www.instagram.com\/lechappeeclose\/"]}]}},"_links":{"self":[{"href":"http:\/\/lechappeeclose.it\/it\/wp-json\/wp\/v2\/product\/4827","targetHints":{"allow":["GET"]}}],"collection":[{"href":"http:\/\/lechappeeclose.it\/it\/wp-json\/wp\/v2\/product"}],"about":[{"href":"http:\/\/lechappeeclose.it\/it\/wp-json\/wp\/v2\/types\/product"}],"replies":[{"embeddable":true,"href":"http:\/\/lechappeeclose.it\/it\/wp-json\/wp\/v2\/comments?post=4827"}],"wp:featuredmedia":[{"embeddable":true,"href":"http:\/\/lechappeeclose.it\/it\/wp-json\/wp\/v2\/media\/4826"}],"wp:attachment":[{"href":"http:\/\/lechappeeclose.it\/it\/wp-json\/wp\/v2\/media?parent=4827"}],"wp:term":[{"taxonomy":"product_brand","embeddable":true,"href":"http:\/\/lechappeeclose.it\/it\/wp-json\/wp\/v2\/product_brand?post=4827"},{"taxonomy":"product_cat","embeddable":true,"href":"http:\/\/lechappeeclose.it\/it\/wp-json\/wp\/v2\/product_cat?post=4827"},{"taxonomy":"product_tag","embeddable":true,"href":"http:\/\/lechappeeclose.it\/it\/wp-json\/wp\/v2\/product_tag?post=4827"}],"curies":[{"name":"wp","href":"https:\/\/api.w.org\/{rel}","templated":true}]}}