{"id":4811,"date":"2025-02-04T12:39:07","date_gmt":"2025-02-04T11:39:07","guid":{"rendered":"https:\/\/lechappeeclose.it\/produit\/il-y-a-un-seul-amour\/"},"modified":"2025-02-04T12:39:07","modified_gmt":"2025-02-04T11:39:07","slug":"il-y-a-un-seul-amour","status":"publish","type":"product","link":"http:\/\/lechappeeclose.it\/it\/boutique\/livres\/litterature\/romans\/il-y-a-un-seul-amour\/","title":{"rendered":"Il y a un seul amour"},"content":{"rendered":"<p>Il y a un seul amour.Ou plut\u00f4t, n&#8217;y a-t-il qu&#8217;un seul amour ? Parle-t-on du m\u00eame amour pour une \u0153uvre ou pour l\u2019\u00eatre aim\u00e9 ? Qu\u2019en est-il de notre amour ? semble adresser Amigorena \u00e0 celle qu\u2019il aime et qui ne sera pas aupr\u00e8s de lui cette nuit. N\u2019a-t-il pas d\u00e9j\u00e0 \u00e9crit tout au long de sa vie sur des mus\u00e9es, des expositions, des peintures ? Oui, cette promenade nocturne au mus\u00e9e Picasso sera donc une tentative de s\u2019extraire de l\u2019amour, de prendre la distance n\u00e9cessaire pour tenter d\u2019y mettre des mots.Justement les mots, il les d\u00e9pose, les juxtapose et joue avec. Au c\u0153ur du mus\u00e9e endormi, les interrogations deviennent des affirmations, les affirmations des interrogations. Tenant r\u00e9solument le fil de l\u2019amour, Amigorena attend, dans le sommeil et les r\u00eaves, que les \u0153uvres le guident et lui apportent quelques r\u00e9ponses. Dans cette nuit de solitude forc\u00e9e, o\u00f9 s\u2019invitent Picasso, Giacometti ou encore Vermeer et Bataille, il explore avec pudeur et profondeur le sentiment amoureux, l\u2019\u00e9criture, les \u0153uvres, et ce qui inextricablement les lie.<\/p>","protected":false},"excerpt":{"rendered":"<p>Il y a un seul amour.Ou plut\u00f4t, n&#8217;y a-t-il qu&#8217;un seul amour ? Parle-t-on du m\u00eame amour pour une \u0153uvre ou pour l\u2019\u00eatre aim\u00e9 ? Qu\u2019en est-il de notre amour ? semble adresser Amigorena \u00e0 celle qu\u2019il aime et qui ne sera pas aupr\u00e8s de lui cette nuit. N\u2019a-t-il pas d\u00e9j\u00e0 \u00e9crit tout au long [&hellip;]<\/p>","protected":false},"featured_media":4810,"comment_status":"open","ping_status":"closed","template":"","meta":[],"product_brand":[],"product_cat":[46],"product_tag":[],"class_list":{"0":"post-4811","1":"product","2":"type-product","3":"status-publish","4":"has-post-thumbnail","6":"product_cat-romans","8":"first","9":"instock","10":"taxable","11":"shipping-taxable","12":"purchasable","13":"product-type-simple"},"yoast_head":"<!-- This site is optimized with the Yoast SEO plugin v27.4 - https:\/\/yoast.com\/product\/yoast-seo-wordpress\/ -->\n<title>Il y a un seul amour - l&#039;\u00e9chapp\u00e9e close<\/title>\n<meta name=\"robots\" content=\"index, follow, max-snippet:-1, max-image-preview:large, max-video-preview:-1\" \/>\n<link rel=\"canonical\" href=\"http:\/\/lechappeeclose.it\/it\/boutique\/livres\/litterature\/romans\/il-y-a-un-seul-amour\/\" \/>\n<meta property=\"og:locale\" content=\"it_IT\" \/>\n<meta property=\"og:type\" content=\"article\" \/>\n<meta property=\"og:title\" content=\"Il y a un seul amour - l&#039;\u00e9chapp\u00e9e close\" \/>\n<meta property=\"og:description\" content=\"Il y a un seul amour.Ou plut\u00f4t, n&#8217;y a-t-il qu&#8217;un seul amour ? Parle-t-on du m\u00eame amour pour une \u0153uvre ou pour l\u2019\u00eatre aim\u00e9 ? Qu\u2019en est-il de notre amour ? semble adresser Amigorena \u00e0 celle qu\u2019il aime et qui ne sera pas aupr\u00e8s de lui cette nuit. N\u2019a-t-il pas d\u00e9j\u00e0 \u00e9crit tout au long [&hellip;]\" \/>\n<meta property=\"og:url\" content=\"http:\/\/lechappeeclose.it\/it\/boutique\/livres\/litterature\/romans\/il-y-a-un-seul-amour\/\" \/>\n<meta property=\"og:site_name\" content=\"l&#039;\u00e9chapp\u00e9e close\" \/>\n<meta property=\"og:image\" content=\"http:\/\/lechappeeclose.it\/wp-content\/uploads\/2025\/02\/Il-y-a-un-seul-amour.jpg\" \/>\n\t<meta property=\"og:image:width\" content=\"600\" \/>\n\t<meta property=\"og:image:height\" content=\"917\" \/>\n\t<meta property=\"og:image:type\" content=\"image\/jpeg\" \/>\n<meta name=\"twitter:card\" content=\"summary_large_image\" \/>\n<meta name=\"twitter:label1\" content=\"Tempo di lettura stimato\" \/>\n\t<meta name=\"twitter:data1\" content=\"1 minuto\" \/>\n<script type=\"application\/ld+json\" class=\"yoast-schema-graph\">{\"@context\":\"https:\\\/\\\/schema.org\",\"@graph\":[{\"@type\":\"WebPage\",\"@id\":\"http:\\\/\\\/lechappeeclose.it\\\/it\\\/boutique\\\/livres\\\/litterature\\\/romans\\\/il-y-a-un-seul-amour\\\/\",\"url\":\"http:\\\/\\\/lechappeeclose.it\\\/it\\\/boutique\\\/livres\\\/litterature\\\/romans\\\/il-y-a-un-seul-amour\\\/\",\"name\":\"Il y a un seul amour - l&#039;\u00e9chapp\u00e9e close\",\"isPartOf\":{\"@id\":\"http:\\\/\\\/lechappeeclose.it\\\/#website\"},\"primaryImageOfPage\":{\"@id\":\"http:\\\/\\\/lechappeeclose.it\\\/it\\\/boutique\\\/livres\\\/litterature\\\/romans\\\/il-y-a-un-seul-amour\\\/#primaryimage\"},\"image\":{\"@id\":\"http:\\\/\\\/lechappeeclose.it\\\/it\\\/boutique\\\/livres\\\/litterature\\\/romans\\\/il-y-a-un-seul-amour\\\/#primaryimage\"},\"thumbnailUrl\":\"http:\\\/\\\/lechappeeclose.it\\\/wp-content\\\/uploads\\\/2025\\\/02\\\/Il-y-a-un-seul-amour.jpg\",\"datePublished\":\"2025-02-04T11:39:07+00:00\",\"breadcrumb\":{\"@id\":\"http:\\\/\\\/lechappeeclose.it\\\/it\\\/boutique\\\/livres\\\/litterature\\\/romans\\\/il-y-a-un-seul-amour\\\/#breadcrumb\"},\"inLanguage\":\"it-IT\",\"potentialAction\":[{\"@type\":\"ReadAction\",\"target\":[\"http:\\\/\\\/lechappeeclose.it\\\/it\\\/boutique\\\/livres\\\/litterature\\\/romans\\\/il-y-a-un-seul-amour\\\/\"]}]},{\"@type\":\"ImageObject\",\"inLanguage\":\"it-IT\",\"@id\":\"http:\\\/\\\/lechappeeclose.it\\\/it\\\/boutique\\\/livres\\\/litterature\\\/romans\\\/il-y-a-un-seul-amour\\\/#primaryimage\",\"url\":\"http:\\\/\\\/lechappeeclose.it\\\/wp-content\\\/uploads\\\/2025\\\/02\\\/Il-y-a-un-seul-amour.jpg\",\"contentUrl\":\"http:\\\/\\\/lechappeeclose.it\\\/wp-content\\\/uploads\\\/2025\\\/02\\\/Il-y-a-un-seul-amour.jpg\",\"width\":600,\"height\":917},{\"@type\":\"BreadcrumbList\",\"@id\":\"http:\\\/\\\/lechappeeclose.it\\\/it\\\/boutique\\\/livres\\\/litterature\\\/romans\\\/il-y-a-un-seul-amour\\\/#breadcrumb\",\"itemListElement\":[{\"@type\":\"ListItem\",\"position\":1,\"name\":\"Accueil\",\"item\":\"http:\\\/\\\/lechappeeclose.it\\\/\"},{\"@type\":\"ListItem\",\"position\":2,\"name\":\"Boutique\",\"item\":\"http:\\\/\\\/lechappeeclose.it\\\/it\\\/boutique\\\/\"},{\"@type\":\"ListItem\",\"position\":3,\"name\":\"Il y a un seul amour\"}]},{\"@type\":\"WebSite\",\"@id\":\"http:\\\/\\\/lechappeeclose.it\\\/#website\",\"url\":\"http:\\\/\\\/lechappeeclose.it\\\/\",\"name\":\"l&#039;\u00e9chapp\u00e9e close\",\"description\":\"la librairie fran\u00e7aise de Milan\",\"publisher\":{\"@id\":\"http:\\\/\\\/lechappeeclose.it\\\/#organization\"},\"alternateName\":\"La librairie fran\u00e7aise de Milan\",\"potentialAction\":[{\"@type\":\"SearchAction\",\"target\":{\"@type\":\"EntryPoint\",\"urlTemplate\":\"http:\\\/\\\/lechappeeclose.it\\\/?s={search_term_string}\"},\"query-input\":{\"@type\":\"PropertyValueSpecification\",\"valueRequired\":true,\"valueName\":\"search_term_string\"}}],\"inLanguage\":\"it-IT\"},{\"@type\":\"Organization\",\"@id\":\"http:\\\/\\\/lechappeeclose.it\\\/#organization\",\"name\":\"l&#039;\u00e9chapp\u00e9e close\",\"url\":\"http:\\\/\\\/lechappeeclose.it\\\/\",\"logo\":{\"@type\":\"ImageObject\",\"inLanguage\":\"it-IT\",\"@id\":\"http:\\\/\\\/lechappeeclose.it\\\/#\\\/schema\\\/logo\\\/image\\\/\",\"url\":\"http:\\\/\\\/lechappeeclose.it\\\/wp-content\\\/uploads\\\/2025\\\/02\\\/cropped-logo-rond.png\",\"contentUrl\":\"http:\\\/\\\/lechappeeclose.it\\\/wp-content\\\/uploads\\\/2025\\\/02\\\/cropped-logo-rond.png\",\"width\":1080,\"height\":1080,\"caption\":\"l&#039;\u00e9chapp\u00e9e close\"},\"image\":{\"@id\":\"http:\\\/\\\/lechappeeclose.it\\\/#\\\/schema\\\/logo\\\/image\\\/\"},\"sameAs\":[\"https:\\\/\\\/www.instagram.com\\\/lechappeeclose\\\/\"]}]}<\/script>\n<!-- \/ Yoast SEO plugin. -->","yoast_head_json":{"title":"Il y a un seul amour - l&#039;\u00e9chapp\u00e9e close","robots":{"index":"index","follow":"follow","max-snippet":"max-snippet:-1","max-image-preview":"max-image-preview:large","max-video-preview":"max-video-preview:-1"},"canonical":"http:\/\/lechappeeclose.it\/it\/boutique\/livres\/litterature\/romans\/il-y-a-un-seul-amour\/","og_locale":"it_IT","og_type":"article","og_title":"Il y a un seul amour - l&#039;\u00e9chapp\u00e9e close","og_description":"Il y a un seul amour.Ou plut\u00f4t, n&#8217;y a-t-il qu&#8217;un seul amour ? Parle-t-on du m\u00eame amour pour une \u0153uvre ou pour l\u2019\u00eatre aim\u00e9 ? Qu\u2019en est-il de notre amour ? semble adresser Amigorena \u00e0 celle qu\u2019il aime et qui ne sera pas aupr\u00e8s de lui cette nuit. N\u2019a-t-il pas d\u00e9j\u00e0 \u00e9crit tout au long [&hellip;]","og_url":"http:\/\/lechappeeclose.it\/it\/boutique\/livres\/litterature\/romans\/il-y-a-un-seul-amour\/","og_site_name":"l&#039;\u00e9chapp\u00e9e close","og_image":[{"width":600,"height":917,"url":"http:\/\/lechappeeclose.it\/wp-content\/uploads\/2025\/02\/Il-y-a-un-seul-amour.jpg","type":"image\/jpeg"}],"twitter_card":"summary_large_image","twitter_misc":{"Tempo di lettura stimato":"1 minuto"},"schema":{"@context":"https:\/\/schema.org","@graph":[{"@type":"WebPage","@id":"http:\/\/lechappeeclose.it\/it\/boutique\/livres\/litterature\/romans\/il-y-a-un-seul-amour\/","url":"http:\/\/lechappeeclose.it\/it\/boutique\/livres\/litterature\/romans\/il-y-a-un-seul-amour\/","name":"Il y a un seul amour - l&#039;\u00e9chapp\u00e9e close","isPartOf":{"@id":"http:\/\/lechappeeclose.it\/#website"},"primaryImageOfPage":{"@id":"http:\/\/lechappeeclose.it\/it\/boutique\/livres\/litterature\/romans\/il-y-a-un-seul-amour\/#primaryimage"},"image":{"@id":"http:\/\/lechappeeclose.it\/it\/boutique\/livres\/litterature\/romans\/il-y-a-un-seul-amour\/#primaryimage"},"thumbnailUrl":"http:\/\/lechappeeclose.it\/wp-content\/uploads\/2025\/02\/Il-y-a-un-seul-amour.jpg","datePublished":"2025-02-04T11:39:07+00:00","breadcrumb":{"@id":"http:\/\/lechappeeclose.it\/it\/boutique\/livres\/litterature\/romans\/il-y-a-un-seul-amour\/#breadcrumb"},"inLanguage":"it-IT","potentialAction":[{"@type":"ReadAction","target":["http:\/\/lechappeeclose.it\/it\/boutique\/livres\/litterature\/romans\/il-y-a-un-seul-amour\/"]}]},{"@type":"ImageObject","inLanguage":"it-IT","@id":"http:\/\/lechappeeclose.it\/it\/boutique\/livres\/litterature\/romans\/il-y-a-un-seul-amour\/#primaryimage","url":"http:\/\/lechappeeclose.it\/wp-content\/uploads\/2025\/02\/Il-y-a-un-seul-amour.jpg","contentUrl":"http:\/\/lechappeeclose.it\/wp-content\/uploads\/2025\/02\/Il-y-a-un-seul-amour.jpg","width":600,"height":917},{"@type":"BreadcrumbList","@id":"http:\/\/lechappeeclose.it\/it\/boutique\/livres\/litterature\/romans\/il-y-a-un-seul-amour\/#breadcrumb","itemListElement":[{"@type":"ListItem","position":1,"name":"Accueil","item":"http:\/\/lechappeeclose.it\/"},{"@type":"ListItem","position":2,"name":"Boutique","item":"http:\/\/lechappeeclose.it\/it\/boutique\/"},{"@type":"ListItem","position":3,"name":"Il y a un seul amour"}]},{"@type":"WebSite","@id":"http:\/\/lechappeeclose.it\/#website","url":"http:\/\/lechappeeclose.it\/","name":"l&#039;\u00e9chapp\u00e9e close","description":"La libreria francese di Milano","publisher":{"@id":"http:\/\/lechappeeclose.it\/#organization"},"alternateName":"La librairie fran\u00e7aise de Milan","potentialAction":[{"@type":"SearchAction","target":{"@type":"EntryPoint","urlTemplate":"http:\/\/lechappeeclose.it\/?s={search_term_string}"},"query-input":{"@type":"PropertyValueSpecification","valueRequired":true,"valueName":"search_term_string"}}],"inLanguage":"it-IT"},{"@type":"Organization","@id":"http:\/\/lechappeeclose.it\/#organization","name":"l&#039;\u00e9chapp\u00e9e close","url":"http:\/\/lechappeeclose.it\/","logo":{"@type":"ImageObject","inLanguage":"it-IT","@id":"http:\/\/lechappeeclose.it\/#\/schema\/logo\/image\/","url":"http:\/\/lechappeeclose.it\/wp-content\/uploads\/2025\/02\/cropped-logo-rond.png","contentUrl":"http:\/\/lechappeeclose.it\/wp-content\/uploads\/2025\/02\/cropped-logo-rond.png","width":1080,"height":1080,"caption":"l&#039;\u00e9chapp\u00e9e close"},"image":{"@id":"http:\/\/lechappeeclose.it\/#\/schema\/logo\/image\/"},"sameAs":["https:\/\/www.instagram.com\/lechappeeclose\/"]}]}},"_links":{"self":[{"href":"http:\/\/lechappeeclose.it\/it\/wp-json\/wp\/v2\/product\/4811","targetHints":{"allow":["GET"]}}],"collection":[{"href":"http:\/\/lechappeeclose.it\/it\/wp-json\/wp\/v2\/product"}],"about":[{"href":"http:\/\/lechappeeclose.it\/it\/wp-json\/wp\/v2\/types\/product"}],"replies":[{"embeddable":true,"href":"http:\/\/lechappeeclose.it\/it\/wp-json\/wp\/v2\/comments?post=4811"}],"wp:featuredmedia":[{"embeddable":true,"href":"http:\/\/lechappeeclose.it\/it\/wp-json\/wp\/v2\/media\/4810"}],"wp:attachment":[{"href":"http:\/\/lechappeeclose.it\/it\/wp-json\/wp\/v2\/media?parent=4811"}],"wp:term":[{"taxonomy":"product_brand","embeddable":true,"href":"http:\/\/lechappeeclose.it\/it\/wp-json\/wp\/v2\/product_brand?post=4811"},{"taxonomy":"product_cat","embeddable":true,"href":"http:\/\/lechappeeclose.it\/it\/wp-json\/wp\/v2\/product_cat?post=4811"},{"taxonomy":"product_tag","embeddable":true,"href":"http:\/\/lechappeeclose.it\/it\/wp-json\/wp\/v2\/product_tag?post=4811"}],"curies":[{"name":"wp","href":"https:\/\/api.w.org\/{rel}","templated":true}]}}