{"id":4805,"date":"2025-02-04T12:38:01","date_gmt":"2025-02-04T11:38:01","guid":{"rendered":"https:\/\/lechappeeclose.it\/produit\/les-impatientes\/"},"modified":"2025-10-24T16:18:50","modified_gmt":"2025-10-24T14:18:50","slug":"les-impatientes","status":"publish","type":"product","link":"http:\/\/lechappeeclose.it\/it\/boutique\/livres\/litterature\/romans\/les-impatientes\/","title":{"rendered":"Les Impatientes"},"content":{"rendered":"<p>Ramla, Hindou et Safira. Trois femmes, trois histoires, trois destins li\u00e9s. Ce magnifique roman retrace le destin de Ramla, 17 ans, arrach\u00e9e \u00e0 son amour pour \u00eatre mari\u00e9e de force avec Alhadji Issa, un homme riche et d\u00e9j\u00e0 mari\u00e9. Hindou, sa s\u0153ur du m\u00eame \u00e2ge, est contrainte d\u2019\u00e9pouser Moubarak, son cousin, alcoolique, drogu\u00e9 et violent. Quant \u00e0 Safira, 35 ans, la premi\u00e8re \u00e9pouse d\u2019Alhadji Issa, elle voit d\u2019un tr\u00e8s mauvais \u0153il l\u2019arriv\u00e9e dans son foyer de la jeune Ramla, qu\u2019elle veut voir r\u00e9pudi\u00e9e. Pour les aider dans cette \u00e9tape importante et difficile de leur vie, leur entourage ne leur donne qu\u2019un seul et m\u00eame conseil : Patience !Mariage pr\u00e9coce forc\u00e9, viol conjugal, consensus et polygamie. Avec Les Impatientes, Amal brise les tabous en d\u00e9non\u00e7ant la condition de la femme dans le Sahel et nous livre un roman bouleversant sur la question universelle des violences faites aux femmes.<\/p>","protected":false},"excerpt":{"rendered":"<p>Ramla, Hindou et Safira. Trois femmes, trois histoires, trois destins li\u00e9s. Ce magnifique roman retrace le destin de Ramla, 17 ans, arrach\u00e9e \u00e0 son amour pour \u00eatre mari\u00e9e de force avec Alhadji Issa, un homme riche et d\u00e9j\u00e0 mari\u00e9. Hindou, sa s\u0153ur du m\u00eame \u00e2ge, est contrainte d\u2019\u00e9pouser Moubarak, son cousin, alcoolique, drogu\u00e9 et violent. [&hellip;]<\/p>","protected":false},"featured_media":4804,"comment_status":"open","ping_status":"closed","template":"","meta":[],"product_brand":[],"product_cat":[46],"product_tag":[],"class_list":{"0":"post-4805","1":"product","2":"type-product","3":"status-publish","4":"has-post-thumbnail","6":"product_cat-romans","8":"first","9":"instock","10":"taxable","11":"shipping-taxable","12":"purchasable","13":"product-type-simple"},"yoast_head":"<!-- This site is optimized with the Yoast SEO plugin v27.4 - https:\/\/yoast.com\/product\/yoast-seo-wordpress\/ -->\n<title>Les Impatientes - l&#039;\u00e9chapp\u00e9e close<\/title>\n<meta name=\"robots\" content=\"index, follow, max-snippet:-1, max-image-preview:large, max-video-preview:-1\" \/>\n<link rel=\"canonical\" href=\"http:\/\/lechappeeclose.it\/it\/boutique\/livres\/litterature\/romans\/les-impatientes\/\" \/>\n<meta property=\"og:locale\" content=\"it_IT\" \/>\n<meta property=\"og:type\" content=\"article\" \/>\n<meta property=\"og:title\" content=\"Les Impatientes - l&#039;\u00e9chapp\u00e9e close\" \/>\n<meta property=\"og:description\" content=\"Ramla, Hindou et Safira. Trois femmes, trois histoires, trois destins li\u00e9s. Ce magnifique roman retrace le destin de Ramla, 17 ans, arrach\u00e9e \u00e0 son amour pour \u00eatre mari\u00e9e de force avec Alhadji Issa, un homme riche et d\u00e9j\u00e0 mari\u00e9. Hindou, sa s\u0153ur du m\u00eame \u00e2ge, est contrainte d\u2019\u00e9pouser Moubarak, son cousin, alcoolique, drogu\u00e9 et violent. [&hellip;]\" \/>\n<meta property=\"og:url\" content=\"http:\/\/lechappeeclose.it\/it\/boutique\/livres\/litterature\/romans\/les-impatientes\/\" \/>\n<meta property=\"og:site_name\" content=\"l&#039;\u00e9chapp\u00e9e close\" \/>\n<meta property=\"article:modified_time\" content=\"2025-10-24T14:18:50+00:00\" \/>\n<meta property=\"og:image\" content=\"http:\/\/lechappeeclose.it\/wp-content\/uploads\/2025\/02\/Les-Impatientes.jpg\" \/>\n\t<meta property=\"og:image:width\" content=\"400\" \/>\n\t<meta property=\"og:image:height\" content=\"640\" \/>\n\t<meta property=\"og:image:type\" content=\"image\/jpeg\" \/>\n<meta name=\"twitter:card\" content=\"summary_large_image\" \/>\n<meta name=\"twitter:label1\" content=\"Tempo di lettura stimato\" \/>\n\t<meta name=\"twitter:data1\" content=\"1 minuto\" \/>\n<script type=\"application\/ld+json\" class=\"yoast-schema-graph\">{\"@context\":\"https:\\\/\\\/schema.org\",\"@graph\":[{\"@type\":\"WebPage\",\"@id\":\"http:\\\/\\\/lechappeeclose.it\\\/boutique\\\/livres\\\/litterature\\\/romans\\\/les-impatientes\\\/\",\"url\":\"http:\\\/\\\/lechappeeclose.it\\\/boutique\\\/livres\\\/litterature\\\/romans\\\/les-impatientes\\\/\",\"name\":\"Les Impatientes - l&#039;\u00e9chapp\u00e9e close\",\"isPartOf\":{\"@id\":\"http:\\\/\\\/lechappeeclose.it\\\/#website\"},\"primaryImageOfPage\":{\"@id\":\"http:\\\/\\\/lechappeeclose.it\\\/boutique\\\/livres\\\/litterature\\\/romans\\\/les-impatientes\\\/#primaryimage\"},\"image\":{\"@id\":\"http:\\\/\\\/lechappeeclose.it\\\/boutique\\\/livres\\\/litterature\\\/romans\\\/les-impatientes\\\/#primaryimage\"},\"thumbnailUrl\":\"http:\\\/\\\/lechappeeclose.it\\\/wp-content\\\/uploads\\\/2025\\\/02\\\/Les-Impatientes.jpg\",\"datePublished\":\"2025-02-04T11:38:01+00:00\",\"dateModified\":\"2025-10-24T14:18:50+00:00\",\"breadcrumb\":{\"@id\":\"http:\\\/\\\/lechappeeclose.it\\\/boutique\\\/livres\\\/litterature\\\/romans\\\/les-impatientes\\\/#breadcrumb\"},\"inLanguage\":\"it-IT\",\"potentialAction\":[{\"@type\":\"ReadAction\",\"target\":[\"http:\\\/\\\/lechappeeclose.it\\\/boutique\\\/livres\\\/litterature\\\/romans\\\/les-impatientes\\\/\"]}]},{\"@type\":\"ImageObject\",\"inLanguage\":\"it-IT\",\"@id\":\"http:\\\/\\\/lechappeeclose.it\\\/boutique\\\/livres\\\/litterature\\\/romans\\\/les-impatientes\\\/#primaryimage\",\"url\":\"http:\\\/\\\/lechappeeclose.it\\\/wp-content\\\/uploads\\\/2025\\\/02\\\/Les-Impatientes.jpg\",\"contentUrl\":\"http:\\\/\\\/lechappeeclose.it\\\/wp-content\\\/uploads\\\/2025\\\/02\\\/Les-Impatientes.jpg\",\"width\":400,\"height\":640},{\"@type\":\"BreadcrumbList\",\"@id\":\"http:\\\/\\\/lechappeeclose.it\\\/boutique\\\/livres\\\/litterature\\\/romans\\\/les-impatientes\\\/#breadcrumb\",\"itemListElement\":[{\"@type\":\"ListItem\",\"position\":1,\"name\":\"Accueil\",\"item\":\"http:\\\/\\\/lechappeeclose.it\\\/\"},{\"@type\":\"ListItem\",\"position\":2,\"name\":\"Boutique\",\"item\":\"http:\\\/\\\/lechappeeclose.it\\\/boutique\\\/\"},{\"@type\":\"ListItem\",\"position\":3,\"name\":\"Les Impatientes\"}]},{\"@type\":\"WebSite\",\"@id\":\"http:\\\/\\\/lechappeeclose.it\\\/#website\",\"url\":\"http:\\\/\\\/lechappeeclose.it\\\/\",\"name\":\"l&#039;\u00e9chapp\u00e9e close\",\"description\":\"la librairie fran\u00e7aise de Milan\",\"publisher\":{\"@id\":\"http:\\\/\\\/lechappeeclose.it\\\/#organization\"},\"alternateName\":\"La librairie fran\u00e7aise de Milan\",\"potentialAction\":[{\"@type\":\"SearchAction\",\"target\":{\"@type\":\"EntryPoint\",\"urlTemplate\":\"http:\\\/\\\/lechappeeclose.it\\\/?s={search_term_string}\"},\"query-input\":{\"@type\":\"PropertyValueSpecification\",\"valueRequired\":true,\"valueName\":\"search_term_string\"}}],\"inLanguage\":\"it-IT\"},{\"@type\":\"Organization\",\"@id\":\"http:\\\/\\\/lechappeeclose.it\\\/#organization\",\"name\":\"l&#039;\u00e9chapp\u00e9e close\",\"url\":\"http:\\\/\\\/lechappeeclose.it\\\/\",\"logo\":{\"@type\":\"ImageObject\",\"inLanguage\":\"it-IT\",\"@id\":\"http:\\\/\\\/lechappeeclose.it\\\/#\\\/schema\\\/logo\\\/image\\\/\",\"url\":\"http:\\\/\\\/lechappeeclose.it\\\/wp-content\\\/uploads\\\/2025\\\/02\\\/cropped-logo-rond.png\",\"contentUrl\":\"http:\\\/\\\/lechappeeclose.it\\\/wp-content\\\/uploads\\\/2025\\\/02\\\/cropped-logo-rond.png\",\"width\":1080,\"height\":1080,\"caption\":\"l&#039;\u00e9chapp\u00e9e close\"},\"image\":{\"@id\":\"http:\\\/\\\/lechappeeclose.it\\\/#\\\/schema\\\/logo\\\/image\\\/\"},\"sameAs\":[\"https:\\\/\\\/www.instagram.com\\\/lechappeeclose\\\/\"]}]}<\/script>\n<!-- \/ Yoast SEO plugin. -->","yoast_head_json":{"title":"Les Impatientes - l&#039;\u00e9chapp\u00e9e close","robots":{"index":"index","follow":"follow","max-snippet":"max-snippet:-1","max-image-preview":"max-image-preview:large","max-video-preview":"max-video-preview:-1"},"canonical":"http:\/\/lechappeeclose.it\/it\/boutique\/livres\/litterature\/romans\/les-impatientes\/","og_locale":"it_IT","og_type":"article","og_title":"Les Impatientes - l&#039;\u00e9chapp\u00e9e close","og_description":"Ramla, Hindou et Safira. Trois femmes, trois histoires, trois destins li\u00e9s. Ce magnifique roman retrace le destin de Ramla, 17 ans, arrach\u00e9e \u00e0 son amour pour \u00eatre mari\u00e9e de force avec Alhadji Issa, un homme riche et d\u00e9j\u00e0 mari\u00e9. Hindou, sa s\u0153ur du m\u00eame \u00e2ge, est contrainte d\u2019\u00e9pouser Moubarak, son cousin, alcoolique, drogu\u00e9 et violent. [&hellip;]","og_url":"http:\/\/lechappeeclose.it\/it\/boutique\/livres\/litterature\/romans\/les-impatientes\/","og_site_name":"l&#039;\u00e9chapp\u00e9e close","article_modified_time":"2025-10-24T14:18:50+00:00","og_image":[{"width":400,"height":640,"url":"http:\/\/lechappeeclose.it\/wp-content\/uploads\/2025\/02\/Les-Impatientes.jpg","type":"image\/jpeg"}],"twitter_card":"summary_large_image","twitter_misc":{"Tempo di lettura stimato":"1 minuto"},"schema":{"@context":"https:\/\/schema.org","@graph":[{"@type":"WebPage","@id":"http:\/\/lechappeeclose.it\/boutique\/livres\/litterature\/romans\/les-impatientes\/","url":"http:\/\/lechappeeclose.it\/boutique\/livres\/litterature\/romans\/les-impatientes\/","name":"Les Impatientes - l&#039;\u00e9chapp\u00e9e close","isPartOf":{"@id":"http:\/\/lechappeeclose.it\/#website"},"primaryImageOfPage":{"@id":"http:\/\/lechappeeclose.it\/boutique\/livres\/litterature\/romans\/les-impatientes\/#primaryimage"},"image":{"@id":"http:\/\/lechappeeclose.it\/boutique\/livres\/litterature\/romans\/les-impatientes\/#primaryimage"},"thumbnailUrl":"http:\/\/lechappeeclose.it\/wp-content\/uploads\/2025\/02\/Les-Impatientes.jpg","datePublished":"2025-02-04T11:38:01+00:00","dateModified":"2025-10-24T14:18:50+00:00","breadcrumb":{"@id":"http:\/\/lechappeeclose.it\/boutique\/livres\/litterature\/romans\/les-impatientes\/#breadcrumb"},"inLanguage":"it-IT","potentialAction":[{"@type":"ReadAction","target":["http:\/\/lechappeeclose.it\/boutique\/livres\/litterature\/romans\/les-impatientes\/"]}]},{"@type":"ImageObject","inLanguage":"it-IT","@id":"http:\/\/lechappeeclose.it\/boutique\/livres\/litterature\/romans\/les-impatientes\/#primaryimage","url":"http:\/\/lechappeeclose.it\/wp-content\/uploads\/2025\/02\/Les-Impatientes.jpg","contentUrl":"http:\/\/lechappeeclose.it\/wp-content\/uploads\/2025\/02\/Les-Impatientes.jpg","width":400,"height":640},{"@type":"BreadcrumbList","@id":"http:\/\/lechappeeclose.it\/boutique\/livres\/litterature\/romans\/les-impatientes\/#breadcrumb","itemListElement":[{"@type":"ListItem","position":1,"name":"Accueil","item":"http:\/\/lechappeeclose.it\/"},{"@type":"ListItem","position":2,"name":"Boutique","item":"http:\/\/lechappeeclose.it\/boutique\/"},{"@type":"ListItem","position":3,"name":"Les Impatientes"}]},{"@type":"WebSite","@id":"http:\/\/lechappeeclose.it\/#website","url":"http:\/\/lechappeeclose.it\/","name":"l&#039;\u00e9chapp\u00e9e close","description":"La libreria francese di Milano","publisher":{"@id":"http:\/\/lechappeeclose.it\/#organization"},"alternateName":"La librairie fran\u00e7aise de Milan","potentialAction":[{"@type":"SearchAction","target":{"@type":"EntryPoint","urlTemplate":"http:\/\/lechappeeclose.it\/?s={search_term_string}"},"query-input":{"@type":"PropertyValueSpecification","valueRequired":true,"valueName":"search_term_string"}}],"inLanguage":"it-IT"},{"@type":"Organization","@id":"http:\/\/lechappeeclose.it\/#organization","name":"l&#039;\u00e9chapp\u00e9e close","url":"http:\/\/lechappeeclose.it\/","logo":{"@type":"ImageObject","inLanguage":"it-IT","@id":"http:\/\/lechappeeclose.it\/#\/schema\/logo\/image\/","url":"http:\/\/lechappeeclose.it\/wp-content\/uploads\/2025\/02\/cropped-logo-rond.png","contentUrl":"http:\/\/lechappeeclose.it\/wp-content\/uploads\/2025\/02\/cropped-logo-rond.png","width":1080,"height":1080,"caption":"l&#039;\u00e9chapp\u00e9e close"},"image":{"@id":"http:\/\/lechappeeclose.it\/#\/schema\/logo\/image\/"},"sameAs":["https:\/\/www.instagram.com\/lechappeeclose\/"]}]}},"_links":{"self":[{"href":"http:\/\/lechappeeclose.it\/it\/wp-json\/wp\/v2\/product\/4805","targetHints":{"allow":["GET"]}}],"collection":[{"href":"http:\/\/lechappeeclose.it\/it\/wp-json\/wp\/v2\/product"}],"about":[{"href":"http:\/\/lechappeeclose.it\/it\/wp-json\/wp\/v2\/types\/product"}],"replies":[{"embeddable":true,"href":"http:\/\/lechappeeclose.it\/it\/wp-json\/wp\/v2\/comments?post=4805"}],"wp:featuredmedia":[{"embeddable":true,"href":"http:\/\/lechappeeclose.it\/it\/wp-json\/wp\/v2\/media\/4804"}],"wp:attachment":[{"href":"http:\/\/lechappeeclose.it\/it\/wp-json\/wp\/v2\/media?parent=4805"}],"wp:term":[{"taxonomy":"product_brand","embeddable":true,"href":"http:\/\/lechappeeclose.it\/it\/wp-json\/wp\/v2\/product_brand?post=4805"},{"taxonomy":"product_cat","embeddable":true,"href":"http:\/\/lechappeeclose.it\/it\/wp-json\/wp\/v2\/product_cat?post=4805"},{"taxonomy":"product_tag","embeddable":true,"href":"http:\/\/lechappeeclose.it\/it\/wp-json\/wp\/v2\/product_tag?post=4805"}],"curies":[{"name":"wp","href":"https:\/\/api.w.org\/{rel}","templated":true}]}}