{"id":4789,"date":"2025-02-04T12:33:44","date_gmt":"2025-02-04T11:33:44","guid":{"rendered":"https:\/\/lechappeeclose.it\/produit\/hotel-roma\/"},"modified":"2025-09-05T16:05:17","modified_gmt":"2025-09-05T14:05:17","slug":"hotel-roma","status":"publish","type":"product","link":"http:\/\/lechappeeclose.it\/it\/boutique\/livres\/litterature\/romans\/hotel-roma\/","title":{"rendered":"Hotel Roma"},"content":{"rendered":"<p>Je pardonne \u00e0 tous et \u00e0 tous Je pardonne \u00e0 tous et \u00e0 tous je demande pardon. Ca va ? Pas trop de bavardages&#8221;. Le 27 ao\u00fbt 1950, Cesare Pavese se donne la mort dans la chambre 49 de l&#8217;Hotel Roma, \u00e0 Turin. Il laisse un mot d&#8217;excuse, des po\u00e8mes et un journal intime, Le M\u00e9tier de vivre. Pierre Adrian a retrac\u00e9 le dernier \u00e9t\u00e9 d&#8217;un \u00e9crivain hant\u00e9 par le suicide. Il a cherch\u00e9 dans sa vie et dans ses livres de quoi nous apprendre, malgr\u00e9 tout, le douloureux m\u00e9tier de vivre. Pavese appara\u00eet au fil des pages comme un compagnon de route taciturne, dr\u00f4le, sinc\u00e8re. Au cours de ces errances en ville et dans les collines, on croise Monica Vitti et Antonioni, Calvino, des actrices am\u00e9ricaines&#8230; Mais aussi &#8220;la fille \u00e0 la peau mate&#8221;, qui d\u00e9ambule aux c\u00f4t\u00e9s du narrateur sur les traces d&#8217;une ombre, dans ce Pi\u00e9mont devenu le lieu \u00e9blouissant des retrouvailles avec l&#8217;\u00eatre aim\u00e9. Avec ce nouveau r\u00e9cit au charme furieux, Pierre Adrian nous donne \u00e0 contempler une Italie d&#8217;apr\u00e8s-guerre en noir et blanc, o\u00f9 la litt\u00e9rature et la politique sont une question de vie ou de mort, o\u00f9 rien n&#8217;est jamais grave mais o\u00f9 le tragique finit par s&#8217;inviter. je demande pardon. Ca va ? Pas trop de bavardages&#8221;. Le 27 ao\u00fbt 1950, Cesare Pavese se donne la mort dans la chambre 49 de l&#8217;Hotel Roma, \u00e0 Turin. Il laisse un mot d&#8217;excuse, des po\u00e8mes et un journal intime, Le M\u00e9tier de vivre. Pierre Adrian a retrac\u00e9 le dernier \u00e9t\u00e9 d&#8217;un \u00e9crivain hant\u00e9 par le suicide. Il a cherch\u00e9 dans sa vie et dans ses livres de quoi nous apprendre, malgr\u00e9 tout, le douloureux m\u00e9tier de vivre. Pavese appara\u00eet au fil des pages comme un compagnon de route taciturne, dr\u00f4le, sinc\u00e8re. Au cours de ces errances en ville et dans les collines, on croise Monica Vitti et Antonioni, Calvino, des actrices am\u00e9ricaines&#8230; Mais aussi &#8220;la fille \u00e0 la peau mate&#8221;, qui d\u00e9ambule aux c\u00f4t\u00e9s du narrateur sur les traces d&#8217;une ombre, dans ce Pi\u00e9mont devenu le lieu \u00e9blouissant des retrouvailles avec l&#8217;\u00eatre aim\u00e9. Avec ce nouveau r\u00e9cit au charme furieux, Pierre Adrian nous donne \u00e0 contempler une Italie d&#8217;apr\u00e8s-guerre en noir et blanc, o\u00f9 la litt\u00e9rature et la politique sont une question de vie ou de mort, o\u00f9 rien n&#8217;est jamais grave mais o\u00f9 le tragique finit par s&#8217;inviter.<\/p>","protected":false},"excerpt":{"rendered":"<p>Je pardonne \u00e0 tous et \u00e0 tous Je pardonne \u00e0 tous et \u00e0 tous je demande pardon. Ca va ? Pas trop de bavardages&#8221;. Le 27 ao\u00fbt 1950, Cesare Pavese se donne la mort dans la chambre 49 de l&#8217;Hotel Roma, \u00e0 Turin. Il laisse un mot d&#8217;excuse, des po\u00e8mes et un journal intime, Le [&hellip;]<\/p>","protected":false},"featured_media":4788,"comment_status":"open","ping_status":"closed","template":"","meta":[],"product_brand":[],"product_cat":[46],"product_tag":[],"class_list":{"0":"post-4789","1":"product","2":"type-product","3":"status-publish","4":"has-post-thumbnail","6":"product_cat-romans","8":"first","9":"onbackorder","10":"taxable","11":"shipping-taxable","12":"purchasable","13":"product-type-simple"},"yoast_head":"<!-- This site is optimized with the Yoast SEO plugin v27.3 - https:\/\/yoast.com\/product\/yoast-seo-wordpress\/ -->\n<title>Hotel Roma - l&#039;\u00e9chapp\u00e9e close<\/title>\n<meta name=\"robots\" content=\"index, follow, max-snippet:-1, max-image-preview:large, max-video-preview:-1\" \/>\n<link rel=\"canonical\" href=\"http:\/\/lechappeeclose.it\/it\/boutique\/livres\/litterature\/romans\/hotel-roma\/\" \/>\n<meta property=\"og:locale\" content=\"it_IT\" \/>\n<meta property=\"og:type\" content=\"article\" \/>\n<meta property=\"og:title\" content=\"Hotel Roma - l&#039;\u00e9chapp\u00e9e close\" \/>\n<meta property=\"og:description\" content=\"Je pardonne \u00e0 tous et \u00e0 tous Je pardonne \u00e0 tous et \u00e0 tous je demande pardon. Ca va ? Pas trop de bavardages&#8221;. Le 27 ao\u00fbt 1950, Cesare Pavese se donne la mort dans la chambre 49 de l&#8217;Hotel Roma, \u00e0 Turin. Il laisse un mot d&#8217;excuse, des po\u00e8mes et un journal intime, Le [&hellip;]\" \/>\n<meta property=\"og:url\" content=\"http:\/\/lechappeeclose.it\/it\/boutique\/livres\/litterature\/romans\/hotel-roma\/\" \/>\n<meta property=\"og:site_name\" content=\"l&#039;\u00e9chapp\u00e9e close\" \/>\n<meta property=\"article:modified_time\" content=\"2025-09-05T14:05:17+00:00\" \/>\n<meta property=\"og:image\" content=\"http:\/\/lechappeeclose.it\/wp-content\/uploads\/2025\/02\/Hotel-Roma.jpg\" \/>\n\t<meta property=\"og:image:width\" content=\"342\" \/>\n\t<meta property=\"og:image:height\" content=\"500\" \/>\n\t<meta property=\"og:image:type\" content=\"image\/jpeg\" \/>\n<meta name=\"twitter:card\" content=\"summary_large_image\" \/>\n<meta name=\"twitter:label1\" content=\"Tempo di lettura stimato\" \/>\n\t<meta name=\"twitter:data1\" content=\"2 minuti\" \/>\n<script type=\"application\/ld+json\" class=\"yoast-schema-graph\">{\"@context\":\"https:\\\/\\\/schema.org\",\"@graph\":[{\"@type\":\"WebPage\",\"@id\":\"http:\\\/\\\/lechappeeclose.it\\\/it\\\/boutique\\\/livres\\\/litterature\\\/romans\\\/hotel-roma\\\/\",\"url\":\"http:\\\/\\\/lechappeeclose.it\\\/it\\\/boutique\\\/livres\\\/litterature\\\/romans\\\/hotel-roma\\\/\",\"name\":\"Hotel Roma - l&#039;\u00e9chapp\u00e9e close\",\"isPartOf\":{\"@id\":\"http:\\\/\\\/lechappeeclose.it\\\/#website\"},\"primaryImageOfPage\":{\"@id\":\"http:\\\/\\\/lechappeeclose.it\\\/it\\\/boutique\\\/livres\\\/litterature\\\/romans\\\/hotel-roma\\\/#primaryimage\"},\"image\":{\"@id\":\"http:\\\/\\\/lechappeeclose.it\\\/it\\\/boutique\\\/livres\\\/litterature\\\/romans\\\/hotel-roma\\\/#primaryimage\"},\"thumbnailUrl\":\"http:\\\/\\\/lechappeeclose.it\\\/wp-content\\\/uploads\\\/2025\\\/02\\\/Hotel-Roma.jpg\",\"datePublished\":\"2025-02-04T11:33:44+00:00\",\"dateModified\":\"2025-09-05T14:05:17+00:00\",\"breadcrumb\":{\"@id\":\"http:\\\/\\\/lechappeeclose.it\\\/it\\\/boutique\\\/livres\\\/litterature\\\/romans\\\/hotel-roma\\\/#breadcrumb\"},\"inLanguage\":\"it-IT\",\"potentialAction\":[{\"@type\":\"ReadAction\",\"target\":[\"http:\\\/\\\/lechappeeclose.it\\\/it\\\/boutique\\\/livres\\\/litterature\\\/romans\\\/hotel-roma\\\/\"]}]},{\"@type\":\"ImageObject\",\"inLanguage\":\"it-IT\",\"@id\":\"http:\\\/\\\/lechappeeclose.it\\\/it\\\/boutique\\\/livres\\\/litterature\\\/romans\\\/hotel-roma\\\/#primaryimage\",\"url\":\"http:\\\/\\\/lechappeeclose.it\\\/wp-content\\\/uploads\\\/2025\\\/02\\\/Hotel-Roma.jpg\",\"contentUrl\":\"http:\\\/\\\/lechappeeclose.it\\\/wp-content\\\/uploads\\\/2025\\\/02\\\/Hotel-Roma.jpg\",\"width\":342,\"height\":500},{\"@type\":\"BreadcrumbList\",\"@id\":\"http:\\\/\\\/lechappeeclose.it\\\/it\\\/boutique\\\/livres\\\/litterature\\\/romans\\\/hotel-roma\\\/#breadcrumb\",\"itemListElement\":[{\"@type\":\"ListItem\",\"position\":1,\"name\":\"Accueil\",\"item\":\"http:\\\/\\\/lechappeeclose.it\\\/\"},{\"@type\":\"ListItem\",\"position\":2,\"name\":\"Boutique\",\"item\":\"https:\\\/\\\/lechappeeclose.it\\\/boutique\\\/\"},{\"@type\":\"ListItem\",\"position\":3,\"name\":\"Hotel Roma\"}]},{\"@type\":\"WebSite\",\"@id\":\"http:\\\/\\\/lechappeeclose.it\\\/#website\",\"url\":\"http:\\\/\\\/lechappeeclose.it\\\/\",\"name\":\"l&#039;\u00e9chapp\u00e9e close\",\"description\":\"la librairie fran\u00e7aise de Milan\",\"publisher\":{\"@id\":\"http:\\\/\\\/lechappeeclose.it\\\/#organization\"},\"alternateName\":\"La librairie fran\u00e7aise de Milan\",\"potentialAction\":[{\"@type\":\"SearchAction\",\"target\":{\"@type\":\"EntryPoint\",\"urlTemplate\":\"http:\\\/\\\/lechappeeclose.it\\\/?s={search_term_string}\"},\"query-input\":{\"@type\":\"PropertyValueSpecification\",\"valueRequired\":true,\"valueName\":\"search_term_string\"}}],\"inLanguage\":\"it-IT\"},{\"@type\":\"Organization\",\"@id\":\"http:\\\/\\\/lechappeeclose.it\\\/#organization\",\"name\":\"l&#039;\u00e9chapp\u00e9e close\",\"url\":\"http:\\\/\\\/lechappeeclose.it\\\/\",\"logo\":{\"@type\":\"ImageObject\",\"inLanguage\":\"it-IT\",\"@id\":\"http:\\\/\\\/lechappeeclose.it\\\/#\\\/schema\\\/logo\\\/image\\\/\",\"url\":\"http:\\\/\\\/lechappeeclose.it\\\/wp-content\\\/uploads\\\/2025\\\/02\\\/cropped-logo-rond.png\",\"contentUrl\":\"http:\\\/\\\/lechappeeclose.it\\\/wp-content\\\/uploads\\\/2025\\\/02\\\/cropped-logo-rond.png\",\"width\":1080,\"height\":1080,\"caption\":\"l&#039;\u00e9chapp\u00e9e close\"},\"image\":{\"@id\":\"http:\\\/\\\/lechappeeclose.it\\\/#\\\/schema\\\/logo\\\/image\\\/\"},\"sameAs\":[\"https:\\\/\\\/www.instagram.com\\\/lechappeeclose\\\/\"]}]}<\/script>\n<!-- \/ Yoast SEO plugin. -->","yoast_head_json":{"title":"Hotel Roma - l&#039;\u00e9chapp\u00e9e close","robots":{"index":"index","follow":"follow","max-snippet":"max-snippet:-1","max-image-preview":"max-image-preview:large","max-video-preview":"max-video-preview:-1"},"canonical":"http:\/\/lechappeeclose.it\/it\/boutique\/livres\/litterature\/romans\/hotel-roma\/","og_locale":"it_IT","og_type":"article","og_title":"Hotel Roma - l&#039;\u00e9chapp\u00e9e close","og_description":"Je pardonne \u00e0 tous et \u00e0 tous Je pardonne \u00e0 tous et \u00e0 tous je demande pardon. Ca va ? Pas trop de bavardages&#8221;. Le 27 ao\u00fbt 1950, Cesare Pavese se donne la mort dans la chambre 49 de l&#8217;Hotel Roma, \u00e0 Turin. Il laisse un mot d&#8217;excuse, des po\u00e8mes et un journal intime, Le [&hellip;]","og_url":"http:\/\/lechappeeclose.it\/it\/boutique\/livres\/litterature\/romans\/hotel-roma\/","og_site_name":"l&#039;\u00e9chapp\u00e9e close","article_modified_time":"2025-09-05T14:05:17+00:00","og_image":[{"width":342,"height":500,"url":"http:\/\/lechappeeclose.it\/wp-content\/uploads\/2025\/02\/Hotel-Roma.jpg","type":"image\/jpeg"}],"twitter_card":"summary_large_image","twitter_misc":{"Tempo di lettura stimato":"2 minuti"},"schema":{"@context":"https:\/\/schema.org","@graph":[{"@type":"WebPage","@id":"http:\/\/lechappeeclose.it\/it\/boutique\/livres\/litterature\/romans\/hotel-roma\/","url":"http:\/\/lechappeeclose.it\/it\/boutique\/livres\/litterature\/romans\/hotel-roma\/","name":"Hotel Roma - l&#039;\u00e9chapp\u00e9e close","isPartOf":{"@id":"http:\/\/lechappeeclose.it\/#website"},"primaryImageOfPage":{"@id":"http:\/\/lechappeeclose.it\/it\/boutique\/livres\/litterature\/romans\/hotel-roma\/#primaryimage"},"image":{"@id":"http:\/\/lechappeeclose.it\/it\/boutique\/livres\/litterature\/romans\/hotel-roma\/#primaryimage"},"thumbnailUrl":"http:\/\/lechappeeclose.it\/wp-content\/uploads\/2025\/02\/Hotel-Roma.jpg","datePublished":"2025-02-04T11:33:44+00:00","dateModified":"2025-09-05T14:05:17+00:00","breadcrumb":{"@id":"http:\/\/lechappeeclose.it\/it\/boutique\/livres\/litterature\/romans\/hotel-roma\/#breadcrumb"},"inLanguage":"it-IT","potentialAction":[{"@type":"ReadAction","target":["http:\/\/lechappeeclose.it\/it\/boutique\/livres\/litterature\/romans\/hotel-roma\/"]}]},{"@type":"ImageObject","inLanguage":"it-IT","@id":"http:\/\/lechappeeclose.it\/it\/boutique\/livres\/litterature\/romans\/hotel-roma\/#primaryimage","url":"http:\/\/lechappeeclose.it\/wp-content\/uploads\/2025\/02\/Hotel-Roma.jpg","contentUrl":"http:\/\/lechappeeclose.it\/wp-content\/uploads\/2025\/02\/Hotel-Roma.jpg","width":342,"height":500},{"@type":"BreadcrumbList","@id":"http:\/\/lechappeeclose.it\/it\/boutique\/livres\/litterature\/romans\/hotel-roma\/#breadcrumb","itemListElement":[{"@type":"ListItem","position":1,"name":"Accueil","item":"http:\/\/lechappeeclose.it\/"},{"@type":"ListItem","position":2,"name":"Boutique","item":"https:\/\/lechappeeclose.it\/boutique\/"},{"@type":"ListItem","position":3,"name":"Hotel Roma"}]},{"@type":"WebSite","@id":"http:\/\/lechappeeclose.it\/#website","url":"http:\/\/lechappeeclose.it\/","name":"l&#039;\u00e9chapp\u00e9e close","description":"La libreria francese di Milano","publisher":{"@id":"http:\/\/lechappeeclose.it\/#organization"},"alternateName":"La librairie fran\u00e7aise de Milan","potentialAction":[{"@type":"SearchAction","target":{"@type":"EntryPoint","urlTemplate":"http:\/\/lechappeeclose.it\/?s={search_term_string}"},"query-input":{"@type":"PropertyValueSpecification","valueRequired":true,"valueName":"search_term_string"}}],"inLanguage":"it-IT"},{"@type":"Organization","@id":"http:\/\/lechappeeclose.it\/#organization","name":"l&#039;\u00e9chapp\u00e9e close","url":"http:\/\/lechappeeclose.it\/","logo":{"@type":"ImageObject","inLanguage":"it-IT","@id":"http:\/\/lechappeeclose.it\/#\/schema\/logo\/image\/","url":"http:\/\/lechappeeclose.it\/wp-content\/uploads\/2025\/02\/cropped-logo-rond.png","contentUrl":"http:\/\/lechappeeclose.it\/wp-content\/uploads\/2025\/02\/cropped-logo-rond.png","width":1080,"height":1080,"caption":"l&#039;\u00e9chapp\u00e9e close"},"image":{"@id":"http:\/\/lechappeeclose.it\/#\/schema\/logo\/image\/"},"sameAs":["https:\/\/www.instagram.com\/lechappeeclose\/"]}]}},"_links":{"self":[{"href":"http:\/\/lechappeeclose.it\/it\/wp-json\/wp\/v2\/product\/4789","targetHints":{"allow":["GET"]}}],"collection":[{"href":"http:\/\/lechappeeclose.it\/it\/wp-json\/wp\/v2\/product"}],"about":[{"href":"http:\/\/lechappeeclose.it\/it\/wp-json\/wp\/v2\/types\/product"}],"replies":[{"embeddable":true,"href":"http:\/\/lechappeeclose.it\/it\/wp-json\/wp\/v2\/comments?post=4789"}],"wp:featuredmedia":[{"embeddable":true,"href":"http:\/\/lechappeeclose.it\/it\/wp-json\/wp\/v2\/media\/4788"}],"wp:attachment":[{"href":"http:\/\/lechappeeclose.it\/it\/wp-json\/wp\/v2\/media?parent=4789"}],"wp:term":[{"taxonomy":"product_brand","embeddable":true,"href":"http:\/\/lechappeeclose.it\/it\/wp-json\/wp\/v2\/product_brand?post=4789"},{"taxonomy":"product_cat","embeddable":true,"href":"http:\/\/lechappeeclose.it\/it\/wp-json\/wp\/v2\/product_cat?post=4789"},{"taxonomy":"product_tag","embeddable":true,"href":"http:\/\/lechappeeclose.it\/it\/wp-json\/wp\/v2\/product_tag?post=4789"}],"curies":[{"name":"wp","href":"https:\/\/api.w.org\/{rel}","templated":true}]}}