{"id":4763,"date":"2025-02-04T12:14:25","date_gmt":"2025-02-04T11:14:25","guid":{"rendered":"https:\/\/lechappeeclose.it\/produit\/fetes-galantes\/"},"modified":"2025-02-04T12:14:25","modified_gmt":"2025-02-04T11:14:25","slug":"fetes-galantes","status":"publish","type":"product","link":"http:\/\/lechappeeclose.it\/it\/boutique\/livres\/litterature\/poesie\/fetes-galantes\/","title":{"rendered":"F\u00eates galantes"},"content":{"rendered":"<p>&#8220;Toute voix neuve \u00e9clate dans un temps gouvern\u00e9 par des modes de penser et de sentir, par des habitudes, par des formes elles-m\u00eames tyrannis\u00e9es par une id\u00e9ologie, et elle est condamn\u00e9e \u00e0 \u00eatre en effet &#8220;inou\u00efe&#8221; : dans ce sens, il est significatif, non pas peut-\u00eatre que tous les grands recueils de Verlaine, y compris, en 1885, Jadis et Nagu\u00e8re, aient \u00e9t\u00e9 publi\u00e9s \u00e0 compte d&#8217;auteur, mais que tous, malgr\u00e9 quelques articles, et les plus amicaux ne sont pas les moins aveugles, soient pass\u00e9s, sans exception, inaper\u00e7us : artistes, critiques, &#8220;juges attitr\u00e9s&#8221;, tous adonn\u00e9s aux &#8220;jeux anciens&#8221; ; la &#8220;modernit\u00e9&#8221;, c&#8217;est du c\u00f4t\u00e9 du Parnasse qu&#8217;elle se cherche, ou dans le r\u00e9alisme de Copp\u00e9e, de M\u00e9rat (auquel il est vrai que Verlaine se montrera lui-m\u00eame tr\u00e8s attentif, mais c&#8217;est pour aussit\u00f4t, dans les Paysages belges, dans les pi\u00e8ces des F\u00eates galantes o\u00f9 se laissent reconna\u00eetre ses motifs, l&#8217;entra\u00eener dans une autre aventure) : qui e\u00fbt pu, dans cette voix &#8220;en all\u00e9e&#8221;, secr\u00e8te et vertigineuse, la reconna\u00eetre, et avec elle, imperceptiblement et pour jamais, c&#8217;\u00e9taient les formes m\u00eames qui bougeaient. Si, Mallarm\u00e9, reconnaissant d\u00e8s les Po\u00e8mes saturniens l&#8217;effort conscient de Verlaine &#8220;vers la sensation rendue&#8221; (et c&#8217;est d\u00e9j\u00e0, par places, cette &#8220;traduction imm\u00e9diate du senti&#8221; qu&#8217;exigera un jour Rimbaud), le rejet des &#8220;favorites us\u00e9es&#8221;, la naissance d'&#8221;un m\u00e9tal vierge et neuf&#8221; ; Rimbaud, lecteur, d\u00e8s leur parution, des F\u00eates galantes et, dans la lettre fameuse \u00e0 Paul Demeny du 15 mai 1871, tenant Verlaine, avec Baudelaire, pour un &#8220;vrai po\u00e8te&#8221;, pour un &#8220;voyant&#8221;. C&#8217;est-\u00e0-dire, essentiellement, le texte est l\u00e0 (&#8220;Les inventions d&#8217;inconnu r\u00e9clament des formes nouvelles&#8221;), pour ce cr\u00e9ateur d&#8217;une autre langue po\u00e9tique, que Baudelaire, \u00e0 ses yeux, n&#8217;a pas \u00e9t\u00e9 (&#8220;la forme si vant\u00e9e en lui est mesquine&#8221;) et que Verlaine lui-m\u00eame, un jour, tr\u00e8s t\u00f4t, ne saura plus ou n&#8217;osera plus \u00eatre. &#8221; Jacques Borel. &#8212; 4\u00e8me de couverture.<\/p>","protected":false},"excerpt":{"rendered":"<p>&#8220;Toute voix neuve \u00e9clate dans un temps gouvern\u00e9 par des modes de penser et de sentir, par des habitudes, par des formes elles-m\u00eames tyrannis\u00e9es par une id\u00e9ologie, et elle est condamn\u00e9e \u00e0 \u00eatre en effet &#8220;inou\u00efe&#8221; : dans ce sens, il est significatif, non pas peut-\u00eatre que tous les grands recueils de Verlaine, y compris, [&hellip;]<\/p>","protected":false},"featured_media":4762,"comment_status":"open","ping_status":"closed","template":"","meta":[],"product_brand":[],"product_cat":[48],"product_tag":[],"class_list":{"0":"post-4763","1":"product","2":"type-product","3":"status-publish","4":"has-post-thumbnail","6":"product_cat-poesie","8":"first","9":"instock","10":"taxable","11":"shipping-taxable","12":"purchasable","13":"product-type-simple"},"yoast_head":"<!-- This site is optimized with the Yoast SEO plugin v27.4 - https:\/\/yoast.com\/product\/yoast-seo-wordpress\/ -->\n<title>F\u00eates galantes - l&#039;\u00e9chapp\u00e9e close<\/title>\n<meta name=\"robots\" content=\"index, follow, max-snippet:-1, max-image-preview:large, max-video-preview:-1\" \/>\n<link rel=\"canonical\" href=\"http:\/\/lechappeeclose.it\/it\/boutique\/livres\/litterature\/poesie\/fetes-galantes\/\" \/>\n<meta property=\"og:locale\" content=\"it_IT\" \/>\n<meta property=\"og:type\" content=\"article\" \/>\n<meta property=\"og:title\" content=\"F\u00eates galantes - l&#039;\u00e9chapp\u00e9e close\" \/>\n<meta property=\"og:description\" content=\"&#8220;Toute voix neuve \u00e9clate dans un temps gouvern\u00e9 par des modes de penser et de sentir, par des habitudes, par des formes elles-m\u00eames tyrannis\u00e9es par une id\u00e9ologie, et elle est condamn\u00e9e \u00e0 \u00eatre en effet &#8220;inou\u00efe&#8221; : dans ce sens, il est significatif, non pas peut-\u00eatre que tous les grands recueils de Verlaine, y compris, [&hellip;]\" \/>\n<meta property=\"og:url\" content=\"http:\/\/lechappeeclose.it\/it\/boutique\/livres\/litterature\/poesie\/fetes-galantes\/\" \/>\n<meta property=\"og:site_name\" content=\"l&#039;\u00e9chapp\u00e9e close\" \/>\n<meta property=\"og:image\" content=\"http:\/\/lechappeeclose.it\/wp-content\/uploads\/2025\/02\/Fetes-galantes.jpg\" \/>\n\t<meta property=\"og:image:width\" content=\"288\" \/>\n\t<meta property=\"og:image:height\" content=\"475\" \/>\n\t<meta property=\"og:image:type\" content=\"image\/jpeg\" \/>\n<meta name=\"twitter:card\" content=\"summary_large_image\" \/>\n<meta name=\"twitter:label1\" content=\"Tempo di lettura stimato\" \/>\n\t<meta name=\"twitter:data1\" content=\"2 minuti\" \/>\n<script type=\"application\/ld+json\" class=\"yoast-schema-graph\">{\"@context\":\"https:\\\/\\\/schema.org\",\"@graph\":[{\"@type\":\"WebPage\",\"@id\":\"http:\\\/\\\/lechappeeclose.it\\\/boutique\\\/livres\\\/litterature\\\/poesie\\\/fetes-galantes\\\/\",\"url\":\"http:\\\/\\\/lechappeeclose.it\\\/boutique\\\/livres\\\/litterature\\\/poesie\\\/fetes-galantes\\\/\",\"name\":\"F\u00eates galantes - l&#039;\u00e9chapp\u00e9e close\",\"isPartOf\":{\"@id\":\"http:\\\/\\\/lechappeeclose.it\\\/#website\"},\"primaryImageOfPage\":{\"@id\":\"http:\\\/\\\/lechappeeclose.it\\\/boutique\\\/livres\\\/litterature\\\/poesie\\\/fetes-galantes\\\/#primaryimage\"},\"image\":{\"@id\":\"http:\\\/\\\/lechappeeclose.it\\\/boutique\\\/livres\\\/litterature\\\/poesie\\\/fetes-galantes\\\/#primaryimage\"},\"thumbnailUrl\":\"http:\\\/\\\/lechappeeclose.it\\\/wp-content\\\/uploads\\\/2025\\\/02\\\/Fetes-galantes.jpg\",\"datePublished\":\"2025-02-04T11:14:25+00:00\",\"breadcrumb\":{\"@id\":\"http:\\\/\\\/lechappeeclose.it\\\/boutique\\\/livres\\\/litterature\\\/poesie\\\/fetes-galantes\\\/#breadcrumb\"},\"inLanguage\":\"it-IT\",\"potentialAction\":[{\"@type\":\"ReadAction\",\"target\":[\"http:\\\/\\\/lechappeeclose.it\\\/boutique\\\/livres\\\/litterature\\\/poesie\\\/fetes-galantes\\\/\"]}]},{\"@type\":\"ImageObject\",\"inLanguage\":\"it-IT\",\"@id\":\"http:\\\/\\\/lechappeeclose.it\\\/boutique\\\/livres\\\/litterature\\\/poesie\\\/fetes-galantes\\\/#primaryimage\",\"url\":\"http:\\\/\\\/lechappeeclose.it\\\/wp-content\\\/uploads\\\/2025\\\/02\\\/Fetes-galantes.jpg\",\"contentUrl\":\"http:\\\/\\\/lechappeeclose.it\\\/wp-content\\\/uploads\\\/2025\\\/02\\\/Fetes-galantes.jpg\",\"width\":288,\"height\":475},{\"@type\":\"BreadcrumbList\",\"@id\":\"http:\\\/\\\/lechappeeclose.it\\\/boutique\\\/livres\\\/litterature\\\/poesie\\\/fetes-galantes\\\/#breadcrumb\",\"itemListElement\":[{\"@type\":\"ListItem\",\"position\":1,\"name\":\"Accueil\",\"item\":\"http:\\\/\\\/lechappeeclose.it\\\/\"},{\"@type\":\"ListItem\",\"position\":2,\"name\":\"Boutique\",\"item\":\"http:\\\/\\\/lechappeeclose.it\\\/it\\\/boutique\\\/\"},{\"@type\":\"ListItem\",\"position\":3,\"name\":\"F\u00eates galantes\"}]},{\"@type\":\"WebSite\",\"@id\":\"http:\\\/\\\/lechappeeclose.it\\\/#website\",\"url\":\"http:\\\/\\\/lechappeeclose.it\\\/\",\"name\":\"l&#039;\u00e9chapp\u00e9e close\",\"description\":\"la librairie fran\u00e7aise de Milan\",\"publisher\":{\"@id\":\"http:\\\/\\\/lechappeeclose.it\\\/#organization\"},\"alternateName\":\"La librairie fran\u00e7aise de Milan\",\"potentialAction\":[{\"@type\":\"SearchAction\",\"target\":{\"@type\":\"EntryPoint\",\"urlTemplate\":\"http:\\\/\\\/lechappeeclose.it\\\/?s={search_term_string}\"},\"query-input\":{\"@type\":\"PropertyValueSpecification\",\"valueRequired\":true,\"valueName\":\"search_term_string\"}}],\"inLanguage\":\"it-IT\"},{\"@type\":\"Organization\",\"@id\":\"http:\\\/\\\/lechappeeclose.it\\\/#organization\",\"name\":\"l&#039;\u00e9chapp\u00e9e close\",\"url\":\"http:\\\/\\\/lechappeeclose.it\\\/\",\"logo\":{\"@type\":\"ImageObject\",\"inLanguage\":\"it-IT\",\"@id\":\"http:\\\/\\\/lechappeeclose.it\\\/#\\\/schema\\\/logo\\\/image\\\/\",\"url\":\"http:\\\/\\\/lechappeeclose.it\\\/wp-content\\\/uploads\\\/2025\\\/02\\\/cropped-logo-rond.png\",\"contentUrl\":\"http:\\\/\\\/lechappeeclose.it\\\/wp-content\\\/uploads\\\/2025\\\/02\\\/cropped-logo-rond.png\",\"width\":1080,\"height\":1080,\"caption\":\"l&#039;\u00e9chapp\u00e9e close\"},\"image\":{\"@id\":\"http:\\\/\\\/lechappeeclose.it\\\/#\\\/schema\\\/logo\\\/image\\\/\"},\"sameAs\":[\"https:\\\/\\\/www.instagram.com\\\/lechappeeclose\\\/\"]}]}<\/script>\n<!-- \/ Yoast SEO plugin. -->","yoast_head_json":{"title":"F\u00eates galantes - l&#039;\u00e9chapp\u00e9e close","robots":{"index":"index","follow":"follow","max-snippet":"max-snippet:-1","max-image-preview":"max-image-preview:large","max-video-preview":"max-video-preview:-1"},"canonical":"http:\/\/lechappeeclose.it\/it\/boutique\/livres\/litterature\/poesie\/fetes-galantes\/","og_locale":"it_IT","og_type":"article","og_title":"F\u00eates galantes - l&#039;\u00e9chapp\u00e9e close","og_description":"&#8220;Toute voix neuve \u00e9clate dans un temps gouvern\u00e9 par des modes de penser et de sentir, par des habitudes, par des formes elles-m\u00eames tyrannis\u00e9es par une id\u00e9ologie, et elle est condamn\u00e9e \u00e0 \u00eatre en effet &#8220;inou\u00efe&#8221; : dans ce sens, il est significatif, non pas peut-\u00eatre que tous les grands recueils de Verlaine, y compris, [&hellip;]","og_url":"http:\/\/lechappeeclose.it\/it\/boutique\/livres\/litterature\/poesie\/fetes-galantes\/","og_site_name":"l&#039;\u00e9chapp\u00e9e close","og_image":[{"width":288,"height":475,"url":"http:\/\/lechappeeclose.it\/wp-content\/uploads\/2025\/02\/Fetes-galantes.jpg","type":"image\/jpeg"}],"twitter_card":"summary_large_image","twitter_misc":{"Tempo di lettura stimato":"2 minuti"},"schema":{"@context":"https:\/\/schema.org","@graph":[{"@type":"WebPage","@id":"http:\/\/lechappeeclose.it\/boutique\/livres\/litterature\/poesie\/fetes-galantes\/","url":"http:\/\/lechappeeclose.it\/boutique\/livres\/litterature\/poesie\/fetes-galantes\/","name":"F\u00eates galantes - l&#039;\u00e9chapp\u00e9e close","isPartOf":{"@id":"http:\/\/lechappeeclose.it\/#website"},"primaryImageOfPage":{"@id":"http:\/\/lechappeeclose.it\/boutique\/livres\/litterature\/poesie\/fetes-galantes\/#primaryimage"},"image":{"@id":"http:\/\/lechappeeclose.it\/boutique\/livres\/litterature\/poesie\/fetes-galantes\/#primaryimage"},"thumbnailUrl":"http:\/\/lechappeeclose.it\/wp-content\/uploads\/2025\/02\/Fetes-galantes.jpg","datePublished":"2025-02-04T11:14:25+00:00","breadcrumb":{"@id":"http:\/\/lechappeeclose.it\/boutique\/livres\/litterature\/poesie\/fetes-galantes\/#breadcrumb"},"inLanguage":"it-IT","potentialAction":[{"@type":"ReadAction","target":["http:\/\/lechappeeclose.it\/boutique\/livres\/litterature\/poesie\/fetes-galantes\/"]}]},{"@type":"ImageObject","inLanguage":"it-IT","@id":"http:\/\/lechappeeclose.it\/boutique\/livres\/litterature\/poesie\/fetes-galantes\/#primaryimage","url":"http:\/\/lechappeeclose.it\/wp-content\/uploads\/2025\/02\/Fetes-galantes.jpg","contentUrl":"http:\/\/lechappeeclose.it\/wp-content\/uploads\/2025\/02\/Fetes-galantes.jpg","width":288,"height":475},{"@type":"BreadcrumbList","@id":"http:\/\/lechappeeclose.it\/boutique\/livres\/litterature\/poesie\/fetes-galantes\/#breadcrumb","itemListElement":[{"@type":"ListItem","position":1,"name":"Accueil","item":"http:\/\/lechappeeclose.it\/"},{"@type":"ListItem","position":2,"name":"Boutique","item":"http:\/\/lechappeeclose.it\/it\/boutique\/"},{"@type":"ListItem","position":3,"name":"F\u00eates galantes"}]},{"@type":"WebSite","@id":"http:\/\/lechappeeclose.it\/#website","url":"http:\/\/lechappeeclose.it\/","name":"l&#039;\u00e9chapp\u00e9e close","description":"La libreria francese di Milano","publisher":{"@id":"http:\/\/lechappeeclose.it\/#organization"},"alternateName":"La librairie fran\u00e7aise de Milan","potentialAction":[{"@type":"SearchAction","target":{"@type":"EntryPoint","urlTemplate":"http:\/\/lechappeeclose.it\/?s={search_term_string}"},"query-input":{"@type":"PropertyValueSpecification","valueRequired":true,"valueName":"search_term_string"}}],"inLanguage":"it-IT"},{"@type":"Organization","@id":"http:\/\/lechappeeclose.it\/#organization","name":"l&#039;\u00e9chapp\u00e9e close","url":"http:\/\/lechappeeclose.it\/","logo":{"@type":"ImageObject","inLanguage":"it-IT","@id":"http:\/\/lechappeeclose.it\/#\/schema\/logo\/image\/","url":"http:\/\/lechappeeclose.it\/wp-content\/uploads\/2025\/02\/cropped-logo-rond.png","contentUrl":"http:\/\/lechappeeclose.it\/wp-content\/uploads\/2025\/02\/cropped-logo-rond.png","width":1080,"height":1080,"caption":"l&#039;\u00e9chapp\u00e9e close"},"image":{"@id":"http:\/\/lechappeeclose.it\/#\/schema\/logo\/image\/"},"sameAs":["https:\/\/www.instagram.com\/lechappeeclose\/"]}]}},"_links":{"self":[{"href":"http:\/\/lechappeeclose.it\/it\/wp-json\/wp\/v2\/product\/4763","targetHints":{"allow":["GET"]}}],"collection":[{"href":"http:\/\/lechappeeclose.it\/it\/wp-json\/wp\/v2\/product"}],"about":[{"href":"http:\/\/lechappeeclose.it\/it\/wp-json\/wp\/v2\/types\/product"}],"replies":[{"embeddable":true,"href":"http:\/\/lechappeeclose.it\/it\/wp-json\/wp\/v2\/comments?post=4763"}],"wp:featuredmedia":[{"embeddable":true,"href":"http:\/\/lechappeeclose.it\/it\/wp-json\/wp\/v2\/media\/4762"}],"wp:attachment":[{"href":"http:\/\/lechappeeclose.it\/it\/wp-json\/wp\/v2\/media?parent=4763"}],"wp:term":[{"taxonomy":"product_brand","embeddable":true,"href":"http:\/\/lechappeeclose.it\/it\/wp-json\/wp\/v2\/product_brand?post=4763"},{"taxonomy":"product_cat","embeddable":true,"href":"http:\/\/lechappeeclose.it\/it\/wp-json\/wp\/v2\/product_cat?post=4763"},{"taxonomy":"product_tag","embeddable":true,"href":"http:\/\/lechappeeclose.it\/it\/wp-json\/wp\/v2\/product_tag?post=4763"}],"curies":[{"name":"wp","href":"https:\/\/api.w.org\/{rel}","templated":true}]}}