{"id":4737,"date":"2025-02-04T12:04:54","date_gmt":"2025-02-04T11:04:54","guid":{"rendered":"https:\/\/lechappeeclose.it\/produit\/chair-vive-poesies-completes\/"},"modified":"2025-02-04T12:04:54","modified_gmt":"2025-02-04T11:04:54","slug":"chair-vive-poesies-completes","status":"publish","type":"product","link":"http:\/\/lechappeeclose.it\/it\/boutique\/livres\/litterature\/poesie\/chair-vive-poesies-completes\/","title":{"rendered":"Chair vive: Po\u00e9sies compl\u00e8tes"},"content":{"rendered":"<p>Il y aura le premier jour \u00c0 la naissance du myst\u00e8re Un chant reniant la d\u00e9faite L\u2019Espoir comme un r\u00e2le d\u2019amour Br\u00fblant la gorge d\u2019un po\u00e8te R\u00e9unies ici en un seul volume, les po\u00e9sies \u00e9crites par Gris\u00e9lidis R\u00e9al depuis l\u2019\u00e2ge de 13 ans forment une \u0153uvre d\u2019une force et d\u2019une coh\u00e9rence rares. Du symbolisme des d\u00e9buts au \u00ab r\u00e9cit \u00bb po\u00e9tique et poignant de la prostitution, des ann\u00e9es de prison \u00e0 la lutte contre le cancer, ses po\u00e8mes racontent les r\u00e9voltes et les grands amours d\u2019une vie, avec un art et une profondeur uniques. Des mots qui fascinent et subliment une existence hors du commun, et nous font entrer dans la \u00ab cath\u00e9drale int\u00e9rieure \u00bb de l\u2019une des grandes po\u00e9tesses du XXe si\u00e8cle. Gris\u00e9lidis R\u00e9al (1929-2005) est une artiste, po\u00e8te, autrice, prostitu\u00e9e et activiste n\u00e9e \u00e0 Lausanne. Elle est l\u2019auteure d\u2019un journal ainsi que d&#8217;un roman autobiographique, Le noir est une couleur (1974), et de plusieurs recueils de correspondance. Pr\u00e9face de Nancy Huston<\/p>","protected":false},"excerpt":{"rendered":"<p>Il y aura le premier jour \u00c0 la naissance du myst\u00e8re Un chant reniant la d\u00e9faite L\u2019Espoir comme un r\u00e2le d\u2019amour Br\u00fblant la gorge d\u2019un po\u00e8te R\u00e9unies ici en un seul volume, les po\u00e9sies \u00e9crites par Gris\u00e9lidis R\u00e9al depuis l\u2019\u00e2ge de 13 ans forment une \u0153uvre d\u2019une force et d\u2019une coh\u00e9rence rares. Du symbolisme des [&hellip;]<\/p>","protected":false},"featured_media":4736,"comment_status":"open","ping_status":"closed","template":"","meta":[],"product_brand":[],"product_cat":[48],"product_tag":[],"class_list":{"0":"post-4737","1":"product","2":"type-product","3":"status-publish","4":"has-post-thumbnail","6":"product_cat-poesie","8":"first","9":"instock","10":"taxable","11":"shipping-taxable","12":"purchasable","13":"product-type-simple"},"yoast_head":"<!-- This site is optimized with the Yoast SEO plugin v27.4 - https:\/\/yoast.com\/product\/yoast-seo-wordpress\/ -->\n<title>Chair vive: Po\u00e9sies compl\u00e8tes - l&#039;\u00e9chapp\u00e9e close<\/title>\n<meta name=\"robots\" content=\"index, follow, max-snippet:-1, max-image-preview:large, max-video-preview:-1\" \/>\n<link rel=\"canonical\" href=\"http:\/\/lechappeeclose.it\/it\/boutique\/livres\/litterature\/poesie\/chair-vive-poesies-completes\/\" \/>\n<meta property=\"og:locale\" content=\"it_IT\" \/>\n<meta property=\"og:type\" content=\"article\" \/>\n<meta property=\"og:title\" content=\"Chair vive: Po\u00e9sies compl\u00e8tes - l&#039;\u00e9chapp\u00e9e close\" \/>\n<meta property=\"og:description\" content=\"Il y aura le premier jour \u00c0 la naissance du myst\u00e8re Un chant reniant la d\u00e9faite L\u2019Espoir comme un r\u00e2le d\u2019amour Br\u00fblant la gorge d\u2019un po\u00e8te R\u00e9unies ici en un seul volume, les po\u00e9sies \u00e9crites par Gris\u00e9lidis R\u00e9al depuis l\u2019\u00e2ge de 13 ans forment une \u0153uvre d\u2019une force et d\u2019une coh\u00e9rence rares. Du symbolisme des [&hellip;]\" \/>\n<meta property=\"og:url\" content=\"http:\/\/lechappeeclose.it\/it\/boutique\/livres\/litterature\/poesie\/chair-vive-poesies-completes\/\" \/>\n<meta property=\"og:site_name\" content=\"l&#039;\u00e9chapp\u00e9e close\" \/>\n<meta property=\"og:image\" content=\"http:\/\/lechappeeclose.it\/wp-content\/uploads\/2025\/02\/Chair-vive-Poesies-completes.jpg\" \/>\n\t<meta property=\"og:image:width\" content=\"304\" \/>\n\t<meta property=\"og:image:height\" content=\"500\" \/>\n\t<meta property=\"og:image:type\" content=\"image\/jpeg\" \/>\n<meta name=\"twitter:card\" content=\"summary_large_image\" \/>\n<meta name=\"twitter:label1\" content=\"Tempo di lettura stimato\" \/>\n\t<meta name=\"twitter:data1\" content=\"1 minuto\" \/>\n<script type=\"application\/ld+json\" class=\"yoast-schema-graph\">{\"@context\":\"https:\\\/\\\/schema.org\",\"@graph\":[{\"@type\":\"WebPage\",\"@id\":\"http:\\\/\\\/lechappeeclose.it\\\/boutique\\\/livres\\\/litterature\\\/poesie\\\/chair-vive-poesies-completes\\\/\",\"url\":\"http:\\\/\\\/lechappeeclose.it\\\/boutique\\\/livres\\\/litterature\\\/poesie\\\/chair-vive-poesies-completes\\\/\",\"name\":\"Chair vive: Po\u00e9sies compl\u00e8tes - l&#039;\u00e9chapp\u00e9e close\",\"isPartOf\":{\"@id\":\"http:\\\/\\\/lechappeeclose.it\\\/#website\"},\"primaryImageOfPage\":{\"@id\":\"http:\\\/\\\/lechappeeclose.it\\\/boutique\\\/livres\\\/litterature\\\/poesie\\\/chair-vive-poesies-completes\\\/#primaryimage\"},\"image\":{\"@id\":\"http:\\\/\\\/lechappeeclose.it\\\/boutique\\\/livres\\\/litterature\\\/poesie\\\/chair-vive-poesies-completes\\\/#primaryimage\"},\"thumbnailUrl\":\"http:\\\/\\\/lechappeeclose.it\\\/wp-content\\\/uploads\\\/2025\\\/02\\\/Chair-vive-Poesies-completes.jpg\",\"datePublished\":\"2025-02-04T11:04:54+00:00\",\"breadcrumb\":{\"@id\":\"http:\\\/\\\/lechappeeclose.it\\\/boutique\\\/livres\\\/litterature\\\/poesie\\\/chair-vive-poesies-completes\\\/#breadcrumb\"},\"inLanguage\":\"it-IT\",\"potentialAction\":[{\"@type\":\"ReadAction\",\"target\":[\"http:\\\/\\\/lechappeeclose.it\\\/boutique\\\/livres\\\/litterature\\\/poesie\\\/chair-vive-poesies-completes\\\/\"]}]},{\"@type\":\"ImageObject\",\"inLanguage\":\"it-IT\",\"@id\":\"http:\\\/\\\/lechappeeclose.it\\\/boutique\\\/livres\\\/litterature\\\/poesie\\\/chair-vive-poesies-completes\\\/#primaryimage\",\"url\":\"http:\\\/\\\/lechappeeclose.it\\\/wp-content\\\/uploads\\\/2025\\\/02\\\/Chair-vive-Poesies-completes.jpg\",\"contentUrl\":\"http:\\\/\\\/lechappeeclose.it\\\/wp-content\\\/uploads\\\/2025\\\/02\\\/Chair-vive-Poesies-completes.jpg\",\"width\":304,\"height\":500},{\"@type\":\"BreadcrumbList\",\"@id\":\"http:\\\/\\\/lechappeeclose.it\\\/boutique\\\/livres\\\/litterature\\\/poesie\\\/chair-vive-poesies-completes\\\/#breadcrumb\",\"itemListElement\":[{\"@type\":\"ListItem\",\"position\":1,\"name\":\"Accueil\",\"item\":\"http:\\\/\\\/lechappeeclose.it\\\/\"},{\"@type\":\"ListItem\",\"position\":2,\"name\":\"Boutique\",\"item\":\"http:\\\/\\\/lechappeeclose.it\\\/it\\\/boutique\\\/\"},{\"@type\":\"ListItem\",\"position\":3,\"name\":\"Chair vive: Po\u00e9sies compl\u00e8tes\"}]},{\"@type\":\"WebSite\",\"@id\":\"http:\\\/\\\/lechappeeclose.it\\\/#website\",\"url\":\"http:\\\/\\\/lechappeeclose.it\\\/\",\"name\":\"l&#039;\u00e9chapp\u00e9e close\",\"description\":\"la librairie fran\u00e7aise de Milan\",\"publisher\":{\"@id\":\"http:\\\/\\\/lechappeeclose.it\\\/#organization\"},\"alternateName\":\"La librairie fran\u00e7aise de Milan\",\"potentialAction\":[{\"@type\":\"SearchAction\",\"target\":{\"@type\":\"EntryPoint\",\"urlTemplate\":\"http:\\\/\\\/lechappeeclose.it\\\/?s={search_term_string}\"},\"query-input\":{\"@type\":\"PropertyValueSpecification\",\"valueRequired\":true,\"valueName\":\"search_term_string\"}}],\"inLanguage\":\"it-IT\"},{\"@type\":\"Organization\",\"@id\":\"http:\\\/\\\/lechappeeclose.it\\\/#organization\",\"name\":\"l&#039;\u00e9chapp\u00e9e close\",\"url\":\"http:\\\/\\\/lechappeeclose.it\\\/\",\"logo\":{\"@type\":\"ImageObject\",\"inLanguage\":\"it-IT\",\"@id\":\"http:\\\/\\\/lechappeeclose.it\\\/#\\\/schema\\\/logo\\\/image\\\/\",\"url\":\"http:\\\/\\\/lechappeeclose.it\\\/wp-content\\\/uploads\\\/2025\\\/02\\\/cropped-logo-rond.png\",\"contentUrl\":\"http:\\\/\\\/lechappeeclose.it\\\/wp-content\\\/uploads\\\/2025\\\/02\\\/cropped-logo-rond.png\",\"width\":1080,\"height\":1080,\"caption\":\"l&#039;\u00e9chapp\u00e9e close\"},\"image\":{\"@id\":\"http:\\\/\\\/lechappeeclose.it\\\/#\\\/schema\\\/logo\\\/image\\\/\"},\"sameAs\":[\"https:\\\/\\\/www.instagram.com\\\/lechappeeclose\\\/\"]}]}<\/script>\n<!-- \/ Yoast SEO plugin. -->","yoast_head_json":{"title":"Chair vive: Po\u00e9sies compl\u00e8tes - l&#039;\u00e9chapp\u00e9e close","robots":{"index":"index","follow":"follow","max-snippet":"max-snippet:-1","max-image-preview":"max-image-preview:large","max-video-preview":"max-video-preview:-1"},"canonical":"http:\/\/lechappeeclose.it\/it\/boutique\/livres\/litterature\/poesie\/chair-vive-poesies-completes\/","og_locale":"it_IT","og_type":"article","og_title":"Chair vive: Po\u00e9sies compl\u00e8tes - l&#039;\u00e9chapp\u00e9e close","og_description":"Il y aura le premier jour \u00c0 la naissance du myst\u00e8re Un chant reniant la d\u00e9faite L\u2019Espoir comme un r\u00e2le d\u2019amour Br\u00fblant la gorge d\u2019un po\u00e8te R\u00e9unies ici en un seul volume, les po\u00e9sies \u00e9crites par Gris\u00e9lidis R\u00e9al depuis l\u2019\u00e2ge de 13 ans forment une \u0153uvre d\u2019une force et d\u2019une coh\u00e9rence rares. Du symbolisme des [&hellip;]","og_url":"http:\/\/lechappeeclose.it\/it\/boutique\/livres\/litterature\/poesie\/chair-vive-poesies-completes\/","og_site_name":"l&#039;\u00e9chapp\u00e9e close","og_image":[{"width":304,"height":500,"url":"http:\/\/lechappeeclose.it\/wp-content\/uploads\/2025\/02\/Chair-vive-Poesies-completes.jpg","type":"image\/jpeg"}],"twitter_card":"summary_large_image","twitter_misc":{"Tempo di lettura stimato":"1 minuto"},"schema":{"@context":"https:\/\/schema.org","@graph":[{"@type":"WebPage","@id":"http:\/\/lechappeeclose.it\/boutique\/livres\/litterature\/poesie\/chair-vive-poesies-completes\/","url":"http:\/\/lechappeeclose.it\/boutique\/livres\/litterature\/poesie\/chair-vive-poesies-completes\/","name":"Chair vive: Po\u00e9sies compl\u00e8tes - l&#039;\u00e9chapp\u00e9e close","isPartOf":{"@id":"http:\/\/lechappeeclose.it\/#website"},"primaryImageOfPage":{"@id":"http:\/\/lechappeeclose.it\/boutique\/livres\/litterature\/poesie\/chair-vive-poesies-completes\/#primaryimage"},"image":{"@id":"http:\/\/lechappeeclose.it\/boutique\/livres\/litterature\/poesie\/chair-vive-poesies-completes\/#primaryimage"},"thumbnailUrl":"http:\/\/lechappeeclose.it\/wp-content\/uploads\/2025\/02\/Chair-vive-Poesies-completes.jpg","datePublished":"2025-02-04T11:04:54+00:00","breadcrumb":{"@id":"http:\/\/lechappeeclose.it\/boutique\/livres\/litterature\/poesie\/chair-vive-poesies-completes\/#breadcrumb"},"inLanguage":"it-IT","potentialAction":[{"@type":"ReadAction","target":["http:\/\/lechappeeclose.it\/boutique\/livres\/litterature\/poesie\/chair-vive-poesies-completes\/"]}]},{"@type":"ImageObject","inLanguage":"it-IT","@id":"http:\/\/lechappeeclose.it\/boutique\/livres\/litterature\/poesie\/chair-vive-poesies-completes\/#primaryimage","url":"http:\/\/lechappeeclose.it\/wp-content\/uploads\/2025\/02\/Chair-vive-Poesies-completes.jpg","contentUrl":"http:\/\/lechappeeclose.it\/wp-content\/uploads\/2025\/02\/Chair-vive-Poesies-completes.jpg","width":304,"height":500},{"@type":"BreadcrumbList","@id":"http:\/\/lechappeeclose.it\/boutique\/livres\/litterature\/poesie\/chair-vive-poesies-completes\/#breadcrumb","itemListElement":[{"@type":"ListItem","position":1,"name":"Accueil","item":"http:\/\/lechappeeclose.it\/"},{"@type":"ListItem","position":2,"name":"Boutique","item":"http:\/\/lechappeeclose.it\/it\/boutique\/"},{"@type":"ListItem","position":3,"name":"Chair vive: Po\u00e9sies compl\u00e8tes"}]},{"@type":"WebSite","@id":"http:\/\/lechappeeclose.it\/#website","url":"http:\/\/lechappeeclose.it\/","name":"l&#039;\u00e9chapp\u00e9e close","description":"La libreria francese di Milano","publisher":{"@id":"http:\/\/lechappeeclose.it\/#organization"},"alternateName":"La librairie fran\u00e7aise de Milan","potentialAction":[{"@type":"SearchAction","target":{"@type":"EntryPoint","urlTemplate":"http:\/\/lechappeeclose.it\/?s={search_term_string}"},"query-input":{"@type":"PropertyValueSpecification","valueRequired":true,"valueName":"search_term_string"}}],"inLanguage":"it-IT"},{"@type":"Organization","@id":"http:\/\/lechappeeclose.it\/#organization","name":"l&#039;\u00e9chapp\u00e9e close","url":"http:\/\/lechappeeclose.it\/","logo":{"@type":"ImageObject","inLanguage":"it-IT","@id":"http:\/\/lechappeeclose.it\/#\/schema\/logo\/image\/","url":"http:\/\/lechappeeclose.it\/wp-content\/uploads\/2025\/02\/cropped-logo-rond.png","contentUrl":"http:\/\/lechappeeclose.it\/wp-content\/uploads\/2025\/02\/cropped-logo-rond.png","width":1080,"height":1080,"caption":"l&#039;\u00e9chapp\u00e9e close"},"image":{"@id":"http:\/\/lechappeeclose.it\/#\/schema\/logo\/image\/"},"sameAs":["https:\/\/www.instagram.com\/lechappeeclose\/"]}]}},"_links":{"self":[{"href":"http:\/\/lechappeeclose.it\/it\/wp-json\/wp\/v2\/product\/4737","targetHints":{"allow":["GET"]}}],"collection":[{"href":"http:\/\/lechappeeclose.it\/it\/wp-json\/wp\/v2\/product"}],"about":[{"href":"http:\/\/lechappeeclose.it\/it\/wp-json\/wp\/v2\/types\/product"}],"replies":[{"embeddable":true,"href":"http:\/\/lechappeeclose.it\/it\/wp-json\/wp\/v2\/comments?post=4737"}],"wp:featuredmedia":[{"embeddable":true,"href":"http:\/\/lechappeeclose.it\/it\/wp-json\/wp\/v2\/media\/4736"}],"wp:attachment":[{"href":"http:\/\/lechappeeclose.it\/it\/wp-json\/wp\/v2\/media?parent=4737"}],"wp:term":[{"taxonomy":"product_brand","embeddable":true,"href":"http:\/\/lechappeeclose.it\/it\/wp-json\/wp\/v2\/product_brand?post=4737"},{"taxonomy":"product_cat","embeddable":true,"href":"http:\/\/lechappeeclose.it\/it\/wp-json\/wp\/v2\/product_cat?post=4737"},{"taxonomy":"product_tag","embeddable":true,"href":"http:\/\/lechappeeclose.it\/it\/wp-json\/wp\/v2\/product_tag?post=4737"}],"curies":[{"name":"wp","href":"https:\/\/api.w.org\/{rel}","templated":true}]}}