{"id":4711,"date":"2025-02-04T11:45:28","date_gmt":"2025-02-04T10:45:28","guid":{"rendered":"https:\/\/lechappeeclose.it\/produit\/nous-sommes-maintenant-nos-etres-chers\/"},"modified":"2025-02-04T11:45:28","modified_gmt":"2025-02-04T10:45:28","slug":"nous-sommes-maintenant-nos-etres-chers","status":"publish","type":"product","link":"http:\/\/lechappeeclose.it\/it\/boutique\/livres\/litterature\/poesie\/nous-sommes-maintenant-nos-etres-chers\/","title":{"rendered":"Nous sommes maintenant nos \u00eatres chers"},"content":{"rendered":"<p>&#8220;Les grands moments sont raresDans les ruelles confusesMais certainsSur le rebord du risqueChuchotent aux crans qui s\u2019ouvrentLe long de la cambrure&#8221;Simon Johannin renoue dans ses po\u00e8mes avec l\u2019univers de ses romans. Alors que les vers courent librement, souvent d\u00e9lest\u00e9s de leur ponctuation, des \u00e9motions intenses traversent la nuit comme des \u00e9toiles filantes.Des voyous pas m\u00e9chants, des jeunes gens pas pr\u00eats quoique robustes, se chamaillent pour trouver une place au soleil : &#8220;Des nouilles instantan\u00e9es dans des bacs en plastique \/ Tous les jours \/ Un euro cinquante, c\u2019\u00e9tait cher \/ Il allait plus loin, \u00e0 meilleur prix&#8221;. La pr\u00e9carit\u00e9 guette le porte-monnaie et les sentiments avec la m\u00eame f\u00e9rocit\u00e9. Les bastons taillent les visages, forgent les caract\u00e8res. Pourtant, devant le vertige du quotidien, les belles \u00e2mes qui peuplent ces po\u00e8mes t\u00e2chent de ne pas tomber dans les \u00e9cueils du ressentiment, et s\u2019acharnent \u00e0 trouver du sens et du plaisir l\u00e0-dedans. Et l\u2019amour parfois existe, se pr\u00e9sente avec fulgurance. Le d\u00e9sir de vivre finit par l\u2019emporter sur la r\u00e9signation. Loin des clich\u00e9s romantiques, le style visuel de Simon Johannin fait surgir par flashes des visions de corps furieux et sensuels, qui s\u2019imbibent de substances avant de s\u2019\u00e9craser avec fracas contre le macadam.Nous sommes maintenant nos \u00eatres chers pose un regard lucide et sensible sur une \u00e9poque sinistr\u00e9e o\u00f9 la passion jaillit malgr\u00e9 tout avec \u00e9clat.<\/p>","protected":false},"excerpt":{"rendered":"<p>&#8220;Les grands moments sont raresDans les ruelles confusesMais certainsSur le rebord du risqueChuchotent aux crans qui s\u2019ouvrentLe long de la cambrure&#8221;Simon Johannin renoue dans ses po\u00e8mes avec l\u2019univers de ses romans. Alors que les vers courent librement, souvent d\u00e9lest\u00e9s de leur ponctuation, des \u00e9motions intenses traversent la nuit comme des \u00e9toiles filantes.Des voyous pas m\u00e9chants, [&hellip;]<\/p>","protected":false},"featured_media":4710,"comment_status":"open","ping_status":"closed","template":"","meta":[],"product_brand":[],"product_cat":[48],"product_tag":[],"class_list":{"0":"post-4711","1":"product","2":"type-product","3":"status-publish","4":"has-post-thumbnail","6":"product_cat-poesie","8":"first","9":"instock","10":"taxable","11":"shipping-taxable","12":"purchasable","13":"product-type-simple"},"yoast_head":"<!-- This site is optimized with the Yoast SEO plugin v27.4 - https:\/\/yoast.com\/product\/yoast-seo-wordpress\/ -->\n<title>Nous sommes maintenant nos \u00eatres chers - l&#039;\u00e9chapp\u00e9e close<\/title>\n<meta name=\"robots\" content=\"index, follow, max-snippet:-1, max-image-preview:large, max-video-preview:-1\" \/>\n<link rel=\"canonical\" href=\"http:\/\/lechappeeclose.it\/it\/boutique\/livres\/litterature\/poesie\/nous-sommes-maintenant-nos-etres-chers\/\" \/>\n<meta property=\"og:locale\" content=\"it_IT\" \/>\n<meta property=\"og:type\" content=\"article\" \/>\n<meta property=\"og:title\" content=\"Nous sommes maintenant nos \u00eatres chers - l&#039;\u00e9chapp\u00e9e close\" \/>\n<meta property=\"og:description\" content=\"&#8220;Les grands moments sont raresDans les ruelles confusesMais certainsSur le rebord du risqueChuchotent aux crans qui s\u2019ouvrentLe long de la cambrure&#8221;Simon Johannin renoue dans ses po\u00e8mes avec l\u2019univers de ses romans. Alors que les vers courent librement, souvent d\u00e9lest\u00e9s de leur ponctuation, des \u00e9motions intenses traversent la nuit comme des \u00e9toiles filantes.Des voyous pas m\u00e9chants, [&hellip;]\" \/>\n<meta property=\"og:url\" content=\"http:\/\/lechappeeclose.it\/it\/boutique\/livres\/litterature\/poesie\/nous-sommes-maintenant-nos-etres-chers\/\" \/>\n<meta property=\"og:site_name\" content=\"l&#039;\u00e9chapp\u00e9e close\" \/>\n<meta property=\"og:image\" content=\"http:\/\/lechappeeclose.it\/wp-content\/uploads\/2025\/02\/Nous-sommes-maintenant-nos-etres-chers.jpg\" \/>\n\t<meta property=\"og:image:width\" content=\"250\" \/>\n\t<meta property=\"og:image:height\" content=\"392\" \/>\n\t<meta property=\"og:image:type\" content=\"image\/jpeg\" \/>\n<meta name=\"twitter:card\" content=\"summary_large_image\" \/>\n<meta name=\"twitter:label1\" content=\"Tempo di lettura stimato\" \/>\n\t<meta name=\"twitter:data1\" content=\"1 minuto\" \/>\n<script type=\"application\/ld+json\" class=\"yoast-schema-graph\">{\"@context\":\"https:\\\/\\\/schema.org\",\"@graph\":[{\"@type\":\"WebPage\",\"@id\":\"http:\\\/\\\/lechappeeclose.it\\\/boutique\\\/livres\\\/litterature\\\/poesie\\\/nous-sommes-maintenant-nos-etres-chers\\\/\",\"url\":\"http:\\\/\\\/lechappeeclose.it\\\/boutique\\\/livres\\\/litterature\\\/poesie\\\/nous-sommes-maintenant-nos-etres-chers\\\/\",\"name\":\"Nous sommes maintenant nos \u00eatres chers - l&#039;\u00e9chapp\u00e9e close\",\"isPartOf\":{\"@id\":\"http:\\\/\\\/lechappeeclose.it\\\/#website\"},\"primaryImageOfPage\":{\"@id\":\"http:\\\/\\\/lechappeeclose.it\\\/boutique\\\/livres\\\/litterature\\\/poesie\\\/nous-sommes-maintenant-nos-etres-chers\\\/#primaryimage\"},\"image\":{\"@id\":\"http:\\\/\\\/lechappeeclose.it\\\/boutique\\\/livres\\\/litterature\\\/poesie\\\/nous-sommes-maintenant-nos-etres-chers\\\/#primaryimage\"},\"thumbnailUrl\":\"http:\\\/\\\/lechappeeclose.it\\\/wp-content\\\/uploads\\\/2025\\\/02\\\/Nous-sommes-maintenant-nos-etres-chers.jpg\",\"datePublished\":\"2025-02-04T10:45:28+00:00\",\"breadcrumb\":{\"@id\":\"http:\\\/\\\/lechappeeclose.it\\\/boutique\\\/livres\\\/litterature\\\/poesie\\\/nous-sommes-maintenant-nos-etres-chers\\\/#breadcrumb\"},\"inLanguage\":\"it-IT\",\"potentialAction\":[{\"@type\":\"ReadAction\",\"target\":[\"http:\\\/\\\/lechappeeclose.it\\\/boutique\\\/livres\\\/litterature\\\/poesie\\\/nous-sommes-maintenant-nos-etres-chers\\\/\"]}]},{\"@type\":\"ImageObject\",\"inLanguage\":\"it-IT\",\"@id\":\"http:\\\/\\\/lechappeeclose.it\\\/boutique\\\/livres\\\/litterature\\\/poesie\\\/nous-sommes-maintenant-nos-etres-chers\\\/#primaryimage\",\"url\":\"http:\\\/\\\/lechappeeclose.it\\\/wp-content\\\/uploads\\\/2025\\\/02\\\/Nous-sommes-maintenant-nos-etres-chers.jpg\",\"contentUrl\":\"http:\\\/\\\/lechappeeclose.it\\\/wp-content\\\/uploads\\\/2025\\\/02\\\/Nous-sommes-maintenant-nos-etres-chers.jpg\",\"width\":250,\"height\":392},{\"@type\":\"BreadcrumbList\",\"@id\":\"http:\\\/\\\/lechappeeclose.it\\\/boutique\\\/livres\\\/litterature\\\/poesie\\\/nous-sommes-maintenant-nos-etres-chers\\\/#breadcrumb\",\"itemListElement\":[{\"@type\":\"ListItem\",\"position\":1,\"name\":\"Accueil\",\"item\":\"http:\\\/\\\/lechappeeclose.it\\\/\"},{\"@type\":\"ListItem\",\"position\":2,\"name\":\"Boutique\",\"item\":\"http:\\\/\\\/lechappeeclose.it\\\/boutique\\\/\"},{\"@type\":\"ListItem\",\"position\":3,\"name\":\"Nous sommes maintenant nos \u00eatres chers\"}]},{\"@type\":\"WebSite\",\"@id\":\"http:\\\/\\\/lechappeeclose.it\\\/#website\",\"url\":\"http:\\\/\\\/lechappeeclose.it\\\/\",\"name\":\"l&#039;\u00e9chapp\u00e9e close\",\"description\":\"la librairie fran\u00e7aise de Milan\",\"publisher\":{\"@id\":\"http:\\\/\\\/lechappeeclose.it\\\/#organization\"},\"alternateName\":\"La librairie fran\u00e7aise de Milan\",\"potentialAction\":[{\"@type\":\"SearchAction\",\"target\":{\"@type\":\"EntryPoint\",\"urlTemplate\":\"http:\\\/\\\/lechappeeclose.it\\\/?s={search_term_string}\"},\"query-input\":{\"@type\":\"PropertyValueSpecification\",\"valueRequired\":true,\"valueName\":\"search_term_string\"}}],\"inLanguage\":\"it-IT\"},{\"@type\":\"Organization\",\"@id\":\"http:\\\/\\\/lechappeeclose.it\\\/#organization\",\"name\":\"l&#039;\u00e9chapp\u00e9e close\",\"url\":\"http:\\\/\\\/lechappeeclose.it\\\/\",\"logo\":{\"@type\":\"ImageObject\",\"inLanguage\":\"it-IT\",\"@id\":\"http:\\\/\\\/lechappeeclose.it\\\/#\\\/schema\\\/logo\\\/image\\\/\",\"url\":\"http:\\\/\\\/lechappeeclose.it\\\/wp-content\\\/uploads\\\/2025\\\/02\\\/cropped-logo-rond.png\",\"contentUrl\":\"http:\\\/\\\/lechappeeclose.it\\\/wp-content\\\/uploads\\\/2025\\\/02\\\/cropped-logo-rond.png\",\"width\":1080,\"height\":1080,\"caption\":\"l&#039;\u00e9chapp\u00e9e close\"},\"image\":{\"@id\":\"http:\\\/\\\/lechappeeclose.it\\\/#\\\/schema\\\/logo\\\/image\\\/\"},\"sameAs\":[\"https:\\\/\\\/www.instagram.com\\\/lechappeeclose\\\/\"]}]}<\/script>\n<!-- \/ Yoast SEO plugin. -->","yoast_head_json":{"title":"Nous sommes maintenant nos \u00eatres chers - l&#039;\u00e9chapp\u00e9e close","robots":{"index":"index","follow":"follow","max-snippet":"max-snippet:-1","max-image-preview":"max-image-preview:large","max-video-preview":"max-video-preview:-1"},"canonical":"http:\/\/lechappeeclose.it\/it\/boutique\/livres\/litterature\/poesie\/nous-sommes-maintenant-nos-etres-chers\/","og_locale":"it_IT","og_type":"article","og_title":"Nous sommes maintenant nos \u00eatres chers - l&#039;\u00e9chapp\u00e9e close","og_description":"&#8220;Les grands moments sont raresDans les ruelles confusesMais certainsSur le rebord du risqueChuchotent aux crans qui s\u2019ouvrentLe long de la cambrure&#8221;Simon Johannin renoue dans ses po\u00e8mes avec l\u2019univers de ses romans. Alors que les vers courent librement, souvent d\u00e9lest\u00e9s de leur ponctuation, des \u00e9motions intenses traversent la nuit comme des \u00e9toiles filantes.Des voyous pas m\u00e9chants, [&hellip;]","og_url":"http:\/\/lechappeeclose.it\/it\/boutique\/livres\/litterature\/poesie\/nous-sommes-maintenant-nos-etres-chers\/","og_site_name":"l&#039;\u00e9chapp\u00e9e close","og_image":[{"width":250,"height":392,"url":"http:\/\/lechappeeclose.it\/wp-content\/uploads\/2025\/02\/Nous-sommes-maintenant-nos-etres-chers.jpg","type":"image\/jpeg"}],"twitter_card":"summary_large_image","twitter_misc":{"Tempo di lettura stimato":"1 minuto"},"schema":{"@context":"https:\/\/schema.org","@graph":[{"@type":"WebPage","@id":"http:\/\/lechappeeclose.it\/boutique\/livres\/litterature\/poesie\/nous-sommes-maintenant-nos-etres-chers\/","url":"http:\/\/lechappeeclose.it\/boutique\/livres\/litterature\/poesie\/nous-sommes-maintenant-nos-etres-chers\/","name":"Nous sommes maintenant nos \u00eatres chers - l&#039;\u00e9chapp\u00e9e close","isPartOf":{"@id":"http:\/\/lechappeeclose.it\/#website"},"primaryImageOfPage":{"@id":"http:\/\/lechappeeclose.it\/boutique\/livres\/litterature\/poesie\/nous-sommes-maintenant-nos-etres-chers\/#primaryimage"},"image":{"@id":"http:\/\/lechappeeclose.it\/boutique\/livres\/litterature\/poesie\/nous-sommes-maintenant-nos-etres-chers\/#primaryimage"},"thumbnailUrl":"http:\/\/lechappeeclose.it\/wp-content\/uploads\/2025\/02\/Nous-sommes-maintenant-nos-etres-chers.jpg","datePublished":"2025-02-04T10:45:28+00:00","breadcrumb":{"@id":"http:\/\/lechappeeclose.it\/boutique\/livres\/litterature\/poesie\/nous-sommes-maintenant-nos-etres-chers\/#breadcrumb"},"inLanguage":"it-IT","potentialAction":[{"@type":"ReadAction","target":["http:\/\/lechappeeclose.it\/boutique\/livres\/litterature\/poesie\/nous-sommes-maintenant-nos-etres-chers\/"]}]},{"@type":"ImageObject","inLanguage":"it-IT","@id":"http:\/\/lechappeeclose.it\/boutique\/livres\/litterature\/poesie\/nous-sommes-maintenant-nos-etres-chers\/#primaryimage","url":"http:\/\/lechappeeclose.it\/wp-content\/uploads\/2025\/02\/Nous-sommes-maintenant-nos-etres-chers.jpg","contentUrl":"http:\/\/lechappeeclose.it\/wp-content\/uploads\/2025\/02\/Nous-sommes-maintenant-nos-etres-chers.jpg","width":250,"height":392},{"@type":"BreadcrumbList","@id":"http:\/\/lechappeeclose.it\/boutique\/livres\/litterature\/poesie\/nous-sommes-maintenant-nos-etres-chers\/#breadcrumb","itemListElement":[{"@type":"ListItem","position":1,"name":"Accueil","item":"http:\/\/lechappeeclose.it\/"},{"@type":"ListItem","position":2,"name":"Boutique","item":"http:\/\/lechappeeclose.it\/boutique\/"},{"@type":"ListItem","position":3,"name":"Nous sommes maintenant nos \u00eatres chers"}]},{"@type":"WebSite","@id":"http:\/\/lechappeeclose.it\/#website","url":"http:\/\/lechappeeclose.it\/","name":"l&#039;\u00e9chapp\u00e9e close","description":"La libreria francese di Milano","publisher":{"@id":"http:\/\/lechappeeclose.it\/#organization"},"alternateName":"La librairie fran\u00e7aise de Milan","potentialAction":[{"@type":"SearchAction","target":{"@type":"EntryPoint","urlTemplate":"http:\/\/lechappeeclose.it\/?s={search_term_string}"},"query-input":{"@type":"PropertyValueSpecification","valueRequired":true,"valueName":"search_term_string"}}],"inLanguage":"it-IT"},{"@type":"Organization","@id":"http:\/\/lechappeeclose.it\/#organization","name":"l&#039;\u00e9chapp\u00e9e close","url":"http:\/\/lechappeeclose.it\/","logo":{"@type":"ImageObject","inLanguage":"it-IT","@id":"http:\/\/lechappeeclose.it\/#\/schema\/logo\/image\/","url":"http:\/\/lechappeeclose.it\/wp-content\/uploads\/2025\/02\/cropped-logo-rond.png","contentUrl":"http:\/\/lechappeeclose.it\/wp-content\/uploads\/2025\/02\/cropped-logo-rond.png","width":1080,"height":1080,"caption":"l&#039;\u00e9chapp\u00e9e close"},"image":{"@id":"http:\/\/lechappeeclose.it\/#\/schema\/logo\/image\/"},"sameAs":["https:\/\/www.instagram.com\/lechappeeclose\/"]}]}},"_links":{"self":[{"href":"http:\/\/lechappeeclose.it\/it\/wp-json\/wp\/v2\/product\/4711","targetHints":{"allow":["GET"]}}],"collection":[{"href":"http:\/\/lechappeeclose.it\/it\/wp-json\/wp\/v2\/product"}],"about":[{"href":"http:\/\/lechappeeclose.it\/it\/wp-json\/wp\/v2\/types\/product"}],"replies":[{"embeddable":true,"href":"http:\/\/lechappeeclose.it\/it\/wp-json\/wp\/v2\/comments?post=4711"}],"wp:featuredmedia":[{"embeddable":true,"href":"http:\/\/lechappeeclose.it\/it\/wp-json\/wp\/v2\/media\/4710"}],"wp:attachment":[{"href":"http:\/\/lechappeeclose.it\/it\/wp-json\/wp\/v2\/media?parent=4711"}],"wp:term":[{"taxonomy":"product_brand","embeddable":true,"href":"http:\/\/lechappeeclose.it\/it\/wp-json\/wp\/v2\/product_brand?post=4711"},{"taxonomy":"product_cat","embeddable":true,"href":"http:\/\/lechappeeclose.it\/it\/wp-json\/wp\/v2\/product_cat?post=4711"},{"taxonomy":"product_tag","embeddable":true,"href":"http:\/\/lechappeeclose.it\/it\/wp-json\/wp\/v2\/product_tag?post=4711"}],"curies":[{"name":"wp","href":"https:\/\/api.w.org\/{rel}","templated":true}]}}