{"id":4671,"date":"2025-02-04T11:28:45","date_gmt":"2025-02-04T10:28:45","guid":{"rendered":"https:\/\/lechappeeclose.it\/produit\/textes-pour-un-poeme-poemes-pour-un-texte-1949-1991\/"},"modified":"2025-02-04T11:28:45","modified_gmt":"2025-02-04T10:28:45","slug":"textes-pour-un-poeme-poemes-pour-un-texte-1949-1991","status":"publish","type":"product","link":"http:\/\/lechappeeclose.it\/it\/boutique\/livres\/litterature\/poesie\/textes-pour-un-poeme-poemes-pour-un-texte-1949-1991\/","title":{"rendered":"Textes pour un po\u00e8me \/ Po\u00e8mes pour un texte: 1949-1991"},"content":{"rendered":"<p>Depuis la mort d&#8217;Andr\u00e9e Chedid en 2011, sa po\u00e9sie ne cesse de s&#8217;affirmer comme une des plus fortes et des plus originales de la deuxi\u00e8me moiti\u00e9 du XX\u1d49 si\u00e8cle. T\u00e9moin le succ\u00e8s qui ne se d\u00e9ment pas de Rythmes, le premier volume de la po\u00e9tesse publi\u00e9 en Po\u00e9sie\/Gallimard. Si ce recueil de la fin de sa vie est assur\u00e9ment une franche r\u00e9ussite, il \u00e9tait n\u00e9cessaire, pour rendre justice \u00e0 l&#8217;importance de son apport, d&#8217;inscrire \u00e0 notre catalogue les deux titres qui constituent le sommet de son oeuvre po\u00e9tique : Textes pour un po\u00e8me et Po\u00e8mes pour un texte. Ces deux volumes qui rassemblent des recueils parus entre 1949 et 1991 concentrent l&#8217;essentiel des th\u00e8mes qui font la singularit\u00e9 de sa parole, l&#8217;\u00e9loge de la vie invincible sur fond d&#8217;une lucidit\u00e9 sans compromis quant au tragique de la condition humaine, l&#8217;\u00e9loge de l&#8217;autre et de l&#8217;ouvert, la r\u00e9cusation obstin\u00e9e de tout ce qui cl\u00f4t et limite le pas et le regard. Ils montrent aussi la constance de son art po\u00e9tique fait \u00e0 la fois d&#8217;\u00e9lan et de concision que Matthieu Chedid, son petit-fils \u00e0 qui nous avons demand\u00e9 d&#8217;\u00e9crire la pr\u00e9face de cette publication, d\u00e9finit d&#8217;une belle et juste formule comme &#8220;\u00e0 la fois volatile et dense&#8221;. Cette parution co\u00efncide avec le centi\u00e8me anniversaire de la naissance d&#8217;Andr\u00e9 Chedid.<\/p>","protected":false},"excerpt":{"rendered":"<p>Depuis la mort d&#8217;Andr\u00e9e Chedid en 2011, sa po\u00e9sie ne cesse de s&#8217;affirmer comme une des plus fortes et des plus originales de la deuxi\u00e8me moiti\u00e9 du XX\u1d49 si\u00e8cle. T\u00e9moin le succ\u00e8s qui ne se d\u00e9ment pas de Rythmes, le premier volume de la po\u00e9tesse publi\u00e9 en Po\u00e9sie\/Gallimard. Si ce recueil de la fin de [&hellip;]<\/p>","protected":false},"featured_media":4670,"comment_status":"open","ping_status":"closed","template":"","meta":[],"product_brand":[],"product_cat":[48],"product_tag":[],"class_list":{"0":"post-4671","1":"product","2":"type-product","3":"status-publish","4":"has-post-thumbnail","6":"product_cat-poesie","8":"first","9":"instock","10":"taxable","11":"shipping-taxable","12":"purchasable","13":"product-type-simple"},"yoast_head":"<!-- This site is optimized with the Yoast SEO plugin v27.4 - https:\/\/yoast.com\/product\/yoast-seo-wordpress\/ -->\n<title>Textes pour un po\u00e8me \/ Po\u00e8mes pour un texte: 1949-1991 - l&#039;\u00e9chapp\u00e9e close<\/title>\n<meta name=\"robots\" content=\"index, follow, max-snippet:-1, max-image-preview:large, max-video-preview:-1\" \/>\n<link rel=\"canonical\" href=\"http:\/\/lechappeeclose.it\/it\/boutique\/livres\/litterature\/poesie\/textes-pour-un-poeme-poemes-pour-un-texte-1949-1991\/\" \/>\n<meta property=\"og:locale\" content=\"it_IT\" \/>\n<meta property=\"og:type\" content=\"article\" \/>\n<meta property=\"og:title\" content=\"Textes pour un po\u00e8me \/ Po\u00e8mes pour un texte: 1949-1991 - l&#039;\u00e9chapp\u00e9e close\" \/>\n<meta property=\"og:description\" content=\"Depuis la mort d&#8217;Andr\u00e9e Chedid en 2011, sa po\u00e9sie ne cesse de s&#8217;affirmer comme une des plus fortes et des plus originales de la deuxi\u00e8me moiti\u00e9 du XX\u1d49 si\u00e8cle. T\u00e9moin le succ\u00e8s qui ne se d\u00e9ment pas de Rythmes, le premier volume de la po\u00e9tesse publi\u00e9 en Po\u00e9sie\/Gallimard. Si ce recueil de la fin de [&hellip;]\" \/>\n<meta property=\"og:url\" content=\"http:\/\/lechappeeclose.it\/it\/boutique\/livres\/litterature\/poesie\/textes-pour-un-poeme-poemes-pour-un-texte-1949-1991\/\" \/>\n<meta property=\"og:site_name\" content=\"l&#039;\u00e9chapp\u00e9e close\" \/>\n<meta property=\"og:image\" content=\"http:\/\/lechappeeclose.it\/wp-content\/uploads\/2025\/02\/Textes-pour-un-poeme-Poemes-pour-un-texte-1949-1991.jpg\" \/>\n\t<meta property=\"og:image:width\" content=\"1276\" \/>\n\t<meta property=\"og:image:height\" content=\"2102\" \/>\n\t<meta property=\"og:image:type\" content=\"image\/jpeg\" \/>\n<meta name=\"twitter:card\" content=\"summary_large_image\" \/>\n<meta name=\"twitter:label1\" content=\"Tempo di lettura stimato\" \/>\n\t<meta name=\"twitter:data1\" content=\"1 minuto\" \/>\n<script type=\"application\/ld+json\" class=\"yoast-schema-graph\">{\"@context\":\"https:\\\/\\\/schema.org\",\"@graph\":[{\"@type\":\"WebPage\",\"@id\":\"http:\\\/\\\/lechappeeclose.it\\\/boutique\\\/livres\\\/litterature\\\/poesie\\\/textes-pour-un-poeme-poemes-pour-un-texte-1949-1991\\\/\",\"url\":\"http:\\\/\\\/lechappeeclose.it\\\/boutique\\\/livres\\\/litterature\\\/poesie\\\/textes-pour-un-poeme-poemes-pour-un-texte-1949-1991\\\/\",\"name\":\"Textes pour un po\u00e8me \\\/ Po\u00e8mes pour un texte: 1949-1991 - l&#039;\u00e9chapp\u00e9e close\",\"isPartOf\":{\"@id\":\"http:\\\/\\\/lechappeeclose.it\\\/#website\"},\"primaryImageOfPage\":{\"@id\":\"http:\\\/\\\/lechappeeclose.it\\\/boutique\\\/livres\\\/litterature\\\/poesie\\\/textes-pour-un-poeme-poemes-pour-un-texte-1949-1991\\\/#primaryimage\"},\"image\":{\"@id\":\"http:\\\/\\\/lechappeeclose.it\\\/boutique\\\/livres\\\/litterature\\\/poesie\\\/textes-pour-un-poeme-poemes-pour-un-texte-1949-1991\\\/#primaryimage\"},\"thumbnailUrl\":\"http:\\\/\\\/lechappeeclose.it\\\/wp-content\\\/uploads\\\/2025\\\/02\\\/Textes-pour-un-poeme-Poemes-pour-un-texte-1949-1991.jpg\",\"datePublished\":\"2025-02-04T10:28:45+00:00\",\"breadcrumb\":{\"@id\":\"http:\\\/\\\/lechappeeclose.it\\\/boutique\\\/livres\\\/litterature\\\/poesie\\\/textes-pour-un-poeme-poemes-pour-un-texte-1949-1991\\\/#breadcrumb\"},\"inLanguage\":\"it-IT\",\"potentialAction\":[{\"@type\":\"ReadAction\",\"target\":[\"http:\\\/\\\/lechappeeclose.it\\\/boutique\\\/livres\\\/litterature\\\/poesie\\\/textes-pour-un-poeme-poemes-pour-un-texte-1949-1991\\\/\"]}]},{\"@type\":\"ImageObject\",\"inLanguage\":\"it-IT\",\"@id\":\"http:\\\/\\\/lechappeeclose.it\\\/boutique\\\/livres\\\/litterature\\\/poesie\\\/textes-pour-un-poeme-poemes-pour-un-texte-1949-1991\\\/#primaryimage\",\"url\":\"http:\\\/\\\/lechappeeclose.it\\\/wp-content\\\/uploads\\\/2025\\\/02\\\/Textes-pour-un-poeme-Poemes-pour-un-texte-1949-1991.jpg\",\"contentUrl\":\"http:\\\/\\\/lechappeeclose.it\\\/wp-content\\\/uploads\\\/2025\\\/02\\\/Textes-pour-un-poeme-Poemes-pour-un-texte-1949-1991.jpg\",\"width\":1276,\"height\":2102},{\"@type\":\"BreadcrumbList\",\"@id\":\"http:\\\/\\\/lechappeeclose.it\\\/boutique\\\/livres\\\/litterature\\\/poesie\\\/textes-pour-un-poeme-poemes-pour-un-texte-1949-1991\\\/#breadcrumb\",\"itemListElement\":[{\"@type\":\"ListItem\",\"position\":1,\"name\":\"Accueil\",\"item\":\"http:\\\/\\\/lechappeeclose.it\\\/\"},{\"@type\":\"ListItem\",\"position\":2,\"name\":\"Boutique\",\"item\":\"http:\\\/\\\/lechappeeclose.it\\\/it\\\/boutique\\\/\"},{\"@type\":\"ListItem\",\"position\":3,\"name\":\"Textes pour un po\u00e8me \\\/ Po\u00e8mes pour un texte: 1949-1991\"}]},{\"@type\":\"WebSite\",\"@id\":\"http:\\\/\\\/lechappeeclose.it\\\/#website\",\"url\":\"http:\\\/\\\/lechappeeclose.it\\\/\",\"name\":\"l&#039;\u00e9chapp\u00e9e close\",\"description\":\"la librairie fran\u00e7aise de Milan\",\"publisher\":{\"@id\":\"http:\\\/\\\/lechappeeclose.it\\\/#organization\"},\"alternateName\":\"La librairie fran\u00e7aise de Milan\",\"potentialAction\":[{\"@type\":\"SearchAction\",\"target\":{\"@type\":\"EntryPoint\",\"urlTemplate\":\"http:\\\/\\\/lechappeeclose.it\\\/?s={search_term_string}\"},\"query-input\":{\"@type\":\"PropertyValueSpecification\",\"valueRequired\":true,\"valueName\":\"search_term_string\"}}],\"inLanguage\":\"it-IT\"},{\"@type\":\"Organization\",\"@id\":\"http:\\\/\\\/lechappeeclose.it\\\/#organization\",\"name\":\"l&#039;\u00e9chapp\u00e9e close\",\"url\":\"http:\\\/\\\/lechappeeclose.it\\\/\",\"logo\":{\"@type\":\"ImageObject\",\"inLanguage\":\"it-IT\",\"@id\":\"http:\\\/\\\/lechappeeclose.it\\\/#\\\/schema\\\/logo\\\/image\\\/\",\"url\":\"http:\\\/\\\/lechappeeclose.it\\\/wp-content\\\/uploads\\\/2025\\\/02\\\/cropped-logo-rond.png\",\"contentUrl\":\"http:\\\/\\\/lechappeeclose.it\\\/wp-content\\\/uploads\\\/2025\\\/02\\\/cropped-logo-rond.png\",\"width\":1080,\"height\":1080,\"caption\":\"l&#039;\u00e9chapp\u00e9e close\"},\"image\":{\"@id\":\"http:\\\/\\\/lechappeeclose.it\\\/#\\\/schema\\\/logo\\\/image\\\/\"},\"sameAs\":[\"https:\\\/\\\/www.instagram.com\\\/lechappeeclose\\\/\"]}]}<\/script>\n<!-- \/ Yoast SEO plugin. -->","yoast_head_json":{"title":"Textes pour un po\u00e8me \/ Po\u00e8mes pour un texte: 1949-1991 - l&#039;\u00e9chapp\u00e9e close","robots":{"index":"index","follow":"follow","max-snippet":"max-snippet:-1","max-image-preview":"max-image-preview:large","max-video-preview":"max-video-preview:-1"},"canonical":"http:\/\/lechappeeclose.it\/it\/boutique\/livres\/litterature\/poesie\/textes-pour-un-poeme-poemes-pour-un-texte-1949-1991\/","og_locale":"it_IT","og_type":"article","og_title":"Textes pour un po\u00e8me \/ Po\u00e8mes pour un texte: 1949-1991 - l&#039;\u00e9chapp\u00e9e close","og_description":"Depuis la mort d&#8217;Andr\u00e9e Chedid en 2011, sa po\u00e9sie ne cesse de s&#8217;affirmer comme une des plus fortes et des plus originales de la deuxi\u00e8me moiti\u00e9 du XX\u1d49 si\u00e8cle. T\u00e9moin le succ\u00e8s qui ne se d\u00e9ment pas de Rythmes, le premier volume de la po\u00e9tesse publi\u00e9 en Po\u00e9sie\/Gallimard. Si ce recueil de la fin de [&hellip;]","og_url":"http:\/\/lechappeeclose.it\/it\/boutique\/livres\/litterature\/poesie\/textes-pour-un-poeme-poemes-pour-un-texte-1949-1991\/","og_site_name":"l&#039;\u00e9chapp\u00e9e close","og_image":[{"width":1276,"height":2102,"url":"http:\/\/lechappeeclose.it\/wp-content\/uploads\/2025\/02\/Textes-pour-un-poeme-Poemes-pour-un-texte-1949-1991.jpg","type":"image\/jpeg"}],"twitter_card":"summary_large_image","twitter_misc":{"Tempo di lettura stimato":"1 minuto"},"schema":{"@context":"https:\/\/schema.org","@graph":[{"@type":"WebPage","@id":"http:\/\/lechappeeclose.it\/boutique\/livres\/litterature\/poesie\/textes-pour-un-poeme-poemes-pour-un-texte-1949-1991\/","url":"http:\/\/lechappeeclose.it\/boutique\/livres\/litterature\/poesie\/textes-pour-un-poeme-poemes-pour-un-texte-1949-1991\/","name":"Textes pour un po\u00e8me \/ Po\u00e8mes pour un texte: 1949-1991 - l&#039;\u00e9chapp\u00e9e close","isPartOf":{"@id":"http:\/\/lechappeeclose.it\/#website"},"primaryImageOfPage":{"@id":"http:\/\/lechappeeclose.it\/boutique\/livres\/litterature\/poesie\/textes-pour-un-poeme-poemes-pour-un-texte-1949-1991\/#primaryimage"},"image":{"@id":"http:\/\/lechappeeclose.it\/boutique\/livres\/litterature\/poesie\/textes-pour-un-poeme-poemes-pour-un-texte-1949-1991\/#primaryimage"},"thumbnailUrl":"http:\/\/lechappeeclose.it\/wp-content\/uploads\/2025\/02\/Textes-pour-un-poeme-Poemes-pour-un-texte-1949-1991.jpg","datePublished":"2025-02-04T10:28:45+00:00","breadcrumb":{"@id":"http:\/\/lechappeeclose.it\/boutique\/livres\/litterature\/poesie\/textes-pour-un-poeme-poemes-pour-un-texte-1949-1991\/#breadcrumb"},"inLanguage":"it-IT","potentialAction":[{"@type":"ReadAction","target":["http:\/\/lechappeeclose.it\/boutique\/livres\/litterature\/poesie\/textes-pour-un-poeme-poemes-pour-un-texte-1949-1991\/"]}]},{"@type":"ImageObject","inLanguage":"it-IT","@id":"http:\/\/lechappeeclose.it\/boutique\/livres\/litterature\/poesie\/textes-pour-un-poeme-poemes-pour-un-texte-1949-1991\/#primaryimage","url":"http:\/\/lechappeeclose.it\/wp-content\/uploads\/2025\/02\/Textes-pour-un-poeme-Poemes-pour-un-texte-1949-1991.jpg","contentUrl":"http:\/\/lechappeeclose.it\/wp-content\/uploads\/2025\/02\/Textes-pour-un-poeme-Poemes-pour-un-texte-1949-1991.jpg","width":1276,"height":2102},{"@type":"BreadcrumbList","@id":"http:\/\/lechappeeclose.it\/boutique\/livres\/litterature\/poesie\/textes-pour-un-poeme-poemes-pour-un-texte-1949-1991\/#breadcrumb","itemListElement":[{"@type":"ListItem","position":1,"name":"Accueil","item":"http:\/\/lechappeeclose.it\/"},{"@type":"ListItem","position":2,"name":"Boutique","item":"http:\/\/lechappeeclose.it\/it\/boutique\/"},{"@type":"ListItem","position":3,"name":"Textes pour un po\u00e8me \/ Po\u00e8mes pour un texte: 1949-1991"}]},{"@type":"WebSite","@id":"http:\/\/lechappeeclose.it\/#website","url":"http:\/\/lechappeeclose.it\/","name":"l&#039;\u00e9chapp\u00e9e close","description":"La libreria francese di Milano","publisher":{"@id":"http:\/\/lechappeeclose.it\/#organization"},"alternateName":"La librairie fran\u00e7aise de Milan","potentialAction":[{"@type":"SearchAction","target":{"@type":"EntryPoint","urlTemplate":"http:\/\/lechappeeclose.it\/?s={search_term_string}"},"query-input":{"@type":"PropertyValueSpecification","valueRequired":true,"valueName":"search_term_string"}}],"inLanguage":"it-IT"},{"@type":"Organization","@id":"http:\/\/lechappeeclose.it\/#organization","name":"l&#039;\u00e9chapp\u00e9e close","url":"http:\/\/lechappeeclose.it\/","logo":{"@type":"ImageObject","inLanguage":"it-IT","@id":"http:\/\/lechappeeclose.it\/#\/schema\/logo\/image\/","url":"http:\/\/lechappeeclose.it\/wp-content\/uploads\/2025\/02\/cropped-logo-rond.png","contentUrl":"http:\/\/lechappeeclose.it\/wp-content\/uploads\/2025\/02\/cropped-logo-rond.png","width":1080,"height":1080,"caption":"l&#039;\u00e9chapp\u00e9e close"},"image":{"@id":"http:\/\/lechappeeclose.it\/#\/schema\/logo\/image\/"},"sameAs":["https:\/\/www.instagram.com\/lechappeeclose\/"]}]}},"_links":{"self":[{"href":"http:\/\/lechappeeclose.it\/it\/wp-json\/wp\/v2\/product\/4671","targetHints":{"allow":["GET"]}}],"collection":[{"href":"http:\/\/lechappeeclose.it\/it\/wp-json\/wp\/v2\/product"}],"about":[{"href":"http:\/\/lechappeeclose.it\/it\/wp-json\/wp\/v2\/types\/product"}],"replies":[{"embeddable":true,"href":"http:\/\/lechappeeclose.it\/it\/wp-json\/wp\/v2\/comments?post=4671"}],"wp:featuredmedia":[{"embeddable":true,"href":"http:\/\/lechappeeclose.it\/it\/wp-json\/wp\/v2\/media\/4670"}],"wp:attachment":[{"href":"http:\/\/lechappeeclose.it\/it\/wp-json\/wp\/v2\/media?parent=4671"}],"wp:term":[{"taxonomy":"product_brand","embeddable":true,"href":"http:\/\/lechappeeclose.it\/it\/wp-json\/wp\/v2\/product_brand?post=4671"},{"taxonomy":"product_cat","embeddable":true,"href":"http:\/\/lechappeeclose.it\/it\/wp-json\/wp\/v2\/product_cat?post=4671"},{"taxonomy":"product_tag","embeddable":true,"href":"http:\/\/lechappeeclose.it\/it\/wp-json\/wp\/v2\/product_tag?post=4671"}],"curies":[{"name":"wp","href":"https:\/\/api.w.org\/{rel}","templated":true}]}}