{"id":4661,"date":"2025-02-04T11:26:15","date_gmt":"2025-02-04T10:26:15","guid":{"rendered":"https:\/\/lechappeeclose.it\/produit\/le-spleen-de-paris-petits-poemes-en-prose\/"},"modified":"2025-02-20T14:41:57","modified_gmt":"2025-02-20T13:41:57","slug":"le-spleen-de-paris-petits-poemes-en-prose","status":"publish","type":"product","link":"http:\/\/lechappeeclose.it\/it\/boutique\/livres\/litterature\/poesie\/le-spleen-de-paris-petits-poemes-en-prose\/","title":{"rendered":"Le Spleen de Paris (Petits Po\u00e8mes en prose)"},"content":{"rendered":"<p>&#8220;J&#8217;invoque la muse famili\u00e8re, la citadine, la vivante, pour qu&#8217;elle m&#8217;aide \u00e0 chanter les bons chiens, les pauvres chiens, les chiens crott\u00e9s, ceux-l\u00e0 que chacun \u00e9carte, comme pestif\u00e9r\u00e9s et pouilleux, except\u00e9 le pauvre dont ils sont les associ\u00e9s, et le po\u00e8te qui les regarde d&#8217;un oeil fraternel&#8221;, \u00e9crit Baudelaire. La m\u00e9taphore \u00e9voque le petit peuple des Po\u00e8mes en prose : veuves esseul\u00e9es dans les parcs, myst\u00e9rieuse recluse aper\u00e7ue \u00e0 la fen\u00eatre d&#8217;une mansarde, mendiants glorieux ou mis\u00e9rables. Donnant \u00e0 voir les turpitudes urbaines et sociales de la capitale au XIXe si\u00e8cle, Le Spleen de Paris compl\u00e8te la galerie des &#8220;Tableaux parisiens&#8221; r\u00e9unis dans Les Fleurs du mal. Et le po\u00e8te, tant\u00f4t dandy indiff\u00e9rent, tant\u00f4t fl\u00e2neur fraternel, de saisir dans le spectacle ordinaire de la rue les mille et uns reflets de la modernit\u00e9 de son \u00e9poque.<\/p>","protected":false},"excerpt":{"rendered":"<p>&#8220;J&#8217;invoque la muse famili\u00e8re, la citadine, la vivante, pour qu&#8217;elle m&#8217;aide \u00e0 chanter les bons chiens, les pauvres chiens, les chiens crott\u00e9s, ceux-l\u00e0 que chacun \u00e9carte, comme pestif\u00e9r\u00e9s et pouilleux, except\u00e9 le pauvre dont ils sont les associ\u00e9s, et le po\u00e8te qui les regarde d&#8217;un oeil fraternel&#8221;, \u00e9crit Baudelaire. La m\u00e9taphore \u00e9voque le petit peuple [&hellip;]<\/p>","protected":false},"featured_media":4660,"comment_status":"open","ping_status":"closed","template":"","meta":[],"product_brand":[],"product_cat":[48],"product_tag":[],"class_list":{"0":"post-4661","1":"product","2":"type-product","3":"status-publish","4":"has-post-thumbnail","6":"product_cat-poesie","8":"first","9":"outofstock","10":"taxable","11":"shipping-taxable","12":"purchasable","13":"product-type-simple"},"yoast_head":"<!-- This site is optimized with the Yoast SEO plugin v27.4 - https:\/\/yoast.com\/product\/yoast-seo-wordpress\/ -->\n<title>Le Spleen de Paris (Petits Po\u00e8mes en prose) - l&#039;\u00e9chapp\u00e9e close<\/title>\n<meta name=\"robots\" content=\"index, follow, max-snippet:-1, max-image-preview:large, max-video-preview:-1\" \/>\n<link rel=\"canonical\" href=\"http:\/\/lechappeeclose.it\/it\/boutique\/livres\/litterature\/poesie\/le-spleen-de-paris-petits-poemes-en-prose\/\" \/>\n<meta property=\"og:locale\" content=\"it_IT\" \/>\n<meta property=\"og:type\" content=\"article\" \/>\n<meta property=\"og:title\" content=\"Le Spleen de Paris (Petits Po\u00e8mes en prose) - l&#039;\u00e9chapp\u00e9e close\" \/>\n<meta property=\"og:description\" content=\"&#8220;J&#8217;invoque la muse famili\u00e8re, la citadine, la vivante, pour qu&#8217;elle m&#8217;aide \u00e0 chanter les bons chiens, les pauvres chiens, les chiens crott\u00e9s, ceux-l\u00e0 que chacun \u00e9carte, comme pestif\u00e9r\u00e9s et pouilleux, except\u00e9 le pauvre dont ils sont les associ\u00e9s, et le po\u00e8te qui les regarde d&#8217;un oeil fraternel&#8221;, \u00e9crit Baudelaire. La m\u00e9taphore \u00e9voque le petit peuple [&hellip;]\" \/>\n<meta property=\"og:url\" content=\"http:\/\/lechappeeclose.it\/it\/boutique\/livres\/litterature\/poesie\/le-spleen-de-paris-petits-poemes-en-prose\/\" \/>\n<meta property=\"og:site_name\" content=\"l&#039;\u00e9chapp\u00e9e close\" \/>\n<meta property=\"article:modified_time\" content=\"2025-02-20T13:41:57+00:00\" \/>\n<meta property=\"og:image\" content=\"http:\/\/lechappeeclose.it\/wp-content\/uploads\/2025\/02\/Le-Spleen-de-Paris-Petits-Poemes-en-prose.jpg\" \/>\n\t<meta property=\"og:image:width\" content=\"351\" \/>\n\t<meta property=\"og:image:height\" content=\"500\" \/>\n\t<meta property=\"og:image:type\" content=\"image\/jpeg\" \/>\n<meta name=\"twitter:card\" content=\"summary_large_image\" \/>\n<meta name=\"twitter:label1\" content=\"Tempo di lettura stimato\" \/>\n\t<meta name=\"twitter:data1\" content=\"1 minuto\" \/>\n<script type=\"application\/ld+json\" class=\"yoast-schema-graph\">{\"@context\":\"https:\\\/\\\/schema.org\",\"@graph\":[{\"@type\":\"WebPage\",\"@id\":\"http:\\\/\\\/lechappeeclose.it\\\/boutique\\\/livres\\\/litterature\\\/poesie\\\/le-spleen-de-paris-petits-poemes-en-prose\\\/\",\"url\":\"http:\\\/\\\/lechappeeclose.it\\\/boutique\\\/livres\\\/litterature\\\/poesie\\\/le-spleen-de-paris-petits-poemes-en-prose\\\/\",\"name\":\"Le Spleen de Paris (Petits Po\u00e8mes en prose) - l&#039;\u00e9chapp\u00e9e close\",\"isPartOf\":{\"@id\":\"http:\\\/\\\/lechappeeclose.it\\\/#website\"},\"primaryImageOfPage\":{\"@id\":\"http:\\\/\\\/lechappeeclose.it\\\/boutique\\\/livres\\\/litterature\\\/poesie\\\/le-spleen-de-paris-petits-poemes-en-prose\\\/#primaryimage\"},\"image\":{\"@id\":\"http:\\\/\\\/lechappeeclose.it\\\/boutique\\\/livres\\\/litterature\\\/poesie\\\/le-spleen-de-paris-petits-poemes-en-prose\\\/#primaryimage\"},\"thumbnailUrl\":\"http:\\\/\\\/lechappeeclose.it\\\/wp-content\\\/uploads\\\/2025\\\/02\\\/Le-Spleen-de-Paris-Petits-Poemes-en-prose.jpg\",\"datePublished\":\"2025-02-04T10:26:15+00:00\",\"dateModified\":\"2025-02-20T13:41:57+00:00\",\"breadcrumb\":{\"@id\":\"http:\\\/\\\/lechappeeclose.it\\\/boutique\\\/livres\\\/litterature\\\/poesie\\\/le-spleen-de-paris-petits-poemes-en-prose\\\/#breadcrumb\"},\"inLanguage\":\"it-IT\",\"potentialAction\":[{\"@type\":\"ReadAction\",\"target\":[\"http:\\\/\\\/lechappeeclose.it\\\/boutique\\\/livres\\\/litterature\\\/poesie\\\/le-spleen-de-paris-petits-poemes-en-prose\\\/\"]}]},{\"@type\":\"ImageObject\",\"inLanguage\":\"it-IT\",\"@id\":\"http:\\\/\\\/lechappeeclose.it\\\/boutique\\\/livres\\\/litterature\\\/poesie\\\/le-spleen-de-paris-petits-poemes-en-prose\\\/#primaryimage\",\"url\":\"http:\\\/\\\/lechappeeclose.it\\\/wp-content\\\/uploads\\\/2025\\\/02\\\/Le-Spleen-de-Paris-Petits-Poemes-en-prose.jpg\",\"contentUrl\":\"http:\\\/\\\/lechappeeclose.it\\\/wp-content\\\/uploads\\\/2025\\\/02\\\/Le-Spleen-de-Paris-Petits-Poemes-en-prose.jpg\",\"width\":351,\"height\":500},{\"@type\":\"BreadcrumbList\",\"@id\":\"http:\\\/\\\/lechappeeclose.it\\\/boutique\\\/livres\\\/litterature\\\/poesie\\\/le-spleen-de-paris-petits-poemes-en-prose\\\/#breadcrumb\",\"itemListElement\":[{\"@type\":\"ListItem\",\"position\":1,\"name\":\"Accueil\",\"item\":\"http:\\\/\\\/lechappeeclose.it\\\/\"},{\"@type\":\"ListItem\",\"position\":2,\"name\":\"Boutique\",\"item\":\"http:\\\/\\\/lechappeeclose.it\\\/it\\\/boutique\\\/\"},{\"@type\":\"ListItem\",\"position\":3,\"name\":\"Le Spleen de Paris (Petits Po\u00e8mes en prose)\"}]},{\"@type\":\"WebSite\",\"@id\":\"http:\\\/\\\/lechappeeclose.it\\\/#website\",\"url\":\"http:\\\/\\\/lechappeeclose.it\\\/\",\"name\":\"l&#039;\u00e9chapp\u00e9e close\",\"description\":\"la librairie fran\u00e7aise de Milan\",\"publisher\":{\"@id\":\"http:\\\/\\\/lechappeeclose.it\\\/#organization\"},\"alternateName\":\"La librairie fran\u00e7aise de Milan\",\"potentialAction\":[{\"@type\":\"SearchAction\",\"target\":{\"@type\":\"EntryPoint\",\"urlTemplate\":\"http:\\\/\\\/lechappeeclose.it\\\/?s={search_term_string}\"},\"query-input\":{\"@type\":\"PropertyValueSpecification\",\"valueRequired\":true,\"valueName\":\"search_term_string\"}}],\"inLanguage\":\"it-IT\"},{\"@type\":\"Organization\",\"@id\":\"http:\\\/\\\/lechappeeclose.it\\\/#organization\",\"name\":\"l&#039;\u00e9chapp\u00e9e close\",\"url\":\"http:\\\/\\\/lechappeeclose.it\\\/\",\"logo\":{\"@type\":\"ImageObject\",\"inLanguage\":\"it-IT\",\"@id\":\"http:\\\/\\\/lechappeeclose.it\\\/#\\\/schema\\\/logo\\\/image\\\/\",\"url\":\"http:\\\/\\\/lechappeeclose.it\\\/wp-content\\\/uploads\\\/2025\\\/02\\\/cropped-logo-rond.png\",\"contentUrl\":\"http:\\\/\\\/lechappeeclose.it\\\/wp-content\\\/uploads\\\/2025\\\/02\\\/cropped-logo-rond.png\",\"width\":1080,\"height\":1080,\"caption\":\"l&#039;\u00e9chapp\u00e9e close\"},\"image\":{\"@id\":\"http:\\\/\\\/lechappeeclose.it\\\/#\\\/schema\\\/logo\\\/image\\\/\"},\"sameAs\":[\"https:\\\/\\\/www.instagram.com\\\/lechappeeclose\\\/\"]}]}<\/script>\n<!-- \/ Yoast SEO plugin. -->","yoast_head_json":{"title":"Le Spleen de Paris (Petits Po\u00e8mes en prose) - l&#039;\u00e9chapp\u00e9e close","robots":{"index":"index","follow":"follow","max-snippet":"max-snippet:-1","max-image-preview":"max-image-preview:large","max-video-preview":"max-video-preview:-1"},"canonical":"http:\/\/lechappeeclose.it\/it\/boutique\/livres\/litterature\/poesie\/le-spleen-de-paris-petits-poemes-en-prose\/","og_locale":"it_IT","og_type":"article","og_title":"Le Spleen de Paris (Petits Po\u00e8mes en prose) - l&#039;\u00e9chapp\u00e9e close","og_description":"&#8220;J&#8217;invoque la muse famili\u00e8re, la citadine, la vivante, pour qu&#8217;elle m&#8217;aide \u00e0 chanter les bons chiens, les pauvres chiens, les chiens crott\u00e9s, ceux-l\u00e0 que chacun \u00e9carte, comme pestif\u00e9r\u00e9s et pouilleux, except\u00e9 le pauvre dont ils sont les associ\u00e9s, et le po\u00e8te qui les regarde d&#8217;un oeil fraternel&#8221;, \u00e9crit Baudelaire. La m\u00e9taphore \u00e9voque le petit peuple [&hellip;]","og_url":"http:\/\/lechappeeclose.it\/it\/boutique\/livres\/litterature\/poesie\/le-spleen-de-paris-petits-poemes-en-prose\/","og_site_name":"l&#039;\u00e9chapp\u00e9e close","article_modified_time":"2025-02-20T13:41:57+00:00","og_image":[{"width":351,"height":500,"url":"http:\/\/lechappeeclose.it\/wp-content\/uploads\/2025\/02\/Le-Spleen-de-Paris-Petits-Poemes-en-prose.jpg","type":"image\/jpeg"}],"twitter_card":"summary_large_image","twitter_misc":{"Tempo di lettura stimato":"1 minuto"},"schema":{"@context":"https:\/\/schema.org","@graph":[{"@type":"WebPage","@id":"http:\/\/lechappeeclose.it\/boutique\/livres\/litterature\/poesie\/le-spleen-de-paris-petits-poemes-en-prose\/","url":"http:\/\/lechappeeclose.it\/boutique\/livres\/litterature\/poesie\/le-spleen-de-paris-petits-poemes-en-prose\/","name":"Le Spleen de Paris (Petits Po\u00e8mes en prose) - l&#039;\u00e9chapp\u00e9e close","isPartOf":{"@id":"http:\/\/lechappeeclose.it\/#website"},"primaryImageOfPage":{"@id":"http:\/\/lechappeeclose.it\/boutique\/livres\/litterature\/poesie\/le-spleen-de-paris-petits-poemes-en-prose\/#primaryimage"},"image":{"@id":"http:\/\/lechappeeclose.it\/boutique\/livres\/litterature\/poesie\/le-spleen-de-paris-petits-poemes-en-prose\/#primaryimage"},"thumbnailUrl":"http:\/\/lechappeeclose.it\/wp-content\/uploads\/2025\/02\/Le-Spleen-de-Paris-Petits-Poemes-en-prose.jpg","datePublished":"2025-02-04T10:26:15+00:00","dateModified":"2025-02-20T13:41:57+00:00","breadcrumb":{"@id":"http:\/\/lechappeeclose.it\/boutique\/livres\/litterature\/poesie\/le-spleen-de-paris-petits-poemes-en-prose\/#breadcrumb"},"inLanguage":"it-IT","potentialAction":[{"@type":"ReadAction","target":["http:\/\/lechappeeclose.it\/boutique\/livres\/litterature\/poesie\/le-spleen-de-paris-petits-poemes-en-prose\/"]}]},{"@type":"ImageObject","inLanguage":"it-IT","@id":"http:\/\/lechappeeclose.it\/boutique\/livres\/litterature\/poesie\/le-spleen-de-paris-petits-poemes-en-prose\/#primaryimage","url":"http:\/\/lechappeeclose.it\/wp-content\/uploads\/2025\/02\/Le-Spleen-de-Paris-Petits-Poemes-en-prose.jpg","contentUrl":"http:\/\/lechappeeclose.it\/wp-content\/uploads\/2025\/02\/Le-Spleen-de-Paris-Petits-Poemes-en-prose.jpg","width":351,"height":500},{"@type":"BreadcrumbList","@id":"http:\/\/lechappeeclose.it\/boutique\/livres\/litterature\/poesie\/le-spleen-de-paris-petits-poemes-en-prose\/#breadcrumb","itemListElement":[{"@type":"ListItem","position":1,"name":"Accueil","item":"http:\/\/lechappeeclose.it\/"},{"@type":"ListItem","position":2,"name":"Boutique","item":"http:\/\/lechappeeclose.it\/it\/boutique\/"},{"@type":"ListItem","position":3,"name":"Le Spleen de Paris (Petits Po\u00e8mes en prose)"}]},{"@type":"WebSite","@id":"http:\/\/lechappeeclose.it\/#website","url":"http:\/\/lechappeeclose.it\/","name":"l&#039;\u00e9chapp\u00e9e close","description":"La libreria francese di Milano","publisher":{"@id":"http:\/\/lechappeeclose.it\/#organization"},"alternateName":"La librairie fran\u00e7aise de Milan","potentialAction":[{"@type":"SearchAction","target":{"@type":"EntryPoint","urlTemplate":"http:\/\/lechappeeclose.it\/?s={search_term_string}"},"query-input":{"@type":"PropertyValueSpecification","valueRequired":true,"valueName":"search_term_string"}}],"inLanguage":"it-IT"},{"@type":"Organization","@id":"http:\/\/lechappeeclose.it\/#organization","name":"l&#039;\u00e9chapp\u00e9e close","url":"http:\/\/lechappeeclose.it\/","logo":{"@type":"ImageObject","inLanguage":"it-IT","@id":"http:\/\/lechappeeclose.it\/#\/schema\/logo\/image\/","url":"http:\/\/lechappeeclose.it\/wp-content\/uploads\/2025\/02\/cropped-logo-rond.png","contentUrl":"http:\/\/lechappeeclose.it\/wp-content\/uploads\/2025\/02\/cropped-logo-rond.png","width":1080,"height":1080,"caption":"l&#039;\u00e9chapp\u00e9e close"},"image":{"@id":"http:\/\/lechappeeclose.it\/#\/schema\/logo\/image\/"},"sameAs":["https:\/\/www.instagram.com\/lechappeeclose\/"]}]}},"_links":{"self":[{"href":"http:\/\/lechappeeclose.it\/it\/wp-json\/wp\/v2\/product\/4661","targetHints":{"allow":["GET"]}}],"collection":[{"href":"http:\/\/lechappeeclose.it\/it\/wp-json\/wp\/v2\/product"}],"about":[{"href":"http:\/\/lechappeeclose.it\/it\/wp-json\/wp\/v2\/types\/product"}],"replies":[{"embeddable":true,"href":"http:\/\/lechappeeclose.it\/it\/wp-json\/wp\/v2\/comments?post=4661"}],"wp:featuredmedia":[{"embeddable":true,"href":"http:\/\/lechappeeclose.it\/it\/wp-json\/wp\/v2\/media\/4660"}],"wp:attachment":[{"href":"http:\/\/lechappeeclose.it\/it\/wp-json\/wp\/v2\/media?parent=4661"}],"wp:term":[{"taxonomy":"product_brand","embeddable":true,"href":"http:\/\/lechappeeclose.it\/it\/wp-json\/wp\/v2\/product_brand?post=4661"},{"taxonomy":"product_cat","embeddable":true,"href":"http:\/\/lechappeeclose.it\/it\/wp-json\/wp\/v2\/product_cat?post=4661"},{"taxonomy":"product_tag","embeddable":true,"href":"http:\/\/lechappeeclose.it\/it\/wp-json\/wp\/v2\/product_tag?post=4661"}],"curies":[{"name":"wp","href":"https:\/\/api.w.org\/{rel}","templated":true}]}}