{"id":4641,"date":"2025-02-04T11:21:57","date_gmt":"2025-02-04T10:21:57","guid":{"rendered":"https:\/\/lechappeeclose.it\/produit\/faire-lamour-et-faire-la-guerre\/"},"modified":"2025-02-04T11:21:57","modified_gmt":"2025-02-04T10:21:57","slug":"faire-lamour-et-faire-la-guerre","status":"publish","type":"product","link":"http:\/\/lechappeeclose.it\/it\/boutique\/livres\/litterature\/poesie\/faire-lamour-et-faire-la-guerre\/","title":{"rendered":"Faire l&#8217;amour et faire la guerre"},"content":{"rendered":"<p>La correspondance in\u00e9dite en un seul volume des lettres d&#8217;Apollinaire aux femmes qu&#8217;il a aim\u00e9. Guillaume Apollinaire avait sept ma\u00eetresses de plume pendant la Grande Guerre : les cinq femmes qu&#8217;\u00e9taient Marie, Louise, Madeleine, Jeanne et Jacqueline et deux all\u00e9gories, la guerre et la mort. \u00c0 toutes il \u00e9crivit des lettres qui \u00e9taient tr\u00e8s souvent porteuses de ses plus beaux vers.&#8221; Faire l&#8217;amour et faire la guerre &#8221; : d\u00e8s le 10 ao\u00fbt 1914, date de sa demande d&#8217;engagement volontaire et de naturalisation, Guillaume Apollinaire a d\u00e9cid\u00e9 qu&#8217;il n&#8217;aurait pas d&#8217;autre choix. Entre le 4 avril 1915, date de son d\u00e9part pour le front et le jour de sa mort, le 9 novembre 1918, Guillaume Apollinaire ne cesse d&#8217;\u00e9crire aux femmes aim\u00e9es. C&#8217;est sans doute de sa part une strat\u00e9gie secr\u00e8te et subtile pour survivre au c\u0153ur de l&#8217;apocalypse. Cr\u00e9er pour contrer le n\u00e9ant et r\u00e9sister \u00e0 la destruction. Canaliser son \u00e9nergie vitale en \u00e9rotisant, en po\u00e9tisant tous ce qui passe, les femmes comme les tranch\u00e9es. Exorciser la mort en cultivant l&#8217;obsession de la beaut\u00e9 des choses. Ne jamais perdre l&#8217;\u0153il du peintre-po\u00e8te. Exprimer les merveilles de la bataille, qu&#8217;elle soit amoureuse ou guerri\u00e8re. Conjurer en permanence, combattre ses trois compagnes de toujours, celles qui le harc\u00e8lent depuis sa petite enfance, et contre lesquelles il lutte en permanence : l&#8217;angoisse, la tristesse et la solitude.<\/p>","protected":false},"excerpt":{"rendered":"<p>La correspondance in\u00e9dite en un seul volume des lettres d&#8217;Apollinaire aux femmes qu&#8217;il a aim\u00e9. Guillaume Apollinaire avait sept ma\u00eetresses de plume pendant la Grande Guerre : les cinq femmes qu&#8217;\u00e9taient Marie, Louise, Madeleine, Jeanne et Jacqueline et deux all\u00e9gories, la guerre et la mort. \u00c0 toutes il \u00e9crivit des lettres qui \u00e9taient tr\u00e8s souvent [&hellip;]<\/p>","protected":false},"featured_media":4640,"comment_status":"open","ping_status":"closed","template":"","meta":[],"product_brand":[],"product_cat":[48],"product_tag":[],"class_list":{"0":"post-4641","1":"product","2":"type-product","3":"status-publish","4":"has-post-thumbnail","6":"product_cat-poesie","8":"first","9":"instock","10":"taxable","11":"shipping-taxable","12":"purchasable","13":"product-type-simple"},"yoast_head":"<!-- This site is optimized with the Yoast SEO plugin v27.4 - https:\/\/yoast.com\/product\/yoast-seo-wordpress\/ -->\n<title>Faire l&#039;amour et faire la guerre - l&#039;\u00e9chapp\u00e9e close<\/title>\n<meta name=\"robots\" content=\"index, follow, max-snippet:-1, max-image-preview:large, max-video-preview:-1\" \/>\n<link rel=\"canonical\" href=\"http:\/\/lechappeeclose.it\/it\/boutique\/livres\/litterature\/poesie\/faire-lamour-et-faire-la-guerre\/\" \/>\n<meta property=\"og:locale\" content=\"it_IT\" \/>\n<meta property=\"og:type\" content=\"article\" \/>\n<meta property=\"og:title\" content=\"Faire l&#039;amour et faire la guerre - l&#039;\u00e9chapp\u00e9e close\" \/>\n<meta property=\"og:description\" content=\"La correspondance in\u00e9dite en un seul volume des lettres d&#8217;Apollinaire aux femmes qu&#8217;il a aim\u00e9. Guillaume Apollinaire avait sept ma\u00eetresses de plume pendant la Grande Guerre : les cinq femmes qu&#8217;\u00e9taient Marie, Louise, Madeleine, Jeanne et Jacqueline et deux all\u00e9gories, la guerre et la mort. \u00c0 toutes il \u00e9crivit des lettres qui \u00e9taient tr\u00e8s souvent [&hellip;]\" \/>\n<meta property=\"og:url\" content=\"http:\/\/lechappeeclose.it\/it\/boutique\/livres\/litterature\/poesie\/faire-lamour-et-faire-la-guerre\/\" \/>\n<meta property=\"og:site_name\" content=\"l&#039;\u00e9chapp\u00e9e close\" \/>\n<meta property=\"og:image\" content=\"http:\/\/lechappeeclose.it\/wp-content\/uploads\/2025\/02\/Faire-lamour-et-faire-la-guerre.jpg\" \/>\n\t<meta property=\"og:image:width\" content=\"306\" \/>\n\t<meta property=\"og:image:height\" content=\"500\" \/>\n\t<meta property=\"og:image:type\" content=\"image\/jpeg\" \/>\n<meta name=\"twitter:card\" content=\"summary_large_image\" \/>\n<meta name=\"twitter:label1\" content=\"Tempo di lettura stimato\" \/>\n\t<meta name=\"twitter:data1\" content=\"1 minuto\" \/>\n<script type=\"application\/ld+json\" class=\"yoast-schema-graph\">{\"@context\":\"https:\\\/\\\/schema.org\",\"@graph\":[{\"@type\":\"WebPage\",\"@id\":\"http:\\\/\\\/lechappeeclose.it\\\/boutique\\\/livres\\\/litterature\\\/poesie\\\/faire-lamour-et-faire-la-guerre\\\/\",\"url\":\"http:\\\/\\\/lechappeeclose.it\\\/boutique\\\/livres\\\/litterature\\\/poesie\\\/faire-lamour-et-faire-la-guerre\\\/\",\"name\":\"Faire l'amour et faire la guerre - l&#039;\u00e9chapp\u00e9e close\",\"isPartOf\":{\"@id\":\"http:\\\/\\\/lechappeeclose.it\\\/#website\"},\"primaryImageOfPage\":{\"@id\":\"http:\\\/\\\/lechappeeclose.it\\\/boutique\\\/livres\\\/litterature\\\/poesie\\\/faire-lamour-et-faire-la-guerre\\\/#primaryimage\"},\"image\":{\"@id\":\"http:\\\/\\\/lechappeeclose.it\\\/boutique\\\/livres\\\/litterature\\\/poesie\\\/faire-lamour-et-faire-la-guerre\\\/#primaryimage\"},\"thumbnailUrl\":\"http:\\\/\\\/lechappeeclose.it\\\/wp-content\\\/uploads\\\/2025\\\/02\\\/Faire-lamour-et-faire-la-guerre.jpg\",\"datePublished\":\"2025-02-04T10:21:57+00:00\",\"breadcrumb\":{\"@id\":\"http:\\\/\\\/lechappeeclose.it\\\/boutique\\\/livres\\\/litterature\\\/poesie\\\/faire-lamour-et-faire-la-guerre\\\/#breadcrumb\"},\"inLanguage\":\"it-IT\",\"potentialAction\":[{\"@type\":\"ReadAction\",\"target\":[\"http:\\\/\\\/lechappeeclose.it\\\/boutique\\\/livres\\\/litterature\\\/poesie\\\/faire-lamour-et-faire-la-guerre\\\/\"]}]},{\"@type\":\"ImageObject\",\"inLanguage\":\"it-IT\",\"@id\":\"http:\\\/\\\/lechappeeclose.it\\\/boutique\\\/livres\\\/litterature\\\/poesie\\\/faire-lamour-et-faire-la-guerre\\\/#primaryimage\",\"url\":\"http:\\\/\\\/lechappeeclose.it\\\/wp-content\\\/uploads\\\/2025\\\/02\\\/Faire-lamour-et-faire-la-guerre.jpg\",\"contentUrl\":\"http:\\\/\\\/lechappeeclose.it\\\/wp-content\\\/uploads\\\/2025\\\/02\\\/Faire-lamour-et-faire-la-guerre.jpg\",\"width\":306,\"height\":500},{\"@type\":\"BreadcrumbList\",\"@id\":\"http:\\\/\\\/lechappeeclose.it\\\/boutique\\\/livres\\\/litterature\\\/poesie\\\/faire-lamour-et-faire-la-guerre\\\/#breadcrumb\",\"itemListElement\":[{\"@type\":\"ListItem\",\"position\":1,\"name\":\"Accueil\",\"item\":\"http:\\\/\\\/lechappeeclose.it\\\/\"},{\"@type\":\"ListItem\",\"position\":2,\"name\":\"Boutique\",\"item\":\"http:\\\/\\\/lechappeeclose.it\\\/it\\\/boutique\\\/\"},{\"@type\":\"ListItem\",\"position\":3,\"name\":\"Faire l&#8217;amour et faire la guerre\"}]},{\"@type\":\"WebSite\",\"@id\":\"http:\\\/\\\/lechappeeclose.it\\\/#website\",\"url\":\"http:\\\/\\\/lechappeeclose.it\\\/\",\"name\":\"l&#039;\u00e9chapp\u00e9e close\",\"description\":\"la librairie fran\u00e7aise de Milan\",\"publisher\":{\"@id\":\"http:\\\/\\\/lechappeeclose.it\\\/#organization\"},\"alternateName\":\"La librairie fran\u00e7aise de Milan\",\"potentialAction\":[{\"@type\":\"SearchAction\",\"target\":{\"@type\":\"EntryPoint\",\"urlTemplate\":\"http:\\\/\\\/lechappeeclose.it\\\/?s={search_term_string}\"},\"query-input\":{\"@type\":\"PropertyValueSpecification\",\"valueRequired\":true,\"valueName\":\"search_term_string\"}}],\"inLanguage\":\"it-IT\"},{\"@type\":\"Organization\",\"@id\":\"http:\\\/\\\/lechappeeclose.it\\\/#organization\",\"name\":\"l&#039;\u00e9chapp\u00e9e close\",\"url\":\"http:\\\/\\\/lechappeeclose.it\\\/\",\"logo\":{\"@type\":\"ImageObject\",\"inLanguage\":\"it-IT\",\"@id\":\"http:\\\/\\\/lechappeeclose.it\\\/#\\\/schema\\\/logo\\\/image\\\/\",\"url\":\"http:\\\/\\\/lechappeeclose.it\\\/wp-content\\\/uploads\\\/2025\\\/02\\\/cropped-logo-rond.png\",\"contentUrl\":\"http:\\\/\\\/lechappeeclose.it\\\/wp-content\\\/uploads\\\/2025\\\/02\\\/cropped-logo-rond.png\",\"width\":1080,\"height\":1080,\"caption\":\"l&#039;\u00e9chapp\u00e9e close\"},\"image\":{\"@id\":\"http:\\\/\\\/lechappeeclose.it\\\/#\\\/schema\\\/logo\\\/image\\\/\"},\"sameAs\":[\"https:\\\/\\\/www.instagram.com\\\/lechappeeclose\\\/\"]}]}<\/script>\n<!-- \/ Yoast SEO plugin. -->","yoast_head_json":{"title":"Faire l'amour et faire la guerre - l&#039;\u00e9chapp\u00e9e close","robots":{"index":"index","follow":"follow","max-snippet":"max-snippet:-1","max-image-preview":"max-image-preview:large","max-video-preview":"max-video-preview:-1"},"canonical":"http:\/\/lechappeeclose.it\/it\/boutique\/livres\/litterature\/poesie\/faire-lamour-et-faire-la-guerre\/","og_locale":"it_IT","og_type":"article","og_title":"Faire l'amour et faire la guerre - l&#039;\u00e9chapp\u00e9e close","og_description":"La correspondance in\u00e9dite en un seul volume des lettres d&#8217;Apollinaire aux femmes qu&#8217;il a aim\u00e9. Guillaume Apollinaire avait sept ma\u00eetresses de plume pendant la Grande Guerre : les cinq femmes qu&#8217;\u00e9taient Marie, Louise, Madeleine, Jeanne et Jacqueline et deux all\u00e9gories, la guerre et la mort. \u00c0 toutes il \u00e9crivit des lettres qui \u00e9taient tr\u00e8s souvent [&hellip;]","og_url":"http:\/\/lechappeeclose.it\/it\/boutique\/livres\/litterature\/poesie\/faire-lamour-et-faire-la-guerre\/","og_site_name":"l&#039;\u00e9chapp\u00e9e close","og_image":[{"width":306,"height":500,"url":"http:\/\/lechappeeclose.it\/wp-content\/uploads\/2025\/02\/Faire-lamour-et-faire-la-guerre.jpg","type":"image\/jpeg"}],"twitter_card":"summary_large_image","twitter_misc":{"Tempo di lettura stimato":"1 minuto"},"schema":{"@context":"https:\/\/schema.org","@graph":[{"@type":"WebPage","@id":"http:\/\/lechappeeclose.it\/boutique\/livres\/litterature\/poesie\/faire-lamour-et-faire-la-guerre\/","url":"http:\/\/lechappeeclose.it\/boutique\/livres\/litterature\/poesie\/faire-lamour-et-faire-la-guerre\/","name":"Faire l'amour et faire la guerre - l&#039;\u00e9chapp\u00e9e close","isPartOf":{"@id":"http:\/\/lechappeeclose.it\/#website"},"primaryImageOfPage":{"@id":"http:\/\/lechappeeclose.it\/boutique\/livres\/litterature\/poesie\/faire-lamour-et-faire-la-guerre\/#primaryimage"},"image":{"@id":"http:\/\/lechappeeclose.it\/boutique\/livres\/litterature\/poesie\/faire-lamour-et-faire-la-guerre\/#primaryimage"},"thumbnailUrl":"http:\/\/lechappeeclose.it\/wp-content\/uploads\/2025\/02\/Faire-lamour-et-faire-la-guerre.jpg","datePublished":"2025-02-04T10:21:57+00:00","breadcrumb":{"@id":"http:\/\/lechappeeclose.it\/boutique\/livres\/litterature\/poesie\/faire-lamour-et-faire-la-guerre\/#breadcrumb"},"inLanguage":"it-IT","potentialAction":[{"@type":"ReadAction","target":["http:\/\/lechappeeclose.it\/boutique\/livres\/litterature\/poesie\/faire-lamour-et-faire-la-guerre\/"]}]},{"@type":"ImageObject","inLanguage":"it-IT","@id":"http:\/\/lechappeeclose.it\/boutique\/livres\/litterature\/poesie\/faire-lamour-et-faire-la-guerre\/#primaryimage","url":"http:\/\/lechappeeclose.it\/wp-content\/uploads\/2025\/02\/Faire-lamour-et-faire-la-guerre.jpg","contentUrl":"http:\/\/lechappeeclose.it\/wp-content\/uploads\/2025\/02\/Faire-lamour-et-faire-la-guerre.jpg","width":306,"height":500},{"@type":"BreadcrumbList","@id":"http:\/\/lechappeeclose.it\/boutique\/livres\/litterature\/poesie\/faire-lamour-et-faire-la-guerre\/#breadcrumb","itemListElement":[{"@type":"ListItem","position":1,"name":"Accueil","item":"http:\/\/lechappeeclose.it\/"},{"@type":"ListItem","position":2,"name":"Boutique","item":"http:\/\/lechappeeclose.it\/it\/boutique\/"},{"@type":"ListItem","position":3,"name":"Faire l&#8217;amour et faire la guerre"}]},{"@type":"WebSite","@id":"http:\/\/lechappeeclose.it\/#website","url":"http:\/\/lechappeeclose.it\/","name":"l&#039;\u00e9chapp\u00e9e close","description":"La libreria francese di Milano","publisher":{"@id":"http:\/\/lechappeeclose.it\/#organization"},"alternateName":"La librairie fran\u00e7aise de Milan","potentialAction":[{"@type":"SearchAction","target":{"@type":"EntryPoint","urlTemplate":"http:\/\/lechappeeclose.it\/?s={search_term_string}"},"query-input":{"@type":"PropertyValueSpecification","valueRequired":true,"valueName":"search_term_string"}}],"inLanguage":"it-IT"},{"@type":"Organization","@id":"http:\/\/lechappeeclose.it\/#organization","name":"l&#039;\u00e9chapp\u00e9e close","url":"http:\/\/lechappeeclose.it\/","logo":{"@type":"ImageObject","inLanguage":"it-IT","@id":"http:\/\/lechappeeclose.it\/#\/schema\/logo\/image\/","url":"http:\/\/lechappeeclose.it\/wp-content\/uploads\/2025\/02\/cropped-logo-rond.png","contentUrl":"http:\/\/lechappeeclose.it\/wp-content\/uploads\/2025\/02\/cropped-logo-rond.png","width":1080,"height":1080,"caption":"l&#039;\u00e9chapp\u00e9e close"},"image":{"@id":"http:\/\/lechappeeclose.it\/#\/schema\/logo\/image\/"},"sameAs":["https:\/\/www.instagram.com\/lechappeeclose\/"]}]}},"_links":{"self":[{"href":"http:\/\/lechappeeclose.it\/it\/wp-json\/wp\/v2\/product\/4641","targetHints":{"allow":["GET"]}}],"collection":[{"href":"http:\/\/lechappeeclose.it\/it\/wp-json\/wp\/v2\/product"}],"about":[{"href":"http:\/\/lechappeeclose.it\/it\/wp-json\/wp\/v2\/types\/product"}],"replies":[{"embeddable":true,"href":"http:\/\/lechappeeclose.it\/it\/wp-json\/wp\/v2\/comments?post=4641"}],"wp:featuredmedia":[{"embeddable":true,"href":"http:\/\/lechappeeclose.it\/it\/wp-json\/wp\/v2\/media\/4640"}],"wp:attachment":[{"href":"http:\/\/lechappeeclose.it\/it\/wp-json\/wp\/v2\/media?parent=4641"}],"wp:term":[{"taxonomy":"product_brand","embeddable":true,"href":"http:\/\/lechappeeclose.it\/it\/wp-json\/wp\/v2\/product_brand?post=4641"},{"taxonomy":"product_cat","embeddable":true,"href":"http:\/\/lechappeeclose.it\/it\/wp-json\/wp\/v2\/product_cat?post=4641"},{"taxonomy":"product_tag","embeddable":true,"href":"http:\/\/lechappeeclose.it\/it\/wp-json\/wp\/v2\/product_tag?post=4641"}],"curies":[{"name":"wp","href":"https:\/\/api.w.org\/{rel}","templated":true}]}}