{"id":4637,"date":"2025-02-04T11:21:14","date_gmt":"2025-02-04T10:21:14","guid":{"rendered":"https:\/\/lechappeeclose.it\/produit\/je-vais-taimer-dune-facon-nouvelle\/"},"modified":"2025-02-04T12:16:51","modified_gmt":"2025-02-04T11:16:51","slug":"je-vais-taimer-dune-facon-nouvelle","status":"publish","type":"product","link":"http:\/\/lechappeeclose.it\/it\/boutique\/livres\/litterature\/poesie\/je-vais-taimer-dune-facon-nouvelle\/","title":{"rendered":"Je vais t&#8217;aimer d&#8217;une fa\u00e7on nouvelle"},"content":{"rendered":"<p>\u00ab\u00a0Vous ayant dit ce matin que je vous aimais, ma voisine d\u2019hier soir, j\u2019\u00e9prouve maintenant moins de g\u00eane \u00e0 vous l\u2019\u00e9crire.\u00a0\u00bb Guillaume ApollinaireUne symphonie de baisers, de grenades, d\u2019adieux\u00a0: l\u2019histoire d\u2019un grand amour br\u00fbl\u00e9 par le d\u00e9sir. On entend dans les lettres du po\u00e8te fran\u00e7ais le plus r\u00e9volutionnaire du vingti\u00e8me si\u00e8cle \u00e0 sa Lou les douces harmonies des sentiments, les dissonances stridentes des incompr\u00e9hensions, une m\u00e9lodie charmeuse et charnelle. Une splendide correspondance amoureuse avec en fond sonore les bruits m\u00e9talliques de plus en plus mena\u00e7ants de la Grande Guerre.<\/p>","protected":false},"excerpt":{"rendered":"<p>\u00ab\u00a0Vous ayant dit ce matin que je vous aimais, ma voisine d\u2019hier soir, j\u2019\u00e9prouve maintenant moins de g\u00eane \u00e0 vous l\u2019\u00e9crire.\u00a0\u00bb Guillaume ApollinaireUne symphonie de baisers, de grenades, d\u2019adieux\u00a0: l\u2019histoire d\u2019un grand amour br\u00fbl\u00e9 par le d\u00e9sir. On entend dans les lettres du po\u00e8te fran\u00e7ais le plus r\u00e9volutionnaire du vingti\u00e8me si\u00e8cle \u00e0 sa Lou les [&hellip;]<\/p>","protected":false},"featured_media":4636,"comment_status":"open","ping_status":"closed","template":"","meta":[],"product_brand":[],"product_cat":[48],"product_tag":[],"class_list":{"0":"post-4637","1":"product","2":"type-product","3":"status-publish","4":"has-post-thumbnail","6":"product_cat-poesie","8":"first","9":"instock","10":"taxable","11":"shipping-taxable","12":"purchasable","13":"product-type-simple"},"yoast_head":"<!-- This site is optimized with the Yoast SEO plugin v27.4 - https:\/\/yoast.com\/product\/yoast-seo-wordpress\/ -->\n<title>Je vais t&#039;aimer d&#039;une fa\u00e7on nouvelle - l&#039;\u00e9chapp\u00e9e close<\/title>\n<meta name=\"robots\" content=\"index, follow, max-snippet:-1, max-image-preview:large, max-video-preview:-1\" \/>\n<link rel=\"canonical\" href=\"http:\/\/lechappeeclose.it\/it\/boutique\/livres\/litterature\/poesie\/je-vais-taimer-dune-facon-nouvelle\/\" \/>\n<meta property=\"og:locale\" content=\"it_IT\" \/>\n<meta property=\"og:type\" content=\"article\" \/>\n<meta property=\"og:title\" content=\"Je vais t&#039;aimer d&#039;une fa\u00e7on nouvelle - l&#039;\u00e9chapp\u00e9e close\" \/>\n<meta property=\"og:description\" content=\"\u00ab\u00a0Vous ayant dit ce matin que je vous aimais, ma voisine d\u2019hier soir, j\u2019\u00e9prouve maintenant moins de g\u00eane \u00e0 vous l\u2019\u00e9crire.\u00a0\u00bb Guillaume ApollinaireUne symphonie de baisers, de grenades, d\u2019adieux\u00a0: l\u2019histoire d\u2019un grand amour br\u00fbl\u00e9 par le d\u00e9sir. On entend dans les lettres du po\u00e8te fran\u00e7ais le plus r\u00e9volutionnaire du vingti\u00e8me si\u00e8cle \u00e0 sa Lou les [&hellip;]\" \/>\n<meta property=\"og:url\" content=\"http:\/\/lechappeeclose.it\/it\/boutique\/livres\/litterature\/poesie\/je-vais-taimer-dune-facon-nouvelle\/\" \/>\n<meta property=\"og:site_name\" content=\"l&#039;\u00e9chapp\u00e9e close\" \/>\n<meta property=\"article:modified_time\" content=\"2025-02-04T11:16:51+00:00\" \/>\n<meta property=\"og:image\" content=\"http:\/\/lechappeeclose.it\/wp-content\/uploads\/2025\/02\/Je-vais-taimer-dune-facon-nouvelle.jpg\" \/>\n\t<meta property=\"og:image:width\" content=\"303\" \/>\n\t<meta property=\"og:image:height\" content=\"499\" \/>\n\t<meta property=\"og:image:type\" content=\"image\/jpeg\" \/>\n<meta name=\"twitter:card\" content=\"summary_large_image\" \/>\n<meta name=\"twitter:label1\" content=\"Tempo di lettura stimato\" \/>\n\t<meta name=\"twitter:data1\" content=\"1 minuto\" \/>\n<script type=\"application\/ld+json\" class=\"yoast-schema-graph\">{\"@context\":\"https:\\\/\\\/schema.org\",\"@graph\":[{\"@type\":\"WebPage\",\"@id\":\"http:\\\/\\\/lechappeeclose.it\\\/boutique\\\/livres\\\/litterature\\\/poesie\\\/je-vais-taimer-dune-facon-nouvelle\\\/\",\"url\":\"http:\\\/\\\/lechappeeclose.it\\\/boutique\\\/livres\\\/litterature\\\/poesie\\\/je-vais-taimer-dune-facon-nouvelle\\\/\",\"name\":\"Je vais t'aimer d'une fa\u00e7on nouvelle - l&#039;\u00e9chapp\u00e9e close\",\"isPartOf\":{\"@id\":\"http:\\\/\\\/lechappeeclose.it\\\/#website\"},\"primaryImageOfPage\":{\"@id\":\"http:\\\/\\\/lechappeeclose.it\\\/boutique\\\/livres\\\/litterature\\\/poesie\\\/je-vais-taimer-dune-facon-nouvelle\\\/#primaryimage\"},\"image\":{\"@id\":\"http:\\\/\\\/lechappeeclose.it\\\/boutique\\\/livres\\\/litterature\\\/poesie\\\/je-vais-taimer-dune-facon-nouvelle\\\/#primaryimage\"},\"thumbnailUrl\":\"http:\\\/\\\/lechappeeclose.it\\\/wp-content\\\/uploads\\\/2025\\\/02\\\/Je-vais-taimer-dune-facon-nouvelle.jpg\",\"datePublished\":\"2025-02-04T10:21:14+00:00\",\"dateModified\":\"2025-02-04T11:16:51+00:00\",\"breadcrumb\":{\"@id\":\"http:\\\/\\\/lechappeeclose.it\\\/boutique\\\/livres\\\/litterature\\\/poesie\\\/je-vais-taimer-dune-facon-nouvelle\\\/#breadcrumb\"},\"inLanguage\":\"it-IT\",\"potentialAction\":[{\"@type\":\"ReadAction\",\"target\":[\"http:\\\/\\\/lechappeeclose.it\\\/boutique\\\/livres\\\/litterature\\\/poesie\\\/je-vais-taimer-dune-facon-nouvelle\\\/\"]}]},{\"@type\":\"ImageObject\",\"inLanguage\":\"it-IT\",\"@id\":\"http:\\\/\\\/lechappeeclose.it\\\/boutique\\\/livres\\\/litterature\\\/poesie\\\/je-vais-taimer-dune-facon-nouvelle\\\/#primaryimage\",\"url\":\"http:\\\/\\\/lechappeeclose.it\\\/wp-content\\\/uploads\\\/2025\\\/02\\\/Je-vais-taimer-dune-facon-nouvelle.jpg\",\"contentUrl\":\"http:\\\/\\\/lechappeeclose.it\\\/wp-content\\\/uploads\\\/2025\\\/02\\\/Je-vais-taimer-dune-facon-nouvelle.jpg\",\"width\":303,\"height\":499},{\"@type\":\"BreadcrumbList\",\"@id\":\"http:\\\/\\\/lechappeeclose.it\\\/boutique\\\/livres\\\/litterature\\\/poesie\\\/je-vais-taimer-dune-facon-nouvelle\\\/#breadcrumb\",\"itemListElement\":[{\"@type\":\"ListItem\",\"position\":1,\"name\":\"Accueil\",\"item\":\"http:\\\/\\\/lechappeeclose.it\\\/\"},{\"@type\":\"ListItem\",\"position\":2,\"name\":\"Boutique\",\"item\":\"http:\\\/\\\/lechappeeclose.it\\\/it\\\/boutique\\\/\"},{\"@type\":\"ListItem\",\"position\":3,\"name\":\"Je vais t&#8217;aimer d&#8217;une fa\u00e7on nouvelle\"}]},{\"@type\":\"WebSite\",\"@id\":\"http:\\\/\\\/lechappeeclose.it\\\/#website\",\"url\":\"http:\\\/\\\/lechappeeclose.it\\\/\",\"name\":\"l&#039;\u00e9chapp\u00e9e close\",\"description\":\"la librairie fran\u00e7aise de Milan\",\"publisher\":{\"@id\":\"http:\\\/\\\/lechappeeclose.it\\\/#organization\"},\"alternateName\":\"La librairie fran\u00e7aise de Milan\",\"potentialAction\":[{\"@type\":\"SearchAction\",\"target\":{\"@type\":\"EntryPoint\",\"urlTemplate\":\"http:\\\/\\\/lechappeeclose.it\\\/?s={search_term_string}\"},\"query-input\":{\"@type\":\"PropertyValueSpecification\",\"valueRequired\":true,\"valueName\":\"search_term_string\"}}],\"inLanguage\":\"it-IT\"},{\"@type\":\"Organization\",\"@id\":\"http:\\\/\\\/lechappeeclose.it\\\/#organization\",\"name\":\"l&#039;\u00e9chapp\u00e9e close\",\"url\":\"http:\\\/\\\/lechappeeclose.it\\\/\",\"logo\":{\"@type\":\"ImageObject\",\"inLanguage\":\"it-IT\",\"@id\":\"http:\\\/\\\/lechappeeclose.it\\\/#\\\/schema\\\/logo\\\/image\\\/\",\"url\":\"http:\\\/\\\/lechappeeclose.it\\\/wp-content\\\/uploads\\\/2025\\\/02\\\/cropped-logo-rond.png\",\"contentUrl\":\"http:\\\/\\\/lechappeeclose.it\\\/wp-content\\\/uploads\\\/2025\\\/02\\\/cropped-logo-rond.png\",\"width\":1080,\"height\":1080,\"caption\":\"l&#039;\u00e9chapp\u00e9e close\"},\"image\":{\"@id\":\"http:\\\/\\\/lechappeeclose.it\\\/#\\\/schema\\\/logo\\\/image\\\/\"},\"sameAs\":[\"https:\\\/\\\/www.instagram.com\\\/lechappeeclose\\\/\"]}]}<\/script>\n<!-- \/ Yoast SEO plugin. -->","yoast_head_json":{"title":"Je vais t'aimer d'une fa\u00e7on nouvelle - l&#039;\u00e9chapp\u00e9e close","robots":{"index":"index","follow":"follow","max-snippet":"max-snippet:-1","max-image-preview":"max-image-preview:large","max-video-preview":"max-video-preview:-1"},"canonical":"http:\/\/lechappeeclose.it\/it\/boutique\/livres\/litterature\/poesie\/je-vais-taimer-dune-facon-nouvelle\/","og_locale":"it_IT","og_type":"article","og_title":"Je vais t'aimer d'une fa\u00e7on nouvelle - l&#039;\u00e9chapp\u00e9e close","og_description":"\u00ab\u00a0Vous ayant dit ce matin que je vous aimais, ma voisine d\u2019hier soir, j\u2019\u00e9prouve maintenant moins de g\u00eane \u00e0 vous l\u2019\u00e9crire.\u00a0\u00bb Guillaume ApollinaireUne symphonie de baisers, de grenades, d\u2019adieux\u00a0: l\u2019histoire d\u2019un grand amour br\u00fbl\u00e9 par le d\u00e9sir. On entend dans les lettres du po\u00e8te fran\u00e7ais le plus r\u00e9volutionnaire du vingti\u00e8me si\u00e8cle \u00e0 sa Lou les [&hellip;]","og_url":"http:\/\/lechappeeclose.it\/it\/boutique\/livres\/litterature\/poesie\/je-vais-taimer-dune-facon-nouvelle\/","og_site_name":"l&#039;\u00e9chapp\u00e9e close","article_modified_time":"2025-02-04T11:16:51+00:00","og_image":[{"width":303,"height":499,"url":"http:\/\/lechappeeclose.it\/wp-content\/uploads\/2025\/02\/Je-vais-taimer-dune-facon-nouvelle.jpg","type":"image\/jpeg"}],"twitter_card":"summary_large_image","twitter_misc":{"Tempo di lettura stimato":"1 minuto"},"schema":{"@context":"https:\/\/schema.org","@graph":[{"@type":"WebPage","@id":"http:\/\/lechappeeclose.it\/boutique\/livres\/litterature\/poesie\/je-vais-taimer-dune-facon-nouvelle\/","url":"http:\/\/lechappeeclose.it\/boutique\/livres\/litterature\/poesie\/je-vais-taimer-dune-facon-nouvelle\/","name":"Je vais t'aimer d'une fa\u00e7on nouvelle - l&#039;\u00e9chapp\u00e9e close","isPartOf":{"@id":"http:\/\/lechappeeclose.it\/#website"},"primaryImageOfPage":{"@id":"http:\/\/lechappeeclose.it\/boutique\/livres\/litterature\/poesie\/je-vais-taimer-dune-facon-nouvelle\/#primaryimage"},"image":{"@id":"http:\/\/lechappeeclose.it\/boutique\/livres\/litterature\/poesie\/je-vais-taimer-dune-facon-nouvelle\/#primaryimage"},"thumbnailUrl":"http:\/\/lechappeeclose.it\/wp-content\/uploads\/2025\/02\/Je-vais-taimer-dune-facon-nouvelle.jpg","datePublished":"2025-02-04T10:21:14+00:00","dateModified":"2025-02-04T11:16:51+00:00","breadcrumb":{"@id":"http:\/\/lechappeeclose.it\/boutique\/livres\/litterature\/poesie\/je-vais-taimer-dune-facon-nouvelle\/#breadcrumb"},"inLanguage":"it-IT","potentialAction":[{"@type":"ReadAction","target":["http:\/\/lechappeeclose.it\/boutique\/livres\/litterature\/poesie\/je-vais-taimer-dune-facon-nouvelle\/"]}]},{"@type":"ImageObject","inLanguage":"it-IT","@id":"http:\/\/lechappeeclose.it\/boutique\/livres\/litterature\/poesie\/je-vais-taimer-dune-facon-nouvelle\/#primaryimage","url":"http:\/\/lechappeeclose.it\/wp-content\/uploads\/2025\/02\/Je-vais-taimer-dune-facon-nouvelle.jpg","contentUrl":"http:\/\/lechappeeclose.it\/wp-content\/uploads\/2025\/02\/Je-vais-taimer-dune-facon-nouvelle.jpg","width":303,"height":499},{"@type":"BreadcrumbList","@id":"http:\/\/lechappeeclose.it\/boutique\/livres\/litterature\/poesie\/je-vais-taimer-dune-facon-nouvelle\/#breadcrumb","itemListElement":[{"@type":"ListItem","position":1,"name":"Accueil","item":"http:\/\/lechappeeclose.it\/"},{"@type":"ListItem","position":2,"name":"Boutique","item":"http:\/\/lechappeeclose.it\/it\/boutique\/"},{"@type":"ListItem","position":3,"name":"Je vais t&#8217;aimer d&#8217;une fa\u00e7on nouvelle"}]},{"@type":"WebSite","@id":"http:\/\/lechappeeclose.it\/#website","url":"http:\/\/lechappeeclose.it\/","name":"l&#039;\u00e9chapp\u00e9e close","description":"La libreria francese di Milano","publisher":{"@id":"http:\/\/lechappeeclose.it\/#organization"},"alternateName":"La librairie fran\u00e7aise de Milan","potentialAction":[{"@type":"SearchAction","target":{"@type":"EntryPoint","urlTemplate":"http:\/\/lechappeeclose.it\/?s={search_term_string}"},"query-input":{"@type":"PropertyValueSpecification","valueRequired":true,"valueName":"search_term_string"}}],"inLanguage":"it-IT"},{"@type":"Organization","@id":"http:\/\/lechappeeclose.it\/#organization","name":"l&#039;\u00e9chapp\u00e9e close","url":"http:\/\/lechappeeclose.it\/","logo":{"@type":"ImageObject","inLanguage":"it-IT","@id":"http:\/\/lechappeeclose.it\/#\/schema\/logo\/image\/","url":"http:\/\/lechappeeclose.it\/wp-content\/uploads\/2025\/02\/cropped-logo-rond.png","contentUrl":"http:\/\/lechappeeclose.it\/wp-content\/uploads\/2025\/02\/cropped-logo-rond.png","width":1080,"height":1080,"caption":"l&#039;\u00e9chapp\u00e9e close"},"image":{"@id":"http:\/\/lechappeeclose.it\/#\/schema\/logo\/image\/"},"sameAs":["https:\/\/www.instagram.com\/lechappeeclose\/"]}]}},"_links":{"self":[{"href":"http:\/\/lechappeeclose.it\/it\/wp-json\/wp\/v2\/product\/4637","targetHints":{"allow":["GET"]}}],"collection":[{"href":"http:\/\/lechappeeclose.it\/it\/wp-json\/wp\/v2\/product"}],"about":[{"href":"http:\/\/lechappeeclose.it\/it\/wp-json\/wp\/v2\/types\/product"}],"replies":[{"embeddable":true,"href":"http:\/\/lechappeeclose.it\/it\/wp-json\/wp\/v2\/comments?post=4637"}],"wp:featuredmedia":[{"embeddable":true,"href":"http:\/\/lechappeeclose.it\/it\/wp-json\/wp\/v2\/media\/4636"}],"wp:attachment":[{"href":"http:\/\/lechappeeclose.it\/it\/wp-json\/wp\/v2\/media?parent=4637"}],"wp:term":[{"taxonomy":"product_brand","embeddable":true,"href":"http:\/\/lechappeeclose.it\/it\/wp-json\/wp\/v2\/product_brand?post=4637"},{"taxonomy":"product_cat","embeddable":true,"href":"http:\/\/lechappeeclose.it\/it\/wp-json\/wp\/v2\/product_cat?post=4637"},{"taxonomy":"product_tag","embeddable":true,"href":"http:\/\/lechappeeclose.it\/it\/wp-json\/wp\/v2\/product_tag?post=4637"}],"curies":[{"name":"wp","href":"https:\/\/api.w.org\/{rel}","templated":true}]}}