{"id":4635,"date":"2025-02-04T11:20:54","date_gmt":"2025-02-04T10:20:54","guid":{"rendered":"https:\/\/lechappeeclose.it\/produit\/habiter-poetiquement-le-monde\/"},"modified":"2025-02-04T11:20:54","modified_gmt":"2025-02-04T10:20:54","slug":"habiter-poetiquement-le-monde","status":"publish","type":"product","link":"http:\/\/lechappeeclose.it\/it\/boutique\/livres\/litterature\/poesie\/habiter-poetiquement-le-monde\/","title":{"rendered":"Habiter po\u00e9tiquement le monde"},"content":{"rendered":"<p>POESIS r\u00e9unit dans une anthologie-manifeste revue et augment\u00e9e plus de cent cinquante auteurs qui rappellent la n\u00e9cessit\u00e9 d&#8217;\u00ab habiter po\u00e9tiquement le monde \u00bb. Cette expression, emprunt\u00e9e \u00e0 un c\u00e9l\u00e8bre vers du po\u00e8te allemand H\u00f6lderlin, n&#8217;a jamais cess\u00e9 depuis deux cents ans d&#8217;\u00eatre cit\u00e9e ou comment\u00e9e par des \u00e9crivains, des po\u00e8tes et des philosophes de tous les pays. Les textes sont regroup\u00e9s en cinq p\u00e9riodes : Le monde romantique avec H\u00f6lderlin, Novalis, Keats, Shelley, Hugo, Sand&#8230; Le monde post-romantique avec Emerson, Thoreau, Whitman, Nerval, Baudelaire, Rimbaud, Dickinson&#8230; Le monde moderne avec Mallarm\u00e9, Apollinaire, Tagore, Pessoa, Lorca, Rilke, Char, Camus, Saint-Exup\u00e9ry&#8230; Le monde du renouveau avec Breton, Borges, Saint-John Perse, Arendt, Pasolini&#8230; Le monde contemporain avec Neruda, Bonnefoy, Jaccottet, Le Cl\u00e9zio, Handke, White, Cheng, Bobin, Tesson&#8230; et des personnalit\u00e9s issues d&#8217;autres disciplines, tels le sociologue Edgar Morin et l&#8217;agriculteur biologiste Pierre Rabhi.<\/p>","protected":false},"excerpt":{"rendered":"<p>POESIS r\u00e9unit dans une anthologie-manifeste revue et augment\u00e9e plus de cent cinquante auteurs qui rappellent la n\u00e9cessit\u00e9 d&#8217;\u00ab habiter po\u00e9tiquement le monde \u00bb. Cette expression, emprunt\u00e9e \u00e0 un c\u00e9l\u00e8bre vers du po\u00e8te allemand H\u00f6lderlin, n&#8217;a jamais cess\u00e9 depuis deux cents ans d&#8217;\u00eatre cit\u00e9e ou comment\u00e9e par des \u00e9crivains, des po\u00e8tes et des philosophes de tous [&hellip;]<\/p>","protected":false},"featured_media":4634,"comment_status":"open","ping_status":"closed","template":"","meta":[],"product_brand":[],"product_cat":[48],"product_tag":[],"class_list":{"0":"post-4635","1":"product","2":"type-product","3":"status-publish","4":"has-post-thumbnail","6":"product_cat-poesie","8":"first","9":"instock","10":"taxable","11":"shipping-taxable","12":"purchasable","13":"product-type-simple"},"yoast_head":"<!-- This site is optimized with the Yoast SEO plugin v27.4 - https:\/\/yoast.com\/product\/yoast-seo-wordpress\/ -->\n<title>Habiter po\u00e9tiquement le monde - l&#039;\u00e9chapp\u00e9e close<\/title>\n<meta name=\"robots\" content=\"index, follow, max-snippet:-1, max-image-preview:large, max-video-preview:-1\" \/>\n<link rel=\"canonical\" href=\"https:\/\/lechappeeclose.it\/it\/boutique\/livres\/litterature\/poesie\/habiter-poetiquement-le-monde\/\" \/>\n<meta property=\"og:locale\" content=\"it_IT\" \/>\n<meta property=\"og:type\" content=\"article\" \/>\n<meta property=\"og:title\" content=\"Habiter po\u00e9tiquement le monde - l&#039;\u00e9chapp\u00e9e close\" \/>\n<meta property=\"og:description\" content=\"POESIS r\u00e9unit dans une anthologie-manifeste revue et augment\u00e9e plus de cent cinquante auteurs qui rappellent la n\u00e9cessit\u00e9 d&#8217;\u00ab habiter po\u00e9tiquement le monde \u00bb. Cette expression, emprunt\u00e9e \u00e0 un c\u00e9l\u00e8bre vers du po\u00e8te allemand H\u00f6lderlin, n&#8217;a jamais cess\u00e9 depuis deux cents ans d&#8217;\u00eatre cit\u00e9e ou comment\u00e9e par des \u00e9crivains, des po\u00e8tes et des philosophes de tous [&hellip;]\" \/>\n<meta property=\"og:url\" content=\"https:\/\/lechappeeclose.it\/it\/boutique\/livres\/litterature\/poesie\/habiter-poetiquement-le-monde\/\" \/>\n<meta property=\"og:site_name\" content=\"l&#039;\u00e9chapp\u00e9e close\" \/>\n<meta property=\"og:image\" content=\"https:\/\/lechappeeclose.it\/wp-content\/uploads\/2025\/02\/Habiter-poetiquement-le-monde.jpg\" \/>\n\t<meta property=\"og:image:width\" content=\"653\" \/>\n\t<meta property=\"og:image:height\" content=\"1000\" \/>\n\t<meta property=\"og:image:type\" content=\"image\/jpeg\" \/>\n<meta name=\"twitter:card\" content=\"summary_large_image\" \/>\n<meta name=\"twitter:label1\" content=\"Tempo di lettura stimato\" \/>\n\t<meta name=\"twitter:data1\" content=\"1 minuto\" \/>\n<script type=\"application\/ld+json\" class=\"yoast-schema-graph\">{\"@context\":\"https:\\\/\\\/schema.org\",\"@graph\":[{\"@type\":\"WebPage\",\"@id\":\"https:\\\/\\\/lechappeeclose.it\\\/boutique\\\/livres\\\/litterature\\\/poesie\\\/habiter-poetiquement-le-monde\\\/\",\"url\":\"https:\\\/\\\/lechappeeclose.it\\\/boutique\\\/livres\\\/litterature\\\/poesie\\\/habiter-poetiquement-le-monde\\\/\",\"name\":\"Habiter po\u00e9tiquement le monde - l&#039;\u00e9chapp\u00e9e close\",\"isPartOf\":{\"@id\":\"http:\\\/\\\/lechappeeclose.it\\\/#website\"},\"primaryImageOfPage\":{\"@id\":\"https:\\\/\\\/lechappeeclose.it\\\/boutique\\\/livres\\\/litterature\\\/poesie\\\/habiter-poetiquement-le-monde\\\/#primaryimage\"},\"image\":{\"@id\":\"https:\\\/\\\/lechappeeclose.it\\\/boutique\\\/livres\\\/litterature\\\/poesie\\\/habiter-poetiquement-le-monde\\\/#primaryimage\"},\"thumbnailUrl\":\"http:\\\/\\\/lechappeeclose.it\\\/wp-content\\\/uploads\\\/2025\\\/02\\\/Habiter-poetiquement-le-monde.jpg\",\"datePublished\":\"2025-02-04T10:20:54+00:00\",\"breadcrumb\":{\"@id\":\"https:\\\/\\\/lechappeeclose.it\\\/boutique\\\/livres\\\/litterature\\\/poesie\\\/habiter-poetiquement-le-monde\\\/#breadcrumb\"},\"inLanguage\":\"it-IT\",\"potentialAction\":[{\"@type\":\"ReadAction\",\"target\":[\"https:\\\/\\\/lechappeeclose.it\\\/boutique\\\/livres\\\/litterature\\\/poesie\\\/habiter-poetiquement-le-monde\\\/\"]}]},{\"@type\":\"ImageObject\",\"inLanguage\":\"it-IT\",\"@id\":\"https:\\\/\\\/lechappeeclose.it\\\/boutique\\\/livres\\\/litterature\\\/poesie\\\/habiter-poetiquement-le-monde\\\/#primaryimage\",\"url\":\"http:\\\/\\\/lechappeeclose.it\\\/wp-content\\\/uploads\\\/2025\\\/02\\\/Habiter-poetiquement-le-monde.jpg\",\"contentUrl\":\"http:\\\/\\\/lechappeeclose.it\\\/wp-content\\\/uploads\\\/2025\\\/02\\\/Habiter-poetiquement-le-monde.jpg\",\"width\":653,\"height\":1000},{\"@type\":\"BreadcrumbList\",\"@id\":\"https:\\\/\\\/lechappeeclose.it\\\/boutique\\\/livres\\\/litterature\\\/poesie\\\/habiter-poetiquement-le-monde\\\/#breadcrumb\",\"itemListElement\":[{\"@type\":\"ListItem\",\"position\":1,\"name\":\"Accueil\",\"item\":\"http:\\\/\\\/lechappeeclose.it\\\/\"},{\"@type\":\"ListItem\",\"position\":2,\"name\":\"Boutique\",\"item\":\"http:\\\/\\\/lechappeeclose.it\\\/it\\\/boutique\\\/\"},{\"@type\":\"ListItem\",\"position\":3,\"name\":\"Habiter po\u00e9tiquement le monde\"}]},{\"@type\":\"WebSite\",\"@id\":\"http:\\\/\\\/lechappeeclose.it\\\/#website\",\"url\":\"http:\\\/\\\/lechappeeclose.it\\\/\",\"name\":\"l&#039;\u00e9chapp\u00e9e close\",\"description\":\"la librairie fran\u00e7aise de Milan\",\"publisher\":{\"@id\":\"http:\\\/\\\/lechappeeclose.it\\\/#organization\"},\"alternateName\":\"La librairie fran\u00e7aise de Milan\",\"potentialAction\":[{\"@type\":\"SearchAction\",\"target\":{\"@type\":\"EntryPoint\",\"urlTemplate\":\"http:\\\/\\\/lechappeeclose.it\\\/?s={search_term_string}\"},\"query-input\":{\"@type\":\"PropertyValueSpecification\",\"valueRequired\":true,\"valueName\":\"search_term_string\"}}],\"inLanguage\":\"it-IT\"},{\"@type\":\"Organization\",\"@id\":\"http:\\\/\\\/lechappeeclose.it\\\/#organization\",\"name\":\"l&#039;\u00e9chapp\u00e9e close\",\"url\":\"http:\\\/\\\/lechappeeclose.it\\\/\",\"logo\":{\"@type\":\"ImageObject\",\"inLanguage\":\"it-IT\",\"@id\":\"http:\\\/\\\/lechappeeclose.it\\\/#\\\/schema\\\/logo\\\/image\\\/\",\"url\":\"http:\\\/\\\/lechappeeclose.it\\\/wp-content\\\/uploads\\\/2025\\\/02\\\/cropped-logo-rond.png\",\"contentUrl\":\"http:\\\/\\\/lechappeeclose.it\\\/wp-content\\\/uploads\\\/2025\\\/02\\\/cropped-logo-rond.png\",\"width\":1080,\"height\":1080,\"caption\":\"l&#039;\u00e9chapp\u00e9e close\"},\"image\":{\"@id\":\"http:\\\/\\\/lechappeeclose.it\\\/#\\\/schema\\\/logo\\\/image\\\/\"},\"sameAs\":[\"https:\\\/\\\/www.instagram.com\\\/lechappeeclose\\\/\"]}]}<\/script>\n<!-- \/ Yoast SEO plugin. -->","yoast_head_json":{"title":"Habiter po\u00e9tiquement le monde - l&#039;\u00e9chapp\u00e9e close","robots":{"index":"index","follow":"follow","max-snippet":"max-snippet:-1","max-image-preview":"max-image-preview:large","max-video-preview":"max-video-preview:-1"},"canonical":"https:\/\/lechappeeclose.it\/it\/boutique\/livres\/litterature\/poesie\/habiter-poetiquement-le-monde\/","og_locale":"it_IT","og_type":"article","og_title":"Habiter po\u00e9tiquement le monde - l&#039;\u00e9chapp\u00e9e close","og_description":"POESIS r\u00e9unit dans une anthologie-manifeste revue et augment\u00e9e plus de cent cinquante auteurs qui rappellent la n\u00e9cessit\u00e9 d&#8217;\u00ab habiter po\u00e9tiquement le monde \u00bb. Cette expression, emprunt\u00e9e \u00e0 un c\u00e9l\u00e8bre vers du po\u00e8te allemand H\u00f6lderlin, n&#8217;a jamais cess\u00e9 depuis deux cents ans d&#8217;\u00eatre cit\u00e9e ou comment\u00e9e par des \u00e9crivains, des po\u00e8tes et des philosophes de tous [&hellip;]","og_url":"https:\/\/lechappeeclose.it\/it\/boutique\/livres\/litterature\/poesie\/habiter-poetiquement-le-monde\/","og_site_name":"l&#039;\u00e9chapp\u00e9e close","og_image":[{"width":653,"height":1000,"url":"https:\/\/lechappeeclose.it\/wp-content\/uploads\/2025\/02\/Habiter-poetiquement-le-monde.jpg","type":"image\/jpeg"}],"twitter_card":"summary_large_image","twitter_misc":{"Tempo di lettura stimato":"1 minuto"},"schema":{"@context":"https:\/\/schema.org","@graph":[{"@type":"WebPage","@id":"https:\/\/lechappeeclose.it\/boutique\/livres\/litterature\/poesie\/habiter-poetiquement-le-monde\/","url":"https:\/\/lechappeeclose.it\/boutique\/livres\/litterature\/poesie\/habiter-poetiquement-le-monde\/","name":"Habiter po\u00e9tiquement le monde - l&#039;\u00e9chapp\u00e9e close","isPartOf":{"@id":"http:\/\/lechappeeclose.it\/#website"},"primaryImageOfPage":{"@id":"https:\/\/lechappeeclose.it\/boutique\/livres\/litterature\/poesie\/habiter-poetiquement-le-monde\/#primaryimage"},"image":{"@id":"https:\/\/lechappeeclose.it\/boutique\/livres\/litterature\/poesie\/habiter-poetiquement-le-monde\/#primaryimage"},"thumbnailUrl":"http:\/\/lechappeeclose.it\/wp-content\/uploads\/2025\/02\/Habiter-poetiquement-le-monde.jpg","datePublished":"2025-02-04T10:20:54+00:00","breadcrumb":{"@id":"https:\/\/lechappeeclose.it\/boutique\/livres\/litterature\/poesie\/habiter-poetiquement-le-monde\/#breadcrumb"},"inLanguage":"it-IT","potentialAction":[{"@type":"ReadAction","target":["https:\/\/lechappeeclose.it\/boutique\/livres\/litterature\/poesie\/habiter-poetiquement-le-monde\/"]}]},{"@type":"ImageObject","inLanguage":"it-IT","@id":"https:\/\/lechappeeclose.it\/boutique\/livres\/litterature\/poesie\/habiter-poetiquement-le-monde\/#primaryimage","url":"http:\/\/lechappeeclose.it\/wp-content\/uploads\/2025\/02\/Habiter-poetiquement-le-monde.jpg","contentUrl":"http:\/\/lechappeeclose.it\/wp-content\/uploads\/2025\/02\/Habiter-poetiquement-le-monde.jpg","width":653,"height":1000},{"@type":"BreadcrumbList","@id":"https:\/\/lechappeeclose.it\/boutique\/livres\/litterature\/poesie\/habiter-poetiquement-le-monde\/#breadcrumb","itemListElement":[{"@type":"ListItem","position":1,"name":"Accueil","item":"http:\/\/lechappeeclose.it\/"},{"@type":"ListItem","position":2,"name":"Boutique","item":"http:\/\/lechappeeclose.it\/it\/boutique\/"},{"@type":"ListItem","position":3,"name":"Habiter po\u00e9tiquement le monde"}]},{"@type":"WebSite","@id":"http:\/\/lechappeeclose.it\/#website","url":"http:\/\/lechappeeclose.it\/","name":"l&#039;\u00e9chapp\u00e9e close","description":"La libreria francese di Milano","publisher":{"@id":"http:\/\/lechappeeclose.it\/#organization"},"alternateName":"La librairie fran\u00e7aise de Milan","potentialAction":[{"@type":"SearchAction","target":{"@type":"EntryPoint","urlTemplate":"http:\/\/lechappeeclose.it\/?s={search_term_string}"},"query-input":{"@type":"PropertyValueSpecification","valueRequired":true,"valueName":"search_term_string"}}],"inLanguage":"it-IT"},{"@type":"Organization","@id":"http:\/\/lechappeeclose.it\/#organization","name":"l&#039;\u00e9chapp\u00e9e close","url":"http:\/\/lechappeeclose.it\/","logo":{"@type":"ImageObject","inLanguage":"it-IT","@id":"http:\/\/lechappeeclose.it\/#\/schema\/logo\/image\/","url":"http:\/\/lechappeeclose.it\/wp-content\/uploads\/2025\/02\/cropped-logo-rond.png","contentUrl":"http:\/\/lechappeeclose.it\/wp-content\/uploads\/2025\/02\/cropped-logo-rond.png","width":1080,"height":1080,"caption":"l&#039;\u00e9chapp\u00e9e close"},"image":{"@id":"http:\/\/lechappeeclose.it\/#\/schema\/logo\/image\/"},"sameAs":["https:\/\/www.instagram.com\/lechappeeclose\/"]}]}},"_links":{"self":[{"href":"http:\/\/lechappeeclose.it\/it\/wp-json\/wp\/v2\/product\/4635","targetHints":{"allow":["GET"]}}],"collection":[{"href":"http:\/\/lechappeeclose.it\/it\/wp-json\/wp\/v2\/product"}],"about":[{"href":"http:\/\/lechappeeclose.it\/it\/wp-json\/wp\/v2\/types\/product"}],"replies":[{"embeddable":true,"href":"http:\/\/lechappeeclose.it\/it\/wp-json\/wp\/v2\/comments?post=4635"}],"wp:featuredmedia":[{"embeddable":true,"href":"http:\/\/lechappeeclose.it\/it\/wp-json\/wp\/v2\/media\/4634"}],"wp:attachment":[{"href":"http:\/\/lechappeeclose.it\/it\/wp-json\/wp\/v2\/media?parent=4635"}],"wp:term":[{"taxonomy":"product_brand","embeddable":true,"href":"http:\/\/lechappeeclose.it\/it\/wp-json\/wp\/v2\/product_brand?post=4635"},{"taxonomy":"product_cat","embeddable":true,"href":"http:\/\/lechappeeclose.it\/it\/wp-json\/wp\/v2\/product_cat?post=4635"},{"taxonomy":"product_tag","embeddable":true,"href":"http:\/\/lechappeeclose.it\/it\/wp-json\/wp\/v2\/product_tag?post=4635"}],"curies":[{"name":"wp","href":"https:\/\/api.w.org\/{rel}","templated":true}]}}