{"id":4476,"date":"2025-01-31T18:14:49","date_gmt":"2025-01-31T17:14:49","guid":{"rendered":"https:\/\/lechappeeclose.it\/produit\/lincroyable-histoire-de-la-cuisine\/"},"modified":"2026-01-30T14:18:43","modified_gmt":"2026-01-30T13:18:43","slug":"lincroyable-histoire-de-la-cuisine","status":"publish","type":"product","link":"http:\/\/lechappeeclose.it\/it\/boutique\/livres\/arts\/art-culinaire\/lincroyable-histoire-de-la-cuisine\/","title":{"rendered":"L&#8217;incroyable histoire de la cuisine"},"content":{"rendered":"<p>De Sapiens aux vegans, l&#8217;\u00e9pop\u00e9e mondiale de nos assiettes D\u00e8s lors que les humains ma\u00eetrisent le feu, ils inventent la cuisine. Saviez-vous que Sapiens a imagin\u00e9 la cuisson vapeur et la cong\u00e9lation ? Que les M\u00e9sopotamiens ont cr\u00e9\u00e9 les soupes, le pain, la bi\u00e8re, les fours ? Que la gastronomie et l&#8217;art de la table ont \u00e9t\u00e9 des symboles du pouvoir politique ?Les Grandes D\u00e9couvertes ont chang\u00e9 le monde, mais aussi la fa\u00e7on de se nourrir. D&#8217;Am\u00e9rique, les conquistadors rapportent des \u00e9pices, des piments, la pomme de terre&#8230; Les missionnaires portugais am\u00e8nent la technique de la friture aux lointains samoura\u00efs qui confectionnent les premiers tempuras. Ce sont les pr\u00e9mices de la mondialisation.Au XIXe si\u00e8cle avec la r\u00e9volution industrielle \u00e9merge une cuisine &#8221; capitaliste &#8221; : c&#8217;est le d\u00e9but de l&#8217;industrie agroalimentaire. Au XXIe si\u00e8cle, les r\u00e9volutions bio et locavores sont une r\u00e9action contre les m\u00e9faits de cette uniformisation culinaire et gastronomique.Pour finir en beaut\u00e9, retrouvez vingt-deux recettes de plats cit\u00e9s au fil de notre r\u00e9cit que vous pourrez r\u00e9aliser \u00e0 la maison. Pour la premi\u00e8re fois, un livre raconte l&#8217;histoire de l&#8217;Humanit\u00e9 \u00e0 travers l&#8217;\u00e9volution de la cuisine.<\/p>","protected":false},"excerpt":{"rendered":"<p>De Sapiens aux vegans, l&#8217;\u00e9pop\u00e9e mondiale de nos assiettes D\u00e8s lors que les humains ma\u00eetrisent le feu, ils inventent la cuisine. Saviez-vous que Sapiens a imagin\u00e9 la cuisson vapeur et la cong\u00e9lation ? Que les M\u00e9sopotamiens ont cr\u00e9\u00e9 les soupes, le pain, la bi\u00e8re, les fours ? Que la gastronomie et l&#8217;art de la table [&hellip;]<\/p>","protected":false},"featured_media":4475,"comment_status":"open","ping_status":"closed","template":"","meta":[],"product_brand":[],"product_cat":[44],"product_tag":[],"class_list":{"0":"post-4476","1":"product","2":"type-product","3":"status-publish","4":"has-post-thumbnail","6":"product_cat-art-culinaire","8":"first","9":"onbackorder","10":"taxable","11":"shipping-taxable","12":"purchasable","13":"product-type-simple"},"yoast_head":"<!-- This site is optimized with the Yoast SEO plugin v27.4 - https:\/\/yoast.com\/product\/yoast-seo-wordpress\/ -->\n<title>L&#039;incroyable histoire de la cuisine - l&#039;\u00e9chapp\u00e9e close<\/title>\n<meta name=\"robots\" content=\"index, follow, max-snippet:-1, max-image-preview:large, max-video-preview:-1\" \/>\n<link rel=\"canonical\" href=\"http:\/\/lechappeeclose.it\/it\/boutique\/livres\/arts\/art-culinaire\/lincroyable-histoire-de-la-cuisine\/\" \/>\n<meta property=\"og:locale\" content=\"it_IT\" \/>\n<meta property=\"og:type\" content=\"article\" \/>\n<meta property=\"og:title\" content=\"L&#039;incroyable histoire de la cuisine - l&#039;\u00e9chapp\u00e9e close\" \/>\n<meta property=\"og:description\" content=\"De Sapiens aux vegans, l&#8217;\u00e9pop\u00e9e mondiale de nos assiettes D\u00e8s lors que les humains ma\u00eetrisent le feu, ils inventent la cuisine. Saviez-vous que Sapiens a imagin\u00e9 la cuisson vapeur et la cong\u00e9lation ? Que les M\u00e9sopotamiens ont cr\u00e9\u00e9 les soupes, le pain, la bi\u00e8re, les fours ? Que la gastronomie et l&#8217;art de la table [&hellip;]\" \/>\n<meta property=\"og:url\" content=\"http:\/\/lechappeeclose.it\/it\/boutique\/livres\/arts\/art-culinaire\/lincroyable-histoire-de-la-cuisine\/\" \/>\n<meta property=\"og:site_name\" content=\"l&#039;\u00e9chapp\u00e9e close\" \/>\n<meta property=\"article:modified_time\" content=\"2026-01-30T13:18:43+00:00\" \/>\n<meta property=\"og:image\" content=\"http:\/\/lechappeeclose.it\/wp-content\/uploads\/2025\/01\/Lincroyable-histoire-de-la-cuisine.jpg\" \/>\n\t<meta property=\"og:image:width\" content=\"800\" \/>\n\t<meta property=\"og:image:height\" content=\"1144\" \/>\n\t<meta property=\"og:image:type\" content=\"image\/jpeg\" \/>\n<meta name=\"twitter:card\" content=\"summary_large_image\" \/>\n<meta name=\"twitter:label1\" content=\"Tempo di lettura stimato\" \/>\n\t<meta name=\"twitter:data1\" content=\"1 minuto\" \/>\n<script type=\"application\/ld+json\" class=\"yoast-schema-graph\">{\"@context\":\"https:\\\/\\\/schema.org\",\"@graph\":[{\"@type\":\"WebPage\",\"@id\":\"http:\\\/\\\/lechappeeclose.it\\\/it\\\/boutique\\\/livres\\\/arts\\\/art-culinaire\\\/lincroyable-histoire-de-la-cuisine\\\/\",\"url\":\"http:\\\/\\\/lechappeeclose.it\\\/it\\\/boutique\\\/livres\\\/arts\\\/art-culinaire\\\/lincroyable-histoire-de-la-cuisine\\\/\",\"name\":\"L'incroyable histoire de la cuisine - l&#039;\u00e9chapp\u00e9e close\",\"isPartOf\":{\"@id\":\"http:\\\/\\\/lechappeeclose.it\\\/#website\"},\"primaryImageOfPage\":{\"@id\":\"http:\\\/\\\/lechappeeclose.it\\\/it\\\/boutique\\\/livres\\\/arts\\\/art-culinaire\\\/lincroyable-histoire-de-la-cuisine\\\/#primaryimage\"},\"image\":{\"@id\":\"http:\\\/\\\/lechappeeclose.it\\\/it\\\/boutique\\\/livres\\\/arts\\\/art-culinaire\\\/lincroyable-histoire-de-la-cuisine\\\/#primaryimage\"},\"thumbnailUrl\":\"http:\\\/\\\/lechappeeclose.it\\\/wp-content\\\/uploads\\\/2025\\\/01\\\/Lincroyable-histoire-de-la-cuisine.jpg\",\"datePublished\":\"2025-01-31T17:14:49+00:00\",\"dateModified\":\"2026-01-30T13:18:43+00:00\",\"breadcrumb\":{\"@id\":\"http:\\\/\\\/lechappeeclose.it\\\/it\\\/boutique\\\/livres\\\/arts\\\/art-culinaire\\\/lincroyable-histoire-de-la-cuisine\\\/#breadcrumb\"},\"inLanguage\":\"it-IT\",\"potentialAction\":[{\"@type\":\"ReadAction\",\"target\":[\"http:\\\/\\\/lechappeeclose.it\\\/it\\\/boutique\\\/livres\\\/arts\\\/art-culinaire\\\/lincroyable-histoire-de-la-cuisine\\\/\"]}]},{\"@type\":\"ImageObject\",\"inLanguage\":\"it-IT\",\"@id\":\"http:\\\/\\\/lechappeeclose.it\\\/it\\\/boutique\\\/livres\\\/arts\\\/art-culinaire\\\/lincroyable-histoire-de-la-cuisine\\\/#primaryimage\",\"url\":\"http:\\\/\\\/lechappeeclose.it\\\/wp-content\\\/uploads\\\/2025\\\/01\\\/Lincroyable-histoire-de-la-cuisine.jpg\",\"contentUrl\":\"http:\\\/\\\/lechappeeclose.it\\\/wp-content\\\/uploads\\\/2025\\\/01\\\/Lincroyable-histoire-de-la-cuisine.jpg\",\"width\":800,\"height\":1144},{\"@type\":\"BreadcrumbList\",\"@id\":\"http:\\\/\\\/lechappeeclose.it\\\/it\\\/boutique\\\/livres\\\/arts\\\/art-culinaire\\\/lincroyable-histoire-de-la-cuisine\\\/#breadcrumb\",\"itemListElement\":[{\"@type\":\"ListItem\",\"position\":1,\"name\":\"Accueil\",\"item\":\"http:\\\/\\\/lechappeeclose.it\\\/\"},{\"@type\":\"ListItem\",\"position\":2,\"name\":\"Boutique\",\"item\":\"http:\\\/\\\/lechappeeclose.it\\\/it\\\/boutique\\\/\"},{\"@type\":\"ListItem\",\"position\":3,\"name\":\"L&#8217;incroyable histoire de la cuisine\"}]},{\"@type\":\"WebSite\",\"@id\":\"http:\\\/\\\/lechappeeclose.it\\\/#website\",\"url\":\"http:\\\/\\\/lechappeeclose.it\\\/\",\"name\":\"l&#039;\u00e9chapp\u00e9e close\",\"description\":\"la librairie fran\u00e7aise de Milan\",\"publisher\":{\"@id\":\"http:\\\/\\\/lechappeeclose.it\\\/#organization\"},\"alternateName\":\"La librairie fran\u00e7aise de Milan\",\"potentialAction\":[{\"@type\":\"SearchAction\",\"target\":{\"@type\":\"EntryPoint\",\"urlTemplate\":\"http:\\\/\\\/lechappeeclose.it\\\/?s={search_term_string}\"},\"query-input\":{\"@type\":\"PropertyValueSpecification\",\"valueRequired\":true,\"valueName\":\"search_term_string\"}}],\"inLanguage\":\"it-IT\"},{\"@type\":\"Organization\",\"@id\":\"http:\\\/\\\/lechappeeclose.it\\\/#organization\",\"name\":\"l&#039;\u00e9chapp\u00e9e close\",\"url\":\"http:\\\/\\\/lechappeeclose.it\\\/\",\"logo\":{\"@type\":\"ImageObject\",\"inLanguage\":\"it-IT\",\"@id\":\"http:\\\/\\\/lechappeeclose.it\\\/#\\\/schema\\\/logo\\\/image\\\/\",\"url\":\"http:\\\/\\\/lechappeeclose.it\\\/wp-content\\\/uploads\\\/2025\\\/02\\\/cropped-logo-rond.png\",\"contentUrl\":\"http:\\\/\\\/lechappeeclose.it\\\/wp-content\\\/uploads\\\/2025\\\/02\\\/cropped-logo-rond.png\",\"width\":1080,\"height\":1080,\"caption\":\"l&#039;\u00e9chapp\u00e9e close\"},\"image\":{\"@id\":\"http:\\\/\\\/lechappeeclose.it\\\/#\\\/schema\\\/logo\\\/image\\\/\"},\"sameAs\":[\"https:\\\/\\\/www.instagram.com\\\/lechappeeclose\\\/\"]}]}<\/script>\n<!-- \/ Yoast SEO plugin. -->","yoast_head_json":{"title":"L'incroyable histoire de la cuisine - l&#039;\u00e9chapp\u00e9e close","robots":{"index":"index","follow":"follow","max-snippet":"max-snippet:-1","max-image-preview":"max-image-preview:large","max-video-preview":"max-video-preview:-1"},"canonical":"http:\/\/lechappeeclose.it\/it\/boutique\/livres\/arts\/art-culinaire\/lincroyable-histoire-de-la-cuisine\/","og_locale":"it_IT","og_type":"article","og_title":"L'incroyable histoire de la cuisine - l&#039;\u00e9chapp\u00e9e close","og_description":"De Sapiens aux vegans, l&#8217;\u00e9pop\u00e9e mondiale de nos assiettes D\u00e8s lors que les humains ma\u00eetrisent le feu, ils inventent la cuisine. Saviez-vous que Sapiens a imagin\u00e9 la cuisson vapeur et la cong\u00e9lation ? Que les M\u00e9sopotamiens ont cr\u00e9\u00e9 les soupes, le pain, la bi\u00e8re, les fours ? Que la gastronomie et l&#8217;art de la table [&hellip;]","og_url":"http:\/\/lechappeeclose.it\/it\/boutique\/livres\/arts\/art-culinaire\/lincroyable-histoire-de-la-cuisine\/","og_site_name":"l&#039;\u00e9chapp\u00e9e close","article_modified_time":"2026-01-30T13:18:43+00:00","og_image":[{"width":800,"height":1144,"url":"http:\/\/lechappeeclose.it\/wp-content\/uploads\/2025\/01\/Lincroyable-histoire-de-la-cuisine.jpg","type":"image\/jpeg"}],"twitter_card":"summary_large_image","twitter_misc":{"Tempo di lettura stimato":"1 minuto"},"schema":{"@context":"https:\/\/schema.org","@graph":[{"@type":"WebPage","@id":"http:\/\/lechappeeclose.it\/it\/boutique\/livres\/arts\/art-culinaire\/lincroyable-histoire-de-la-cuisine\/","url":"http:\/\/lechappeeclose.it\/it\/boutique\/livres\/arts\/art-culinaire\/lincroyable-histoire-de-la-cuisine\/","name":"L'incroyable histoire de la cuisine - l&#039;\u00e9chapp\u00e9e close","isPartOf":{"@id":"http:\/\/lechappeeclose.it\/#website"},"primaryImageOfPage":{"@id":"http:\/\/lechappeeclose.it\/it\/boutique\/livres\/arts\/art-culinaire\/lincroyable-histoire-de-la-cuisine\/#primaryimage"},"image":{"@id":"http:\/\/lechappeeclose.it\/it\/boutique\/livres\/arts\/art-culinaire\/lincroyable-histoire-de-la-cuisine\/#primaryimage"},"thumbnailUrl":"http:\/\/lechappeeclose.it\/wp-content\/uploads\/2025\/01\/Lincroyable-histoire-de-la-cuisine.jpg","datePublished":"2025-01-31T17:14:49+00:00","dateModified":"2026-01-30T13:18:43+00:00","breadcrumb":{"@id":"http:\/\/lechappeeclose.it\/it\/boutique\/livres\/arts\/art-culinaire\/lincroyable-histoire-de-la-cuisine\/#breadcrumb"},"inLanguage":"it-IT","potentialAction":[{"@type":"ReadAction","target":["http:\/\/lechappeeclose.it\/it\/boutique\/livres\/arts\/art-culinaire\/lincroyable-histoire-de-la-cuisine\/"]}]},{"@type":"ImageObject","inLanguage":"it-IT","@id":"http:\/\/lechappeeclose.it\/it\/boutique\/livres\/arts\/art-culinaire\/lincroyable-histoire-de-la-cuisine\/#primaryimage","url":"http:\/\/lechappeeclose.it\/wp-content\/uploads\/2025\/01\/Lincroyable-histoire-de-la-cuisine.jpg","contentUrl":"http:\/\/lechappeeclose.it\/wp-content\/uploads\/2025\/01\/Lincroyable-histoire-de-la-cuisine.jpg","width":800,"height":1144},{"@type":"BreadcrumbList","@id":"http:\/\/lechappeeclose.it\/it\/boutique\/livres\/arts\/art-culinaire\/lincroyable-histoire-de-la-cuisine\/#breadcrumb","itemListElement":[{"@type":"ListItem","position":1,"name":"Accueil","item":"http:\/\/lechappeeclose.it\/"},{"@type":"ListItem","position":2,"name":"Boutique","item":"http:\/\/lechappeeclose.it\/it\/boutique\/"},{"@type":"ListItem","position":3,"name":"L&#8217;incroyable histoire de la cuisine"}]},{"@type":"WebSite","@id":"http:\/\/lechappeeclose.it\/#website","url":"http:\/\/lechappeeclose.it\/","name":"l&#039;\u00e9chapp\u00e9e close","description":"La libreria francese di Milano","publisher":{"@id":"http:\/\/lechappeeclose.it\/#organization"},"alternateName":"La librairie fran\u00e7aise de Milan","potentialAction":[{"@type":"SearchAction","target":{"@type":"EntryPoint","urlTemplate":"http:\/\/lechappeeclose.it\/?s={search_term_string}"},"query-input":{"@type":"PropertyValueSpecification","valueRequired":true,"valueName":"search_term_string"}}],"inLanguage":"it-IT"},{"@type":"Organization","@id":"http:\/\/lechappeeclose.it\/#organization","name":"l&#039;\u00e9chapp\u00e9e close","url":"http:\/\/lechappeeclose.it\/","logo":{"@type":"ImageObject","inLanguage":"it-IT","@id":"http:\/\/lechappeeclose.it\/#\/schema\/logo\/image\/","url":"http:\/\/lechappeeclose.it\/wp-content\/uploads\/2025\/02\/cropped-logo-rond.png","contentUrl":"http:\/\/lechappeeclose.it\/wp-content\/uploads\/2025\/02\/cropped-logo-rond.png","width":1080,"height":1080,"caption":"l&#039;\u00e9chapp\u00e9e close"},"image":{"@id":"http:\/\/lechappeeclose.it\/#\/schema\/logo\/image\/"},"sameAs":["https:\/\/www.instagram.com\/lechappeeclose\/"]}]}},"_links":{"self":[{"href":"http:\/\/lechappeeclose.it\/it\/wp-json\/wp\/v2\/product\/4476","targetHints":{"allow":["GET"]}}],"collection":[{"href":"http:\/\/lechappeeclose.it\/it\/wp-json\/wp\/v2\/product"}],"about":[{"href":"http:\/\/lechappeeclose.it\/it\/wp-json\/wp\/v2\/types\/product"}],"replies":[{"embeddable":true,"href":"http:\/\/lechappeeclose.it\/it\/wp-json\/wp\/v2\/comments?post=4476"}],"wp:featuredmedia":[{"embeddable":true,"href":"http:\/\/lechappeeclose.it\/it\/wp-json\/wp\/v2\/media\/4475"}],"wp:attachment":[{"href":"http:\/\/lechappeeclose.it\/it\/wp-json\/wp\/v2\/media?parent=4476"}],"wp:term":[{"taxonomy":"product_brand","embeddable":true,"href":"http:\/\/lechappeeclose.it\/it\/wp-json\/wp\/v2\/product_brand?post=4476"},{"taxonomy":"product_cat","embeddable":true,"href":"http:\/\/lechappeeclose.it\/it\/wp-json\/wp\/v2\/product_cat?post=4476"},{"taxonomy":"product_tag","embeddable":true,"href":"http:\/\/lechappeeclose.it\/it\/wp-json\/wp\/v2\/product_tag?post=4476"}],"curies":[{"name":"wp","href":"https:\/\/api.w.org\/{rel}","templated":true}]}}