{"id":4474,"date":"2025-01-31T18:14:26","date_gmt":"2025-01-31T17:14:26","guid":{"rendered":"https:\/\/lechappeeclose.it\/produit\/cantine-vagabonde-ned-manifeste-pour-une-cuisine-engagee\/"},"modified":"2025-01-31T18:14:26","modified_gmt":"2025-01-31T17:14:26","slug":"cantine-vagabonde-ned-manifeste-pour-une-cuisine-engagee","status":"publish","type":"product","link":"http:\/\/lechappeeclose.it\/it\/boutique\/livres\/arts\/art-culinaire\/cantine-vagabonde-ned-manifeste-pour-une-cuisine-engagee\/","title":{"rendered":"Cantine Vagabonde NED &#8211; Manifeste pour une cuisine engag\u00e9e"},"content":{"rendered":"<p>Apr\u00e8s le succ\u00e8s de la Cuisine du quotidien pour \u00e9tudiantes et \u00e9tudiants (Tana), r\u00e9\u00e9dition enrichie d&#8217;un index des ingr\u00e9dients et de conseils pour une cuisine saine et rassasiante adapt\u00e9e aux petits budgets. Derri\u00e8re cette Cantine vagabonde se cache une petite cuisine soign\u00e9e, pleine de po\u00e9sie et de joie, qui puise de-ci de-l\u00e0 dans les diff\u00e9rentes cultures et leurs multiples ingr\u00e9dients, un voyage int\u00e9rieur o\u00f9 l&#8217;on n&#8217;est pas \u00e0 l&#8217;abri d&#8217;une heureuse surprise en ouvrant son champ des possibles.Lila Djeddi, cuisini\u00e8re humaniste, propose de changer notre regard sur la cuisine de tous les jours, pour donner plus que tout du sens \u00e0 ce geste essentiel, pour y mettre de l&#8217;engagement citoyen, de la r\u00e9flexion, aussi, pour trouver les petites astuces d&#8217;organisation qui all\u00e8gent notre charge mentale, pour \u00eatre dans le partage, la beaut\u00e9 et la gourmandise, et ce plusieurs fois par jour.Remercier par un contrat solidaire un producteur qui nous nourrit, acheter en vrac, troquer, se grouper, faire parfois avec seulement quelques restes, s&#8217;organiser quand on aime paresser, accepter la contrainte, qui pousse \u00e0 exp\u00e9rimenter et \u00e0 cr\u00e9er, boycotter quand il le faut, \u00e9veiller les sens et se remplir le c\u0153ur&#8230; autant d&#8217;id\u00e9es r\u00e9jouissantes qu&#8217;elle nous livre dans son manifeste du gai manger pour se r\u00e9galer d&#8217;une cuisine d\u00e9licate. Et de son carnet de recettes, elle tire une douceur de vivre qui rend heureux. Poires r\u00f4ties au cumin, cr\u00e8me coco-cardamome, crunchy noisette, guacamole fruit\u00e9 \u00e0 la pomme, tortillas de navets primeur, petits pois et coulis de tomates \u00e0 l&#8217;estragon, salade de past\u00e8que et de courgette jaune, oignon rose, menthe, roquette, c\u00e9leri-branche et cacahu\u00e8te grill\u00e9e&#8230; : petit \u00e0 petit, tout prend du sens, tout sonne juste.<\/p>","protected":false},"excerpt":{"rendered":"<p>Apr\u00e8s le succ\u00e8s de la Cuisine du quotidien pour \u00e9tudiantes et \u00e9tudiants (Tana), r\u00e9\u00e9dition enrichie d&#8217;un index des ingr\u00e9dients et de conseils pour une cuisine saine et rassasiante adapt\u00e9e aux petits budgets. Derri\u00e8re cette Cantine vagabonde se cache une petite cuisine soign\u00e9e, pleine de po\u00e9sie et de joie, qui puise de-ci de-l\u00e0 dans les diff\u00e9rentes [&hellip;]<\/p>","protected":false},"featured_media":4473,"comment_status":"open","ping_status":"closed","template":"","meta":[],"product_brand":[],"product_cat":[44],"product_tag":[],"class_list":{"0":"post-4474","1":"product","2":"type-product","3":"status-publish","4":"has-post-thumbnail","6":"product_cat-art-culinaire","8":"first","9":"instock","10":"taxable","11":"shipping-taxable","12":"purchasable","13":"product-type-simple"},"yoast_head":"<!-- This site is optimized with the Yoast SEO plugin v27.4 - https:\/\/yoast.com\/product\/yoast-seo-wordpress\/ -->\n<title>Cantine Vagabonde NED - Manifeste pour une cuisine engag\u00e9e - l&#039;\u00e9chapp\u00e9e close<\/title>\n<meta name=\"robots\" content=\"index, follow, max-snippet:-1, max-image-preview:large, max-video-preview:-1\" \/>\n<link rel=\"canonical\" href=\"http:\/\/lechappeeclose.it\/it\/boutique\/livres\/arts\/art-culinaire\/cantine-vagabonde-ned-manifeste-pour-une-cuisine-engagee\/\" \/>\n<meta property=\"og:locale\" content=\"it_IT\" \/>\n<meta property=\"og:type\" content=\"article\" \/>\n<meta property=\"og:title\" content=\"Cantine Vagabonde NED - Manifeste pour une cuisine engag\u00e9e - l&#039;\u00e9chapp\u00e9e close\" \/>\n<meta property=\"og:description\" content=\"Apr\u00e8s le succ\u00e8s de la Cuisine du quotidien pour \u00e9tudiantes et \u00e9tudiants (Tana), r\u00e9\u00e9dition enrichie d&#8217;un index des ingr\u00e9dients et de conseils pour une cuisine saine et rassasiante adapt\u00e9e aux petits budgets. Derri\u00e8re cette Cantine vagabonde se cache une petite cuisine soign\u00e9e, pleine de po\u00e9sie et de joie, qui puise de-ci de-l\u00e0 dans les diff\u00e9rentes [&hellip;]\" \/>\n<meta property=\"og:url\" content=\"http:\/\/lechappeeclose.it\/it\/boutique\/livres\/arts\/art-culinaire\/cantine-vagabonde-ned-manifeste-pour-une-cuisine-engagee\/\" \/>\n<meta property=\"og:site_name\" content=\"l&#039;\u00e9chapp\u00e9e close\" \/>\n<meta property=\"og:image\" content=\"http:\/\/lechappeeclose.it\/wp-content\/uploads\/2025\/01\/Cantine-Vagabonde-NED-Manifeste-pour-une-cuisine-engagee.jpg\" \/>\n\t<meta property=\"og:image:width\" content=\"800\" \/>\n\t<meta property=\"og:image:height\" content=\"1001\" \/>\n\t<meta property=\"og:image:type\" content=\"image\/jpeg\" \/>\n<meta name=\"twitter:card\" content=\"summary_large_image\" \/>\n<meta name=\"twitter:label1\" content=\"Tempo di lettura stimato\" \/>\n\t<meta name=\"twitter:data1\" content=\"1 minuto\" \/>\n<script type=\"application\/ld+json\" class=\"yoast-schema-graph\">{\"@context\":\"https:\\\/\\\/schema.org\",\"@graph\":[{\"@type\":\"WebPage\",\"@id\":\"http:\\\/\\\/lechappeeclose.it\\\/boutique\\\/livres\\\/arts\\\/art-culinaire\\\/cantine-vagabonde-ned-manifeste-pour-une-cuisine-engagee\\\/\",\"url\":\"http:\\\/\\\/lechappeeclose.it\\\/boutique\\\/livres\\\/arts\\\/art-culinaire\\\/cantine-vagabonde-ned-manifeste-pour-une-cuisine-engagee\\\/\",\"name\":\"Cantine Vagabonde NED - Manifeste pour une cuisine engag\u00e9e - l&#039;\u00e9chapp\u00e9e close\",\"isPartOf\":{\"@id\":\"http:\\\/\\\/lechappeeclose.it\\\/#website\"},\"primaryImageOfPage\":{\"@id\":\"http:\\\/\\\/lechappeeclose.it\\\/boutique\\\/livres\\\/arts\\\/art-culinaire\\\/cantine-vagabonde-ned-manifeste-pour-une-cuisine-engagee\\\/#primaryimage\"},\"image\":{\"@id\":\"http:\\\/\\\/lechappeeclose.it\\\/boutique\\\/livres\\\/arts\\\/art-culinaire\\\/cantine-vagabonde-ned-manifeste-pour-une-cuisine-engagee\\\/#primaryimage\"},\"thumbnailUrl\":\"http:\\\/\\\/lechappeeclose.it\\\/wp-content\\\/uploads\\\/2025\\\/01\\\/Cantine-Vagabonde-NED-Manifeste-pour-une-cuisine-engagee.jpg\",\"datePublished\":\"2025-01-31T17:14:26+00:00\",\"breadcrumb\":{\"@id\":\"http:\\\/\\\/lechappeeclose.it\\\/boutique\\\/livres\\\/arts\\\/art-culinaire\\\/cantine-vagabonde-ned-manifeste-pour-une-cuisine-engagee\\\/#breadcrumb\"},\"inLanguage\":\"it-IT\",\"potentialAction\":[{\"@type\":\"ReadAction\",\"target\":[\"http:\\\/\\\/lechappeeclose.it\\\/boutique\\\/livres\\\/arts\\\/art-culinaire\\\/cantine-vagabonde-ned-manifeste-pour-une-cuisine-engagee\\\/\"]}]},{\"@type\":\"ImageObject\",\"inLanguage\":\"it-IT\",\"@id\":\"http:\\\/\\\/lechappeeclose.it\\\/boutique\\\/livres\\\/arts\\\/art-culinaire\\\/cantine-vagabonde-ned-manifeste-pour-une-cuisine-engagee\\\/#primaryimage\",\"url\":\"http:\\\/\\\/lechappeeclose.it\\\/wp-content\\\/uploads\\\/2025\\\/01\\\/Cantine-Vagabonde-NED-Manifeste-pour-une-cuisine-engagee.jpg\",\"contentUrl\":\"http:\\\/\\\/lechappeeclose.it\\\/wp-content\\\/uploads\\\/2025\\\/01\\\/Cantine-Vagabonde-NED-Manifeste-pour-une-cuisine-engagee.jpg\",\"width\":800,\"height\":1001},{\"@type\":\"BreadcrumbList\",\"@id\":\"http:\\\/\\\/lechappeeclose.it\\\/boutique\\\/livres\\\/arts\\\/art-culinaire\\\/cantine-vagabonde-ned-manifeste-pour-une-cuisine-engagee\\\/#breadcrumb\",\"itemListElement\":[{\"@type\":\"ListItem\",\"position\":1,\"name\":\"Accueil\",\"item\":\"http:\\\/\\\/lechappeeclose.it\\\/\"},{\"@type\":\"ListItem\",\"position\":2,\"name\":\"Boutique\",\"item\":\"http:\\\/\\\/lechappeeclose.it\\\/boutique\\\/\"},{\"@type\":\"ListItem\",\"position\":3,\"name\":\"Cantine Vagabonde NED &#8211; Manifeste pour une cuisine engag\u00e9e\"}]},{\"@type\":\"WebSite\",\"@id\":\"http:\\\/\\\/lechappeeclose.it\\\/#website\",\"url\":\"http:\\\/\\\/lechappeeclose.it\\\/\",\"name\":\"l&#039;\u00e9chapp\u00e9e close\",\"description\":\"la librairie fran\u00e7aise de Milan\",\"publisher\":{\"@id\":\"http:\\\/\\\/lechappeeclose.it\\\/#organization\"},\"alternateName\":\"La librairie fran\u00e7aise de Milan\",\"potentialAction\":[{\"@type\":\"SearchAction\",\"target\":{\"@type\":\"EntryPoint\",\"urlTemplate\":\"http:\\\/\\\/lechappeeclose.it\\\/?s={search_term_string}\"},\"query-input\":{\"@type\":\"PropertyValueSpecification\",\"valueRequired\":true,\"valueName\":\"search_term_string\"}}],\"inLanguage\":\"it-IT\"},{\"@type\":\"Organization\",\"@id\":\"http:\\\/\\\/lechappeeclose.it\\\/#organization\",\"name\":\"l&#039;\u00e9chapp\u00e9e close\",\"url\":\"http:\\\/\\\/lechappeeclose.it\\\/\",\"logo\":{\"@type\":\"ImageObject\",\"inLanguage\":\"it-IT\",\"@id\":\"http:\\\/\\\/lechappeeclose.it\\\/#\\\/schema\\\/logo\\\/image\\\/\",\"url\":\"http:\\\/\\\/lechappeeclose.it\\\/wp-content\\\/uploads\\\/2025\\\/02\\\/cropped-logo-rond.png\",\"contentUrl\":\"http:\\\/\\\/lechappeeclose.it\\\/wp-content\\\/uploads\\\/2025\\\/02\\\/cropped-logo-rond.png\",\"width\":1080,\"height\":1080,\"caption\":\"l&#039;\u00e9chapp\u00e9e close\"},\"image\":{\"@id\":\"http:\\\/\\\/lechappeeclose.it\\\/#\\\/schema\\\/logo\\\/image\\\/\"},\"sameAs\":[\"https:\\\/\\\/www.instagram.com\\\/lechappeeclose\\\/\"]}]}<\/script>\n<!-- \/ Yoast SEO plugin. -->","yoast_head_json":{"title":"Cantine Vagabonde NED - Manifeste pour une cuisine engag\u00e9e - l&#039;\u00e9chapp\u00e9e close","robots":{"index":"index","follow":"follow","max-snippet":"max-snippet:-1","max-image-preview":"max-image-preview:large","max-video-preview":"max-video-preview:-1"},"canonical":"http:\/\/lechappeeclose.it\/it\/boutique\/livres\/arts\/art-culinaire\/cantine-vagabonde-ned-manifeste-pour-une-cuisine-engagee\/","og_locale":"it_IT","og_type":"article","og_title":"Cantine Vagabonde NED - Manifeste pour une cuisine engag\u00e9e - l&#039;\u00e9chapp\u00e9e close","og_description":"Apr\u00e8s le succ\u00e8s de la Cuisine du quotidien pour \u00e9tudiantes et \u00e9tudiants (Tana), r\u00e9\u00e9dition enrichie d&#8217;un index des ingr\u00e9dients et de conseils pour une cuisine saine et rassasiante adapt\u00e9e aux petits budgets. Derri\u00e8re cette Cantine vagabonde se cache une petite cuisine soign\u00e9e, pleine de po\u00e9sie et de joie, qui puise de-ci de-l\u00e0 dans les diff\u00e9rentes [&hellip;]","og_url":"http:\/\/lechappeeclose.it\/it\/boutique\/livres\/arts\/art-culinaire\/cantine-vagabonde-ned-manifeste-pour-une-cuisine-engagee\/","og_site_name":"l&#039;\u00e9chapp\u00e9e close","og_image":[{"width":800,"height":1001,"url":"http:\/\/lechappeeclose.it\/wp-content\/uploads\/2025\/01\/Cantine-Vagabonde-NED-Manifeste-pour-une-cuisine-engagee.jpg","type":"image\/jpeg"}],"twitter_card":"summary_large_image","twitter_misc":{"Tempo di lettura stimato":"1 minuto"},"schema":{"@context":"https:\/\/schema.org","@graph":[{"@type":"WebPage","@id":"http:\/\/lechappeeclose.it\/boutique\/livres\/arts\/art-culinaire\/cantine-vagabonde-ned-manifeste-pour-une-cuisine-engagee\/","url":"http:\/\/lechappeeclose.it\/boutique\/livres\/arts\/art-culinaire\/cantine-vagabonde-ned-manifeste-pour-une-cuisine-engagee\/","name":"Cantine Vagabonde NED - Manifeste pour une cuisine engag\u00e9e - l&#039;\u00e9chapp\u00e9e close","isPartOf":{"@id":"http:\/\/lechappeeclose.it\/#website"},"primaryImageOfPage":{"@id":"http:\/\/lechappeeclose.it\/boutique\/livres\/arts\/art-culinaire\/cantine-vagabonde-ned-manifeste-pour-une-cuisine-engagee\/#primaryimage"},"image":{"@id":"http:\/\/lechappeeclose.it\/boutique\/livres\/arts\/art-culinaire\/cantine-vagabonde-ned-manifeste-pour-une-cuisine-engagee\/#primaryimage"},"thumbnailUrl":"http:\/\/lechappeeclose.it\/wp-content\/uploads\/2025\/01\/Cantine-Vagabonde-NED-Manifeste-pour-une-cuisine-engagee.jpg","datePublished":"2025-01-31T17:14:26+00:00","breadcrumb":{"@id":"http:\/\/lechappeeclose.it\/boutique\/livres\/arts\/art-culinaire\/cantine-vagabonde-ned-manifeste-pour-une-cuisine-engagee\/#breadcrumb"},"inLanguage":"it-IT","potentialAction":[{"@type":"ReadAction","target":["http:\/\/lechappeeclose.it\/boutique\/livres\/arts\/art-culinaire\/cantine-vagabonde-ned-manifeste-pour-une-cuisine-engagee\/"]}]},{"@type":"ImageObject","inLanguage":"it-IT","@id":"http:\/\/lechappeeclose.it\/boutique\/livres\/arts\/art-culinaire\/cantine-vagabonde-ned-manifeste-pour-une-cuisine-engagee\/#primaryimage","url":"http:\/\/lechappeeclose.it\/wp-content\/uploads\/2025\/01\/Cantine-Vagabonde-NED-Manifeste-pour-une-cuisine-engagee.jpg","contentUrl":"http:\/\/lechappeeclose.it\/wp-content\/uploads\/2025\/01\/Cantine-Vagabonde-NED-Manifeste-pour-une-cuisine-engagee.jpg","width":800,"height":1001},{"@type":"BreadcrumbList","@id":"http:\/\/lechappeeclose.it\/boutique\/livres\/arts\/art-culinaire\/cantine-vagabonde-ned-manifeste-pour-une-cuisine-engagee\/#breadcrumb","itemListElement":[{"@type":"ListItem","position":1,"name":"Accueil","item":"http:\/\/lechappeeclose.it\/"},{"@type":"ListItem","position":2,"name":"Boutique","item":"http:\/\/lechappeeclose.it\/boutique\/"},{"@type":"ListItem","position":3,"name":"Cantine Vagabonde NED &#8211; Manifeste pour une cuisine engag\u00e9e"}]},{"@type":"WebSite","@id":"http:\/\/lechappeeclose.it\/#website","url":"http:\/\/lechappeeclose.it\/","name":"l&#039;\u00e9chapp\u00e9e close","description":"La libreria francese di Milano","publisher":{"@id":"http:\/\/lechappeeclose.it\/#organization"},"alternateName":"La librairie fran\u00e7aise de Milan","potentialAction":[{"@type":"SearchAction","target":{"@type":"EntryPoint","urlTemplate":"http:\/\/lechappeeclose.it\/?s={search_term_string}"},"query-input":{"@type":"PropertyValueSpecification","valueRequired":true,"valueName":"search_term_string"}}],"inLanguage":"it-IT"},{"@type":"Organization","@id":"http:\/\/lechappeeclose.it\/#organization","name":"l&#039;\u00e9chapp\u00e9e close","url":"http:\/\/lechappeeclose.it\/","logo":{"@type":"ImageObject","inLanguage":"it-IT","@id":"http:\/\/lechappeeclose.it\/#\/schema\/logo\/image\/","url":"http:\/\/lechappeeclose.it\/wp-content\/uploads\/2025\/02\/cropped-logo-rond.png","contentUrl":"http:\/\/lechappeeclose.it\/wp-content\/uploads\/2025\/02\/cropped-logo-rond.png","width":1080,"height":1080,"caption":"l&#039;\u00e9chapp\u00e9e close"},"image":{"@id":"http:\/\/lechappeeclose.it\/#\/schema\/logo\/image\/"},"sameAs":["https:\/\/www.instagram.com\/lechappeeclose\/"]}]}},"_links":{"self":[{"href":"http:\/\/lechappeeclose.it\/it\/wp-json\/wp\/v2\/product\/4474","targetHints":{"allow":["GET"]}}],"collection":[{"href":"http:\/\/lechappeeclose.it\/it\/wp-json\/wp\/v2\/product"}],"about":[{"href":"http:\/\/lechappeeclose.it\/it\/wp-json\/wp\/v2\/types\/product"}],"replies":[{"embeddable":true,"href":"http:\/\/lechappeeclose.it\/it\/wp-json\/wp\/v2\/comments?post=4474"}],"wp:featuredmedia":[{"embeddable":true,"href":"http:\/\/lechappeeclose.it\/it\/wp-json\/wp\/v2\/media\/4473"}],"wp:attachment":[{"href":"http:\/\/lechappeeclose.it\/it\/wp-json\/wp\/v2\/media?parent=4474"}],"wp:term":[{"taxonomy":"product_brand","embeddable":true,"href":"http:\/\/lechappeeclose.it\/it\/wp-json\/wp\/v2\/product_brand?post=4474"},{"taxonomy":"product_cat","embeddable":true,"href":"http:\/\/lechappeeclose.it\/it\/wp-json\/wp\/v2\/product_cat?post=4474"},{"taxonomy":"product_tag","embeddable":true,"href":"http:\/\/lechappeeclose.it\/it\/wp-json\/wp\/v2\/product_tag?post=4474"}],"curies":[{"name":"wp","href":"https:\/\/api.w.org\/{rel}","templated":true}]}}