{"id":4470,"date":"2025-01-31T18:13:44","date_gmt":"2025-01-31T17:13:44","guid":{"rendered":"https:\/\/lechappeeclose.it\/produit\/en-cuisine-200-recettes-pour-tous-les-jours\/"},"modified":"2026-01-30T14:20:52","modified_gmt":"2026-01-30T13:20:52","slug":"en-cuisine-200-recettes-pour-tous-les-jours","status":"publish","type":"product","link":"http:\/\/lechappeeclose.it\/it\/boutique\/livres\/arts\/art-culinaire\/en-cuisine-200-recettes-pour-tous-les-jours\/","title":{"rendered":"En cuisine: 200 recettes pour tous les jours"},"content":{"rendered":"<p>&#8221; J\u2019ai d\u00e9cid\u00e9 de partager avec vous 200 recettes pour tous les jours qui me ressemblent, faciles \u00e0 r\u00e9aliser chez vous. Certaines sont ancr\u00e9es dans le terroir et la tradition, d\u2019autres sont plus modernes et contemporaines, dans l\u2019air du temps. Elles portent toutes ma griffe : mon amour de\u00a0 la bonne cuisine simple pour tous les jours et celle des jours de f\u00eate. Vous y retrouverez aussi mes petites astuces personnelles.Dans ce livre, vous trouverez tout d\u2019abord une s\u00e9lection de recettes conviviales et innovantes pour cuisiner sur le pouce et pr\u00e9parer\u00a0 un ap\u00e9ro entre amis sans perdre des heures en cuisine. Le chapitre\u00a0 Cuisine fra\u00eecheur vous livre ensuite des recettes bien-\u00eatre, l\u00e9g\u00e8res\u00a0 et gourmandes, qui vous permettront de vous r\u00e9galer en finesse.\u00a0 Puis, dans Cuisine express, profitez de recettes rapides, faciles\u00a0et originales pour cuisiner vite et bon au quotidien sans banalit\u00e9.\u00a0 Vous d\u00e9couvrirez enfin des desserts gourmands, des plus traditionnels\u00a0 aux plus audacieux, pour vous faire plaisir sans difficult\u00e9.&#8221;L&#8217;autre best-seller de Cyril Lignac en \u00e9dition de luxe !\u00a0<\/p>","protected":false},"excerpt":{"rendered":"<p>&#8221; J\u2019ai d\u00e9cid\u00e9 de partager avec vous 200 recettes pour tous les jours qui me ressemblent, faciles \u00e0 r\u00e9aliser chez vous. Certaines sont ancr\u00e9es dans le terroir et la tradition, d\u2019autres sont plus modernes et contemporaines, dans l\u2019air du temps. Elles portent toutes ma griffe : mon amour de\u00a0 la bonne cuisine simple pour tous [&hellip;]<\/p>","protected":false},"featured_media":4469,"comment_status":"open","ping_status":"closed","template":"","meta":[],"product_brand":[],"product_cat":[44],"product_tag":[],"class_list":{"0":"post-4470","1":"product","2":"type-product","3":"status-publish","4":"has-post-thumbnail","6":"product_cat-art-culinaire","8":"first","9":"onbackorder","10":"taxable","11":"shipping-taxable","12":"purchasable","13":"product-type-simple"},"yoast_head":"<!-- This site is optimized with the Yoast SEO plugin v27.4 - https:\/\/yoast.com\/product\/yoast-seo-wordpress\/ -->\n<title>En cuisine: 200 recettes pour tous les jours - l&#039;\u00e9chapp\u00e9e close<\/title>\n<meta name=\"robots\" content=\"index, follow, max-snippet:-1, max-image-preview:large, max-video-preview:-1\" \/>\n<link rel=\"canonical\" href=\"http:\/\/lechappeeclose.it\/it\/boutique\/livres\/arts\/art-culinaire\/en-cuisine-200-recettes-pour-tous-les-jours\/\" \/>\n<meta property=\"og:locale\" content=\"it_IT\" \/>\n<meta property=\"og:type\" content=\"article\" \/>\n<meta property=\"og:title\" content=\"En cuisine: 200 recettes pour tous les jours - l&#039;\u00e9chapp\u00e9e close\" \/>\n<meta property=\"og:description\" content=\"&#8221; J\u2019ai d\u00e9cid\u00e9 de partager avec vous 200 recettes pour tous les jours qui me ressemblent, faciles \u00e0 r\u00e9aliser chez vous. Certaines sont ancr\u00e9es dans le terroir et la tradition, d\u2019autres sont plus modernes et contemporaines, dans l\u2019air du temps. Elles portent toutes ma griffe : mon amour de\u00a0 la bonne cuisine simple pour tous [&hellip;]\" \/>\n<meta property=\"og:url\" content=\"http:\/\/lechappeeclose.it\/it\/boutique\/livres\/arts\/art-culinaire\/en-cuisine-200-recettes-pour-tous-les-jours\/\" \/>\n<meta property=\"og:site_name\" content=\"l&#039;\u00e9chapp\u00e9e close\" \/>\n<meta property=\"article:modified_time\" content=\"2026-01-30T13:20:52+00:00\" \/>\n<meta property=\"og:image\" content=\"http:\/\/lechappeeclose.it\/wp-content\/uploads\/2025\/01\/En-cuisine-200-recettes-pour-tous-les-jours.jpg\" \/>\n\t<meta property=\"og:image:width\" content=\"1400\" \/>\n\t<meta property=\"og:image:height\" content=\"1773\" \/>\n\t<meta property=\"og:image:type\" content=\"image\/jpeg\" \/>\n<meta name=\"twitter:card\" content=\"summary_large_image\" \/>\n<meta name=\"twitter:label1\" content=\"Tempo di lettura stimato\" \/>\n\t<meta name=\"twitter:data1\" content=\"1 minuto\" \/>\n<script type=\"application\/ld+json\" class=\"yoast-schema-graph\">{\"@context\":\"https:\\\/\\\/schema.org\",\"@graph\":[{\"@type\":\"WebPage\",\"@id\":\"http:\\\/\\\/lechappeeclose.it\\\/it\\\/boutique\\\/livres\\\/arts\\\/art-culinaire\\\/en-cuisine-200-recettes-pour-tous-les-jours\\\/\",\"url\":\"http:\\\/\\\/lechappeeclose.it\\\/it\\\/boutique\\\/livres\\\/arts\\\/art-culinaire\\\/en-cuisine-200-recettes-pour-tous-les-jours\\\/\",\"name\":\"En cuisine: 200 recettes pour tous les jours - l&#039;\u00e9chapp\u00e9e close\",\"isPartOf\":{\"@id\":\"http:\\\/\\\/lechappeeclose.it\\\/#website\"},\"primaryImageOfPage\":{\"@id\":\"http:\\\/\\\/lechappeeclose.it\\\/it\\\/boutique\\\/livres\\\/arts\\\/art-culinaire\\\/en-cuisine-200-recettes-pour-tous-les-jours\\\/#primaryimage\"},\"image\":{\"@id\":\"http:\\\/\\\/lechappeeclose.it\\\/it\\\/boutique\\\/livres\\\/arts\\\/art-culinaire\\\/en-cuisine-200-recettes-pour-tous-les-jours\\\/#primaryimage\"},\"thumbnailUrl\":\"http:\\\/\\\/lechappeeclose.it\\\/wp-content\\\/uploads\\\/2025\\\/01\\\/En-cuisine-200-recettes-pour-tous-les-jours.jpg\",\"datePublished\":\"2025-01-31T17:13:44+00:00\",\"dateModified\":\"2026-01-30T13:20:52+00:00\",\"breadcrumb\":{\"@id\":\"http:\\\/\\\/lechappeeclose.it\\\/it\\\/boutique\\\/livres\\\/arts\\\/art-culinaire\\\/en-cuisine-200-recettes-pour-tous-les-jours\\\/#breadcrumb\"},\"inLanguage\":\"it-IT\",\"potentialAction\":[{\"@type\":\"ReadAction\",\"target\":[\"http:\\\/\\\/lechappeeclose.it\\\/it\\\/boutique\\\/livres\\\/arts\\\/art-culinaire\\\/en-cuisine-200-recettes-pour-tous-les-jours\\\/\"]}]},{\"@type\":\"ImageObject\",\"inLanguage\":\"it-IT\",\"@id\":\"http:\\\/\\\/lechappeeclose.it\\\/it\\\/boutique\\\/livres\\\/arts\\\/art-culinaire\\\/en-cuisine-200-recettes-pour-tous-les-jours\\\/#primaryimage\",\"url\":\"http:\\\/\\\/lechappeeclose.it\\\/wp-content\\\/uploads\\\/2025\\\/01\\\/En-cuisine-200-recettes-pour-tous-les-jours.jpg\",\"contentUrl\":\"http:\\\/\\\/lechappeeclose.it\\\/wp-content\\\/uploads\\\/2025\\\/01\\\/En-cuisine-200-recettes-pour-tous-les-jours.jpg\",\"width\":1400,\"height\":1773},{\"@type\":\"BreadcrumbList\",\"@id\":\"http:\\\/\\\/lechappeeclose.it\\\/it\\\/boutique\\\/livres\\\/arts\\\/art-culinaire\\\/en-cuisine-200-recettes-pour-tous-les-jours\\\/#breadcrumb\",\"itemListElement\":[{\"@type\":\"ListItem\",\"position\":1,\"name\":\"Accueil\",\"item\":\"http:\\\/\\\/lechappeeclose.it\\\/\"},{\"@type\":\"ListItem\",\"position\":2,\"name\":\"Boutique\",\"item\":\"http:\\\/\\\/lechappeeclose.it\\\/it\\\/boutique\\\/\"},{\"@type\":\"ListItem\",\"position\":3,\"name\":\"En cuisine: 200 recettes pour tous les jours\"}]},{\"@type\":\"WebSite\",\"@id\":\"http:\\\/\\\/lechappeeclose.it\\\/#website\",\"url\":\"http:\\\/\\\/lechappeeclose.it\\\/\",\"name\":\"l&#039;\u00e9chapp\u00e9e close\",\"description\":\"la librairie fran\u00e7aise de Milan\",\"publisher\":{\"@id\":\"http:\\\/\\\/lechappeeclose.it\\\/#organization\"},\"alternateName\":\"La librairie fran\u00e7aise de Milan\",\"potentialAction\":[{\"@type\":\"SearchAction\",\"target\":{\"@type\":\"EntryPoint\",\"urlTemplate\":\"http:\\\/\\\/lechappeeclose.it\\\/?s={search_term_string}\"},\"query-input\":{\"@type\":\"PropertyValueSpecification\",\"valueRequired\":true,\"valueName\":\"search_term_string\"}}],\"inLanguage\":\"it-IT\"},{\"@type\":\"Organization\",\"@id\":\"http:\\\/\\\/lechappeeclose.it\\\/#organization\",\"name\":\"l&#039;\u00e9chapp\u00e9e close\",\"url\":\"http:\\\/\\\/lechappeeclose.it\\\/\",\"logo\":{\"@type\":\"ImageObject\",\"inLanguage\":\"it-IT\",\"@id\":\"http:\\\/\\\/lechappeeclose.it\\\/#\\\/schema\\\/logo\\\/image\\\/\",\"url\":\"http:\\\/\\\/lechappeeclose.it\\\/wp-content\\\/uploads\\\/2025\\\/02\\\/cropped-logo-rond.png\",\"contentUrl\":\"http:\\\/\\\/lechappeeclose.it\\\/wp-content\\\/uploads\\\/2025\\\/02\\\/cropped-logo-rond.png\",\"width\":1080,\"height\":1080,\"caption\":\"l&#039;\u00e9chapp\u00e9e close\"},\"image\":{\"@id\":\"http:\\\/\\\/lechappeeclose.it\\\/#\\\/schema\\\/logo\\\/image\\\/\"},\"sameAs\":[\"https:\\\/\\\/www.instagram.com\\\/lechappeeclose\\\/\"]}]}<\/script>\n<!-- \/ Yoast SEO plugin. -->","yoast_head_json":{"title":"En cuisine: 200 recettes pour tous les jours - l&#039;\u00e9chapp\u00e9e close","robots":{"index":"index","follow":"follow","max-snippet":"max-snippet:-1","max-image-preview":"max-image-preview:large","max-video-preview":"max-video-preview:-1"},"canonical":"http:\/\/lechappeeclose.it\/it\/boutique\/livres\/arts\/art-culinaire\/en-cuisine-200-recettes-pour-tous-les-jours\/","og_locale":"it_IT","og_type":"article","og_title":"En cuisine: 200 recettes pour tous les jours - l&#039;\u00e9chapp\u00e9e close","og_description":"&#8221; J\u2019ai d\u00e9cid\u00e9 de partager avec vous 200 recettes pour tous les jours qui me ressemblent, faciles \u00e0 r\u00e9aliser chez vous. Certaines sont ancr\u00e9es dans le terroir et la tradition, d\u2019autres sont plus modernes et contemporaines, dans l\u2019air du temps. Elles portent toutes ma griffe : mon amour de\u00a0 la bonne cuisine simple pour tous [&hellip;]","og_url":"http:\/\/lechappeeclose.it\/it\/boutique\/livres\/arts\/art-culinaire\/en-cuisine-200-recettes-pour-tous-les-jours\/","og_site_name":"l&#039;\u00e9chapp\u00e9e close","article_modified_time":"2026-01-30T13:20:52+00:00","og_image":[{"width":1400,"height":1773,"url":"http:\/\/lechappeeclose.it\/wp-content\/uploads\/2025\/01\/En-cuisine-200-recettes-pour-tous-les-jours.jpg","type":"image\/jpeg"}],"twitter_card":"summary_large_image","twitter_misc":{"Tempo di lettura stimato":"1 minuto"},"schema":{"@context":"https:\/\/schema.org","@graph":[{"@type":"WebPage","@id":"http:\/\/lechappeeclose.it\/it\/boutique\/livres\/arts\/art-culinaire\/en-cuisine-200-recettes-pour-tous-les-jours\/","url":"http:\/\/lechappeeclose.it\/it\/boutique\/livres\/arts\/art-culinaire\/en-cuisine-200-recettes-pour-tous-les-jours\/","name":"En cuisine: 200 recettes pour tous les jours - l&#039;\u00e9chapp\u00e9e close","isPartOf":{"@id":"http:\/\/lechappeeclose.it\/#website"},"primaryImageOfPage":{"@id":"http:\/\/lechappeeclose.it\/it\/boutique\/livres\/arts\/art-culinaire\/en-cuisine-200-recettes-pour-tous-les-jours\/#primaryimage"},"image":{"@id":"http:\/\/lechappeeclose.it\/it\/boutique\/livres\/arts\/art-culinaire\/en-cuisine-200-recettes-pour-tous-les-jours\/#primaryimage"},"thumbnailUrl":"http:\/\/lechappeeclose.it\/wp-content\/uploads\/2025\/01\/En-cuisine-200-recettes-pour-tous-les-jours.jpg","datePublished":"2025-01-31T17:13:44+00:00","dateModified":"2026-01-30T13:20:52+00:00","breadcrumb":{"@id":"http:\/\/lechappeeclose.it\/it\/boutique\/livres\/arts\/art-culinaire\/en-cuisine-200-recettes-pour-tous-les-jours\/#breadcrumb"},"inLanguage":"it-IT","potentialAction":[{"@type":"ReadAction","target":["http:\/\/lechappeeclose.it\/it\/boutique\/livres\/arts\/art-culinaire\/en-cuisine-200-recettes-pour-tous-les-jours\/"]}]},{"@type":"ImageObject","inLanguage":"it-IT","@id":"http:\/\/lechappeeclose.it\/it\/boutique\/livres\/arts\/art-culinaire\/en-cuisine-200-recettes-pour-tous-les-jours\/#primaryimage","url":"http:\/\/lechappeeclose.it\/wp-content\/uploads\/2025\/01\/En-cuisine-200-recettes-pour-tous-les-jours.jpg","contentUrl":"http:\/\/lechappeeclose.it\/wp-content\/uploads\/2025\/01\/En-cuisine-200-recettes-pour-tous-les-jours.jpg","width":1400,"height":1773},{"@type":"BreadcrumbList","@id":"http:\/\/lechappeeclose.it\/it\/boutique\/livres\/arts\/art-culinaire\/en-cuisine-200-recettes-pour-tous-les-jours\/#breadcrumb","itemListElement":[{"@type":"ListItem","position":1,"name":"Accueil","item":"http:\/\/lechappeeclose.it\/"},{"@type":"ListItem","position":2,"name":"Boutique","item":"http:\/\/lechappeeclose.it\/it\/boutique\/"},{"@type":"ListItem","position":3,"name":"En cuisine: 200 recettes pour tous les jours"}]},{"@type":"WebSite","@id":"http:\/\/lechappeeclose.it\/#website","url":"http:\/\/lechappeeclose.it\/","name":"l&#039;\u00e9chapp\u00e9e close","description":"La libreria francese di Milano","publisher":{"@id":"http:\/\/lechappeeclose.it\/#organization"},"alternateName":"La librairie fran\u00e7aise de Milan","potentialAction":[{"@type":"SearchAction","target":{"@type":"EntryPoint","urlTemplate":"http:\/\/lechappeeclose.it\/?s={search_term_string}"},"query-input":{"@type":"PropertyValueSpecification","valueRequired":true,"valueName":"search_term_string"}}],"inLanguage":"it-IT"},{"@type":"Organization","@id":"http:\/\/lechappeeclose.it\/#organization","name":"l&#039;\u00e9chapp\u00e9e close","url":"http:\/\/lechappeeclose.it\/","logo":{"@type":"ImageObject","inLanguage":"it-IT","@id":"http:\/\/lechappeeclose.it\/#\/schema\/logo\/image\/","url":"http:\/\/lechappeeclose.it\/wp-content\/uploads\/2025\/02\/cropped-logo-rond.png","contentUrl":"http:\/\/lechappeeclose.it\/wp-content\/uploads\/2025\/02\/cropped-logo-rond.png","width":1080,"height":1080,"caption":"l&#039;\u00e9chapp\u00e9e close"},"image":{"@id":"http:\/\/lechappeeclose.it\/#\/schema\/logo\/image\/"},"sameAs":["https:\/\/www.instagram.com\/lechappeeclose\/"]}]}},"_links":{"self":[{"href":"http:\/\/lechappeeclose.it\/it\/wp-json\/wp\/v2\/product\/4470","targetHints":{"allow":["GET"]}}],"collection":[{"href":"http:\/\/lechappeeclose.it\/it\/wp-json\/wp\/v2\/product"}],"about":[{"href":"http:\/\/lechappeeclose.it\/it\/wp-json\/wp\/v2\/types\/product"}],"replies":[{"embeddable":true,"href":"http:\/\/lechappeeclose.it\/it\/wp-json\/wp\/v2\/comments?post=4470"}],"wp:featuredmedia":[{"embeddable":true,"href":"http:\/\/lechappeeclose.it\/it\/wp-json\/wp\/v2\/media\/4469"}],"wp:attachment":[{"href":"http:\/\/lechappeeclose.it\/it\/wp-json\/wp\/v2\/media?parent=4470"}],"wp:term":[{"taxonomy":"product_brand","embeddable":true,"href":"http:\/\/lechappeeclose.it\/it\/wp-json\/wp\/v2\/product_brand?post=4470"},{"taxonomy":"product_cat","embeddable":true,"href":"http:\/\/lechappeeclose.it\/it\/wp-json\/wp\/v2\/product_cat?post=4470"},{"taxonomy":"product_tag","embeddable":true,"href":"http:\/\/lechappeeclose.it\/it\/wp-json\/wp\/v2\/product_tag?post=4470"}],"curies":[{"name":"wp","href":"https:\/\/api.w.org\/{rel}","templated":true}]}}