{"id":4468,"date":"2025-01-31T18:12:51","date_gmt":"2025-01-31T17:12:51","guid":{"rendered":"https:\/\/lechappeeclose.it\/produit\/le-livre-de-cuisine-ed-2021-1500-recettes-le-livre-indispensable-pour-apprendre-la-cuisine\/"},"modified":"2026-01-30T14:21:58","modified_gmt":"2026-01-30T13:21:58","slug":"le-livre-de-cuisine-ed-2021-1500-recettes-le-livre-indispensable-pour-apprendre-la-cuisine","status":"publish","type":"product","link":"http:\/\/lechappeeclose.it\/it\/boutique\/livres\/arts\/art-culinaire\/le-livre-de-cuisine-ed-2021-1500-recettes-le-livre-indispensable-pour-apprendre-la-cuisine\/","title":{"rendered":"Le Livre de cuisine (Ed.2021) : 1500 recettes &#8211; Le livre indispensable pour apprendre la cuisine"},"content":{"rendered":"<p>La r\u00e9\u00e9dition d&#8217;un livre de r\u00e9f\u00e9rence. LE livre indispensable pour apprendre la cuisine. Un livre extraordinaire [&#8230;] qui m&#8217;a appris \u00e0 cuisiner . Fran\u00e7ois R\u00e9gis Gaudry &#8211; On va d\u00e9guster &#8211; France Inter 1500 recettes des plus classiques aux plus cr\u00e9atives, pour tous les jours et pour les grandes occasions, d\u00e9taill\u00e9es pas \u00e0 pas, avec leurs conseils et variantes. Une mine d&#8217;id\u00e9es , de trucs, d&#8217;astuces et tours de main, pour tous les budgets. Simplifiez-vous la vie! Les bases de la cuisine Sauces et marinades, Soupes, Viandes, poissons et oeufs, L\u00e9gumes et c\u00e9r\u00e9ales, P\u00e2tes, g\u00e2teaux et entremets, Fruits, Confitures et mignardises, Glaces, Boissons. Tous les classiques de la cuisine fran\u00e7aise et r\u00e9gionales Pot-au-feu et blanquette, Poulet r\u00f4ti, Moules marini\u00e8res, Brandade, A\u00efoli, Farcis proven\u00e7aux, Soupe corse, Baeckeoffe, Tartiflette, Far breton, Kouglof, Cannel\u00e9s bordelais, Tarte Tatin&#8230; Les recettes actuelles Carpaccios, Gravlax, Thon cru soja s\u00e9same, Tempura de fruits ou de l\u00e9gumes, Pavlova, Carrot cake, Mojito&#8230; Et les incontournables dela cuisine d&#8217;ailleurs Couscous, Maf\u00e9, Accras, Currys et tagines, Nems et soupes chinoises, Houmous et baba ganoush, Caponata, Focaccia, Risottos, P\u00e2tes carbonara, aglio olio ou all&#8217;arrabbiata, Tortilla aux pommes de terre, Paella&#8230; S&#8217;il ne fallait qu&#8217;un livre, ce serait celui-l\u00e0 ! On devrait tous avoir le Zana chez soi ! Paris Match<\/p>","protected":false},"excerpt":{"rendered":"<p>La r\u00e9\u00e9dition d&#8217;un livre de r\u00e9f\u00e9rence. LE livre indispensable pour apprendre la cuisine. Un livre extraordinaire [&#8230;] qui m&#8217;a appris \u00e0 cuisiner . Fran\u00e7ois R\u00e9gis Gaudry &#8211; On va d\u00e9guster &#8211; France Inter 1500 recettes des plus classiques aux plus cr\u00e9atives, pour tous les jours et pour les grandes occasions, d\u00e9taill\u00e9es pas \u00e0 pas, avec [&hellip;]<\/p>","protected":false},"featured_media":4467,"comment_status":"open","ping_status":"closed","template":"","meta":[],"product_brand":[],"product_cat":[44],"product_tag":[],"class_list":{"0":"post-4468","1":"product","2":"type-product","3":"status-publish","4":"has-post-thumbnail","6":"product_cat-art-culinaire","8":"first","9":"onbackorder","10":"taxable","11":"shipping-taxable","12":"purchasable","13":"product-type-simple"},"yoast_head":"<!-- This site is optimized with the Yoast SEO plugin v27.4 - https:\/\/yoast.com\/product\/yoast-seo-wordpress\/ -->\n<title>Le Livre de cuisine (Ed.2021) : 1500 recettes - Le livre indispensable pour apprendre la cuisine - l&#039;\u00e9chapp\u00e9e close<\/title>\n<meta name=\"robots\" content=\"index, follow, max-snippet:-1, max-image-preview:large, max-video-preview:-1\" \/>\n<link rel=\"canonical\" href=\"http:\/\/lechappeeclose.it\/it\/boutique\/livres\/arts\/art-culinaire\/le-livre-de-cuisine-ed-2021-1500-recettes-le-livre-indispensable-pour-apprendre-la-cuisine\/\" \/>\n<meta property=\"og:locale\" content=\"it_IT\" \/>\n<meta property=\"og:type\" content=\"article\" \/>\n<meta property=\"og:title\" content=\"Le Livre de cuisine (Ed.2021) : 1500 recettes - Le livre indispensable pour apprendre la cuisine - l&#039;\u00e9chapp\u00e9e close\" \/>\n<meta property=\"og:description\" content=\"La r\u00e9\u00e9dition d&#8217;un livre de r\u00e9f\u00e9rence. LE livre indispensable pour apprendre la cuisine. Un livre extraordinaire [&#8230;] qui m&#8217;a appris \u00e0 cuisiner . Fran\u00e7ois R\u00e9gis Gaudry &#8211; On va d\u00e9guster &#8211; France Inter 1500 recettes des plus classiques aux plus cr\u00e9atives, pour tous les jours et pour les grandes occasions, d\u00e9taill\u00e9es pas \u00e0 pas, avec [&hellip;]\" \/>\n<meta property=\"og:url\" content=\"http:\/\/lechappeeclose.it\/it\/boutique\/livres\/arts\/art-culinaire\/le-livre-de-cuisine-ed-2021-1500-recettes-le-livre-indispensable-pour-apprendre-la-cuisine\/\" \/>\n<meta property=\"og:site_name\" content=\"l&#039;\u00e9chapp\u00e9e close\" \/>\n<meta property=\"article:modified_time\" content=\"2026-01-30T13:21:58+00:00\" \/>\n<meta property=\"og:image\" content=\"http:\/\/lechappeeclose.it\/wp-content\/uploads\/2025\/01\/Le-Livre-de-cuisine-Ed.2021-1500-recettes-Le-livre-indispensable-pour-apprendre-la-cuisine.jpg\" \/>\n\t<meta property=\"og:image:width\" content=\"394\" \/>\n\t<meta property=\"og:image:height\" content=\"500\" \/>\n\t<meta property=\"og:image:type\" content=\"image\/jpeg\" \/>\n<meta name=\"twitter:card\" content=\"summary_large_image\" \/>\n<meta name=\"twitter:label1\" content=\"Tempo di lettura stimato\" \/>\n\t<meta name=\"twitter:data1\" content=\"1 minuto\" \/>\n<script type=\"application\/ld+json\" class=\"yoast-schema-graph\">{\"@context\":\"https:\\\/\\\/schema.org\",\"@graph\":[{\"@type\":\"WebPage\",\"@id\":\"http:\\\/\\\/lechappeeclose.it\\\/it\\\/boutique\\\/livres\\\/arts\\\/art-culinaire\\\/le-livre-de-cuisine-ed-2021-1500-recettes-le-livre-indispensable-pour-apprendre-la-cuisine\\\/\",\"url\":\"http:\\\/\\\/lechappeeclose.it\\\/it\\\/boutique\\\/livres\\\/arts\\\/art-culinaire\\\/le-livre-de-cuisine-ed-2021-1500-recettes-le-livre-indispensable-pour-apprendre-la-cuisine\\\/\",\"name\":\"Le Livre de cuisine (Ed.2021) : 1500 recettes - Le livre indispensable pour apprendre la cuisine - l&#039;\u00e9chapp\u00e9e close\",\"isPartOf\":{\"@id\":\"http:\\\/\\\/lechappeeclose.it\\\/#website\"},\"primaryImageOfPage\":{\"@id\":\"http:\\\/\\\/lechappeeclose.it\\\/it\\\/boutique\\\/livres\\\/arts\\\/art-culinaire\\\/le-livre-de-cuisine-ed-2021-1500-recettes-le-livre-indispensable-pour-apprendre-la-cuisine\\\/#primaryimage\"},\"image\":{\"@id\":\"http:\\\/\\\/lechappeeclose.it\\\/it\\\/boutique\\\/livres\\\/arts\\\/art-culinaire\\\/le-livre-de-cuisine-ed-2021-1500-recettes-le-livre-indispensable-pour-apprendre-la-cuisine\\\/#primaryimage\"},\"thumbnailUrl\":\"http:\\\/\\\/lechappeeclose.it\\\/wp-content\\\/uploads\\\/2025\\\/01\\\/Le-Livre-de-cuisine-Ed.2021-1500-recettes-Le-livre-indispensable-pour-apprendre-la-cuisine.jpg\",\"datePublished\":\"2025-01-31T17:12:51+00:00\",\"dateModified\":\"2026-01-30T13:21:58+00:00\",\"breadcrumb\":{\"@id\":\"http:\\\/\\\/lechappeeclose.it\\\/it\\\/boutique\\\/livres\\\/arts\\\/art-culinaire\\\/le-livre-de-cuisine-ed-2021-1500-recettes-le-livre-indispensable-pour-apprendre-la-cuisine\\\/#breadcrumb\"},\"inLanguage\":\"it-IT\",\"potentialAction\":[{\"@type\":\"ReadAction\",\"target\":[\"http:\\\/\\\/lechappeeclose.it\\\/it\\\/boutique\\\/livres\\\/arts\\\/art-culinaire\\\/le-livre-de-cuisine-ed-2021-1500-recettes-le-livre-indispensable-pour-apprendre-la-cuisine\\\/\"]}]},{\"@type\":\"ImageObject\",\"inLanguage\":\"it-IT\",\"@id\":\"http:\\\/\\\/lechappeeclose.it\\\/it\\\/boutique\\\/livres\\\/arts\\\/art-culinaire\\\/le-livre-de-cuisine-ed-2021-1500-recettes-le-livre-indispensable-pour-apprendre-la-cuisine\\\/#primaryimage\",\"url\":\"http:\\\/\\\/lechappeeclose.it\\\/wp-content\\\/uploads\\\/2025\\\/01\\\/Le-Livre-de-cuisine-Ed.2021-1500-recettes-Le-livre-indispensable-pour-apprendre-la-cuisine.jpg\",\"contentUrl\":\"http:\\\/\\\/lechappeeclose.it\\\/wp-content\\\/uploads\\\/2025\\\/01\\\/Le-Livre-de-cuisine-Ed.2021-1500-recettes-Le-livre-indispensable-pour-apprendre-la-cuisine.jpg\",\"width\":394,\"height\":500},{\"@type\":\"BreadcrumbList\",\"@id\":\"http:\\\/\\\/lechappeeclose.it\\\/it\\\/boutique\\\/livres\\\/arts\\\/art-culinaire\\\/le-livre-de-cuisine-ed-2021-1500-recettes-le-livre-indispensable-pour-apprendre-la-cuisine\\\/#breadcrumb\",\"itemListElement\":[{\"@type\":\"ListItem\",\"position\":1,\"name\":\"Accueil\",\"item\":\"http:\\\/\\\/lechappeeclose.it\\\/\"},{\"@type\":\"ListItem\",\"position\":2,\"name\":\"Boutique\",\"item\":\"http:\\\/\\\/lechappeeclose.it\\\/it\\\/boutique\\\/\"},{\"@type\":\"ListItem\",\"position\":3,\"name\":\"Le Livre de cuisine (Ed.2021) : 1500 recettes &#8211; Le livre indispensable pour apprendre la cuisine\"}]},{\"@type\":\"WebSite\",\"@id\":\"http:\\\/\\\/lechappeeclose.it\\\/#website\",\"url\":\"http:\\\/\\\/lechappeeclose.it\\\/\",\"name\":\"l&#039;\u00e9chapp\u00e9e close\",\"description\":\"la librairie fran\u00e7aise de Milan\",\"publisher\":{\"@id\":\"http:\\\/\\\/lechappeeclose.it\\\/#organization\"},\"alternateName\":\"La librairie fran\u00e7aise de Milan\",\"potentialAction\":[{\"@type\":\"SearchAction\",\"target\":{\"@type\":\"EntryPoint\",\"urlTemplate\":\"http:\\\/\\\/lechappeeclose.it\\\/?s={search_term_string}\"},\"query-input\":{\"@type\":\"PropertyValueSpecification\",\"valueRequired\":true,\"valueName\":\"search_term_string\"}}],\"inLanguage\":\"it-IT\"},{\"@type\":\"Organization\",\"@id\":\"http:\\\/\\\/lechappeeclose.it\\\/#organization\",\"name\":\"l&#039;\u00e9chapp\u00e9e close\",\"url\":\"http:\\\/\\\/lechappeeclose.it\\\/\",\"logo\":{\"@type\":\"ImageObject\",\"inLanguage\":\"it-IT\",\"@id\":\"http:\\\/\\\/lechappeeclose.it\\\/#\\\/schema\\\/logo\\\/image\\\/\",\"url\":\"http:\\\/\\\/lechappeeclose.it\\\/wp-content\\\/uploads\\\/2025\\\/02\\\/cropped-logo-rond.png\",\"contentUrl\":\"http:\\\/\\\/lechappeeclose.it\\\/wp-content\\\/uploads\\\/2025\\\/02\\\/cropped-logo-rond.png\",\"width\":1080,\"height\":1080,\"caption\":\"l&#039;\u00e9chapp\u00e9e close\"},\"image\":{\"@id\":\"http:\\\/\\\/lechappeeclose.it\\\/#\\\/schema\\\/logo\\\/image\\\/\"},\"sameAs\":[\"https:\\\/\\\/www.instagram.com\\\/lechappeeclose\\\/\"]}]}<\/script>\n<!-- \/ Yoast SEO plugin. -->","yoast_head_json":{"title":"Le Livre de cuisine (Ed.2021) : 1500 recettes - Le livre indispensable pour apprendre la cuisine - l&#039;\u00e9chapp\u00e9e close","robots":{"index":"index","follow":"follow","max-snippet":"max-snippet:-1","max-image-preview":"max-image-preview:large","max-video-preview":"max-video-preview:-1"},"canonical":"http:\/\/lechappeeclose.it\/it\/boutique\/livres\/arts\/art-culinaire\/le-livre-de-cuisine-ed-2021-1500-recettes-le-livre-indispensable-pour-apprendre-la-cuisine\/","og_locale":"it_IT","og_type":"article","og_title":"Le Livre de cuisine (Ed.2021) : 1500 recettes - Le livre indispensable pour apprendre la cuisine - l&#039;\u00e9chapp\u00e9e close","og_description":"La r\u00e9\u00e9dition d&#8217;un livre de r\u00e9f\u00e9rence. LE livre indispensable pour apprendre la cuisine. Un livre extraordinaire [&#8230;] qui m&#8217;a appris \u00e0 cuisiner . Fran\u00e7ois R\u00e9gis Gaudry &#8211; On va d\u00e9guster &#8211; France Inter 1500 recettes des plus classiques aux plus cr\u00e9atives, pour tous les jours et pour les grandes occasions, d\u00e9taill\u00e9es pas \u00e0 pas, avec [&hellip;]","og_url":"http:\/\/lechappeeclose.it\/it\/boutique\/livres\/arts\/art-culinaire\/le-livre-de-cuisine-ed-2021-1500-recettes-le-livre-indispensable-pour-apprendre-la-cuisine\/","og_site_name":"l&#039;\u00e9chapp\u00e9e close","article_modified_time":"2026-01-30T13:21:58+00:00","og_image":[{"width":394,"height":500,"url":"http:\/\/lechappeeclose.it\/wp-content\/uploads\/2025\/01\/Le-Livre-de-cuisine-Ed.2021-1500-recettes-Le-livre-indispensable-pour-apprendre-la-cuisine.jpg","type":"image\/jpeg"}],"twitter_card":"summary_large_image","twitter_misc":{"Tempo di lettura stimato":"1 minuto"},"schema":{"@context":"https:\/\/schema.org","@graph":[{"@type":"WebPage","@id":"http:\/\/lechappeeclose.it\/it\/boutique\/livres\/arts\/art-culinaire\/le-livre-de-cuisine-ed-2021-1500-recettes-le-livre-indispensable-pour-apprendre-la-cuisine\/","url":"http:\/\/lechappeeclose.it\/it\/boutique\/livres\/arts\/art-culinaire\/le-livre-de-cuisine-ed-2021-1500-recettes-le-livre-indispensable-pour-apprendre-la-cuisine\/","name":"Le Livre de cuisine (Ed.2021) : 1500 recettes - Le livre indispensable pour apprendre la cuisine - l&#039;\u00e9chapp\u00e9e close","isPartOf":{"@id":"http:\/\/lechappeeclose.it\/#website"},"primaryImageOfPage":{"@id":"http:\/\/lechappeeclose.it\/it\/boutique\/livres\/arts\/art-culinaire\/le-livre-de-cuisine-ed-2021-1500-recettes-le-livre-indispensable-pour-apprendre-la-cuisine\/#primaryimage"},"image":{"@id":"http:\/\/lechappeeclose.it\/it\/boutique\/livres\/arts\/art-culinaire\/le-livre-de-cuisine-ed-2021-1500-recettes-le-livre-indispensable-pour-apprendre-la-cuisine\/#primaryimage"},"thumbnailUrl":"http:\/\/lechappeeclose.it\/wp-content\/uploads\/2025\/01\/Le-Livre-de-cuisine-Ed.2021-1500-recettes-Le-livre-indispensable-pour-apprendre-la-cuisine.jpg","datePublished":"2025-01-31T17:12:51+00:00","dateModified":"2026-01-30T13:21:58+00:00","breadcrumb":{"@id":"http:\/\/lechappeeclose.it\/it\/boutique\/livres\/arts\/art-culinaire\/le-livre-de-cuisine-ed-2021-1500-recettes-le-livre-indispensable-pour-apprendre-la-cuisine\/#breadcrumb"},"inLanguage":"it-IT","potentialAction":[{"@type":"ReadAction","target":["http:\/\/lechappeeclose.it\/it\/boutique\/livres\/arts\/art-culinaire\/le-livre-de-cuisine-ed-2021-1500-recettes-le-livre-indispensable-pour-apprendre-la-cuisine\/"]}]},{"@type":"ImageObject","inLanguage":"it-IT","@id":"http:\/\/lechappeeclose.it\/it\/boutique\/livres\/arts\/art-culinaire\/le-livre-de-cuisine-ed-2021-1500-recettes-le-livre-indispensable-pour-apprendre-la-cuisine\/#primaryimage","url":"http:\/\/lechappeeclose.it\/wp-content\/uploads\/2025\/01\/Le-Livre-de-cuisine-Ed.2021-1500-recettes-Le-livre-indispensable-pour-apprendre-la-cuisine.jpg","contentUrl":"http:\/\/lechappeeclose.it\/wp-content\/uploads\/2025\/01\/Le-Livre-de-cuisine-Ed.2021-1500-recettes-Le-livre-indispensable-pour-apprendre-la-cuisine.jpg","width":394,"height":500},{"@type":"BreadcrumbList","@id":"http:\/\/lechappeeclose.it\/it\/boutique\/livres\/arts\/art-culinaire\/le-livre-de-cuisine-ed-2021-1500-recettes-le-livre-indispensable-pour-apprendre-la-cuisine\/#breadcrumb","itemListElement":[{"@type":"ListItem","position":1,"name":"Accueil","item":"http:\/\/lechappeeclose.it\/"},{"@type":"ListItem","position":2,"name":"Boutique","item":"http:\/\/lechappeeclose.it\/it\/boutique\/"},{"@type":"ListItem","position":3,"name":"Le Livre de cuisine (Ed.2021) : 1500 recettes &#8211; Le livre indispensable pour apprendre la cuisine"}]},{"@type":"WebSite","@id":"http:\/\/lechappeeclose.it\/#website","url":"http:\/\/lechappeeclose.it\/","name":"l&#039;\u00e9chapp\u00e9e close","description":"La libreria francese di Milano","publisher":{"@id":"http:\/\/lechappeeclose.it\/#organization"},"alternateName":"La librairie fran\u00e7aise de Milan","potentialAction":[{"@type":"SearchAction","target":{"@type":"EntryPoint","urlTemplate":"http:\/\/lechappeeclose.it\/?s={search_term_string}"},"query-input":{"@type":"PropertyValueSpecification","valueRequired":true,"valueName":"search_term_string"}}],"inLanguage":"it-IT"},{"@type":"Organization","@id":"http:\/\/lechappeeclose.it\/#organization","name":"l&#039;\u00e9chapp\u00e9e close","url":"http:\/\/lechappeeclose.it\/","logo":{"@type":"ImageObject","inLanguage":"it-IT","@id":"http:\/\/lechappeeclose.it\/#\/schema\/logo\/image\/","url":"http:\/\/lechappeeclose.it\/wp-content\/uploads\/2025\/02\/cropped-logo-rond.png","contentUrl":"http:\/\/lechappeeclose.it\/wp-content\/uploads\/2025\/02\/cropped-logo-rond.png","width":1080,"height":1080,"caption":"l&#039;\u00e9chapp\u00e9e close"},"image":{"@id":"http:\/\/lechappeeclose.it\/#\/schema\/logo\/image\/"},"sameAs":["https:\/\/www.instagram.com\/lechappeeclose\/"]}]}},"_links":{"self":[{"href":"http:\/\/lechappeeclose.it\/it\/wp-json\/wp\/v2\/product\/4468","targetHints":{"allow":["GET"]}}],"collection":[{"href":"http:\/\/lechappeeclose.it\/it\/wp-json\/wp\/v2\/product"}],"about":[{"href":"http:\/\/lechappeeclose.it\/it\/wp-json\/wp\/v2\/types\/product"}],"replies":[{"embeddable":true,"href":"http:\/\/lechappeeclose.it\/it\/wp-json\/wp\/v2\/comments?post=4468"}],"wp:featuredmedia":[{"embeddable":true,"href":"http:\/\/lechappeeclose.it\/it\/wp-json\/wp\/v2\/media\/4467"}],"wp:attachment":[{"href":"http:\/\/lechappeeclose.it\/it\/wp-json\/wp\/v2\/media?parent=4468"}],"wp:term":[{"taxonomy":"product_brand","embeddable":true,"href":"http:\/\/lechappeeclose.it\/it\/wp-json\/wp\/v2\/product_brand?post=4468"},{"taxonomy":"product_cat","embeddable":true,"href":"http:\/\/lechappeeclose.it\/it\/wp-json\/wp\/v2\/product_cat?post=4468"},{"taxonomy":"product_tag","embeddable":true,"href":"http:\/\/lechappeeclose.it\/it\/wp-json\/wp\/v2\/product_tag?post=4468"}],"curies":[{"name":"wp","href":"https:\/\/api.w.org\/{rel}","templated":true}]}}