{"id":4438,"date":"2025-01-31T18:04:53","date_gmt":"2025-01-31T17:04:53","guid":{"rendered":"https:\/\/lechappeeclose.it\/produit\/dis-mamou-on-cuisine-quoi-aujourdhui\/"},"modified":"2025-01-31T18:04:53","modified_gmt":"2025-01-31T17:04:53","slug":"dis-mamou-on-cuisine-quoi-aujourdhui","status":"publish","type":"product","link":"http:\/\/lechappeeclose.it\/it\/boutique\/livres\/arts\/art-culinaire\/dis-mamou-on-cuisine-quoi-aujourdhui\/","title":{"rendered":"Dis Mamou, on cuisine quoi aujourd&#8217;hui ?"},"content":{"rendered":"<p>50 RECETTES et 2 fois plus d\u2019astuces pour TOUT PARTAGER : la gourmandise, la joie et les souvenirs !Constance et sa grand-m\u00e8re cuisinent ensemble depuis toujours, et elles partagent tout : leurs recettes, leur temps, leur rire&#8230; Depuis la jolie cuisine de Mamou, Constance a rassembl\u00e9 et annot\u00e9 leurs recettes pr\u00e9f\u00e9r\u00e9es et leurs coups de coeur r\u00e9gressifs pour nous ouvrir la porte sur un univers de partage et de gourmandise !Pour le soir en semaine, le dimanche en famille, le petit d\u00e9j\u2019 ou le go\u00fbter, elles ont toujours la bonne id\u00e9e : souffl\u00e9 au fromage, pain surprise, beignets de l\u00e9gumes, cr\u00e8me au chocolat ou tarte Tatin&#8230;Embarquez avec Constance et Mamou pour vous r\u00e9galer de d\u00e9licieux plats de grand-m\u00e8re (mais pas que !) en 3 coups de cuill\u00e8re \u00e0 pot !<\/p>","protected":false},"excerpt":{"rendered":"<p>50 RECETTES et 2 fois plus d\u2019astuces pour TOUT PARTAGER : la gourmandise, la joie et les souvenirs !Constance et sa grand-m\u00e8re cuisinent ensemble depuis toujours, et elles partagent tout : leurs recettes, leur temps, leur rire&#8230; Depuis la jolie cuisine de Mamou, Constance a rassembl\u00e9 et annot\u00e9 leurs recettes pr\u00e9f\u00e9r\u00e9es et leurs coups de [&hellip;]<\/p>","protected":false},"featured_media":4437,"comment_status":"open","ping_status":"closed","template":"","meta":[],"product_brand":[],"product_cat":[44],"product_tag":[],"class_list":{"0":"post-4438","1":"product","2":"type-product","3":"status-publish","4":"has-post-thumbnail","6":"product_cat-art-culinaire","8":"first","9":"instock","10":"taxable","11":"shipping-taxable","12":"purchasable","13":"product-type-simple"},"yoast_head":"<!-- This site is optimized with the Yoast SEO plugin v27.4 - https:\/\/yoast.com\/product\/yoast-seo-wordpress\/ -->\n<title>Dis Mamou, on cuisine quoi aujourd&#039;hui ? - l&#039;\u00e9chapp\u00e9e close<\/title>\n<meta name=\"robots\" content=\"index, follow, max-snippet:-1, max-image-preview:large, max-video-preview:-1\" \/>\n<link rel=\"canonical\" href=\"http:\/\/lechappeeclose.it\/it\/boutique\/livres\/arts\/art-culinaire\/dis-mamou-on-cuisine-quoi-aujourdhui\/\" \/>\n<meta property=\"og:locale\" content=\"it_IT\" \/>\n<meta property=\"og:type\" content=\"article\" \/>\n<meta property=\"og:title\" content=\"Dis Mamou, on cuisine quoi aujourd&#039;hui ? - l&#039;\u00e9chapp\u00e9e close\" \/>\n<meta property=\"og:description\" content=\"50 RECETTES et 2 fois plus d\u2019astuces pour TOUT PARTAGER : la gourmandise, la joie et les souvenirs !Constance et sa grand-m\u00e8re cuisinent ensemble depuis toujours, et elles partagent tout : leurs recettes, leur temps, leur rire&#8230; Depuis la jolie cuisine de Mamou, Constance a rassembl\u00e9 et annot\u00e9 leurs recettes pr\u00e9f\u00e9r\u00e9es et leurs coups de [&hellip;]\" \/>\n<meta property=\"og:url\" content=\"http:\/\/lechappeeclose.it\/it\/boutique\/livres\/arts\/art-culinaire\/dis-mamou-on-cuisine-quoi-aujourdhui\/\" \/>\n<meta property=\"og:site_name\" content=\"l&#039;\u00e9chapp\u00e9e close\" \/>\n<meta property=\"og:image\" content=\"http:\/\/lechappeeclose.it\/wp-content\/uploads\/2025\/01\/Dis-Mamou-on-cuisine-quoi-aujourdhui.jpg\" \/>\n\t<meta property=\"og:image:width\" content=\"1400\" \/>\n\t<meta property=\"og:image:height\" content=\"1849\" \/>\n\t<meta property=\"og:image:type\" content=\"image\/jpeg\" \/>\n<meta name=\"twitter:card\" content=\"summary_large_image\" \/>\n<meta name=\"twitter:label1\" content=\"Tempo di lettura stimato\" \/>\n\t<meta name=\"twitter:data1\" content=\"1 minuto\" \/>\n<script type=\"application\/ld+json\" class=\"yoast-schema-graph\">{\"@context\":\"https:\\\/\\\/schema.org\",\"@graph\":[{\"@type\":\"WebPage\",\"@id\":\"http:\\\/\\\/lechappeeclose.it\\\/boutique\\\/livres\\\/arts\\\/art-culinaire\\\/dis-mamou-on-cuisine-quoi-aujourdhui\\\/\",\"url\":\"http:\\\/\\\/lechappeeclose.it\\\/boutique\\\/livres\\\/arts\\\/art-culinaire\\\/dis-mamou-on-cuisine-quoi-aujourdhui\\\/\",\"name\":\"Dis Mamou, on cuisine quoi aujourd'hui ? - l&#039;\u00e9chapp\u00e9e close\",\"isPartOf\":{\"@id\":\"http:\\\/\\\/lechappeeclose.it\\\/#website\"},\"primaryImageOfPage\":{\"@id\":\"http:\\\/\\\/lechappeeclose.it\\\/boutique\\\/livres\\\/arts\\\/art-culinaire\\\/dis-mamou-on-cuisine-quoi-aujourdhui\\\/#primaryimage\"},\"image\":{\"@id\":\"http:\\\/\\\/lechappeeclose.it\\\/boutique\\\/livres\\\/arts\\\/art-culinaire\\\/dis-mamou-on-cuisine-quoi-aujourdhui\\\/#primaryimage\"},\"thumbnailUrl\":\"http:\\\/\\\/lechappeeclose.it\\\/wp-content\\\/uploads\\\/2025\\\/01\\\/Dis-Mamou-on-cuisine-quoi-aujourdhui.jpg\",\"datePublished\":\"2025-01-31T17:04:53+00:00\",\"breadcrumb\":{\"@id\":\"http:\\\/\\\/lechappeeclose.it\\\/boutique\\\/livres\\\/arts\\\/art-culinaire\\\/dis-mamou-on-cuisine-quoi-aujourdhui\\\/#breadcrumb\"},\"inLanguage\":\"it-IT\",\"potentialAction\":[{\"@type\":\"ReadAction\",\"target\":[\"http:\\\/\\\/lechappeeclose.it\\\/boutique\\\/livres\\\/arts\\\/art-culinaire\\\/dis-mamou-on-cuisine-quoi-aujourdhui\\\/\"]}]},{\"@type\":\"ImageObject\",\"inLanguage\":\"it-IT\",\"@id\":\"http:\\\/\\\/lechappeeclose.it\\\/boutique\\\/livres\\\/arts\\\/art-culinaire\\\/dis-mamou-on-cuisine-quoi-aujourdhui\\\/#primaryimage\",\"url\":\"http:\\\/\\\/lechappeeclose.it\\\/wp-content\\\/uploads\\\/2025\\\/01\\\/Dis-Mamou-on-cuisine-quoi-aujourdhui.jpg\",\"contentUrl\":\"http:\\\/\\\/lechappeeclose.it\\\/wp-content\\\/uploads\\\/2025\\\/01\\\/Dis-Mamou-on-cuisine-quoi-aujourdhui.jpg\",\"width\":1400,\"height\":1849},{\"@type\":\"BreadcrumbList\",\"@id\":\"http:\\\/\\\/lechappeeclose.it\\\/boutique\\\/livres\\\/arts\\\/art-culinaire\\\/dis-mamou-on-cuisine-quoi-aujourdhui\\\/#breadcrumb\",\"itemListElement\":[{\"@type\":\"ListItem\",\"position\":1,\"name\":\"Accueil\",\"item\":\"http:\\\/\\\/lechappeeclose.it\\\/\"},{\"@type\":\"ListItem\",\"position\":2,\"name\":\"Boutique\",\"item\":\"http:\\\/\\\/lechappeeclose.it\\\/it\\\/boutique\\\/\"},{\"@type\":\"ListItem\",\"position\":3,\"name\":\"Dis Mamou, on cuisine quoi aujourd&#8217;hui ?\"}]},{\"@type\":\"WebSite\",\"@id\":\"http:\\\/\\\/lechappeeclose.it\\\/#website\",\"url\":\"http:\\\/\\\/lechappeeclose.it\\\/\",\"name\":\"l&#039;\u00e9chapp\u00e9e close\",\"description\":\"la librairie fran\u00e7aise de Milan\",\"publisher\":{\"@id\":\"http:\\\/\\\/lechappeeclose.it\\\/#organization\"},\"alternateName\":\"La librairie fran\u00e7aise de Milan\",\"potentialAction\":[{\"@type\":\"SearchAction\",\"target\":{\"@type\":\"EntryPoint\",\"urlTemplate\":\"http:\\\/\\\/lechappeeclose.it\\\/?s={search_term_string}\"},\"query-input\":{\"@type\":\"PropertyValueSpecification\",\"valueRequired\":true,\"valueName\":\"search_term_string\"}}],\"inLanguage\":\"it-IT\"},{\"@type\":\"Organization\",\"@id\":\"http:\\\/\\\/lechappeeclose.it\\\/#organization\",\"name\":\"l&#039;\u00e9chapp\u00e9e close\",\"url\":\"http:\\\/\\\/lechappeeclose.it\\\/\",\"logo\":{\"@type\":\"ImageObject\",\"inLanguage\":\"it-IT\",\"@id\":\"http:\\\/\\\/lechappeeclose.it\\\/#\\\/schema\\\/logo\\\/image\\\/\",\"url\":\"http:\\\/\\\/lechappeeclose.it\\\/wp-content\\\/uploads\\\/2025\\\/02\\\/cropped-logo-rond.png\",\"contentUrl\":\"http:\\\/\\\/lechappeeclose.it\\\/wp-content\\\/uploads\\\/2025\\\/02\\\/cropped-logo-rond.png\",\"width\":1080,\"height\":1080,\"caption\":\"l&#039;\u00e9chapp\u00e9e close\"},\"image\":{\"@id\":\"http:\\\/\\\/lechappeeclose.it\\\/#\\\/schema\\\/logo\\\/image\\\/\"},\"sameAs\":[\"https:\\\/\\\/www.instagram.com\\\/lechappeeclose\\\/\"]}]}<\/script>\n<!-- \/ Yoast SEO plugin. -->","yoast_head_json":{"title":"Dis Mamou, on cuisine quoi aujourd'hui ? - l&#039;\u00e9chapp\u00e9e close","robots":{"index":"index","follow":"follow","max-snippet":"max-snippet:-1","max-image-preview":"max-image-preview:large","max-video-preview":"max-video-preview:-1"},"canonical":"http:\/\/lechappeeclose.it\/it\/boutique\/livres\/arts\/art-culinaire\/dis-mamou-on-cuisine-quoi-aujourdhui\/","og_locale":"it_IT","og_type":"article","og_title":"Dis Mamou, on cuisine quoi aujourd'hui ? - l&#039;\u00e9chapp\u00e9e close","og_description":"50 RECETTES et 2 fois plus d\u2019astuces pour TOUT PARTAGER : la gourmandise, la joie et les souvenirs !Constance et sa grand-m\u00e8re cuisinent ensemble depuis toujours, et elles partagent tout : leurs recettes, leur temps, leur rire&#8230; Depuis la jolie cuisine de Mamou, Constance a rassembl\u00e9 et annot\u00e9 leurs recettes pr\u00e9f\u00e9r\u00e9es et leurs coups de [&hellip;]","og_url":"http:\/\/lechappeeclose.it\/it\/boutique\/livres\/arts\/art-culinaire\/dis-mamou-on-cuisine-quoi-aujourdhui\/","og_site_name":"l&#039;\u00e9chapp\u00e9e close","og_image":[{"width":1400,"height":1849,"url":"http:\/\/lechappeeclose.it\/wp-content\/uploads\/2025\/01\/Dis-Mamou-on-cuisine-quoi-aujourdhui.jpg","type":"image\/jpeg"}],"twitter_card":"summary_large_image","twitter_misc":{"Tempo di lettura stimato":"1 minuto"},"schema":{"@context":"https:\/\/schema.org","@graph":[{"@type":"WebPage","@id":"http:\/\/lechappeeclose.it\/boutique\/livres\/arts\/art-culinaire\/dis-mamou-on-cuisine-quoi-aujourdhui\/","url":"http:\/\/lechappeeclose.it\/boutique\/livres\/arts\/art-culinaire\/dis-mamou-on-cuisine-quoi-aujourdhui\/","name":"Dis Mamou, on cuisine quoi aujourd'hui ? - l&#039;\u00e9chapp\u00e9e close","isPartOf":{"@id":"http:\/\/lechappeeclose.it\/#website"},"primaryImageOfPage":{"@id":"http:\/\/lechappeeclose.it\/boutique\/livres\/arts\/art-culinaire\/dis-mamou-on-cuisine-quoi-aujourdhui\/#primaryimage"},"image":{"@id":"http:\/\/lechappeeclose.it\/boutique\/livres\/arts\/art-culinaire\/dis-mamou-on-cuisine-quoi-aujourdhui\/#primaryimage"},"thumbnailUrl":"http:\/\/lechappeeclose.it\/wp-content\/uploads\/2025\/01\/Dis-Mamou-on-cuisine-quoi-aujourdhui.jpg","datePublished":"2025-01-31T17:04:53+00:00","breadcrumb":{"@id":"http:\/\/lechappeeclose.it\/boutique\/livres\/arts\/art-culinaire\/dis-mamou-on-cuisine-quoi-aujourdhui\/#breadcrumb"},"inLanguage":"it-IT","potentialAction":[{"@type":"ReadAction","target":["http:\/\/lechappeeclose.it\/boutique\/livres\/arts\/art-culinaire\/dis-mamou-on-cuisine-quoi-aujourdhui\/"]}]},{"@type":"ImageObject","inLanguage":"it-IT","@id":"http:\/\/lechappeeclose.it\/boutique\/livres\/arts\/art-culinaire\/dis-mamou-on-cuisine-quoi-aujourdhui\/#primaryimage","url":"http:\/\/lechappeeclose.it\/wp-content\/uploads\/2025\/01\/Dis-Mamou-on-cuisine-quoi-aujourdhui.jpg","contentUrl":"http:\/\/lechappeeclose.it\/wp-content\/uploads\/2025\/01\/Dis-Mamou-on-cuisine-quoi-aujourdhui.jpg","width":1400,"height":1849},{"@type":"BreadcrumbList","@id":"http:\/\/lechappeeclose.it\/boutique\/livres\/arts\/art-culinaire\/dis-mamou-on-cuisine-quoi-aujourdhui\/#breadcrumb","itemListElement":[{"@type":"ListItem","position":1,"name":"Accueil","item":"http:\/\/lechappeeclose.it\/"},{"@type":"ListItem","position":2,"name":"Boutique","item":"http:\/\/lechappeeclose.it\/it\/boutique\/"},{"@type":"ListItem","position":3,"name":"Dis Mamou, on cuisine quoi aujourd&#8217;hui ?"}]},{"@type":"WebSite","@id":"http:\/\/lechappeeclose.it\/#website","url":"http:\/\/lechappeeclose.it\/","name":"l&#039;\u00e9chapp\u00e9e close","description":"La libreria francese di Milano","publisher":{"@id":"http:\/\/lechappeeclose.it\/#organization"},"alternateName":"La librairie fran\u00e7aise de Milan","potentialAction":[{"@type":"SearchAction","target":{"@type":"EntryPoint","urlTemplate":"http:\/\/lechappeeclose.it\/?s={search_term_string}"},"query-input":{"@type":"PropertyValueSpecification","valueRequired":true,"valueName":"search_term_string"}}],"inLanguage":"it-IT"},{"@type":"Organization","@id":"http:\/\/lechappeeclose.it\/#organization","name":"l&#039;\u00e9chapp\u00e9e close","url":"http:\/\/lechappeeclose.it\/","logo":{"@type":"ImageObject","inLanguage":"it-IT","@id":"http:\/\/lechappeeclose.it\/#\/schema\/logo\/image\/","url":"http:\/\/lechappeeclose.it\/wp-content\/uploads\/2025\/02\/cropped-logo-rond.png","contentUrl":"http:\/\/lechappeeclose.it\/wp-content\/uploads\/2025\/02\/cropped-logo-rond.png","width":1080,"height":1080,"caption":"l&#039;\u00e9chapp\u00e9e close"},"image":{"@id":"http:\/\/lechappeeclose.it\/#\/schema\/logo\/image\/"},"sameAs":["https:\/\/www.instagram.com\/lechappeeclose\/"]}]}},"_links":{"self":[{"href":"http:\/\/lechappeeclose.it\/it\/wp-json\/wp\/v2\/product\/4438","targetHints":{"allow":["GET"]}}],"collection":[{"href":"http:\/\/lechappeeclose.it\/it\/wp-json\/wp\/v2\/product"}],"about":[{"href":"http:\/\/lechappeeclose.it\/it\/wp-json\/wp\/v2\/types\/product"}],"replies":[{"embeddable":true,"href":"http:\/\/lechappeeclose.it\/it\/wp-json\/wp\/v2\/comments?post=4438"}],"wp:featuredmedia":[{"embeddable":true,"href":"http:\/\/lechappeeclose.it\/it\/wp-json\/wp\/v2\/media\/4437"}],"wp:attachment":[{"href":"http:\/\/lechappeeclose.it\/it\/wp-json\/wp\/v2\/media?parent=4438"}],"wp:term":[{"taxonomy":"product_brand","embeddable":true,"href":"http:\/\/lechappeeclose.it\/it\/wp-json\/wp\/v2\/product_brand?post=4438"},{"taxonomy":"product_cat","embeddable":true,"href":"http:\/\/lechappeeclose.it\/it\/wp-json\/wp\/v2\/product_cat?post=4438"},{"taxonomy":"product_tag","embeddable":true,"href":"http:\/\/lechappeeclose.it\/it\/wp-json\/wp\/v2\/product_tag?post=4438"}],"curies":[{"name":"wp","href":"https:\/\/api.w.org\/{rel}","templated":true}]}}