{"id":4416,"date":"2025-01-31T17:54:11","date_gmt":"2025-01-31T16:54:11","guid":{"rendered":"https:\/\/lechappeeclose.it\/produit\/ma-cuisine-algerienne\/"},"modified":"2026-01-30T14:26:58","modified_gmt":"2026-01-30T13:26:58","slug":"ma-cuisine-algerienne","status":"publish","type":"product","link":"http:\/\/lechappeeclose.it\/it\/boutique\/livres\/arts\/art-culinaire\/ma-cuisine-algerienne\/","title":{"rendered":"Ma cuisine alg\u00e9rienne"},"content":{"rendered":"<p>D\u00e9couvrez la vraie cuisine alg\u00e9rienne, celle de Sh\u00e9razade, auteur du blog Les joyaux de Sh\u00e9razade .Dans ce beau livre pratique, aux photos inspir\u00e9es, vous attendent chorba, bestels, tajines, couscous, zlabia, baklawa ou makrout&#8230;Sh\u00e9razade vous invite \u00e0 savourer sa cuisine authentique et familiale, toute en simplicit\u00e9, inspir\u00e9e de la tradition alg\u00e9rienne. Laissez-vous porter par les recettes de ce livre, accompagn\u00e9es de pas-\u00e0-pas pour d\u00e9tailler la r\u00e9alisation des gestes les plus techniques (cuisson du couscous, confection de pain aghroum, pr\u00e9paration de tcharek &#8230;).R\u00e9galez-vous de sardines \u00e0 l&#8217;escab\u00e8ge, chorba vermicelles, tajine de lapin aux olives, couscous boufawer, mais aussi de d\u00e9licieux pains traditionnels ou de desserts tels que la palouza \u00e0 la cr\u00e8me d&#8217;orange, le kalb el louz ou le ktaif aux noix&#8230; Apprenez aussi \u00e0 r\u00e9aliser certaines pr\u00e9parations maison comme le citron confit, le dersa aux poivrons rouges, la p\u00e2te d&#8217;amandes ou la p\u00e2te de dattes&#8230;Au menu :- Entr\u00e9es, soupes et pains- Plats- Fait maison- Desserts et p\u00e2tisseries<\/p>","protected":false},"excerpt":{"rendered":"<p>D\u00e9couvrez la vraie cuisine alg\u00e9rienne, celle de Sh\u00e9razade, auteur du blog Les joyaux de Sh\u00e9razade .Dans ce beau livre pratique, aux photos inspir\u00e9es, vous attendent chorba, bestels, tajines, couscous, zlabia, baklawa ou makrout&#8230;Sh\u00e9razade vous invite \u00e0 savourer sa cuisine authentique et familiale, toute en simplicit\u00e9, inspir\u00e9e de la tradition alg\u00e9rienne. Laissez-vous porter par les recettes [&hellip;]<\/p>","protected":false},"featured_media":4415,"comment_status":"open","ping_status":"closed","template":"","meta":[],"product_brand":[],"product_cat":[44],"product_tag":[],"class_list":{"0":"post-4416","1":"product","2":"type-product","3":"status-publish","4":"has-post-thumbnail","6":"product_cat-art-culinaire","8":"first","9":"onbackorder","10":"taxable","11":"shipping-taxable","12":"purchasable","13":"product-type-simple"},"yoast_head":"<!-- This site is optimized with the Yoast SEO plugin v27.3 - https:\/\/yoast.com\/product\/yoast-seo-wordpress\/ -->\n<title>Ma cuisine alg\u00e9rienne - l&#039;\u00e9chapp\u00e9e close<\/title>\n<meta name=\"robots\" content=\"index, follow, max-snippet:-1, max-image-preview:large, max-video-preview:-1\" \/>\n<link rel=\"canonical\" href=\"http:\/\/lechappeeclose.it\/it\/boutique\/livres\/arts\/art-culinaire\/ma-cuisine-algerienne\/\" \/>\n<meta property=\"og:locale\" content=\"it_IT\" \/>\n<meta property=\"og:type\" content=\"article\" \/>\n<meta property=\"og:title\" content=\"Ma cuisine alg\u00e9rienne - l&#039;\u00e9chapp\u00e9e close\" \/>\n<meta property=\"og:description\" content=\"D\u00e9couvrez la vraie cuisine alg\u00e9rienne, celle de Sh\u00e9razade, auteur du blog Les joyaux de Sh\u00e9razade .Dans ce beau livre pratique, aux photos inspir\u00e9es, vous attendent chorba, bestels, tajines, couscous, zlabia, baklawa ou makrout&#8230;Sh\u00e9razade vous invite \u00e0 savourer sa cuisine authentique et familiale, toute en simplicit\u00e9, inspir\u00e9e de la tradition alg\u00e9rienne. Laissez-vous porter par les recettes [&hellip;]\" \/>\n<meta property=\"og:url\" content=\"http:\/\/lechappeeclose.it\/it\/boutique\/livres\/arts\/art-culinaire\/ma-cuisine-algerienne\/\" \/>\n<meta property=\"og:site_name\" content=\"l&#039;\u00e9chapp\u00e9e close\" \/>\n<meta property=\"article:modified_time\" content=\"2026-01-30T13:26:58+00:00\" \/>\n<meta property=\"og:image\" content=\"http:\/\/lechappeeclose.it\/wp-content\/uploads\/2025\/01\/Ma-cuisine-algerienne.jpg\" \/>\n\t<meta property=\"og:image:width\" content=\"383\" \/>\n\t<meta property=\"og:image:height\" content=\"500\" \/>\n\t<meta property=\"og:image:type\" content=\"image\/jpeg\" \/>\n<meta name=\"twitter:card\" content=\"summary_large_image\" \/>\n<meta name=\"twitter:label1\" content=\"Tempo di lettura stimato\" \/>\n\t<meta name=\"twitter:data1\" content=\"1 minuto\" \/>\n<script type=\"application\/ld+json\" class=\"yoast-schema-graph\">{\"@context\":\"https:\\\/\\\/schema.org\",\"@graph\":[{\"@type\":\"WebPage\",\"@id\":\"http:\\\/\\\/lechappeeclose.it\\\/it\\\/boutique\\\/livres\\\/arts\\\/art-culinaire\\\/ma-cuisine-algerienne\\\/\",\"url\":\"http:\\\/\\\/lechappeeclose.it\\\/it\\\/boutique\\\/livres\\\/arts\\\/art-culinaire\\\/ma-cuisine-algerienne\\\/\",\"name\":\"Ma cuisine alg\u00e9rienne - l&#039;\u00e9chapp\u00e9e close\",\"isPartOf\":{\"@id\":\"https:\\\/\\\/lechappeeclose.it\\\/it\\\/#website\"},\"primaryImageOfPage\":{\"@id\":\"http:\\\/\\\/lechappeeclose.it\\\/it\\\/boutique\\\/livres\\\/arts\\\/art-culinaire\\\/ma-cuisine-algerienne\\\/#primaryimage\"},\"image\":{\"@id\":\"http:\\\/\\\/lechappeeclose.it\\\/it\\\/boutique\\\/livres\\\/arts\\\/art-culinaire\\\/ma-cuisine-algerienne\\\/#primaryimage\"},\"thumbnailUrl\":\"http:\\\/\\\/lechappeeclose.it\\\/wp-content\\\/uploads\\\/2025\\\/01\\\/Ma-cuisine-algerienne.jpg\",\"datePublished\":\"2025-01-31T16:54:11+00:00\",\"dateModified\":\"2026-01-30T13:26:58+00:00\",\"breadcrumb\":{\"@id\":\"http:\\\/\\\/lechappeeclose.it\\\/it\\\/boutique\\\/livres\\\/arts\\\/art-culinaire\\\/ma-cuisine-algerienne\\\/#breadcrumb\"},\"inLanguage\":\"it-IT\",\"potentialAction\":[{\"@type\":\"ReadAction\",\"target\":[\"http:\\\/\\\/lechappeeclose.it\\\/it\\\/boutique\\\/livres\\\/arts\\\/art-culinaire\\\/ma-cuisine-algerienne\\\/\"]}]},{\"@type\":\"ImageObject\",\"inLanguage\":\"it-IT\",\"@id\":\"http:\\\/\\\/lechappeeclose.it\\\/it\\\/boutique\\\/livres\\\/arts\\\/art-culinaire\\\/ma-cuisine-algerienne\\\/#primaryimage\",\"url\":\"http:\\\/\\\/lechappeeclose.it\\\/wp-content\\\/uploads\\\/2025\\\/01\\\/Ma-cuisine-algerienne.jpg\",\"contentUrl\":\"http:\\\/\\\/lechappeeclose.it\\\/wp-content\\\/uploads\\\/2025\\\/01\\\/Ma-cuisine-algerienne.jpg\",\"width\":383,\"height\":500},{\"@type\":\"BreadcrumbList\",\"@id\":\"http:\\\/\\\/lechappeeclose.it\\\/it\\\/boutique\\\/livres\\\/arts\\\/art-culinaire\\\/ma-cuisine-algerienne\\\/#breadcrumb\",\"itemListElement\":[{\"@type\":\"ListItem\",\"position\":1,\"name\":\"Accueil\",\"item\":\"https:\\\/\\\/lechappeeclose.it\\\/it\\\/\"},{\"@type\":\"ListItem\",\"position\":2,\"name\":\"Boutique\",\"item\":\"https:\\\/\\\/lechappeeclose.it\\\/it\\\/boutique\\\/\"},{\"@type\":\"ListItem\",\"position\":3,\"name\":\"Ma cuisine alg\u00e9rienne\"}]},{\"@type\":\"WebSite\",\"@id\":\"https:\\\/\\\/lechappeeclose.it\\\/it\\\/#website\",\"url\":\"https:\\\/\\\/lechappeeclose.it\\\/it\\\/\",\"name\":\"l&#039;\u00e9chapp\u00e9e close\",\"description\":\"la librairie fran\u00e7aise de Milan\",\"publisher\":{\"@id\":\"https:\\\/\\\/lechappeeclose.it\\\/it\\\/#organization\"},\"alternateName\":\"La librairie fran\u00e7aise de Milan\",\"potentialAction\":[{\"@type\":\"SearchAction\",\"target\":{\"@type\":\"EntryPoint\",\"urlTemplate\":\"https:\\\/\\\/lechappeeclose.it\\\/it\\\/?s={search_term_string}\"},\"query-input\":{\"@type\":\"PropertyValueSpecification\",\"valueRequired\":true,\"valueName\":\"search_term_string\"}}],\"inLanguage\":\"it-IT\"},{\"@type\":\"Organization\",\"@id\":\"https:\\\/\\\/lechappeeclose.it\\\/it\\\/#organization\",\"name\":\"l&#039;\u00e9chapp\u00e9e close\",\"url\":\"https:\\\/\\\/lechappeeclose.it\\\/it\\\/\",\"logo\":{\"@type\":\"ImageObject\",\"inLanguage\":\"it-IT\",\"@id\":\"https:\\\/\\\/lechappeeclose.it\\\/it\\\/#\\\/schema\\\/logo\\\/image\\\/\",\"url\":\"http:\\\/\\\/lechappeeclose.it\\\/wp-content\\\/uploads\\\/2025\\\/02\\\/cropped-logo-rond.png\",\"contentUrl\":\"http:\\\/\\\/lechappeeclose.it\\\/wp-content\\\/uploads\\\/2025\\\/02\\\/cropped-logo-rond.png\",\"width\":1080,\"height\":1080,\"caption\":\"l&#039;\u00e9chapp\u00e9e close\"},\"image\":{\"@id\":\"https:\\\/\\\/lechappeeclose.it\\\/it\\\/#\\\/schema\\\/logo\\\/image\\\/\"},\"sameAs\":[\"https:\\\/\\\/www.instagram.com\\\/lechappeeclose\\\/\"]}]}<\/script>\n<!-- \/ Yoast SEO plugin. -->","yoast_head_json":{"title":"Ma cuisine alg\u00e9rienne - l&#039;\u00e9chapp\u00e9e close","robots":{"index":"index","follow":"follow","max-snippet":"max-snippet:-1","max-image-preview":"max-image-preview:large","max-video-preview":"max-video-preview:-1"},"canonical":"http:\/\/lechappeeclose.it\/it\/boutique\/livres\/arts\/art-culinaire\/ma-cuisine-algerienne\/","og_locale":"it_IT","og_type":"article","og_title":"Ma cuisine alg\u00e9rienne - l&#039;\u00e9chapp\u00e9e close","og_description":"D\u00e9couvrez la vraie cuisine alg\u00e9rienne, celle de Sh\u00e9razade, auteur du blog Les joyaux de Sh\u00e9razade .Dans ce beau livre pratique, aux photos inspir\u00e9es, vous attendent chorba, bestels, tajines, couscous, zlabia, baklawa ou makrout&#8230;Sh\u00e9razade vous invite \u00e0 savourer sa cuisine authentique et familiale, toute en simplicit\u00e9, inspir\u00e9e de la tradition alg\u00e9rienne. Laissez-vous porter par les recettes [&hellip;]","og_url":"http:\/\/lechappeeclose.it\/it\/boutique\/livres\/arts\/art-culinaire\/ma-cuisine-algerienne\/","og_site_name":"l&#039;\u00e9chapp\u00e9e close","article_modified_time":"2026-01-30T13:26:58+00:00","og_image":[{"width":383,"height":500,"url":"http:\/\/lechappeeclose.it\/wp-content\/uploads\/2025\/01\/Ma-cuisine-algerienne.jpg","type":"image\/jpeg"}],"twitter_card":"summary_large_image","twitter_misc":{"Tempo di lettura stimato":"1 minuto"},"schema":{"@context":"https:\/\/schema.org","@graph":[{"@type":"WebPage","@id":"http:\/\/lechappeeclose.it\/it\/boutique\/livres\/arts\/art-culinaire\/ma-cuisine-algerienne\/","url":"http:\/\/lechappeeclose.it\/it\/boutique\/livres\/arts\/art-culinaire\/ma-cuisine-algerienne\/","name":"Ma cuisine alg\u00e9rienne - l&#039;\u00e9chapp\u00e9e close","isPartOf":{"@id":"https:\/\/lechappeeclose.it\/it\/#website"},"primaryImageOfPage":{"@id":"http:\/\/lechappeeclose.it\/it\/boutique\/livres\/arts\/art-culinaire\/ma-cuisine-algerienne\/#primaryimage"},"image":{"@id":"http:\/\/lechappeeclose.it\/it\/boutique\/livres\/arts\/art-culinaire\/ma-cuisine-algerienne\/#primaryimage"},"thumbnailUrl":"http:\/\/lechappeeclose.it\/wp-content\/uploads\/2025\/01\/Ma-cuisine-algerienne.jpg","datePublished":"2025-01-31T16:54:11+00:00","dateModified":"2026-01-30T13:26:58+00:00","breadcrumb":{"@id":"http:\/\/lechappeeclose.it\/it\/boutique\/livres\/arts\/art-culinaire\/ma-cuisine-algerienne\/#breadcrumb"},"inLanguage":"it-IT","potentialAction":[{"@type":"ReadAction","target":["http:\/\/lechappeeclose.it\/it\/boutique\/livres\/arts\/art-culinaire\/ma-cuisine-algerienne\/"]}]},{"@type":"ImageObject","inLanguage":"it-IT","@id":"http:\/\/lechappeeclose.it\/it\/boutique\/livres\/arts\/art-culinaire\/ma-cuisine-algerienne\/#primaryimage","url":"http:\/\/lechappeeclose.it\/wp-content\/uploads\/2025\/01\/Ma-cuisine-algerienne.jpg","contentUrl":"http:\/\/lechappeeclose.it\/wp-content\/uploads\/2025\/01\/Ma-cuisine-algerienne.jpg","width":383,"height":500},{"@type":"BreadcrumbList","@id":"http:\/\/lechappeeclose.it\/it\/boutique\/livres\/arts\/art-culinaire\/ma-cuisine-algerienne\/#breadcrumb","itemListElement":[{"@type":"ListItem","position":1,"name":"Accueil","item":"https:\/\/lechappeeclose.it\/it\/"},{"@type":"ListItem","position":2,"name":"Boutique","item":"https:\/\/lechappeeclose.it\/it\/boutique\/"},{"@type":"ListItem","position":3,"name":"Ma cuisine alg\u00e9rienne"}]},{"@type":"WebSite","@id":"https:\/\/lechappeeclose.it\/it\/#website","url":"https:\/\/lechappeeclose.it\/it\/","name":"l&#039;\u00e9chapp\u00e9e close","description":"La libreria francese di Milano","publisher":{"@id":"https:\/\/lechappeeclose.it\/it\/#organization"},"alternateName":"La librairie fran\u00e7aise de Milan","potentialAction":[{"@type":"SearchAction","target":{"@type":"EntryPoint","urlTemplate":"https:\/\/lechappeeclose.it\/it\/?s={search_term_string}"},"query-input":{"@type":"PropertyValueSpecification","valueRequired":true,"valueName":"search_term_string"}}],"inLanguage":"it-IT"},{"@type":"Organization","@id":"https:\/\/lechappeeclose.it\/it\/#organization","name":"l&#039;\u00e9chapp\u00e9e close","url":"https:\/\/lechappeeclose.it\/it\/","logo":{"@type":"ImageObject","inLanguage":"it-IT","@id":"https:\/\/lechappeeclose.it\/it\/#\/schema\/logo\/image\/","url":"http:\/\/lechappeeclose.it\/wp-content\/uploads\/2025\/02\/cropped-logo-rond.png","contentUrl":"http:\/\/lechappeeclose.it\/wp-content\/uploads\/2025\/02\/cropped-logo-rond.png","width":1080,"height":1080,"caption":"l&#039;\u00e9chapp\u00e9e close"},"image":{"@id":"https:\/\/lechappeeclose.it\/it\/#\/schema\/logo\/image\/"},"sameAs":["https:\/\/www.instagram.com\/lechappeeclose\/"]}]}},"_links":{"self":[{"href":"http:\/\/lechappeeclose.it\/it\/wp-json\/wp\/v2\/product\/4416","targetHints":{"allow":["GET"]}}],"collection":[{"href":"http:\/\/lechappeeclose.it\/it\/wp-json\/wp\/v2\/product"}],"about":[{"href":"http:\/\/lechappeeclose.it\/it\/wp-json\/wp\/v2\/types\/product"}],"replies":[{"embeddable":true,"href":"http:\/\/lechappeeclose.it\/it\/wp-json\/wp\/v2\/comments?post=4416"}],"wp:featuredmedia":[{"embeddable":true,"href":"http:\/\/lechappeeclose.it\/it\/wp-json\/wp\/v2\/media\/4415"}],"wp:attachment":[{"href":"http:\/\/lechappeeclose.it\/it\/wp-json\/wp\/v2\/media?parent=4416"}],"wp:term":[{"taxonomy":"product_brand","embeddable":true,"href":"http:\/\/lechappeeclose.it\/it\/wp-json\/wp\/v2\/product_brand?post=4416"},{"taxonomy":"product_cat","embeddable":true,"href":"http:\/\/lechappeeclose.it\/it\/wp-json\/wp\/v2\/product_cat?post=4416"},{"taxonomy":"product_tag","embeddable":true,"href":"http:\/\/lechappeeclose.it\/it\/wp-json\/wp\/v2\/product_tag?post=4416"}],"curies":[{"name":"wp","href":"https:\/\/api.w.org\/{rel}","templated":true}]}}