{"id":4391,"date":"2025-01-31T17:46:07","date_gmt":"2025-01-31T16:46:07","guid":{"rendered":"https:\/\/lechappeeclose.it\/produit\/le-meilleur-de-la-patisserie-francaise\/"},"modified":"2026-01-30T14:42:33","modified_gmt":"2026-01-30T13:42:33","slug":"le-meilleur-de-la-patisserie-francaise","status":"publish","type":"product","link":"http:\/\/lechappeeclose.it\/it\/boutique\/livres\/arts\/art-culinaire\/le-meilleur-de-la-patisserie-francaise\/","title":{"rendered":"Le meilleur de la p\u00e2tisserie fran\u00e7aise"},"content":{"rendered":"<p>Une compilation in\u00e9dite du meilleur de la p\u00e2tisserie fran\u00e7aise ! La France est riche de traditions sucr\u00e9es et de talents p\u00e2tissiers qui rayonnent dans le monde entier. Ce livre fait honneur \u00e0 cet artisanat en pr\u00e9sentant 100 RECETTES IRR\u00c9SISTIBLES de quoi faire saliver tous.tes les gourmand.e.s. Des recettes de personnalit\u00e9s d\u00e9j\u00e0 c\u00e9l\u00e9br\u00e9es et celles d&#8217;une nouvelle g\u00e9n\u00e9ration qui cr\u00e9ent ensemble la p\u00e2tisserie fran\u00e7aise d&#8217;aujourd&#8217;hui.Ce tour de France de la p\u00e2tisserie passe par les grands classiques inspirants, de belles propositions revisit\u00e9es, des viennoiseries, des g\u00e2teaux de voyage, des biscuits, des confiseries et des cr\u00e9ations pour \u00e9moustiller tous les becs sucr\u00e9s ; l&#8217;occasion aussi, \u00e0 travers des pas-\u00e0-pas d\u00e9taill\u00e9s, de profiter de pr\u00e9cieux conseils techniques. Une porte ouverte sur le meilleur de la cr\u00e9ation p\u00e2tissi\u00e8re.<\/p>","protected":false},"excerpt":{"rendered":"<p>Une compilation in\u00e9dite du meilleur de la p\u00e2tisserie fran\u00e7aise ! La France est riche de traditions sucr\u00e9es et de talents p\u00e2tissiers qui rayonnent dans le monde entier. Ce livre fait honneur \u00e0 cet artisanat en pr\u00e9sentant 100 RECETTES IRR\u00c9SISTIBLES de quoi faire saliver tous.tes les gourmand.e.s. Des recettes de personnalit\u00e9s d\u00e9j\u00e0 c\u00e9l\u00e9br\u00e9es et celles d&#8217;une [&hellip;]<\/p>","protected":false},"featured_media":4390,"comment_status":"open","ping_status":"closed","template":"","meta":[],"product_brand":[],"product_cat":[44],"product_tag":[],"class_list":{"0":"post-4391","1":"product","2":"type-product","3":"status-publish","4":"has-post-thumbnail","6":"product_cat-art-culinaire","8":"first","9":"onbackorder","10":"taxable","11":"shipping-taxable","12":"purchasable","13":"product-type-simple"},"yoast_head":"<!-- This site is optimized with the Yoast SEO plugin v27.4 - https:\/\/yoast.com\/product\/yoast-seo-wordpress\/ -->\n<title>Le meilleur de la p\u00e2tisserie fran\u00e7aise - l&#039;\u00e9chapp\u00e9e close<\/title>\n<meta name=\"robots\" content=\"index, follow, max-snippet:-1, max-image-preview:large, max-video-preview:-1\" \/>\n<link rel=\"canonical\" href=\"https:\/\/lechappeeclose.it\/it\/boutique\/livres\/arts\/art-culinaire\/le-meilleur-de-la-patisserie-francaise\/\" \/>\n<meta property=\"og:locale\" content=\"it_IT\" \/>\n<meta property=\"og:type\" content=\"article\" \/>\n<meta property=\"og:title\" content=\"Le meilleur de la p\u00e2tisserie fran\u00e7aise - l&#039;\u00e9chapp\u00e9e close\" \/>\n<meta property=\"og:description\" content=\"Une compilation in\u00e9dite du meilleur de la p\u00e2tisserie fran\u00e7aise ! La France est riche de traditions sucr\u00e9es et de talents p\u00e2tissiers qui rayonnent dans le monde entier. Ce livre fait honneur \u00e0 cet artisanat en pr\u00e9sentant 100 RECETTES IRR\u00c9SISTIBLES de quoi faire saliver tous.tes les gourmand.e.s. Des recettes de personnalit\u00e9s d\u00e9j\u00e0 c\u00e9l\u00e9br\u00e9es et celles d&#8217;une [&hellip;]\" \/>\n<meta property=\"og:url\" content=\"https:\/\/lechappeeclose.it\/it\/boutique\/livres\/arts\/art-culinaire\/le-meilleur-de-la-patisserie-francaise\/\" \/>\n<meta property=\"og:site_name\" content=\"l&#039;\u00e9chapp\u00e9e close\" \/>\n<meta property=\"article:modified_time\" content=\"2026-01-30T13:42:33+00:00\" \/>\n<meta property=\"og:image\" content=\"https:\/\/lechappeeclose.it\/wp-content\/uploads\/2025\/01\/Le-meilleur-de-la-patisserie-francaise.jpg\" \/>\n\t<meta property=\"og:image:width\" content=\"1300\" \/>\n\t<meta property=\"og:image:height\" content=\"820\" \/>\n\t<meta property=\"og:image:type\" content=\"image\/jpeg\" \/>\n<meta name=\"twitter:card\" content=\"summary_large_image\" \/>\n<meta name=\"twitter:label1\" content=\"Tempo di lettura stimato\" \/>\n\t<meta name=\"twitter:data1\" content=\"1 minuto\" \/>\n<script type=\"application\/ld+json\" class=\"yoast-schema-graph\">{\"@context\":\"https:\\\/\\\/schema.org\",\"@graph\":[{\"@type\":\"WebPage\",\"@id\":\"https:\\\/\\\/lechappeeclose.it\\\/boutique\\\/livres\\\/arts\\\/art-culinaire\\\/le-meilleur-de-la-patisserie-francaise\\\/\",\"url\":\"https:\\\/\\\/lechappeeclose.it\\\/boutique\\\/livres\\\/arts\\\/art-culinaire\\\/le-meilleur-de-la-patisserie-francaise\\\/\",\"name\":\"Le meilleur de la p\u00e2tisserie fran\u00e7aise - l&#039;\u00e9chapp\u00e9e close\",\"isPartOf\":{\"@id\":\"http:\\\/\\\/lechappeeclose.it\\\/#website\"},\"primaryImageOfPage\":{\"@id\":\"https:\\\/\\\/lechappeeclose.it\\\/boutique\\\/livres\\\/arts\\\/art-culinaire\\\/le-meilleur-de-la-patisserie-francaise\\\/#primaryimage\"},\"image\":{\"@id\":\"https:\\\/\\\/lechappeeclose.it\\\/boutique\\\/livres\\\/arts\\\/art-culinaire\\\/le-meilleur-de-la-patisserie-francaise\\\/#primaryimage\"},\"thumbnailUrl\":\"http:\\\/\\\/lechappeeclose.it\\\/wp-content\\\/uploads\\\/2025\\\/01\\\/Le-meilleur-de-la-patisserie-francaise.jpg\",\"datePublished\":\"2025-01-31T16:46:07+00:00\",\"dateModified\":\"2026-01-30T13:42:33+00:00\",\"breadcrumb\":{\"@id\":\"https:\\\/\\\/lechappeeclose.it\\\/boutique\\\/livres\\\/arts\\\/art-culinaire\\\/le-meilleur-de-la-patisserie-francaise\\\/#breadcrumb\"},\"inLanguage\":\"it-IT\",\"potentialAction\":[{\"@type\":\"ReadAction\",\"target\":[\"https:\\\/\\\/lechappeeclose.it\\\/boutique\\\/livres\\\/arts\\\/art-culinaire\\\/le-meilleur-de-la-patisserie-francaise\\\/\"]}]},{\"@type\":\"ImageObject\",\"inLanguage\":\"it-IT\",\"@id\":\"https:\\\/\\\/lechappeeclose.it\\\/boutique\\\/livres\\\/arts\\\/art-culinaire\\\/le-meilleur-de-la-patisserie-francaise\\\/#primaryimage\",\"url\":\"http:\\\/\\\/lechappeeclose.it\\\/wp-content\\\/uploads\\\/2025\\\/01\\\/Le-meilleur-de-la-patisserie-francaise.jpg\",\"contentUrl\":\"http:\\\/\\\/lechappeeclose.it\\\/wp-content\\\/uploads\\\/2025\\\/01\\\/Le-meilleur-de-la-patisserie-francaise.jpg\",\"width\":1300,\"height\":820},{\"@type\":\"BreadcrumbList\",\"@id\":\"https:\\\/\\\/lechappeeclose.it\\\/boutique\\\/livres\\\/arts\\\/art-culinaire\\\/le-meilleur-de-la-patisserie-francaise\\\/#breadcrumb\",\"itemListElement\":[{\"@type\":\"ListItem\",\"position\":1,\"name\":\"Accueil\",\"item\":\"http:\\\/\\\/lechappeeclose.it\\\/\"},{\"@type\":\"ListItem\",\"position\":2,\"name\":\"Boutique\",\"item\":\"http:\\\/\\\/lechappeeclose.it\\\/it\\\/boutique\\\/\"},{\"@type\":\"ListItem\",\"position\":3,\"name\":\"Le meilleur de la p\u00e2tisserie fran\u00e7aise\"}]},{\"@type\":\"WebSite\",\"@id\":\"http:\\\/\\\/lechappeeclose.it\\\/#website\",\"url\":\"http:\\\/\\\/lechappeeclose.it\\\/\",\"name\":\"l&#039;\u00e9chapp\u00e9e close\",\"description\":\"la librairie fran\u00e7aise de Milan\",\"publisher\":{\"@id\":\"http:\\\/\\\/lechappeeclose.it\\\/#organization\"},\"alternateName\":\"La librairie fran\u00e7aise de Milan\",\"potentialAction\":[{\"@type\":\"SearchAction\",\"target\":{\"@type\":\"EntryPoint\",\"urlTemplate\":\"http:\\\/\\\/lechappeeclose.it\\\/?s={search_term_string}\"},\"query-input\":{\"@type\":\"PropertyValueSpecification\",\"valueRequired\":true,\"valueName\":\"search_term_string\"}}],\"inLanguage\":\"it-IT\"},{\"@type\":\"Organization\",\"@id\":\"http:\\\/\\\/lechappeeclose.it\\\/#organization\",\"name\":\"l&#039;\u00e9chapp\u00e9e close\",\"url\":\"http:\\\/\\\/lechappeeclose.it\\\/\",\"logo\":{\"@type\":\"ImageObject\",\"inLanguage\":\"it-IT\",\"@id\":\"http:\\\/\\\/lechappeeclose.it\\\/#\\\/schema\\\/logo\\\/image\\\/\",\"url\":\"http:\\\/\\\/lechappeeclose.it\\\/wp-content\\\/uploads\\\/2025\\\/02\\\/cropped-logo-rond.png\",\"contentUrl\":\"http:\\\/\\\/lechappeeclose.it\\\/wp-content\\\/uploads\\\/2025\\\/02\\\/cropped-logo-rond.png\",\"width\":1080,\"height\":1080,\"caption\":\"l&#039;\u00e9chapp\u00e9e close\"},\"image\":{\"@id\":\"http:\\\/\\\/lechappeeclose.it\\\/#\\\/schema\\\/logo\\\/image\\\/\"},\"sameAs\":[\"https:\\\/\\\/www.instagram.com\\\/lechappeeclose\\\/\"]}]}<\/script>\n<!-- \/ Yoast SEO plugin. -->","yoast_head_json":{"title":"Le meilleur de la p\u00e2tisserie fran\u00e7aise - l&#039;\u00e9chapp\u00e9e close","robots":{"index":"index","follow":"follow","max-snippet":"max-snippet:-1","max-image-preview":"max-image-preview:large","max-video-preview":"max-video-preview:-1"},"canonical":"https:\/\/lechappeeclose.it\/it\/boutique\/livres\/arts\/art-culinaire\/le-meilleur-de-la-patisserie-francaise\/","og_locale":"it_IT","og_type":"article","og_title":"Le meilleur de la p\u00e2tisserie fran\u00e7aise - l&#039;\u00e9chapp\u00e9e close","og_description":"Une compilation in\u00e9dite du meilleur de la p\u00e2tisserie fran\u00e7aise ! La France est riche de traditions sucr\u00e9es et de talents p\u00e2tissiers qui rayonnent dans le monde entier. Ce livre fait honneur \u00e0 cet artisanat en pr\u00e9sentant 100 RECETTES IRR\u00c9SISTIBLES de quoi faire saliver tous.tes les gourmand.e.s. Des recettes de personnalit\u00e9s d\u00e9j\u00e0 c\u00e9l\u00e9br\u00e9es et celles d&#8217;une [&hellip;]","og_url":"https:\/\/lechappeeclose.it\/it\/boutique\/livres\/arts\/art-culinaire\/le-meilleur-de-la-patisserie-francaise\/","og_site_name":"l&#039;\u00e9chapp\u00e9e close","article_modified_time":"2026-01-30T13:42:33+00:00","og_image":[{"width":1300,"height":820,"url":"https:\/\/lechappeeclose.it\/wp-content\/uploads\/2025\/01\/Le-meilleur-de-la-patisserie-francaise.jpg","type":"image\/jpeg"}],"twitter_card":"summary_large_image","twitter_misc":{"Tempo di lettura stimato":"1 minuto"},"schema":{"@context":"https:\/\/schema.org","@graph":[{"@type":"WebPage","@id":"https:\/\/lechappeeclose.it\/boutique\/livres\/arts\/art-culinaire\/le-meilleur-de-la-patisserie-francaise\/","url":"https:\/\/lechappeeclose.it\/boutique\/livres\/arts\/art-culinaire\/le-meilleur-de-la-patisserie-francaise\/","name":"Le meilleur de la p\u00e2tisserie fran\u00e7aise - l&#039;\u00e9chapp\u00e9e close","isPartOf":{"@id":"http:\/\/lechappeeclose.it\/#website"},"primaryImageOfPage":{"@id":"https:\/\/lechappeeclose.it\/boutique\/livres\/arts\/art-culinaire\/le-meilleur-de-la-patisserie-francaise\/#primaryimage"},"image":{"@id":"https:\/\/lechappeeclose.it\/boutique\/livres\/arts\/art-culinaire\/le-meilleur-de-la-patisserie-francaise\/#primaryimage"},"thumbnailUrl":"http:\/\/lechappeeclose.it\/wp-content\/uploads\/2025\/01\/Le-meilleur-de-la-patisserie-francaise.jpg","datePublished":"2025-01-31T16:46:07+00:00","dateModified":"2026-01-30T13:42:33+00:00","breadcrumb":{"@id":"https:\/\/lechappeeclose.it\/boutique\/livres\/arts\/art-culinaire\/le-meilleur-de-la-patisserie-francaise\/#breadcrumb"},"inLanguage":"it-IT","potentialAction":[{"@type":"ReadAction","target":["https:\/\/lechappeeclose.it\/boutique\/livres\/arts\/art-culinaire\/le-meilleur-de-la-patisserie-francaise\/"]}]},{"@type":"ImageObject","inLanguage":"it-IT","@id":"https:\/\/lechappeeclose.it\/boutique\/livres\/arts\/art-culinaire\/le-meilleur-de-la-patisserie-francaise\/#primaryimage","url":"http:\/\/lechappeeclose.it\/wp-content\/uploads\/2025\/01\/Le-meilleur-de-la-patisserie-francaise.jpg","contentUrl":"http:\/\/lechappeeclose.it\/wp-content\/uploads\/2025\/01\/Le-meilleur-de-la-patisserie-francaise.jpg","width":1300,"height":820},{"@type":"BreadcrumbList","@id":"https:\/\/lechappeeclose.it\/boutique\/livres\/arts\/art-culinaire\/le-meilleur-de-la-patisserie-francaise\/#breadcrumb","itemListElement":[{"@type":"ListItem","position":1,"name":"Accueil","item":"http:\/\/lechappeeclose.it\/"},{"@type":"ListItem","position":2,"name":"Boutique","item":"http:\/\/lechappeeclose.it\/it\/boutique\/"},{"@type":"ListItem","position":3,"name":"Le meilleur de la p\u00e2tisserie fran\u00e7aise"}]},{"@type":"WebSite","@id":"http:\/\/lechappeeclose.it\/#website","url":"http:\/\/lechappeeclose.it\/","name":"l&#039;\u00e9chapp\u00e9e close","description":"La libreria francese di Milano","publisher":{"@id":"http:\/\/lechappeeclose.it\/#organization"},"alternateName":"La librairie fran\u00e7aise de Milan","potentialAction":[{"@type":"SearchAction","target":{"@type":"EntryPoint","urlTemplate":"http:\/\/lechappeeclose.it\/?s={search_term_string}"},"query-input":{"@type":"PropertyValueSpecification","valueRequired":true,"valueName":"search_term_string"}}],"inLanguage":"it-IT"},{"@type":"Organization","@id":"http:\/\/lechappeeclose.it\/#organization","name":"l&#039;\u00e9chapp\u00e9e close","url":"http:\/\/lechappeeclose.it\/","logo":{"@type":"ImageObject","inLanguage":"it-IT","@id":"http:\/\/lechappeeclose.it\/#\/schema\/logo\/image\/","url":"http:\/\/lechappeeclose.it\/wp-content\/uploads\/2025\/02\/cropped-logo-rond.png","contentUrl":"http:\/\/lechappeeclose.it\/wp-content\/uploads\/2025\/02\/cropped-logo-rond.png","width":1080,"height":1080,"caption":"l&#039;\u00e9chapp\u00e9e close"},"image":{"@id":"http:\/\/lechappeeclose.it\/#\/schema\/logo\/image\/"},"sameAs":["https:\/\/www.instagram.com\/lechappeeclose\/"]}]}},"_links":{"self":[{"href":"http:\/\/lechappeeclose.it\/it\/wp-json\/wp\/v2\/product\/4391","targetHints":{"allow":["GET"]}}],"collection":[{"href":"http:\/\/lechappeeclose.it\/it\/wp-json\/wp\/v2\/product"}],"about":[{"href":"http:\/\/lechappeeclose.it\/it\/wp-json\/wp\/v2\/types\/product"}],"replies":[{"embeddable":true,"href":"http:\/\/lechappeeclose.it\/it\/wp-json\/wp\/v2\/comments?post=4391"}],"wp:featuredmedia":[{"embeddable":true,"href":"http:\/\/lechappeeclose.it\/it\/wp-json\/wp\/v2\/media\/4390"}],"wp:attachment":[{"href":"http:\/\/lechappeeclose.it\/it\/wp-json\/wp\/v2\/media?parent=4391"}],"wp:term":[{"taxonomy":"product_brand","embeddable":true,"href":"http:\/\/lechappeeclose.it\/it\/wp-json\/wp\/v2\/product_brand?post=4391"},{"taxonomy":"product_cat","embeddable":true,"href":"http:\/\/lechappeeclose.it\/it\/wp-json\/wp\/v2\/product_cat?post=4391"},{"taxonomy":"product_tag","embeddable":true,"href":"http:\/\/lechappeeclose.it\/it\/wp-json\/wp\/v2\/product_tag?post=4391"}],"curies":[{"name":"wp","href":"https:\/\/api.w.org\/{rel}","templated":true}]}}