{"id":4385,"date":"2025-01-31T17:44:54","date_gmt":"2025-01-31T16:44:54","guid":{"rendered":"https:\/\/lechappeeclose.it\/produit\/le-grand-livre-de-la-cuisine-moyen-orientale\/"},"modified":"2025-01-31T17:44:54","modified_gmt":"2025-01-31T16:44:54","slug":"le-grand-livre-de-la-cuisine-moyen-orientale","status":"publish","type":"product","link":"http:\/\/lechappeeclose.it\/it\/boutique\/livres\/arts\/art-culinaire\/le-grand-livre-de-la-cuisine-moyen-orientale\/","title":{"rendered":"Le grand livre de la cuisine moyen-orientale"},"content":{"rendered":"<p>Le livre de r\u00e9f\u00e9rence de la cuisine moyen-orientale\u00a0! Plus de 150 recettes g\u00e9n\u00e9reuses\u00a0: pains et manakiches, mezz\u00e9s et entr\u00e9es, soupes, salades, recettes v\u00e9g\u00e9tariennes, viandes, poissons, desserts et boissons. Sans oublier les recettes de base, les ingr\u00e9dients indispensables, les sauces&#8230; Des infos sur l&#8217;origine des recettes, des astuces et des anecdotes. De tr\u00e8s nombreuses photos et des dizaines de pas \u00e0 pas pour ma\u00eetriser les gestes techniques indispensables. Pour devenir un\u00b7e pro de la cuisine moyen-orientale et apporter une touche d&#8217;exotisme \u00e0 votre table.<\/p>","protected":false},"excerpt":{"rendered":"<p>Le livre de r\u00e9f\u00e9rence de la cuisine moyen-orientale\u00a0! Plus de 150 recettes g\u00e9n\u00e9reuses\u00a0: pains et manakiches, mezz\u00e9s et entr\u00e9es, soupes, salades, recettes v\u00e9g\u00e9tariennes, viandes, poissons, desserts et boissons. Sans oublier les recettes de base, les ingr\u00e9dients indispensables, les sauces&#8230; Des infos sur l&#8217;origine des recettes, des astuces et des anecdotes. De tr\u00e8s nombreuses photos et [&hellip;]<\/p>","protected":false},"featured_media":4384,"comment_status":"open","ping_status":"closed","template":"","meta":[],"product_brand":[],"product_cat":[44],"product_tag":[],"class_list":{"0":"post-4385","1":"product","2":"type-product","3":"status-publish","4":"has-post-thumbnail","6":"product_cat-art-culinaire","8":"first","9":"instock","10":"taxable","11":"shipping-taxable","12":"purchasable","13":"product-type-simple"},"yoast_head":"<!-- This site is optimized with the Yoast SEO plugin v27.4 - https:\/\/yoast.com\/product\/yoast-seo-wordpress\/ -->\n<title>Le grand livre de la cuisine moyen-orientale - l&#039;\u00e9chapp\u00e9e close<\/title>\n<meta name=\"robots\" content=\"index, follow, max-snippet:-1, max-image-preview:large, max-video-preview:-1\" \/>\n<link rel=\"canonical\" href=\"http:\/\/lechappeeclose.it\/it\/boutique\/livres\/arts\/art-culinaire\/le-grand-livre-de-la-cuisine-moyen-orientale\/\" \/>\n<meta property=\"og:locale\" content=\"it_IT\" \/>\n<meta property=\"og:type\" content=\"article\" \/>\n<meta property=\"og:title\" content=\"Le grand livre de la cuisine moyen-orientale - l&#039;\u00e9chapp\u00e9e close\" \/>\n<meta property=\"og:description\" content=\"Le livre de r\u00e9f\u00e9rence de la cuisine moyen-orientale\u00a0! Plus de 150 recettes g\u00e9n\u00e9reuses\u00a0: pains et manakiches, mezz\u00e9s et entr\u00e9es, soupes, salades, recettes v\u00e9g\u00e9tariennes, viandes, poissons, desserts et boissons. Sans oublier les recettes de base, les ingr\u00e9dients indispensables, les sauces&#8230; Des infos sur l&#8217;origine des recettes, des astuces et des anecdotes. De tr\u00e8s nombreuses photos et [&hellip;]\" \/>\n<meta property=\"og:url\" content=\"http:\/\/lechappeeclose.it\/it\/boutique\/livres\/arts\/art-culinaire\/le-grand-livre-de-la-cuisine-moyen-orientale\/\" \/>\n<meta property=\"og:site_name\" content=\"l&#039;\u00e9chapp\u00e9e close\" \/>\n<meta property=\"og:image\" content=\"http:\/\/lechappeeclose.it\/wp-content\/uploads\/2025\/01\/Le-grand-livre-de-la-cuisine-moyen-orientale.jpg\" \/>\n\t<meta property=\"og:image:width\" content=\"368\" \/>\n\t<meta property=\"og:image:height\" content=\"500\" \/>\n\t<meta property=\"og:image:type\" content=\"image\/jpeg\" \/>\n<meta name=\"twitter:card\" content=\"summary_large_image\" \/>\n<script type=\"application\/ld+json\" class=\"yoast-schema-graph\">{\"@context\":\"https:\\\/\\\/schema.org\",\"@graph\":[{\"@type\":\"WebPage\",\"@id\":\"http:\\\/\\\/lechappeeclose.it\\\/boutique\\\/livres\\\/arts\\\/art-culinaire\\\/le-grand-livre-de-la-cuisine-moyen-orientale\\\/\",\"url\":\"http:\\\/\\\/lechappeeclose.it\\\/boutique\\\/livres\\\/arts\\\/art-culinaire\\\/le-grand-livre-de-la-cuisine-moyen-orientale\\\/\",\"name\":\"Le grand livre de la cuisine moyen-orientale - l&#039;\u00e9chapp\u00e9e close\",\"isPartOf\":{\"@id\":\"http:\\\/\\\/lechappeeclose.it\\\/#website\"},\"primaryImageOfPage\":{\"@id\":\"http:\\\/\\\/lechappeeclose.it\\\/boutique\\\/livres\\\/arts\\\/art-culinaire\\\/le-grand-livre-de-la-cuisine-moyen-orientale\\\/#primaryimage\"},\"image\":{\"@id\":\"http:\\\/\\\/lechappeeclose.it\\\/boutique\\\/livres\\\/arts\\\/art-culinaire\\\/le-grand-livre-de-la-cuisine-moyen-orientale\\\/#primaryimage\"},\"thumbnailUrl\":\"http:\\\/\\\/lechappeeclose.it\\\/wp-content\\\/uploads\\\/2025\\\/01\\\/Le-grand-livre-de-la-cuisine-moyen-orientale.jpg\",\"datePublished\":\"2025-01-31T16:44:54+00:00\",\"breadcrumb\":{\"@id\":\"http:\\\/\\\/lechappeeclose.it\\\/boutique\\\/livres\\\/arts\\\/art-culinaire\\\/le-grand-livre-de-la-cuisine-moyen-orientale\\\/#breadcrumb\"},\"inLanguage\":\"it-IT\",\"potentialAction\":[{\"@type\":\"ReadAction\",\"target\":[\"http:\\\/\\\/lechappeeclose.it\\\/boutique\\\/livres\\\/arts\\\/art-culinaire\\\/le-grand-livre-de-la-cuisine-moyen-orientale\\\/\"]}]},{\"@type\":\"ImageObject\",\"inLanguage\":\"it-IT\",\"@id\":\"http:\\\/\\\/lechappeeclose.it\\\/boutique\\\/livres\\\/arts\\\/art-culinaire\\\/le-grand-livre-de-la-cuisine-moyen-orientale\\\/#primaryimage\",\"url\":\"http:\\\/\\\/lechappeeclose.it\\\/wp-content\\\/uploads\\\/2025\\\/01\\\/Le-grand-livre-de-la-cuisine-moyen-orientale.jpg\",\"contentUrl\":\"http:\\\/\\\/lechappeeclose.it\\\/wp-content\\\/uploads\\\/2025\\\/01\\\/Le-grand-livre-de-la-cuisine-moyen-orientale.jpg\",\"width\":368,\"height\":500},{\"@type\":\"BreadcrumbList\",\"@id\":\"http:\\\/\\\/lechappeeclose.it\\\/boutique\\\/livres\\\/arts\\\/art-culinaire\\\/le-grand-livre-de-la-cuisine-moyen-orientale\\\/#breadcrumb\",\"itemListElement\":[{\"@type\":\"ListItem\",\"position\":1,\"name\":\"Accueil\",\"item\":\"http:\\\/\\\/lechappeeclose.it\\\/\"},{\"@type\":\"ListItem\",\"position\":2,\"name\":\"Boutique\",\"item\":\"http:\\\/\\\/lechappeeclose.it\\\/it\\\/boutique\\\/\"},{\"@type\":\"ListItem\",\"position\":3,\"name\":\"Le grand livre de la cuisine moyen-orientale\"}]},{\"@type\":\"WebSite\",\"@id\":\"http:\\\/\\\/lechappeeclose.it\\\/#website\",\"url\":\"http:\\\/\\\/lechappeeclose.it\\\/\",\"name\":\"l&#039;\u00e9chapp\u00e9e close\",\"description\":\"la librairie fran\u00e7aise de Milan\",\"publisher\":{\"@id\":\"http:\\\/\\\/lechappeeclose.it\\\/#organization\"},\"alternateName\":\"La librairie fran\u00e7aise de Milan\",\"potentialAction\":[{\"@type\":\"SearchAction\",\"target\":{\"@type\":\"EntryPoint\",\"urlTemplate\":\"http:\\\/\\\/lechappeeclose.it\\\/?s={search_term_string}\"},\"query-input\":{\"@type\":\"PropertyValueSpecification\",\"valueRequired\":true,\"valueName\":\"search_term_string\"}}],\"inLanguage\":\"it-IT\"},{\"@type\":\"Organization\",\"@id\":\"http:\\\/\\\/lechappeeclose.it\\\/#organization\",\"name\":\"l&#039;\u00e9chapp\u00e9e close\",\"url\":\"http:\\\/\\\/lechappeeclose.it\\\/\",\"logo\":{\"@type\":\"ImageObject\",\"inLanguage\":\"it-IT\",\"@id\":\"http:\\\/\\\/lechappeeclose.it\\\/#\\\/schema\\\/logo\\\/image\\\/\",\"url\":\"http:\\\/\\\/lechappeeclose.it\\\/wp-content\\\/uploads\\\/2025\\\/02\\\/cropped-logo-rond.png\",\"contentUrl\":\"http:\\\/\\\/lechappeeclose.it\\\/wp-content\\\/uploads\\\/2025\\\/02\\\/cropped-logo-rond.png\",\"width\":1080,\"height\":1080,\"caption\":\"l&#039;\u00e9chapp\u00e9e close\"},\"image\":{\"@id\":\"http:\\\/\\\/lechappeeclose.it\\\/#\\\/schema\\\/logo\\\/image\\\/\"},\"sameAs\":[\"https:\\\/\\\/www.instagram.com\\\/lechappeeclose\\\/\"]}]}<\/script>\n<!-- \/ Yoast SEO plugin. -->","yoast_head_json":{"title":"Le grand livre de la cuisine moyen-orientale - l&#039;\u00e9chapp\u00e9e close","robots":{"index":"index","follow":"follow","max-snippet":"max-snippet:-1","max-image-preview":"max-image-preview:large","max-video-preview":"max-video-preview:-1"},"canonical":"http:\/\/lechappeeclose.it\/it\/boutique\/livres\/arts\/art-culinaire\/le-grand-livre-de-la-cuisine-moyen-orientale\/","og_locale":"it_IT","og_type":"article","og_title":"Le grand livre de la cuisine moyen-orientale - l&#039;\u00e9chapp\u00e9e close","og_description":"Le livre de r\u00e9f\u00e9rence de la cuisine moyen-orientale\u00a0! Plus de 150 recettes g\u00e9n\u00e9reuses\u00a0: pains et manakiches, mezz\u00e9s et entr\u00e9es, soupes, salades, recettes v\u00e9g\u00e9tariennes, viandes, poissons, desserts et boissons. Sans oublier les recettes de base, les ingr\u00e9dients indispensables, les sauces&#8230; Des infos sur l&#8217;origine des recettes, des astuces et des anecdotes. De tr\u00e8s nombreuses photos et [&hellip;]","og_url":"http:\/\/lechappeeclose.it\/it\/boutique\/livres\/arts\/art-culinaire\/le-grand-livre-de-la-cuisine-moyen-orientale\/","og_site_name":"l&#039;\u00e9chapp\u00e9e close","og_image":[{"width":368,"height":500,"url":"http:\/\/lechappeeclose.it\/wp-content\/uploads\/2025\/01\/Le-grand-livre-de-la-cuisine-moyen-orientale.jpg","type":"image\/jpeg"}],"twitter_card":"summary_large_image","schema":{"@context":"https:\/\/schema.org","@graph":[{"@type":"WebPage","@id":"http:\/\/lechappeeclose.it\/boutique\/livres\/arts\/art-culinaire\/le-grand-livre-de-la-cuisine-moyen-orientale\/","url":"http:\/\/lechappeeclose.it\/boutique\/livres\/arts\/art-culinaire\/le-grand-livre-de-la-cuisine-moyen-orientale\/","name":"Le grand livre de la cuisine moyen-orientale - l&#039;\u00e9chapp\u00e9e close","isPartOf":{"@id":"http:\/\/lechappeeclose.it\/#website"},"primaryImageOfPage":{"@id":"http:\/\/lechappeeclose.it\/boutique\/livres\/arts\/art-culinaire\/le-grand-livre-de-la-cuisine-moyen-orientale\/#primaryimage"},"image":{"@id":"http:\/\/lechappeeclose.it\/boutique\/livres\/arts\/art-culinaire\/le-grand-livre-de-la-cuisine-moyen-orientale\/#primaryimage"},"thumbnailUrl":"http:\/\/lechappeeclose.it\/wp-content\/uploads\/2025\/01\/Le-grand-livre-de-la-cuisine-moyen-orientale.jpg","datePublished":"2025-01-31T16:44:54+00:00","breadcrumb":{"@id":"http:\/\/lechappeeclose.it\/boutique\/livres\/arts\/art-culinaire\/le-grand-livre-de-la-cuisine-moyen-orientale\/#breadcrumb"},"inLanguage":"it-IT","potentialAction":[{"@type":"ReadAction","target":["http:\/\/lechappeeclose.it\/boutique\/livres\/arts\/art-culinaire\/le-grand-livre-de-la-cuisine-moyen-orientale\/"]}]},{"@type":"ImageObject","inLanguage":"it-IT","@id":"http:\/\/lechappeeclose.it\/boutique\/livres\/arts\/art-culinaire\/le-grand-livre-de-la-cuisine-moyen-orientale\/#primaryimage","url":"http:\/\/lechappeeclose.it\/wp-content\/uploads\/2025\/01\/Le-grand-livre-de-la-cuisine-moyen-orientale.jpg","contentUrl":"http:\/\/lechappeeclose.it\/wp-content\/uploads\/2025\/01\/Le-grand-livre-de-la-cuisine-moyen-orientale.jpg","width":368,"height":500},{"@type":"BreadcrumbList","@id":"http:\/\/lechappeeclose.it\/boutique\/livres\/arts\/art-culinaire\/le-grand-livre-de-la-cuisine-moyen-orientale\/#breadcrumb","itemListElement":[{"@type":"ListItem","position":1,"name":"Accueil","item":"http:\/\/lechappeeclose.it\/"},{"@type":"ListItem","position":2,"name":"Boutique","item":"http:\/\/lechappeeclose.it\/it\/boutique\/"},{"@type":"ListItem","position":3,"name":"Le grand livre de la cuisine moyen-orientale"}]},{"@type":"WebSite","@id":"http:\/\/lechappeeclose.it\/#website","url":"http:\/\/lechappeeclose.it\/","name":"l&#039;\u00e9chapp\u00e9e close","description":"La libreria francese di Milano","publisher":{"@id":"http:\/\/lechappeeclose.it\/#organization"},"alternateName":"La librairie fran\u00e7aise de Milan","potentialAction":[{"@type":"SearchAction","target":{"@type":"EntryPoint","urlTemplate":"http:\/\/lechappeeclose.it\/?s={search_term_string}"},"query-input":{"@type":"PropertyValueSpecification","valueRequired":true,"valueName":"search_term_string"}}],"inLanguage":"it-IT"},{"@type":"Organization","@id":"http:\/\/lechappeeclose.it\/#organization","name":"l&#039;\u00e9chapp\u00e9e close","url":"http:\/\/lechappeeclose.it\/","logo":{"@type":"ImageObject","inLanguage":"it-IT","@id":"http:\/\/lechappeeclose.it\/#\/schema\/logo\/image\/","url":"http:\/\/lechappeeclose.it\/wp-content\/uploads\/2025\/02\/cropped-logo-rond.png","contentUrl":"http:\/\/lechappeeclose.it\/wp-content\/uploads\/2025\/02\/cropped-logo-rond.png","width":1080,"height":1080,"caption":"l&#039;\u00e9chapp\u00e9e close"},"image":{"@id":"http:\/\/lechappeeclose.it\/#\/schema\/logo\/image\/"},"sameAs":["https:\/\/www.instagram.com\/lechappeeclose\/"]}]}},"_links":{"self":[{"href":"http:\/\/lechappeeclose.it\/it\/wp-json\/wp\/v2\/product\/4385","targetHints":{"allow":["GET"]}}],"collection":[{"href":"http:\/\/lechappeeclose.it\/it\/wp-json\/wp\/v2\/product"}],"about":[{"href":"http:\/\/lechappeeclose.it\/it\/wp-json\/wp\/v2\/types\/product"}],"replies":[{"embeddable":true,"href":"http:\/\/lechappeeclose.it\/it\/wp-json\/wp\/v2\/comments?post=4385"}],"wp:featuredmedia":[{"embeddable":true,"href":"http:\/\/lechappeeclose.it\/it\/wp-json\/wp\/v2\/media\/4384"}],"wp:attachment":[{"href":"http:\/\/lechappeeclose.it\/it\/wp-json\/wp\/v2\/media?parent=4385"}],"wp:term":[{"taxonomy":"product_brand","embeddable":true,"href":"http:\/\/lechappeeclose.it\/it\/wp-json\/wp\/v2\/product_brand?post=4385"},{"taxonomy":"product_cat","embeddable":true,"href":"http:\/\/lechappeeclose.it\/it\/wp-json\/wp\/v2\/product_cat?post=4385"},{"taxonomy":"product_tag","embeddable":true,"href":"http:\/\/lechappeeclose.it\/it\/wp-json\/wp\/v2\/product_tag?post=4385"}],"curies":[{"name":"wp","href":"https:\/\/api.w.org\/{rel}","templated":true}]}}