{"id":4383,"date":"2025-01-31T17:43:57","date_gmt":"2025-01-31T16:43:57","guid":{"rendered":"https:\/\/lechappeeclose.it\/produit\/la-cuisine-juive-tunisienne-de-mere-en-fille\/"},"modified":"2026-01-30T14:35:06","modified_gmt":"2026-01-30T13:35:06","slug":"la-cuisine-juive-tunisienne-de-mere-en-fille","status":"publish","type":"product","link":"http:\/\/lechappeeclose.it\/it\/boutique\/livres\/arts\/art-culinaire\/la-cuisine-juive-tunisienne-de-mere-en-fille\/","title":{"rendered":"La Cuisine juive tunisienne de m\u00e8re en fille"},"content":{"rendered":"<p>Quand une m\u00e8re juive invite ses enfants, elle ne dit pas \u00ab Venez d\u00eener \u00bb mais \u00ab J&#8217;ai fait une loubia , vous venez d\u00eener ? \u00bb. Une m\u00e9thode implacable \u00e0 laquelle personne n&#8217;ose se d\u00e9rober. Et pour cause ! Subtil m\u00e9tissage de cultures, de couleurs et de saveurs, nourries de diverses influences &#8211; turque, grecque, italienne -, la cuisine juive tunisienne, qui se transmet de m\u00e8re en fille, en belle-fille, en petite-fille, est conviviale, g\u00e9n\u00e9reuse et \u00e9conome.Si on dit couscous , tajine , brick , harissa , merguez ou loukoum &#8230; pas besoin de faire un dessin. Mais que sait-on de la marmouma , de la pka\u00efla , des manicotti et autres lablabi ? Riche de 320 recettes, m\u00e9moire d&#8217;une communaut\u00e9 avec ses secrets et ses anecdotes, cet ouvrage r\u00e9guli\u00e8rement r\u00e9\u00e9dit\u00e9 est consid\u00e9r\u00e9 comme la r\u00e9f\u00e9rence de la cuisine juive tunisienne.<\/p>","protected":false},"excerpt":{"rendered":"<p>Quand une m\u00e8re juive invite ses enfants, elle ne dit pas \u00ab Venez d\u00eener \u00bb mais \u00ab J&#8217;ai fait une loubia , vous venez d\u00eener ? \u00bb. Une m\u00e9thode implacable \u00e0 laquelle personne n&#8217;ose se d\u00e9rober. Et pour cause ! Subtil m\u00e9tissage de cultures, de couleurs et de saveurs, nourries de diverses influences &#8211; turque, [&hellip;]<\/p>","protected":false},"featured_media":4382,"comment_status":"open","ping_status":"closed","template":"","meta":[],"product_brand":[],"product_cat":[44],"product_tag":[],"class_list":{"0":"post-4383","1":"product","2":"type-product","3":"status-publish","4":"has-post-thumbnail","6":"product_cat-art-culinaire","8":"first","9":"onbackorder","10":"taxable","11":"shipping-taxable","12":"purchasable","13":"product-type-simple"},"yoast_head":"<!-- This site is optimized with the Yoast SEO plugin v27.4 - https:\/\/yoast.com\/product\/yoast-seo-wordpress\/ -->\n<title>La Cuisine juive tunisienne de m\u00e8re en fille - l&#039;\u00e9chapp\u00e9e close<\/title>\n<meta name=\"robots\" content=\"index, follow, max-snippet:-1, max-image-preview:large, max-video-preview:-1\" \/>\n<link rel=\"canonical\" href=\"http:\/\/lechappeeclose.it\/it\/boutique\/livres\/arts\/art-culinaire\/la-cuisine-juive-tunisienne-de-mere-en-fille\/\" \/>\n<meta property=\"og:locale\" content=\"it_IT\" \/>\n<meta property=\"og:type\" content=\"article\" \/>\n<meta property=\"og:title\" content=\"La Cuisine juive tunisienne de m\u00e8re en fille - l&#039;\u00e9chapp\u00e9e close\" \/>\n<meta property=\"og:description\" content=\"Quand une m\u00e8re juive invite ses enfants, elle ne dit pas \u00ab Venez d\u00eener \u00bb mais \u00ab J&#8217;ai fait une loubia , vous venez d\u00eener ? \u00bb. Une m\u00e9thode implacable \u00e0 laquelle personne n&#8217;ose se d\u00e9rober. Et pour cause ! Subtil m\u00e9tissage de cultures, de couleurs et de saveurs, nourries de diverses influences &#8211; turque, [&hellip;]\" \/>\n<meta property=\"og:url\" content=\"http:\/\/lechappeeclose.it\/it\/boutique\/livres\/arts\/art-culinaire\/la-cuisine-juive-tunisienne-de-mere-en-fille\/\" \/>\n<meta property=\"og:site_name\" content=\"l&#039;\u00e9chapp\u00e9e close\" \/>\n<meta property=\"article:modified_time\" content=\"2026-01-30T13:35:06+00:00\" \/>\n<meta property=\"og:image\" content=\"http:\/\/lechappeeclose.it\/wp-content\/uploads\/2025\/01\/La-Cuisine-juive-tunisienne-de-mere-en-fille.jpg\" \/>\n\t<meta property=\"og:image:width\" content=\"403\" \/>\n\t<meta property=\"og:image:height\" content=\"500\" \/>\n\t<meta property=\"og:image:type\" content=\"image\/jpeg\" \/>\n<meta name=\"twitter:card\" content=\"summary_large_image\" \/>\n<meta name=\"twitter:label1\" content=\"Tempo di lettura stimato\" \/>\n\t<meta name=\"twitter:data1\" content=\"1 minuto\" \/>\n<script type=\"application\/ld+json\" class=\"yoast-schema-graph\">{\"@context\":\"https:\\\/\\\/schema.org\",\"@graph\":[{\"@type\":\"WebPage\",\"@id\":\"http:\\\/\\\/lechappeeclose.it\\\/boutique\\\/livres\\\/arts\\\/art-culinaire\\\/la-cuisine-juive-tunisienne-de-mere-en-fille\\\/\",\"url\":\"http:\\\/\\\/lechappeeclose.it\\\/boutique\\\/livres\\\/arts\\\/art-culinaire\\\/la-cuisine-juive-tunisienne-de-mere-en-fille\\\/\",\"name\":\"La Cuisine juive tunisienne de m\u00e8re en fille - l&#039;\u00e9chapp\u00e9e close\",\"isPartOf\":{\"@id\":\"http:\\\/\\\/lechappeeclose.it\\\/#website\"},\"primaryImageOfPage\":{\"@id\":\"http:\\\/\\\/lechappeeclose.it\\\/boutique\\\/livres\\\/arts\\\/art-culinaire\\\/la-cuisine-juive-tunisienne-de-mere-en-fille\\\/#primaryimage\"},\"image\":{\"@id\":\"http:\\\/\\\/lechappeeclose.it\\\/boutique\\\/livres\\\/arts\\\/art-culinaire\\\/la-cuisine-juive-tunisienne-de-mere-en-fille\\\/#primaryimage\"},\"thumbnailUrl\":\"http:\\\/\\\/lechappeeclose.it\\\/wp-content\\\/uploads\\\/2025\\\/01\\\/La-Cuisine-juive-tunisienne-de-mere-en-fille.jpg\",\"datePublished\":\"2025-01-31T16:43:57+00:00\",\"dateModified\":\"2026-01-30T13:35:06+00:00\",\"breadcrumb\":{\"@id\":\"http:\\\/\\\/lechappeeclose.it\\\/boutique\\\/livres\\\/arts\\\/art-culinaire\\\/la-cuisine-juive-tunisienne-de-mere-en-fille\\\/#breadcrumb\"},\"inLanguage\":\"it-IT\",\"potentialAction\":[{\"@type\":\"ReadAction\",\"target\":[\"http:\\\/\\\/lechappeeclose.it\\\/boutique\\\/livres\\\/arts\\\/art-culinaire\\\/la-cuisine-juive-tunisienne-de-mere-en-fille\\\/\"]}]},{\"@type\":\"ImageObject\",\"inLanguage\":\"it-IT\",\"@id\":\"http:\\\/\\\/lechappeeclose.it\\\/boutique\\\/livres\\\/arts\\\/art-culinaire\\\/la-cuisine-juive-tunisienne-de-mere-en-fille\\\/#primaryimage\",\"url\":\"http:\\\/\\\/lechappeeclose.it\\\/wp-content\\\/uploads\\\/2025\\\/01\\\/La-Cuisine-juive-tunisienne-de-mere-en-fille.jpg\",\"contentUrl\":\"http:\\\/\\\/lechappeeclose.it\\\/wp-content\\\/uploads\\\/2025\\\/01\\\/La-Cuisine-juive-tunisienne-de-mere-en-fille.jpg\",\"width\":403,\"height\":500},{\"@type\":\"BreadcrumbList\",\"@id\":\"http:\\\/\\\/lechappeeclose.it\\\/boutique\\\/livres\\\/arts\\\/art-culinaire\\\/la-cuisine-juive-tunisienne-de-mere-en-fille\\\/#breadcrumb\",\"itemListElement\":[{\"@type\":\"ListItem\",\"position\":1,\"name\":\"Accueil\",\"item\":\"http:\\\/\\\/lechappeeclose.it\\\/\"},{\"@type\":\"ListItem\",\"position\":2,\"name\":\"Boutique\",\"item\":\"http:\\\/\\\/lechappeeclose.it\\\/boutique\\\/\"},{\"@type\":\"ListItem\",\"position\":3,\"name\":\"La Cuisine juive tunisienne de m\u00e8re en fille\"}]},{\"@type\":\"WebSite\",\"@id\":\"http:\\\/\\\/lechappeeclose.it\\\/#website\",\"url\":\"http:\\\/\\\/lechappeeclose.it\\\/\",\"name\":\"l&#039;\u00e9chapp\u00e9e close\",\"description\":\"la librairie fran\u00e7aise de Milan\",\"publisher\":{\"@id\":\"http:\\\/\\\/lechappeeclose.it\\\/#organization\"},\"alternateName\":\"La librairie fran\u00e7aise de Milan\",\"potentialAction\":[{\"@type\":\"SearchAction\",\"target\":{\"@type\":\"EntryPoint\",\"urlTemplate\":\"http:\\\/\\\/lechappeeclose.it\\\/?s={search_term_string}\"},\"query-input\":{\"@type\":\"PropertyValueSpecification\",\"valueRequired\":true,\"valueName\":\"search_term_string\"}}],\"inLanguage\":\"it-IT\"},{\"@type\":\"Organization\",\"@id\":\"http:\\\/\\\/lechappeeclose.it\\\/#organization\",\"name\":\"l&#039;\u00e9chapp\u00e9e close\",\"url\":\"http:\\\/\\\/lechappeeclose.it\\\/\",\"logo\":{\"@type\":\"ImageObject\",\"inLanguage\":\"it-IT\",\"@id\":\"http:\\\/\\\/lechappeeclose.it\\\/#\\\/schema\\\/logo\\\/image\\\/\",\"url\":\"http:\\\/\\\/lechappeeclose.it\\\/wp-content\\\/uploads\\\/2025\\\/02\\\/cropped-logo-rond.png\",\"contentUrl\":\"http:\\\/\\\/lechappeeclose.it\\\/wp-content\\\/uploads\\\/2025\\\/02\\\/cropped-logo-rond.png\",\"width\":1080,\"height\":1080,\"caption\":\"l&#039;\u00e9chapp\u00e9e close\"},\"image\":{\"@id\":\"http:\\\/\\\/lechappeeclose.it\\\/#\\\/schema\\\/logo\\\/image\\\/\"},\"sameAs\":[\"https:\\\/\\\/www.instagram.com\\\/lechappeeclose\\\/\"]}]}<\/script>\n<!-- \/ Yoast SEO plugin. -->","yoast_head_json":{"title":"La Cuisine juive tunisienne de m\u00e8re en fille - l&#039;\u00e9chapp\u00e9e close","robots":{"index":"index","follow":"follow","max-snippet":"max-snippet:-1","max-image-preview":"max-image-preview:large","max-video-preview":"max-video-preview:-1"},"canonical":"http:\/\/lechappeeclose.it\/it\/boutique\/livres\/arts\/art-culinaire\/la-cuisine-juive-tunisienne-de-mere-en-fille\/","og_locale":"it_IT","og_type":"article","og_title":"La Cuisine juive tunisienne de m\u00e8re en fille - l&#039;\u00e9chapp\u00e9e close","og_description":"Quand une m\u00e8re juive invite ses enfants, elle ne dit pas \u00ab Venez d\u00eener \u00bb mais \u00ab J&#8217;ai fait une loubia , vous venez d\u00eener ? \u00bb. Une m\u00e9thode implacable \u00e0 laquelle personne n&#8217;ose se d\u00e9rober. Et pour cause ! Subtil m\u00e9tissage de cultures, de couleurs et de saveurs, nourries de diverses influences &#8211; turque, [&hellip;]","og_url":"http:\/\/lechappeeclose.it\/it\/boutique\/livres\/arts\/art-culinaire\/la-cuisine-juive-tunisienne-de-mere-en-fille\/","og_site_name":"l&#039;\u00e9chapp\u00e9e close","article_modified_time":"2026-01-30T13:35:06+00:00","og_image":[{"width":403,"height":500,"url":"http:\/\/lechappeeclose.it\/wp-content\/uploads\/2025\/01\/La-Cuisine-juive-tunisienne-de-mere-en-fille.jpg","type":"image\/jpeg"}],"twitter_card":"summary_large_image","twitter_misc":{"Tempo di lettura stimato":"1 minuto"},"schema":{"@context":"https:\/\/schema.org","@graph":[{"@type":"WebPage","@id":"http:\/\/lechappeeclose.it\/boutique\/livres\/arts\/art-culinaire\/la-cuisine-juive-tunisienne-de-mere-en-fille\/","url":"http:\/\/lechappeeclose.it\/boutique\/livres\/arts\/art-culinaire\/la-cuisine-juive-tunisienne-de-mere-en-fille\/","name":"La Cuisine juive tunisienne de m\u00e8re en fille - l&#039;\u00e9chapp\u00e9e close","isPartOf":{"@id":"http:\/\/lechappeeclose.it\/#website"},"primaryImageOfPage":{"@id":"http:\/\/lechappeeclose.it\/boutique\/livres\/arts\/art-culinaire\/la-cuisine-juive-tunisienne-de-mere-en-fille\/#primaryimage"},"image":{"@id":"http:\/\/lechappeeclose.it\/boutique\/livres\/arts\/art-culinaire\/la-cuisine-juive-tunisienne-de-mere-en-fille\/#primaryimage"},"thumbnailUrl":"http:\/\/lechappeeclose.it\/wp-content\/uploads\/2025\/01\/La-Cuisine-juive-tunisienne-de-mere-en-fille.jpg","datePublished":"2025-01-31T16:43:57+00:00","dateModified":"2026-01-30T13:35:06+00:00","breadcrumb":{"@id":"http:\/\/lechappeeclose.it\/boutique\/livres\/arts\/art-culinaire\/la-cuisine-juive-tunisienne-de-mere-en-fille\/#breadcrumb"},"inLanguage":"it-IT","potentialAction":[{"@type":"ReadAction","target":["http:\/\/lechappeeclose.it\/boutique\/livres\/arts\/art-culinaire\/la-cuisine-juive-tunisienne-de-mere-en-fille\/"]}]},{"@type":"ImageObject","inLanguage":"it-IT","@id":"http:\/\/lechappeeclose.it\/boutique\/livres\/arts\/art-culinaire\/la-cuisine-juive-tunisienne-de-mere-en-fille\/#primaryimage","url":"http:\/\/lechappeeclose.it\/wp-content\/uploads\/2025\/01\/La-Cuisine-juive-tunisienne-de-mere-en-fille.jpg","contentUrl":"http:\/\/lechappeeclose.it\/wp-content\/uploads\/2025\/01\/La-Cuisine-juive-tunisienne-de-mere-en-fille.jpg","width":403,"height":500},{"@type":"BreadcrumbList","@id":"http:\/\/lechappeeclose.it\/boutique\/livres\/arts\/art-culinaire\/la-cuisine-juive-tunisienne-de-mere-en-fille\/#breadcrumb","itemListElement":[{"@type":"ListItem","position":1,"name":"Accueil","item":"http:\/\/lechappeeclose.it\/"},{"@type":"ListItem","position":2,"name":"Boutique","item":"http:\/\/lechappeeclose.it\/boutique\/"},{"@type":"ListItem","position":3,"name":"La Cuisine juive tunisienne de m\u00e8re en fille"}]},{"@type":"WebSite","@id":"http:\/\/lechappeeclose.it\/#website","url":"http:\/\/lechappeeclose.it\/","name":"l&#039;\u00e9chapp\u00e9e close","description":"La libreria francese di Milano","publisher":{"@id":"http:\/\/lechappeeclose.it\/#organization"},"alternateName":"La librairie fran\u00e7aise de Milan","potentialAction":[{"@type":"SearchAction","target":{"@type":"EntryPoint","urlTemplate":"http:\/\/lechappeeclose.it\/?s={search_term_string}"},"query-input":{"@type":"PropertyValueSpecification","valueRequired":true,"valueName":"search_term_string"}}],"inLanguage":"it-IT"},{"@type":"Organization","@id":"http:\/\/lechappeeclose.it\/#organization","name":"l&#039;\u00e9chapp\u00e9e close","url":"http:\/\/lechappeeclose.it\/","logo":{"@type":"ImageObject","inLanguage":"it-IT","@id":"http:\/\/lechappeeclose.it\/#\/schema\/logo\/image\/","url":"http:\/\/lechappeeclose.it\/wp-content\/uploads\/2025\/02\/cropped-logo-rond.png","contentUrl":"http:\/\/lechappeeclose.it\/wp-content\/uploads\/2025\/02\/cropped-logo-rond.png","width":1080,"height":1080,"caption":"l&#039;\u00e9chapp\u00e9e close"},"image":{"@id":"http:\/\/lechappeeclose.it\/#\/schema\/logo\/image\/"},"sameAs":["https:\/\/www.instagram.com\/lechappeeclose\/"]}]}},"_links":{"self":[{"href":"http:\/\/lechappeeclose.it\/it\/wp-json\/wp\/v2\/product\/4383","targetHints":{"allow":["GET"]}}],"collection":[{"href":"http:\/\/lechappeeclose.it\/it\/wp-json\/wp\/v2\/product"}],"about":[{"href":"http:\/\/lechappeeclose.it\/it\/wp-json\/wp\/v2\/types\/product"}],"replies":[{"embeddable":true,"href":"http:\/\/lechappeeclose.it\/it\/wp-json\/wp\/v2\/comments?post=4383"}],"wp:featuredmedia":[{"embeddable":true,"href":"http:\/\/lechappeeclose.it\/it\/wp-json\/wp\/v2\/media\/4382"}],"wp:attachment":[{"href":"http:\/\/lechappeeclose.it\/it\/wp-json\/wp\/v2\/media?parent=4383"}],"wp:term":[{"taxonomy":"product_brand","embeddable":true,"href":"http:\/\/lechappeeclose.it\/it\/wp-json\/wp\/v2\/product_brand?post=4383"},{"taxonomy":"product_cat","embeddable":true,"href":"http:\/\/lechappeeclose.it\/it\/wp-json\/wp\/v2\/product_cat?post=4383"},{"taxonomy":"product_tag","embeddable":true,"href":"http:\/\/lechappeeclose.it\/it\/wp-json\/wp\/v2\/product_tag?post=4383"}],"curies":[{"name":"wp","href":"https:\/\/api.w.org\/{rel}","templated":true}]}}