{"id":4364,"date":"2025-01-31T17:39:18","date_gmt":"2025-01-31T16:39:18","guid":{"rendered":"https:\/\/lechappeeclose.it\/produit\/le-petit-gateau-de-nos-reves\/"},"modified":"2026-01-30T14:44:32","modified_gmt":"2026-01-30T13:44:32","slug":"le-petit-gateau-de-nos-reves","status":"publish","type":"product","link":"http:\/\/lechappeeclose.it\/it\/boutique\/livres\/arts\/art-culinaire\/le-petit-gateau-de-nos-reves\/","title":{"rendered":"Le petit g\u00e2teau de nos r\u00eaves"},"content":{"rendered":"<p>&#8220;Craquez pour les petits g\u00e2teaux ! Palets, biscotti, sabl\u00e9s, madeleines, tuiles, shortbreads&#8230; Au chocolat, \u00e0 la vanille, aux agrumes ou tout simplement nature&#8230; les petits g\u00e2teaux se d\u00e9clinent et se croquent \u00e0 l&#8217;envi. P\u00e2tes au beurre ou aux \u0153ufs battus, sabl\u00e9es, au sirop de sucre ou au miel ou encore pas comme les autres&#8230; D\u00e9couvrez toutes les techniques et astuces pour r\u00e9ussir, conserver et assortir vos petits g\u00e2teaux. Pr\u00e8s de 60 recettes irr\u00e9sistibles, avec la participation de nombreux chefs invit\u00e9s qui ont bien voulu confier tous les secrets de leurs petits g\u00e2teaux pr\u00e9f\u00e9r\u00e9s. Et vous, saurez-vous trouver le petit g\u00e2teau de vos r\u00eaves ?&#8221;&#8211;\u00c9diteur.<\/p>","protected":false},"excerpt":{"rendered":"<p>&#8220;Craquez pour les petits g\u00e2teaux ! Palets, biscotti, sabl\u00e9s, madeleines, tuiles, shortbreads&#8230; Au chocolat, \u00e0 la vanille, aux agrumes ou tout simplement nature&#8230; les petits g\u00e2teaux se d\u00e9clinent et se croquent \u00e0 l&#8217;envi. P\u00e2tes au beurre ou aux \u0153ufs battus, sabl\u00e9es, au sirop de sucre ou au miel ou encore pas comme les autres&#8230; D\u00e9couvrez [&hellip;]<\/p>","protected":false},"featured_media":4363,"comment_status":"open","ping_status":"closed","template":"","meta":[],"product_brand":[],"product_cat":[44],"product_tag":[],"class_list":{"0":"post-4364","1":"product","2":"type-product","3":"status-publish","4":"has-post-thumbnail","6":"product_cat-art-culinaire","8":"first","9":"onbackorder","10":"taxable","11":"shipping-taxable","12":"purchasable","13":"product-type-simple"},"yoast_head":"<!-- This site is optimized with the Yoast SEO plugin v27.3 - https:\/\/yoast.com\/product\/yoast-seo-wordpress\/ -->\n<title>Le petit g\u00e2teau de nos r\u00eaves - l&#039;\u00e9chapp\u00e9e close<\/title>\n<meta name=\"robots\" content=\"index, follow, max-snippet:-1, max-image-preview:large, max-video-preview:-1\" \/>\n<link rel=\"canonical\" href=\"http:\/\/lechappeeclose.it\/it\/boutique\/livres\/arts\/art-culinaire\/le-petit-gateau-de-nos-reves\/\" \/>\n<meta property=\"og:locale\" content=\"it_IT\" \/>\n<meta property=\"og:type\" content=\"article\" \/>\n<meta property=\"og:title\" content=\"Le petit g\u00e2teau de nos r\u00eaves - l&#039;\u00e9chapp\u00e9e close\" \/>\n<meta property=\"og:description\" content=\"&#8220;Craquez pour les petits g\u00e2teaux ! Palets, biscotti, sabl\u00e9s, madeleines, tuiles, shortbreads&#8230; Au chocolat, \u00e0 la vanille, aux agrumes ou tout simplement nature&#8230; les petits g\u00e2teaux se d\u00e9clinent et se croquent \u00e0 l&#8217;envi. P\u00e2tes au beurre ou aux \u0153ufs battus, sabl\u00e9es, au sirop de sucre ou au miel ou encore pas comme les autres&#8230; D\u00e9couvrez [&hellip;]\" \/>\n<meta property=\"og:url\" content=\"http:\/\/lechappeeclose.it\/it\/boutique\/livres\/arts\/art-culinaire\/le-petit-gateau-de-nos-reves\/\" \/>\n<meta property=\"og:site_name\" content=\"l&#039;\u00e9chapp\u00e9e close\" \/>\n<meta property=\"article:modified_time\" content=\"2026-01-30T13:44:32+00:00\" \/>\n<meta property=\"og:image\" content=\"http:\/\/lechappeeclose.it\/wp-content\/uploads\/2025\/01\/Le-petit-gateau-de-nos-reves.jpg\" \/>\n\t<meta property=\"og:image:width\" content=\"800\" \/>\n\t<meta property=\"og:image:height\" content=\"973\" \/>\n\t<meta property=\"og:image:type\" content=\"image\/jpeg\" \/>\n<meta name=\"twitter:card\" content=\"summary_large_image\" \/>\n<meta name=\"twitter:label1\" content=\"Tempo di lettura stimato\" \/>\n\t<meta name=\"twitter:data1\" content=\"1 minuto\" \/>\n<script type=\"application\/ld+json\" class=\"yoast-schema-graph\">{\"@context\":\"https:\\\/\\\/schema.org\",\"@graph\":[{\"@type\":\"WebPage\",\"@id\":\"http:\\\/\\\/lechappeeclose.it\\\/boutique\\\/livres\\\/arts\\\/art-culinaire\\\/le-petit-gateau-de-nos-reves\\\/\",\"url\":\"http:\\\/\\\/lechappeeclose.it\\\/boutique\\\/livres\\\/arts\\\/art-culinaire\\\/le-petit-gateau-de-nos-reves\\\/\",\"name\":\"Le petit g\u00e2teau de nos r\u00eaves - l&#039;\u00e9chapp\u00e9e close\",\"isPartOf\":{\"@id\":\"http:\\\/\\\/lechappeeclose.it\\\/it\\\/#website\"},\"primaryImageOfPage\":{\"@id\":\"http:\\\/\\\/lechappeeclose.it\\\/boutique\\\/livres\\\/arts\\\/art-culinaire\\\/le-petit-gateau-de-nos-reves\\\/#primaryimage\"},\"image\":{\"@id\":\"http:\\\/\\\/lechappeeclose.it\\\/boutique\\\/livres\\\/arts\\\/art-culinaire\\\/le-petit-gateau-de-nos-reves\\\/#primaryimage\"},\"thumbnailUrl\":\"http:\\\/\\\/lechappeeclose.it\\\/wp-content\\\/uploads\\\/2025\\\/01\\\/Le-petit-gateau-de-nos-reves.jpg\",\"datePublished\":\"2025-01-31T16:39:18+00:00\",\"dateModified\":\"2026-01-30T13:44:32+00:00\",\"breadcrumb\":{\"@id\":\"http:\\\/\\\/lechappeeclose.it\\\/boutique\\\/livres\\\/arts\\\/art-culinaire\\\/le-petit-gateau-de-nos-reves\\\/#breadcrumb\"},\"inLanguage\":\"it-IT\",\"potentialAction\":[{\"@type\":\"ReadAction\",\"target\":[\"http:\\\/\\\/lechappeeclose.it\\\/boutique\\\/livres\\\/arts\\\/art-culinaire\\\/le-petit-gateau-de-nos-reves\\\/\"]}]},{\"@type\":\"ImageObject\",\"inLanguage\":\"it-IT\",\"@id\":\"http:\\\/\\\/lechappeeclose.it\\\/boutique\\\/livres\\\/arts\\\/art-culinaire\\\/le-petit-gateau-de-nos-reves\\\/#primaryimage\",\"url\":\"http:\\\/\\\/lechappeeclose.it\\\/wp-content\\\/uploads\\\/2025\\\/01\\\/Le-petit-gateau-de-nos-reves.jpg\",\"contentUrl\":\"http:\\\/\\\/lechappeeclose.it\\\/wp-content\\\/uploads\\\/2025\\\/01\\\/Le-petit-gateau-de-nos-reves.jpg\",\"width\":800,\"height\":973},{\"@type\":\"BreadcrumbList\",\"@id\":\"http:\\\/\\\/lechappeeclose.it\\\/boutique\\\/livres\\\/arts\\\/art-culinaire\\\/le-petit-gateau-de-nos-reves\\\/#breadcrumb\",\"itemListElement\":[{\"@type\":\"ListItem\",\"position\":1,\"name\":\"Accueil\",\"item\":\"http:\\\/\\\/lechappeeclose.it\\\/it\\\/\"},{\"@type\":\"ListItem\",\"position\":2,\"name\":\"Boutique\",\"item\":\"http:\\\/\\\/lechappeeclose.it\\\/it\\\/boutique\\\/\"},{\"@type\":\"ListItem\",\"position\":3,\"name\":\"Le petit g\u00e2teau de nos r\u00eaves\"}]},{\"@type\":\"WebSite\",\"@id\":\"http:\\\/\\\/lechappeeclose.it\\\/it\\\/#website\",\"url\":\"http:\\\/\\\/lechappeeclose.it\\\/it\\\/\",\"name\":\"l&#039;\u00e9chapp\u00e9e close\",\"description\":\"la librairie fran\u00e7aise de Milan\",\"publisher\":{\"@id\":\"http:\\\/\\\/lechappeeclose.it\\\/it\\\/#organization\"},\"alternateName\":\"La librairie fran\u00e7aise de Milan\",\"potentialAction\":[{\"@type\":\"SearchAction\",\"target\":{\"@type\":\"EntryPoint\",\"urlTemplate\":\"http:\\\/\\\/lechappeeclose.it\\\/it\\\/?s={search_term_string}\"},\"query-input\":{\"@type\":\"PropertyValueSpecification\",\"valueRequired\":true,\"valueName\":\"search_term_string\"}}],\"inLanguage\":\"it-IT\"},{\"@type\":\"Organization\",\"@id\":\"http:\\\/\\\/lechappeeclose.it\\\/it\\\/#organization\",\"name\":\"l&#039;\u00e9chapp\u00e9e close\",\"url\":\"http:\\\/\\\/lechappeeclose.it\\\/it\\\/\",\"logo\":{\"@type\":\"ImageObject\",\"inLanguage\":\"it-IT\",\"@id\":\"http:\\\/\\\/lechappeeclose.it\\\/it\\\/#\\\/schema\\\/logo\\\/image\\\/\",\"url\":\"http:\\\/\\\/lechappeeclose.it\\\/wp-content\\\/uploads\\\/2025\\\/02\\\/cropped-logo-rond.png\",\"contentUrl\":\"http:\\\/\\\/lechappeeclose.it\\\/wp-content\\\/uploads\\\/2025\\\/02\\\/cropped-logo-rond.png\",\"width\":1080,\"height\":1080,\"caption\":\"l&#039;\u00e9chapp\u00e9e close\"},\"image\":{\"@id\":\"http:\\\/\\\/lechappeeclose.it\\\/it\\\/#\\\/schema\\\/logo\\\/image\\\/\"},\"sameAs\":[\"https:\\\/\\\/www.instagram.com\\\/lechappeeclose\\\/\"]}]}<\/script>\n<!-- \/ Yoast SEO plugin. -->","yoast_head_json":{"title":"Le petit g\u00e2teau de nos r\u00eaves - l&#039;\u00e9chapp\u00e9e close","robots":{"index":"index","follow":"follow","max-snippet":"max-snippet:-1","max-image-preview":"max-image-preview:large","max-video-preview":"max-video-preview:-1"},"canonical":"http:\/\/lechappeeclose.it\/it\/boutique\/livres\/arts\/art-culinaire\/le-petit-gateau-de-nos-reves\/","og_locale":"it_IT","og_type":"article","og_title":"Le petit g\u00e2teau de nos r\u00eaves - l&#039;\u00e9chapp\u00e9e close","og_description":"&#8220;Craquez pour les petits g\u00e2teaux ! Palets, biscotti, sabl\u00e9s, madeleines, tuiles, shortbreads&#8230; Au chocolat, \u00e0 la vanille, aux agrumes ou tout simplement nature&#8230; les petits g\u00e2teaux se d\u00e9clinent et se croquent \u00e0 l&#8217;envi. P\u00e2tes au beurre ou aux \u0153ufs battus, sabl\u00e9es, au sirop de sucre ou au miel ou encore pas comme les autres&#8230; D\u00e9couvrez [&hellip;]","og_url":"http:\/\/lechappeeclose.it\/it\/boutique\/livres\/arts\/art-culinaire\/le-petit-gateau-de-nos-reves\/","og_site_name":"l&#039;\u00e9chapp\u00e9e close","article_modified_time":"2026-01-30T13:44:32+00:00","og_image":[{"width":800,"height":973,"url":"http:\/\/lechappeeclose.it\/wp-content\/uploads\/2025\/01\/Le-petit-gateau-de-nos-reves.jpg","type":"image\/jpeg"}],"twitter_card":"summary_large_image","twitter_misc":{"Tempo di lettura stimato":"1 minuto"},"schema":{"@context":"https:\/\/schema.org","@graph":[{"@type":"WebPage","@id":"http:\/\/lechappeeclose.it\/boutique\/livres\/arts\/art-culinaire\/le-petit-gateau-de-nos-reves\/","url":"http:\/\/lechappeeclose.it\/boutique\/livres\/arts\/art-culinaire\/le-petit-gateau-de-nos-reves\/","name":"Le petit g\u00e2teau de nos r\u00eaves - l&#039;\u00e9chapp\u00e9e close","isPartOf":{"@id":"http:\/\/lechappeeclose.it\/it\/#website"},"primaryImageOfPage":{"@id":"http:\/\/lechappeeclose.it\/boutique\/livres\/arts\/art-culinaire\/le-petit-gateau-de-nos-reves\/#primaryimage"},"image":{"@id":"http:\/\/lechappeeclose.it\/boutique\/livres\/arts\/art-culinaire\/le-petit-gateau-de-nos-reves\/#primaryimage"},"thumbnailUrl":"http:\/\/lechappeeclose.it\/wp-content\/uploads\/2025\/01\/Le-petit-gateau-de-nos-reves.jpg","datePublished":"2025-01-31T16:39:18+00:00","dateModified":"2026-01-30T13:44:32+00:00","breadcrumb":{"@id":"http:\/\/lechappeeclose.it\/boutique\/livres\/arts\/art-culinaire\/le-petit-gateau-de-nos-reves\/#breadcrumb"},"inLanguage":"it-IT","potentialAction":[{"@type":"ReadAction","target":["http:\/\/lechappeeclose.it\/boutique\/livres\/arts\/art-culinaire\/le-petit-gateau-de-nos-reves\/"]}]},{"@type":"ImageObject","inLanguage":"it-IT","@id":"http:\/\/lechappeeclose.it\/boutique\/livres\/arts\/art-culinaire\/le-petit-gateau-de-nos-reves\/#primaryimage","url":"http:\/\/lechappeeclose.it\/wp-content\/uploads\/2025\/01\/Le-petit-gateau-de-nos-reves.jpg","contentUrl":"http:\/\/lechappeeclose.it\/wp-content\/uploads\/2025\/01\/Le-petit-gateau-de-nos-reves.jpg","width":800,"height":973},{"@type":"BreadcrumbList","@id":"http:\/\/lechappeeclose.it\/boutique\/livres\/arts\/art-culinaire\/le-petit-gateau-de-nos-reves\/#breadcrumb","itemListElement":[{"@type":"ListItem","position":1,"name":"Accueil","item":"http:\/\/lechappeeclose.it\/it\/"},{"@type":"ListItem","position":2,"name":"Boutique","item":"http:\/\/lechappeeclose.it\/it\/boutique\/"},{"@type":"ListItem","position":3,"name":"Le petit g\u00e2teau de nos r\u00eaves"}]},{"@type":"WebSite","@id":"http:\/\/lechappeeclose.it\/it\/#website","url":"http:\/\/lechappeeclose.it\/it\/","name":"l&#039;\u00e9chapp\u00e9e close","description":"La libreria francese di Milano","publisher":{"@id":"http:\/\/lechappeeclose.it\/it\/#organization"},"alternateName":"La librairie fran\u00e7aise de Milan","potentialAction":[{"@type":"SearchAction","target":{"@type":"EntryPoint","urlTemplate":"http:\/\/lechappeeclose.it\/it\/?s={search_term_string}"},"query-input":{"@type":"PropertyValueSpecification","valueRequired":true,"valueName":"search_term_string"}}],"inLanguage":"it-IT"},{"@type":"Organization","@id":"http:\/\/lechappeeclose.it\/it\/#organization","name":"l&#039;\u00e9chapp\u00e9e close","url":"http:\/\/lechappeeclose.it\/it\/","logo":{"@type":"ImageObject","inLanguage":"it-IT","@id":"http:\/\/lechappeeclose.it\/it\/#\/schema\/logo\/image\/","url":"http:\/\/lechappeeclose.it\/wp-content\/uploads\/2025\/02\/cropped-logo-rond.png","contentUrl":"http:\/\/lechappeeclose.it\/wp-content\/uploads\/2025\/02\/cropped-logo-rond.png","width":1080,"height":1080,"caption":"l&#039;\u00e9chapp\u00e9e close"},"image":{"@id":"http:\/\/lechappeeclose.it\/it\/#\/schema\/logo\/image\/"},"sameAs":["https:\/\/www.instagram.com\/lechappeeclose\/"]}]}},"_links":{"self":[{"href":"http:\/\/lechappeeclose.it\/it\/wp-json\/wp\/v2\/product\/4364","targetHints":{"allow":["GET"]}}],"collection":[{"href":"http:\/\/lechappeeclose.it\/it\/wp-json\/wp\/v2\/product"}],"about":[{"href":"http:\/\/lechappeeclose.it\/it\/wp-json\/wp\/v2\/types\/product"}],"replies":[{"embeddable":true,"href":"http:\/\/lechappeeclose.it\/it\/wp-json\/wp\/v2\/comments?post=4364"}],"wp:featuredmedia":[{"embeddable":true,"href":"http:\/\/lechappeeclose.it\/it\/wp-json\/wp\/v2\/media\/4363"}],"wp:attachment":[{"href":"http:\/\/lechappeeclose.it\/it\/wp-json\/wp\/v2\/media?parent=4364"}],"wp:term":[{"taxonomy":"product_brand","embeddable":true,"href":"http:\/\/lechappeeclose.it\/it\/wp-json\/wp\/v2\/product_brand?post=4364"},{"taxonomy":"product_cat","embeddable":true,"href":"http:\/\/lechappeeclose.it\/it\/wp-json\/wp\/v2\/product_cat?post=4364"},{"taxonomy":"product_tag","embeddable":true,"href":"http:\/\/lechappeeclose.it\/it\/wp-json\/wp\/v2\/product_tag?post=4364"}],"curies":[{"name":"wp","href":"https:\/\/api.w.org\/{rel}","templated":true}]}}