{"id":4354,"date":"2025-01-31T17:22:47","date_gmt":"2025-01-31T16:22:47","guid":{"rendered":"https:\/\/lechappeeclose.it\/produit\/le-cahier-de-recettes-de-catherine-de-medicis-et-autres-dames-illustres-du-chateau-de-chenonceau\/"},"modified":"2025-01-31T17:22:47","modified_gmt":"2025-01-31T16:22:47","slug":"le-cahier-de-recettes-de-catherine-de-medicis-et-autres-dames-illustres-du-chateau-de-chenonceau","status":"publish","type":"product","link":"http:\/\/lechappeeclose.it\/it\/boutique\/livres\/arts\/art-culinaire\/le-cahier-de-recettes-de-catherine-de-medicis-et-autres-dames-illustres-du-chateau-de-chenonceau\/","title":{"rendered":"Le Cahier de recettes de Catherine de M\u00e9dicis: et autres dames illustres du ch\u00e2teau de Chenonceau"},"content":{"rendered":"<p>Une promenade gourmande dans l&#8217;imaginaire du ch\u00e2teau de Chenonceau, l&#8217;un des plus beaux joyaux du Val de Loire. Des recettes c\u00e9l\u00e9brant le patrimoine culinaire de la r\u00e9gion et les go\u00fbts des dames illustres qui habit\u00e8rent le ch\u00e2teau : Catherine de M\u00e9dicis, en premier lieu, souveraine dont le nom \u00e9voque les fastes de la Renaissance, et \u00e0 qui l&#8217;on aime associer nombre de mets, de la confiture aux gel\u00e9es, en passant par les artichauts ou les macarons. Mais aussi Diane de Poitiers, Louise de Lorraine ou encore Madame Dupin, dont l&#8217;hospitalit\u00e9 \u00e0 Chenonceau laissa \u00e0 Jean-Jacques Rousseau de d\u00e9licieux souvenirs gustatifs.Un cahier r\u00e9versible : au recto 40 recettes d\u00e9licieuses et facile \u00e0 r\u00e9aliser : beignets d&#8217;artichauts, risotto vert, poule au pot, cr\u00e8me glac\u00e9e \u00e0 la drag\u00e9e&#8230; Au verso des pages vierges pour noter ses propres recettes.Une iconographie tr\u00e8s riche, compos\u00e9e de gravures anciennes et de magnifiques photographies du ch\u00e2teau de Chenonceau.<\/p>","protected":false},"excerpt":{"rendered":"<p>Une promenade gourmande dans l&#8217;imaginaire du ch\u00e2teau de Chenonceau, l&#8217;un des plus beaux joyaux du Val de Loire. Des recettes c\u00e9l\u00e9brant le patrimoine culinaire de la r\u00e9gion et les go\u00fbts des dames illustres qui habit\u00e8rent le ch\u00e2teau : Catherine de M\u00e9dicis, en premier lieu, souveraine dont le nom \u00e9voque les fastes de la Renaissance, et [&hellip;]<\/p>","protected":false},"featured_media":4353,"comment_status":"open","ping_status":"closed","template":"","meta":[],"product_brand":[],"product_cat":[44],"product_tag":[],"class_list":{"0":"post-4354","1":"product","2":"type-product","3":"status-publish","4":"has-post-thumbnail","6":"product_cat-art-culinaire","8":"first","9":"instock","10":"taxable","11":"shipping-taxable","12":"purchasable","13":"product-type-simple"},"yoast_head":"<!-- This site is optimized with the Yoast SEO plugin v27.5 - https:\/\/yoast.com\/product\/yoast-seo-wordpress\/ -->\n<title>Le Cahier de recettes de Catherine de M\u00e9dicis: et autres dames illustres du ch\u00e2teau de Chenonceau - l&#039;\u00e9chapp\u00e9e close<\/title>\n<meta name=\"robots\" content=\"index, follow, max-snippet:-1, max-image-preview:large, max-video-preview:-1\" \/>\n<link rel=\"canonical\" href=\"http:\/\/lechappeeclose.it\/it\/boutique\/livres\/arts\/art-culinaire\/le-cahier-de-recettes-de-catherine-de-medicis-et-autres-dames-illustres-du-chateau-de-chenonceau\/\" \/>\n<meta property=\"og:locale\" content=\"it_IT\" \/>\n<meta property=\"og:type\" content=\"article\" \/>\n<meta property=\"og:title\" content=\"Le Cahier de recettes de Catherine de M\u00e9dicis: et autres dames illustres du ch\u00e2teau de Chenonceau - l&#039;\u00e9chapp\u00e9e close\" \/>\n<meta property=\"og:description\" content=\"Une promenade gourmande dans l&#8217;imaginaire du ch\u00e2teau de Chenonceau, l&#8217;un des plus beaux joyaux du Val de Loire. Des recettes c\u00e9l\u00e9brant le patrimoine culinaire de la r\u00e9gion et les go\u00fbts des dames illustres qui habit\u00e8rent le ch\u00e2teau : Catherine de M\u00e9dicis, en premier lieu, souveraine dont le nom \u00e9voque les fastes de la Renaissance, et [&hellip;]\" \/>\n<meta property=\"og:url\" content=\"http:\/\/lechappeeclose.it\/it\/boutique\/livres\/arts\/art-culinaire\/le-cahier-de-recettes-de-catherine-de-medicis-et-autres-dames-illustres-du-chateau-de-chenonceau\/\" \/>\n<meta property=\"og:site_name\" content=\"l&#039;\u00e9chapp\u00e9e close\" \/>\n<meta property=\"og:image\" content=\"http:\/\/lechappeeclose.it\/wp-content\/uploads\/2025\/01\/Le-Cahier-de-recettes-de-Catherine-de-Medicis-et-autres-dames-illustres-du-chateau-de-Chenonceau.jpg\" \/>\n\t<meta property=\"og:image:width\" content=\"1400\" \/>\n\t<meta property=\"og:image:height\" content=\"1802\" \/>\n\t<meta property=\"og:image:type\" content=\"image\/jpeg\" \/>\n<meta name=\"twitter:card\" content=\"summary_large_image\" \/>\n<meta name=\"twitter:label1\" content=\"Tempo di lettura stimato\" \/>\n\t<meta name=\"twitter:data1\" content=\"1 minuto\" \/>\n<script type=\"application\/ld+json\" class=\"yoast-schema-graph\">{\"@context\":\"https:\\\/\\\/schema.org\",\"@graph\":[{\"@type\":\"WebPage\",\"@id\":\"http:\\\/\\\/lechappeeclose.it\\\/boutique\\\/livres\\\/arts\\\/art-culinaire\\\/le-cahier-de-recettes-de-catherine-de-medicis-et-autres-dames-illustres-du-chateau-de-chenonceau\\\/\",\"url\":\"http:\\\/\\\/lechappeeclose.it\\\/boutique\\\/livres\\\/arts\\\/art-culinaire\\\/le-cahier-de-recettes-de-catherine-de-medicis-et-autres-dames-illustres-du-chateau-de-chenonceau\\\/\",\"name\":\"Le Cahier de recettes de Catherine de M\u00e9dicis: et autres dames illustres du ch\u00e2teau de Chenonceau - l&#039;\u00e9chapp\u00e9e close\",\"isPartOf\":{\"@id\":\"http:\\\/\\\/lechappeeclose.it\\\/#website\"},\"primaryImageOfPage\":{\"@id\":\"http:\\\/\\\/lechappeeclose.it\\\/boutique\\\/livres\\\/arts\\\/art-culinaire\\\/le-cahier-de-recettes-de-catherine-de-medicis-et-autres-dames-illustres-du-chateau-de-chenonceau\\\/#primaryimage\"},\"image\":{\"@id\":\"http:\\\/\\\/lechappeeclose.it\\\/boutique\\\/livres\\\/arts\\\/art-culinaire\\\/le-cahier-de-recettes-de-catherine-de-medicis-et-autres-dames-illustres-du-chateau-de-chenonceau\\\/#primaryimage\"},\"thumbnailUrl\":\"http:\\\/\\\/lechappeeclose.it\\\/wp-content\\\/uploads\\\/2025\\\/01\\\/Le-Cahier-de-recettes-de-Catherine-de-Medicis-et-autres-dames-illustres-du-chateau-de-Chenonceau.jpg\",\"datePublished\":\"2025-01-31T16:22:47+00:00\",\"breadcrumb\":{\"@id\":\"http:\\\/\\\/lechappeeclose.it\\\/boutique\\\/livres\\\/arts\\\/art-culinaire\\\/le-cahier-de-recettes-de-catherine-de-medicis-et-autres-dames-illustres-du-chateau-de-chenonceau\\\/#breadcrumb\"},\"inLanguage\":\"it-IT\",\"potentialAction\":[{\"@type\":\"ReadAction\",\"target\":[\"http:\\\/\\\/lechappeeclose.it\\\/boutique\\\/livres\\\/arts\\\/art-culinaire\\\/le-cahier-de-recettes-de-catherine-de-medicis-et-autres-dames-illustres-du-chateau-de-chenonceau\\\/\"]}]},{\"@type\":\"ImageObject\",\"inLanguage\":\"it-IT\",\"@id\":\"http:\\\/\\\/lechappeeclose.it\\\/boutique\\\/livres\\\/arts\\\/art-culinaire\\\/le-cahier-de-recettes-de-catherine-de-medicis-et-autres-dames-illustres-du-chateau-de-chenonceau\\\/#primaryimage\",\"url\":\"http:\\\/\\\/lechappeeclose.it\\\/wp-content\\\/uploads\\\/2025\\\/01\\\/Le-Cahier-de-recettes-de-Catherine-de-Medicis-et-autres-dames-illustres-du-chateau-de-Chenonceau.jpg\",\"contentUrl\":\"http:\\\/\\\/lechappeeclose.it\\\/wp-content\\\/uploads\\\/2025\\\/01\\\/Le-Cahier-de-recettes-de-Catherine-de-Medicis-et-autres-dames-illustres-du-chateau-de-Chenonceau.jpg\",\"width\":1400,\"height\":1802},{\"@type\":\"BreadcrumbList\",\"@id\":\"http:\\\/\\\/lechappeeclose.it\\\/boutique\\\/livres\\\/arts\\\/art-culinaire\\\/le-cahier-de-recettes-de-catherine-de-medicis-et-autres-dames-illustres-du-chateau-de-chenonceau\\\/#breadcrumb\",\"itemListElement\":[{\"@type\":\"ListItem\",\"position\":1,\"name\":\"Accueil\",\"item\":\"http:\\\/\\\/lechappeeclose.it\\\/\"},{\"@type\":\"ListItem\",\"position\":2,\"name\":\"Boutique\",\"item\":\"http:\\\/\\\/lechappeeclose.it\\\/it\\\/boutique\\\/\"},{\"@type\":\"ListItem\",\"position\":3,\"name\":\"Le Cahier de recettes de Catherine de M\u00e9dicis: et autres dames illustres du ch\u00e2teau de Chenonceau\"}]},{\"@type\":\"WebSite\",\"@id\":\"http:\\\/\\\/lechappeeclose.it\\\/#website\",\"url\":\"http:\\\/\\\/lechappeeclose.it\\\/\",\"name\":\"l&#039;\u00e9chapp\u00e9e close\",\"description\":\"la librairie fran\u00e7aise de Milan\",\"publisher\":{\"@id\":\"http:\\\/\\\/lechappeeclose.it\\\/#organization\"},\"alternateName\":\"La librairie fran\u00e7aise de Milan\",\"potentialAction\":[{\"@type\":\"SearchAction\",\"target\":{\"@type\":\"EntryPoint\",\"urlTemplate\":\"http:\\\/\\\/lechappeeclose.it\\\/?s={search_term_string}\"},\"query-input\":{\"@type\":\"PropertyValueSpecification\",\"valueRequired\":true,\"valueName\":\"search_term_string\"}}],\"inLanguage\":\"it-IT\"},{\"@type\":\"Organization\",\"@id\":\"http:\\\/\\\/lechappeeclose.it\\\/#organization\",\"name\":\"l&#039;\u00e9chapp\u00e9e close\",\"url\":\"http:\\\/\\\/lechappeeclose.it\\\/\",\"logo\":{\"@type\":\"ImageObject\",\"inLanguage\":\"it-IT\",\"@id\":\"http:\\\/\\\/lechappeeclose.it\\\/#\\\/schema\\\/logo\\\/image\\\/\",\"url\":\"http:\\\/\\\/lechappeeclose.it\\\/wp-content\\\/uploads\\\/2025\\\/02\\\/cropped-logo-rond.png\",\"contentUrl\":\"http:\\\/\\\/lechappeeclose.it\\\/wp-content\\\/uploads\\\/2025\\\/02\\\/cropped-logo-rond.png\",\"width\":1080,\"height\":1080,\"caption\":\"l&#039;\u00e9chapp\u00e9e close\"},\"image\":{\"@id\":\"http:\\\/\\\/lechappeeclose.it\\\/#\\\/schema\\\/logo\\\/image\\\/\"},\"sameAs\":[\"https:\\\/\\\/www.instagram.com\\\/lechappeeclose\\\/\"]}]}<\/script>\n<!-- \/ Yoast SEO plugin. -->","yoast_head_json":{"title":"Le Cahier de recettes de Catherine de M\u00e9dicis: et autres dames illustres du ch\u00e2teau de Chenonceau - l&#039;\u00e9chapp\u00e9e close","robots":{"index":"index","follow":"follow","max-snippet":"max-snippet:-1","max-image-preview":"max-image-preview:large","max-video-preview":"max-video-preview:-1"},"canonical":"http:\/\/lechappeeclose.it\/it\/boutique\/livres\/arts\/art-culinaire\/le-cahier-de-recettes-de-catherine-de-medicis-et-autres-dames-illustres-du-chateau-de-chenonceau\/","og_locale":"it_IT","og_type":"article","og_title":"Le Cahier de recettes de Catherine de M\u00e9dicis: et autres dames illustres du ch\u00e2teau de Chenonceau - l&#039;\u00e9chapp\u00e9e close","og_description":"Une promenade gourmande dans l&#8217;imaginaire du ch\u00e2teau de Chenonceau, l&#8217;un des plus beaux joyaux du Val de Loire. Des recettes c\u00e9l\u00e9brant le patrimoine culinaire de la r\u00e9gion et les go\u00fbts des dames illustres qui habit\u00e8rent le ch\u00e2teau : Catherine de M\u00e9dicis, en premier lieu, souveraine dont le nom \u00e9voque les fastes de la Renaissance, et [&hellip;]","og_url":"http:\/\/lechappeeclose.it\/it\/boutique\/livres\/arts\/art-culinaire\/le-cahier-de-recettes-de-catherine-de-medicis-et-autres-dames-illustres-du-chateau-de-chenonceau\/","og_site_name":"l&#039;\u00e9chapp\u00e9e close","og_image":[{"width":1400,"height":1802,"url":"http:\/\/lechappeeclose.it\/wp-content\/uploads\/2025\/01\/Le-Cahier-de-recettes-de-Catherine-de-Medicis-et-autres-dames-illustres-du-chateau-de-Chenonceau.jpg","type":"image\/jpeg"}],"twitter_card":"summary_large_image","twitter_misc":{"Tempo di lettura stimato":"1 minuto"},"schema":{"@context":"https:\/\/schema.org","@graph":[{"@type":"WebPage","@id":"http:\/\/lechappeeclose.it\/boutique\/livres\/arts\/art-culinaire\/le-cahier-de-recettes-de-catherine-de-medicis-et-autres-dames-illustres-du-chateau-de-chenonceau\/","url":"http:\/\/lechappeeclose.it\/boutique\/livres\/arts\/art-culinaire\/le-cahier-de-recettes-de-catherine-de-medicis-et-autres-dames-illustres-du-chateau-de-chenonceau\/","name":"Le Cahier de recettes de Catherine de M\u00e9dicis: et autres dames illustres du ch\u00e2teau de Chenonceau - l&#039;\u00e9chapp\u00e9e close","isPartOf":{"@id":"http:\/\/lechappeeclose.it\/#website"},"primaryImageOfPage":{"@id":"http:\/\/lechappeeclose.it\/boutique\/livres\/arts\/art-culinaire\/le-cahier-de-recettes-de-catherine-de-medicis-et-autres-dames-illustres-du-chateau-de-chenonceau\/#primaryimage"},"image":{"@id":"http:\/\/lechappeeclose.it\/boutique\/livres\/arts\/art-culinaire\/le-cahier-de-recettes-de-catherine-de-medicis-et-autres-dames-illustres-du-chateau-de-chenonceau\/#primaryimage"},"thumbnailUrl":"http:\/\/lechappeeclose.it\/wp-content\/uploads\/2025\/01\/Le-Cahier-de-recettes-de-Catherine-de-Medicis-et-autres-dames-illustres-du-chateau-de-Chenonceau.jpg","datePublished":"2025-01-31T16:22:47+00:00","breadcrumb":{"@id":"http:\/\/lechappeeclose.it\/boutique\/livres\/arts\/art-culinaire\/le-cahier-de-recettes-de-catherine-de-medicis-et-autres-dames-illustres-du-chateau-de-chenonceau\/#breadcrumb"},"inLanguage":"it-IT","potentialAction":[{"@type":"ReadAction","target":["http:\/\/lechappeeclose.it\/boutique\/livres\/arts\/art-culinaire\/le-cahier-de-recettes-de-catherine-de-medicis-et-autres-dames-illustres-du-chateau-de-chenonceau\/"]}]},{"@type":"ImageObject","inLanguage":"it-IT","@id":"http:\/\/lechappeeclose.it\/boutique\/livres\/arts\/art-culinaire\/le-cahier-de-recettes-de-catherine-de-medicis-et-autres-dames-illustres-du-chateau-de-chenonceau\/#primaryimage","url":"http:\/\/lechappeeclose.it\/wp-content\/uploads\/2025\/01\/Le-Cahier-de-recettes-de-Catherine-de-Medicis-et-autres-dames-illustres-du-chateau-de-Chenonceau.jpg","contentUrl":"http:\/\/lechappeeclose.it\/wp-content\/uploads\/2025\/01\/Le-Cahier-de-recettes-de-Catherine-de-Medicis-et-autres-dames-illustres-du-chateau-de-Chenonceau.jpg","width":1400,"height":1802},{"@type":"BreadcrumbList","@id":"http:\/\/lechappeeclose.it\/boutique\/livres\/arts\/art-culinaire\/le-cahier-de-recettes-de-catherine-de-medicis-et-autres-dames-illustres-du-chateau-de-chenonceau\/#breadcrumb","itemListElement":[{"@type":"ListItem","position":1,"name":"Accueil","item":"http:\/\/lechappeeclose.it\/"},{"@type":"ListItem","position":2,"name":"Boutique","item":"http:\/\/lechappeeclose.it\/it\/boutique\/"},{"@type":"ListItem","position":3,"name":"Le Cahier de recettes de Catherine de M\u00e9dicis: et autres dames illustres du ch\u00e2teau de Chenonceau"}]},{"@type":"WebSite","@id":"http:\/\/lechappeeclose.it\/#website","url":"http:\/\/lechappeeclose.it\/","name":"l&#039;\u00e9chapp\u00e9e close","description":"La libreria francese di Milano","publisher":{"@id":"http:\/\/lechappeeclose.it\/#organization"},"alternateName":"La librairie fran\u00e7aise de Milan","potentialAction":[{"@type":"SearchAction","target":{"@type":"EntryPoint","urlTemplate":"http:\/\/lechappeeclose.it\/?s={search_term_string}"},"query-input":{"@type":"PropertyValueSpecification","valueRequired":true,"valueName":"search_term_string"}}],"inLanguage":"it-IT"},{"@type":"Organization","@id":"http:\/\/lechappeeclose.it\/#organization","name":"l&#039;\u00e9chapp\u00e9e close","url":"http:\/\/lechappeeclose.it\/","logo":{"@type":"ImageObject","inLanguage":"it-IT","@id":"http:\/\/lechappeeclose.it\/#\/schema\/logo\/image\/","url":"http:\/\/lechappeeclose.it\/wp-content\/uploads\/2025\/02\/cropped-logo-rond.png","contentUrl":"http:\/\/lechappeeclose.it\/wp-content\/uploads\/2025\/02\/cropped-logo-rond.png","width":1080,"height":1080,"caption":"l&#039;\u00e9chapp\u00e9e close"},"image":{"@id":"http:\/\/lechappeeclose.it\/#\/schema\/logo\/image\/"},"sameAs":["https:\/\/www.instagram.com\/lechappeeclose\/"]}]}},"_links":{"self":[{"href":"http:\/\/lechappeeclose.it\/it\/wp-json\/wp\/v2\/product\/4354","targetHints":{"allow":["GET"]}}],"collection":[{"href":"http:\/\/lechappeeclose.it\/it\/wp-json\/wp\/v2\/product"}],"about":[{"href":"http:\/\/lechappeeclose.it\/it\/wp-json\/wp\/v2\/types\/product"}],"replies":[{"embeddable":true,"href":"http:\/\/lechappeeclose.it\/it\/wp-json\/wp\/v2\/comments?post=4354"}],"wp:featuredmedia":[{"embeddable":true,"href":"http:\/\/lechappeeclose.it\/it\/wp-json\/wp\/v2\/media\/4353"}],"wp:attachment":[{"href":"http:\/\/lechappeeclose.it\/it\/wp-json\/wp\/v2\/media?parent=4354"}],"wp:term":[{"taxonomy":"product_brand","embeddable":true,"href":"http:\/\/lechappeeclose.it\/it\/wp-json\/wp\/v2\/product_brand?post=4354"},{"taxonomy":"product_cat","embeddable":true,"href":"http:\/\/lechappeeclose.it\/it\/wp-json\/wp\/v2\/product_cat?post=4354"},{"taxonomy":"product_tag","embeddable":true,"href":"http:\/\/lechappeeclose.it\/it\/wp-json\/wp\/v2\/product_tag?post=4354"}],"curies":[{"name":"wp","href":"https:\/\/api.w.org\/{rel}","templated":true}]}}