{"id":4282,"date":"2025-01-31T16:55:01","date_gmt":"2025-01-31T15:55:01","guid":{"rendered":"https:\/\/lechappeeclose.it\/produit\/les-sentiers-obscurs-de-karachi\/"},"modified":"2025-01-31T16:55:01","modified_gmt":"2025-01-31T15:55:01","slug":"les-sentiers-obscurs-de-karachi","status":"publish","type":"product","link":"http:\/\/lechappeeclose.it\/it\/boutique\/livres\/litterature\/polars\/les-sentiers-obscurs-de-karachi\/","title":{"rendered":"Les Sentiers obscurs de Karachi"},"content":{"rendered":"<p>En 2002, \u00e0 la sortie d\u2019un h\u00f4tel \u00e0 Karachi, un attentat \u00e0 la bombe a co\u00fbt\u00e9 la vie \u00e0 14 personnes, dont 11 ing\u00e9nieurs fran\u00e7ais travaillant \u00e0 la mise au point d\u2019un sous-marin achet\u00e9 par le gouvernement pakistanais. Toutes les victimes venaient de la base nautique de Cherbourg. Vingt ans apr\u00e8s un jeune journaliste localier, fils de l\u2019un des ing\u00e9nieurs rescap\u00e9s de l\u2019attentat, d\u00e9cide de mener une v\u00e9ritable enqu\u00eate sur les coupables : les poseurs de cette bombe et leurs commanditaires. Une enqu\u00eate men\u00e9e par les Fran\u00e7ais a certes mis \u00e0 jour les pots-de-vin ayant servis au financement de la campagne de Balladur, mais tout s\u2019est arr\u00eat\u00e9 l\u00e0. Les morts et les bless\u00e9s ont \u00e9t\u00e9 abandonn\u00e9s. Le jeune homme trouve \u00e0 Karachi une aide aupr\u00e8s d\u2019un homme droit qui a connu son p\u00e8re, et fid\u00e8le aux valeurs du travail bien fait et de la loyaut\u00e9, mais il progresse dans une jungle de mensonges politiques avant de d\u00e9couvrir que la v\u00e9rit\u00e9 de Karachi ne se trouve pas dans les journaux mais dans les po\u00e8mes que tous r\u00e9citent. A l\u2019instar de son personnage, Olivier Truc a repris l\u2019enqu\u00eate sur place et son recours \u00e0 la fiction l&#8217;aide \u00e0 comprendre les raisons et les coupables. Des personnages attachants et une enqu\u00eate rigoureuse apportent des r\u00e9ponses sur les \u00e9v\u00e9nements de Karachi, mais aussi sur les luttes de pouvoir r\u00e9gionales et syndicales en France. Un roman remarquable au rythme addictif.<\/p>","protected":false},"excerpt":{"rendered":"<p>En 2002, \u00e0 la sortie d\u2019un h\u00f4tel \u00e0 Karachi, un attentat \u00e0 la bombe a co\u00fbt\u00e9 la vie \u00e0 14 personnes, dont 11 ing\u00e9nieurs fran\u00e7ais travaillant \u00e0 la mise au point d\u2019un sous-marin achet\u00e9 par le gouvernement pakistanais. Toutes les victimes venaient de la base nautique de Cherbourg. Vingt ans apr\u00e8s un jeune journaliste localier, [&hellip;]<\/p>","protected":false},"featured_media":4281,"comment_status":"open","ping_status":"closed","template":"","meta":[],"product_brand":[],"product_cat":[47],"product_tag":[],"class_list":{"0":"post-4282","1":"product","2":"type-product","3":"status-publish","4":"has-post-thumbnail","6":"product_cat-polars","8":"first","9":"instock","10":"taxable","11":"shipping-taxable","12":"purchasable","13":"product-type-simple"},"yoast_head":"<!-- This site is optimized with the Yoast SEO plugin v27.4 - https:\/\/yoast.com\/product\/yoast-seo-wordpress\/ -->\n<title>Les Sentiers obscurs de Karachi - l&#039;\u00e9chapp\u00e9e close<\/title>\n<meta name=\"robots\" content=\"index, follow, max-snippet:-1, max-image-preview:large, max-video-preview:-1\" \/>\n<link rel=\"canonical\" href=\"https:\/\/lechappeeclose.it\/it\/boutique\/livres\/litterature\/polars\/les-sentiers-obscurs-de-karachi\/\" \/>\n<meta property=\"og:locale\" content=\"it_IT\" \/>\n<meta property=\"og:type\" content=\"article\" \/>\n<meta property=\"og:title\" content=\"Les Sentiers obscurs de Karachi - l&#039;\u00e9chapp\u00e9e close\" \/>\n<meta property=\"og:description\" content=\"En 2002, \u00e0 la sortie d\u2019un h\u00f4tel \u00e0 Karachi, un attentat \u00e0 la bombe a co\u00fbt\u00e9 la vie \u00e0 14 personnes, dont 11 ing\u00e9nieurs fran\u00e7ais travaillant \u00e0 la mise au point d\u2019un sous-marin achet\u00e9 par le gouvernement pakistanais. Toutes les victimes venaient de la base nautique de Cherbourg. Vingt ans apr\u00e8s un jeune journaliste localier, [&hellip;]\" \/>\n<meta property=\"og:url\" content=\"https:\/\/lechappeeclose.it\/it\/boutique\/livres\/litterature\/polars\/les-sentiers-obscurs-de-karachi\/\" \/>\n<meta property=\"og:site_name\" content=\"l&#039;\u00e9chapp\u00e9e close\" \/>\n<meta property=\"og:image\" content=\"https:\/\/lechappeeclose.it\/wp-content\/uploads\/2025\/01\/Les-Sentiers-obscurs-de-Karachi.jpg\" \/>\n\t<meta property=\"og:image:width\" content=\"1628\" \/>\n\t<meta property=\"og:image:height\" content=\"2500\" \/>\n\t<meta property=\"og:image:type\" content=\"image\/jpeg\" \/>\n<meta name=\"twitter:card\" content=\"summary_large_image\" \/>\n<meta name=\"twitter:label1\" content=\"Tempo di lettura stimato\" \/>\n\t<meta name=\"twitter:data1\" content=\"1 minuto\" \/>\n<script type=\"application\/ld+json\" class=\"yoast-schema-graph\">{\"@context\":\"https:\\\/\\\/schema.org\",\"@graph\":[{\"@type\":\"WebPage\",\"@id\":\"https:\\\/\\\/lechappeeclose.it\\\/boutique\\\/livres\\\/litterature\\\/polars\\\/les-sentiers-obscurs-de-karachi\\\/\",\"url\":\"https:\\\/\\\/lechappeeclose.it\\\/boutique\\\/livres\\\/litterature\\\/polars\\\/les-sentiers-obscurs-de-karachi\\\/\",\"name\":\"Les Sentiers obscurs de Karachi - l&#039;\u00e9chapp\u00e9e close\",\"isPartOf\":{\"@id\":\"http:\\\/\\\/lechappeeclose.it\\\/#website\"},\"primaryImageOfPage\":{\"@id\":\"https:\\\/\\\/lechappeeclose.it\\\/boutique\\\/livres\\\/litterature\\\/polars\\\/les-sentiers-obscurs-de-karachi\\\/#primaryimage\"},\"image\":{\"@id\":\"https:\\\/\\\/lechappeeclose.it\\\/boutique\\\/livres\\\/litterature\\\/polars\\\/les-sentiers-obscurs-de-karachi\\\/#primaryimage\"},\"thumbnailUrl\":\"http:\\\/\\\/lechappeeclose.it\\\/wp-content\\\/uploads\\\/2025\\\/01\\\/Les-Sentiers-obscurs-de-Karachi.jpg\",\"datePublished\":\"2025-01-31T15:55:01+00:00\",\"breadcrumb\":{\"@id\":\"https:\\\/\\\/lechappeeclose.it\\\/boutique\\\/livres\\\/litterature\\\/polars\\\/les-sentiers-obscurs-de-karachi\\\/#breadcrumb\"},\"inLanguage\":\"it-IT\",\"potentialAction\":[{\"@type\":\"ReadAction\",\"target\":[\"https:\\\/\\\/lechappeeclose.it\\\/boutique\\\/livres\\\/litterature\\\/polars\\\/les-sentiers-obscurs-de-karachi\\\/\"]}]},{\"@type\":\"ImageObject\",\"inLanguage\":\"it-IT\",\"@id\":\"https:\\\/\\\/lechappeeclose.it\\\/boutique\\\/livres\\\/litterature\\\/polars\\\/les-sentiers-obscurs-de-karachi\\\/#primaryimage\",\"url\":\"http:\\\/\\\/lechappeeclose.it\\\/wp-content\\\/uploads\\\/2025\\\/01\\\/Les-Sentiers-obscurs-de-Karachi.jpg\",\"contentUrl\":\"http:\\\/\\\/lechappeeclose.it\\\/wp-content\\\/uploads\\\/2025\\\/01\\\/Les-Sentiers-obscurs-de-Karachi.jpg\",\"width\":1628,\"height\":2500},{\"@type\":\"BreadcrumbList\",\"@id\":\"https:\\\/\\\/lechappeeclose.it\\\/boutique\\\/livres\\\/litterature\\\/polars\\\/les-sentiers-obscurs-de-karachi\\\/#breadcrumb\",\"itemListElement\":[{\"@type\":\"ListItem\",\"position\":1,\"name\":\"Accueil\",\"item\":\"http:\\\/\\\/lechappeeclose.it\\\/\"},{\"@type\":\"ListItem\",\"position\":2,\"name\":\"Boutique\",\"item\":\"http:\\\/\\\/lechappeeclose.it\\\/it\\\/boutique\\\/\"},{\"@type\":\"ListItem\",\"position\":3,\"name\":\"Les Sentiers obscurs de Karachi\"}]},{\"@type\":\"WebSite\",\"@id\":\"http:\\\/\\\/lechappeeclose.it\\\/#website\",\"url\":\"http:\\\/\\\/lechappeeclose.it\\\/\",\"name\":\"l&#039;\u00e9chapp\u00e9e close\",\"description\":\"la librairie fran\u00e7aise de Milan\",\"publisher\":{\"@id\":\"http:\\\/\\\/lechappeeclose.it\\\/#organization\"},\"alternateName\":\"La librairie fran\u00e7aise de Milan\",\"potentialAction\":[{\"@type\":\"SearchAction\",\"target\":{\"@type\":\"EntryPoint\",\"urlTemplate\":\"http:\\\/\\\/lechappeeclose.it\\\/?s={search_term_string}\"},\"query-input\":{\"@type\":\"PropertyValueSpecification\",\"valueRequired\":true,\"valueName\":\"search_term_string\"}}],\"inLanguage\":\"it-IT\"},{\"@type\":\"Organization\",\"@id\":\"http:\\\/\\\/lechappeeclose.it\\\/#organization\",\"name\":\"l&#039;\u00e9chapp\u00e9e close\",\"url\":\"http:\\\/\\\/lechappeeclose.it\\\/\",\"logo\":{\"@type\":\"ImageObject\",\"inLanguage\":\"it-IT\",\"@id\":\"http:\\\/\\\/lechappeeclose.it\\\/#\\\/schema\\\/logo\\\/image\\\/\",\"url\":\"http:\\\/\\\/lechappeeclose.it\\\/wp-content\\\/uploads\\\/2025\\\/02\\\/cropped-logo-rond.png\",\"contentUrl\":\"http:\\\/\\\/lechappeeclose.it\\\/wp-content\\\/uploads\\\/2025\\\/02\\\/cropped-logo-rond.png\",\"width\":1080,\"height\":1080,\"caption\":\"l&#039;\u00e9chapp\u00e9e close\"},\"image\":{\"@id\":\"http:\\\/\\\/lechappeeclose.it\\\/#\\\/schema\\\/logo\\\/image\\\/\"},\"sameAs\":[\"https:\\\/\\\/www.instagram.com\\\/lechappeeclose\\\/\"]}]}<\/script>\n<!-- \/ Yoast SEO plugin. -->","yoast_head_json":{"title":"Les Sentiers obscurs de Karachi - l&#039;\u00e9chapp\u00e9e close","robots":{"index":"index","follow":"follow","max-snippet":"max-snippet:-1","max-image-preview":"max-image-preview:large","max-video-preview":"max-video-preview:-1"},"canonical":"https:\/\/lechappeeclose.it\/it\/boutique\/livres\/litterature\/polars\/les-sentiers-obscurs-de-karachi\/","og_locale":"it_IT","og_type":"article","og_title":"Les Sentiers obscurs de Karachi - l&#039;\u00e9chapp\u00e9e close","og_description":"En 2002, \u00e0 la sortie d\u2019un h\u00f4tel \u00e0 Karachi, un attentat \u00e0 la bombe a co\u00fbt\u00e9 la vie \u00e0 14 personnes, dont 11 ing\u00e9nieurs fran\u00e7ais travaillant \u00e0 la mise au point d\u2019un sous-marin achet\u00e9 par le gouvernement pakistanais. Toutes les victimes venaient de la base nautique de Cherbourg. Vingt ans apr\u00e8s un jeune journaliste localier, [&hellip;]","og_url":"https:\/\/lechappeeclose.it\/it\/boutique\/livres\/litterature\/polars\/les-sentiers-obscurs-de-karachi\/","og_site_name":"l&#039;\u00e9chapp\u00e9e close","og_image":[{"width":1628,"height":2500,"url":"https:\/\/lechappeeclose.it\/wp-content\/uploads\/2025\/01\/Les-Sentiers-obscurs-de-Karachi.jpg","type":"image\/jpeg"}],"twitter_card":"summary_large_image","twitter_misc":{"Tempo di lettura stimato":"1 minuto"},"schema":{"@context":"https:\/\/schema.org","@graph":[{"@type":"WebPage","@id":"https:\/\/lechappeeclose.it\/boutique\/livres\/litterature\/polars\/les-sentiers-obscurs-de-karachi\/","url":"https:\/\/lechappeeclose.it\/boutique\/livres\/litterature\/polars\/les-sentiers-obscurs-de-karachi\/","name":"Les Sentiers obscurs de Karachi - l&#039;\u00e9chapp\u00e9e close","isPartOf":{"@id":"http:\/\/lechappeeclose.it\/#website"},"primaryImageOfPage":{"@id":"https:\/\/lechappeeclose.it\/boutique\/livres\/litterature\/polars\/les-sentiers-obscurs-de-karachi\/#primaryimage"},"image":{"@id":"https:\/\/lechappeeclose.it\/boutique\/livres\/litterature\/polars\/les-sentiers-obscurs-de-karachi\/#primaryimage"},"thumbnailUrl":"http:\/\/lechappeeclose.it\/wp-content\/uploads\/2025\/01\/Les-Sentiers-obscurs-de-Karachi.jpg","datePublished":"2025-01-31T15:55:01+00:00","breadcrumb":{"@id":"https:\/\/lechappeeclose.it\/boutique\/livres\/litterature\/polars\/les-sentiers-obscurs-de-karachi\/#breadcrumb"},"inLanguage":"it-IT","potentialAction":[{"@type":"ReadAction","target":["https:\/\/lechappeeclose.it\/boutique\/livres\/litterature\/polars\/les-sentiers-obscurs-de-karachi\/"]}]},{"@type":"ImageObject","inLanguage":"it-IT","@id":"https:\/\/lechappeeclose.it\/boutique\/livres\/litterature\/polars\/les-sentiers-obscurs-de-karachi\/#primaryimage","url":"http:\/\/lechappeeclose.it\/wp-content\/uploads\/2025\/01\/Les-Sentiers-obscurs-de-Karachi.jpg","contentUrl":"http:\/\/lechappeeclose.it\/wp-content\/uploads\/2025\/01\/Les-Sentiers-obscurs-de-Karachi.jpg","width":1628,"height":2500},{"@type":"BreadcrumbList","@id":"https:\/\/lechappeeclose.it\/boutique\/livres\/litterature\/polars\/les-sentiers-obscurs-de-karachi\/#breadcrumb","itemListElement":[{"@type":"ListItem","position":1,"name":"Accueil","item":"http:\/\/lechappeeclose.it\/"},{"@type":"ListItem","position":2,"name":"Boutique","item":"http:\/\/lechappeeclose.it\/it\/boutique\/"},{"@type":"ListItem","position":3,"name":"Les Sentiers obscurs de Karachi"}]},{"@type":"WebSite","@id":"http:\/\/lechappeeclose.it\/#website","url":"http:\/\/lechappeeclose.it\/","name":"l&#039;\u00e9chapp\u00e9e close","description":"La libreria francese di Milano","publisher":{"@id":"http:\/\/lechappeeclose.it\/#organization"},"alternateName":"La librairie fran\u00e7aise de Milan","potentialAction":[{"@type":"SearchAction","target":{"@type":"EntryPoint","urlTemplate":"http:\/\/lechappeeclose.it\/?s={search_term_string}"},"query-input":{"@type":"PropertyValueSpecification","valueRequired":true,"valueName":"search_term_string"}}],"inLanguage":"it-IT"},{"@type":"Organization","@id":"http:\/\/lechappeeclose.it\/#organization","name":"l&#039;\u00e9chapp\u00e9e close","url":"http:\/\/lechappeeclose.it\/","logo":{"@type":"ImageObject","inLanguage":"it-IT","@id":"http:\/\/lechappeeclose.it\/#\/schema\/logo\/image\/","url":"http:\/\/lechappeeclose.it\/wp-content\/uploads\/2025\/02\/cropped-logo-rond.png","contentUrl":"http:\/\/lechappeeclose.it\/wp-content\/uploads\/2025\/02\/cropped-logo-rond.png","width":1080,"height":1080,"caption":"l&#039;\u00e9chapp\u00e9e close"},"image":{"@id":"http:\/\/lechappeeclose.it\/#\/schema\/logo\/image\/"},"sameAs":["https:\/\/www.instagram.com\/lechappeeclose\/"]}]}},"_links":{"self":[{"href":"http:\/\/lechappeeclose.it\/it\/wp-json\/wp\/v2\/product\/4282","targetHints":{"allow":["GET"]}}],"collection":[{"href":"http:\/\/lechappeeclose.it\/it\/wp-json\/wp\/v2\/product"}],"about":[{"href":"http:\/\/lechappeeclose.it\/it\/wp-json\/wp\/v2\/types\/product"}],"replies":[{"embeddable":true,"href":"http:\/\/lechappeeclose.it\/it\/wp-json\/wp\/v2\/comments?post=4282"}],"wp:featuredmedia":[{"embeddable":true,"href":"http:\/\/lechappeeclose.it\/it\/wp-json\/wp\/v2\/media\/4281"}],"wp:attachment":[{"href":"http:\/\/lechappeeclose.it\/it\/wp-json\/wp\/v2\/media?parent=4282"}],"wp:term":[{"taxonomy":"product_brand","embeddable":true,"href":"http:\/\/lechappeeclose.it\/it\/wp-json\/wp\/v2\/product_brand?post=4282"},{"taxonomy":"product_cat","embeddable":true,"href":"http:\/\/lechappeeclose.it\/it\/wp-json\/wp\/v2\/product_cat?post=4282"},{"taxonomy":"product_tag","embeddable":true,"href":"http:\/\/lechappeeclose.it\/it\/wp-json\/wp\/v2\/product_tag?post=4282"}],"curies":[{"name":"wp","href":"https:\/\/api.w.org\/{rel}","templated":true}]}}