{"id":4276,"date":"2025-01-31T16:53:40","date_gmt":"2025-01-31T15:53:40","guid":{"rendered":"https:\/\/lechappeeclose.it\/produit\/linconnue-du-port\/"},"modified":"2025-10-17T18:12:11","modified_gmt":"2025-10-17T16:12:11","slug":"linconnue-du-port","status":"publish","type":"product","link":"http:\/\/lechappeeclose.it\/it\/boutique\/livres\/litterature\/polars\/linconnue-du-port\/","title":{"rendered":"L&#8217;inconnue du port"},"content":{"rendered":"<p>Une jeune femme est retrouv\u00e9e ligot\u00e9e et drogu\u00e9e dans un container vide en plein port de Barcelone. Elle respire encore. Anna Ripoll, inspectrice \u00e0 la PJ, est charg\u00e9e de l&#8217;enqu\u00eate qui s&#8217;av\u00e8re ardue car la victime est amn\u00e9sique. \u00c0 Lyon, Erik Zapori, flic \u00e0 la brigade des moeurs, est dans de sales draps. Il est vis\u00e9 par une plainte d\u00e9pos\u00e9e par son indic. Quand un lien est finalement \u00e9tabli entre l&#8217;inconnue du port et une adresse \u00e0 Lyon, Zapori part \u00e0 Barcelone pour pr\u00eater main forte \u00e0 Anna&#8230;<\/p>","protected":false},"excerpt":{"rendered":"<p>Une jeune femme est retrouv\u00e9e ligot\u00e9e et drogu\u00e9e dans un container vide en plein port de Barcelone. Elle respire encore. Anna Ripoll, inspectrice \u00e0 la PJ, est charg\u00e9e de l&#8217;enqu\u00eate qui s&#8217;av\u00e8re ardue car la victime est amn\u00e9sique. \u00c0 Lyon, Erik Zapori, flic \u00e0 la brigade des moeurs, est dans de sales draps. Il est [&hellip;]<\/p>","protected":false},"featured_media":4275,"comment_status":"open","ping_status":"closed","template":"","meta":[],"product_brand":[],"product_cat":[47],"product_tag":[],"class_list":{"0":"post-4276","1":"product","2":"type-product","3":"status-publish","4":"has-post-thumbnail","6":"product_cat-polars","8":"first","9":"onbackorder","10":"taxable","11":"shipping-taxable","12":"purchasable","13":"product-type-simple"},"yoast_head":"<!-- This site is optimized with the Yoast SEO plugin v27.4 - https:\/\/yoast.com\/product\/yoast-seo-wordpress\/ -->\n<title>L&#039;inconnue du port - l&#039;\u00e9chapp\u00e9e close<\/title>\n<meta name=\"robots\" content=\"index, follow, max-snippet:-1, max-image-preview:large, max-video-preview:-1\" \/>\n<link rel=\"canonical\" href=\"http:\/\/lechappeeclose.it\/it\/boutique\/livres\/litterature\/polars\/linconnue-du-port\/\" \/>\n<meta property=\"og:locale\" content=\"it_IT\" \/>\n<meta property=\"og:type\" content=\"article\" \/>\n<meta property=\"og:title\" content=\"L&#039;inconnue du port - l&#039;\u00e9chapp\u00e9e close\" \/>\n<meta property=\"og:description\" content=\"Une jeune femme est retrouv\u00e9e ligot\u00e9e et drogu\u00e9e dans un container vide en plein port de Barcelone. Elle respire encore. Anna Ripoll, inspectrice \u00e0 la PJ, est charg\u00e9e de l&#8217;enqu\u00eate qui s&#8217;av\u00e8re ardue car la victime est amn\u00e9sique. \u00c0 Lyon, Erik Zapori, flic \u00e0 la brigade des moeurs, est dans de sales draps. Il est [&hellip;]\" \/>\n<meta property=\"og:url\" content=\"http:\/\/lechappeeclose.it\/it\/boutique\/livres\/litterature\/polars\/linconnue-du-port\/\" \/>\n<meta property=\"og:site_name\" content=\"l&#039;\u00e9chapp\u00e9e close\" \/>\n<meta property=\"article:modified_time\" content=\"2025-10-17T16:12:11+00:00\" \/>\n<meta property=\"og:image\" content=\"http:\/\/lechappeeclose.it\/wp-content\/uploads\/2025\/01\/Linconnue-du-port.jpg\" \/>\n\t<meta property=\"og:image:width\" content=\"1276\" \/>\n\t<meta property=\"og:image:height\" content=\"2102\" \/>\n\t<meta property=\"og:image:type\" content=\"image\/jpeg\" \/>\n<meta name=\"twitter:card\" content=\"summary_large_image\" \/>\n<script type=\"application\/ld+json\" class=\"yoast-schema-graph\">{\"@context\":\"https:\\\/\\\/schema.org\",\"@graph\":[{\"@type\":\"WebPage\",\"@id\":\"http:\\\/\\\/lechappeeclose.it\\\/boutique\\\/livres\\\/litterature\\\/polars\\\/linconnue-du-port\\\/\",\"url\":\"http:\\\/\\\/lechappeeclose.it\\\/boutique\\\/livres\\\/litterature\\\/polars\\\/linconnue-du-port\\\/\",\"name\":\"L'inconnue du port - l&#039;\u00e9chapp\u00e9e close\",\"isPartOf\":{\"@id\":\"http:\\\/\\\/lechappeeclose.it\\\/#website\"},\"primaryImageOfPage\":{\"@id\":\"http:\\\/\\\/lechappeeclose.it\\\/boutique\\\/livres\\\/litterature\\\/polars\\\/linconnue-du-port\\\/#primaryimage\"},\"image\":{\"@id\":\"http:\\\/\\\/lechappeeclose.it\\\/boutique\\\/livres\\\/litterature\\\/polars\\\/linconnue-du-port\\\/#primaryimage\"},\"thumbnailUrl\":\"http:\\\/\\\/lechappeeclose.it\\\/wp-content\\\/uploads\\\/2025\\\/01\\\/Linconnue-du-port.jpg\",\"datePublished\":\"2025-01-31T15:53:40+00:00\",\"dateModified\":\"2025-10-17T16:12:11+00:00\",\"breadcrumb\":{\"@id\":\"http:\\\/\\\/lechappeeclose.it\\\/boutique\\\/livres\\\/litterature\\\/polars\\\/linconnue-du-port\\\/#breadcrumb\"},\"inLanguage\":\"it-IT\",\"potentialAction\":[{\"@type\":\"ReadAction\",\"target\":[\"http:\\\/\\\/lechappeeclose.it\\\/boutique\\\/livres\\\/litterature\\\/polars\\\/linconnue-du-port\\\/\"]}]},{\"@type\":\"ImageObject\",\"inLanguage\":\"it-IT\",\"@id\":\"http:\\\/\\\/lechappeeclose.it\\\/boutique\\\/livres\\\/litterature\\\/polars\\\/linconnue-du-port\\\/#primaryimage\",\"url\":\"http:\\\/\\\/lechappeeclose.it\\\/wp-content\\\/uploads\\\/2025\\\/01\\\/Linconnue-du-port.jpg\",\"contentUrl\":\"http:\\\/\\\/lechappeeclose.it\\\/wp-content\\\/uploads\\\/2025\\\/01\\\/Linconnue-du-port.jpg\",\"width\":1276,\"height\":2102},{\"@type\":\"BreadcrumbList\",\"@id\":\"http:\\\/\\\/lechappeeclose.it\\\/boutique\\\/livres\\\/litterature\\\/polars\\\/linconnue-du-port\\\/#breadcrumb\",\"itemListElement\":[{\"@type\":\"ListItem\",\"position\":1,\"name\":\"Accueil\",\"item\":\"http:\\\/\\\/lechappeeclose.it\\\/\"},{\"@type\":\"ListItem\",\"position\":2,\"name\":\"Boutique\",\"item\":\"http:\\\/\\\/lechappeeclose.it\\\/it\\\/boutique\\\/\"},{\"@type\":\"ListItem\",\"position\":3,\"name\":\"L&#8217;inconnue du port\"}]},{\"@type\":\"WebSite\",\"@id\":\"http:\\\/\\\/lechappeeclose.it\\\/#website\",\"url\":\"http:\\\/\\\/lechappeeclose.it\\\/\",\"name\":\"l&#039;\u00e9chapp\u00e9e close\",\"description\":\"la librairie fran\u00e7aise de Milan\",\"publisher\":{\"@id\":\"http:\\\/\\\/lechappeeclose.it\\\/#organization\"},\"alternateName\":\"La librairie fran\u00e7aise de Milan\",\"potentialAction\":[{\"@type\":\"SearchAction\",\"target\":{\"@type\":\"EntryPoint\",\"urlTemplate\":\"http:\\\/\\\/lechappeeclose.it\\\/?s={search_term_string}\"},\"query-input\":{\"@type\":\"PropertyValueSpecification\",\"valueRequired\":true,\"valueName\":\"search_term_string\"}}],\"inLanguage\":\"it-IT\"},{\"@type\":\"Organization\",\"@id\":\"http:\\\/\\\/lechappeeclose.it\\\/#organization\",\"name\":\"l&#039;\u00e9chapp\u00e9e close\",\"url\":\"http:\\\/\\\/lechappeeclose.it\\\/\",\"logo\":{\"@type\":\"ImageObject\",\"inLanguage\":\"it-IT\",\"@id\":\"http:\\\/\\\/lechappeeclose.it\\\/#\\\/schema\\\/logo\\\/image\\\/\",\"url\":\"http:\\\/\\\/lechappeeclose.it\\\/wp-content\\\/uploads\\\/2025\\\/02\\\/cropped-logo-rond.png\",\"contentUrl\":\"http:\\\/\\\/lechappeeclose.it\\\/wp-content\\\/uploads\\\/2025\\\/02\\\/cropped-logo-rond.png\",\"width\":1080,\"height\":1080,\"caption\":\"l&#039;\u00e9chapp\u00e9e close\"},\"image\":{\"@id\":\"http:\\\/\\\/lechappeeclose.it\\\/#\\\/schema\\\/logo\\\/image\\\/\"},\"sameAs\":[\"https:\\\/\\\/www.instagram.com\\\/lechappeeclose\\\/\"]}]}<\/script>\n<!-- \/ Yoast SEO plugin. -->","yoast_head_json":{"title":"L'inconnue du port - l&#039;\u00e9chapp\u00e9e close","robots":{"index":"index","follow":"follow","max-snippet":"max-snippet:-1","max-image-preview":"max-image-preview:large","max-video-preview":"max-video-preview:-1"},"canonical":"http:\/\/lechappeeclose.it\/it\/boutique\/livres\/litterature\/polars\/linconnue-du-port\/","og_locale":"it_IT","og_type":"article","og_title":"L'inconnue du port - l&#039;\u00e9chapp\u00e9e close","og_description":"Une jeune femme est retrouv\u00e9e ligot\u00e9e et drogu\u00e9e dans un container vide en plein port de Barcelone. Elle respire encore. Anna Ripoll, inspectrice \u00e0 la PJ, est charg\u00e9e de l&#8217;enqu\u00eate qui s&#8217;av\u00e8re ardue car la victime est amn\u00e9sique. \u00c0 Lyon, Erik Zapori, flic \u00e0 la brigade des moeurs, est dans de sales draps. Il est [&hellip;]","og_url":"http:\/\/lechappeeclose.it\/it\/boutique\/livres\/litterature\/polars\/linconnue-du-port\/","og_site_name":"l&#039;\u00e9chapp\u00e9e close","article_modified_time":"2025-10-17T16:12:11+00:00","og_image":[{"width":1276,"height":2102,"url":"http:\/\/lechappeeclose.it\/wp-content\/uploads\/2025\/01\/Linconnue-du-port.jpg","type":"image\/jpeg"}],"twitter_card":"summary_large_image","schema":{"@context":"https:\/\/schema.org","@graph":[{"@type":"WebPage","@id":"http:\/\/lechappeeclose.it\/boutique\/livres\/litterature\/polars\/linconnue-du-port\/","url":"http:\/\/lechappeeclose.it\/boutique\/livres\/litterature\/polars\/linconnue-du-port\/","name":"L'inconnue du port - l&#039;\u00e9chapp\u00e9e close","isPartOf":{"@id":"http:\/\/lechappeeclose.it\/#website"},"primaryImageOfPage":{"@id":"http:\/\/lechappeeclose.it\/boutique\/livres\/litterature\/polars\/linconnue-du-port\/#primaryimage"},"image":{"@id":"http:\/\/lechappeeclose.it\/boutique\/livres\/litterature\/polars\/linconnue-du-port\/#primaryimage"},"thumbnailUrl":"http:\/\/lechappeeclose.it\/wp-content\/uploads\/2025\/01\/Linconnue-du-port.jpg","datePublished":"2025-01-31T15:53:40+00:00","dateModified":"2025-10-17T16:12:11+00:00","breadcrumb":{"@id":"http:\/\/lechappeeclose.it\/boutique\/livres\/litterature\/polars\/linconnue-du-port\/#breadcrumb"},"inLanguage":"it-IT","potentialAction":[{"@type":"ReadAction","target":["http:\/\/lechappeeclose.it\/boutique\/livres\/litterature\/polars\/linconnue-du-port\/"]}]},{"@type":"ImageObject","inLanguage":"it-IT","@id":"http:\/\/lechappeeclose.it\/boutique\/livres\/litterature\/polars\/linconnue-du-port\/#primaryimage","url":"http:\/\/lechappeeclose.it\/wp-content\/uploads\/2025\/01\/Linconnue-du-port.jpg","contentUrl":"http:\/\/lechappeeclose.it\/wp-content\/uploads\/2025\/01\/Linconnue-du-port.jpg","width":1276,"height":2102},{"@type":"BreadcrumbList","@id":"http:\/\/lechappeeclose.it\/boutique\/livres\/litterature\/polars\/linconnue-du-port\/#breadcrumb","itemListElement":[{"@type":"ListItem","position":1,"name":"Accueil","item":"http:\/\/lechappeeclose.it\/"},{"@type":"ListItem","position":2,"name":"Boutique","item":"http:\/\/lechappeeclose.it\/it\/boutique\/"},{"@type":"ListItem","position":3,"name":"L&#8217;inconnue du port"}]},{"@type":"WebSite","@id":"http:\/\/lechappeeclose.it\/#website","url":"http:\/\/lechappeeclose.it\/","name":"l&#039;\u00e9chapp\u00e9e close","description":"La libreria francese di Milano","publisher":{"@id":"http:\/\/lechappeeclose.it\/#organization"},"alternateName":"La librairie fran\u00e7aise de Milan","potentialAction":[{"@type":"SearchAction","target":{"@type":"EntryPoint","urlTemplate":"http:\/\/lechappeeclose.it\/?s={search_term_string}"},"query-input":{"@type":"PropertyValueSpecification","valueRequired":true,"valueName":"search_term_string"}}],"inLanguage":"it-IT"},{"@type":"Organization","@id":"http:\/\/lechappeeclose.it\/#organization","name":"l&#039;\u00e9chapp\u00e9e close","url":"http:\/\/lechappeeclose.it\/","logo":{"@type":"ImageObject","inLanguage":"it-IT","@id":"http:\/\/lechappeeclose.it\/#\/schema\/logo\/image\/","url":"http:\/\/lechappeeclose.it\/wp-content\/uploads\/2025\/02\/cropped-logo-rond.png","contentUrl":"http:\/\/lechappeeclose.it\/wp-content\/uploads\/2025\/02\/cropped-logo-rond.png","width":1080,"height":1080,"caption":"l&#039;\u00e9chapp\u00e9e close"},"image":{"@id":"http:\/\/lechappeeclose.it\/#\/schema\/logo\/image\/"},"sameAs":["https:\/\/www.instagram.com\/lechappeeclose\/"]}]}},"_links":{"self":[{"href":"http:\/\/lechappeeclose.it\/it\/wp-json\/wp\/v2\/product\/4276","targetHints":{"allow":["GET"]}}],"collection":[{"href":"http:\/\/lechappeeclose.it\/it\/wp-json\/wp\/v2\/product"}],"about":[{"href":"http:\/\/lechappeeclose.it\/it\/wp-json\/wp\/v2\/types\/product"}],"replies":[{"embeddable":true,"href":"http:\/\/lechappeeclose.it\/it\/wp-json\/wp\/v2\/comments?post=4276"}],"wp:featuredmedia":[{"embeddable":true,"href":"http:\/\/lechappeeclose.it\/it\/wp-json\/wp\/v2\/media\/4275"}],"wp:attachment":[{"href":"http:\/\/lechappeeclose.it\/it\/wp-json\/wp\/v2\/media?parent=4276"}],"wp:term":[{"taxonomy":"product_brand","embeddable":true,"href":"http:\/\/lechappeeclose.it\/it\/wp-json\/wp\/v2\/product_brand?post=4276"},{"taxonomy":"product_cat","embeddable":true,"href":"http:\/\/lechappeeclose.it\/it\/wp-json\/wp\/v2\/product_cat?post=4276"},{"taxonomy":"product_tag","embeddable":true,"href":"http:\/\/lechappeeclose.it\/it\/wp-json\/wp\/v2\/product_tag?post=4276"}],"curies":[{"name":"wp","href":"https:\/\/api.w.org\/{rel}","templated":true}]}}