{"id":4211,"date":"2025-01-31T16:38:56","date_gmt":"2025-01-31T15:38:56","guid":{"rendered":"https:\/\/lechappeeclose.it\/produit\/le-soleil-nest-pas-pour-nous\/"},"modified":"2025-01-31T16:38:56","modified_gmt":"2025-01-31T15:38:56","slug":"le-soleil-nest-pas-pour-nous","status":"publish","type":"product","link":"http:\/\/lechappeeclose.it\/it\/boutique\/livres\/litterature\/polars\/le-soleil-nest-pas-pour-nous\/","title":{"rendered":"Le soleil n&#8217;est pas pour nous"},"content":{"rendered":"<p>Dans le Paris des ann\u00e9es 1920, \u00ab \u00e9poque de la joie de vivre \u00bb disait-on, le jeune D\u00e9d\u00e9 Arnal cr\u00e8ve de solitude, de mis\u00e8re et de vagabondage. Son horizon : la taule, l&#8217;esclavage en usine, le milieu des malfrats et des anars en rupture de ban. Comment \u00e9chapper \u00e0 l&#8217;asphyxie ? Comment survivre dans ces zones de violence et de haine ou des gosses assassinent dans le seul but de se venger de leurs humiliations ? Condamn\u00e9 \u00e0 la fureur et \u00e0 la r\u00e9signation, D\u00e9d\u00e9 se tourne alors vers un fugitif rayon de soleil, c&#8217;est-\u00e0-dire vers Gina, une fille des rues, comme lui. Riches et pauvres sont \u00e9gaux, en principe, devant les sentiments amoureux. Mais Gina est elle-m\u00eame captive de son propre fr\u00e8re, un p\u00e2le voyou qui la viole et la vend. Tous les \u00e9l\u00e9ments d&#8217;une trag\u00e9die sont en place. D\u00e9d\u00e9 Arnal sera ce \u00ab jeune monstre \u00bb que la soci\u00e9t\u00e9 et l&#8217;injustice feront de lui.<\/p>","protected":false},"excerpt":{"rendered":"<p>Dans le Paris des ann\u00e9es 1920, \u00ab \u00e9poque de la joie de vivre \u00bb disait-on, le jeune D\u00e9d\u00e9 Arnal cr\u00e8ve de solitude, de mis\u00e8re et de vagabondage. Son horizon : la taule, l&#8217;esclavage en usine, le milieu des malfrats et des anars en rupture de ban. Comment \u00e9chapper \u00e0 l&#8217;asphyxie ? Comment survivre dans ces [&hellip;]<\/p>","protected":false},"featured_media":4210,"comment_status":"open","ping_status":"closed","template":"","meta":[],"product_brand":[],"product_cat":[47],"product_tag":[],"class_list":{"0":"post-4211","1":"product","2":"type-product","3":"status-publish","4":"has-post-thumbnail","6":"product_cat-polars","8":"first","9":"instock","10":"taxable","11":"shipping-taxable","12":"purchasable","13":"product-type-simple"},"yoast_head":"<!-- This site is optimized with the Yoast SEO plugin v27.4 - https:\/\/yoast.com\/product\/yoast-seo-wordpress\/ -->\n<title>Le soleil n&#039;est pas pour nous - l&#039;\u00e9chapp\u00e9e close<\/title>\n<meta name=\"robots\" content=\"index, follow, max-snippet:-1, max-image-preview:large, max-video-preview:-1\" \/>\n<link rel=\"canonical\" href=\"http:\/\/lechappeeclose.it\/it\/boutique\/livres\/litterature\/polars\/le-soleil-nest-pas-pour-nous\/\" \/>\n<meta property=\"og:locale\" content=\"it_IT\" \/>\n<meta property=\"og:type\" content=\"article\" \/>\n<meta property=\"og:title\" content=\"Le soleil n&#039;est pas pour nous - l&#039;\u00e9chapp\u00e9e close\" \/>\n<meta property=\"og:description\" content=\"Dans le Paris des ann\u00e9es 1920, \u00ab \u00e9poque de la joie de vivre \u00bb disait-on, le jeune D\u00e9d\u00e9 Arnal cr\u00e8ve de solitude, de mis\u00e8re et de vagabondage. Son horizon : la taule, l&#8217;esclavage en usine, le milieu des malfrats et des anars en rupture de ban. Comment \u00e9chapper \u00e0 l&#8217;asphyxie ? Comment survivre dans ces [&hellip;]\" \/>\n<meta property=\"og:url\" content=\"http:\/\/lechappeeclose.it\/it\/boutique\/livres\/litterature\/polars\/le-soleil-nest-pas-pour-nous\/\" \/>\n<meta property=\"og:site_name\" content=\"l&#039;\u00e9chapp\u00e9e close\" \/>\n<meta property=\"og:image\" content=\"http:\/\/lechappeeclose.it\/wp-content\/uploads\/2025\/01\/Le-soleil-nest-pas-pour-nous.jpg\" \/>\n\t<meta property=\"og:image:width\" content=\"239\" \/>\n\t<meta property=\"og:image:height\" content=\"400\" \/>\n\t<meta property=\"og:image:type\" content=\"image\/jpeg\" \/>\n<meta name=\"twitter:card\" content=\"summary_large_image\" \/>\n<meta name=\"twitter:label1\" content=\"Tempo di lettura stimato\" \/>\n\t<meta name=\"twitter:data1\" content=\"1 minuto\" \/>\n<script type=\"application\/ld+json\" class=\"yoast-schema-graph\">{\"@context\":\"https:\\\/\\\/schema.org\",\"@graph\":[{\"@type\":\"WebPage\",\"@id\":\"http:\\\/\\\/lechappeeclose.it\\\/boutique\\\/livres\\\/litterature\\\/polars\\\/le-soleil-nest-pas-pour-nous\\\/\",\"url\":\"http:\\\/\\\/lechappeeclose.it\\\/boutique\\\/livres\\\/litterature\\\/polars\\\/le-soleil-nest-pas-pour-nous\\\/\",\"name\":\"Le soleil n'est pas pour nous - l&#039;\u00e9chapp\u00e9e close\",\"isPartOf\":{\"@id\":\"http:\\\/\\\/lechappeeclose.it\\\/#website\"},\"primaryImageOfPage\":{\"@id\":\"http:\\\/\\\/lechappeeclose.it\\\/boutique\\\/livres\\\/litterature\\\/polars\\\/le-soleil-nest-pas-pour-nous\\\/#primaryimage\"},\"image\":{\"@id\":\"http:\\\/\\\/lechappeeclose.it\\\/boutique\\\/livres\\\/litterature\\\/polars\\\/le-soleil-nest-pas-pour-nous\\\/#primaryimage\"},\"thumbnailUrl\":\"http:\\\/\\\/lechappeeclose.it\\\/wp-content\\\/uploads\\\/2025\\\/01\\\/Le-soleil-nest-pas-pour-nous.jpg\",\"datePublished\":\"2025-01-31T15:38:56+00:00\",\"breadcrumb\":{\"@id\":\"http:\\\/\\\/lechappeeclose.it\\\/boutique\\\/livres\\\/litterature\\\/polars\\\/le-soleil-nest-pas-pour-nous\\\/#breadcrumb\"},\"inLanguage\":\"it-IT\",\"potentialAction\":[{\"@type\":\"ReadAction\",\"target\":[\"http:\\\/\\\/lechappeeclose.it\\\/boutique\\\/livres\\\/litterature\\\/polars\\\/le-soleil-nest-pas-pour-nous\\\/\"]}]},{\"@type\":\"ImageObject\",\"inLanguage\":\"it-IT\",\"@id\":\"http:\\\/\\\/lechappeeclose.it\\\/boutique\\\/livres\\\/litterature\\\/polars\\\/le-soleil-nest-pas-pour-nous\\\/#primaryimage\",\"url\":\"http:\\\/\\\/lechappeeclose.it\\\/wp-content\\\/uploads\\\/2025\\\/01\\\/Le-soleil-nest-pas-pour-nous.jpg\",\"contentUrl\":\"http:\\\/\\\/lechappeeclose.it\\\/wp-content\\\/uploads\\\/2025\\\/01\\\/Le-soleil-nest-pas-pour-nous.jpg\",\"width\":239,\"height\":400},{\"@type\":\"BreadcrumbList\",\"@id\":\"http:\\\/\\\/lechappeeclose.it\\\/boutique\\\/livres\\\/litterature\\\/polars\\\/le-soleil-nest-pas-pour-nous\\\/#breadcrumb\",\"itemListElement\":[{\"@type\":\"ListItem\",\"position\":1,\"name\":\"Accueil\",\"item\":\"http:\\\/\\\/lechappeeclose.it\\\/\"},{\"@type\":\"ListItem\",\"position\":2,\"name\":\"Boutique\",\"item\":\"http:\\\/\\\/lechappeeclose.it\\\/it\\\/boutique\\\/\"},{\"@type\":\"ListItem\",\"position\":3,\"name\":\"Le soleil n&#8217;est pas pour nous\"}]},{\"@type\":\"WebSite\",\"@id\":\"http:\\\/\\\/lechappeeclose.it\\\/#website\",\"url\":\"http:\\\/\\\/lechappeeclose.it\\\/\",\"name\":\"l&#039;\u00e9chapp\u00e9e close\",\"description\":\"la librairie fran\u00e7aise de Milan\",\"publisher\":{\"@id\":\"http:\\\/\\\/lechappeeclose.it\\\/#organization\"},\"alternateName\":\"La librairie fran\u00e7aise de Milan\",\"potentialAction\":[{\"@type\":\"SearchAction\",\"target\":{\"@type\":\"EntryPoint\",\"urlTemplate\":\"http:\\\/\\\/lechappeeclose.it\\\/?s={search_term_string}\"},\"query-input\":{\"@type\":\"PropertyValueSpecification\",\"valueRequired\":true,\"valueName\":\"search_term_string\"}}],\"inLanguage\":\"it-IT\"},{\"@type\":\"Organization\",\"@id\":\"http:\\\/\\\/lechappeeclose.it\\\/#organization\",\"name\":\"l&#039;\u00e9chapp\u00e9e close\",\"url\":\"http:\\\/\\\/lechappeeclose.it\\\/\",\"logo\":{\"@type\":\"ImageObject\",\"inLanguage\":\"it-IT\",\"@id\":\"http:\\\/\\\/lechappeeclose.it\\\/#\\\/schema\\\/logo\\\/image\\\/\",\"url\":\"http:\\\/\\\/lechappeeclose.it\\\/wp-content\\\/uploads\\\/2025\\\/02\\\/cropped-logo-rond.png\",\"contentUrl\":\"http:\\\/\\\/lechappeeclose.it\\\/wp-content\\\/uploads\\\/2025\\\/02\\\/cropped-logo-rond.png\",\"width\":1080,\"height\":1080,\"caption\":\"l&#039;\u00e9chapp\u00e9e close\"},\"image\":{\"@id\":\"http:\\\/\\\/lechappeeclose.it\\\/#\\\/schema\\\/logo\\\/image\\\/\"},\"sameAs\":[\"https:\\\/\\\/www.instagram.com\\\/lechappeeclose\\\/\"]}]}<\/script>\n<!-- \/ Yoast SEO plugin. -->","yoast_head_json":{"title":"Le soleil n'est pas pour nous - l&#039;\u00e9chapp\u00e9e close","robots":{"index":"index","follow":"follow","max-snippet":"max-snippet:-1","max-image-preview":"max-image-preview:large","max-video-preview":"max-video-preview:-1"},"canonical":"http:\/\/lechappeeclose.it\/it\/boutique\/livres\/litterature\/polars\/le-soleil-nest-pas-pour-nous\/","og_locale":"it_IT","og_type":"article","og_title":"Le soleil n'est pas pour nous - l&#039;\u00e9chapp\u00e9e close","og_description":"Dans le Paris des ann\u00e9es 1920, \u00ab \u00e9poque de la joie de vivre \u00bb disait-on, le jeune D\u00e9d\u00e9 Arnal cr\u00e8ve de solitude, de mis\u00e8re et de vagabondage. Son horizon : la taule, l&#8217;esclavage en usine, le milieu des malfrats et des anars en rupture de ban. Comment \u00e9chapper \u00e0 l&#8217;asphyxie ? Comment survivre dans ces [&hellip;]","og_url":"http:\/\/lechappeeclose.it\/it\/boutique\/livres\/litterature\/polars\/le-soleil-nest-pas-pour-nous\/","og_site_name":"l&#039;\u00e9chapp\u00e9e close","og_image":[{"width":239,"height":400,"url":"http:\/\/lechappeeclose.it\/wp-content\/uploads\/2025\/01\/Le-soleil-nest-pas-pour-nous.jpg","type":"image\/jpeg"}],"twitter_card":"summary_large_image","twitter_misc":{"Tempo di lettura stimato":"1 minuto"},"schema":{"@context":"https:\/\/schema.org","@graph":[{"@type":"WebPage","@id":"http:\/\/lechappeeclose.it\/boutique\/livres\/litterature\/polars\/le-soleil-nest-pas-pour-nous\/","url":"http:\/\/lechappeeclose.it\/boutique\/livres\/litterature\/polars\/le-soleil-nest-pas-pour-nous\/","name":"Le soleil n'est pas pour nous - l&#039;\u00e9chapp\u00e9e close","isPartOf":{"@id":"http:\/\/lechappeeclose.it\/#website"},"primaryImageOfPage":{"@id":"http:\/\/lechappeeclose.it\/boutique\/livres\/litterature\/polars\/le-soleil-nest-pas-pour-nous\/#primaryimage"},"image":{"@id":"http:\/\/lechappeeclose.it\/boutique\/livres\/litterature\/polars\/le-soleil-nest-pas-pour-nous\/#primaryimage"},"thumbnailUrl":"http:\/\/lechappeeclose.it\/wp-content\/uploads\/2025\/01\/Le-soleil-nest-pas-pour-nous.jpg","datePublished":"2025-01-31T15:38:56+00:00","breadcrumb":{"@id":"http:\/\/lechappeeclose.it\/boutique\/livres\/litterature\/polars\/le-soleil-nest-pas-pour-nous\/#breadcrumb"},"inLanguage":"it-IT","potentialAction":[{"@type":"ReadAction","target":["http:\/\/lechappeeclose.it\/boutique\/livres\/litterature\/polars\/le-soleil-nest-pas-pour-nous\/"]}]},{"@type":"ImageObject","inLanguage":"it-IT","@id":"http:\/\/lechappeeclose.it\/boutique\/livres\/litterature\/polars\/le-soleil-nest-pas-pour-nous\/#primaryimage","url":"http:\/\/lechappeeclose.it\/wp-content\/uploads\/2025\/01\/Le-soleil-nest-pas-pour-nous.jpg","contentUrl":"http:\/\/lechappeeclose.it\/wp-content\/uploads\/2025\/01\/Le-soleil-nest-pas-pour-nous.jpg","width":239,"height":400},{"@type":"BreadcrumbList","@id":"http:\/\/lechappeeclose.it\/boutique\/livres\/litterature\/polars\/le-soleil-nest-pas-pour-nous\/#breadcrumb","itemListElement":[{"@type":"ListItem","position":1,"name":"Accueil","item":"http:\/\/lechappeeclose.it\/"},{"@type":"ListItem","position":2,"name":"Boutique","item":"http:\/\/lechappeeclose.it\/it\/boutique\/"},{"@type":"ListItem","position":3,"name":"Le soleil n&#8217;est pas pour nous"}]},{"@type":"WebSite","@id":"http:\/\/lechappeeclose.it\/#website","url":"http:\/\/lechappeeclose.it\/","name":"l&#039;\u00e9chapp\u00e9e close","description":"La libreria francese di Milano","publisher":{"@id":"http:\/\/lechappeeclose.it\/#organization"},"alternateName":"La librairie fran\u00e7aise de Milan","potentialAction":[{"@type":"SearchAction","target":{"@type":"EntryPoint","urlTemplate":"http:\/\/lechappeeclose.it\/?s={search_term_string}"},"query-input":{"@type":"PropertyValueSpecification","valueRequired":true,"valueName":"search_term_string"}}],"inLanguage":"it-IT"},{"@type":"Organization","@id":"http:\/\/lechappeeclose.it\/#organization","name":"l&#039;\u00e9chapp\u00e9e close","url":"http:\/\/lechappeeclose.it\/","logo":{"@type":"ImageObject","inLanguage":"it-IT","@id":"http:\/\/lechappeeclose.it\/#\/schema\/logo\/image\/","url":"http:\/\/lechappeeclose.it\/wp-content\/uploads\/2025\/02\/cropped-logo-rond.png","contentUrl":"http:\/\/lechappeeclose.it\/wp-content\/uploads\/2025\/02\/cropped-logo-rond.png","width":1080,"height":1080,"caption":"l&#039;\u00e9chapp\u00e9e close"},"image":{"@id":"http:\/\/lechappeeclose.it\/#\/schema\/logo\/image\/"},"sameAs":["https:\/\/www.instagram.com\/lechappeeclose\/"]}]}},"_links":{"self":[{"href":"http:\/\/lechappeeclose.it\/it\/wp-json\/wp\/v2\/product\/4211","targetHints":{"allow":["GET"]}}],"collection":[{"href":"http:\/\/lechappeeclose.it\/it\/wp-json\/wp\/v2\/product"}],"about":[{"href":"http:\/\/lechappeeclose.it\/it\/wp-json\/wp\/v2\/types\/product"}],"replies":[{"embeddable":true,"href":"http:\/\/lechappeeclose.it\/it\/wp-json\/wp\/v2\/comments?post=4211"}],"wp:featuredmedia":[{"embeddable":true,"href":"http:\/\/lechappeeclose.it\/it\/wp-json\/wp\/v2\/media\/4210"}],"wp:attachment":[{"href":"http:\/\/lechappeeclose.it\/it\/wp-json\/wp\/v2\/media?parent=4211"}],"wp:term":[{"taxonomy":"product_brand","embeddable":true,"href":"http:\/\/lechappeeclose.it\/it\/wp-json\/wp\/v2\/product_brand?post=4211"},{"taxonomy":"product_cat","embeddable":true,"href":"http:\/\/lechappeeclose.it\/it\/wp-json\/wp\/v2\/product_cat?post=4211"},{"taxonomy":"product_tag","embeddable":true,"href":"http:\/\/lechappeeclose.it\/it\/wp-json\/wp\/v2\/product_tag?post=4211"}],"curies":[{"name":"wp","href":"https:\/\/api.w.org\/{rel}","templated":true}]}}