{"id":4178,"date":"2025-01-31T16:32:59","date_gmt":"2025-01-31T15:32:59","guid":{"rendered":"https:\/\/lechappeeclose.it\/produit\/fauves\/"},"modified":"2025-01-31T16:32:59","modified_gmt":"2025-01-31T15:32:59","slug":"fauves","status":"publish","type":"product","link":"http:\/\/lechappeeclose.it\/it\/boutique\/livres\/litterature\/polars\/fauves\/","title":{"rendered":"Fauves"},"content":{"rendered":"<p>Tableaux de ma\u00eetres fauves, coups tordus et menaces de mort&#8230;Le commandant Fr\u00e9d\u00e9ric Vicaux de la brigade criminelle de Paris et son adjointe sont face \u00e0 un meurtre sordide : un homme a \u00e9t\u00e9 jet\u00e9 en p\u00e2ture aux cochons dans une ferme proche de la capitale. Il s\u2019agit d\u2019Ivan Katos, riche h\u00e9ritier et amateur d\u2019art.Alors que le commandant tente de trouver de l\u2019aide aupr\u00e8s de divers sp\u00e9cialistes, l\u2019enqu\u00eate prend une tournure in\u00e9dite quand il est question du pass\u00e9 de la victime. Dans quelles affaires abjectes le collectionneur a-t-il tremp\u00e9 pour \u00eatre aussi sauvagement assassin\u00e9 ? Sa fortune cacherait-elle des secrets honteux ? \u00c0 moins que sa panoplie de tableaux fauves, des Matisse, des Vlaminck, des Dufy, tous plus pr\u00e9cieux les uns que les autres, n\u2019ait quelque chose \u00e0 r\u00e9v\u00e9ler\u2026De galeristes v\u00e9reux en experts corrompus, Fr\u00e9d\u00e9ric Vicaux d\u00e9couvre un milieu de l\u2019art insoup\u00e7onn\u00e9, loin de la lumi\u00e8re et du succ\u00e8s qui aur\u00e9olent les plus grands ma\u00eetres du fauvisme.\u00c0 propos de l\u2019auteur\u00c9ric Mercier , docteur en histoire de l\u2019art et commissaire d\u2019expositions, manie \u00e9rudition et suspense avec brio. Apr\u00e8s Dans la peau de Buffet , Fauves explore \u00e0 travers une nouvelle enqu\u00eate l\u2019imp\u00e9tuosit\u00e9 de la peinture fauviste.\u00ab Un polar plein de rebondissements, de secrets, de suspense : une totale r\u00e9ussite ! \u00bb G\u00e9rard Collard, librairie La griffe noire\u00ab Un polar haletant. [&#8230;] On est embarqu\u00e9 par l\u2019intrigue et la d\u00e9couverte d\u2019un univers \u00e9litiste mais fascinant. \u00bb Matthieu Marin, Ouest-France\u00ab \u00c9ric Mercier m\u00eale suspense, rebondissements et histoire de l\u2019art avec brio. \u00bb Claire Fiorletta, L\u2019Est r\u00e9publicain\u00ab Historien \u00e0 l\u2019imaginaire tr\u00e8s noir, l\u2019auteur nous plonge dans une enqu\u00eate fascinante au c\u0153ur du march\u00e9 de l\u2019art. \u00bb Notre Temps\u00ab Avec Fauves , \u00c9ric Mercier signe un polar talentueux \u00e0 l\u2019intrigue efficace et au d\u00e9nouement inattendu. Le commandant Vicaux, marmor\u00e9en et t\u00e9n\u00e9breux se r\u00e9v\u00e8le d\u2019une rare perspicacit\u00e9. Et d\u2019une grande t\u00e9nacit\u00e9. Avec son adjointe, qui conna\u00eet Nietzsche et Schopenhauer par c\u0153ur, il forme un duo d\u2019enqu\u00eateurs aussi singuliers qu\u2019attachants. \u00bb L\u2019Ind\u00e9pendant<\/p>","protected":false},"excerpt":{"rendered":"<p>Tableaux de ma\u00eetres fauves, coups tordus et menaces de mort&#8230;Le commandant Fr\u00e9d\u00e9ric Vicaux de la brigade criminelle de Paris et son adjointe sont face \u00e0 un meurtre sordide : un homme a \u00e9t\u00e9 jet\u00e9 en p\u00e2ture aux cochons dans une ferme proche de la capitale. Il s\u2019agit d\u2019Ivan Katos, riche h\u00e9ritier et amateur d\u2019art.Alors que [&hellip;]<\/p>","protected":false},"featured_media":4177,"comment_status":"open","ping_status":"closed","template":"","meta":[],"product_brand":[],"product_cat":[47],"product_tag":[],"class_list":{"0":"post-4178","1":"product","2":"type-product","3":"status-publish","4":"has-post-thumbnail","6":"product_cat-polars","8":"first","9":"instock","10":"taxable","11":"shipping-taxable","12":"purchasable","13":"product-type-simple"},"yoast_head":"<!-- This site is optimized with the Yoast SEO plugin v27.5 - https:\/\/yoast.com\/product\/yoast-seo-wordpress\/ -->\n<title>Fauves - l&#039;\u00e9chapp\u00e9e close<\/title>\n<meta name=\"robots\" content=\"index, follow, max-snippet:-1, max-image-preview:large, max-video-preview:-1\" \/>\n<link rel=\"canonical\" href=\"http:\/\/lechappeeclose.it\/it\/boutique\/livres\/litterature\/polars\/fauves\/\" \/>\n<meta property=\"og:locale\" content=\"it_IT\" \/>\n<meta property=\"og:type\" content=\"article\" \/>\n<meta property=\"og:title\" content=\"Fauves - l&#039;\u00e9chapp\u00e9e close\" \/>\n<meta property=\"og:description\" content=\"Tableaux de ma\u00eetres fauves, coups tordus et menaces de mort&#8230;Le commandant Fr\u00e9d\u00e9ric Vicaux de la brigade criminelle de Paris et son adjointe sont face \u00e0 un meurtre sordide : un homme a \u00e9t\u00e9 jet\u00e9 en p\u00e2ture aux cochons dans une ferme proche de la capitale. Il s\u2019agit d\u2019Ivan Katos, riche h\u00e9ritier et amateur d\u2019art.Alors que [&hellip;]\" \/>\n<meta property=\"og:url\" content=\"http:\/\/lechappeeclose.it\/it\/boutique\/livres\/litterature\/polars\/fauves\/\" \/>\n<meta property=\"og:site_name\" content=\"l&#039;\u00e9chapp\u00e9e close\" \/>\n<meta property=\"og:image\" content=\"http:\/\/lechappeeclose.it\/wp-content\/uploads\/2025\/01\/Fauves.jpg\" \/>\n\t<meta property=\"og:image:width\" content=\"301\" \/>\n\t<meta property=\"og:image:height\" content=\"500\" \/>\n\t<meta property=\"og:image:type\" content=\"image\/jpeg\" \/>\n<meta name=\"twitter:card\" content=\"summary_large_image\" \/>\n<meta name=\"twitter:label1\" content=\"Tempo di lettura stimato\" \/>\n\t<meta name=\"twitter:data1\" content=\"2 minuti\" \/>\n<script type=\"application\/ld+json\" class=\"yoast-schema-graph\">{\"@context\":\"https:\\\/\\\/schema.org\",\"@graph\":[{\"@type\":\"WebPage\",\"@id\":\"http:\\\/\\\/lechappeeclose.it\\\/boutique\\\/livres\\\/litterature\\\/polars\\\/fauves\\\/\",\"url\":\"http:\\\/\\\/lechappeeclose.it\\\/boutique\\\/livres\\\/litterature\\\/polars\\\/fauves\\\/\",\"name\":\"Fauves - l&#039;\u00e9chapp\u00e9e close\",\"isPartOf\":{\"@id\":\"http:\\\/\\\/lechappeeclose.it\\\/#website\"},\"primaryImageOfPage\":{\"@id\":\"http:\\\/\\\/lechappeeclose.it\\\/boutique\\\/livres\\\/litterature\\\/polars\\\/fauves\\\/#primaryimage\"},\"image\":{\"@id\":\"http:\\\/\\\/lechappeeclose.it\\\/boutique\\\/livres\\\/litterature\\\/polars\\\/fauves\\\/#primaryimage\"},\"thumbnailUrl\":\"http:\\\/\\\/lechappeeclose.it\\\/wp-content\\\/uploads\\\/2025\\\/01\\\/Fauves.jpg\",\"datePublished\":\"2025-01-31T15:32:59+00:00\",\"breadcrumb\":{\"@id\":\"http:\\\/\\\/lechappeeclose.it\\\/boutique\\\/livres\\\/litterature\\\/polars\\\/fauves\\\/#breadcrumb\"},\"inLanguage\":\"it-IT\",\"potentialAction\":[{\"@type\":\"ReadAction\",\"target\":[\"http:\\\/\\\/lechappeeclose.it\\\/boutique\\\/livres\\\/litterature\\\/polars\\\/fauves\\\/\"]}]},{\"@type\":\"ImageObject\",\"inLanguage\":\"it-IT\",\"@id\":\"http:\\\/\\\/lechappeeclose.it\\\/boutique\\\/livres\\\/litterature\\\/polars\\\/fauves\\\/#primaryimage\",\"url\":\"http:\\\/\\\/lechappeeclose.it\\\/wp-content\\\/uploads\\\/2025\\\/01\\\/Fauves.jpg\",\"contentUrl\":\"http:\\\/\\\/lechappeeclose.it\\\/wp-content\\\/uploads\\\/2025\\\/01\\\/Fauves.jpg\",\"width\":301,\"height\":500},{\"@type\":\"BreadcrumbList\",\"@id\":\"http:\\\/\\\/lechappeeclose.it\\\/boutique\\\/livres\\\/litterature\\\/polars\\\/fauves\\\/#breadcrumb\",\"itemListElement\":[{\"@type\":\"ListItem\",\"position\":1,\"name\":\"Accueil\",\"item\":\"http:\\\/\\\/lechappeeclose.it\\\/\"},{\"@type\":\"ListItem\",\"position\":2,\"name\":\"Boutique\",\"item\":\"http:\\\/\\\/lechappeeclose.it\\\/it\\\/boutique\\\/\"},{\"@type\":\"ListItem\",\"position\":3,\"name\":\"Fauves\"}]},{\"@type\":\"WebSite\",\"@id\":\"http:\\\/\\\/lechappeeclose.it\\\/#website\",\"url\":\"http:\\\/\\\/lechappeeclose.it\\\/\",\"name\":\"l&#039;\u00e9chapp\u00e9e close\",\"description\":\"la librairie fran\u00e7aise de Milan\",\"publisher\":{\"@id\":\"http:\\\/\\\/lechappeeclose.it\\\/#organization\"},\"alternateName\":\"La librairie fran\u00e7aise de Milan\",\"potentialAction\":[{\"@type\":\"SearchAction\",\"target\":{\"@type\":\"EntryPoint\",\"urlTemplate\":\"http:\\\/\\\/lechappeeclose.it\\\/?s={search_term_string}\"},\"query-input\":{\"@type\":\"PropertyValueSpecification\",\"valueRequired\":true,\"valueName\":\"search_term_string\"}}],\"inLanguage\":\"it-IT\"},{\"@type\":\"Organization\",\"@id\":\"http:\\\/\\\/lechappeeclose.it\\\/#organization\",\"name\":\"l&#039;\u00e9chapp\u00e9e close\",\"url\":\"http:\\\/\\\/lechappeeclose.it\\\/\",\"logo\":{\"@type\":\"ImageObject\",\"inLanguage\":\"it-IT\",\"@id\":\"http:\\\/\\\/lechappeeclose.it\\\/#\\\/schema\\\/logo\\\/image\\\/\",\"url\":\"http:\\\/\\\/lechappeeclose.it\\\/wp-content\\\/uploads\\\/2025\\\/02\\\/cropped-logo-rond.png\",\"contentUrl\":\"http:\\\/\\\/lechappeeclose.it\\\/wp-content\\\/uploads\\\/2025\\\/02\\\/cropped-logo-rond.png\",\"width\":1080,\"height\":1080,\"caption\":\"l&#039;\u00e9chapp\u00e9e close\"},\"image\":{\"@id\":\"http:\\\/\\\/lechappeeclose.it\\\/#\\\/schema\\\/logo\\\/image\\\/\"},\"sameAs\":[\"https:\\\/\\\/www.instagram.com\\\/lechappeeclose\\\/\"]}]}<\/script>\n<!-- \/ Yoast SEO plugin. -->","yoast_head_json":{"title":"Fauves - l&#039;\u00e9chapp\u00e9e close","robots":{"index":"index","follow":"follow","max-snippet":"max-snippet:-1","max-image-preview":"max-image-preview:large","max-video-preview":"max-video-preview:-1"},"canonical":"http:\/\/lechappeeclose.it\/it\/boutique\/livres\/litterature\/polars\/fauves\/","og_locale":"it_IT","og_type":"article","og_title":"Fauves - l&#039;\u00e9chapp\u00e9e close","og_description":"Tableaux de ma\u00eetres fauves, coups tordus et menaces de mort&#8230;Le commandant Fr\u00e9d\u00e9ric Vicaux de la brigade criminelle de Paris et son adjointe sont face \u00e0 un meurtre sordide : un homme a \u00e9t\u00e9 jet\u00e9 en p\u00e2ture aux cochons dans une ferme proche de la capitale. Il s\u2019agit d\u2019Ivan Katos, riche h\u00e9ritier et amateur d\u2019art.Alors que [&hellip;]","og_url":"http:\/\/lechappeeclose.it\/it\/boutique\/livres\/litterature\/polars\/fauves\/","og_site_name":"l&#039;\u00e9chapp\u00e9e close","og_image":[{"width":301,"height":500,"url":"http:\/\/lechappeeclose.it\/wp-content\/uploads\/2025\/01\/Fauves.jpg","type":"image\/jpeg"}],"twitter_card":"summary_large_image","twitter_misc":{"Tempo di lettura stimato":"2 minuti"},"schema":{"@context":"https:\/\/schema.org","@graph":[{"@type":"WebPage","@id":"http:\/\/lechappeeclose.it\/boutique\/livres\/litterature\/polars\/fauves\/","url":"http:\/\/lechappeeclose.it\/boutique\/livres\/litterature\/polars\/fauves\/","name":"Fauves - l&#039;\u00e9chapp\u00e9e close","isPartOf":{"@id":"http:\/\/lechappeeclose.it\/#website"},"primaryImageOfPage":{"@id":"http:\/\/lechappeeclose.it\/boutique\/livres\/litterature\/polars\/fauves\/#primaryimage"},"image":{"@id":"http:\/\/lechappeeclose.it\/boutique\/livres\/litterature\/polars\/fauves\/#primaryimage"},"thumbnailUrl":"http:\/\/lechappeeclose.it\/wp-content\/uploads\/2025\/01\/Fauves.jpg","datePublished":"2025-01-31T15:32:59+00:00","breadcrumb":{"@id":"http:\/\/lechappeeclose.it\/boutique\/livres\/litterature\/polars\/fauves\/#breadcrumb"},"inLanguage":"it-IT","potentialAction":[{"@type":"ReadAction","target":["http:\/\/lechappeeclose.it\/boutique\/livres\/litterature\/polars\/fauves\/"]}]},{"@type":"ImageObject","inLanguage":"it-IT","@id":"http:\/\/lechappeeclose.it\/boutique\/livres\/litterature\/polars\/fauves\/#primaryimage","url":"http:\/\/lechappeeclose.it\/wp-content\/uploads\/2025\/01\/Fauves.jpg","contentUrl":"http:\/\/lechappeeclose.it\/wp-content\/uploads\/2025\/01\/Fauves.jpg","width":301,"height":500},{"@type":"BreadcrumbList","@id":"http:\/\/lechappeeclose.it\/boutique\/livres\/litterature\/polars\/fauves\/#breadcrumb","itemListElement":[{"@type":"ListItem","position":1,"name":"Accueil","item":"http:\/\/lechappeeclose.it\/"},{"@type":"ListItem","position":2,"name":"Boutique","item":"http:\/\/lechappeeclose.it\/it\/boutique\/"},{"@type":"ListItem","position":3,"name":"Fauves"}]},{"@type":"WebSite","@id":"http:\/\/lechappeeclose.it\/#website","url":"http:\/\/lechappeeclose.it\/","name":"l&#039;\u00e9chapp\u00e9e close","description":"La libreria francese di Milano","publisher":{"@id":"http:\/\/lechappeeclose.it\/#organization"},"alternateName":"La librairie fran\u00e7aise de Milan","potentialAction":[{"@type":"SearchAction","target":{"@type":"EntryPoint","urlTemplate":"http:\/\/lechappeeclose.it\/?s={search_term_string}"},"query-input":{"@type":"PropertyValueSpecification","valueRequired":true,"valueName":"search_term_string"}}],"inLanguage":"it-IT"},{"@type":"Organization","@id":"http:\/\/lechappeeclose.it\/#organization","name":"l&#039;\u00e9chapp\u00e9e close","url":"http:\/\/lechappeeclose.it\/","logo":{"@type":"ImageObject","inLanguage":"it-IT","@id":"http:\/\/lechappeeclose.it\/#\/schema\/logo\/image\/","url":"http:\/\/lechappeeclose.it\/wp-content\/uploads\/2025\/02\/cropped-logo-rond.png","contentUrl":"http:\/\/lechappeeclose.it\/wp-content\/uploads\/2025\/02\/cropped-logo-rond.png","width":1080,"height":1080,"caption":"l&#039;\u00e9chapp\u00e9e close"},"image":{"@id":"http:\/\/lechappeeclose.it\/#\/schema\/logo\/image\/"},"sameAs":["https:\/\/www.instagram.com\/lechappeeclose\/"]}]}},"_links":{"self":[{"href":"http:\/\/lechappeeclose.it\/it\/wp-json\/wp\/v2\/product\/4178","targetHints":{"allow":["GET"]}}],"collection":[{"href":"http:\/\/lechappeeclose.it\/it\/wp-json\/wp\/v2\/product"}],"about":[{"href":"http:\/\/lechappeeclose.it\/it\/wp-json\/wp\/v2\/types\/product"}],"replies":[{"embeddable":true,"href":"http:\/\/lechappeeclose.it\/it\/wp-json\/wp\/v2\/comments?post=4178"}],"wp:featuredmedia":[{"embeddable":true,"href":"http:\/\/lechappeeclose.it\/it\/wp-json\/wp\/v2\/media\/4177"}],"wp:attachment":[{"href":"http:\/\/lechappeeclose.it\/it\/wp-json\/wp\/v2\/media?parent=4178"}],"wp:term":[{"taxonomy":"product_brand","embeddable":true,"href":"http:\/\/lechappeeclose.it\/it\/wp-json\/wp\/v2\/product_brand?post=4178"},{"taxonomy":"product_cat","embeddable":true,"href":"http:\/\/lechappeeclose.it\/it\/wp-json\/wp\/v2\/product_cat?post=4178"},{"taxonomy":"product_tag","embeddable":true,"href":"http:\/\/lechappeeclose.it\/it\/wp-json\/wp\/v2\/product_tag?post=4178"}],"curies":[{"name":"wp","href":"https:\/\/api.w.org\/{rel}","templated":true}]}}