{"id":4161,"date":"2025-01-31T16:28:53","date_gmt":"2025-01-31T15:28:53","guid":{"rendered":"https:\/\/lechappeeclose.it\/produit\/ils-sont-votre-epouvante-et-vous-etes-leur-crainte\/"},"modified":"2025-01-31T16:28:53","modified_gmt":"2025-01-31T15:28:53","slug":"ils-sont-votre-epouvante-et-vous-etes-leur-crainte","status":"publish","type":"product","link":"http:\/\/lechappeeclose.it\/it\/boutique\/livres\/litterature\/polars\/ils-sont-votre-epouvante-et-vous-etes-leur-crainte\/","title":{"rendered":"Ils sont votre \u00e9pouvante et vous \u00eates leur crainte"},"content":{"rendered":"<p>D\u00e9partement du 9-3, septembre 2005. Anna Doblinsky, une jeune dipl\u00f4m\u00e9e d&#8217;un IUFM, rejoint son premier poste au coll\u00e8ge Pierre-de-Ronsard \u00e0 Certigny. HLM, zone industrielle, trafics de drogue, bagarres entre bandes rivales et influence grandissante des salafistes, le d\u00e9cor n&#8217;est pas joyeux. D\u00e8s le premier jour, Anna est brutalement rappel\u00e9e \u00e0 sa jud\u00e9it\u00e9 par des \u00e9l\u00e8ves mus par un antis\u00e9mitisme banal et ordinaire. Lakdar Abdane, un jeune beur particuli\u00e8rement dou\u00e9, ne demanderait, lui, pas mieux que d&#8217;\u00e9tudier, mais n&#8217;y arrive pas depuis qu&#8217;il a perdu l&#8217;usage d&#8217;une main. Tout serait-il \u00e9crit ? Certes non, mais une fois enclench\u00e9es, il est des dynamiques qui ne s&#8217;arr\u00eatent pas ais\u00e9ment. Et la mort est au bout. Commenc\u00e9 bien avant les \u00e9meutes des banlieues et le meurtre d&#8217;Ilan Halimi, ce roman dit des territoires que la R\u00e9publique se doit de reprendre au plus vite \u00e0 la barbarie.<\/p>","protected":false},"excerpt":{"rendered":"<p>D\u00e9partement du 9-3, septembre 2005. Anna Doblinsky, une jeune dipl\u00f4m\u00e9e d&#8217;un IUFM, rejoint son premier poste au coll\u00e8ge Pierre-de-Ronsard \u00e0 Certigny. HLM, zone industrielle, trafics de drogue, bagarres entre bandes rivales et influence grandissante des salafistes, le d\u00e9cor n&#8217;est pas joyeux. D\u00e8s le premier jour, Anna est brutalement rappel\u00e9e \u00e0 sa jud\u00e9it\u00e9 par des \u00e9l\u00e8ves [&hellip;]<\/p>","protected":false},"featured_media":4160,"comment_status":"open","ping_status":"closed","template":"","meta":[],"product_brand":[],"product_cat":[47],"product_tag":[],"class_list":{"0":"post-4161","1":"product","2":"type-product","3":"status-publish","4":"has-post-thumbnail","6":"product_cat-polars","8":"first","9":"instock","10":"taxable","11":"shipping-taxable","12":"purchasable","13":"product-type-simple"},"yoast_head":"<!-- This site is optimized with the Yoast SEO plugin v27.4 - https:\/\/yoast.com\/product\/yoast-seo-wordpress\/ -->\n<title>Ils sont votre \u00e9pouvante et vous \u00eates leur crainte - l&#039;\u00e9chapp\u00e9e close<\/title>\n<meta name=\"robots\" content=\"index, follow, max-snippet:-1, max-image-preview:large, max-video-preview:-1\" \/>\n<link rel=\"canonical\" href=\"http:\/\/lechappeeclose.it\/it\/boutique\/livres\/litterature\/polars\/ils-sont-votre-epouvante-et-vous-etes-leur-crainte\/\" \/>\n<meta property=\"og:locale\" content=\"it_IT\" \/>\n<meta property=\"og:type\" content=\"article\" \/>\n<meta property=\"og:title\" content=\"Ils sont votre \u00e9pouvante et vous \u00eates leur crainte - l&#039;\u00e9chapp\u00e9e close\" \/>\n<meta property=\"og:description\" content=\"D\u00e9partement du 9-3, septembre 2005. Anna Doblinsky, une jeune dipl\u00f4m\u00e9e d&#8217;un IUFM, rejoint son premier poste au coll\u00e8ge Pierre-de-Ronsard \u00e0 Certigny. HLM, zone industrielle, trafics de drogue, bagarres entre bandes rivales et influence grandissante des salafistes, le d\u00e9cor n&#8217;est pas joyeux. D\u00e8s le premier jour, Anna est brutalement rappel\u00e9e \u00e0 sa jud\u00e9it\u00e9 par des \u00e9l\u00e8ves [&hellip;]\" \/>\n<meta property=\"og:url\" content=\"http:\/\/lechappeeclose.it\/it\/boutique\/livres\/litterature\/polars\/ils-sont-votre-epouvante-et-vous-etes-leur-crainte\/\" \/>\n<meta property=\"og:site_name\" content=\"l&#039;\u00e9chapp\u00e9e close\" \/>\n<meta property=\"og:image\" content=\"http:\/\/lechappeeclose.it\/wp-content\/uploads\/2025\/01\/Ils-sont-votre-epouvante-et-vous-etes-leur-crainte.jpg\" \/>\n\t<meta property=\"og:image:width\" content=\"303\" \/>\n\t<meta property=\"og:image:height\" content=\"500\" \/>\n\t<meta property=\"og:image:type\" content=\"image\/jpeg\" \/>\n<meta name=\"twitter:card\" content=\"summary_large_image\" \/>\n<meta name=\"twitter:label1\" content=\"Tempo di lettura stimato\" \/>\n\t<meta name=\"twitter:data1\" content=\"1 minuto\" \/>\n<script type=\"application\/ld+json\" class=\"yoast-schema-graph\">{\"@context\":\"https:\\\/\\\/schema.org\",\"@graph\":[{\"@type\":\"WebPage\",\"@id\":\"http:\\\/\\\/lechappeeclose.it\\\/it\\\/boutique\\\/livres\\\/litterature\\\/polars\\\/ils-sont-votre-epouvante-et-vous-etes-leur-crainte\\\/\",\"url\":\"http:\\\/\\\/lechappeeclose.it\\\/it\\\/boutique\\\/livres\\\/litterature\\\/polars\\\/ils-sont-votre-epouvante-et-vous-etes-leur-crainte\\\/\",\"name\":\"Ils sont votre \u00e9pouvante et vous \u00eates leur crainte - l&#039;\u00e9chapp\u00e9e close\",\"isPartOf\":{\"@id\":\"http:\\\/\\\/lechappeeclose.it\\\/#website\"},\"primaryImageOfPage\":{\"@id\":\"http:\\\/\\\/lechappeeclose.it\\\/it\\\/boutique\\\/livres\\\/litterature\\\/polars\\\/ils-sont-votre-epouvante-et-vous-etes-leur-crainte\\\/#primaryimage\"},\"image\":{\"@id\":\"http:\\\/\\\/lechappeeclose.it\\\/it\\\/boutique\\\/livres\\\/litterature\\\/polars\\\/ils-sont-votre-epouvante-et-vous-etes-leur-crainte\\\/#primaryimage\"},\"thumbnailUrl\":\"http:\\\/\\\/lechappeeclose.it\\\/wp-content\\\/uploads\\\/2025\\\/01\\\/Ils-sont-votre-epouvante-et-vous-etes-leur-crainte.jpg\",\"datePublished\":\"2025-01-31T15:28:53+00:00\",\"breadcrumb\":{\"@id\":\"http:\\\/\\\/lechappeeclose.it\\\/it\\\/boutique\\\/livres\\\/litterature\\\/polars\\\/ils-sont-votre-epouvante-et-vous-etes-leur-crainte\\\/#breadcrumb\"},\"inLanguage\":\"it-IT\",\"potentialAction\":[{\"@type\":\"ReadAction\",\"target\":[\"http:\\\/\\\/lechappeeclose.it\\\/it\\\/boutique\\\/livres\\\/litterature\\\/polars\\\/ils-sont-votre-epouvante-et-vous-etes-leur-crainte\\\/\"]}]},{\"@type\":\"ImageObject\",\"inLanguage\":\"it-IT\",\"@id\":\"http:\\\/\\\/lechappeeclose.it\\\/it\\\/boutique\\\/livres\\\/litterature\\\/polars\\\/ils-sont-votre-epouvante-et-vous-etes-leur-crainte\\\/#primaryimage\",\"url\":\"http:\\\/\\\/lechappeeclose.it\\\/wp-content\\\/uploads\\\/2025\\\/01\\\/Ils-sont-votre-epouvante-et-vous-etes-leur-crainte.jpg\",\"contentUrl\":\"http:\\\/\\\/lechappeeclose.it\\\/wp-content\\\/uploads\\\/2025\\\/01\\\/Ils-sont-votre-epouvante-et-vous-etes-leur-crainte.jpg\",\"width\":303,\"height\":500},{\"@type\":\"BreadcrumbList\",\"@id\":\"http:\\\/\\\/lechappeeclose.it\\\/it\\\/boutique\\\/livres\\\/litterature\\\/polars\\\/ils-sont-votre-epouvante-et-vous-etes-leur-crainte\\\/#breadcrumb\",\"itemListElement\":[{\"@type\":\"ListItem\",\"position\":1,\"name\":\"Accueil\",\"item\":\"http:\\\/\\\/lechappeeclose.it\\\/\"},{\"@type\":\"ListItem\",\"position\":2,\"name\":\"Boutique\",\"item\":\"http:\\\/\\\/lechappeeclose.it\\\/it\\\/boutique\\\/\"},{\"@type\":\"ListItem\",\"position\":3,\"name\":\"Ils sont votre \u00e9pouvante et vous \u00eates leur crainte\"}]},{\"@type\":\"WebSite\",\"@id\":\"http:\\\/\\\/lechappeeclose.it\\\/#website\",\"url\":\"http:\\\/\\\/lechappeeclose.it\\\/\",\"name\":\"l&#039;\u00e9chapp\u00e9e close\",\"description\":\"la librairie fran\u00e7aise de Milan\",\"publisher\":{\"@id\":\"http:\\\/\\\/lechappeeclose.it\\\/#organization\"},\"alternateName\":\"La librairie fran\u00e7aise de Milan\",\"potentialAction\":[{\"@type\":\"SearchAction\",\"target\":{\"@type\":\"EntryPoint\",\"urlTemplate\":\"http:\\\/\\\/lechappeeclose.it\\\/?s={search_term_string}\"},\"query-input\":{\"@type\":\"PropertyValueSpecification\",\"valueRequired\":true,\"valueName\":\"search_term_string\"}}],\"inLanguage\":\"it-IT\"},{\"@type\":\"Organization\",\"@id\":\"http:\\\/\\\/lechappeeclose.it\\\/#organization\",\"name\":\"l&#039;\u00e9chapp\u00e9e close\",\"url\":\"http:\\\/\\\/lechappeeclose.it\\\/\",\"logo\":{\"@type\":\"ImageObject\",\"inLanguage\":\"it-IT\",\"@id\":\"http:\\\/\\\/lechappeeclose.it\\\/#\\\/schema\\\/logo\\\/image\\\/\",\"url\":\"http:\\\/\\\/lechappeeclose.it\\\/wp-content\\\/uploads\\\/2025\\\/02\\\/cropped-logo-rond.png\",\"contentUrl\":\"http:\\\/\\\/lechappeeclose.it\\\/wp-content\\\/uploads\\\/2025\\\/02\\\/cropped-logo-rond.png\",\"width\":1080,\"height\":1080,\"caption\":\"l&#039;\u00e9chapp\u00e9e close\"},\"image\":{\"@id\":\"http:\\\/\\\/lechappeeclose.it\\\/#\\\/schema\\\/logo\\\/image\\\/\"},\"sameAs\":[\"https:\\\/\\\/www.instagram.com\\\/lechappeeclose\\\/\"]}]}<\/script>\n<!-- \/ Yoast SEO plugin. -->","yoast_head_json":{"title":"Ils sont votre \u00e9pouvante et vous \u00eates leur crainte - l&#039;\u00e9chapp\u00e9e close","robots":{"index":"index","follow":"follow","max-snippet":"max-snippet:-1","max-image-preview":"max-image-preview:large","max-video-preview":"max-video-preview:-1"},"canonical":"http:\/\/lechappeeclose.it\/it\/boutique\/livres\/litterature\/polars\/ils-sont-votre-epouvante-et-vous-etes-leur-crainte\/","og_locale":"it_IT","og_type":"article","og_title":"Ils sont votre \u00e9pouvante et vous \u00eates leur crainte - l&#039;\u00e9chapp\u00e9e close","og_description":"D\u00e9partement du 9-3, septembre 2005. Anna Doblinsky, une jeune dipl\u00f4m\u00e9e d&#8217;un IUFM, rejoint son premier poste au coll\u00e8ge Pierre-de-Ronsard \u00e0 Certigny. HLM, zone industrielle, trafics de drogue, bagarres entre bandes rivales et influence grandissante des salafistes, le d\u00e9cor n&#8217;est pas joyeux. D\u00e8s le premier jour, Anna est brutalement rappel\u00e9e \u00e0 sa jud\u00e9it\u00e9 par des \u00e9l\u00e8ves [&hellip;]","og_url":"http:\/\/lechappeeclose.it\/it\/boutique\/livres\/litterature\/polars\/ils-sont-votre-epouvante-et-vous-etes-leur-crainte\/","og_site_name":"l&#039;\u00e9chapp\u00e9e close","og_image":[{"width":303,"height":500,"url":"http:\/\/lechappeeclose.it\/wp-content\/uploads\/2025\/01\/Ils-sont-votre-epouvante-et-vous-etes-leur-crainte.jpg","type":"image\/jpeg"}],"twitter_card":"summary_large_image","twitter_misc":{"Tempo di lettura stimato":"1 minuto"},"schema":{"@context":"https:\/\/schema.org","@graph":[{"@type":"WebPage","@id":"http:\/\/lechappeeclose.it\/it\/boutique\/livres\/litterature\/polars\/ils-sont-votre-epouvante-et-vous-etes-leur-crainte\/","url":"http:\/\/lechappeeclose.it\/it\/boutique\/livres\/litterature\/polars\/ils-sont-votre-epouvante-et-vous-etes-leur-crainte\/","name":"Ils sont votre \u00e9pouvante et vous \u00eates leur crainte - l&#039;\u00e9chapp\u00e9e close","isPartOf":{"@id":"http:\/\/lechappeeclose.it\/#website"},"primaryImageOfPage":{"@id":"http:\/\/lechappeeclose.it\/it\/boutique\/livres\/litterature\/polars\/ils-sont-votre-epouvante-et-vous-etes-leur-crainte\/#primaryimage"},"image":{"@id":"http:\/\/lechappeeclose.it\/it\/boutique\/livres\/litterature\/polars\/ils-sont-votre-epouvante-et-vous-etes-leur-crainte\/#primaryimage"},"thumbnailUrl":"http:\/\/lechappeeclose.it\/wp-content\/uploads\/2025\/01\/Ils-sont-votre-epouvante-et-vous-etes-leur-crainte.jpg","datePublished":"2025-01-31T15:28:53+00:00","breadcrumb":{"@id":"http:\/\/lechappeeclose.it\/it\/boutique\/livres\/litterature\/polars\/ils-sont-votre-epouvante-et-vous-etes-leur-crainte\/#breadcrumb"},"inLanguage":"it-IT","potentialAction":[{"@type":"ReadAction","target":["http:\/\/lechappeeclose.it\/it\/boutique\/livres\/litterature\/polars\/ils-sont-votre-epouvante-et-vous-etes-leur-crainte\/"]}]},{"@type":"ImageObject","inLanguage":"it-IT","@id":"http:\/\/lechappeeclose.it\/it\/boutique\/livres\/litterature\/polars\/ils-sont-votre-epouvante-et-vous-etes-leur-crainte\/#primaryimage","url":"http:\/\/lechappeeclose.it\/wp-content\/uploads\/2025\/01\/Ils-sont-votre-epouvante-et-vous-etes-leur-crainte.jpg","contentUrl":"http:\/\/lechappeeclose.it\/wp-content\/uploads\/2025\/01\/Ils-sont-votre-epouvante-et-vous-etes-leur-crainte.jpg","width":303,"height":500},{"@type":"BreadcrumbList","@id":"http:\/\/lechappeeclose.it\/it\/boutique\/livres\/litterature\/polars\/ils-sont-votre-epouvante-et-vous-etes-leur-crainte\/#breadcrumb","itemListElement":[{"@type":"ListItem","position":1,"name":"Accueil","item":"http:\/\/lechappeeclose.it\/"},{"@type":"ListItem","position":2,"name":"Boutique","item":"http:\/\/lechappeeclose.it\/it\/boutique\/"},{"@type":"ListItem","position":3,"name":"Ils sont votre \u00e9pouvante et vous \u00eates leur crainte"}]},{"@type":"WebSite","@id":"http:\/\/lechappeeclose.it\/#website","url":"http:\/\/lechappeeclose.it\/","name":"l&#039;\u00e9chapp\u00e9e close","description":"La libreria francese di Milano","publisher":{"@id":"http:\/\/lechappeeclose.it\/#organization"},"alternateName":"La librairie fran\u00e7aise de Milan","potentialAction":[{"@type":"SearchAction","target":{"@type":"EntryPoint","urlTemplate":"http:\/\/lechappeeclose.it\/?s={search_term_string}"},"query-input":{"@type":"PropertyValueSpecification","valueRequired":true,"valueName":"search_term_string"}}],"inLanguage":"it-IT"},{"@type":"Organization","@id":"http:\/\/lechappeeclose.it\/#organization","name":"l&#039;\u00e9chapp\u00e9e close","url":"http:\/\/lechappeeclose.it\/","logo":{"@type":"ImageObject","inLanguage":"it-IT","@id":"http:\/\/lechappeeclose.it\/#\/schema\/logo\/image\/","url":"http:\/\/lechappeeclose.it\/wp-content\/uploads\/2025\/02\/cropped-logo-rond.png","contentUrl":"http:\/\/lechappeeclose.it\/wp-content\/uploads\/2025\/02\/cropped-logo-rond.png","width":1080,"height":1080,"caption":"l&#039;\u00e9chapp\u00e9e close"},"image":{"@id":"http:\/\/lechappeeclose.it\/#\/schema\/logo\/image\/"},"sameAs":["https:\/\/www.instagram.com\/lechappeeclose\/"]}]}},"_links":{"self":[{"href":"http:\/\/lechappeeclose.it\/it\/wp-json\/wp\/v2\/product\/4161","targetHints":{"allow":["GET"]}}],"collection":[{"href":"http:\/\/lechappeeclose.it\/it\/wp-json\/wp\/v2\/product"}],"about":[{"href":"http:\/\/lechappeeclose.it\/it\/wp-json\/wp\/v2\/types\/product"}],"replies":[{"embeddable":true,"href":"http:\/\/lechappeeclose.it\/it\/wp-json\/wp\/v2\/comments?post=4161"}],"wp:featuredmedia":[{"embeddable":true,"href":"http:\/\/lechappeeclose.it\/it\/wp-json\/wp\/v2\/media\/4160"}],"wp:attachment":[{"href":"http:\/\/lechappeeclose.it\/it\/wp-json\/wp\/v2\/media?parent=4161"}],"wp:term":[{"taxonomy":"product_brand","embeddable":true,"href":"http:\/\/lechappeeclose.it\/it\/wp-json\/wp\/v2\/product_brand?post=4161"},{"taxonomy":"product_cat","embeddable":true,"href":"http:\/\/lechappeeclose.it\/it\/wp-json\/wp\/v2\/product_cat?post=4161"},{"taxonomy":"product_tag","embeddable":true,"href":"http:\/\/lechappeeclose.it\/it\/wp-json\/wp\/v2\/product_tag?post=4161"}],"curies":[{"name":"wp","href":"https:\/\/api.w.org\/{rel}","templated":true}]}}