{"id":4025,"date":"2025-01-31T11:25:33","date_gmt":"2025-01-31T10:25:33","guid":{"rendered":"https:\/\/lechappeeclose.it\/produit\/quelquun-dautre\/"},"modified":"2025-10-17T18:48:02","modified_gmt":"2025-10-17T16:48:02","slug":"quelquun-dautre","status":"publish","type":"product","link":"http:\/\/lechappeeclose.it\/it\/boutique\/livres\/litterature\/polars\/quelquun-dautre\/","title":{"rendered":"Quelqu&#8217;un d&#8217;autre"},"content":{"rendered":"<p>\u00ab Il y a trois v\u00e9rit\u00e9s\u00a0 :\u00a0 ma v\u00e9rit\u00e9, ta v\u00e9rit\u00e9, la v\u00e9rit\u00e9. \u00bbC\u00f4te d&#8217;Azur &#8211; Printemps 2023Au large de Cannes, un yacht d\u00e9rive entre les \u00eeles de L\u00e9rins. \u00c0 son bord repose Oriana Di Pietro, \u00e9ditrice italienne et h\u00e9riti\u00e8re d&#8217;une c\u00e9l\u00e8bre famille milanaise. Agress\u00e9e sauvagement, elle succombera apr\u00e8s dix jours de coma. Qui a tu\u00e9 Oriana ? Un homme et trois femmes livrent leur version de l&#8217;histoire : Adrien, le mari de la victime, pianiste de jazz s\u00e9duisant et myst\u00e9rieux ; l&#8217;insaisissable Ad\u00e8le, sa jeune ma\u00eetresse ; Justine, la polici\u00e8re locale charg\u00e9e de l&#8217;enqu\u00eate et Oriana enfin, \u00e0 travers le r\u00e9cit bouleversant des derni\u00e8res semaines de sa vie. Personne ne ment. Mais personne n&#8217;est d&#8217;accord sur la v\u00e9rit\u00e9&#8230;<\/p>","protected":false},"excerpt":{"rendered":"<p>\u00ab Il y a trois v\u00e9rit\u00e9s\u00a0 :\u00a0 ma v\u00e9rit\u00e9, ta v\u00e9rit\u00e9, la v\u00e9rit\u00e9. \u00bbC\u00f4te d&#8217;Azur &#8211; Printemps 2023Au large de Cannes, un yacht d\u00e9rive entre les \u00eeles de L\u00e9rins. \u00c0 son bord repose Oriana Di Pietro, \u00e9ditrice italienne et h\u00e9riti\u00e8re d&#8217;une c\u00e9l\u00e8bre famille milanaise. Agress\u00e9e sauvagement, elle succombera apr\u00e8s dix jours de coma. Qui a [&hellip;]<\/p>","protected":false},"featured_media":4024,"comment_status":"open","ping_status":"closed","template":"","meta":[],"product_brand":[],"product_cat":[47],"product_tag":[],"class_list":{"0":"post-4025","1":"product","2":"type-product","3":"status-publish","4":"has-post-thumbnail","6":"product_cat-polars","8":"first","9":"instock","10":"taxable","11":"shipping-taxable","12":"purchasable","13":"product-type-simple"},"yoast_head":"<!-- This site is optimized with the Yoast SEO plugin v27.3 - https:\/\/yoast.com\/product\/yoast-seo-wordpress\/ -->\n<title>Quelqu&#039;un d&#039;autre - l&#039;\u00e9chapp\u00e9e close<\/title>\n<meta name=\"robots\" content=\"index, follow, max-snippet:-1, max-image-preview:large, max-video-preview:-1\" \/>\n<link rel=\"canonical\" href=\"http:\/\/lechappeeclose.it\/it\/boutique\/livres\/litterature\/polars\/quelquun-dautre\/\" \/>\n<meta property=\"og:locale\" content=\"it_IT\" \/>\n<meta property=\"og:type\" content=\"article\" \/>\n<meta property=\"og:title\" content=\"Quelqu&#039;un d&#039;autre - l&#039;\u00e9chapp\u00e9e close\" \/>\n<meta property=\"og:description\" content=\"\u00ab Il y a trois v\u00e9rit\u00e9s\u00a0 :\u00a0 ma v\u00e9rit\u00e9, ta v\u00e9rit\u00e9, la v\u00e9rit\u00e9. \u00bbC\u00f4te d&#8217;Azur &#8211; Printemps 2023Au large de Cannes, un yacht d\u00e9rive entre les \u00eeles de L\u00e9rins. \u00c0 son bord repose Oriana Di Pietro, \u00e9ditrice italienne et h\u00e9riti\u00e8re d&#8217;une c\u00e9l\u00e8bre famille milanaise. Agress\u00e9e sauvagement, elle succombera apr\u00e8s dix jours de coma. Qui a [&hellip;]\" \/>\n<meta property=\"og:url\" content=\"http:\/\/lechappeeclose.it\/it\/boutique\/livres\/litterature\/polars\/quelquun-dautre\/\" \/>\n<meta property=\"og:site_name\" content=\"l&#039;\u00e9chapp\u00e9e close\" \/>\n<meta property=\"article:modified_time\" content=\"2025-10-17T16:48:02+00:00\" \/>\n<meta property=\"og:image\" content=\"http:\/\/lechappeeclose.it\/wp-content\/uploads\/2025\/01\/Quelquun-dautre.jpg\" \/>\n\t<meta property=\"og:image:width\" content=\"320\" \/>\n\t<meta property=\"og:image:height\" content=\"445\" \/>\n\t<meta property=\"og:image:type\" content=\"image\/jpeg\" \/>\n<meta name=\"twitter:card\" content=\"summary_large_image\" \/>\n<meta name=\"twitter:label1\" content=\"Tempo di lettura stimato\" \/>\n\t<meta name=\"twitter:data1\" content=\"1 minuto\" \/>\n<script type=\"application\/ld+json\" class=\"yoast-schema-graph\">{\"@context\":\"https:\\\/\\\/schema.org\",\"@graph\":[{\"@type\":\"WebPage\",\"@id\":\"http:\\\/\\\/lechappeeclose.it\\\/boutique\\\/livres\\\/litterature\\\/polars\\\/quelquun-dautre\\\/\",\"url\":\"http:\\\/\\\/lechappeeclose.it\\\/boutique\\\/livres\\\/litterature\\\/polars\\\/quelquun-dautre\\\/\",\"name\":\"Quelqu'un d'autre - l&#039;\u00e9chapp\u00e9e close\",\"isPartOf\":{\"@id\":\"https:\\\/\\\/lechappeeclose.it\\\/#website\"},\"primaryImageOfPage\":{\"@id\":\"http:\\\/\\\/lechappeeclose.it\\\/boutique\\\/livres\\\/litterature\\\/polars\\\/quelquun-dautre\\\/#primaryimage\"},\"image\":{\"@id\":\"http:\\\/\\\/lechappeeclose.it\\\/boutique\\\/livres\\\/litterature\\\/polars\\\/quelquun-dautre\\\/#primaryimage\"},\"thumbnailUrl\":\"http:\\\/\\\/lechappeeclose.it\\\/wp-content\\\/uploads\\\/2025\\\/01\\\/Quelquun-dautre.jpg\",\"datePublished\":\"2025-01-31T10:25:33+00:00\",\"dateModified\":\"2025-10-17T16:48:02+00:00\",\"breadcrumb\":{\"@id\":\"http:\\\/\\\/lechappeeclose.it\\\/boutique\\\/livres\\\/litterature\\\/polars\\\/quelquun-dautre\\\/#breadcrumb\"},\"inLanguage\":\"it-IT\",\"potentialAction\":[{\"@type\":\"ReadAction\",\"target\":[\"http:\\\/\\\/lechappeeclose.it\\\/boutique\\\/livres\\\/litterature\\\/polars\\\/quelquun-dautre\\\/\"]}]},{\"@type\":\"ImageObject\",\"inLanguage\":\"it-IT\",\"@id\":\"http:\\\/\\\/lechappeeclose.it\\\/boutique\\\/livres\\\/litterature\\\/polars\\\/quelquun-dautre\\\/#primaryimage\",\"url\":\"http:\\\/\\\/lechappeeclose.it\\\/wp-content\\\/uploads\\\/2025\\\/01\\\/Quelquun-dautre.jpg\",\"contentUrl\":\"http:\\\/\\\/lechappeeclose.it\\\/wp-content\\\/uploads\\\/2025\\\/01\\\/Quelquun-dautre.jpg\",\"width\":320,\"height\":445},{\"@type\":\"BreadcrumbList\",\"@id\":\"http:\\\/\\\/lechappeeclose.it\\\/boutique\\\/livres\\\/litterature\\\/polars\\\/quelquun-dautre\\\/#breadcrumb\",\"itemListElement\":[{\"@type\":\"ListItem\",\"position\":1,\"name\":\"Accueil\",\"item\":\"https:\\\/\\\/lechappeeclose.it\\\/\"},{\"@type\":\"ListItem\",\"position\":2,\"name\":\"Boutique\",\"item\":\"https:\\\/\\\/lechappeeclose.it\\\/boutique\\\/\"},{\"@type\":\"ListItem\",\"position\":3,\"name\":\"Quelqu&#8217;un d&#8217;autre\"}]},{\"@type\":\"WebSite\",\"@id\":\"https:\\\/\\\/lechappeeclose.it\\\/#website\",\"url\":\"https:\\\/\\\/lechappeeclose.it\\\/\",\"name\":\"l&#039;\u00e9chapp\u00e9e close\",\"description\":\"la librairie fran\u00e7aise de Milan\",\"publisher\":{\"@id\":\"https:\\\/\\\/lechappeeclose.it\\\/#organization\"},\"alternateName\":\"La librairie fran\u00e7aise de Milan\",\"potentialAction\":[{\"@type\":\"SearchAction\",\"target\":{\"@type\":\"EntryPoint\",\"urlTemplate\":\"https:\\\/\\\/lechappeeclose.it\\\/?s={search_term_string}\"},\"query-input\":{\"@type\":\"PropertyValueSpecification\",\"valueRequired\":true,\"valueName\":\"search_term_string\"}}],\"inLanguage\":\"it-IT\"},{\"@type\":\"Organization\",\"@id\":\"https:\\\/\\\/lechappeeclose.it\\\/#organization\",\"name\":\"l&#039;\u00e9chapp\u00e9e close\",\"url\":\"https:\\\/\\\/lechappeeclose.it\\\/\",\"logo\":{\"@type\":\"ImageObject\",\"inLanguage\":\"it-IT\",\"@id\":\"https:\\\/\\\/lechappeeclose.it\\\/#\\\/schema\\\/logo\\\/image\\\/\",\"url\":\"http:\\\/\\\/lechappeeclose.it\\\/wp-content\\\/uploads\\\/2025\\\/02\\\/cropped-logo-rond.png\",\"contentUrl\":\"http:\\\/\\\/lechappeeclose.it\\\/wp-content\\\/uploads\\\/2025\\\/02\\\/cropped-logo-rond.png\",\"width\":1080,\"height\":1080,\"caption\":\"l&#039;\u00e9chapp\u00e9e close\"},\"image\":{\"@id\":\"https:\\\/\\\/lechappeeclose.it\\\/#\\\/schema\\\/logo\\\/image\\\/\"},\"sameAs\":[\"https:\\\/\\\/www.instagram.com\\\/lechappeeclose\\\/\"]}]}<\/script>\n<!-- \/ Yoast SEO plugin. -->","yoast_head_json":{"title":"Quelqu'un d'autre - l&#039;\u00e9chapp\u00e9e close","robots":{"index":"index","follow":"follow","max-snippet":"max-snippet:-1","max-image-preview":"max-image-preview:large","max-video-preview":"max-video-preview:-1"},"canonical":"http:\/\/lechappeeclose.it\/it\/boutique\/livres\/litterature\/polars\/quelquun-dautre\/","og_locale":"it_IT","og_type":"article","og_title":"Quelqu'un d'autre - l&#039;\u00e9chapp\u00e9e close","og_description":"\u00ab Il y a trois v\u00e9rit\u00e9s\u00a0 :\u00a0 ma v\u00e9rit\u00e9, ta v\u00e9rit\u00e9, la v\u00e9rit\u00e9. \u00bbC\u00f4te d&#8217;Azur &#8211; Printemps 2023Au large de Cannes, un yacht d\u00e9rive entre les \u00eeles de L\u00e9rins. \u00c0 son bord repose Oriana Di Pietro, \u00e9ditrice italienne et h\u00e9riti\u00e8re d&#8217;une c\u00e9l\u00e8bre famille milanaise. Agress\u00e9e sauvagement, elle succombera apr\u00e8s dix jours de coma. Qui a [&hellip;]","og_url":"http:\/\/lechappeeclose.it\/it\/boutique\/livres\/litterature\/polars\/quelquun-dautre\/","og_site_name":"l&#039;\u00e9chapp\u00e9e close","article_modified_time":"2025-10-17T16:48:02+00:00","og_image":[{"width":320,"height":445,"url":"http:\/\/lechappeeclose.it\/wp-content\/uploads\/2025\/01\/Quelquun-dautre.jpg","type":"image\/jpeg"}],"twitter_card":"summary_large_image","twitter_misc":{"Tempo di lettura stimato":"1 minuto"},"schema":{"@context":"https:\/\/schema.org","@graph":[{"@type":"WebPage","@id":"http:\/\/lechappeeclose.it\/boutique\/livres\/litterature\/polars\/quelquun-dautre\/","url":"http:\/\/lechappeeclose.it\/boutique\/livres\/litterature\/polars\/quelquun-dautre\/","name":"Quelqu'un d'autre - l&#039;\u00e9chapp\u00e9e close","isPartOf":{"@id":"https:\/\/lechappeeclose.it\/#website"},"primaryImageOfPage":{"@id":"http:\/\/lechappeeclose.it\/boutique\/livres\/litterature\/polars\/quelquun-dautre\/#primaryimage"},"image":{"@id":"http:\/\/lechappeeclose.it\/boutique\/livres\/litterature\/polars\/quelquun-dautre\/#primaryimage"},"thumbnailUrl":"http:\/\/lechappeeclose.it\/wp-content\/uploads\/2025\/01\/Quelquun-dautre.jpg","datePublished":"2025-01-31T10:25:33+00:00","dateModified":"2025-10-17T16:48:02+00:00","breadcrumb":{"@id":"http:\/\/lechappeeclose.it\/boutique\/livres\/litterature\/polars\/quelquun-dautre\/#breadcrumb"},"inLanguage":"it-IT","potentialAction":[{"@type":"ReadAction","target":["http:\/\/lechappeeclose.it\/boutique\/livres\/litterature\/polars\/quelquun-dautre\/"]}]},{"@type":"ImageObject","inLanguage":"it-IT","@id":"http:\/\/lechappeeclose.it\/boutique\/livres\/litterature\/polars\/quelquun-dautre\/#primaryimage","url":"http:\/\/lechappeeclose.it\/wp-content\/uploads\/2025\/01\/Quelquun-dautre.jpg","contentUrl":"http:\/\/lechappeeclose.it\/wp-content\/uploads\/2025\/01\/Quelquun-dautre.jpg","width":320,"height":445},{"@type":"BreadcrumbList","@id":"http:\/\/lechappeeclose.it\/boutique\/livres\/litterature\/polars\/quelquun-dautre\/#breadcrumb","itemListElement":[{"@type":"ListItem","position":1,"name":"Accueil","item":"https:\/\/lechappeeclose.it\/"},{"@type":"ListItem","position":2,"name":"Boutique","item":"https:\/\/lechappeeclose.it\/boutique\/"},{"@type":"ListItem","position":3,"name":"Quelqu&#8217;un d&#8217;autre"}]},{"@type":"WebSite","@id":"https:\/\/lechappeeclose.it\/#website","url":"https:\/\/lechappeeclose.it\/","name":"l&#039;\u00e9chapp\u00e9e close","description":"La libreria francese di Milano","publisher":{"@id":"https:\/\/lechappeeclose.it\/#organization"},"alternateName":"La librairie fran\u00e7aise de Milan","potentialAction":[{"@type":"SearchAction","target":{"@type":"EntryPoint","urlTemplate":"https:\/\/lechappeeclose.it\/?s={search_term_string}"},"query-input":{"@type":"PropertyValueSpecification","valueRequired":true,"valueName":"search_term_string"}}],"inLanguage":"it-IT"},{"@type":"Organization","@id":"https:\/\/lechappeeclose.it\/#organization","name":"l&#039;\u00e9chapp\u00e9e close","url":"https:\/\/lechappeeclose.it\/","logo":{"@type":"ImageObject","inLanguage":"it-IT","@id":"https:\/\/lechappeeclose.it\/#\/schema\/logo\/image\/","url":"http:\/\/lechappeeclose.it\/wp-content\/uploads\/2025\/02\/cropped-logo-rond.png","contentUrl":"http:\/\/lechappeeclose.it\/wp-content\/uploads\/2025\/02\/cropped-logo-rond.png","width":1080,"height":1080,"caption":"l&#039;\u00e9chapp\u00e9e close"},"image":{"@id":"https:\/\/lechappeeclose.it\/#\/schema\/logo\/image\/"},"sameAs":["https:\/\/www.instagram.com\/lechappeeclose\/"]}]}},"_links":{"self":[{"href":"http:\/\/lechappeeclose.it\/it\/wp-json\/wp\/v2\/product\/4025","targetHints":{"allow":["GET"]}}],"collection":[{"href":"http:\/\/lechappeeclose.it\/it\/wp-json\/wp\/v2\/product"}],"about":[{"href":"http:\/\/lechappeeclose.it\/it\/wp-json\/wp\/v2\/types\/product"}],"replies":[{"embeddable":true,"href":"http:\/\/lechappeeclose.it\/it\/wp-json\/wp\/v2\/comments?post=4025"}],"wp:featuredmedia":[{"embeddable":true,"href":"http:\/\/lechappeeclose.it\/it\/wp-json\/wp\/v2\/media\/4024"}],"wp:attachment":[{"href":"http:\/\/lechappeeclose.it\/it\/wp-json\/wp\/v2\/media?parent=4025"}],"wp:term":[{"taxonomy":"product_brand","embeddable":true,"href":"http:\/\/lechappeeclose.it\/it\/wp-json\/wp\/v2\/product_brand?post=4025"},{"taxonomy":"product_cat","embeddable":true,"href":"http:\/\/lechappeeclose.it\/it\/wp-json\/wp\/v2\/product_cat?post=4025"},{"taxonomy":"product_tag","embeddable":true,"href":"http:\/\/lechappeeclose.it\/it\/wp-json\/wp\/v2\/product_tag?post=4025"}],"curies":[{"name":"wp","href":"https:\/\/api.w.org\/{rel}","templated":true}]}}