{"id":3984,"date":"2025-01-31T11:13:12","date_gmt":"2025-01-31T10:13:12","guid":{"rendered":"https:\/\/lechappeeclose.it\/produit\/la-muse-rouge\/"},"modified":"2025-01-31T11:13:12","modified_gmt":"2025-01-31T10:13:12","slug":"la-muse-rouge","status":"publish","type":"product","link":"http:\/\/lechappeeclose.it\/it\/boutique\/livres\/litterature\/polars\/la-muse-rouge\/","title":{"rendered":"La muse rouge"},"content":{"rendered":"<p>&#8220;Paris 1920. \u00c0 son retour des tranch\u00e9es, Victor Dessange, ancien de la Mondaine, int\u00e8gre la brigade Criminelle. L\u2019ambiance \u00e0 la capitale est \u00e9lectrique \u2013 entre gr\u00e8ves \u00e0 r\u00e9p\u00e9tition et affrontements entre communistes et anarchistes d\u2019un c\u00f4t\u00e9 et royalistes de l\u2019Action fran\u00e7aise de l\u2019autre. Des clandestins de l\u2019Internationale affluent de partout, tandis que les empires coloniaux se fissurent. Dans un tel contexte, les meurtres successifs de plusieurs prostitu\u00e9es peinent \u00e0 appara\u00eetre comme des affaires prioritaires. Jusqu\u2019\u00e0 ce que ce soit non plus une belle-de-nuit, mais un client, repr\u00e9sentant officiel de la R\u00e9publique de Chine, qui trouve la mort dans une maison close. Charg\u00e9 de l\u2019enqu\u00eate, Victor tente de d\u00e9m\u00ealer un \u00e9cheveau qui le m\u00e8nera d\u2019une colonie p\u00e9nitentiaire pour enfants en Bretagne \u00e0 l\u2019attaque d\u2019un convoi d\u2019or au Maroc, dont ni les coupables ni le butin n\u2019ont jamais \u00e9t\u00e9 retrouv\u00e9s. M\u00e8re de quatre enfants et professeur de lettres pendant quarante ans, V\u00e9ronique de Haas a toujours \u00e9t\u00e9 passionn\u00e9e par l\u2019histoire du XXe si\u00e8cle, et particuli\u00e8rement par la p\u00e9riode de l\u2019entre-deux guerres. Elle consid\u00e8re que l\u2019enqu\u00eate polici\u00e8re et l\u2019univers de la police sont des filtres efficaces pour observer et comprendre les multiples facettes de la soci\u00e9t\u00e9. La Muse rouge est n\u00e9e de cette d\u00e9marche&#8221;&#8211; Page [4] of cover.<\/p>","protected":false},"excerpt":{"rendered":"<p>&#8220;Paris 1920. \u00c0 son retour des tranch\u00e9es, Victor Dessange, ancien de la Mondaine, int\u00e8gre la brigade Criminelle. L\u2019ambiance \u00e0 la capitale est \u00e9lectrique \u2013 entre gr\u00e8ves \u00e0 r\u00e9p\u00e9tition et affrontements entre communistes et anarchistes d\u2019un c\u00f4t\u00e9 et royalistes de l\u2019Action fran\u00e7aise de l\u2019autre. Des clandestins de l\u2019Internationale affluent de partout, tandis que les empires coloniaux [&hellip;]<\/p>","protected":false},"featured_media":3983,"comment_status":"open","ping_status":"closed","template":"","meta":[],"product_brand":[],"product_cat":[47],"product_tag":[],"class_list":{"0":"post-3984","1":"product","2":"type-product","3":"status-publish","4":"has-post-thumbnail","6":"product_cat-polars","8":"first","9":"instock","10":"taxable","11":"shipping-taxable","12":"purchasable","13":"product-type-simple"},"yoast_head":"<!-- This site is optimized with the Yoast SEO plugin v27.4 - https:\/\/yoast.com\/product\/yoast-seo-wordpress\/ -->\n<title>La muse rouge - l&#039;\u00e9chapp\u00e9e close<\/title>\n<meta name=\"robots\" content=\"index, follow, max-snippet:-1, max-image-preview:large, max-video-preview:-1\" \/>\n<link rel=\"canonical\" href=\"https:\/\/lechappeeclose.it\/it\/boutique\/livres\/litterature\/polars\/la-muse-rouge\/\" \/>\n<meta property=\"og:locale\" content=\"it_IT\" \/>\n<meta property=\"og:type\" content=\"article\" \/>\n<meta property=\"og:title\" content=\"La muse rouge - l&#039;\u00e9chapp\u00e9e close\" \/>\n<meta property=\"og:description\" content=\"&#8220;Paris 1920. \u00c0 son retour des tranch\u00e9es, Victor Dessange, ancien de la Mondaine, int\u00e8gre la brigade Criminelle. L\u2019ambiance \u00e0 la capitale est \u00e9lectrique \u2013 entre gr\u00e8ves \u00e0 r\u00e9p\u00e9tition et affrontements entre communistes et anarchistes d\u2019un c\u00f4t\u00e9 et royalistes de l\u2019Action fran\u00e7aise de l\u2019autre. Des clandestins de l\u2019Internationale affluent de partout, tandis que les empires coloniaux [&hellip;]\" \/>\n<meta property=\"og:url\" content=\"https:\/\/lechappeeclose.it\/it\/boutique\/livres\/litterature\/polars\/la-muse-rouge\/\" \/>\n<meta property=\"og:site_name\" content=\"l&#039;\u00e9chapp\u00e9e close\" \/>\n<meta property=\"og:image\" content=\"https:\/\/lechappeeclose.it\/wp-content\/uploads\/2025\/01\/La-muse-rouge.jpg\" \/>\n\t<meta property=\"og:image:width\" content=\"500\" \/>\n\t<meta property=\"og:image:height\" content=\"803\" \/>\n\t<meta property=\"og:image:type\" content=\"image\/jpeg\" \/>\n<meta name=\"twitter:card\" content=\"summary_large_image\" \/>\n<meta name=\"twitter:label1\" content=\"Tempo di lettura stimato\" \/>\n\t<meta name=\"twitter:data1\" content=\"1 minuto\" \/>\n<script type=\"application\/ld+json\" class=\"yoast-schema-graph\">{\"@context\":\"https:\\\/\\\/schema.org\",\"@graph\":[{\"@type\":\"WebPage\",\"@id\":\"https:\\\/\\\/lechappeeclose.it\\\/it\\\/boutique\\\/livres\\\/litterature\\\/polars\\\/la-muse-rouge\\\/\",\"url\":\"https:\\\/\\\/lechappeeclose.it\\\/it\\\/boutique\\\/livres\\\/litterature\\\/polars\\\/la-muse-rouge\\\/\",\"name\":\"La muse rouge - l&#039;\u00e9chapp\u00e9e close\",\"isPartOf\":{\"@id\":\"http:\\\/\\\/lechappeeclose.it\\\/#website\"},\"primaryImageOfPage\":{\"@id\":\"https:\\\/\\\/lechappeeclose.it\\\/it\\\/boutique\\\/livres\\\/litterature\\\/polars\\\/la-muse-rouge\\\/#primaryimage\"},\"image\":{\"@id\":\"https:\\\/\\\/lechappeeclose.it\\\/it\\\/boutique\\\/livres\\\/litterature\\\/polars\\\/la-muse-rouge\\\/#primaryimage\"},\"thumbnailUrl\":\"http:\\\/\\\/lechappeeclose.it\\\/wp-content\\\/uploads\\\/2025\\\/01\\\/La-muse-rouge.jpg\",\"datePublished\":\"2025-01-31T10:13:12+00:00\",\"breadcrumb\":{\"@id\":\"https:\\\/\\\/lechappeeclose.it\\\/it\\\/boutique\\\/livres\\\/litterature\\\/polars\\\/la-muse-rouge\\\/#breadcrumb\"},\"inLanguage\":\"it-IT\",\"potentialAction\":[{\"@type\":\"ReadAction\",\"target\":[\"https:\\\/\\\/lechappeeclose.it\\\/it\\\/boutique\\\/livres\\\/litterature\\\/polars\\\/la-muse-rouge\\\/\"]}]},{\"@type\":\"ImageObject\",\"inLanguage\":\"it-IT\",\"@id\":\"https:\\\/\\\/lechappeeclose.it\\\/it\\\/boutique\\\/livres\\\/litterature\\\/polars\\\/la-muse-rouge\\\/#primaryimage\",\"url\":\"http:\\\/\\\/lechappeeclose.it\\\/wp-content\\\/uploads\\\/2025\\\/01\\\/La-muse-rouge.jpg\",\"contentUrl\":\"http:\\\/\\\/lechappeeclose.it\\\/wp-content\\\/uploads\\\/2025\\\/01\\\/La-muse-rouge.jpg\",\"width\":500,\"height\":803},{\"@type\":\"BreadcrumbList\",\"@id\":\"https:\\\/\\\/lechappeeclose.it\\\/it\\\/boutique\\\/livres\\\/litterature\\\/polars\\\/la-muse-rouge\\\/#breadcrumb\",\"itemListElement\":[{\"@type\":\"ListItem\",\"position\":1,\"name\":\"Accueil\",\"item\":\"http:\\\/\\\/lechappeeclose.it\\\/\"},{\"@type\":\"ListItem\",\"position\":2,\"name\":\"Boutique\",\"item\":\"http:\\\/\\\/lechappeeclose.it\\\/boutique\\\/\"},{\"@type\":\"ListItem\",\"position\":3,\"name\":\"La muse rouge\"}]},{\"@type\":\"WebSite\",\"@id\":\"http:\\\/\\\/lechappeeclose.it\\\/#website\",\"url\":\"http:\\\/\\\/lechappeeclose.it\\\/\",\"name\":\"l&#039;\u00e9chapp\u00e9e close\",\"description\":\"la librairie fran\u00e7aise de Milan\",\"publisher\":{\"@id\":\"http:\\\/\\\/lechappeeclose.it\\\/#organization\"},\"alternateName\":\"La librairie fran\u00e7aise de Milan\",\"potentialAction\":[{\"@type\":\"SearchAction\",\"target\":{\"@type\":\"EntryPoint\",\"urlTemplate\":\"http:\\\/\\\/lechappeeclose.it\\\/?s={search_term_string}\"},\"query-input\":{\"@type\":\"PropertyValueSpecification\",\"valueRequired\":true,\"valueName\":\"search_term_string\"}}],\"inLanguage\":\"it-IT\"},{\"@type\":\"Organization\",\"@id\":\"http:\\\/\\\/lechappeeclose.it\\\/#organization\",\"name\":\"l&#039;\u00e9chapp\u00e9e close\",\"url\":\"http:\\\/\\\/lechappeeclose.it\\\/\",\"logo\":{\"@type\":\"ImageObject\",\"inLanguage\":\"it-IT\",\"@id\":\"http:\\\/\\\/lechappeeclose.it\\\/#\\\/schema\\\/logo\\\/image\\\/\",\"url\":\"http:\\\/\\\/lechappeeclose.it\\\/wp-content\\\/uploads\\\/2025\\\/02\\\/cropped-logo-rond.png\",\"contentUrl\":\"http:\\\/\\\/lechappeeclose.it\\\/wp-content\\\/uploads\\\/2025\\\/02\\\/cropped-logo-rond.png\",\"width\":1080,\"height\":1080,\"caption\":\"l&#039;\u00e9chapp\u00e9e close\"},\"image\":{\"@id\":\"http:\\\/\\\/lechappeeclose.it\\\/#\\\/schema\\\/logo\\\/image\\\/\"},\"sameAs\":[\"https:\\\/\\\/www.instagram.com\\\/lechappeeclose\\\/\"]}]}<\/script>\n<!-- \/ Yoast SEO plugin. -->","yoast_head_json":{"title":"La muse rouge - l&#039;\u00e9chapp\u00e9e close","robots":{"index":"index","follow":"follow","max-snippet":"max-snippet:-1","max-image-preview":"max-image-preview:large","max-video-preview":"max-video-preview:-1"},"canonical":"https:\/\/lechappeeclose.it\/it\/boutique\/livres\/litterature\/polars\/la-muse-rouge\/","og_locale":"it_IT","og_type":"article","og_title":"La muse rouge - l&#039;\u00e9chapp\u00e9e close","og_description":"&#8220;Paris 1920. \u00c0 son retour des tranch\u00e9es, Victor Dessange, ancien de la Mondaine, int\u00e8gre la brigade Criminelle. L\u2019ambiance \u00e0 la capitale est \u00e9lectrique \u2013 entre gr\u00e8ves \u00e0 r\u00e9p\u00e9tition et affrontements entre communistes et anarchistes d\u2019un c\u00f4t\u00e9 et royalistes de l\u2019Action fran\u00e7aise de l\u2019autre. Des clandestins de l\u2019Internationale affluent de partout, tandis que les empires coloniaux [&hellip;]","og_url":"https:\/\/lechappeeclose.it\/it\/boutique\/livres\/litterature\/polars\/la-muse-rouge\/","og_site_name":"l&#039;\u00e9chapp\u00e9e close","og_image":[{"width":500,"height":803,"url":"https:\/\/lechappeeclose.it\/wp-content\/uploads\/2025\/01\/La-muse-rouge.jpg","type":"image\/jpeg"}],"twitter_card":"summary_large_image","twitter_misc":{"Tempo di lettura stimato":"1 minuto"},"schema":{"@context":"https:\/\/schema.org","@graph":[{"@type":"WebPage","@id":"https:\/\/lechappeeclose.it\/it\/boutique\/livres\/litterature\/polars\/la-muse-rouge\/","url":"https:\/\/lechappeeclose.it\/it\/boutique\/livres\/litterature\/polars\/la-muse-rouge\/","name":"La muse rouge - l&#039;\u00e9chapp\u00e9e close","isPartOf":{"@id":"http:\/\/lechappeeclose.it\/#website"},"primaryImageOfPage":{"@id":"https:\/\/lechappeeclose.it\/it\/boutique\/livres\/litterature\/polars\/la-muse-rouge\/#primaryimage"},"image":{"@id":"https:\/\/lechappeeclose.it\/it\/boutique\/livres\/litterature\/polars\/la-muse-rouge\/#primaryimage"},"thumbnailUrl":"http:\/\/lechappeeclose.it\/wp-content\/uploads\/2025\/01\/La-muse-rouge.jpg","datePublished":"2025-01-31T10:13:12+00:00","breadcrumb":{"@id":"https:\/\/lechappeeclose.it\/it\/boutique\/livres\/litterature\/polars\/la-muse-rouge\/#breadcrumb"},"inLanguage":"it-IT","potentialAction":[{"@type":"ReadAction","target":["https:\/\/lechappeeclose.it\/it\/boutique\/livres\/litterature\/polars\/la-muse-rouge\/"]}]},{"@type":"ImageObject","inLanguage":"it-IT","@id":"https:\/\/lechappeeclose.it\/it\/boutique\/livres\/litterature\/polars\/la-muse-rouge\/#primaryimage","url":"http:\/\/lechappeeclose.it\/wp-content\/uploads\/2025\/01\/La-muse-rouge.jpg","contentUrl":"http:\/\/lechappeeclose.it\/wp-content\/uploads\/2025\/01\/La-muse-rouge.jpg","width":500,"height":803},{"@type":"BreadcrumbList","@id":"https:\/\/lechappeeclose.it\/it\/boutique\/livres\/litterature\/polars\/la-muse-rouge\/#breadcrumb","itemListElement":[{"@type":"ListItem","position":1,"name":"Accueil","item":"http:\/\/lechappeeclose.it\/"},{"@type":"ListItem","position":2,"name":"Boutique","item":"http:\/\/lechappeeclose.it\/boutique\/"},{"@type":"ListItem","position":3,"name":"La muse rouge"}]},{"@type":"WebSite","@id":"http:\/\/lechappeeclose.it\/#website","url":"http:\/\/lechappeeclose.it\/","name":"l&#039;\u00e9chapp\u00e9e close","description":"La libreria francese di Milano","publisher":{"@id":"http:\/\/lechappeeclose.it\/#organization"},"alternateName":"La librairie fran\u00e7aise de Milan","potentialAction":[{"@type":"SearchAction","target":{"@type":"EntryPoint","urlTemplate":"http:\/\/lechappeeclose.it\/?s={search_term_string}"},"query-input":{"@type":"PropertyValueSpecification","valueRequired":true,"valueName":"search_term_string"}}],"inLanguage":"it-IT"},{"@type":"Organization","@id":"http:\/\/lechappeeclose.it\/#organization","name":"l&#039;\u00e9chapp\u00e9e close","url":"http:\/\/lechappeeclose.it\/","logo":{"@type":"ImageObject","inLanguage":"it-IT","@id":"http:\/\/lechappeeclose.it\/#\/schema\/logo\/image\/","url":"http:\/\/lechappeeclose.it\/wp-content\/uploads\/2025\/02\/cropped-logo-rond.png","contentUrl":"http:\/\/lechappeeclose.it\/wp-content\/uploads\/2025\/02\/cropped-logo-rond.png","width":1080,"height":1080,"caption":"l&#039;\u00e9chapp\u00e9e close"},"image":{"@id":"http:\/\/lechappeeclose.it\/#\/schema\/logo\/image\/"},"sameAs":["https:\/\/www.instagram.com\/lechappeeclose\/"]}]}},"_links":{"self":[{"href":"http:\/\/lechappeeclose.it\/it\/wp-json\/wp\/v2\/product\/3984","targetHints":{"allow":["GET"]}}],"collection":[{"href":"http:\/\/lechappeeclose.it\/it\/wp-json\/wp\/v2\/product"}],"about":[{"href":"http:\/\/lechappeeclose.it\/it\/wp-json\/wp\/v2\/types\/product"}],"replies":[{"embeddable":true,"href":"http:\/\/lechappeeclose.it\/it\/wp-json\/wp\/v2\/comments?post=3984"}],"wp:featuredmedia":[{"embeddable":true,"href":"http:\/\/lechappeeclose.it\/it\/wp-json\/wp\/v2\/media\/3983"}],"wp:attachment":[{"href":"http:\/\/lechappeeclose.it\/it\/wp-json\/wp\/v2\/media?parent=3984"}],"wp:term":[{"taxonomy":"product_brand","embeddable":true,"href":"http:\/\/lechappeeclose.it\/it\/wp-json\/wp\/v2\/product_brand?post=3984"},{"taxonomy":"product_cat","embeddable":true,"href":"http:\/\/lechappeeclose.it\/it\/wp-json\/wp\/v2\/product_cat?post=3984"},{"taxonomy":"product_tag","embeddable":true,"href":"http:\/\/lechappeeclose.it\/it\/wp-json\/wp\/v2\/product_tag?post=3984"}],"curies":[{"name":"wp","href":"https:\/\/api.w.org\/{rel}","templated":true}]}}