{"id":3896,"date":"2025-01-30T18:14:17","date_gmt":"2025-01-30T17:14:17","guid":{"rendered":"https:\/\/lechappeeclose.it\/produit\/yves-saint-laurent-aux-musees\/"},"modified":"2025-01-30T18:14:17","modified_gmt":"2025-01-30T17:14:17","slug":"yves-saint-laurent-aux-musees","status":"publish","type":"product","link":"http:\/\/lechappeeclose.it\/it\/boutique\/livres\/arts\/mode\/yves-saint-laurent-aux-musees\/","title":{"rendered":"Yves Saint Laurent aux mus\u00e9es"},"content":{"rendered":"<p>L&#8217;exposition c\u00e9l\u00e8bre le 60e anniversaire du premier d\u00e9fil\u00e9 d?Yves Saint Laurent. Le couturier, tout juste \u00e2g\u00e9 de 26 ans, signe le 29 janvier 1962 sa premi\u00e8re collection sous son propre nom. Il impose aussit\u00f4t un esprit mais aussi un style.0Port\u00e9e par la fondation Pierre Berg\u00e9 ? Yves Saint Laurent, l?exposition YVES SAINT LAURENT AUX MUS\u00c9ES, cr\u00e9e par des jeux de rapprochements et de renvois, un dialogue entre certains mod\u00e8les, parmi les plus iconiques du couturier, mais aussi de belles d\u00e9couvertes moins connues du public, et les collections permanentes de diff\u00e9rents mus\u00e9es parisiens. Ainsi, ce projet retrace le parcours cr\u00e9atif et unique d?Yves Saint Laurent tout en c\u00e9l\u00e9brant les arts du monde. Le caract\u00e8re rayonnant du projet permet de construire des passerelles entre Yves Saint Laurent et diff\u00e9rents univers artistiques.00Exhibition: Centre Pompidou, Paris, France (29.01-16.05.2022) \/ Mus\u00e9e d?Art Moderne de Paris, France (29.01-15.05.2022) \/ Mus\u00e9e du Louvre, France (29.01-15.05.2022) \/ Mus\u00e9e d?Orsay, Paris, France (29.01-15.05.2022) \/ Mus\u00e9e national Picasso-Paris (29.01-15.05.2022) \/ Mus\u00e9e Yves Saint Laurent Paris (29.01-18.09.2022).00English edition: ISBN 9780500025444 (Thames &#038; Hudson, 2022).<\/p>","protected":false},"excerpt":{"rendered":"<p>L&#8217;exposition c\u00e9l\u00e8bre le 60e anniversaire du premier d\u00e9fil\u00e9 d?Yves Saint Laurent. Le couturier, tout juste \u00e2g\u00e9 de 26 ans, signe le 29 janvier 1962 sa premi\u00e8re collection sous son propre nom. Il impose aussit\u00f4t un esprit mais aussi un style.0Port\u00e9e par la fondation Pierre Berg\u00e9 ? Yves Saint Laurent, l?exposition YVES SAINT LAURENT AUX MUS\u00c9ES, [&hellip;]<\/p>","protected":false},"featured_media":3895,"comment_status":"open","ping_status":"closed","template":"","meta":[],"product_brand":[],"product_cat":[209],"product_tag":[],"class_list":{"0":"post-3896","1":"product","2":"type-product","3":"status-publish","4":"has-post-thumbnail","6":"product_cat-mode","8":"first","9":"instock","10":"taxable","11":"shipping-taxable","12":"purchasable","13":"product-type-simple"},"yoast_head":"<!-- This site is optimized with the Yoast SEO plugin v27.4 - https:\/\/yoast.com\/product\/yoast-seo-wordpress\/ -->\n<title>Yves Saint Laurent aux mus\u00e9es - l&#039;\u00e9chapp\u00e9e close<\/title>\n<meta name=\"robots\" content=\"index, follow, max-snippet:-1, max-image-preview:large, max-video-preview:-1\" \/>\n<link rel=\"canonical\" href=\"http:\/\/lechappeeclose.it\/it\/boutique\/livres\/arts\/mode\/yves-saint-laurent-aux-musees\/\" \/>\n<meta property=\"og:locale\" content=\"it_IT\" \/>\n<meta property=\"og:type\" content=\"article\" \/>\n<meta property=\"og:title\" content=\"Yves Saint Laurent aux mus\u00e9es - l&#039;\u00e9chapp\u00e9e close\" \/>\n<meta property=\"og:description\" content=\"L&#8217;exposition c\u00e9l\u00e8bre le 60e anniversaire du premier d\u00e9fil\u00e9 d?Yves Saint Laurent. Le couturier, tout juste \u00e2g\u00e9 de 26 ans, signe le 29 janvier 1962 sa premi\u00e8re collection sous son propre nom. Il impose aussit\u00f4t un esprit mais aussi un style.0Port\u00e9e par la fondation Pierre Berg\u00e9 ? Yves Saint Laurent, l?exposition YVES SAINT LAURENT AUX MUS\u00c9ES, [&hellip;]\" \/>\n<meta property=\"og:url\" content=\"http:\/\/lechappeeclose.it\/it\/boutique\/livres\/arts\/mode\/yves-saint-laurent-aux-musees\/\" \/>\n<meta property=\"og:site_name\" content=\"l&#039;\u00e9chapp\u00e9e close\" \/>\n<meta property=\"og:image\" content=\"http:\/\/lechappeeclose.it\/wp-content\/uploads\/2025\/01\/Yves-Saint-Laurent-aux-musees.jpg\" \/>\n\t<meta property=\"og:image:width\" content=\"1917\" \/>\n\t<meta property=\"og:image:height\" content=\"2560\" \/>\n\t<meta property=\"og:image:type\" content=\"image\/jpeg\" \/>\n<meta name=\"twitter:card\" content=\"summary_large_image\" \/>\n<meta name=\"twitter:label1\" content=\"Tempo di lettura stimato\" \/>\n\t<meta name=\"twitter:data1\" content=\"1 minuto\" \/>\n<script type=\"application\/ld+json\" class=\"yoast-schema-graph\">{\"@context\":\"https:\\\/\\\/schema.org\",\"@graph\":[{\"@type\":\"WebPage\",\"@id\":\"http:\\\/\\\/lechappeeclose.it\\\/boutique\\\/livres\\\/arts\\\/mode\\\/yves-saint-laurent-aux-musees\\\/\",\"url\":\"http:\\\/\\\/lechappeeclose.it\\\/boutique\\\/livres\\\/arts\\\/mode\\\/yves-saint-laurent-aux-musees\\\/\",\"name\":\"Yves Saint Laurent aux mus\u00e9es - l&#039;\u00e9chapp\u00e9e close\",\"isPartOf\":{\"@id\":\"http:\\\/\\\/lechappeeclose.it\\\/#website\"},\"primaryImageOfPage\":{\"@id\":\"http:\\\/\\\/lechappeeclose.it\\\/boutique\\\/livres\\\/arts\\\/mode\\\/yves-saint-laurent-aux-musees\\\/#primaryimage\"},\"image\":{\"@id\":\"http:\\\/\\\/lechappeeclose.it\\\/boutique\\\/livres\\\/arts\\\/mode\\\/yves-saint-laurent-aux-musees\\\/#primaryimage\"},\"thumbnailUrl\":\"http:\\\/\\\/lechappeeclose.it\\\/wp-content\\\/uploads\\\/2025\\\/01\\\/Yves-Saint-Laurent-aux-musees.jpg\",\"datePublished\":\"2025-01-30T17:14:17+00:00\",\"breadcrumb\":{\"@id\":\"http:\\\/\\\/lechappeeclose.it\\\/boutique\\\/livres\\\/arts\\\/mode\\\/yves-saint-laurent-aux-musees\\\/#breadcrumb\"},\"inLanguage\":\"it-IT\",\"potentialAction\":[{\"@type\":\"ReadAction\",\"target\":[\"http:\\\/\\\/lechappeeclose.it\\\/boutique\\\/livres\\\/arts\\\/mode\\\/yves-saint-laurent-aux-musees\\\/\"]}]},{\"@type\":\"ImageObject\",\"inLanguage\":\"it-IT\",\"@id\":\"http:\\\/\\\/lechappeeclose.it\\\/boutique\\\/livres\\\/arts\\\/mode\\\/yves-saint-laurent-aux-musees\\\/#primaryimage\",\"url\":\"http:\\\/\\\/lechappeeclose.it\\\/wp-content\\\/uploads\\\/2025\\\/01\\\/Yves-Saint-Laurent-aux-musees.jpg\",\"contentUrl\":\"http:\\\/\\\/lechappeeclose.it\\\/wp-content\\\/uploads\\\/2025\\\/01\\\/Yves-Saint-Laurent-aux-musees.jpg\",\"width\":1917,\"height\":2560},{\"@type\":\"BreadcrumbList\",\"@id\":\"http:\\\/\\\/lechappeeclose.it\\\/boutique\\\/livres\\\/arts\\\/mode\\\/yves-saint-laurent-aux-musees\\\/#breadcrumb\",\"itemListElement\":[{\"@type\":\"ListItem\",\"position\":1,\"name\":\"Accueil\",\"item\":\"http:\\\/\\\/lechappeeclose.it\\\/\"},{\"@type\":\"ListItem\",\"position\":2,\"name\":\"Boutique\",\"item\":\"http:\\\/\\\/lechappeeclose.it\\\/it\\\/boutique\\\/\"},{\"@type\":\"ListItem\",\"position\":3,\"name\":\"Yves Saint Laurent aux mus\u00e9es\"}]},{\"@type\":\"WebSite\",\"@id\":\"http:\\\/\\\/lechappeeclose.it\\\/#website\",\"url\":\"http:\\\/\\\/lechappeeclose.it\\\/\",\"name\":\"l&#039;\u00e9chapp\u00e9e close\",\"description\":\"la librairie fran\u00e7aise de Milan\",\"publisher\":{\"@id\":\"http:\\\/\\\/lechappeeclose.it\\\/#organization\"},\"alternateName\":\"La librairie fran\u00e7aise de Milan\",\"potentialAction\":[{\"@type\":\"SearchAction\",\"target\":{\"@type\":\"EntryPoint\",\"urlTemplate\":\"http:\\\/\\\/lechappeeclose.it\\\/?s={search_term_string}\"},\"query-input\":{\"@type\":\"PropertyValueSpecification\",\"valueRequired\":true,\"valueName\":\"search_term_string\"}}],\"inLanguage\":\"it-IT\"},{\"@type\":\"Organization\",\"@id\":\"http:\\\/\\\/lechappeeclose.it\\\/#organization\",\"name\":\"l&#039;\u00e9chapp\u00e9e close\",\"url\":\"http:\\\/\\\/lechappeeclose.it\\\/\",\"logo\":{\"@type\":\"ImageObject\",\"inLanguage\":\"it-IT\",\"@id\":\"http:\\\/\\\/lechappeeclose.it\\\/#\\\/schema\\\/logo\\\/image\\\/\",\"url\":\"http:\\\/\\\/lechappeeclose.it\\\/wp-content\\\/uploads\\\/2025\\\/02\\\/cropped-logo-rond.png\",\"contentUrl\":\"http:\\\/\\\/lechappeeclose.it\\\/wp-content\\\/uploads\\\/2025\\\/02\\\/cropped-logo-rond.png\",\"width\":1080,\"height\":1080,\"caption\":\"l&#039;\u00e9chapp\u00e9e close\"},\"image\":{\"@id\":\"http:\\\/\\\/lechappeeclose.it\\\/#\\\/schema\\\/logo\\\/image\\\/\"},\"sameAs\":[\"https:\\\/\\\/www.instagram.com\\\/lechappeeclose\\\/\"]}]}<\/script>\n<!-- \/ Yoast SEO plugin. -->","yoast_head_json":{"title":"Yves Saint Laurent aux mus\u00e9es - l&#039;\u00e9chapp\u00e9e close","robots":{"index":"index","follow":"follow","max-snippet":"max-snippet:-1","max-image-preview":"max-image-preview:large","max-video-preview":"max-video-preview:-1"},"canonical":"http:\/\/lechappeeclose.it\/it\/boutique\/livres\/arts\/mode\/yves-saint-laurent-aux-musees\/","og_locale":"it_IT","og_type":"article","og_title":"Yves Saint Laurent aux mus\u00e9es - l&#039;\u00e9chapp\u00e9e close","og_description":"L&#8217;exposition c\u00e9l\u00e8bre le 60e anniversaire du premier d\u00e9fil\u00e9 d?Yves Saint Laurent. Le couturier, tout juste \u00e2g\u00e9 de 26 ans, signe le 29 janvier 1962 sa premi\u00e8re collection sous son propre nom. Il impose aussit\u00f4t un esprit mais aussi un style.0Port\u00e9e par la fondation Pierre Berg\u00e9 ? Yves Saint Laurent, l?exposition YVES SAINT LAURENT AUX MUS\u00c9ES, [&hellip;]","og_url":"http:\/\/lechappeeclose.it\/it\/boutique\/livres\/arts\/mode\/yves-saint-laurent-aux-musees\/","og_site_name":"l&#039;\u00e9chapp\u00e9e close","og_image":[{"width":1917,"height":2560,"url":"http:\/\/lechappeeclose.it\/wp-content\/uploads\/2025\/01\/Yves-Saint-Laurent-aux-musees.jpg","type":"image\/jpeg"}],"twitter_card":"summary_large_image","twitter_misc":{"Tempo di lettura stimato":"1 minuto"},"schema":{"@context":"https:\/\/schema.org","@graph":[{"@type":"WebPage","@id":"http:\/\/lechappeeclose.it\/boutique\/livres\/arts\/mode\/yves-saint-laurent-aux-musees\/","url":"http:\/\/lechappeeclose.it\/boutique\/livres\/arts\/mode\/yves-saint-laurent-aux-musees\/","name":"Yves Saint Laurent aux mus\u00e9es - l&#039;\u00e9chapp\u00e9e close","isPartOf":{"@id":"http:\/\/lechappeeclose.it\/#website"},"primaryImageOfPage":{"@id":"http:\/\/lechappeeclose.it\/boutique\/livres\/arts\/mode\/yves-saint-laurent-aux-musees\/#primaryimage"},"image":{"@id":"http:\/\/lechappeeclose.it\/boutique\/livres\/arts\/mode\/yves-saint-laurent-aux-musees\/#primaryimage"},"thumbnailUrl":"http:\/\/lechappeeclose.it\/wp-content\/uploads\/2025\/01\/Yves-Saint-Laurent-aux-musees.jpg","datePublished":"2025-01-30T17:14:17+00:00","breadcrumb":{"@id":"http:\/\/lechappeeclose.it\/boutique\/livres\/arts\/mode\/yves-saint-laurent-aux-musees\/#breadcrumb"},"inLanguage":"it-IT","potentialAction":[{"@type":"ReadAction","target":["http:\/\/lechappeeclose.it\/boutique\/livres\/arts\/mode\/yves-saint-laurent-aux-musees\/"]}]},{"@type":"ImageObject","inLanguage":"it-IT","@id":"http:\/\/lechappeeclose.it\/boutique\/livres\/arts\/mode\/yves-saint-laurent-aux-musees\/#primaryimage","url":"http:\/\/lechappeeclose.it\/wp-content\/uploads\/2025\/01\/Yves-Saint-Laurent-aux-musees.jpg","contentUrl":"http:\/\/lechappeeclose.it\/wp-content\/uploads\/2025\/01\/Yves-Saint-Laurent-aux-musees.jpg","width":1917,"height":2560},{"@type":"BreadcrumbList","@id":"http:\/\/lechappeeclose.it\/boutique\/livres\/arts\/mode\/yves-saint-laurent-aux-musees\/#breadcrumb","itemListElement":[{"@type":"ListItem","position":1,"name":"Accueil","item":"http:\/\/lechappeeclose.it\/"},{"@type":"ListItem","position":2,"name":"Boutique","item":"http:\/\/lechappeeclose.it\/it\/boutique\/"},{"@type":"ListItem","position":3,"name":"Yves Saint Laurent aux mus\u00e9es"}]},{"@type":"WebSite","@id":"http:\/\/lechappeeclose.it\/#website","url":"http:\/\/lechappeeclose.it\/","name":"l&#039;\u00e9chapp\u00e9e close","description":"La libreria francese di Milano","publisher":{"@id":"http:\/\/lechappeeclose.it\/#organization"},"alternateName":"La librairie fran\u00e7aise de Milan","potentialAction":[{"@type":"SearchAction","target":{"@type":"EntryPoint","urlTemplate":"http:\/\/lechappeeclose.it\/?s={search_term_string}"},"query-input":{"@type":"PropertyValueSpecification","valueRequired":true,"valueName":"search_term_string"}}],"inLanguage":"it-IT"},{"@type":"Organization","@id":"http:\/\/lechappeeclose.it\/#organization","name":"l&#039;\u00e9chapp\u00e9e close","url":"http:\/\/lechappeeclose.it\/","logo":{"@type":"ImageObject","inLanguage":"it-IT","@id":"http:\/\/lechappeeclose.it\/#\/schema\/logo\/image\/","url":"http:\/\/lechappeeclose.it\/wp-content\/uploads\/2025\/02\/cropped-logo-rond.png","contentUrl":"http:\/\/lechappeeclose.it\/wp-content\/uploads\/2025\/02\/cropped-logo-rond.png","width":1080,"height":1080,"caption":"l&#039;\u00e9chapp\u00e9e close"},"image":{"@id":"http:\/\/lechappeeclose.it\/#\/schema\/logo\/image\/"},"sameAs":["https:\/\/www.instagram.com\/lechappeeclose\/"]}]}},"_links":{"self":[{"href":"http:\/\/lechappeeclose.it\/it\/wp-json\/wp\/v2\/product\/3896","targetHints":{"allow":["GET"]}}],"collection":[{"href":"http:\/\/lechappeeclose.it\/it\/wp-json\/wp\/v2\/product"}],"about":[{"href":"http:\/\/lechappeeclose.it\/it\/wp-json\/wp\/v2\/types\/product"}],"replies":[{"embeddable":true,"href":"http:\/\/lechappeeclose.it\/it\/wp-json\/wp\/v2\/comments?post=3896"}],"wp:featuredmedia":[{"embeddable":true,"href":"http:\/\/lechappeeclose.it\/it\/wp-json\/wp\/v2\/media\/3895"}],"wp:attachment":[{"href":"http:\/\/lechappeeclose.it\/it\/wp-json\/wp\/v2\/media?parent=3896"}],"wp:term":[{"taxonomy":"product_brand","embeddable":true,"href":"http:\/\/lechappeeclose.it\/it\/wp-json\/wp\/v2\/product_brand?post=3896"},{"taxonomy":"product_cat","embeddable":true,"href":"http:\/\/lechappeeclose.it\/it\/wp-json\/wp\/v2\/product_cat?post=3896"},{"taxonomy":"product_tag","embeddable":true,"href":"http:\/\/lechappeeclose.it\/it\/wp-json\/wp\/v2\/product_tag?post=3896"}],"curies":[{"name":"wp","href":"https:\/\/api.w.org\/{rel}","templated":true}]}}